{"id":67315,"date":"2026-03-10T12:24:46","date_gmt":"2026-03-10T12:24:46","guid":{"rendered":"https:\/\/relaisgourmet.com\/product\/scatola-delle-meraviglie-di-frutta\/"},"modified":"2026-04-01T22:43:03","modified_gmt":"2026-04-01T22:43:03","slug":"scatola-delle-meraviglie-di-frutta","status":"publish","type":"product","link":"https:\/\/relaisgourmet.com\/it\/prodotto\/scatola-delle-meraviglie-di-frutta\/","title":{"rendered":"Scatola delle meraviglie di frutta"},"content":{"rendered":"<p><span style=\"font-weight: 400;\">La nostra Scatola delle Meraviglie di Frutta ti offre un&#8217;esperienza gastronomica unica con 3 Foies Gras interi da 80 g, arricchiti da note di limone candito, arancia candita e mela. Una scatola raffinata dai sapori freschi e delicati per stuzzicare le papille gustative. <\/span><\/p>\n<p><b>Garantito senza conservanti, coloranti o additivi.<\/b><\/p>\n<p><b>Composizione <\/b><span style=\"font-weight: 400;\">:<\/span><\/p>\n<ul>\n<li style=\"font-weight: 400;\"><span style=\"font-weight: 400;\">Foie Gras intero con limone conservato (80 g)<\/span><\/li>\n<li style=\"font-weight: 400;\"><span style=\"font-weight: 400;\">Foie Gras intero con arancia candita (80 g)<\/span><\/li>\n<li style=\"font-weight: 400;\"><span style=\"font-weight: 400;\">Foie Gras intero con mele (80 g)<\/span><\/li>\n<\/ul>\n<p><b style=\"font-style: inherit;\">Conservazione <\/b><span style=\"font-weight: 400;\">3 anni a temperatura ambiente. Dopo l&#8217;apertura, consuma entro 15 giorni e conserva in frigorifero.<\/span><\/p>\n<p><span style=\"font-weight: 400;\">Scopri tutti i nostri consigli e trucchi per preparare i Foies Gras che compongono la nostra Fruit Wonder Box nella sezione <a href=\"\/?page_id=33969\">Blog<\/a> e sulla nostra pagina <a href=\"https:\/\/www.instagram.com\/relaisgourmetofficiel\/\">Instagram<\/a>.<\/span><\/p>\n","protected":false},"excerpt":{"rendered":"<p>Parti per un&#8217;avventura sensoriale con la nostra scatola delle meraviglie alla frutta.<\/p>\n<p><img decoding=\"async\" class=\"emoji\" role=\"img\" src=\"https:\/\/s.w.org\/images\/core\/emoji\/15.0.3\/svg\/1f1eb-1f1f7.svg\" alt=\"\ud83c\uddeb\ud83c\uddf7\"> Garantito 100% produzione francese<br \/>\n\u2714 Garantito senza conservanti, additivi o coloranti.<br \/>\n\ud83c\udf43 Anatre alimentate con mais giallo<br \/>\n\ud83d\ude9a Consegna veloce in tutto il mondo<br \/>\n\ud83d\udd53 Si conserva per 3 anni<br \/>\n\ud83d\udd10 Pagamento sicuro<\/p>\n<p>Peso netto: 240 g<\/p>\n<p>&nbsp;<\/p>\n","protected":false},"featured_media":67318,"comment_status":"closed","ping_status":"closed","template":"","meta":{"_iconic_wsb_product_page_order_bump_ids":[[]],"_sku":["FP-55WD-YLPI"],"_iconic_wsb_product_page_bump_modal_ids":[[]]},"product_brand":[],"product_cat":[1680],"product_tag":[1734,1737,1735,1736,1685,1687,1913,2876,2874,2872,1918,1688,2614,1686,1747,1659],"giftcard-category":[],"class_list":{"0":"post-67315","1":"product","2":"type-product","3":"status-publish","4":"has-post-thumbnail","6":"product_cat-set-regalo","7":"product_tag-2-parti","8":"product_tag-200g","9":"product_tag-4-5-porzioni","10":"product_tag-80g","11":"product_tag-buon-foie-gras","12":"product_tag-confezione","13":"product_tag-foie-gras","14":"product_tag-foie-gras-intero-con-fichi","15":"product_tag-foie-gras-intero-con-limone-conservato","16":"product_tag-foie-gras-intero-con-mela","17":"product_tag-fruttato","18":"product_tag-gamma","19":"product_tag-limone-confit","20":"product_tag-offerta","21":"product_tag-originali","22":"product_tag-prodotto-in-francia","23":"product_shipping_class-standard","25":"first","26":"instock","27":"sale","28":"taxable","29":"shipping-taxable","30":"purchasable","31":"product-type-simple"},"yoast_head":"<!-- This site is optimized with the Yoast SEO Premium plugin v27.3 (Yoast SEO v27.3) - https:\/\/yoast.com\/product\/yoast-seo-premium-wordpress\/ -->\n<title>Bo\u00eete \u00e0 Merveilles Fruit\u00e9e | Cadeau Gourmand<\/title>\n<meta name=\"description\" content=\"Bo\u00eete \u00e0 Merveilles Fruit\u00e9e: una scatola piena di dolcetti colorati e fruttati.\" \/>\n<meta name=\"robots\" content=\"index, follow, max-snippet:-1, max-image-preview:large, max-video-preview:-1\" \/>\n<link rel=\"canonical\" href=\"https:\/\/relaisgourmet.com\/it\/prodotto\/scatola-delle-meraviglie-di-frutta\/\" \/>\n<meta property=\"og:locale\" content=\"it_IT\" \/>\n<meta property=\"og:type\" content=\"article\" \/>\n<meta property=\"og:title\" content=\"Scatola delle meraviglie di frutta\" \/>\n<meta property=\"og:description\" content=\"Parti per un&#039;avventura sensoriale con la nostra scatola delle meraviglie alla frutta.  Garantito 100% produzione francese \u2714 Garantito senza conservanti, additivi o coloranti. \ud83c\udf43 Anatre alimentate con mais giallo \ud83d\ude9a Consegna veloce in tutto il mondo \ud83d\udd53 Si conserva per 3 anni \ud83d\udd10 Pagamento sicuro Peso netto: 240 g &nbsp;\" \/>\n<meta property=\"og:url\" content=\"https:\/\/relaisgourmet.com\/it\/prodotto\/scatola-delle-meraviglie-di-frutta\/\" \/>\n<meta property=\"og:site_name\" content=\"Relais Gourmet\" \/>\n<meta property=\"article:publisher\" content=\"https:\/\/www.facebook.com\/relaisgourmet\/\" \/>\n<meta property=\"article:modified_time\" content=\"2026-04-01T22:43:03+00:00\" \/>\n<meta property=\"og:image\" content=\"https:\/\/relaisgourmet.com\/wp-content\/uploads\/2026\/03\/boite-a-merveille-fruite2.jpg\" \/>\n\t<meta property=\"og:image:width\" content=\"714\" \/>\n\t<meta property=\"og:image:height\" content=\"714\" \/>\n\t<meta property=\"og:image:type\" content=\"image\/jpeg\" \/>\n<meta name=\"twitter:card\" content=\"summary_large_image\" \/>\n<meta name=\"twitter:site\" content=\"@relaisgourmet64\" \/>\n<meta name=\"twitter:label1\" content=\"Tempo di lettura stimato\" \/>\n\t<meta name=\"twitter:data1\" content=\"1 minuto\" \/>\n<script type=\"application\/ld+json\" class=\"yoast-schema-graph\">{\"@context\":\"https:\\\/\\\/schema.org\",\"@graph\":[{\"@type\":\"WebPage\",\"@id\":\"https:\\\/\\\/relaisgourmet.com\\\/it\\\/prodotto\\\/scatola-delle-meraviglie-di-frutta\\\/\",\"url\":\"https:\\\/\\\/relaisgourmet.com\\\/it\\\/prodotto\\\/scatola-delle-meraviglie-di-frutta\\\/\",\"name\":\"Bo\u00eete \u00e0 Merveilles Fruit\u00e9e | Cadeau Gourmand\",\"isPartOf\":{\"@id\":\"https:\\\/\\\/relaisgourmet.com\\\/it\\\/#website\"},\"primaryImageOfPage\":{\"@id\":\"https:\\\/\\\/relaisgourmet.com\\\/it\\\/prodotto\\\/scatola-delle-meraviglie-di-frutta\\\/#primaryimage\"},\"image\":{\"@id\":\"https:\\\/\\\/relaisgourmet.com\\\/it\\\/prodotto\\\/scatola-delle-meraviglie-di-frutta\\\/#primaryimage\"},\"thumbnailUrl\":\"https:\\\/\\\/relaisgourmet.com\\\/wp-content\\\/uploads\\\/2026\\\/03\\\/boite-a-merveille-fruite2.jpg\",\"datePublished\":\"2026-03-10T12:24:46+00:00\",\"dateModified\":\"2026-04-01T22:43:03+00:00\",\"description\":\"Bo\u00eete \u00e0 Merveilles Fruit\u00e9e: una scatola piena di dolcetti colorati e fruttati.\",\"breadcrumb\":{\"@id\":\"https:\\\/\\\/relaisgourmet.com\\\/it\\\/prodotto\\\/scatola-delle-meraviglie-di-frutta\\\/#breadcrumb\"},\"inLanguage\":\"it-IT\",\"potentialAction\":[{\"@type\":\"ReadAction\",\"target\":[\"https:\\\/\\\/relaisgourmet.com\\\/it\\\/prodotto\\\/scatola-delle-meraviglie-di-frutta\\\/\"]}]},{\"@type\":\"ImageObject\",\"inLanguage\":\"it-IT\",\"@id\":\"https:\\\/\\\/relaisgourmet.com\\\/it\\\/prodotto\\\/scatola-delle-meraviglie-di-frutta\\\/#primaryimage\",\"url\":\"https:\\\/\\\/relaisgourmet.com\\\/wp-content\\\/uploads\\\/2026\\\/03\\\/boite-a-merveille-fruite2.jpg\",\"contentUrl\":\"https:\\\/\\\/relaisgourmet.com\\\/wp-content\\\/uploads\\\/2026\\\/03\\\/boite-a-merveille-fruite2.jpg\",\"width\":714,\"height\":714},{\"@type\":\"BreadcrumbList\",\"@id\":\"https:\\\/\\\/relaisgourmet.com\\\/it\\\/prodotto\\\/scatola-delle-meraviglie-di-frutta\\\/#breadcrumb\",\"itemListElement\":[{\"@type\":\"ListItem\",\"position\":1,\"name\":\"Casa\",\"item\":\"https:\\\/\\\/relaisgourmet.com\\\/it\\\/casa\\\/\"},{\"@type\":\"ListItem\",\"position\":2,\"name\":\"Tutti i nostri prodotti\",\"item\":\"https:\\\/\\\/relaisgourmet.com\\\/it\\\/shop\\\/\"},{\"@type\":\"ListItem\",\"position\":3,\"name\":\"Scatola delle meraviglie di frutta\"}]},{\"@type\":\"WebSite\",\"@id\":\"https:\\\/\\\/relaisgourmet.com\\\/it\\\/#website\",\"url\":\"https:\\\/\\\/relaisgourmet.com\\\/it\\\/\",\"name\":\"Relais Gourmet\",\"description\":\"Foie Gras 100% Fran\u00e7ais\",\"publisher\":{\"@id\":\"https:\\\/\\\/relaisgourmet.com\\\/it\\\/#organization\"},\"potentialAction\":[{\"@type\":\"SearchAction\",\"target\":{\"@type\":\"EntryPoint\",\"urlTemplate\":\"https:\\\/\\\/relaisgourmet.com\\\/it\\\/?s={search_term_string}\"},\"query-input\":{\"@type\":\"PropertyValueSpecification\",\"valueRequired\":true,\"valueName\":\"search_term_string\"}}],\"inLanguage\":\"it-IT\"},{\"@type\":\"Organization\",\"@id\":\"https:\\\/\\\/relaisgourmet.com\\\/it\\\/#organization\",\"name\":\"Relais Gourmet\",\"url\":\"https:\\\/\\\/relaisgourmet.com\\\/it\\\/\",\"logo\":{\"@type\":\"ImageObject\",\"inLanguage\":\"it-IT\",\"@id\":\"https:\\\/\\\/relaisgourmet.com\\\/it\\\/#\\\/schema\\\/logo\\\/image\\\/\",\"url\":\"https:\\\/\\\/relaisgourmet.com\\\/wp-content\\\/uploads\\\/2026\\\/03\\\/yoast-logo-2-relais-gourmet-.png\",\"contentUrl\":\"https:\\\/\\\/relaisgourmet.com\\\/wp-content\\\/uploads\\\/2026\\\/03\\\/yoast-logo-2-relais-gourmet-.png\",\"width\":1200,\"height\":675,\"caption\":\"Relais Gourmet\"},\"image\":{\"@id\":\"https:\\\/\\\/relaisgourmet.com\\\/it\\\/#\\\/schema\\\/logo\\\/image\\\/\"},\"sameAs\":[\"https:\\\/\\\/www.facebook.com\\\/relaisgourmet\\\/\",\"https:\\\/\\\/x.com\\\/relaisgourmet64\",\"https:\\\/\\\/www.instagram.com\\\/relaisgourmetofficiel\",\"https:\\\/\\\/www.pinterest.fr\\\/relaisgourmet\\\/\"],\"email\":\"yaqueche@relaisgourmet.com\",\"telephone\":\"+33 0 5 40 07 07 65\",\"legalName\":\"Relais Gourmet\",\"vatID\":\"FR13482415015\",\"taxID\":\"482415015\"}]}<\/script>\n<!-- \/ Yoast SEO Premium plugin. -->","yoast_head_json":{"title":"Bo\u00eete \u00e0 Merveilles Fruit\u00e9e | Cadeau Gourmand","description":"Bo\u00eete \u00e0 Merveilles Fruit\u00e9e: una scatola piena di dolcetti colorati e fruttati.","robots":{"index":"index","follow":"follow","max-snippet":"max-snippet:-1","max-image-preview":"max-image-preview:large","max-video-preview":"max-video-preview:-1"},"canonical":"https:\/\/relaisgourmet.com\/it\/prodotto\/scatola-delle-meraviglie-di-frutta\/","og_locale":"it_IT","og_type":"article","og_title":"Scatola delle meraviglie di frutta","og_description":"Parti per un'avventura sensoriale con la nostra scatola delle meraviglie alla frutta.  Garantito 100% produzione francese \u2714 Garantito senza conservanti, additivi o coloranti. \ud83c\udf43 Anatre alimentate con mais giallo \ud83d\ude9a Consegna veloce in tutto il mondo \ud83d\udd53 Si conserva per 3 anni \ud83d\udd10 Pagamento sicuro Peso netto: 240 g &nbsp;","og_url":"https:\/\/relaisgourmet.com\/it\/prodotto\/scatola-delle-meraviglie-di-frutta\/","og_site_name":"Relais Gourmet","article_publisher":"https:\/\/www.facebook.com\/relaisgourmet\/","article_modified_time":"2026-04-01T22:43:03+00:00","og_image":[{"width":714,"height":714,"url":"https:\/\/relaisgourmet.com\/wp-content\/uploads\/2026\/03\/boite-a-merveille-fruite2.jpg","type":"image\/jpeg"}],"twitter_card":"summary_large_image","twitter_site":"@relaisgourmet64","twitter_misc":{"Tempo di lettura stimato":"1 minuto"},"schema":{"@context":"https:\/\/schema.org","@graph":[{"@type":"WebPage","@id":"https:\/\/relaisgourmet.com\/it\/prodotto\/scatola-delle-meraviglie-di-frutta\/","url":"https:\/\/relaisgourmet.com\/it\/prodotto\/scatola-delle-meraviglie-di-frutta\/","name":"Bo\u00eete \u00e0 Merveilles Fruit\u00e9e | Cadeau Gourmand","isPartOf":{"@id":"https:\/\/relaisgourmet.com\/it\/#website"},"primaryImageOfPage":{"@id":"https:\/\/relaisgourmet.com\/it\/prodotto\/scatola-delle-meraviglie-di-frutta\/#primaryimage"},"image":{"@id":"https:\/\/relaisgourmet.com\/it\/prodotto\/scatola-delle-meraviglie-di-frutta\/#primaryimage"},"thumbnailUrl":"https:\/\/relaisgourmet.com\/wp-content\/uploads\/2026\/03\/boite-a-merveille-fruite2.jpg","datePublished":"2026-03-10T12:24:46+00:00","dateModified":"2026-04-01T22:43:03+00:00","description":"Bo\u00eete \u00e0 Merveilles Fruit\u00e9e: una scatola piena di dolcetti colorati e fruttati.","breadcrumb":{"@id":"https:\/\/relaisgourmet.com\/it\/prodotto\/scatola-delle-meraviglie-di-frutta\/#breadcrumb"},"inLanguage":"it-IT","potentialAction":[{"@type":"ReadAction","target":["https:\/\/relaisgourmet.com\/it\/prodotto\/scatola-delle-meraviglie-di-frutta\/"]}]},{"@type":"ImageObject","inLanguage":"it-IT","@id":"https:\/\/relaisgourmet.com\/it\/prodotto\/scatola-delle-meraviglie-di-frutta\/#primaryimage","url":"https:\/\/relaisgourmet.com\/wp-content\/uploads\/2026\/03\/boite-a-merveille-fruite2.jpg","contentUrl":"https:\/\/relaisgourmet.com\/wp-content\/uploads\/2026\/03\/boite-a-merveille-fruite2.jpg","width":714,"height":714},{"@type":"BreadcrumbList","@id":"https:\/\/relaisgourmet.com\/it\/prodotto\/scatola-delle-meraviglie-di-frutta\/#breadcrumb","itemListElement":[{"@type":"ListItem","position":1,"name":"Casa","item":"https:\/\/relaisgourmet.com\/it\/casa\/"},{"@type":"ListItem","position":2,"name":"Tutti i nostri prodotti","item":"https:\/\/relaisgourmet.com\/it\/shop\/"},{"@type":"ListItem","position":3,"name":"Scatola delle meraviglie di frutta"}]},{"@type":"WebSite","@id":"https:\/\/relaisgourmet.com\/it\/#website","url":"https:\/\/relaisgourmet.com\/it\/","name":"Relais Gourmet","description":"Foie Gras 100% Fran\u00e7ais","publisher":{"@id":"https:\/\/relaisgourmet.com\/it\/#organization"},"potentialAction":[{"@type":"SearchAction","target":{"@type":"EntryPoint","urlTemplate":"https:\/\/relaisgourmet.com\/it\/?s={search_term_string}"},"query-input":{"@type":"PropertyValueSpecification","valueRequired":true,"valueName":"search_term_string"}}],"inLanguage":"it-IT"},{"@type":"Organization","@id":"https:\/\/relaisgourmet.com\/it\/#organization","name":"Relais Gourmet","url":"https:\/\/relaisgourmet.com\/it\/","logo":{"@type":"ImageObject","inLanguage":"it-IT","@id":"https:\/\/relaisgourmet.com\/it\/#\/schema\/logo\/image\/","url":"https:\/\/relaisgourmet.com\/wp-content\/uploads\/2026\/03\/yoast-logo-2-relais-gourmet-.png","contentUrl":"https:\/\/relaisgourmet.com\/wp-content\/uploads\/2026\/03\/yoast-logo-2-relais-gourmet-.png","width":1200,"height":675,"caption":"Relais Gourmet"},"image":{"@id":"https:\/\/relaisgourmet.com\/it\/#\/schema\/logo\/image\/"},"sameAs":["https:\/\/www.facebook.com\/relaisgourmet\/","https:\/\/x.com\/relaisgourmet64","https:\/\/www.instagram.com\/relaisgourmetofficiel","https:\/\/www.pinterest.fr\/relaisgourmet\/"],"email":"yaqueche@relaisgourmet.com","telephone":"+33 0 5 40 07 07 65","legalName":"Relais Gourmet","vatID":"FR13482415015","taxID":"482415015"}]}},"_links":{"self":[{"href":"https:\/\/relaisgourmet.com\/it\/wp-json\/wp\/v2\/product\/67315","targetHints":{"allow":["GET"]}}],"collection":[{"href":"https:\/\/relaisgourmet.com\/it\/wp-json\/wp\/v2\/product"}],"about":[{"href":"https:\/\/relaisgourmet.com\/it\/wp-json\/wp\/v2\/types\/product"}],"replies":[{"embeddable":true,"href":"https:\/\/relaisgourmet.com\/it\/wp-json\/wp\/v2\/comments?post=67315"}],"wp:featuredmedia":[{"embeddable":true,"href":"https:\/\/relaisgourmet.com\/it\/wp-json\/wp\/v2\/media\/67318"}],"wp:attachment":[{"href":"https:\/\/relaisgourmet.com\/it\/wp-json\/wp\/v2\/media?parent=67315"}],"wp:term":[{"taxonomy":"product_brand","embeddable":true,"href":"https:\/\/relaisgourmet.com\/it\/wp-json\/wp\/v2\/product_brand?post=67315"},{"taxonomy":"product_cat","embeddable":true,"href":"https:\/\/relaisgourmet.com\/it\/wp-json\/wp\/v2\/product_cat?post=67315"},{"taxonomy":"product_tag","embeddable":true,"href":"https:\/\/relaisgourmet.com\/it\/wp-json\/wp\/v2\/product_tag?post=67315"},{"taxonomy":"giftcard-category","embeddable":true,"href":"https:\/\/relaisgourmet.com\/it\/wp-json\/wp\/v2\/giftcard-category?post=67315"}],"curies":[{"name":"wp","href":"https:\/\/api.w.org\/{rel}","templated":true}]}}