{"id":67308,"date":"2026-03-10T12:24:46","date_gmt":"2026-03-10T12:24:46","guid":{"rendered":"https:\/\/relaisgourmet.com\/product\/scatola-delle-meraviglie-profumata-prestige\/"},"modified":"2026-04-01T22:42:59","modified_gmt":"2026-04-01T22:42:59","slug":"scatola-delle-meraviglie-profumata-prestige","status":"publish","type":"product","link":"https:\/\/relaisgourmet.com\/it\/prodotto\/scatola-delle-meraviglie-profumata-prestige\/","title":{"rendered":"Scatola delle meraviglie profumata Prestige"},"content":{"rendered":"<p><span style=\"font-weight: 400;\">Scopri i nostri <\/span><strong>Profumato <\/strong><span style=\"font-weight: 400;\"><strong>Merveilles<\/strong>, una selezione esclusiva di tre Foies Gras: <strong>Porto<\/strong>, <strong>Sauternes<\/strong> e<strong>Armagnac<\/strong>.<\/span><\/p>\n<p><span style=\"font-weight: 400;\">Ognuno di essi \u00e8 preparato con cura per un&#8217;<strong>esperienza di gusto unica<\/strong>, che unisce <strong>tradizione<\/strong> e <strong>qualit\u00e0<\/strong>.  <\/span><\/p>\n<p><b>Garantito senza conservanti, coloranti o additivi.<\/b><\/p>\n<p><b>Composizione:<\/b><\/p>\n<ul>\n<li style=\"font-weight: 400;\"><span style=\"font-weight: 400;\">Foie Gras intero con Porto (80 g)<\/span><\/li>\n<li style=\"font-weight: 400;\"><span style=\"font-weight: 400;\">Foie Gras intero con Sauternes (80g)<\/span><\/li>\n<li style=\"font-weight: 400;\"><span style=\"font-weight: 400;\"><span style=\"font-weight: 400;\">Foie Gras intero con Armagnac (80g)<\/span><\/span><\/li>\n<\/ul>\n<p><b>Garantito senza conservanti, coloranti o additivi.<\/b><\/p>\n<p><b>Conservazione<\/b><span style=\"font-weight: 400;\"> 3 anni a temperatura ambiente. Dopo l&#8217;apertura, consuma entro 15 giorni e conserva in frigorifero.<\/span><\/p>\n<p><span style=\"font-weight: 400;\">Leggi tutti i nostri consigli e trucchi per preparare il Foies Gras nella nostra Scented Wonder Box nella sezione <a href=\"\/?page_id=33969\">Blog<\/a> e sulla nostra pagina <a href=\"https:\/\/www.instagram.com\/relaisgourmetofficiel\/\">Instagram<\/a>.<\/span><\/p>\n","protected":false},"excerpt":{"rendered":"<p>La nostra Scatola delle Meraviglie Profumate ti invita a un viaggio gastronomico con 3 raffinati Foies Gras da 80 g ciascuno, sottilmente miscelati con i sapori di Porto, Sauternes e Armagnac. Un cofanetto eccezionale per momenti di degustazione unici. <\/p>\n<p><img decoding=\"async\" class=\"emoji\" role=\"img\" src=\"https:\/\/s.w.org\/images\/core\/emoji\/15.0.3\/svg\/1f1eb-1f1f7.svg\" alt=\"\ud83c\uddeb\ud83c\uddf7\">  Garantito 100% di produzione francese<br \/>\n\u2714 Garantito senza conservanti, additivi o coloranti.<br \/>\n\ud83c\udf43 Anatre alimentate con mais giallo<br \/>\n\ud83d\ude9a Consegna veloce in tutto il mondo<br \/>\n\ud83d\udd53 Si conserva per 3 anni<br \/>\n\ud83d\udd10 Pagamento sicuro<\/p>\n<p>Peso netto: 240 g<\/p>\n","protected":false},"featured_media":67312,"comment_status":"closed","ping_status":"closed","template":"","meta":{"_iconic_wsb_product_page_order_bump_ids":[[]],"_sku":["0D-PDAT-V8LP"],"_iconic_wsb_product_page_bump_modal_ids":[[]]},"product_brand":[],"product_cat":[1658,1680],"product_tag":[1685,1689,2870,1684,2871,2692,1659],"giftcard-category":[],"class_list":{"0":"post-67308","1":"product","2":"type-product","3":"status-publish","4":"has-post-thumbnail","6":"product_cat-foie-gras-intero","7":"product_cat-set-regalo","8":"product_tag-buon-foie-gras","9":"product_tag-classico","10":"product_tag-foie-gras-al-porto","11":"product_tag-foie-gras-con-armagnac","12":"product_tag-foie-gras-con-sauternes","13":"product_tag-foie-gras-intero","14":"product_tag-prodotto-in-francia","15":"product_shipping_class-standard","17":"first","18":"instock","19":"sale","20":"taxable","21":"shipping-taxable","22":"purchasable","23":"product-type-simple"},"yoast_head":"<!-- This site is optimized with the Yoast SEO Premium plugin v27.3 (Yoast SEO v27.3) - https:\/\/yoast.com\/product\/yoast-seo-premium-wordpress\/ -->\n<title>Scatola delle meraviglie profumata | Relais Gourmet<\/title>\n<meta name=\"description\" content=\"Bo\u00eete \u00e0 Merveilles Parfum\u00e9e: una selezione di delizie delicatamente aromatizzate.\" \/>\n<meta name=\"robots\" content=\"index, follow, max-snippet:-1, max-image-preview:large, max-video-preview:-1\" \/>\n<link rel=\"canonical\" href=\"https:\/\/relaisgourmet.com\/it\/prodotto\/scatola-delle-meraviglie-profumata-prestige\/\" \/>\n<meta property=\"og:locale\" content=\"it_IT\" \/>\n<meta property=\"og:type\" content=\"article\" \/>\n<meta property=\"og:title\" content=\"Scatola delle meraviglie profumata Prestige\" \/>\n<meta property=\"og:description\" content=\"La nostra Scatola delle Meraviglie Profumate ti invita a un viaggio gastronomico con 3 raffinati Foies Gras da 80 g ciascuno, sottilmente miscelati con i sapori di Porto, Sauternes e Armagnac. Un cofanetto eccezionale per momenti di degustazione unici.   Garantito 100% di produzione francese \u2714 Garantito senza conservanti, additivi o coloranti. \ud83c\udf43 Anatre alimentate con mais giallo \ud83d\ude9a Consegna veloce in tutto il mondo \ud83d\udd53 Si conserva per 3 anni \ud83d\udd10 Pagamento sicuro Peso netto: 240 g\" \/>\n<meta property=\"og:url\" content=\"https:\/\/relaisgourmet.com\/it\/prodotto\/scatola-delle-meraviglie-profumata-prestige\/\" \/>\n<meta property=\"og:site_name\" content=\"Relais Gourmet\" \/>\n<meta property=\"article:publisher\" content=\"https:\/\/www.facebook.com\/relaisgourmet\/\" \/>\n<meta property=\"article:modified_time\" content=\"2026-04-01T22:42:59+00:00\" \/>\n<meta property=\"og:image\" content=\"https:\/\/relaisgourmet.com\/wp-content\/uploads\/2026\/03\/boite-a-merveille-parfume1.jpg\" \/>\n\t<meta property=\"og:image:width\" content=\"974\" \/>\n\t<meta property=\"og:image:height\" content=\"974\" \/>\n\t<meta property=\"og:image:type\" content=\"image\/jpeg\" \/>\n<meta name=\"twitter:card\" content=\"summary_large_image\" \/>\n<meta name=\"twitter:site\" content=\"@relaisgourmet64\" \/>\n<meta name=\"twitter:label1\" content=\"Tempo di lettura stimato\" \/>\n\t<meta name=\"twitter:data1\" content=\"1 minuto\" \/>\n<script type=\"application\/ld+json\" class=\"yoast-schema-graph\">{\"@context\":\"https:\\\/\\\/schema.org\",\"@graph\":[{\"@type\":\"WebPage\",\"@id\":\"https:\\\/\\\/relaisgourmet.com\\\/it\\\/prodotto\\\/scatola-delle-meraviglie-profumata-prestige\\\/\",\"url\":\"https:\\\/\\\/relaisgourmet.com\\\/it\\\/prodotto\\\/scatola-delle-meraviglie-profumata-prestige\\\/\",\"name\":\"Scatola delle meraviglie profumata | Relais Gourmet\",\"isPartOf\":{\"@id\":\"https:\\\/\\\/relaisgourmet.com\\\/it\\\/#website\"},\"primaryImageOfPage\":{\"@id\":\"https:\\\/\\\/relaisgourmet.com\\\/it\\\/prodotto\\\/scatola-delle-meraviglie-profumata-prestige\\\/#primaryimage\"},\"image\":{\"@id\":\"https:\\\/\\\/relaisgourmet.com\\\/it\\\/prodotto\\\/scatola-delle-meraviglie-profumata-prestige\\\/#primaryimage\"},\"thumbnailUrl\":\"https:\\\/\\\/relaisgourmet.com\\\/wp-content\\\/uploads\\\/2026\\\/03\\\/boite-a-merveille-parfume1.jpg\",\"datePublished\":\"2026-03-10T12:24:46+00:00\",\"dateModified\":\"2026-04-01T22:42:59+00:00\",\"description\":\"Bo\u00eete \u00e0 Merveilles Parfum\u00e9e: una selezione di delizie delicatamente aromatizzate.\",\"breadcrumb\":{\"@id\":\"https:\\\/\\\/relaisgourmet.com\\\/it\\\/prodotto\\\/scatola-delle-meraviglie-profumata-prestige\\\/#breadcrumb\"},\"inLanguage\":\"it-IT\",\"potentialAction\":[{\"@type\":\"ReadAction\",\"target\":[\"https:\\\/\\\/relaisgourmet.com\\\/it\\\/prodotto\\\/scatola-delle-meraviglie-profumata-prestige\\\/\"]}]},{\"@type\":\"ImageObject\",\"inLanguage\":\"it-IT\",\"@id\":\"https:\\\/\\\/relaisgourmet.com\\\/it\\\/prodotto\\\/scatola-delle-meraviglie-profumata-prestige\\\/#primaryimage\",\"url\":\"https:\\\/\\\/relaisgourmet.com\\\/wp-content\\\/uploads\\\/2026\\\/03\\\/boite-a-merveille-parfume1.jpg\",\"contentUrl\":\"https:\\\/\\\/relaisgourmet.com\\\/wp-content\\\/uploads\\\/2026\\\/03\\\/boite-a-merveille-parfume1.jpg\",\"width\":974,\"height\":974},{\"@type\":\"BreadcrumbList\",\"@id\":\"https:\\\/\\\/relaisgourmet.com\\\/it\\\/prodotto\\\/scatola-delle-meraviglie-profumata-prestige\\\/#breadcrumb\",\"itemListElement\":[{\"@type\":\"ListItem\",\"position\":1,\"name\":\"Casa\",\"item\":\"https:\\\/\\\/relaisgourmet.com\\\/it\\\/casa\\\/\"},{\"@type\":\"ListItem\",\"position\":2,\"name\":\"Tutti i nostri prodotti\",\"item\":\"https:\\\/\\\/relaisgourmet.com\\\/it\\\/shop\\\/\"},{\"@type\":\"ListItem\",\"position\":3,\"name\":\"Scatola delle meraviglie profumata Prestige\"}]},{\"@type\":\"WebSite\",\"@id\":\"https:\\\/\\\/relaisgourmet.com\\\/it\\\/#website\",\"url\":\"https:\\\/\\\/relaisgourmet.com\\\/it\\\/\",\"name\":\"Relais Gourmet\",\"description\":\"Foie Gras 100% Fran\u00e7ais\",\"publisher\":{\"@id\":\"https:\\\/\\\/relaisgourmet.com\\\/it\\\/#organization\"},\"potentialAction\":[{\"@type\":\"SearchAction\",\"target\":{\"@type\":\"EntryPoint\",\"urlTemplate\":\"https:\\\/\\\/relaisgourmet.com\\\/it\\\/?s={search_term_string}\"},\"query-input\":{\"@type\":\"PropertyValueSpecification\",\"valueRequired\":true,\"valueName\":\"search_term_string\"}}],\"inLanguage\":\"it-IT\"},{\"@type\":\"Organization\",\"@id\":\"https:\\\/\\\/relaisgourmet.com\\\/it\\\/#organization\",\"name\":\"Relais Gourmet\",\"url\":\"https:\\\/\\\/relaisgourmet.com\\\/it\\\/\",\"logo\":{\"@type\":\"ImageObject\",\"inLanguage\":\"it-IT\",\"@id\":\"https:\\\/\\\/relaisgourmet.com\\\/it\\\/#\\\/schema\\\/logo\\\/image\\\/\",\"url\":\"https:\\\/\\\/relaisgourmet.com\\\/wp-content\\\/uploads\\\/2026\\\/03\\\/yoast-logo-2-relais-gourmet-.png\",\"contentUrl\":\"https:\\\/\\\/relaisgourmet.com\\\/wp-content\\\/uploads\\\/2026\\\/03\\\/yoast-logo-2-relais-gourmet-.png\",\"width\":1200,\"height\":675,\"caption\":\"Relais Gourmet\"},\"image\":{\"@id\":\"https:\\\/\\\/relaisgourmet.com\\\/it\\\/#\\\/schema\\\/logo\\\/image\\\/\"},\"sameAs\":[\"https:\\\/\\\/www.facebook.com\\\/relaisgourmet\\\/\",\"https:\\\/\\\/x.com\\\/relaisgourmet64\",\"https:\\\/\\\/www.instagram.com\\\/relaisgourmetofficiel\",\"https:\\\/\\\/www.pinterest.fr\\\/relaisgourmet\\\/\"],\"email\":\"yaqueche@relaisgourmet.com\",\"telephone\":\"+33 0 5 40 07 07 65\",\"legalName\":\"Relais Gourmet\",\"vatID\":\"FR13482415015\",\"taxID\":\"482415015\"}]}<\/script>\n<!-- \/ Yoast SEO Premium plugin. -->","yoast_head_json":{"title":"Scatola delle meraviglie profumata | Relais Gourmet","description":"Bo\u00eete \u00e0 Merveilles Parfum\u00e9e: una selezione di delizie delicatamente aromatizzate.","robots":{"index":"index","follow":"follow","max-snippet":"max-snippet:-1","max-image-preview":"max-image-preview:large","max-video-preview":"max-video-preview:-1"},"canonical":"https:\/\/relaisgourmet.com\/it\/prodotto\/scatola-delle-meraviglie-profumata-prestige\/","og_locale":"it_IT","og_type":"article","og_title":"Scatola delle meraviglie profumata Prestige","og_description":"La nostra Scatola delle Meraviglie Profumate ti invita a un viaggio gastronomico con 3 raffinati Foies Gras da 80 g ciascuno, sottilmente miscelati con i sapori di Porto, Sauternes e Armagnac. Un cofanetto eccezionale per momenti di degustazione unici.   Garantito 100% di produzione francese \u2714 Garantito senza conservanti, additivi o coloranti. \ud83c\udf43 Anatre alimentate con mais giallo \ud83d\ude9a Consegna veloce in tutto il mondo \ud83d\udd53 Si conserva per 3 anni \ud83d\udd10 Pagamento sicuro Peso netto: 240 g","og_url":"https:\/\/relaisgourmet.com\/it\/prodotto\/scatola-delle-meraviglie-profumata-prestige\/","og_site_name":"Relais Gourmet","article_publisher":"https:\/\/www.facebook.com\/relaisgourmet\/","article_modified_time":"2026-04-01T22:42:59+00:00","og_image":[{"width":974,"height":974,"url":"https:\/\/relaisgourmet.com\/wp-content\/uploads\/2026\/03\/boite-a-merveille-parfume1.jpg","type":"image\/jpeg"}],"twitter_card":"summary_large_image","twitter_site":"@relaisgourmet64","twitter_misc":{"Tempo di lettura stimato":"1 minuto"},"schema":{"@context":"https:\/\/schema.org","@graph":[{"@type":"WebPage","@id":"https:\/\/relaisgourmet.com\/it\/prodotto\/scatola-delle-meraviglie-profumata-prestige\/","url":"https:\/\/relaisgourmet.com\/it\/prodotto\/scatola-delle-meraviglie-profumata-prestige\/","name":"Scatola delle meraviglie profumata | Relais Gourmet","isPartOf":{"@id":"https:\/\/relaisgourmet.com\/it\/#website"},"primaryImageOfPage":{"@id":"https:\/\/relaisgourmet.com\/it\/prodotto\/scatola-delle-meraviglie-profumata-prestige\/#primaryimage"},"image":{"@id":"https:\/\/relaisgourmet.com\/it\/prodotto\/scatola-delle-meraviglie-profumata-prestige\/#primaryimage"},"thumbnailUrl":"https:\/\/relaisgourmet.com\/wp-content\/uploads\/2026\/03\/boite-a-merveille-parfume1.jpg","datePublished":"2026-03-10T12:24:46+00:00","dateModified":"2026-04-01T22:42:59+00:00","description":"Bo\u00eete \u00e0 Merveilles Parfum\u00e9e: una selezione di delizie delicatamente aromatizzate.","breadcrumb":{"@id":"https:\/\/relaisgourmet.com\/it\/prodotto\/scatola-delle-meraviglie-profumata-prestige\/#breadcrumb"},"inLanguage":"it-IT","potentialAction":[{"@type":"ReadAction","target":["https:\/\/relaisgourmet.com\/it\/prodotto\/scatola-delle-meraviglie-profumata-prestige\/"]}]},{"@type":"ImageObject","inLanguage":"it-IT","@id":"https:\/\/relaisgourmet.com\/it\/prodotto\/scatola-delle-meraviglie-profumata-prestige\/#primaryimage","url":"https:\/\/relaisgourmet.com\/wp-content\/uploads\/2026\/03\/boite-a-merveille-parfume1.jpg","contentUrl":"https:\/\/relaisgourmet.com\/wp-content\/uploads\/2026\/03\/boite-a-merveille-parfume1.jpg","width":974,"height":974},{"@type":"BreadcrumbList","@id":"https:\/\/relaisgourmet.com\/it\/prodotto\/scatola-delle-meraviglie-profumata-prestige\/#breadcrumb","itemListElement":[{"@type":"ListItem","position":1,"name":"Casa","item":"https:\/\/relaisgourmet.com\/it\/casa\/"},{"@type":"ListItem","position":2,"name":"Tutti i nostri prodotti","item":"https:\/\/relaisgourmet.com\/it\/shop\/"},{"@type":"ListItem","position":3,"name":"Scatola delle meraviglie profumata Prestige"}]},{"@type":"WebSite","@id":"https:\/\/relaisgourmet.com\/it\/#website","url":"https:\/\/relaisgourmet.com\/it\/","name":"Relais Gourmet","description":"Foie Gras 100% Fran\u00e7ais","publisher":{"@id":"https:\/\/relaisgourmet.com\/it\/#organization"},"potentialAction":[{"@type":"SearchAction","target":{"@type":"EntryPoint","urlTemplate":"https:\/\/relaisgourmet.com\/it\/?s={search_term_string}"},"query-input":{"@type":"PropertyValueSpecification","valueRequired":true,"valueName":"search_term_string"}}],"inLanguage":"it-IT"},{"@type":"Organization","@id":"https:\/\/relaisgourmet.com\/it\/#organization","name":"Relais Gourmet","url":"https:\/\/relaisgourmet.com\/it\/","logo":{"@type":"ImageObject","inLanguage":"it-IT","@id":"https:\/\/relaisgourmet.com\/it\/#\/schema\/logo\/image\/","url":"https:\/\/relaisgourmet.com\/wp-content\/uploads\/2026\/03\/yoast-logo-2-relais-gourmet-.png","contentUrl":"https:\/\/relaisgourmet.com\/wp-content\/uploads\/2026\/03\/yoast-logo-2-relais-gourmet-.png","width":1200,"height":675,"caption":"Relais Gourmet"},"image":{"@id":"https:\/\/relaisgourmet.com\/it\/#\/schema\/logo\/image\/"},"sameAs":["https:\/\/www.facebook.com\/relaisgourmet\/","https:\/\/x.com\/relaisgourmet64","https:\/\/www.instagram.com\/relaisgourmetofficiel","https:\/\/www.pinterest.fr\/relaisgourmet\/"],"email":"yaqueche@relaisgourmet.com","telephone":"+33 0 5 40 07 07 65","legalName":"Relais Gourmet","vatID":"FR13482415015","taxID":"482415015"}]}},"_links":{"self":[{"href":"https:\/\/relaisgourmet.com\/it\/wp-json\/wp\/v2\/product\/67308","targetHints":{"allow":["GET"]}}],"collection":[{"href":"https:\/\/relaisgourmet.com\/it\/wp-json\/wp\/v2\/product"}],"about":[{"href":"https:\/\/relaisgourmet.com\/it\/wp-json\/wp\/v2\/types\/product"}],"replies":[{"embeddable":true,"href":"https:\/\/relaisgourmet.com\/it\/wp-json\/wp\/v2\/comments?post=67308"}],"wp:featuredmedia":[{"embeddable":true,"href":"https:\/\/relaisgourmet.com\/it\/wp-json\/wp\/v2\/media\/67312"}],"wp:attachment":[{"href":"https:\/\/relaisgourmet.com\/it\/wp-json\/wp\/v2\/media?parent=67308"}],"wp:term":[{"taxonomy":"product_brand","embeddable":true,"href":"https:\/\/relaisgourmet.com\/it\/wp-json\/wp\/v2\/product_brand?post=67308"},{"taxonomy":"product_cat","embeddable":true,"href":"https:\/\/relaisgourmet.com\/it\/wp-json\/wp\/v2\/product_cat?post=67308"},{"taxonomy":"product_tag","embeddable":true,"href":"https:\/\/relaisgourmet.com\/it\/wp-json\/wp\/v2\/product_tag?post=67308"},{"taxonomy":"giftcard-category","embeddable":true,"href":"https:\/\/relaisgourmet.com\/it\/wp-json\/wp\/v2\/giftcard-category?post=67308"}],"curies":[{"name":"wp","href":"https:\/\/api.w.org\/{rel}","templated":true}]}}