{"id":67248,"date":"2026-03-10T12:24:45","date_gmt":"2026-03-10T12:24:45","guid":{"rendered":"https:\/\/relaisgourmet.com\/product\/cucinare-il-foie-gras-in-modo-semplice\/"},"modified":"2026-04-01T22:42:25","modified_gmt":"2026-04-01T22:42:25","slug":"cucinare-il-foie-gras-in-modo-semplice","status":"publish","type":"product","link":"https:\/\/relaisgourmet.com\/it\/prodotto\/cucinare-il-foie-gras-in-modo-semplice\/","title":{"rendered":"Cucinare il foie gras in modo semplice"},"content":{"rendered":"<h2>Cooking Foie Gras \u00e8 un alleato indispensabile per tutti gli amanti del foie gras, dai cuochi in erba ai pi\u00f9 esperti.<\/h2>\n<p>&nbsp;<\/p>\n<p>Questo libro offre una <strong>serie di ricette semplici ed efficaci<\/strong> per preparare e cucinare il foie gras, con <strong>consigli<\/strong> sulla <strong>scelta del foie gras<\/strong> e sulle <strong>tecniche di preparazione<\/strong>. Le ricette includono<strong> piatti classici<\/strong> come il<strong> foie gras in padella<\/strong> e<strong> creazioni pi\u00f9 innovative<\/strong> come il foie gras in crosta di pan di zenzero. <\/p>\n<p>Oltre alle ricette, il libro fornisce anche informazioni sulla storia e sulla cultura del foie gras, nonch\u00e9 <strong>consigli sulla scelta dei vini<\/strong> e degli accompagnamenti <strong>migliori<\/strong> per ogni piatto.<\/p>\n<p>Con questo e-book, il Foie Gras non avr\u00e0 pi\u00f9 segreti per te! \u00c8 il momento di regalare a te stesso e ai tuoi cari qualche delizia festiva. <\/p>\n<p>Puoi trovare tutti i nostri consigli per preparare il foies gras sul nostro <a href=\"https:\/\/epic-varahamihira.207-180-195-93.plesk.page\/index.php\/blog-foies-gras-actualite\/\">blog<\/a> e tutti i nostri prodotti sul negozio Relais Gourmet.<\/p>\n<p>Non esitare a visitare il nostro <a href=\"https:\/\/epic-varahamihira.207-180-195-93.plesk.page\/index.php\/blog-foies-gras-actualite\/\">blog<\/a> per scoprire le nostre <a href=\"\/?page_id=33979\">ricette <\/a>e altri nuovi prodotti.<\/p>\n<p>Per un pasto da gourmet, perch\u00e9 non completare il tutto con dei deliziosi Turrones <a href=\"https:\/\/mariasimona.com\/\">Maria Simona <\/a>?<\/p>\n","protected":false},"excerpt":{"rendered":"<p>Il foie gras rimane un piatto eccezionale. Con questo ebook, potrai cucinarlo in terrine, scaloppine, ravioles, insalate&#8230; <\/p>\n<p>\u00c8 ricco di ricette gourmet (antipasti, piatti principali e dessert) per deliziare e sorprendere le tue papille gustative.<\/p>\n<p>Esempi di ricette: Macaron con Foie Gras, Tacchino ripieno di Foie Gras e castagne, Verdure invernali con Foie Gras&#8230;.<\/p>\n<p>Diventerai un &#8220;esperto&#8221; nella facile preparazione del tuo Foies Gras!<\/p>\n","protected":false},"featured_media":67249,"comment_status":"closed","ping_status":"closed","template":"","meta":{"_iconic_wsb_product_page_order_bump_ids":[],"_sku":["3710000337033"],"_iconic_wsb_product_page_bump_modal_ids":[]},"product_brand":[],"product_cat":[2157],"product_tag":[2850,2743,1913,1659],"giftcard-category":[],"class_list":{"0":"post-67248","1":"product","2":"type-product","3":"status-publish","4":"has-post-thumbnail","6":"product_cat-ebook-di-cucina","7":"product_tag-cuoco","8":"product_tag-ebook","9":"product_tag-foie-gras","10":"product_tag-prodotto-in-francia","11":"product_shipping_class-standard","13":"first","14":"instock","15":"downloadable","16":"virtual","17":"taxable","18":"purchasable","19":"product-type-simple"},"yoast_head":"<!-- This site is optimized with the Yoast SEO Premium plugin v27.3 (Yoast SEO v27.3) - https:\/\/yoast.com\/product\/yoast-seo-premium-wordpress\/ -->\n<title>Cucinare il foie gras: idee e ricette | Relais Gourmet<\/title>\n<meta name=\"description\" content=\"Libro &quot;Cucinare il foie gras&quot;: scopri tutti i consigli per preparare un foie gras sublime a casa tua.\" \/>\n<meta name=\"robots\" content=\"index, follow, max-snippet:-1, max-image-preview:large, max-video-preview:-1\" \/>\n<link rel=\"canonical\" href=\"https:\/\/relaisgourmet.com\/it\/prodotto\/cucinare-il-foie-gras-in-modo-semplice\/\" \/>\n<meta property=\"og:locale\" content=\"it_IT\" \/>\n<meta property=\"og:type\" content=\"article\" \/>\n<meta property=\"og:title\" content=\"Cucinare il foie gras in modo semplice\" \/>\n<meta property=\"og:description\" content=\"Il foie gras rimane un piatto eccezionale. Con questo ebook, potrai cucinarlo in terrine, scaloppine, ravioles, insalate...  \u00c8 ricco di ricette gourmet (antipasti, piatti principali e dessert) per deliziare e sorprendere le tue papille gustative. Esempi di ricette: Macaron con Foie Gras, Tacchino ripieno di Foie Gras e castagne, Verdure invernali con Foie Gras.... Diventerai un &quot;esperto&quot; nella facile preparazione del tuo Foies Gras!\" \/>\n<meta property=\"og:url\" content=\"https:\/\/relaisgourmet.com\/it\/prodotto\/cucinare-il-foie-gras-in-modo-semplice\/\" \/>\n<meta property=\"og:site_name\" content=\"Relais Gourmet\" \/>\n<meta property=\"article:publisher\" content=\"https:\/\/www.facebook.com\/relaisgourmet\/\" \/>\n<meta property=\"article:modified_time\" content=\"2026-04-01T22:42:25+00:00\" \/>\n<meta property=\"og:image\" content=\"https:\/\/relaisgourmet.com\/wp-content\/uploads\/2026\/03\/5-e1698754257552-1.jpg\" \/>\n\t<meta property=\"og:image:width\" content=\"1000\" \/>\n\t<meta property=\"og:image:height\" content=\"1179\" \/>\n\t<meta property=\"og:image:type\" content=\"image\/jpeg\" \/>\n<meta name=\"twitter:card\" content=\"summary_large_image\" \/>\n<meta name=\"twitter:site\" content=\"@relaisgourmet64\" \/>\n<meta name=\"twitter:label1\" content=\"Tempo di lettura stimato\" \/>\n\t<meta name=\"twitter:data1\" content=\"1 minuto\" \/>\n<script type=\"application\/ld+json\" class=\"yoast-schema-graph\">{\"@context\":\"https:\\\/\\\/schema.org\",\"@graph\":[{\"@type\":\"WebPage\",\"@id\":\"https:\\\/\\\/relaisgourmet.com\\\/it\\\/prodotto\\\/cucinare-il-foie-gras-in-modo-semplice\\\/\",\"url\":\"https:\\\/\\\/relaisgourmet.com\\\/it\\\/prodotto\\\/cucinare-il-foie-gras-in-modo-semplice\\\/\",\"name\":\"Cucinare il foie gras: idee e ricette | Relais Gourmet\",\"isPartOf\":{\"@id\":\"https:\\\/\\\/relaisgourmet.com\\\/it\\\/#website\"},\"primaryImageOfPage\":{\"@id\":\"https:\\\/\\\/relaisgourmet.com\\\/it\\\/prodotto\\\/cucinare-il-foie-gras-in-modo-semplice\\\/#primaryimage\"},\"image\":{\"@id\":\"https:\\\/\\\/relaisgourmet.com\\\/it\\\/prodotto\\\/cucinare-il-foie-gras-in-modo-semplice\\\/#primaryimage\"},\"thumbnailUrl\":\"https:\\\/\\\/relaisgourmet.com\\\/wp-content\\\/uploads\\\/2026\\\/03\\\/5-e1698754257552-1.jpg\",\"datePublished\":\"2026-03-10T12:24:45+00:00\",\"dateModified\":\"2026-04-01T22:42:25+00:00\",\"description\":\"Libro \\\"Cucinare il foie gras\\\": scopri tutti i consigli per preparare un foie gras sublime a casa tua.\",\"breadcrumb\":{\"@id\":\"https:\\\/\\\/relaisgourmet.com\\\/it\\\/prodotto\\\/cucinare-il-foie-gras-in-modo-semplice\\\/#breadcrumb\"},\"inLanguage\":\"it-IT\",\"potentialAction\":[{\"@type\":\"ReadAction\",\"target\":[\"https:\\\/\\\/relaisgourmet.com\\\/it\\\/prodotto\\\/cucinare-il-foie-gras-in-modo-semplice\\\/\"]}]},{\"@type\":\"ImageObject\",\"inLanguage\":\"it-IT\",\"@id\":\"https:\\\/\\\/relaisgourmet.com\\\/it\\\/prodotto\\\/cucinare-il-foie-gras-in-modo-semplice\\\/#primaryimage\",\"url\":\"https:\\\/\\\/relaisgourmet.com\\\/wp-content\\\/uploads\\\/2026\\\/03\\\/5-e1698754257552-1.jpg\",\"contentUrl\":\"https:\\\/\\\/relaisgourmet.com\\\/wp-content\\\/uploads\\\/2026\\\/03\\\/5-e1698754257552-1.jpg\",\"width\":1000,\"height\":1179},{\"@type\":\"BreadcrumbList\",\"@id\":\"https:\\\/\\\/relaisgourmet.com\\\/it\\\/prodotto\\\/cucinare-il-foie-gras-in-modo-semplice\\\/#breadcrumb\",\"itemListElement\":[{\"@type\":\"ListItem\",\"position\":1,\"name\":\"Casa\",\"item\":\"https:\\\/\\\/relaisgourmet.com\\\/it\\\/casa\\\/\"},{\"@type\":\"ListItem\",\"position\":2,\"name\":\"Tutti i nostri prodotti\",\"item\":\"https:\\\/\\\/relaisgourmet.com\\\/it\\\/shop\\\/\"},{\"@type\":\"ListItem\",\"position\":3,\"name\":\"Cucinare il foie gras in modo semplice\"}]},{\"@type\":\"WebSite\",\"@id\":\"https:\\\/\\\/relaisgourmet.com\\\/it\\\/#website\",\"url\":\"https:\\\/\\\/relaisgourmet.com\\\/it\\\/\",\"name\":\"Relais Gourmet\",\"description\":\"Foie Gras 100% Fran\u00e7ais\",\"publisher\":{\"@id\":\"https:\\\/\\\/relaisgourmet.com\\\/it\\\/#organization\"},\"potentialAction\":[{\"@type\":\"SearchAction\",\"target\":{\"@type\":\"EntryPoint\",\"urlTemplate\":\"https:\\\/\\\/relaisgourmet.com\\\/it\\\/?s={search_term_string}\"},\"query-input\":{\"@type\":\"PropertyValueSpecification\",\"valueRequired\":true,\"valueName\":\"search_term_string\"}}],\"inLanguage\":\"it-IT\"},{\"@type\":\"Organization\",\"@id\":\"https:\\\/\\\/relaisgourmet.com\\\/it\\\/#organization\",\"name\":\"Relais Gourmet\",\"url\":\"https:\\\/\\\/relaisgourmet.com\\\/it\\\/\",\"logo\":{\"@type\":\"ImageObject\",\"inLanguage\":\"it-IT\",\"@id\":\"https:\\\/\\\/relaisgourmet.com\\\/it\\\/#\\\/schema\\\/logo\\\/image\\\/\",\"url\":\"https:\\\/\\\/relaisgourmet.com\\\/wp-content\\\/uploads\\\/2026\\\/03\\\/yoast-logo-2-relais-gourmet-.png\",\"contentUrl\":\"https:\\\/\\\/relaisgourmet.com\\\/wp-content\\\/uploads\\\/2026\\\/03\\\/yoast-logo-2-relais-gourmet-.png\",\"width\":1200,\"height\":675,\"caption\":\"Relais Gourmet\"},\"image\":{\"@id\":\"https:\\\/\\\/relaisgourmet.com\\\/it\\\/#\\\/schema\\\/logo\\\/image\\\/\"},\"sameAs\":[\"https:\\\/\\\/www.facebook.com\\\/relaisgourmet\\\/\",\"https:\\\/\\\/x.com\\\/relaisgourmet64\",\"https:\\\/\\\/www.instagram.com\\\/relaisgourmetofficiel\",\"https:\\\/\\\/www.pinterest.fr\\\/relaisgourmet\\\/\"],\"email\":\"yaqueche@relaisgourmet.com\",\"telephone\":\"+33 0 5 40 07 07 65\",\"legalName\":\"Relais Gourmet\",\"vatID\":\"FR13482415015\",\"taxID\":\"482415015\"}]}<\/script>\n<!-- \/ Yoast SEO Premium plugin. -->","yoast_head_json":{"title":"Cucinare il foie gras: idee e ricette | Relais Gourmet","description":"Libro \"Cucinare il foie gras\": scopri tutti i consigli per preparare un foie gras sublime a casa tua.","robots":{"index":"index","follow":"follow","max-snippet":"max-snippet:-1","max-image-preview":"max-image-preview:large","max-video-preview":"max-video-preview:-1"},"canonical":"https:\/\/relaisgourmet.com\/it\/prodotto\/cucinare-il-foie-gras-in-modo-semplice\/","og_locale":"it_IT","og_type":"article","og_title":"Cucinare il foie gras in modo semplice","og_description":"Il foie gras rimane un piatto eccezionale. Con questo ebook, potrai cucinarlo in terrine, scaloppine, ravioles, insalate...  \u00c8 ricco di ricette gourmet (antipasti, piatti principali e dessert) per deliziare e sorprendere le tue papille gustative. Esempi di ricette: Macaron con Foie Gras, Tacchino ripieno di Foie Gras e castagne, Verdure invernali con Foie Gras.... Diventerai un \"esperto\" nella facile preparazione del tuo Foies Gras!","og_url":"https:\/\/relaisgourmet.com\/it\/prodotto\/cucinare-il-foie-gras-in-modo-semplice\/","og_site_name":"Relais Gourmet","article_publisher":"https:\/\/www.facebook.com\/relaisgourmet\/","article_modified_time":"2026-04-01T22:42:25+00:00","og_image":[{"width":1000,"height":1179,"url":"https:\/\/relaisgourmet.com\/wp-content\/uploads\/2026\/03\/5-e1698754257552-1.jpg","type":"image\/jpeg"}],"twitter_card":"summary_large_image","twitter_site":"@relaisgourmet64","twitter_misc":{"Tempo di lettura stimato":"1 minuto"},"schema":{"@context":"https:\/\/schema.org","@graph":[{"@type":"WebPage","@id":"https:\/\/relaisgourmet.com\/it\/prodotto\/cucinare-il-foie-gras-in-modo-semplice\/","url":"https:\/\/relaisgourmet.com\/it\/prodotto\/cucinare-il-foie-gras-in-modo-semplice\/","name":"Cucinare il foie gras: idee e ricette | Relais Gourmet","isPartOf":{"@id":"https:\/\/relaisgourmet.com\/it\/#website"},"primaryImageOfPage":{"@id":"https:\/\/relaisgourmet.com\/it\/prodotto\/cucinare-il-foie-gras-in-modo-semplice\/#primaryimage"},"image":{"@id":"https:\/\/relaisgourmet.com\/it\/prodotto\/cucinare-il-foie-gras-in-modo-semplice\/#primaryimage"},"thumbnailUrl":"https:\/\/relaisgourmet.com\/wp-content\/uploads\/2026\/03\/5-e1698754257552-1.jpg","datePublished":"2026-03-10T12:24:45+00:00","dateModified":"2026-04-01T22:42:25+00:00","description":"Libro \"Cucinare il foie gras\": scopri tutti i consigli per preparare un foie gras sublime a casa tua.","breadcrumb":{"@id":"https:\/\/relaisgourmet.com\/it\/prodotto\/cucinare-il-foie-gras-in-modo-semplice\/#breadcrumb"},"inLanguage":"it-IT","potentialAction":[{"@type":"ReadAction","target":["https:\/\/relaisgourmet.com\/it\/prodotto\/cucinare-il-foie-gras-in-modo-semplice\/"]}]},{"@type":"ImageObject","inLanguage":"it-IT","@id":"https:\/\/relaisgourmet.com\/it\/prodotto\/cucinare-il-foie-gras-in-modo-semplice\/#primaryimage","url":"https:\/\/relaisgourmet.com\/wp-content\/uploads\/2026\/03\/5-e1698754257552-1.jpg","contentUrl":"https:\/\/relaisgourmet.com\/wp-content\/uploads\/2026\/03\/5-e1698754257552-1.jpg","width":1000,"height":1179},{"@type":"BreadcrumbList","@id":"https:\/\/relaisgourmet.com\/it\/prodotto\/cucinare-il-foie-gras-in-modo-semplice\/#breadcrumb","itemListElement":[{"@type":"ListItem","position":1,"name":"Casa","item":"https:\/\/relaisgourmet.com\/it\/casa\/"},{"@type":"ListItem","position":2,"name":"Tutti i nostri prodotti","item":"https:\/\/relaisgourmet.com\/it\/shop\/"},{"@type":"ListItem","position":3,"name":"Cucinare il foie gras in modo semplice"}]},{"@type":"WebSite","@id":"https:\/\/relaisgourmet.com\/it\/#website","url":"https:\/\/relaisgourmet.com\/it\/","name":"Relais Gourmet","description":"Foie Gras 100% Fran\u00e7ais","publisher":{"@id":"https:\/\/relaisgourmet.com\/it\/#organization"},"potentialAction":[{"@type":"SearchAction","target":{"@type":"EntryPoint","urlTemplate":"https:\/\/relaisgourmet.com\/it\/?s={search_term_string}"},"query-input":{"@type":"PropertyValueSpecification","valueRequired":true,"valueName":"search_term_string"}}],"inLanguage":"it-IT"},{"@type":"Organization","@id":"https:\/\/relaisgourmet.com\/it\/#organization","name":"Relais Gourmet","url":"https:\/\/relaisgourmet.com\/it\/","logo":{"@type":"ImageObject","inLanguage":"it-IT","@id":"https:\/\/relaisgourmet.com\/it\/#\/schema\/logo\/image\/","url":"https:\/\/relaisgourmet.com\/wp-content\/uploads\/2026\/03\/yoast-logo-2-relais-gourmet-.png","contentUrl":"https:\/\/relaisgourmet.com\/wp-content\/uploads\/2026\/03\/yoast-logo-2-relais-gourmet-.png","width":1200,"height":675,"caption":"Relais Gourmet"},"image":{"@id":"https:\/\/relaisgourmet.com\/it\/#\/schema\/logo\/image\/"},"sameAs":["https:\/\/www.facebook.com\/relaisgourmet\/","https:\/\/x.com\/relaisgourmet64","https:\/\/www.instagram.com\/relaisgourmetofficiel","https:\/\/www.pinterest.fr\/relaisgourmet\/"],"email":"yaqueche@relaisgourmet.com","telephone":"+33 0 5 40 07 07 65","legalName":"Relais Gourmet","vatID":"FR13482415015","taxID":"482415015"}]}},"_links":{"self":[{"href":"https:\/\/relaisgourmet.com\/it\/wp-json\/wp\/v2\/product\/67248","targetHints":{"allow":["GET"]}}],"collection":[{"href":"https:\/\/relaisgourmet.com\/it\/wp-json\/wp\/v2\/product"}],"about":[{"href":"https:\/\/relaisgourmet.com\/it\/wp-json\/wp\/v2\/types\/product"}],"replies":[{"embeddable":true,"href":"https:\/\/relaisgourmet.com\/it\/wp-json\/wp\/v2\/comments?post=67248"}],"wp:featuredmedia":[{"embeddable":true,"href":"https:\/\/relaisgourmet.com\/it\/wp-json\/wp\/v2\/media\/67249"}],"wp:attachment":[{"href":"https:\/\/relaisgourmet.com\/it\/wp-json\/wp\/v2\/media?parent=67248"}],"wp:term":[{"taxonomy":"product_brand","embeddable":true,"href":"https:\/\/relaisgourmet.com\/it\/wp-json\/wp\/v2\/product_brand?post=67248"},{"taxonomy":"product_cat","embeddable":true,"href":"https:\/\/relaisgourmet.com\/it\/wp-json\/wp\/v2\/product_cat?post=67248"},{"taxonomy":"product_tag","embeddable":true,"href":"https:\/\/relaisgourmet.com\/it\/wp-json\/wp\/v2\/product_tag?post=67248"},{"taxonomy":"giftcard-category","embeddable":true,"href":"https:\/\/relaisgourmet.com\/it\/wp-json\/wp\/v2\/giftcard-category?post=67248"}],"curies":[{"name":"wp","href":"https:\/\/api.w.org\/{rel}","templated":true}]}}