{"id":67168,"date":"2026-03-10T12:24:42","date_gmt":"2026-03-10T12:24:42","guid":{"rendered":"https:\/\/relaisgourmet.com\/product\/il-primer-dei-paesi-baschi-volume-1\/"},"modified":"2026-04-01T22:40:52","modified_gmt":"2026-04-01T22:40:52","slug":"il-primer-dei-paesi-baschi-volume-1","status":"publish","type":"product","link":"https:\/\/relaisgourmet.com\/it\/prodotto\/il-primer-dei-paesi-baschi-volume-1\/","title":{"rendered":"Il Primer dei Paesi Baschi - Volume 1"},"content":{"rendered":"<p><strong>Scopri la versione digitale del Primer dei Paesi Baschi.<\/strong><\/p>\n<p>Cos&#8217;\u00e8 un libro alfabetico? \u00c8 una guida esplorativa, un viaggio in cui ogni lettera dell&#8217;alfabeto viene utilizzata come bussola per navigare tra temi, autori, generi, personaggi, luoghi e molto altro ancora. Questo concetto originale offre un panorama ricco e diversificato del mondo della letteratura, permettendoti di associare ogni lettera a una parola chiave rappresentativa.  <\/p>\n<p>L&#8217;e-book &#8220;L&#8217;Ab\u00e9c\u00e9daire du Pays Basque&#8221; \u00e8 composto da diversi capitoli che coprono una vasta gamma di argomenti tra cui storia, letteratura, musica, gastronomia, artigianato, tradizioni e molto altro ancora.<\/p>\n<p>Questi capitoli sono illustrati con foto e disegni che aggiungono un tocco personale e originale al libro.<\/p>\n<p>Scritto da un appassionato dei Paesi Baschi, questo libro \u00e8 una guida preziosa per scoprire e comprendere meglio questa regione ricca di cultura e patrimonio.<\/p>\n<p>Il primo volume de L&#8217;ab\u00e9c\u00e9daire \u00e8 in omaggio con qualsiasi ordine superiore a 79\u20ac.<\/p>\n<p>Relais Gourmet ti invita a scoprire i Paesi Baschi attraverso un alfabeto ricco di gastronomia, folklore e patrimonio storico.<\/p>\n<p>Con questo libro sarai ben attrezzato per ogni occasione e potrai goderti i nostri diversi foies gras!<\/p>\n<p>Puoi trovare tutti i nostri consigli di preparazione nella sezione Consigli e tutti i nostri prodotti baschi nel negozio Relais Gourmet.<\/p>\n<p>Non esitare a visitare il nostro <a href=\"https:\/\/epic-varahamihira.207-180-195-93.plesk.page\/index.php\/blog-foies-gras-actualite\/\">blog<\/a> per scoprire le nostre <a href=\"\/?page_id=33979\">ricette <\/a>e altri nuovi prodotti.<\/p>\n<p>Infine, per un pasto da gourmet, perch\u00e9 non concludere in bellezza con dei deliziosi Turrones <a href=\"https:\/\/mariasimona.com\/?lang=es\">Maria Simona <\/a>?<\/p>\n<p>FILE: pdf<\/p>\n<p>AUTORE: Yaqueche<\/p>\n<p>NUMERO DI PAGINE: 34 pagine<\/p>\n","protected":false},"excerpt":{"rendered":"<p><strong>L&#8217;affascinante mondo dei Paesi Baschi in questa prima versione digitale del libro<\/strong><\/p>\n<p><em><strong>Questo libro \u00e8 gratuito con qualsiasi ordine superiore a 79\u20ac.<\/strong><\/em><\/p>\n<p>Relais Gourmet ti invita a scoprire i Paesi Baschi attraverso un percorso ricco di gastronomia, folklore e patrimonio storico.<\/p>\n<p>FILE: pdf<\/p>\n<p>AUTORE: Yaqueche<\/p>\n<p>NUMERO DI PAGINE: 34 pagine<\/p>\n","protected":false},"featured_media":67170,"comment_status":"closed","ping_status":"closed","template":"","meta":{"_iconic_wsb_product_page_order_bump_ids":[],"_sku":["3640000336173"],"_iconic_wsb_product_page_bump_modal_ids":[]},"product_brand":[],"product_cat":[2157],"product_tag":[2743,2744,1659],"giftcard-category":[],"class_list":{"0":"post-67168","1":"product","2":"type-product","3":"status-publish","4":"has-post-thumbnail","6":"product_cat-ebook-di-cucina","7":"product_tag-ebook","8":"product_tag-paesi-baschi","9":"product_tag-prodotto-in-francia","10":"product_shipping_class-standard","12":"first","13":"instock","14":"downloadable","15":"virtual","16":"taxable","17":"purchasable","18":"product-type-simple"},"yoast_head":"<!-- This site is optimized with the Yoast SEO Premium plugin v27.3 (Yoast SEO v27.3) - https:\/\/yoast.com\/product\/yoast-seo-premium-wordpress\/ -->\n<title>Il Primer dei Paesi Baschi Volume 1 | Relais Gourmet<\/title>\n<meta name=\"description\" content=\"Ab\u00e9c\u00e9daire du Pays Basque - Tome 1: il primo volume che ti immerge nell&#039;affascinante mondo dei Paesi Baschi.\" \/>\n<meta name=\"robots\" content=\"index, follow, max-snippet:-1, max-image-preview:large, max-video-preview:-1\" \/>\n<link rel=\"canonical\" href=\"https:\/\/relaisgourmet.com\/it\/prodotto\/il-primer-dei-paesi-baschi-volume-1\/\" \/>\n<meta property=\"og:locale\" content=\"it_IT\" \/>\n<meta property=\"og:type\" content=\"article\" \/>\n<meta property=\"og:title\" content=\"Il Primer dei Paesi Baschi - Volume 1\" \/>\n<meta property=\"og:description\" content=\"L&#039;affascinante mondo dei Paesi Baschi in questa prima versione digitale del libro Questo libro \u00e8 gratuito con qualsiasi ordine superiore a 79\u20ac. Relais Gourmet ti invita a scoprire i Paesi Baschi attraverso un percorso ricco di gastronomia, folklore e patrimonio storico. FILE: pdf AUTORE: Yaqueche NUMERO DI PAGINE: 34 pagine\" \/>\n<meta property=\"og:url\" content=\"https:\/\/relaisgourmet.com\/it\/prodotto\/il-primer-dei-paesi-baschi-volume-1\/\" \/>\n<meta property=\"og:site_name\" content=\"Relais Gourmet\" \/>\n<meta property=\"article:publisher\" content=\"https:\/\/www.facebook.com\/relaisgourmet\/\" \/>\n<meta property=\"article:modified_time\" content=\"2026-04-01T22:40:52+00:00\" \/>\n<meta property=\"og:image\" content=\"https:\/\/relaisgourmet.com\/wp-content\/uploads\/2026\/03\/abecedaire-1-1.png\" \/>\n\t<meta property=\"og:image:width\" content=\"600\" \/>\n\t<meta property=\"og:image:height\" content=\"600\" \/>\n\t<meta property=\"og:image:type\" content=\"image\/png\" \/>\n<meta name=\"twitter:card\" content=\"summary_large_image\" \/>\n<meta name=\"twitter:site\" content=\"@relaisgourmet64\" \/>\n<meta name=\"twitter:label1\" content=\"Tempo di lettura stimato\" \/>\n\t<meta name=\"twitter:data1\" content=\"1 minuto\" \/>\n<script type=\"application\/ld+json\" class=\"yoast-schema-graph\">{\"@context\":\"https:\\\/\\\/schema.org\",\"@graph\":[{\"@type\":\"WebPage\",\"@id\":\"https:\\\/\\\/relaisgourmet.com\\\/it\\\/prodotto\\\/il-primer-dei-paesi-baschi-volume-1\\\/\",\"url\":\"https:\\\/\\\/relaisgourmet.com\\\/it\\\/prodotto\\\/il-primer-dei-paesi-baschi-volume-1\\\/\",\"name\":\"Il Primer dei Paesi Baschi Volume 1 | Relais Gourmet\",\"isPartOf\":{\"@id\":\"https:\\\/\\\/relaisgourmet.com\\\/it\\\/#website\"},\"primaryImageOfPage\":{\"@id\":\"https:\\\/\\\/relaisgourmet.com\\\/it\\\/prodotto\\\/il-primer-dei-paesi-baschi-volume-1\\\/#primaryimage\"},\"image\":{\"@id\":\"https:\\\/\\\/relaisgourmet.com\\\/it\\\/prodotto\\\/il-primer-dei-paesi-baschi-volume-1\\\/#primaryimage\"},\"thumbnailUrl\":\"https:\\\/\\\/relaisgourmet.com\\\/wp-content\\\/uploads\\\/2026\\\/03\\\/abecedaire-1-1.png\",\"datePublished\":\"2026-03-10T12:24:42+00:00\",\"dateModified\":\"2026-04-01T22:40:52+00:00\",\"description\":\"Ab\u00e9c\u00e9daire du Pays Basque - Tome 1: il primo volume che ti immerge nell'affascinante mondo dei Paesi Baschi.\",\"breadcrumb\":{\"@id\":\"https:\\\/\\\/relaisgourmet.com\\\/it\\\/prodotto\\\/il-primer-dei-paesi-baschi-volume-1\\\/#breadcrumb\"},\"inLanguage\":\"it-IT\",\"potentialAction\":[{\"@type\":\"ReadAction\",\"target\":[\"https:\\\/\\\/relaisgourmet.com\\\/it\\\/prodotto\\\/il-primer-dei-paesi-baschi-volume-1\\\/\"]}]},{\"@type\":\"ImageObject\",\"inLanguage\":\"it-IT\",\"@id\":\"https:\\\/\\\/relaisgourmet.com\\\/it\\\/prodotto\\\/il-primer-dei-paesi-baschi-volume-1\\\/#primaryimage\",\"url\":\"https:\\\/\\\/relaisgourmet.com\\\/wp-content\\\/uploads\\\/2026\\\/03\\\/abecedaire-1-1.png\",\"contentUrl\":\"https:\\\/\\\/relaisgourmet.com\\\/wp-content\\\/uploads\\\/2026\\\/03\\\/abecedaire-1-1.png\",\"width\":600,\"height\":600},{\"@type\":\"BreadcrumbList\",\"@id\":\"https:\\\/\\\/relaisgourmet.com\\\/it\\\/prodotto\\\/il-primer-dei-paesi-baschi-volume-1\\\/#breadcrumb\",\"itemListElement\":[{\"@type\":\"ListItem\",\"position\":1,\"name\":\"Casa\",\"item\":\"https:\\\/\\\/relaisgourmet.com\\\/it\\\/casa\\\/\"},{\"@type\":\"ListItem\",\"position\":2,\"name\":\"Tutti i nostri prodotti\",\"item\":\"https:\\\/\\\/relaisgourmet.com\\\/it\\\/shop\\\/\"},{\"@type\":\"ListItem\",\"position\":3,\"name\":\"Il Primer dei Paesi Baschi - Volume 1\"}]},{\"@type\":\"WebSite\",\"@id\":\"https:\\\/\\\/relaisgourmet.com\\\/it\\\/#website\",\"url\":\"https:\\\/\\\/relaisgourmet.com\\\/it\\\/\",\"name\":\"Relais Gourmet\",\"description\":\"Foie Gras 100% Fran\u00e7ais\",\"publisher\":{\"@id\":\"https:\\\/\\\/relaisgourmet.com\\\/it\\\/#organization\"},\"potentialAction\":[{\"@type\":\"SearchAction\",\"target\":{\"@type\":\"EntryPoint\",\"urlTemplate\":\"https:\\\/\\\/relaisgourmet.com\\\/it\\\/?s={search_term_string}\"},\"query-input\":{\"@type\":\"PropertyValueSpecification\",\"valueRequired\":true,\"valueName\":\"search_term_string\"}}],\"inLanguage\":\"it-IT\"},{\"@type\":\"Organization\",\"@id\":\"https:\\\/\\\/relaisgourmet.com\\\/it\\\/#organization\",\"name\":\"Relais Gourmet\",\"url\":\"https:\\\/\\\/relaisgourmet.com\\\/it\\\/\",\"logo\":{\"@type\":\"ImageObject\",\"inLanguage\":\"it-IT\",\"@id\":\"https:\\\/\\\/relaisgourmet.com\\\/it\\\/#\\\/schema\\\/logo\\\/image\\\/\",\"url\":\"https:\\\/\\\/relaisgourmet.com\\\/wp-content\\\/uploads\\\/2026\\\/03\\\/yoast-logo-2-relais-gourmet-.png\",\"contentUrl\":\"https:\\\/\\\/relaisgourmet.com\\\/wp-content\\\/uploads\\\/2026\\\/03\\\/yoast-logo-2-relais-gourmet-.png\",\"width\":1200,\"height\":675,\"caption\":\"Relais Gourmet\"},\"image\":{\"@id\":\"https:\\\/\\\/relaisgourmet.com\\\/it\\\/#\\\/schema\\\/logo\\\/image\\\/\"},\"sameAs\":[\"https:\\\/\\\/www.facebook.com\\\/relaisgourmet\\\/\",\"https:\\\/\\\/x.com\\\/relaisgourmet64\",\"https:\\\/\\\/www.instagram.com\\\/relaisgourmetofficiel\",\"https:\\\/\\\/www.pinterest.fr\\\/relaisgourmet\\\/\"],\"email\":\"yaqueche@relaisgourmet.com\",\"telephone\":\"+33 0 5 40 07 07 65\",\"legalName\":\"Relais Gourmet\",\"vatID\":\"FR13482415015\",\"taxID\":\"482415015\"}]}<\/script>\n<!-- \/ Yoast SEO Premium plugin. -->","yoast_head_json":{"title":"Il Primer dei Paesi Baschi Volume 1 | Relais Gourmet","description":"Ab\u00e9c\u00e9daire du Pays Basque - Tome 1: il primo volume che ti immerge nell'affascinante mondo dei Paesi Baschi.","robots":{"index":"index","follow":"follow","max-snippet":"max-snippet:-1","max-image-preview":"max-image-preview:large","max-video-preview":"max-video-preview:-1"},"canonical":"https:\/\/relaisgourmet.com\/it\/prodotto\/il-primer-dei-paesi-baschi-volume-1\/","og_locale":"it_IT","og_type":"article","og_title":"Il Primer dei Paesi Baschi - Volume 1","og_description":"L'affascinante mondo dei Paesi Baschi in questa prima versione digitale del libro Questo libro \u00e8 gratuito con qualsiasi ordine superiore a 79\u20ac. Relais Gourmet ti invita a scoprire i Paesi Baschi attraverso un percorso ricco di gastronomia, folklore e patrimonio storico. FILE: pdf AUTORE: Yaqueche NUMERO DI PAGINE: 34 pagine","og_url":"https:\/\/relaisgourmet.com\/it\/prodotto\/il-primer-dei-paesi-baschi-volume-1\/","og_site_name":"Relais Gourmet","article_publisher":"https:\/\/www.facebook.com\/relaisgourmet\/","article_modified_time":"2026-04-01T22:40:52+00:00","og_image":[{"width":600,"height":600,"url":"https:\/\/relaisgourmet.com\/wp-content\/uploads\/2026\/03\/abecedaire-1-1.png","type":"image\/png"}],"twitter_card":"summary_large_image","twitter_site":"@relaisgourmet64","twitter_misc":{"Tempo di lettura stimato":"1 minuto"},"schema":{"@context":"https:\/\/schema.org","@graph":[{"@type":"WebPage","@id":"https:\/\/relaisgourmet.com\/it\/prodotto\/il-primer-dei-paesi-baschi-volume-1\/","url":"https:\/\/relaisgourmet.com\/it\/prodotto\/il-primer-dei-paesi-baschi-volume-1\/","name":"Il Primer dei Paesi Baschi Volume 1 | Relais Gourmet","isPartOf":{"@id":"https:\/\/relaisgourmet.com\/it\/#website"},"primaryImageOfPage":{"@id":"https:\/\/relaisgourmet.com\/it\/prodotto\/il-primer-dei-paesi-baschi-volume-1\/#primaryimage"},"image":{"@id":"https:\/\/relaisgourmet.com\/it\/prodotto\/il-primer-dei-paesi-baschi-volume-1\/#primaryimage"},"thumbnailUrl":"https:\/\/relaisgourmet.com\/wp-content\/uploads\/2026\/03\/abecedaire-1-1.png","datePublished":"2026-03-10T12:24:42+00:00","dateModified":"2026-04-01T22:40:52+00:00","description":"Ab\u00e9c\u00e9daire du Pays Basque - Tome 1: il primo volume che ti immerge nell'affascinante mondo dei Paesi Baschi.","breadcrumb":{"@id":"https:\/\/relaisgourmet.com\/it\/prodotto\/il-primer-dei-paesi-baschi-volume-1\/#breadcrumb"},"inLanguage":"it-IT","potentialAction":[{"@type":"ReadAction","target":["https:\/\/relaisgourmet.com\/it\/prodotto\/il-primer-dei-paesi-baschi-volume-1\/"]}]},{"@type":"ImageObject","inLanguage":"it-IT","@id":"https:\/\/relaisgourmet.com\/it\/prodotto\/il-primer-dei-paesi-baschi-volume-1\/#primaryimage","url":"https:\/\/relaisgourmet.com\/wp-content\/uploads\/2026\/03\/abecedaire-1-1.png","contentUrl":"https:\/\/relaisgourmet.com\/wp-content\/uploads\/2026\/03\/abecedaire-1-1.png","width":600,"height":600},{"@type":"BreadcrumbList","@id":"https:\/\/relaisgourmet.com\/it\/prodotto\/il-primer-dei-paesi-baschi-volume-1\/#breadcrumb","itemListElement":[{"@type":"ListItem","position":1,"name":"Casa","item":"https:\/\/relaisgourmet.com\/it\/casa\/"},{"@type":"ListItem","position":2,"name":"Tutti i nostri prodotti","item":"https:\/\/relaisgourmet.com\/it\/shop\/"},{"@type":"ListItem","position":3,"name":"Il Primer dei Paesi Baschi - Volume 1"}]},{"@type":"WebSite","@id":"https:\/\/relaisgourmet.com\/it\/#website","url":"https:\/\/relaisgourmet.com\/it\/","name":"Relais Gourmet","description":"Foie Gras 100% Fran\u00e7ais","publisher":{"@id":"https:\/\/relaisgourmet.com\/it\/#organization"},"potentialAction":[{"@type":"SearchAction","target":{"@type":"EntryPoint","urlTemplate":"https:\/\/relaisgourmet.com\/it\/?s={search_term_string}"},"query-input":{"@type":"PropertyValueSpecification","valueRequired":true,"valueName":"search_term_string"}}],"inLanguage":"it-IT"},{"@type":"Organization","@id":"https:\/\/relaisgourmet.com\/it\/#organization","name":"Relais Gourmet","url":"https:\/\/relaisgourmet.com\/it\/","logo":{"@type":"ImageObject","inLanguage":"it-IT","@id":"https:\/\/relaisgourmet.com\/it\/#\/schema\/logo\/image\/","url":"https:\/\/relaisgourmet.com\/wp-content\/uploads\/2026\/03\/yoast-logo-2-relais-gourmet-.png","contentUrl":"https:\/\/relaisgourmet.com\/wp-content\/uploads\/2026\/03\/yoast-logo-2-relais-gourmet-.png","width":1200,"height":675,"caption":"Relais Gourmet"},"image":{"@id":"https:\/\/relaisgourmet.com\/it\/#\/schema\/logo\/image\/"},"sameAs":["https:\/\/www.facebook.com\/relaisgourmet\/","https:\/\/x.com\/relaisgourmet64","https:\/\/www.instagram.com\/relaisgourmetofficiel","https:\/\/www.pinterest.fr\/relaisgourmet\/"],"email":"yaqueche@relaisgourmet.com","telephone":"+33 0 5 40 07 07 65","legalName":"Relais Gourmet","vatID":"FR13482415015","taxID":"482415015"}]}},"_links":{"self":[{"href":"https:\/\/relaisgourmet.com\/it\/wp-json\/wp\/v2\/product\/67168","targetHints":{"allow":["GET"]}}],"collection":[{"href":"https:\/\/relaisgourmet.com\/it\/wp-json\/wp\/v2\/product"}],"about":[{"href":"https:\/\/relaisgourmet.com\/it\/wp-json\/wp\/v2\/types\/product"}],"replies":[{"embeddable":true,"href":"https:\/\/relaisgourmet.com\/it\/wp-json\/wp\/v2\/comments?post=67168"}],"wp:featuredmedia":[{"embeddable":true,"href":"https:\/\/relaisgourmet.com\/it\/wp-json\/wp\/v2\/media\/67170"}],"wp:attachment":[{"href":"https:\/\/relaisgourmet.com\/it\/wp-json\/wp\/v2\/media?parent=67168"}],"wp:term":[{"taxonomy":"product_brand","embeddable":true,"href":"https:\/\/relaisgourmet.com\/it\/wp-json\/wp\/v2\/product_brand?post=67168"},{"taxonomy":"product_cat","embeddable":true,"href":"https:\/\/relaisgourmet.com\/it\/wp-json\/wp\/v2\/product_cat?post=67168"},{"taxonomy":"product_tag","embeddable":true,"href":"https:\/\/relaisgourmet.com\/it\/wp-json\/wp\/v2\/product_tag?post=67168"},{"taxonomy":"giftcard-category","embeddable":true,"href":"https:\/\/relaisgourmet.com\/it\/wp-json\/wp\/v2\/giftcard-category?post=67168"}],"curies":[{"name":"wp","href":"https:\/\/api.w.org\/{rel}","templated":true}]}}