{"id":66905,"date":"2026-03-10T12:24:04","date_gmt":"2026-03-10T12:24:04","guid":{"rendered":"https:\/\/relaisgourmet.com\/product\/fiocchi-di-foie-gras\/"},"modified":"2026-04-01T22:35:20","modified_gmt":"2026-04-01T22:35:20","slug":"fiocchi-di-foie-gras","status":"publish","type":"product","link":"https:\/\/relaisgourmet.com\/it\/prodotto\/fiocchi-di-foie-gras\/","title":{"rendered":"Fiocchi di foie gras"},"content":{"rendered":"<h3 data-start=\"68\" data-end=\"142\">Prova un utensile da cucina essenziale: il raccoglitore di Foie Gras!<\/h3>\n<h4 data-start=\"144\" data-end=\"186\">Cos&#8217;\u00e8 la Lyre \u00e0 Foie Gras?<\/h4>\n<p data-start=\"187\" data-end=\"502\">Il Foie Gras Binder \u00e8 un utensile da cucina progettato per tagliare il Foie Gras in fette sottili e uniformi. \u00c8 costituito da un telaio con fili di acciaio inossidabile in tensione, simile a un filo di formaggio. Il suo design garantisce un taglio netto e preciso, ideale per preservare la consistenza delicata del Foie Gras.  <\/p>\n<h4 data-start=\"504\" data-end=\"539\">Perch\u00e9 usare una lira?<\/h4>\n<p data-start=\"540\" data-end=\"829\">Questo strumento \u00e8 molto apprezzato dagli chef per migliorare la presentazione dei loro piatti, ma \u00e8 ideale anche per i dilettanti che vogliono creare piatti degni delle tavole pi\u00f9 raffinate. Il taglio uniforme migliora l&#8217;estetica e il gusto del Foie Gras, evitando qualsiasi schiacciamento o deformazione. <\/p>\n<p data-start=\"831\" data-end=\"1010\">Inoltre, la lira non si limita al Foie Gras! \u00c8 ideale anche per tagliare formaggi morbidi, dessert come le terrine e alcune torte delicate. <\/p>\n<h4 data-start=\"1012\" data-end=\"1039\">Come si usa?<\/h4>\n<ol data-start=\"1040\" data-end=\"1278\">\n<li data-start=\"1040\" data-end=\"1102\">Metti il Foie Gras fresco su un tagliere.<\/li>\n<li data-start=\"1103\" data-end=\"1202\">Tieni la lira saldamente per i manici e falla scorrere esercitando una leggera pressione.<\/li>\n<li data-start=\"1203\" data-end=\"1278\">Ripeti l&#8217;operazione per ottenere fette perfette e uniformi.<\/li>\n<\/ol>\n<p data-start=\"1280\" data-end=\"1380\">Con questo utensile \u00e8 facile preparare piatti raffinati e ottenere il massimo dai tuoi pasti!<\/p>\n<p data-start=\"1382\" data-end=\"1576\">\ud83d\udecd Sc <strong data-start=\"1385\" data-end=\"1478\">opri la nostra selezione nel negozio <a href=\"https:\/\/epic-varahamihira.207-180-195-93.plesk.page\" target=\"_new\" rel=\"noopener\" data-start=\"1429\" data-end=\"1476\">Relais Gourmet<\/a><\/strong><br data-start=\"1478\" data-end=\"1481\">\ud83d\udcd6 <strong data-start=\"1484\" data-end=\"1574\">Scopri le ricette e i consigli del nostro <a target=\"_new\" rel=\"noopener\" data-start=\"1530\" data-end=\"1572\">blog<\/a><\/strong><\/p>\n","protected":false},"excerpt":{"rendered":"<p><span style=\"color: #000000;\">Questo<\/span><strong><span style=\"color: #d0121a;\"> taglierina per Foie Gras in acciaio inox<\/span> <\/strong>\u00e8 ideale per tagliare fette sottili e pulite per una presentazione perfetta.<\/p>\n","protected":false},"featured_media":66906,"comment_status":"closed","ping_status":"closed","template":"","meta":{"_iconic_wsb_product_page_order_bump_ids":[],"_sku":["3400000333462"],"_iconic_wsb_product_page_bump_modal_ids":[]},"product_brand":[],"product_cat":[2124],"product_tag":[2428,2429,2430,2125,1733,2431],"giftcard-category":[],"class_list":{"0":"post-66905","1":"product","2":"type-product","3":"status-publish","4":"has-post-thumbnail","6":"product_cat-utensili","7":"product_tag-acquista-una-lira","8":"product_tag-lira","9":"product_tag-lira-di-foie-gras","10":"product_tag-taglio-del-foie-gras","11":"product_tag-tipoclasico","12":"product_tag-utensili-per-tagliare-il-foie-gras","13":"product_shipping_class-tva-5-5","15":"first","16":"instock","17":"taxable","18":"shipping-taxable","19":"purchasable","20":"product-type-simple"},"yoast_head":"<!-- This site is optimized with the Yoast SEO Premium plugin v27.3 (Yoast SEO v27.3) - https:\/\/yoast.com\/product\/yoast-seo-premium-wordpress\/ -->\n<title>Soffiatore per foie gras in acciaio inox - taglio da 10 cm<\/title>\n<meta name=\"description\" content=\"Bowser per foie gras: lo strumento essenziale per tagliare il foie gras con precisione.\" \/>\n<meta name=\"robots\" content=\"index, follow, max-snippet:-1, max-image-preview:large, max-video-preview:-1\" \/>\n<link rel=\"canonical\" href=\"https:\/\/relaisgourmet.com\/it\/prodotto\/fiocchi-di-foie-gras\/\" \/>\n<meta property=\"og:locale\" content=\"it_IT\" \/>\n<meta property=\"og:type\" content=\"article\" \/>\n<meta property=\"og:title\" content=\"Fiocchi di foie gras\" \/>\n<meta property=\"og:description\" content=\"Questo taglierina per Foie Gras in acciaio inox \u00e8 ideale per tagliare fette sottili e pulite per una presentazione perfetta.\" \/>\n<meta property=\"og:url\" content=\"https:\/\/relaisgourmet.com\/it\/prodotto\/fiocchi-di-foie-gras\/\" \/>\n<meta property=\"og:site_name\" content=\"Relais Gourmet\" \/>\n<meta property=\"article:publisher\" content=\"https:\/\/www.facebook.com\/relaisgourmet\/\" \/>\n<meta property=\"article:modified_time\" content=\"2026-04-01T22:35:20+00:00\" \/>\n<meta property=\"og:image\" content=\"https:\/\/relaisgourmet.com\/wp-content\/uploads\/2026\/03\/Lyre.png\" \/>\n\t<meta property=\"og:image:width\" content=\"1000\" \/>\n\t<meta property=\"og:image:height\" content=\"1000\" \/>\n\t<meta property=\"og:image:type\" content=\"image\/png\" \/>\n<meta name=\"twitter:card\" content=\"summary_large_image\" \/>\n<meta name=\"twitter:site\" content=\"@relaisgourmet64\" \/>\n<meta name=\"twitter:label1\" content=\"Tempo di lettura stimato\" \/>\n\t<meta name=\"twitter:data1\" content=\"1 minuto\" \/>\n<script type=\"application\/ld+json\" class=\"yoast-schema-graph\">{\"@context\":\"https:\\\/\\\/schema.org\",\"@graph\":[{\"@type\":\"WebPage\",\"@id\":\"https:\\\/\\\/relaisgourmet.com\\\/it\\\/prodotto\\\/fiocchi-di-foie-gras\\\/\",\"url\":\"https:\\\/\\\/relaisgourmet.com\\\/it\\\/prodotto\\\/fiocchi-di-foie-gras\\\/\",\"name\":\"Soffiatore per foie gras in acciaio inox - taglio da 10 cm\",\"isPartOf\":{\"@id\":\"https:\\\/\\\/relaisgourmet.com\\\/it\\\/#website\"},\"primaryImageOfPage\":{\"@id\":\"https:\\\/\\\/relaisgourmet.com\\\/it\\\/prodotto\\\/fiocchi-di-foie-gras\\\/#primaryimage\"},\"image\":{\"@id\":\"https:\\\/\\\/relaisgourmet.com\\\/it\\\/prodotto\\\/fiocchi-di-foie-gras\\\/#primaryimage\"},\"thumbnailUrl\":\"https:\\\/\\\/relaisgourmet.com\\\/wp-content\\\/uploads\\\/2026\\\/03\\\/Lyre.png\",\"datePublished\":\"2026-03-10T12:24:04+00:00\",\"dateModified\":\"2026-04-01T22:35:20+00:00\",\"description\":\"Bowser per foie gras: lo strumento essenziale per tagliare il foie gras con precisione.\",\"breadcrumb\":{\"@id\":\"https:\\\/\\\/relaisgourmet.com\\\/it\\\/prodotto\\\/fiocchi-di-foie-gras\\\/#breadcrumb\"},\"inLanguage\":\"it-IT\",\"potentialAction\":[{\"@type\":\"ReadAction\",\"target\":[\"https:\\\/\\\/relaisgourmet.com\\\/it\\\/prodotto\\\/fiocchi-di-foie-gras\\\/\"]}]},{\"@type\":\"ImageObject\",\"inLanguage\":\"it-IT\",\"@id\":\"https:\\\/\\\/relaisgourmet.com\\\/it\\\/prodotto\\\/fiocchi-di-foie-gras\\\/#primaryimage\",\"url\":\"https:\\\/\\\/relaisgourmet.com\\\/wp-content\\\/uploads\\\/2026\\\/03\\\/Lyre.png\",\"contentUrl\":\"https:\\\/\\\/relaisgourmet.com\\\/wp-content\\\/uploads\\\/2026\\\/03\\\/Lyre.png\",\"width\":1000,\"height\":1000},{\"@type\":\"BreadcrumbList\",\"@id\":\"https:\\\/\\\/relaisgourmet.com\\\/it\\\/prodotto\\\/fiocchi-di-foie-gras\\\/#breadcrumb\",\"itemListElement\":[{\"@type\":\"ListItem\",\"position\":1,\"name\":\"Casa\",\"item\":\"https:\\\/\\\/relaisgourmet.com\\\/it\\\/casa\\\/\"},{\"@type\":\"ListItem\",\"position\":2,\"name\":\"Tutti i nostri prodotti\",\"item\":\"https:\\\/\\\/relaisgourmet.com\\\/it\\\/shop\\\/\"},{\"@type\":\"ListItem\",\"position\":3,\"name\":\"Fiocchi di foie gras\"}]},{\"@type\":\"WebSite\",\"@id\":\"https:\\\/\\\/relaisgourmet.com\\\/it\\\/#website\",\"url\":\"https:\\\/\\\/relaisgourmet.com\\\/it\\\/\",\"name\":\"Relais Gourmet\",\"description\":\"Foie Gras 100% Fran\u00e7ais\",\"publisher\":{\"@id\":\"https:\\\/\\\/relaisgourmet.com\\\/it\\\/#organization\"},\"potentialAction\":[{\"@type\":\"SearchAction\",\"target\":{\"@type\":\"EntryPoint\",\"urlTemplate\":\"https:\\\/\\\/relaisgourmet.com\\\/it\\\/?s={search_term_string}\"},\"query-input\":{\"@type\":\"PropertyValueSpecification\",\"valueRequired\":true,\"valueName\":\"search_term_string\"}}],\"inLanguage\":\"it-IT\"},{\"@type\":\"Organization\",\"@id\":\"https:\\\/\\\/relaisgourmet.com\\\/it\\\/#organization\",\"name\":\"Relais Gourmet\",\"url\":\"https:\\\/\\\/relaisgourmet.com\\\/it\\\/\",\"logo\":{\"@type\":\"ImageObject\",\"inLanguage\":\"it-IT\",\"@id\":\"https:\\\/\\\/relaisgourmet.com\\\/it\\\/#\\\/schema\\\/logo\\\/image\\\/\",\"url\":\"https:\\\/\\\/relaisgourmet.com\\\/wp-content\\\/uploads\\\/2026\\\/03\\\/yoast-logo-2-relais-gourmet-.png\",\"contentUrl\":\"https:\\\/\\\/relaisgourmet.com\\\/wp-content\\\/uploads\\\/2026\\\/03\\\/yoast-logo-2-relais-gourmet-.png\",\"width\":1200,\"height\":675,\"caption\":\"Relais Gourmet\"},\"image\":{\"@id\":\"https:\\\/\\\/relaisgourmet.com\\\/it\\\/#\\\/schema\\\/logo\\\/image\\\/\"},\"sameAs\":[\"https:\\\/\\\/www.facebook.com\\\/relaisgourmet\\\/\",\"https:\\\/\\\/x.com\\\/relaisgourmet64\",\"https:\\\/\\\/www.instagram.com\\\/relaisgourmetofficiel\",\"https:\\\/\\\/www.pinterest.fr\\\/relaisgourmet\\\/\"],\"email\":\"yaqueche@relaisgourmet.com\",\"telephone\":\"+33 0 5 40 07 07 65\",\"legalName\":\"Relais Gourmet\",\"vatID\":\"FR13482415015\",\"taxID\":\"482415015\"}]}<\/script>\n<!-- \/ Yoast SEO Premium plugin. -->","yoast_head_json":{"title":"Soffiatore per foie gras in acciaio inox - taglio da 10 cm","description":"Bowser per foie gras: lo strumento essenziale per tagliare il foie gras con precisione.","robots":{"index":"index","follow":"follow","max-snippet":"max-snippet:-1","max-image-preview":"max-image-preview:large","max-video-preview":"max-video-preview:-1"},"canonical":"https:\/\/relaisgourmet.com\/it\/prodotto\/fiocchi-di-foie-gras\/","og_locale":"it_IT","og_type":"article","og_title":"Fiocchi di foie gras","og_description":"Questo taglierina per Foie Gras in acciaio inox \u00e8 ideale per tagliare fette sottili e pulite per una presentazione perfetta.","og_url":"https:\/\/relaisgourmet.com\/it\/prodotto\/fiocchi-di-foie-gras\/","og_site_name":"Relais Gourmet","article_publisher":"https:\/\/www.facebook.com\/relaisgourmet\/","article_modified_time":"2026-04-01T22:35:20+00:00","og_image":[{"width":1000,"height":1000,"url":"https:\/\/relaisgourmet.com\/wp-content\/uploads\/2026\/03\/Lyre.png","type":"image\/png"}],"twitter_card":"summary_large_image","twitter_site":"@relaisgourmet64","twitter_misc":{"Tempo di lettura stimato":"1 minuto"},"schema":{"@context":"https:\/\/schema.org","@graph":[{"@type":"WebPage","@id":"https:\/\/relaisgourmet.com\/it\/prodotto\/fiocchi-di-foie-gras\/","url":"https:\/\/relaisgourmet.com\/it\/prodotto\/fiocchi-di-foie-gras\/","name":"Soffiatore per foie gras in acciaio inox - taglio da 10 cm","isPartOf":{"@id":"https:\/\/relaisgourmet.com\/it\/#website"},"primaryImageOfPage":{"@id":"https:\/\/relaisgourmet.com\/it\/prodotto\/fiocchi-di-foie-gras\/#primaryimage"},"image":{"@id":"https:\/\/relaisgourmet.com\/it\/prodotto\/fiocchi-di-foie-gras\/#primaryimage"},"thumbnailUrl":"https:\/\/relaisgourmet.com\/wp-content\/uploads\/2026\/03\/Lyre.png","datePublished":"2026-03-10T12:24:04+00:00","dateModified":"2026-04-01T22:35:20+00:00","description":"Bowser per foie gras: lo strumento essenziale per tagliare il foie gras con precisione.","breadcrumb":{"@id":"https:\/\/relaisgourmet.com\/it\/prodotto\/fiocchi-di-foie-gras\/#breadcrumb"},"inLanguage":"it-IT","potentialAction":[{"@type":"ReadAction","target":["https:\/\/relaisgourmet.com\/it\/prodotto\/fiocchi-di-foie-gras\/"]}]},{"@type":"ImageObject","inLanguage":"it-IT","@id":"https:\/\/relaisgourmet.com\/it\/prodotto\/fiocchi-di-foie-gras\/#primaryimage","url":"https:\/\/relaisgourmet.com\/wp-content\/uploads\/2026\/03\/Lyre.png","contentUrl":"https:\/\/relaisgourmet.com\/wp-content\/uploads\/2026\/03\/Lyre.png","width":1000,"height":1000},{"@type":"BreadcrumbList","@id":"https:\/\/relaisgourmet.com\/it\/prodotto\/fiocchi-di-foie-gras\/#breadcrumb","itemListElement":[{"@type":"ListItem","position":1,"name":"Casa","item":"https:\/\/relaisgourmet.com\/it\/casa\/"},{"@type":"ListItem","position":2,"name":"Tutti i nostri prodotti","item":"https:\/\/relaisgourmet.com\/it\/shop\/"},{"@type":"ListItem","position":3,"name":"Fiocchi di foie gras"}]},{"@type":"WebSite","@id":"https:\/\/relaisgourmet.com\/it\/#website","url":"https:\/\/relaisgourmet.com\/it\/","name":"Relais Gourmet","description":"Foie Gras 100% Fran\u00e7ais","publisher":{"@id":"https:\/\/relaisgourmet.com\/it\/#organization"},"potentialAction":[{"@type":"SearchAction","target":{"@type":"EntryPoint","urlTemplate":"https:\/\/relaisgourmet.com\/it\/?s={search_term_string}"},"query-input":{"@type":"PropertyValueSpecification","valueRequired":true,"valueName":"search_term_string"}}],"inLanguage":"it-IT"},{"@type":"Organization","@id":"https:\/\/relaisgourmet.com\/it\/#organization","name":"Relais Gourmet","url":"https:\/\/relaisgourmet.com\/it\/","logo":{"@type":"ImageObject","inLanguage":"it-IT","@id":"https:\/\/relaisgourmet.com\/it\/#\/schema\/logo\/image\/","url":"https:\/\/relaisgourmet.com\/wp-content\/uploads\/2026\/03\/yoast-logo-2-relais-gourmet-.png","contentUrl":"https:\/\/relaisgourmet.com\/wp-content\/uploads\/2026\/03\/yoast-logo-2-relais-gourmet-.png","width":1200,"height":675,"caption":"Relais Gourmet"},"image":{"@id":"https:\/\/relaisgourmet.com\/it\/#\/schema\/logo\/image\/"},"sameAs":["https:\/\/www.facebook.com\/relaisgourmet\/","https:\/\/x.com\/relaisgourmet64","https:\/\/www.instagram.com\/relaisgourmetofficiel","https:\/\/www.pinterest.fr\/relaisgourmet\/"],"email":"yaqueche@relaisgourmet.com","telephone":"+33 0 5 40 07 07 65","legalName":"Relais Gourmet","vatID":"FR13482415015","taxID":"482415015"}]}},"_links":{"self":[{"href":"https:\/\/relaisgourmet.com\/it\/wp-json\/wp\/v2\/product\/66905","targetHints":{"allow":["GET"]}}],"collection":[{"href":"https:\/\/relaisgourmet.com\/it\/wp-json\/wp\/v2\/product"}],"about":[{"href":"https:\/\/relaisgourmet.com\/it\/wp-json\/wp\/v2\/types\/product"}],"replies":[{"embeddable":true,"href":"https:\/\/relaisgourmet.com\/it\/wp-json\/wp\/v2\/comments?post=66905"}],"wp:featuredmedia":[{"embeddable":true,"href":"https:\/\/relaisgourmet.com\/it\/wp-json\/wp\/v2\/media\/66906"}],"wp:attachment":[{"href":"https:\/\/relaisgourmet.com\/it\/wp-json\/wp\/v2\/media?parent=66905"}],"wp:term":[{"taxonomy":"product_brand","embeddable":true,"href":"https:\/\/relaisgourmet.com\/it\/wp-json\/wp\/v2\/product_brand?post=66905"},{"taxonomy":"product_cat","embeddable":true,"href":"https:\/\/relaisgourmet.com\/it\/wp-json\/wp\/v2\/product_cat?post=66905"},{"taxonomy":"product_tag","embeddable":true,"href":"https:\/\/relaisgourmet.com\/it\/wp-json\/wp\/v2\/product_tag?post=66905"},{"taxonomy":"giftcard-category","embeddable":true,"href":"https:\/\/relaisgourmet.com\/it\/wp-json\/wp\/v2\/giftcard-category?post=66905"}],"curies":[{"name":"wp","href":"https:\/\/api.w.org\/{rel}","templated":true}]}}