{"id":66893,"date":"2026-03-30T15:07:55","date_gmt":"2026-03-30T15:07:55","guid":{"rendered":"https:\/\/relaisgourmet.com\/product\/componi-la-tua-scatola-gourmet-di-foies-gras-aromatizzato\/"},"modified":"2026-04-01T22:35:11","modified_gmt":"2026-04-01T22:35:11","slug":"componi-la-tua-scatola-gourmet-di-foies-gras-aromatizzato","status":"publish","type":"product","link":"https:\/\/relaisgourmet.com\/it\/prodotto\/componi-la-tua-scatola-gourmet-di-foies-gras-aromatizzato\/","title":{"rendered":"Componi la tua scatola gourmet di Foies Gras aromatizzato"},"content":{"rendered":"","protected":false},"excerpt":{"rendered":"<p>Personalizza la tua scatola con le nostre <strong>Foies Gras aromatizzate<\/strong>, che combinano aromi delicati e ingredienti accuratamente selezionati.<\/p>\n<p><u>\u00c8 facile:<br \/>\n<\/u>Scegli i vasetti <strong>da 200g o 400g<\/strong> in base ai tuoi gusti.<\/p>\n<p>Per ogni <strong>4 Foies Gras acquistati<\/strong>, ti regaliamo un <strong>aperitivo<\/strong> del valore di 12\u20ac.<br \/>\nPi\u00f9 <strong>consegna gratuita<\/strong> per ordini superiori a <strong>99\u20ac (solo per la Francia continentale).<\/strong><\/p>\n<p>Scopri le opzioni disponibili e crea la tua scatola di profumi perfetta!<\/p>\n<p><img decoding=\"async\" class=\"emoji\" role=\"img\" draggable=\"false\" src=\"https:\/\/s.w.org\/images\/core\/emoji\/15.0.3\/svg\/1f1eb-1f1f7.svg\" alt=\"\ud83c\uddeb\ud83c\uddf7\">  Garantito 100% di produzione francese<br \/>\n\u2714 Garantito senza conservanti, additivi o coloranti.<br \/>\n\ud83c\udf43 Anatre alimentate con mais giallo<br \/>\n\ud83d\ude9a Consegna veloce in tutto il mondo<br \/>\n\ud83d\udd53 Si conserva per 3 anni<br \/>\n\ud83d\udd10 Pagamento sicuro<\/p>\n","protected":false},"featured_media":66747,"comment_status":"open","ping_status":"closed","template":"","meta":{"_iconic_wsb_product_page_order_bump_ids":[[]],"_sku":["3780000351759"],"_iconic_wsb_product_page_bump_modal_ids":[[]]},"product_brand":[],"product_cat":[1536],"product_tag":[2411,2232,1659,2414],"giftcard-category":[],"class_list":{"0":"post-66893","1":"product","2":"type-product","3":"status-publish","4":"has-post-thumbnail","6":"product_cat-uncategorized","7":"product_tag-14-azioni","8":"product_tag-400g-2","9":"product_tag-prodotto-in-francia","10":"product_tag-scegliere","12":"first","13":"instock","14":"taxable","15":"shipping-taxable","16":"purchasable","17":"product-type-yith_bundle"},"yoast_head":"<!-- This site is optimized with the Yoast SEO Premium plugin v27.3 (Yoast SEO v27.3) - https:\/\/yoast.com\/product\/yoast-seo-premium-wordpress\/ -->\n<title>Coffret Gourmet Foies Gras Parfum\u00e9s \u00e0 Composer | Relais Gourmet<\/title>\n<meta name=\"description\" content=\"Seleziona gli aromi e componi il tuo cofanetto Foies Gras Parfum\u00e9s.\" \/>\n<meta name=\"robots\" content=\"index, follow, max-snippet:-1, max-image-preview:large, max-video-preview:-1\" \/>\n<link rel=\"canonical\" href=\"https:\/\/relaisgourmet.com\/it\/prodotto\/componi-la-tua-scatola-gourmet-di-foies-gras-aromatizzato\/\" \/>\n<meta property=\"og:locale\" content=\"it_IT\" \/>\n<meta property=\"og:type\" content=\"article\" \/>\n<meta property=\"og:title\" content=\"Componi la tua scatola gourmet di Foies Gras aromatizzato\" \/>\n<meta property=\"og:description\" content=\"Personalizza la tua scatola con le nostre Foies Gras aromatizzate, che combinano aromi delicati e ingredienti accuratamente selezionati. \u00c8 facile: Scegli i vasetti da 200g o 400g in base ai tuoi gusti. Per ogni 4 Foies Gras acquistati, ti regaliamo un aperitivo del valore di 12\u20ac. Pi\u00f9 consegna gratuita per ordini superiori a 99\u20ac (solo per la Francia continentale). Scopri le opzioni disponibili e crea la tua scatola di profumi perfetta!  Garantito 100% di produzione francese \u2714 Garantito senza conservanti, additivi o coloranti. \ud83c\udf43 Anatre alimentate con mais giallo \ud83d\ude9a Consegna veloce in tutto il mondo \ud83d\udd53 Si conserva per 3 anni \ud83d\udd10 Pagamento sicuro\" \/>\n<meta property=\"og:url\" content=\"https:\/\/relaisgourmet.com\/it\/prodotto\/componi-la-tua-scatola-gourmet-di-foies-gras-aromatizzato\/\" \/>\n<meta property=\"og:site_name\" content=\"Relais Gourmet\" \/>\n<meta property=\"article:publisher\" content=\"https:\/\/www.facebook.com\/relaisgourmet\/\" \/>\n<meta property=\"article:modified_time\" content=\"2026-04-01T22:35:11+00:00\" \/>\n<meta property=\"og:image\" content=\"https:\/\/relaisgourmet.com\/wp-content\/uploads\/2026\/03\/Coffret-3-Foies-Gras-1-300x300-1.jpg\" \/>\n\t<meta property=\"og:image:width\" content=\"300\" \/>\n\t<meta property=\"og:image:height\" content=\"300\" \/>\n\t<meta property=\"og:image:type\" content=\"image\/jpeg\" \/>\n<meta name=\"twitter:card\" content=\"summary_large_image\" \/>\n<meta name=\"twitter:site\" content=\"@relaisgourmet64\" \/>\n<script type=\"application\/ld+json\" class=\"yoast-schema-graph\">{\"@context\":\"https:\\\/\\\/schema.org\",\"@graph\":[{\"@type\":\"WebPage\",\"@id\":\"https:\\\/\\\/relaisgourmet.com\\\/it\\\/prodotto\\\/componi-la-tua-scatola-gourmet-di-foies-gras-aromatizzato\\\/\",\"url\":\"https:\\\/\\\/relaisgourmet.com\\\/it\\\/prodotto\\\/componi-la-tua-scatola-gourmet-di-foies-gras-aromatizzato\\\/\",\"name\":\"Coffret Gourmet Foies Gras Parfum\u00e9s \u00e0 Composer | Relais Gourmet\",\"isPartOf\":{\"@id\":\"https:\\\/\\\/relaisgourmet.com\\\/it\\\/#website\"},\"primaryImageOfPage\":{\"@id\":\"https:\\\/\\\/relaisgourmet.com\\\/it\\\/prodotto\\\/componi-la-tua-scatola-gourmet-di-foies-gras-aromatizzato\\\/#primaryimage\"},\"image\":{\"@id\":\"https:\\\/\\\/relaisgourmet.com\\\/it\\\/prodotto\\\/componi-la-tua-scatola-gourmet-di-foies-gras-aromatizzato\\\/#primaryimage\"},\"thumbnailUrl\":\"https:\\\/\\\/relaisgourmet.com\\\/wp-content\\\/uploads\\\/2026\\\/03\\\/Coffret-3-Foies-Gras-1-300x300-1.jpg\",\"datePublished\":\"2026-03-30T15:07:55+00:00\",\"dateModified\":\"2026-04-01T22:35:11+00:00\",\"description\":\"Seleziona gli aromi e componi il tuo cofanetto Foies Gras Parfum\u00e9s.\",\"breadcrumb\":{\"@id\":\"https:\\\/\\\/relaisgourmet.com\\\/it\\\/prodotto\\\/componi-la-tua-scatola-gourmet-di-foies-gras-aromatizzato\\\/#breadcrumb\"},\"inLanguage\":\"it-IT\",\"potentialAction\":[{\"@type\":\"ReadAction\",\"target\":[\"https:\\\/\\\/relaisgourmet.com\\\/it\\\/prodotto\\\/componi-la-tua-scatola-gourmet-di-foies-gras-aromatizzato\\\/\"]}]},{\"@type\":\"ImageObject\",\"inLanguage\":\"it-IT\",\"@id\":\"https:\\\/\\\/relaisgourmet.com\\\/it\\\/prodotto\\\/componi-la-tua-scatola-gourmet-di-foies-gras-aromatizzato\\\/#primaryimage\",\"url\":\"https:\\\/\\\/relaisgourmet.com\\\/wp-content\\\/uploads\\\/2026\\\/03\\\/Coffret-3-Foies-Gras-1-300x300-1.jpg\",\"contentUrl\":\"https:\\\/\\\/relaisgourmet.com\\\/wp-content\\\/uploads\\\/2026\\\/03\\\/Coffret-3-Foies-Gras-1-300x300-1.jpg\",\"width\":300,\"height\":300},{\"@type\":\"BreadcrumbList\",\"@id\":\"https:\\\/\\\/relaisgourmet.com\\\/it\\\/prodotto\\\/componi-la-tua-scatola-gourmet-di-foies-gras-aromatizzato\\\/#breadcrumb\",\"itemListElement\":[{\"@type\":\"ListItem\",\"position\":1,\"name\":\"Casa\",\"item\":\"https:\\\/\\\/relaisgourmet.com\\\/it\\\/casa\\\/\"},{\"@type\":\"ListItem\",\"position\":2,\"name\":\"Tutti i nostri prodotti\",\"item\":\"https:\\\/\\\/relaisgourmet.com\\\/it\\\/shop\\\/\"},{\"@type\":\"ListItem\",\"position\":3,\"name\":\"Componi la tua scatola gourmet di Foies Gras aromatizzato\"}]},{\"@type\":\"WebSite\",\"@id\":\"https:\\\/\\\/relaisgourmet.com\\\/it\\\/#website\",\"url\":\"https:\\\/\\\/relaisgourmet.com\\\/it\\\/\",\"name\":\"Relais Gourmet\",\"description\":\"Foie Gras 100% Fran\u00e7ais\",\"publisher\":{\"@id\":\"https:\\\/\\\/relaisgourmet.com\\\/it\\\/#organization\"},\"potentialAction\":[{\"@type\":\"SearchAction\",\"target\":{\"@type\":\"EntryPoint\",\"urlTemplate\":\"https:\\\/\\\/relaisgourmet.com\\\/it\\\/?s={search_term_string}\"},\"query-input\":{\"@type\":\"PropertyValueSpecification\",\"valueRequired\":true,\"valueName\":\"search_term_string\"}}],\"inLanguage\":\"it-IT\"},{\"@type\":\"Organization\",\"@id\":\"https:\\\/\\\/relaisgourmet.com\\\/it\\\/#organization\",\"name\":\"Relais Gourmet\",\"url\":\"https:\\\/\\\/relaisgourmet.com\\\/it\\\/\",\"logo\":{\"@type\":\"ImageObject\",\"inLanguage\":\"it-IT\",\"@id\":\"https:\\\/\\\/relaisgourmet.com\\\/it\\\/#\\\/schema\\\/logo\\\/image\\\/\",\"url\":\"https:\\\/\\\/relaisgourmet.com\\\/wp-content\\\/uploads\\\/2026\\\/03\\\/yoast-logo-2-relais-gourmet-.png\",\"contentUrl\":\"https:\\\/\\\/relaisgourmet.com\\\/wp-content\\\/uploads\\\/2026\\\/03\\\/yoast-logo-2-relais-gourmet-.png\",\"width\":1200,\"height\":675,\"caption\":\"Relais Gourmet\"},\"image\":{\"@id\":\"https:\\\/\\\/relaisgourmet.com\\\/it\\\/#\\\/schema\\\/logo\\\/image\\\/\"},\"sameAs\":[\"https:\\\/\\\/www.facebook.com\\\/relaisgourmet\\\/\",\"https:\\\/\\\/x.com\\\/relaisgourmet64\",\"https:\\\/\\\/www.instagram.com\\\/relaisgourmetofficiel\",\"https:\\\/\\\/www.pinterest.fr\\\/relaisgourmet\\\/\"],\"email\":\"yaqueche@relaisgourmet.com\",\"telephone\":\"+33 0 5 40 07 07 65\",\"legalName\":\"Relais Gourmet\",\"vatID\":\"FR13482415015\",\"taxID\":\"482415015\"}]}<\/script>\n<!-- \/ Yoast SEO Premium plugin. -->","yoast_head_json":{"title":"Coffret Gourmet Foies Gras Parfum\u00e9s \u00e0 Composer | Relais Gourmet","description":"Seleziona gli aromi e componi il tuo cofanetto Foies Gras Parfum\u00e9s.","robots":{"index":"index","follow":"follow","max-snippet":"max-snippet:-1","max-image-preview":"max-image-preview:large","max-video-preview":"max-video-preview:-1"},"canonical":"https:\/\/relaisgourmet.com\/it\/prodotto\/componi-la-tua-scatola-gourmet-di-foies-gras-aromatizzato\/","og_locale":"it_IT","og_type":"article","og_title":"Componi la tua scatola gourmet di Foies Gras aromatizzato","og_description":"Personalizza la tua scatola con le nostre Foies Gras aromatizzate, che combinano aromi delicati e ingredienti accuratamente selezionati. \u00c8 facile: Scegli i vasetti da 200g o 400g in base ai tuoi gusti. Per ogni 4 Foies Gras acquistati, ti regaliamo un aperitivo del valore di 12\u20ac. Pi\u00f9 consegna gratuita per ordini superiori a 99\u20ac (solo per la Francia continentale). Scopri le opzioni disponibili e crea la tua scatola di profumi perfetta!  Garantito 100% di produzione francese \u2714 Garantito senza conservanti, additivi o coloranti. \ud83c\udf43 Anatre alimentate con mais giallo \ud83d\ude9a Consegna veloce in tutto il mondo \ud83d\udd53 Si conserva per 3 anni \ud83d\udd10 Pagamento sicuro","og_url":"https:\/\/relaisgourmet.com\/it\/prodotto\/componi-la-tua-scatola-gourmet-di-foies-gras-aromatizzato\/","og_site_name":"Relais Gourmet","article_publisher":"https:\/\/www.facebook.com\/relaisgourmet\/","article_modified_time":"2026-04-01T22:35:11+00:00","og_image":[{"width":300,"height":300,"url":"https:\/\/relaisgourmet.com\/wp-content\/uploads\/2026\/03\/Coffret-3-Foies-Gras-1-300x300-1.jpg","type":"image\/jpeg"}],"twitter_card":"summary_large_image","twitter_site":"@relaisgourmet64","schema":{"@context":"https:\/\/schema.org","@graph":[{"@type":"WebPage","@id":"https:\/\/relaisgourmet.com\/it\/prodotto\/componi-la-tua-scatola-gourmet-di-foies-gras-aromatizzato\/","url":"https:\/\/relaisgourmet.com\/it\/prodotto\/componi-la-tua-scatola-gourmet-di-foies-gras-aromatizzato\/","name":"Coffret Gourmet Foies Gras Parfum\u00e9s \u00e0 Composer | Relais Gourmet","isPartOf":{"@id":"https:\/\/relaisgourmet.com\/it\/#website"},"primaryImageOfPage":{"@id":"https:\/\/relaisgourmet.com\/it\/prodotto\/componi-la-tua-scatola-gourmet-di-foies-gras-aromatizzato\/#primaryimage"},"image":{"@id":"https:\/\/relaisgourmet.com\/it\/prodotto\/componi-la-tua-scatola-gourmet-di-foies-gras-aromatizzato\/#primaryimage"},"thumbnailUrl":"https:\/\/relaisgourmet.com\/wp-content\/uploads\/2026\/03\/Coffret-3-Foies-Gras-1-300x300-1.jpg","datePublished":"2026-03-30T15:07:55+00:00","dateModified":"2026-04-01T22:35:11+00:00","description":"Seleziona gli aromi e componi il tuo cofanetto Foies Gras Parfum\u00e9s.","breadcrumb":{"@id":"https:\/\/relaisgourmet.com\/it\/prodotto\/componi-la-tua-scatola-gourmet-di-foies-gras-aromatizzato\/#breadcrumb"},"inLanguage":"it-IT","potentialAction":[{"@type":"ReadAction","target":["https:\/\/relaisgourmet.com\/it\/prodotto\/componi-la-tua-scatola-gourmet-di-foies-gras-aromatizzato\/"]}]},{"@type":"ImageObject","inLanguage":"it-IT","@id":"https:\/\/relaisgourmet.com\/it\/prodotto\/componi-la-tua-scatola-gourmet-di-foies-gras-aromatizzato\/#primaryimage","url":"https:\/\/relaisgourmet.com\/wp-content\/uploads\/2026\/03\/Coffret-3-Foies-Gras-1-300x300-1.jpg","contentUrl":"https:\/\/relaisgourmet.com\/wp-content\/uploads\/2026\/03\/Coffret-3-Foies-Gras-1-300x300-1.jpg","width":300,"height":300},{"@type":"BreadcrumbList","@id":"https:\/\/relaisgourmet.com\/it\/prodotto\/componi-la-tua-scatola-gourmet-di-foies-gras-aromatizzato\/#breadcrumb","itemListElement":[{"@type":"ListItem","position":1,"name":"Casa","item":"https:\/\/relaisgourmet.com\/it\/casa\/"},{"@type":"ListItem","position":2,"name":"Tutti i nostri prodotti","item":"https:\/\/relaisgourmet.com\/it\/shop\/"},{"@type":"ListItem","position":3,"name":"Componi la tua scatola gourmet di Foies Gras aromatizzato"}]},{"@type":"WebSite","@id":"https:\/\/relaisgourmet.com\/it\/#website","url":"https:\/\/relaisgourmet.com\/it\/","name":"Relais Gourmet","description":"Foie Gras 100% Fran\u00e7ais","publisher":{"@id":"https:\/\/relaisgourmet.com\/it\/#organization"},"potentialAction":[{"@type":"SearchAction","target":{"@type":"EntryPoint","urlTemplate":"https:\/\/relaisgourmet.com\/it\/?s={search_term_string}"},"query-input":{"@type":"PropertyValueSpecification","valueRequired":true,"valueName":"search_term_string"}}],"inLanguage":"it-IT"},{"@type":"Organization","@id":"https:\/\/relaisgourmet.com\/it\/#organization","name":"Relais Gourmet","url":"https:\/\/relaisgourmet.com\/it\/","logo":{"@type":"ImageObject","inLanguage":"it-IT","@id":"https:\/\/relaisgourmet.com\/it\/#\/schema\/logo\/image\/","url":"https:\/\/relaisgourmet.com\/wp-content\/uploads\/2026\/03\/yoast-logo-2-relais-gourmet-.png","contentUrl":"https:\/\/relaisgourmet.com\/wp-content\/uploads\/2026\/03\/yoast-logo-2-relais-gourmet-.png","width":1200,"height":675,"caption":"Relais Gourmet"},"image":{"@id":"https:\/\/relaisgourmet.com\/it\/#\/schema\/logo\/image\/"},"sameAs":["https:\/\/www.facebook.com\/relaisgourmet\/","https:\/\/x.com\/relaisgourmet64","https:\/\/www.instagram.com\/relaisgourmetofficiel","https:\/\/www.pinterest.fr\/relaisgourmet\/"],"email":"yaqueche@relaisgourmet.com","telephone":"+33 0 5 40 07 07 65","legalName":"Relais Gourmet","vatID":"FR13482415015","taxID":"482415015"}]}},"_links":{"self":[{"href":"https:\/\/relaisgourmet.com\/it\/wp-json\/wp\/v2\/product\/66893","targetHints":{"allow":["GET"]}}],"collection":[{"href":"https:\/\/relaisgourmet.com\/it\/wp-json\/wp\/v2\/product"}],"about":[{"href":"https:\/\/relaisgourmet.com\/it\/wp-json\/wp\/v2\/types\/product"}],"replies":[{"embeddable":true,"href":"https:\/\/relaisgourmet.com\/it\/wp-json\/wp\/v2\/comments?post=66893"}],"wp:featuredmedia":[{"embeddable":true,"href":"https:\/\/relaisgourmet.com\/it\/wp-json\/wp\/v2\/media\/66747"}],"wp:attachment":[{"href":"https:\/\/relaisgourmet.com\/it\/wp-json\/wp\/v2\/media?parent=66893"}],"wp:term":[{"taxonomy":"product_brand","embeddable":true,"href":"https:\/\/relaisgourmet.com\/it\/wp-json\/wp\/v2\/product_brand?post=66893"},{"taxonomy":"product_cat","embeddable":true,"href":"https:\/\/relaisgourmet.com\/it\/wp-json\/wp\/v2\/product_cat?post=66893"},{"taxonomy":"product_tag","embeddable":true,"href":"https:\/\/relaisgourmet.com\/it\/wp-json\/wp\/v2\/product_tag?post=66893"},{"taxonomy":"giftcard-category","embeddable":true,"href":"https:\/\/relaisgourmet.com\/it\/wp-json\/wp\/v2\/giftcard-category?post=66893"}],"curies":[{"name":"wp","href":"https:\/\/api.w.org\/{rel}","templated":true}]}}