{"id":64795,"date":"2026-03-10T12:25:14","date_gmt":"2026-03-10T12:25:14","guid":{"rendered":"https:\/\/strange-jennings.213-136-85-46.plesk.page\/product\/scatola-la-rhune\/"},"modified":"2026-04-01T23:21:23","modified_gmt":"2026-04-01T23:21:23","slug":"scatola-la-rhune","status":"publish","type":"product","link":"https:\/\/relaisgourmet.com\/it\/prodotto\/scatola-la-rhune\/","title":{"rendered":"Scatola La Rhune"},"content":{"rendered":"<p><b>Scopri la La Rhune Box: un tesoro gourmet di Relais Gourmet<\/b><\/p>\n<p><span style=\"font-weight: 400;\">La <\/span><b>La Rhune Box<\/b><span style=\"font-weight: 400;\"> \u00e8 molto pi\u00f9 di una semplice selezione di prodotti gourmet. \u00c8 un&#8217;esperienza culinaria autentica che ti invita a gustare le prelibatezze dei Paesi Baschi, in una scatola perfettamente progettata per i tuoi momenti conviviali. Questa scatola porter\u00e0 un vero vantaggio al tuo tavolo.<\/span><\/p>\n<p>Il Set Regalo La Rhune \u00e8 <strong>garantito privo di conservanti, coloranti e additivi.<\/strong><\/p>\n<p><b>Composizione:<\/b><\/p>\n<ul>\n<li style=\"font-weight: 400;\" aria-level=\"1\"><b>Foie Gras intero semplice (200 g):<\/b><span style=\"font-weight: 400;\"> una ricetta pura, che rispetta la tradizione del Foie Gras.<\/span><\/li>\n<li style=\"font-weight: 400;\" aria-level=\"1\"><b>Foie Gras intero con Armagnac (80 g):<\/b><span style=\"font-weight: 400;\"> la combinazione perfetta tra Foie Gras e il carattere unico dell&#8217;Armagnac.<\/span><\/li>\n<li style=\"font-weight: 400;\" aria-level=\"1\"><b>Aperitivo Gourmet con Armagnac (180 g):<\/b><span style=\"font-weight: 400;\"> un tocco elegante per valorizzare il tuo toast.<\/span><\/li>\n<li style=\"font-weight: 400;\" aria-level=\"1\"><b>Quintessense di Foie Gras e Petto d&#8217;Anatra Affumicato (180 g):<\/b><span style=\"font-weight: 400;\"> un&#8217;esplosione di sapori tra Foie Gras e Petto d&#8217;Anatra Affumicato.<\/span><\/li>\n<li style=\"font-weight: 400;\" aria-level=\"1\"><b>Bottiglia di Champagne (750 ml):<\/b><span style=\"font-weight: 400;\"> per accompagnare queste prelibatezze con finezza.<\/span><\/li>\n<\/ul>\n<p>&nbsp;<\/p>\n<p><b>Conservazione:<\/b><\/p>\n<p>3 anni a temperatura ambiente, offrendo la possibilit\u00e0 di goderlo quando ti \u00e8 comodo. Una volta aperto, ricorda di consumarlo entro 15 giorni e conservarlo in frigorifero per goderlo appieno. <\/p>\n<p><b>Consigli e suggerimenti per arricchire il Gift Set La Rhune<\/b><\/p>\n<p><span style=\"font-weight: 400;\">Trova tutti i nostri consigli per preparare e assaggiare la <\/span><b>La Rhune Box<\/b><span style=\"font-weight: 400;\"> sul nostro <strong><a href=\"https:\/\/epic-varahamihira.207-180-195-93.plesk.page\/blog-foies-gras-actualite\/\">blog<\/a><\/strong> e seguici su <a href=\"https:\/\/www.instagram.com\/relaisgourmetofficiel\/\"><strong>Instagram<\/strong><\/a> per altra ispirazione.<\/span><\/p>\n<p><span style=\"font-weight: 400;\">Con la <\/span><b>La Rhune Box<\/b> <span style=\"font-weight: 400;\">offri molto pi\u00f9 di una semplice variet\u00e0 di prodotti, condividi una vera conoscenza gastronomica basca. Che sia come regalo che come premio, questa scatola trasformer\u00e0 i tuoi momenti gourmet in ricordi indimenticabili.<\/span><\/p>\n","protected":false},"excerpt":{"rendered":"<p>La Rhune Box di Relais Gourmet, una meta culinaria nel cuore dei Paesi Baschi, perfetta per arricchire i momenti di convivialit\u00e0.<\/p>\n<p><img decoding=\"async\" class=\"emoji\" role=\"img\" src=\"https:\/\/s.w.org\/images\/core\/emoji\/15.0.3\/svg\/1f1eb-1f1f7.svg\" alt=\"\ud83c\uddeb\ud83c\uddf7\"> Garanzia di produzione francese<br \/>\n\u2714 al 100%. Garantita senza conservanti, additivi e coloranti.<br \/>\n\ud83c\udf43 Anatre alimentate con mais giallo<br \/>\n\ud83d\ude9a Spedizione Rapida in tutto il mondo\ud83d\udd53<br \/>\n mantiene per 3<br \/>\n\ud83d\udd10 anni pagamento sicuro<\/p>\n<p>Peso netto: 1,39 kg<\/p>\n","protected":false},"featured_media":64797,"comment_status":"closed","ping_status":"closed","template":"","meta":{"_iconic_wsb_product_page_order_bump_ids":[],"_sku":["3020000339150"],"_iconic_wsb_product_page_bump_modal_ids":[]},"product_brand":[],"product_cat":[1680],"product_tag":[1659],"giftcard-category":[],"class_list":{"0":"post-64795","1":"product","2":"type-product","3":"status-publish","4":"has-post-thumbnail","6":"product_cat-set-regalo","7":"product_tag-prodotto-in-francia","8":"product_shipping_class-standard","10":"first","11":"instock","12":"taxable","13":"shipping-taxable","14":"purchasable","15":"product-type-simple"},"yoast_head":"<!-- This site is optimized with the Yoast SEO Premium plugin v27.3 (Yoast SEO v27.3) - https:\/\/yoast.com\/product\/yoast-seo-premium-wordpress\/ -->\n<title>La Rhune Box: Champagne basco e foie gras | Relais Gourmet<\/title>\n<meta name=\"description\" content=\"La Scatola La Rhune \u00e8 l&#039;essenza del Sud-Ovest raccolta in una scatola gourmet ed elegante.\" \/>\n<meta name=\"robots\" content=\"index, follow, max-snippet:-1, max-image-preview:large, max-video-preview:-1\" \/>\n<link rel=\"canonical\" href=\"https:\/\/relaisgourmet.com\/it\/prodotto\/scatola-la-rhune\/\" \/>\n<meta property=\"og:locale\" content=\"it_IT\" \/>\n<meta property=\"og:type\" content=\"article\" \/>\n<meta property=\"og:title\" content=\"Scatola La Rhune\" \/>\n<meta property=\"og:description\" content=\"La Rhune Box di Relais Gourmet, una meta culinaria nel cuore dei Paesi Baschi, perfetta per arricchire i momenti di convivialit\u00e0.  Garanzia di produzione francese \u2714 al 100%. Garantita senza conservanti, additivi e coloranti. \ud83c\udf43 Anatre alimentate con mais giallo \ud83d\ude9a Spedizione Rapida in tutto il mondo\ud83d\udd53 mantiene per 3 \ud83d\udd10 anni pagamento sicuro Peso netto: 1,39 kg\" \/>\n<meta property=\"og:url\" content=\"https:\/\/relaisgourmet.com\/it\/prodotto\/scatola-la-rhune\/\" \/>\n<meta property=\"og:site_name\" content=\"Relais Gourmet\" \/>\n<meta property=\"article:publisher\" content=\"https:\/\/www.facebook.com\/relaisgourmet\/\" \/>\n<meta property=\"article:modified_time\" content=\"2026-04-01T23:21:23+00:00\" \/>\n<meta property=\"og:image\" content=\"https:\/\/relaisgourmet.com\/wp-content\/uploads\/2026\/03\/La-Rhune.jpg\" \/>\n\t<meta property=\"og:image:width\" content=\"1667\" \/>\n\t<meta property=\"og:image:height\" content=\"1667\" \/>\n\t<meta property=\"og:image:type\" content=\"image\/jpeg\" \/>\n<meta name=\"twitter:card\" content=\"summary_large_image\" \/>\n<meta name=\"twitter:site\" content=\"@relaisgourmet64\" \/>\n<meta name=\"twitter:label1\" content=\"Tempo di lettura stimato\" \/>\n\t<meta name=\"twitter:data1\" content=\"1 minuto\" \/>\n<script type=\"application\/ld+json\" class=\"yoast-schema-graph\">{\"@context\":\"https:\\\/\\\/schema.org\",\"@graph\":[{\"@type\":\"WebPage\",\"@id\":\"https:\\\/\\\/relaisgourmet.com\\\/it\\\/prodotto\\\/scatola-la-rhune\\\/\",\"url\":\"https:\\\/\\\/relaisgourmet.com\\\/it\\\/prodotto\\\/scatola-la-rhune\\\/\",\"name\":\"La Rhune Box: Champagne basco e foie gras | Relais Gourmet\",\"isPartOf\":{\"@id\":\"https:\\\/\\\/relaisgourmet.com\\\/it\\\/#website\"},\"primaryImageOfPage\":{\"@id\":\"https:\\\/\\\/relaisgourmet.com\\\/it\\\/prodotto\\\/scatola-la-rhune\\\/#primaryimage\"},\"image\":{\"@id\":\"https:\\\/\\\/relaisgourmet.com\\\/it\\\/prodotto\\\/scatola-la-rhune\\\/#primaryimage\"},\"thumbnailUrl\":\"https:\\\/\\\/relaisgourmet.com\\\/wp-content\\\/uploads\\\/2026\\\/03\\\/La-Rhune.jpg\",\"datePublished\":\"2026-03-10T12:25:14+00:00\",\"dateModified\":\"2026-04-01T23:21:23+00:00\",\"description\":\"La Scatola La Rhune \u00e8 l'essenza del Sud-Ovest raccolta in una scatola gourmet ed elegante.\",\"breadcrumb\":{\"@id\":\"https:\\\/\\\/relaisgourmet.com\\\/it\\\/prodotto\\\/scatola-la-rhune\\\/#breadcrumb\"},\"inLanguage\":\"it-IT\",\"potentialAction\":[{\"@type\":\"ReadAction\",\"target\":[\"https:\\\/\\\/relaisgourmet.com\\\/it\\\/prodotto\\\/scatola-la-rhune\\\/\"]}]},{\"@type\":\"ImageObject\",\"inLanguage\":\"it-IT\",\"@id\":\"https:\\\/\\\/relaisgourmet.com\\\/it\\\/prodotto\\\/scatola-la-rhune\\\/#primaryimage\",\"url\":\"https:\\\/\\\/relaisgourmet.com\\\/wp-content\\\/uploads\\\/2026\\\/03\\\/La-Rhune.jpg\",\"contentUrl\":\"https:\\\/\\\/relaisgourmet.com\\\/wp-content\\\/uploads\\\/2026\\\/03\\\/La-Rhune.jpg\",\"width\":1667,\"height\":1667},{\"@type\":\"BreadcrumbList\",\"@id\":\"https:\\\/\\\/relaisgourmet.com\\\/it\\\/prodotto\\\/scatola-la-rhune\\\/#breadcrumb\",\"itemListElement\":[{\"@type\":\"ListItem\",\"position\":1,\"name\":\"Casa\",\"item\":\"https:\\\/\\\/relaisgourmet.com\\\/it\\\/casa\\\/\"},{\"@type\":\"ListItem\",\"position\":2,\"name\":\"Tutti i nostri prodotti\",\"item\":\"https:\\\/\\\/relaisgourmet.com\\\/it\\\/shop\\\/\"},{\"@type\":\"ListItem\",\"position\":3,\"name\":\"Scatola La Rhune\"}]},{\"@type\":\"WebSite\",\"@id\":\"https:\\\/\\\/relaisgourmet.com\\\/it\\\/#website\",\"url\":\"https:\\\/\\\/relaisgourmet.com\\\/it\\\/\",\"name\":\"Relais Gourmet\",\"description\":\"Foie Gras 100% Fran\u00e7ais\",\"publisher\":{\"@id\":\"https:\\\/\\\/relaisgourmet.com\\\/it\\\/#organization\"},\"potentialAction\":[{\"@type\":\"SearchAction\",\"target\":{\"@type\":\"EntryPoint\",\"urlTemplate\":\"https:\\\/\\\/relaisgourmet.com\\\/it\\\/?s={search_term_string}\"},\"query-input\":{\"@type\":\"PropertyValueSpecification\",\"valueRequired\":true,\"valueName\":\"search_term_string\"}}],\"inLanguage\":\"it-IT\"},{\"@type\":\"Organization\",\"@id\":\"https:\\\/\\\/relaisgourmet.com\\\/it\\\/#organization\",\"name\":\"Relais Gourmet\",\"url\":\"https:\\\/\\\/relaisgourmet.com\\\/it\\\/\",\"logo\":{\"@type\":\"ImageObject\",\"inLanguage\":\"it-IT\",\"@id\":\"https:\\\/\\\/relaisgourmet.com\\\/it\\\/#\\\/schema\\\/logo\\\/image\\\/\",\"url\":\"https:\\\/\\\/relaisgourmet.com\\\/wp-content\\\/uploads\\\/2026\\\/03\\\/yoast-logo-2-relais-gourmet-.png\",\"contentUrl\":\"https:\\\/\\\/relaisgourmet.com\\\/wp-content\\\/uploads\\\/2026\\\/03\\\/yoast-logo-2-relais-gourmet-.png\",\"width\":1200,\"height\":675,\"caption\":\"Relais Gourmet\"},\"image\":{\"@id\":\"https:\\\/\\\/relaisgourmet.com\\\/it\\\/#\\\/schema\\\/logo\\\/image\\\/\"},\"sameAs\":[\"https:\\\/\\\/www.facebook.com\\\/relaisgourmet\\\/\",\"https:\\\/\\\/x.com\\\/relaisgourmet64\",\"https:\\\/\\\/www.instagram.com\\\/relaisgourmetofficiel\",\"https:\\\/\\\/www.pinterest.fr\\\/relaisgourmet\\\/\"],\"email\":\"yaqueche@relaisgourmet.com\",\"telephone\":\"+33 0 5 40 07 07 65\",\"legalName\":\"Relais Gourmet\",\"vatID\":\"FR13482415015\",\"taxID\":\"482415015\"}]}<\/script>\n<!-- \/ Yoast SEO Premium plugin. -->","yoast_head_json":{"title":"La Rhune Box: Champagne basco e foie gras | Relais Gourmet","description":"La Scatola La Rhune \u00e8 l'essenza del Sud-Ovest raccolta in una scatola gourmet ed elegante.","robots":{"index":"index","follow":"follow","max-snippet":"max-snippet:-1","max-image-preview":"max-image-preview:large","max-video-preview":"max-video-preview:-1"},"canonical":"https:\/\/relaisgourmet.com\/it\/prodotto\/scatola-la-rhune\/","og_locale":"it_IT","og_type":"article","og_title":"Scatola La Rhune","og_description":"La Rhune Box di Relais Gourmet, una meta culinaria nel cuore dei Paesi Baschi, perfetta per arricchire i momenti di convivialit\u00e0.  Garanzia di produzione francese \u2714 al 100%. Garantita senza conservanti, additivi e coloranti. \ud83c\udf43 Anatre alimentate con mais giallo \ud83d\ude9a Spedizione Rapida in tutto il mondo\ud83d\udd53 mantiene per 3 \ud83d\udd10 anni pagamento sicuro Peso netto: 1,39 kg","og_url":"https:\/\/relaisgourmet.com\/it\/prodotto\/scatola-la-rhune\/","og_site_name":"Relais Gourmet","article_publisher":"https:\/\/www.facebook.com\/relaisgourmet\/","article_modified_time":"2026-04-01T23:21:23+00:00","og_image":[{"width":1667,"height":1667,"url":"https:\/\/relaisgourmet.com\/wp-content\/uploads\/2026\/03\/La-Rhune.jpg","type":"image\/jpeg"}],"twitter_card":"summary_large_image","twitter_site":"@relaisgourmet64","twitter_misc":{"Tempo di lettura stimato":"1 minuto"},"schema":{"@context":"https:\/\/schema.org","@graph":[{"@type":"WebPage","@id":"https:\/\/relaisgourmet.com\/it\/prodotto\/scatola-la-rhune\/","url":"https:\/\/relaisgourmet.com\/it\/prodotto\/scatola-la-rhune\/","name":"La Rhune Box: Champagne basco e foie gras | Relais Gourmet","isPartOf":{"@id":"https:\/\/relaisgourmet.com\/it\/#website"},"primaryImageOfPage":{"@id":"https:\/\/relaisgourmet.com\/it\/prodotto\/scatola-la-rhune\/#primaryimage"},"image":{"@id":"https:\/\/relaisgourmet.com\/it\/prodotto\/scatola-la-rhune\/#primaryimage"},"thumbnailUrl":"https:\/\/relaisgourmet.com\/wp-content\/uploads\/2026\/03\/La-Rhune.jpg","datePublished":"2026-03-10T12:25:14+00:00","dateModified":"2026-04-01T23:21:23+00:00","description":"La Scatola La Rhune \u00e8 l'essenza del Sud-Ovest raccolta in una scatola gourmet ed elegante.","breadcrumb":{"@id":"https:\/\/relaisgourmet.com\/it\/prodotto\/scatola-la-rhune\/#breadcrumb"},"inLanguage":"it-IT","potentialAction":[{"@type":"ReadAction","target":["https:\/\/relaisgourmet.com\/it\/prodotto\/scatola-la-rhune\/"]}]},{"@type":"ImageObject","inLanguage":"it-IT","@id":"https:\/\/relaisgourmet.com\/it\/prodotto\/scatola-la-rhune\/#primaryimage","url":"https:\/\/relaisgourmet.com\/wp-content\/uploads\/2026\/03\/La-Rhune.jpg","contentUrl":"https:\/\/relaisgourmet.com\/wp-content\/uploads\/2026\/03\/La-Rhune.jpg","width":1667,"height":1667},{"@type":"BreadcrumbList","@id":"https:\/\/relaisgourmet.com\/it\/prodotto\/scatola-la-rhune\/#breadcrumb","itemListElement":[{"@type":"ListItem","position":1,"name":"Casa","item":"https:\/\/relaisgourmet.com\/it\/casa\/"},{"@type":"ListItem","position":2,"name":"Tutti i nostri prodotti","item":"https:\/\/relaisgourmet.com\/it\/shop\/"},{"@type":"ListItem","position":3,"name":"Scatola La Rhune"}]},{"@type":"WebSite","@id":"https:\/\/relaisgourmet.com\/it\/#website","url":"https:\/\/relaisgourmet.com\/it\/","name":"Relais Gourmet","description":"Foie Gras 100% Fran\u00e7ais","publisher":{"@id":"https:\/\/relaisgourmet.com\/it\/#organization"},"potentialAction":[{"@type":"SearchAction","target":{"@type":"EntryPoint","urlTemplate":"https:\/\/relaisgourmet.com\/it\/?s={search_term_string}"},"query-input":{"@type":"PropertyValueSpecification","valueRequired":true,"valueName":"search_term_string"}}],"inLanguage":"it-IT"},{"@type":"Organization","@id":"https:\/\/relaisgourmet.com\/it\/#organization","name":"Relais Gourmet","url":"https:\/\/relaisgourmet.com\/it\/","logo":{"@type":"ImageObject","inLanguage":"it-IT","@id":"https:\/\/relaisgourmet.com\/it\/#\/schema\/logo\/image\/","url":"https:\/\/relaisgourmet.com\/wp-content\/uploads\/2026\/03\/yoast-logo-2-relais-gourmet-.png","contentUrl":"https:\/\/relaisgourmet.com\/wp-content\/uploads\/2026\/03\/yoast-logo-2-relais-gourmet-.png","width":1200,"height":675,"caption":"Relais Gourmet"},"image":{"@id":"https:\/\/relaisgourmet.com\/it\/#\/schema\/logo\/image\/"},"sameAs":["https:\/\/www.facebook.com\/relaisgourmet\/","https:\/\/x.com\/relaisgourmet64","https:\/\/www.instagram.com\/relaisgourmetofficiel","https:\/\/www.pinterest.fr\/relaisgourmet\/"],"email":"yaqueche@relaisgourmet.com","telephone":"+33 0 5 40 07 07 65","legalName":"Relais Gourmet","vatID":"FR13482415015","taxID":"482415015"}]}},"_links":{"self":[{"href":"https:\/\/relaisgourmet.com\/it\/wp-json\/wp\/v2\/product\/64795","targetHints":{"allow":["GET"]}}],"collection":[{"href":"https:\/\/relaisgourmet.com\/it\/wp-json\/wp\/v2\/product"}],"about":[{"href":"https:\/\/relaisgourmet.com\/it\/wp-json\/wp\/v2\/types\/product"}],"replies":[{"embeddable":true,"href":"https:\/\/relaisgourmet.com\/it\/wp-json\/wp\/v2\/comments?post=64795"}],"wp:featuredmedia":[{"embeddable":true,"href":"https:\/\/relaisgourmet.com\/it\/wp-json\/wp\/v2\/media\/64797"}],"wp:attachment":[{"href":"https:\/\/relaisgourmet.com\/it\/wp-json\/wp\/v2\/media?parent=64795"}],"wp:term":[{"taxonomy":"product_brand","embeddable":true,"href":"https:\/\/relaisgourmet.com\/it\/wp-json\/wp\/v2\/product_brand?post=64795"},{"taxonomy":"product_cat","embeddable":true,"href":"https:\/\/relaisgourmet.com\/it\/wp-json\/wp\/v2\/product_cat?post=64795"},{"taxonomy":"product_tag","embeddable":true,"href":"https:\/\/relaisgourmet.com\/it\/wp-json\/wp\/v2\/product_tag?post=64795"},{"taxonomy":"giftcard-category","embeddable":true,"href":"https:\/\/relaisgourmet.com\/it\/wp-json\/wp\/v2\/giftcard-category?post=64795"}],"curies":[{"name":"wp","href":"https:\/\/api.w.org\/{rel}","templated":true}]}}