{"id":64760,"date":"2026-03-10T12:25:13","date_gmt":"2026-03-10T12:25:13","guid":{"rendered":"https:\/\/strange-jennings.213-136-85-46.plesk.page\/product\/turron-jijona-pack-morbido-51\/"},"modified":"2026-04-01T23:20:54","modified_gmt":"2026-04-01T23:20:54","slug":"turron-jijona-pack-morbido-51","status":"publish","type":"product","link":"https:\/\/relaisgourmet.com\/it\/prodotto\/turron-jijona-pack-morbido-51\/","title":{"rendered":"Turron Jijona Pack (morbido) (5+1)"},"content":{"rendered":"<h2><strong>Il turron morbido Jijona di Maria Simona \u00e8 preparato secondo la ricetta tradizionale:<\/strong><\/h2>\n<p>Questo pacchetto contiene un totale di 6 barrette Turron Mou di Jijona Maria Simona, al prezzo di soli 5.<\/p>\n<p>Peso netto: 900 g<\/p>\n<h3><strong>Periodo di mantenimento  <\/strong><\/h3>\n<p>Minimo 9 mesi. Conserva in un luogo fresco e asciutto, lontano da luce e umidit\u00e0. Una volta aperto, dovrebbe essere conservato in frigorifero perch\u00e9 inizia a perdere le sue qualit\u00e0 organolettiche; dopo essere stato messo in frigo, il torrone Jijona sar\u00e0 un po&#8217; pi\u00f9 secco.  <\/p>\n<h3><strong>Ingredienti del Jijona Turron Pack  <\/strong><\/h3>\n<p>64% mandorle tostate, 12% miele, zucchero, sciroppo di glucosio, albume e emulsionante: (E-471). Pu\u00f2 contenere tracce di arachidi, sesamo e nocciole. <\/p>\n<p>Questo prodotto \u00e8 senza glutine, quindi \u00e8 adatto ai celiachi.<\/p>\n<p>Il torrone morbido Maria Simona Jijona ha una <a href=\"https:\/\/www.mapa.gob.es\/es\/alimentacion\/temas\/calidad-diferenciada\/dop-igp\/pana_paste\/IGP_TurronJiJona.aspx\">denominazione di origine ed \u00e8 protetto dal Consiglio di Regolamentazione di Jijona<\/a>.<\/p>\n<h3>L&#8217;origine del turron di Jijona<\/h3>\n<p>Sebbene nessuno possa negare il legame stretto tra la citt\u00e0 di Alicante e questa prelibatezza, fu originariamente la citt\u00e0 stessa di Alicante a produrre la maggior parte del torrone spagnolo. Il motivo per cui questa piccola citt\u00e0 \u00e8 diventata un riferimento mondiale nella produzione di turron \u00e8 niente meno che una controversia legale. <\/p>\n<p>Nella Spagna del XVII secolo, il commercio era dominato dalle corporazioni, potenti organizzazioni con diritti esclusivi per concedere titoli e produrre determinati prodotti. Un calzolaio poteva produrre scarpe solo sotto la supervisione della corporazione dei calzolai, e un fornaio non esisteva senza la licenza della corporazione dei fornettieri. <\/p>\n<p>In questo strano ecosistema troviamo i padroni del turron. I Turronier non erano specialisti in una gilda, ma contadini che guadagnavano soldi extra vendendo questa prelibatezza. Questo non gradiva alla corporazione dei dolcieri di Valencia, che considerava miele e prodotti zuccherieri come il loro dominio. Cos\u00ec intentarono una causa contro i turronieri di Alicante.   <\/p>\n<p>Il processo inizi\u00f2 nel 1665 e il contenzioso continu\u00f2 per 6 anni. Nel 1671, una sentenza giudiziaria permise alla Gilda Valenciana di prendere il controllo dei torroni di Alicante, il che caus\u00f2 rapidamente la scomparsa dell&#8217;industria cittadina. <\/p>\n<p>Fu cos\u00ec che gli abitanti della piccola citt\u00e0 di Sexona, ora Jijona, presero il posto dalla capitale. Lontano dagli occhi e dall&#8217;influenza della corporazione, gli artigiani locali sono riusciti a aggirare il divieto su zucchero e miele, affermandosi come patria dell&#8217;autentico torrone spagnolo. <\/p>\n<h3>Per andare oltre<\/h3>\n<p>Trova tutti i nostri consigli di preparazione su  <a href=\"https:\/\/mariasimona.com\/\">Il sito web di Maria Simona<\/a><\/p>\n<p>Sentiti libero di visitare il nostro blog per scoprire <a href=\"https:\/\/mariasimona.com\/recetas\/\">le nostre deliziose ricette<\/a><\/p>\n<p>E per l&#8217;antipasto, perch\u00e9 non lasciarti tentare <a href=\"https:\/\/epic-varahamihira.207-180-195-93.plesk.page\/\">dal delizioso Relais Gourmet Foies Gras <\/a>?<\/p>\n","protected":false},"excerpt":{"rendered":"<p><strong>Questo pacchetto contiene un totale di 6 barrette Turron Mou di Jijona Maria Simona, al prezzo di soli 5.<\/strong><\/p>\n<p>Il jijona turron \u00e8 un torrone spagnolo morbido fatto con mandorle macinate. \u00c8 di colore marrone chiaro, ha una consistenza liscia e si sbriciola molto facilmente. \u00c8 una deliziosa miscela di mandorle tostate, zucchero, albume d&#8217;uovo e miele.  <\/p>\n<p>Il turron morbido di Maria Simona \u00e8 realizzato secondo la<a href=\"https:\/\/mariasimona.com\/comment-faire-les-turrons\/\"> ricetta tradizionale.<\/a><\/p>\n<p>Usiamo solo ingredienti spagnoli di alta qualit\u00e0.<\/p>\n<p>Il nostro turron ha una <a href=\"https:\/\/www.mapa.gob.es\/es\/alimentacion\/temas\/calidad-diferenciada\/dop-igp\/pana_paste\/IGP_TurronJiJona.aspx\">designazione di origine ed \u00e8 protetto dal Consiglio di Regolamentazione di Jijona<\/a>.<\/p>\n","protected":false},"featured_media":64761,"comment_status":"closed","ping_status":"closed","template":"","meta":{"_iconic_wsb_product_page_order_bump_ids":[],"_sku":["3080000338362"],"_iconic_wsb_product_page_bump_modal_ids":[]},"product_brand":[],"product_cat":[1668],"product_tag":[],"giftcard-category":[],"class_list":{"0":"post-64760","1":"product","2":"type-product","3":"status-publish","4":"has-post-thumbnail","6":"product_cat-turroni-spagnoli","7":"product_shipping_class-standard","9":"first","10":"instock","11":"taxable","12":"shipping-taxable","13":"purchasable","14":"product-type-simple"},"yoast_head":"<!-- This site is optimized with the Yoast SEO Premium plugin v27.3 (Yoast SEO v27.3) - https:\/\/yoast.com\/product\/yoast-seo-premium-wordpress\/ -->\n<title>Pacchetto Jijona Turron (5+1 Gratis) | Relais Gourmet<\/title>\n<meta name=\"description\" content=\"Pacchetto 5+1 Turron Jijona: Risparmia gustando questa tipica specialit\u00e0 di fusione.\" \/>\n<meta name=\"robots\" content=\"index, follow, max-snippet:-1, max-image-preview:large, max-video-preview:-1\" \/>\n<link rel=\"canonical\" href=\"https:\/\/relaisgourmet.com\/it\/prodotto\/turron-jijona-pack-morbido-51\/\" \/>\n<meta property=\"og:locale\" content=\"it_IT\" \/>\n<meta property=\"og:type\" content=\"article\" \/>\n<meta property=\"og:title\" content=\"Turron Jijona Pack (morbido) (5+1)\" \/>\n<meta property=\"og:description\" content=\"Questo pacchetto contiene un totale di 6 barrette Turron Mou di Jijona Maria Simona, al prezzo di soli 5. Il jijona turron \u00e8 un torrone spagnolo morbido fatto con mandorle macinate. \u00c8 di colore marrone chiaro, ha una consistenza liscia e si sbriciola molto facilmente. \u00c8 una deliziosa miscela di mandorle tostate, zucchero, albume d&#039;uovo e miele.  Il turron morbido di Maria Simona \u00e8 realizzato secondo la ricetta tradizionale. Usiamo solo ingredienti spagnoli di alta qualit\u00e0. Il nostro turron ha una designazione di origine ed \u00e8 protetto dal Consiglio di Regolamentazione di Jijona.\" \/>\n<meta property=\"og:url\" content=\"https:\/\/relaisgourmet.com\/it\/prodotto\/turron-jijona-pack-morbido-51\/\" \/>\n<meta property=\"og:site_name\" content=\"Relais Gourmet\" \/>\n<meta property=\"article:publisher\" content=\"https:\/\/www.facebook.com\/relaisgourmet\/\" \/>\n<meta property=\"article:modified_time\" content=\"2026-04-01T23:20:54+00:00\" \/>\n<meta property=\"og:image\" content=\"https:\/\/relaisgourmet.com\/wp-content\/uploads\/2026\/03\/Pack-de-6-Jijona-pyramide-min.png\" \/>\n\t<meta property=\"og:image:width\" content=\"1000\" \/>\n\t<meta property=\"og:image:height\" content=\"1000\" \/>\n\t<meta property=\"og:image:type\" content=\"image\/png\" \/>\n<meta name=\"twitter:card\" content=\"summary_large_image\" \/>\n<meta name=\"twitter:site\" content=\"@relaisgourmet64\" \/>\n<meta name=\"twitter:label1\" content=\"Tempo di lettura stimato\" \/>\n\t<meta name=\"twitter:data1\" content=\"2 minuto\" \/>\n<script type=\"application\/ld+json\" class=\"yoast-schema-graph\">{\"@context\":\"https:\\\/\\\/schema.org\",\"@graph\":[{\"@type\":\"WebPage\",\"@id\":\"https:\\\/\\\/relaisgourmet.com\\\/it\\\/prodotto\\\/turron-jijona-pack-morbido-51\\\/\",\"url\":\"https:\\\/\\\/relaisgourmet.com\\\/it\\\/prodotto\\\/turron-jijona-pack-morbido-51\\\/\",\"name\":\"Pacchetto Jijona Turron (5+1 Gratis) | Relais Gourmet\",\"isPartOf\":{\"@id\":\"https:\\\/\\\/relaisgourmet.com\\\/it\\\/#website\"},\"primaryImageOfPage\":{\"@id\":\"https:\\\/\\\/relaisgourmet.com\\\/it\\\/prodotto\\\/turron-jijona-pack-morbido-51\\\/#primaryimage\"},\"image\":{\"@id\":\"https:\\\/\\\/relaisgourmet.com\\\/it\\\/prodotto\\\/turron-jijona-pack-morbido-51\\\/#primaryimage\"},\"thumbnailUrl\":\"https:\\\/\\\/relaisgourmet.com\\\/wp-content\\\/uploads\\\/2026\\\/03\\\/Pack-de-6-Jijona-pyramide-min.png\",\"datePublished\":\"2026-03-10T12:25:13+00:00\",\"dateModified\":\"2026-04-01T23:20:54+00:00\",\"description\":\"Pacchetto 5+1 Turron Jijona: Risparmia gustando questa tipica specialit\u00e0 di fusione.\",\"breadcrumb\":{\"@id\":\"https:\\\/\\\/relaisgourmet.com\\\/it\\\/prodotto\\\/turron-jijona-pack-morbido-51\\\/#breadcrumb\"},\"inLanguage\":\"it-IT\",\"potentialAction\":[{\"@type\":\"ReadAction\",\"target\":[\"https:\\\/\\\/relaisgourmet.com\\\/it\\\/prodotto\\\/turron-jijona-pack-morbido-51\\\/\"]}]},{\"@type\":\"ImageObject\",\"inLanguage\":\"it-IT\",\"@id\":\"https:\\\/\\\/relaisgourmet.com\\\/it\\\/prodotto\\\/turron-jijona-pack-morbido-51\\\/#primaryimage\",\"url\":\"https:\\\/\\\/relaisgourmet.com\\\/wp-content\\\/uploads\\\/2026\\\/03\\\/Pack-de-6-Jijona-pyramide-min.png\",\"contentUrl\":\"https:\\\/\\\/relaisgourmet.com\\\/wp-content\\\/uploads\\\/2026\\\/03\\\/Pack-de-6-Jijona-pyramide-min.png\",\"width\":1000,\"height\":1000},{\"@type\":\"BreadcrumbList\",\"@id\":\"https:\\\/\\\/relaisgourmet.com\\\/it\\\/prodotto\\\/turron-jijona-pack-morbido-51\\\/#breadcrumb\",\"itemListElement\":[{\"@type\":\"ListItem\",\"position\":1,\"name\":\"Casa\",\"item\":\"https:\\\/\\\/relaisgourmet.com\\\/it\\\/casa\\\/\"},{\"@type\":\"ListItem\",\"position\":2,\"name\":\"Tutti i nostri prodotti\",\"item\":\"https:\\\/\\\/relaisgourmet.com\\\/it\\\/shop\\\/\"},{\"@type\":\"ListItem\",\"position\":3,\"name\":\"Turron Jijona Pack (morbido) (5+1)\"}]},{\"@type\":\"WebSite\",\"@id\":\"https:\\\/\\\/relaisgourmet.com\\\/it\\\/#website\",\"url\":\"https:\\\/\\\/relaisgourmet.com\\\/it\\\/\",\"name\":\"Relais Gourmet\",\"description\":\"Foie Gras 100% Fran\u00e7ais\",\"publisher\":{\"@id\":\"https:\\\/\\\/relaisgourmet.com\\\/it\\\/#organization\"},\"potentialAction\":[{\"@type\":\"SearchAction\",\"target\":{\"@type\":\"EntryPoint\",\"urlTemplate\":\"https:\\\/\\\/relaisgourmet.com\\\/it\\\/?s={search_term_string}\"},\"query-input\":{\"@type\":\"PropertyValueSpecification\",\"valueRequired\":true,\"valueName\":\"search_term_string\"}}],\"inLanguage\":\"it-IT\"},{\"@type\":\"Organization\",\"@id\":\"https:\\\/\\\/relaisgourmet.com\\\/it\\\/#organization\",\"name\":\"Relais Gourmet\",\"url\":\"https:\\\/\\\/relaisgourmet.com\\\/it\\\/\",\"logo\":{\"@type\":\"ImageObject\",\"inLanguage\":\"it-IT\",\"@id\":\"https:\\\/\\\/relaisgourmet.com\\\/it\\\/#\\\/schema\\\/logo\\\/image\\\/\",\"url\":\"https:\\\/\\\/relaisgourmet.com\\\/wp-content\\\/uploads\\\/2026\\\/03\\\/yoast-logo-2-relais-gourmet-.png\",\"contentUrl\":\"https:\\\/\\\/relaisgourmet.com\\\/wp-content\\\/uploads\\\/2026\\\/03\\\/yoast-logo-2-relais-gourmet-.png\",\"width\":1200,\"height\":675,\"caption\":\"Relais Gourmet\"},\"image\":{\"@id\":\"https:\\\/\\\/relaisgourmet.com\\\/it\\\/#\\\/schema\\\/logo\\\/image\\\/\"},\"sameAs\":[\"https:\\\/\\\/www.facebook.com\\\/relaisgourmet\\\/\",\"https:\\\/\\\/x.com\\\/relaisgourmet64\",\"https:\\\/\\\/www.instagram.com\\\/relaisgourmetofficiel\",\"https:\\\/\\\/www.pinterest.fr\\\/relaisgourmet\\\/\"],\"email\":\"yaqueche@relaisgourmet.com\",\"telephone\":\"+33 0 5 40 07 07 65\",\"legalName\":\"Relais Gourmet\",\"vatID\":\"FR13482415015\",\"taxID\":\"482415015\"}]}<\/script>\n<!-- \/ Yoast SEO Premium plugin. -->","yoast_head_json":{"title":"Pacchetto Jijona Turron (5+1 Gratis) | Relais Gourmet","description":"Pacchetto 5+1 Turron Jijona: Risparmia gustando questa tipica specialit\u00e0 di fusione.","robots":{"index":"index","follow":"follow","max-snippet":"max-snippet:-1","max-image-preview":"max-image-preview:large","max-video-preview":"max-video-preview:-1"},"canonical":"https:\/\/relaisgourmet.com\/it\/prodotto\/turron-jijona-pack-morbido-51\/","og_locale":"it_IT","og_type":"article","og_title":"Turron Jijona Pack (morbido) (5+1)","og_description":"Questo pacchetto contiene un totale di 6 barrette Turron Mou di Jijona Maria Simona, al prezzo di soli 5. Il jijona turron \u00e8 un torrone spagnolo morbido fatto con mandorle macinate. \u00c8 di colore marrone chiaro, ha una consistenza liscia e si sbriciola molto facilmente. \u00c8 una deliziosa miscela di mandorle tostate, zucchero, albume d'uovo e miele.  Il turron morbido di Maria Simona \u00e8 realizzato secondo la ricetta tradizionale. Usiamo solo ingredienti spagnoli di alta qualit\u00e0. Il nostro turron ha una designazione di origine ed \u00e8 protetto dal Consiglio di Regolamentazione di Jijona.","og_url":"https:\/\/relaisgourmet.com\/it\/prodotto\/turron-jijona-pack-morbido-51\/","og_site_name":"Relais Gourmet","article_publisher":"https:\/\/www.facebook.com\/relaisgourmet\/","article_modified_time":"2026-04-01T23:20:54+00:00","og_image":[{"width":1000,"height":1000,"url":"https:\/\/relaisgourmet.com\/wp-content\/uploads\/2026\/03\/Pack-de-6-Jijona-pyramide-min.png","type":"image\/png"}],"twitter_card":"summary_large_image","twitter_site":"@relaisgourmet64","twitter_misc":{"Tempo di lettura stimato":"2 minuto"},"schema":{"@context":"https:\/\/schema.org","@graph":[{"@type":"WebPage","@id":"https:\/\/relaisgourmet.com\/it\/prodotto\/turron-jijona-pack-morbido-51\/","url":"https:\/\/relaisgourmet.com\/it\/prodotto\/turron-jijona-pack-morbido-51\/","name":"Pacchetto Jijona Turron (5+1 Gratis) | Relais Gourmet","isPartOf":{"@id":"https:\/\/relaisgourmet.com\/it\/#website"},"primaryImageOfPage":{"@id":"https:\/\/relaisgourmet.com\/it\/prodotto\/turron-jijona-pack-morbido-51\/#primaryimage"},"image":{"@id":"https:\/\/relaisgourmet.com\/it\/prodotto\/turron-jijona-pack-morbido-51\/#primaryimage"},"thumbnailUrl":"https:\/\/relaisgourmet.com\/wp-content\/uploads\/2026\/03\/Pack-de-6-Jijona-pyramide-min.png","datePublished":"2026-03-10T12:25:13+00:00","dateModified":"2026-04-01T23:20:54+00:00","description":"Pacchetto 5+1 Turron Jijona: Risparmia gustando questa tipica specialit\u00e0 di fusione.","breadcrumb":{"@id":"https:\/\/relaisgourmet.com\/it\/prodotto\/turron-jijona-pack-morbido-51\/#breadcrumb"},"inLanguage":"it-IT","potentialAction":[{"@type":"ReadAction","target":["https:\/\/relaisgourmet.com\/it\/prodotto\/turron-jijona-pack-morbido-51\/"]}]},{"@type":"ImageObject","inLanguage":"it-IT","@id":"https:\/\/relaisgourmet.com\/it\/prodotto\/turron-jijona-pack-morbido-51\/#primaryimage","url":"https:\/\/relaisgourmet.com\/wp-content\/uploads\/2026\/03\/Pack-de-6-Jijona-pyramide-min.png","contentUrl":"https:\/\/relaisgourmet.com\/wp-content\/uploads\/2026\/03\/Pack-de-6-Jijona-pyramide-min.png","width":1000,"height":1000},{"@type":"BreadcrumbList","@id":"https:\/\/relaisgourmet.com\/it\/prodotto\/turron-jijona-pack-morbido-51\/#breadcrumb","itemListElement":[{"@type":"ListItem","position":1,"name":"Casa","item":"https:\/\/relaisgourmet.com\/it\/casa\/"},{"@type":"ListItem","position":2,"name":"Tutti i nostri prodotti","item":"https:\/\/relaisgourmet.com\/it\/shop\/"},{"@type":"ListItem","position":3,"name":"Turron Jijona Pack (morbido) (5+1)"}]},{"@type":"WebSite","@id":"https:\/\/relaisgourmet.com\/it\/#website","url":"https:\/\/relaisgourmet.com\/it\/","name":"Relais Gourmet","description":"Foie Gras 100% Fran\u00e7ais","publisher":{"@id":"https:\/\/relaisgourmet.com\/it\/#organization"},"potentialAction":[{"@type":"SearchAction","target":{"@type":"EntryPoint","urlTemplate":"https:\/\/relaisgourmet.com\/it\/?s={search_term_string}"},"query-input":{"@type":"PropertyValueSpecification","valueRequired":true,"valueName":"search_term_string"}}],"inLanguage":"it-IT"},{"@type":"Organization","@id":"https:\/\/relaisgourmet.com\/it\/#organization","name":"Relais Gourmet","url":"https:\/\/relaisgourmet.com\/it\/","logo":{"@type":"ImageObject","inLanguage":"it-IT","@id":"https:\/\/relaisgourmet.com\/it\/#\/schema\/logo\/image\/","url":"https:\/\/relaisgourmet.com\/wp-content\/uploads\/2026\/03\/yoast-logo-2-relais-gourmet-.png","contentUrl":"https:\/\/relaisgourmet.com\/wp-content\/uploads\/2026\/03\/yoast-logo-2-relais-gourmet-.png","width":1200,"height":675,"caption":"Relais Gourmet"},"image":{"@id":"https:\/\/relaisgourmet.com\/it\/#\/schema\/logo\/image\/"},"sameAs":["https:\/\/www.facebook.com\/relaisgourmet\/","https:\/\/x.com\/relaisgourmet64","https:\/\/www.instagram.com\/relaisgourmetofficiel","https:\/\/www.pinterest.fr\/relaisgourmet\/"],"email":"yaqueche@relaisgourmet.com","telephone":"+33 0 5 40 07 07 65","legalName":"Relais Gourmet","vatID":"FR13482415015","taxID":"482415015"}]}},"_links":{"self":[{"href":"https:\/\/relaisgourmet.com\/it\/wp-json\/wp\/v2\/product\/64760","targetHints":{"allow":["GET"]}}],"collection":[{"href":"https:\/\/relaisgourmet.com\/it\/wp-json\/wp\/v2\/product"}],"about":[{"href":"https:\/\/relaisgourmet.com\/it\/wp-json\/wp\/v2\/types\/product"}],"replies":[{"embeddable":true,"href":"https:\/\/relaisgourmet.com\/it\/wp-json\/wp\/v2\/comments?post=64760"}],"wp:featuredmedia":[{"embeddable":true,"href":"https:\/\/relaisgourmet.com\/it\/wp-json\/wp\/v2\/media\/64761"}],"wp:attachment":[{"href":"https:\/\/relaisgourmet.com\/it\/wp-json\/wp\/v2\/media?parent=64760"}],"wp:term":[{"taxonomy":"product_brand","embeddable":true,"href":"https:\/\/relaisgourmet.com\/it\/wp-json\/wp\/v2\/product_brand?post=64760"},{"taxonomy":"product_cat","embeddable":true,"href":"https:\/\/relaisgourmet.com\/it\/wp-json\/wp\/v2\/product_cat?post=64760"},{"taxonomy":"product_tag","embeddable":true,"href":"https:\/\/relaisgourmet.com\/it\/wp-json\/wp\/v2\/product_tag?post=64760"},{"taxonomy":"giftcard-category","embeddable":true,"href":"https:\/\/relaisgourmet.com\/it\/wp-json\/wp\/v2\/giftcard-category?post=64760"}],"curies":[{"name":"wp","href":"https:\/\/api.w.org\/{rel}","templated":true}]}}