{"id":64751,"date":"2026-03-10T12:25:13","date_gmt":"2026-03-10T12:25:13","guid":{"rendered":"https:\/\/strange-jennings.213-136-85-46.plesk.page\/product\/alicante-turron-pack-difficile-51\/"},"modified":"2026-04-01T23:20:51","modified_gmt":"2026-04-01T23:20:51","slug":"alicante-turron-pack-difficile-51","status":"publish","type":"product","link":"https:\/\/relaisgourmet.com\/it\/prodotto\/alicante-turron-pack-difficile-51\/","title":{"rendered":"Alicante Turron Pack (Difficile) (5+1)"},"content":{"rendered":"<h2><strong>La produzione del turron duro di Alicante di Maria Simona segue la ricetta tradizionale:<\/strong><\/h2>\n<p><strong>L&#8217;Alicante Dur Pack contiene un totale di 6 barrette di Alicante Maria Simona Hard Turr\u00f3n, al prezzo di soli 5.<\/strong><\/p>\n<p><strong>Peso netto: <\/strong>150gr<\/p>\n<h3><strong>Durata di conservazione del Pack Rigido di Alicante  <\/strong><\/h3>\n<p>Minimo 9 mesi. Dopo l&#8217;apertura, la conservazione avviene in un luogo asciutto. <\/p>\n<h3><strong>Ingredienti  <\/strong><\/h3>\n<p>60% mandorle tostate, zucchero, sciroppo di glucosio, 12% miele, rivestimento wafer (amido di patate e olio di girasole) e albume. Pu\u00f2 contenere tracce di arachidi, sesamo e nocciole. <\/p>\n<p>Questo prodotto \u00e8 senza glutine, quindi \u00e8 adatto ai celiachi.<\/p>\n<p>Il turrone duro di Alicante di Maria Simona ha una <a href=\"https:\/\/www.mapa.gob.es\/es\/alimentacion\/temas\/calidad-diferenciada\/dop-igp\/pana_paste\/IGP_TurronJiJona.aspx\">Designazione di Origine ed \u00e8 protetto dal Consiglio di Regolamentazione di Jijona<\/a>.<\/p>\n<h3>La storia del turrone di Alicante<\/h3>\n<p>Sebbene nessuno possa negare il legame stretto tra la citt\u00e0 di Alicante e questa caramella, non si sa esattamente quando e come sia apparso il turron &#8220;originale&#8221;. Mandorle e miele erano gi\u00e0 alimenti comuni in Grecia e Roma, per dare energia agli atleti olimpici. Anche il torrone spagnolo presenta alcune somiglianze con il baklava arabo. \u00c8 per lo pi\u00f9 accettato che la ricetta abbia avuto origine nei paesi arabi, ma non ci sono prove di ci\u00f2.   <\/p>\n<p>In ogni caso, queste caramelle sono importanti per il comune:<\/p>\n<p>- Innanzitutto, sappiamo che gi\u00e0 nel 1582 il turr\u00f3n era una parte importante della cultura natalizia ad Alicante, poich\u00e9 un documento comunale dell&#8217;epoca menziona che a Natale i lavoratori avevano come salario il torrone spagnolo.<\/p>\n<p>- Poi, nella pi\u00e8ce &#8220;La Generosa Paliza&#8221; di Lope de Rueda, nel 1570, il turron attorno al quale ruota la trama \u00e8 chiamato il &#8220;turron di Alicante&#8221;.<\/p>\n<p>- Infine, nel 1595, il turron doveva essere una vera passione in citt\u00e0, poich\u00e9 il re Filippo II fu costretto a scrivere una lettera chiedendo di limitare la spesa cittadina per il turron e il pane di fichi.<\/p>\n<p>Sebbene la citt\u00e0 abbia infine smesso di produrre il torrone spagnolo a causa di una disputa commerciale, il suo nome rimane un punto di riferimento, associato alla variante dura di questo dolce.<\/p>\n<p>Trova tutti i nostri consigli di preparazione sul <a href=\"https:\/\/mariasimona.com\/\">sito web di Maria Simona<\/a>.<\/p>\n<p>Sentiti libero di visitare il nostro blog per scoprire <a href=\"https:\/\/mariasimona.com\/recetas\/\">le nostre deliziose ricette<\/a> .<\/p>\n<p>E per l&#8217;antipasto, perch\u00e9 non lasciarti tentare <a href=\"https:\/\/epic-varahamihira.207-180-195-93.plesk.page\/\">dal delizioso Relais Gourmet Foies Gras <\/a>?<\/p>\n","protected":false},"excerpt":{"rendered":"<p><strong>Questo pacchetto contiene un totale di 6 barrette di Hard Turron di Alicante Maria Simona, al prezzo di soli 5.<\/strong><\/p>\n<p>Il turron di Alicante \u00e8 conosciuto come hard turron per la sua consistenza croccante, la tostatura unica delle mandorle e la miscela di miele e albume. \u00c8 un classico! <\/p>\n<p>Il turron duro di Alicante di Maria Simona \u00e8 realizzato secondo <a href=\"https:\/\/mariasimona.com\/comment-faire-les-turrons\/\">la ricetta tradizionale<\/a>.<\/p>\n<p>Usiamo solo ingredienti spagnoli di alta qualit\u00e0.<\/p>\n<p>Il nostro turron ha una <a href=\"https:\/\/www.mapa.gob.es\/es\/alimentacion\/temas\/calidad-diferenciada\/dop-igp\/pana_paste\/IGP_TurronJiJona.aspx\">designazione di origine ed \u00e8 protetto dal Consiglio di Regolamentazione di Jijona<\/a>.<\/p>\n","protected":false},"featured_media":64752,"comment_status":"closed","ping_status":"closed","template":"","meta":{"_iconic_wsb_product_page_order_bump_ids":[],"_sku":["3200000338302"],"_iconic_wsb_product_page_bump_modal_ids":[]},"product_brand":[],"product_cat":[1668],"product_tag":[],"giftcard-category":[],"class_list":{"0":"post-64751","1":"product","2":"type-product","3":"status-publish","4":"has-post-thumbnail","6":"product_cat-turroni-spagnoli","7":"product_shipping_class-standard","9":"first","10":"instock","11":"taxable","12":"shipping-taxable","13":"purchasable","14":"product-type-simple"},"yoast_head":"<!-- This site is optimized with the Yoast SEO Premium plugin v27.3 (Yoast SEO v27.3) - https:\/\/yoast.com\/product\/yoast-seo-premium-wordpress\/ -->\n<title>Alicante Turron Pack (Difficile) (5+1 Libera) | Relais Gourmet<\/title>\n<meta name=\"description\" content=\"Pacchetto Turron Alicante 5+1: goditi una selezione croccante da condividere o offrire.\" \/>\n<meta name=\"robots\" content=\"index, follow, max-snippet:-1, max-image-preview:large, max-video-preview:-1\" \/>\n<link rel=\"canonical\" href=\"https:\/\/relaisgourmet.com\/it\/prodotto\/alicante-turron-pack-difficile-51\/\" \/>\n<meta property=\"og:locale\" content=\"it_IT\" \/>\n<meta property=\"og:type\" content=\"article\" \/>\n<meta property=\"og:title\" content=\"Alicante Turron Pack (Difficile) (5+1)\" \/>\n<meta property=\"og:description\" content=\"Questo pacchetto contiene un totale di 6 barrette di Hard Turron di Alicante Maria Simona, al prezzo di soli 5. Il turron di Alicante \u00e8 conosciuto come hard turron per la sua consistenza croccante, la tostatura unica delle mandorle e la miscela di miele e albume. \u00c8 un classico!  Il turron duro di Alicante di Maria Simona \u00e8 realizzato secondo la ricetta tradizionale. Usiamo solo ingredienti spagnoli di alta qualit\u00e0. Il nostro turron ha una designazione di origine ed \u00e8 protetto dal Consiglio di Regolamentazione di Jijona.\" \/>\n<meta property=\"og:url\" content=\"https:\/\/relaisgourmet.com\/it\/prodotto\/alicante-turron-pack-difficile-51\/\" \/>\n<meta property=\"og:site_name\" content=\"Relais Gourmet\" \/>\n<meta property=\"article:publisher\" content=\"https:\/\/www.facebook.com\/relaisgourmet\/\" \/>\n<meta property=\"article:modified_time\" content=\"2026-04-01T23:20:51+00:00\" \/>\n<meta property=\"og:image\" content=\"https:\/\/relaisgourmet.com\/wp-content\/uploads\/2026\/03\/Pack-de-6-Alicante-pyramide-min.png\" \/>\n\t<meta property=\"og:image:width\" content=\"1000\" \/>\n\t<meta property=\"og:image:height\" content=\"1000\" \/>\n\t<meta property=\"og:image:type\" content=\"image\/png\" \/>\n<meta name=\"twitter:card\" content=\"summary_large_image\" \/>\n<meta name=\"twitter:site\" content=\"@relaisgourmet64\" \/>\n<meta name=\"twitter:label1\" content=\"Tempo di lettura stimato\" \/>\n\t<meta name=\"twitter:data1\" content=\"2 minuto\" \/>\n<script type=\"application\/ld+json\" class=\"yoast-schema-graph\">{\"@context\":\"https:\\\/\\\/schema.org\",\"@graph\":[{\"@type\":\"WebPage\",\"@id\":\"https:\\\/\\\/relaisgourmet.com\\\/it\\\/prodotto\\\/alicante-turron-pack-difficile-51\\\/\",\"url\":\"https:\\\/\\\/relaisgourmet.com\\\/it\\\/prodotto\\\/alicante-turron-pack-difficile-51\\\/\",\"name\":\"Alicante Turron Pack (Difficile) (5+1 Libera) | Relais Gourmet\",\"isPartOf\":{\"@id\":\"https:\\\/\\\/relaisgourmet.com\\\/it\\\/#website\"},\"primaryImageOfPage\":{\"@id\":\"https:\\\/\\\/relaisgourmet.com\\\/it\\\/prodotto\\\/alicante-turron-pack-difficile-51\\\/#primaryimage\"},\"image\":{\"@id\":\"https:\\\/\\\/relaisgourmet.com\\\/it\\\/prodotto\\\/alicante-turron-pack-difficile-51\\\/#primaryimage\"},\"thumbnailUrl\":\"https:\\\/\\\/relaisgourmet.com\\\/wp-content\\\/uploads\\\/2026\\\/03\\\/Pack-de-6-Alicante-pyramide-min.png\",\"datePublished\":\"2026-03-10T12:25:13+00:00\",\"dateModified\":\"2026-04-01T23:20:51+00:00\",\"description\":\"Pacchetto Turron Alicante 5+1: goditi una selezione croccante da condividere o offrire.\",\"breadcrumb\":{\"@id\":\"https:\\\/\\\/relaisgourmet.com\\\/it\\\/prodotto\\\/alicante-turron-pack-difficile-51\\\/#breadcrumb\"},\"inLanguage\":\"it-IT\",\"potentialAction\":[{\"@type\":\"ReadAction\",\"target\":[\"https:\\\/\\\/relaisgourmet.com\\\/it\\\/prodotto\\\/alicante-turron-pack-difficile-51\\\/\"]}]},{\"@type\":\"ImageObject\",\"inLanguage\":\"it-IT\",\"@id\":\"https:\\\/\\\/relaisgourmet.com\\\/it\\\/prodotto\\\/alicante-turron-pack-difficile-51\\\/#primaryimage\",\"url\":\"https:\\\/\\\/relaisgourmet.com\\\/wp-content\\\/uploads\\\/2026\\\/03\\\/Pack-de-6-Alicante-pyramide-min.png\",\"contentUrl\":\"https:\\\/\\\/relaisgourmet.com\\\/wp-content\\\/uploads\\\/2026\\\/03\\\/Pack-de-6-Alicante-pyramide-min.png\",\"width\":1000,\"height\":1000},{\"@type\":\"BreadcrumbList\",\"@id\":\"https:\\\/\\\/relaisgourmet.com\\\/it\\\/prodotto\\\/alicante-turron-pack-difficile-51\\\/#breadcrumb\",\"itemListElement\":[{\"@type\":\"ListItem\",\"position\":1,\"name\":\"Casa\",\"item\":\"https:\\\/\\\/relaisgourmet.com\\\/it\\\/casa\\\/\"},{\"@type\":\"ListItem\",\"position\":2,\"name\":\"Tutti i nostri prodotti\",\"item\":\"https:\\\/\\\/relaisgourmet.com\\\/it\\\/shop\\\/\"},{\"@type\":\"ListItem\",\"position\":3,\"name\":\"Alicante Turron Pack (Difficile) (5+1)\"}]},{\"@type\":\"WebSite\",\"@id\":\"https:\\\/\\\/relaisgourmet.com\\\/it\\\/#website\",\"url\":\"https:\\\/\\\/relaisgourmet.com\\\/it\\\/\",\"name\":\"Relais Gourmet\",\"description\":\"Foie Gras 100% Fran\u00e7ais\",\"publisher\":{\"@id\":\"https:\\\/\\\/relaisgourmet.com\\\/it\\\/#organization\"},\"potentialAction\":[{\"@type\":\"SearchAction\",\"target\":{\"@type\":\"EntryPoint\",\"urlTemplate\":\"https:\\\/\\\/relaisgourmet.com\\\/it\\\/?s={search_term_string}\"},\"query-input\":{\"@type\":\"PropertyValueSpecification\",\"valueRequired\":true,\"valueName\":\"search_term_string\"}}],\"inLanguage\":\"it-IT\"},{\"@type\":\"Organization\",\"@id\":\"https:\\\/\\\/relaisgourmet.com\\\/it\\\/#organization\",\"name\":\"Relais Gourmet\",\"url\":\"https:\\\/\\\/relaisgourmet.com\\\/it\\\/\",\"logo\":{\"@type\":\"ImageObject\",\"inLanguage\":\"it-IT\",\"@id\":\"https:\\\/\\\/relaisgourmet.com\\\/it\\\/#\\\/schema\\\/logo\\\/image\\\/\",\"url\":\"https:\\\/\\\/relaisgourmet.com\\\/wp-content\\\/uploads\\\/2026\\\/03\\\/yoast-logo-2-relais-gourmet-.png\",\"contentUrl\":\"https:\\\/\\\/relaisgourmet.com\\\/wp-content\\\/uploads\\\/2026\\\/03\\\/yoast-logo-2-relais-gourmet-.png\",\"width\":1200,\"height\":675,\"caption\":\"Relais Gourmet\"},\"image\":{\"@id\":\"https:\\\/\\\/relaisgourmet.com\\\/it\\\/#\\\/schema\\\/logo\\\/image\\\/\"},\"sameAs\":[\"https:\\\/\\\/www.facebook.com\\\/relaisgourmet\\\/\",\"https:\\\/\\\/x.com\\\/relaisgourmet64\",\"https:\\\/\\\/www.instagram.com\\\/relaisgourmetofficiel\",\"https:\\\/\\\/www.pinterest.fr\\\/relaisgourmet\\\/\"],\"email\":\"yaqueche@relaisgourmet.com\",\"telephone\":\"+33 0 5 40 07 07 65\",\"legalName\":\"Relais Gourmet\",\"vatID\":\"FR13482415015\",\"taxID\":\"482415015\"}]}<\/script>\n<!-- \/ Yoast SEO Premium plugin. -->","yoast_head_json":{"title":"Alicante Turron Pack (Difficile) (5+1 Libera) | Relais Gourmet","description":"Pacchetto Turron Alicante 5+1: goditi una selezione croccante da condividere o offrire.","robots":{"index":"index","follow":"follow","max-snippet":"max-snippet:-1","max-image-preview":"max-image-preview:large","max-video-preview":"max-video-preview:-1"},"canonical":"https:\/\/relaisgourmet.com\/it\/prodotto\/alicante-turron-pack-difficile-51\/","og_locale":"it_IT","og_type":"article","og_title":"Alicante Turron Pack (Difficile) (5+1)","og_description":"Questo pacchetto contiene un totale di 6 barrette di Hard Turron di Alicante Maria Simona, al prezzo di soli 5. Il turron di Alicante \u00e8 conosciuto come hard turron per la sua consistenza croccante, la tostatura unica delle mandorle e la miscela di miele e albume. \u00c8 un classico!  Il turron duro di Alicante di Maria Simona \u00e8 realizzato secondo la ricetta tradizionale. Usiamo solo ingredienti spagnoli di alta qualit\u00e0. Il nostro turron ha una designazione di origine ed \u00e8 protetto dal Consiglio di Regolamentazione di Jijona.","og_url":"https:\/\/relaisgourmet.com\/it\/prodotto\/alicante-turron-pack-difficile-51\/","og_site_name":"Relais Gourmet","article_publisher":"https:\/\/www.facebook.com\/relaisgourmet\/","article_modified_time":"2026-04-01T23:20:51+00:00","og_image":[{"width":1000,"height":1000,"url":"https:\/\/relaisgourmet.com\/wp-content\/uploads\/2026\/03\/Pack-de-6-Alicante-pyramide-min.png","type":"image\/png"}],"twitter_card":"summary_large_image","twitter_site":"@relaisgourmet64","twitter_misc":{"Tempo di lettura stimato":"2 minuto"},"schema":{"@context":"https:\/\/schema.org","@graph":[{"@type":"WebPage","@id":"https:\/\/relaisgourmet.com\/it\/prodotto\/alicante-turron-pack-difficile-51\/","url":"https:\/\/relaisgourmet.com\/it\/prodotto\/alicante-turron-pack-difficile-51\/","name":"Alicante Turron Pack (Difficile) (5+1 Libera) | Relais Gourmet","isPartOf":{"@id":"https:\/\/relaisgourmet.com\/it\/#website"},"primaryImageOfPage":{"@id":"https:\/\/relaisgourmet.com\/it\/prodotto\/alicante-turron-pack-difficile-51\/#primaryimage"},"image":{"@id":"https:\/\/relaisgourmet.com\/it\/prodotto\/alicante-turron-pack-difficile-51\/#primaryimage"},"thumbnailUrl":"https:\/\/relaisgourmet.com\/wp-content\/uploads\/2026\/03\/Pack-de-6-Alicante-pyramide-min.png","datePublished":"2026-03-10T12:25:13+00:00","dateModified":"2026-04-01T23:20:51+00:00","description":"Pacchetto Turron Alicante 5+1: goditi una selezione croccante da condividere o offrire.","breadcrumb":{"@id":"https:\/\/relaisgourmet.com\/it\/prodotto\/alicante-turron-pack-difficile-51\/#breadcrumb"},"inLanguage":"it-IT","potentialAction":[{"@type":"ReadAction","target":["https:\/\/relaisgourmet.com\/it\/prodotto\/alicante-turron-pack-difficile-51\/"]}]},{"@type":"ImageObject","inLanguage":"it-IT","@id":"https:\/\/relaisgourmet.com\/it\/prodotto\/alicante-turron-pack-difficile-51\/#primaryimage","url":"https:\/\/relaisgourmet.com\/wp-content\/uploads\/2026\/03\/Pack-de-6-Alicante-pyramide-min.png","contentUrl":"https:\/\/relaisgourmet.com\/wp-content\/uploads\/2026\/03\/Pack-de-6-Alicante-pyramide-min.png","width":1000,"height":1000},{"@type":"BreadcrumbList","@id":"https:\/\/relaisgourmet.com\/it\/prodotto\/alicante-turron-pack-difficile-51\/#breadcrumb","itemListElement":[{"@type":"ListItem","position":1,"name":"Casa","item":"https:\/\/relaisgourmet.com\/it\/casa\/"},{"@type":"ListItem","position":2,"name":"Tutti i nostri prodotti","item":"https:\/\/relaisgourmet.com\/it\/shop\/"},{"@type":"ListItem","position":3,"name":"Alicante Turron Pack (Difficile) (5+1)"}]},{"@type":"WebSite","@id":"https:\/\/relaisgourmet.com\/it\/#website","url":"https:\/\/relaisgourmet.com\/it\/","name":"Relais Gourmet","description":"Foie Gras 100% Fran\u00e7ais","publisher":{"@id":"https:\/\/relaisgourmet.com\/it\/#organization"},"potentialAction":[{"@type":"SearchAction","target":{"@type":"EntryPoint","urlTemplate":"https:\/\/relaisgourmet.com\/it\/?s={search_term_string}"},"query-input":{"@type":"PropertyValueSpecification","valueRequired":true,"valueName":"search_term_string"}}],"inLanguage":"it-IT"},{"@type":"Organization","@id":"https:\/\/relaisgourmet.com\/it\/#organization","name":"Relais Gourmet","url":"https:\/\/relaisgourmet.com\/it\/","logo":{"@type":"ImageObject","inLanguage":"it-IT","@id":"https:\/\/relaisgourmet.com\/it\/#\/schema\/logo\/image\/","url":"https:\/\/relaisgourmet.com\/wp-content\/uploads\/2026\/03\/yoast-logo-2-relais-gourmet-.png","contentUrl":"https:\/\/relaisgourmet.com\/wp-content\/uploads\/2026\/03\/yoast-logo-2-relais-gourmet-.png","width":1200,"height":675,"caption":"Relais Gourmet"},"image":{"@id":"https:\/\/relaisgourmet.com\/it\/#\/schema\/logo\/image\/"},"sameAs":["https:\/\/www.facebook.com\/relaisgourmet\/","https:\/\/x.com\/relaisgourmet64","https:\/\/www.instagram.com\/relaisgourmetofficiel","https:\/\/www.pinterest.fr\/relaisgourmet\/"],"email":"yaqueche@relaisgourmet.com","telephone":"+33 0 5 40 07 07 65","legalName":"Relais Gourmet","vatID":"FR13482415015","taxID":"482415015"}]}},"_links":{"self":[{"href":"https:\/\/relaisgourmet.com\/it\/wp-json\/wp\/v2\/product\/64751","targetHints":{"allow":["GET"]}}],"collection":[{"href":"https:\/\/relaisgourmet.com\/it\/wp-json\/wp\/v2\/product"}],"about":[{"href":"https:\/\/relaisgourmet.com\/it\/wp-json\/wp\/v2\/types\/product"}],"replies":[{"embeddable":true,"href":"https:\/\/relaisgourmet.com\/it\/wp-json\/wp\/v2\/comments?post=64751"}],"wp:featuredmedia":[{"embeddable":true,"href":"https:\/\/relaisgourmet.com\/it\/wp-json\/wp\/v2\/media\/64752"}],"wp:attachment":[{"href":"https:\/\/relaisgourmet.com\/it\/wp-json\/wp\/v2\/media?parent=64751"}],"wp:term":[{"taxonomy":"product_brand","embeddable":true,"href":"https:\/\/relaisgourmet.com\/it\/wp-json\/wp\/v2\/product_brand?post=64751"},{"taxonomy":"product_cat","embeddable":true,"href":"https:\/\/relaisgourmet.com\/it\/wp-json\/wp\/v2\/product_cat?post=64751"},{"taxonomy":"product_tag","embeddable":true,"href":"https:\/\/relaisgourmet.com\/it\/wp-json\/wp\/v2\/product_tag?post=64751"},{"taxonomy":"giftcard-category","embeddable":true,"href":"https:\/\/relaisgourmet.com\/it\/wp-json\/wp\/v2\/giftcard-category?post=64751"}],"curies":[{"name":"wp","href":"https:\/\/api.w.org\/{rel}","templated":true}]}}