{"id":64682,"date":"2026-03-10T12:25:11","date_gmt":"2026-03-10T12:25:11","guid":{"rendered":"https:\/\/strange-jennings.213-136-85-46.plesk.page\/product\/peanut-turron-difficile-extra\/"},"modified":"2026-04-01T23:20:27","modified_gmt":"2026-04-01T23:20:27","slug":"peanut-turron-difficile-extra","status":"publish","type":"product","link":"https:\/\/relaisgourmet.com\/it\/prodotto\/peanut-turron-difficile-extra\/","title":{"rendered":"Peanut Turron (Difficile) Extra"},"content":{"rendered":"<p><strong>Il Turr\u00f3n di arachidi di Maria Simona \u00e8 preparato secondo <a href=\"https:\/\/mariasimona.com\/secrets-fabrication-turron-jijona\/\">la ricetta tradizionale<\/a><\/strong><strong style=\"font-size: 16px; font-style: normal;\"> :<\/strong><\/p>\n<ul>\n<li><strong>Peso netto:<\/strong> 200 g<\/li>\n<li><strong>Ingredienti: <\/strong>Arachidi tostate 38%, zucchero, sciroppo di glucosio, miele, wafer (amido di patate e olio di girasole) e albume. Pu\u00f2 contenere tracce di mandorle, nocciole e sesamo. <\/li>\n<li><strong>Conservazione: <\/strong>almeno 9 mesi. Una volta aperto, conserva in un luogo fresco, asciutto e buio, lontano da luce e umidit\u00e0, sia nella confezione originale, sia avvolto in carta stagnola di alluminio o film trasparente, poi in una scatola ermetica. Spesso commettiamo l&#8217;errore di conservare il torrone in frigorifero, il che ne altera solo le propriet\u00e0 organolettiche cos\u00ec come il suo aroma e la sua consistenza.  <\/li>\n<\/ul>\n<p><strong>Questo prodotto \u00e8 senza glutine, quindi \u00e8 adatto ai celiachi.<\/strong><\/p>\n<h2>La storia del &#8220;<em>Cacau<\/em>&#8221; di Valencia<\/h2>\n<p>Originaria d&#8217;America, i documenti storici sembrano indicare che la nocciolina fu introdotta in Europa a Valencia. Il &#8220;<em>cacau<\/em>&#8220;, come viene chiamato a Valencia, apparve nella regione da Don Francisco Fabi\u00e1n y Tuero, arcivescovo della diocesi di Valencia. Questa storia avvenne a met\u00e0 del XVIII secolo, ma fu solo all&#8217;inizio del secolo successivo che l&#8217;arachide inizi\u00f2 a essere usata come ingrediente, oltre al consumo individuale.  <\/p>\n<p>Gli ettari della regione dedicati a questa coltura sono diminuiti drasticamente durante il XX secolo. In effetti, questo brusco calo \u00e8 spiegato da un enorme aumento dell&#8217;importazione di noci. Anche se ora la Spagna produce meno di 200 tonnellate di arachidi ogni anno, molto diverso dai milioni di tonnellate prodotte in paesi come Cina e India, le arachidi di Valencia sono considerate di alta qualit\u00e0.  <\/p>\n<p>Non sorprende quindi che Valencia sia stata una delle leader nella produzione di turron di arachidi.<\/p>\n<h3>Per andare oltre:<\/h3>\n<p>Trova tutti i nostri consigli di preparazione sul <a href=\"https:\/\/mariasimona.com\/\">sito web di Maria Simona<\/a>.<\/p>\n<p>Sentiti libero di visitare il nostro blog per scoprire <a href=\"https:\/\/mariasimona.com\/recetas\/\">le nostre deliziose ricette<\/a> .<\/p>\n<p>Infine, per accompagnare questo Turr\u00f3n, perch\u00e9 non lasciarsi tentare <a href=\"https:\/\/epic-varahamihira.207-180-195-93.plesk.page\/\">dal delizioso Relais Gourmet Foie Gras <\/a>?<\/p>\n","protected":false},"excerpt":{"rendered":"<p>Il turron di arachidi e miele \u00e8 croccante, con un sapore inimitabile, molto apprezzato da tutti.<\/p>\n<p>Il turron di arachidi di Maria Simona \u00e8 preparato secondo <a href=\"https:\/\/mariasimona.com\/comment-faire-les-turrons\/\">la ricetta tradizionale<\/a>.<\/p>\n<p>Usiamo solo ingredienti spagnoli della massima qualit\u00e0.<\/p>\n","protected":false},"featured_media":64683,"comment_status":"closed","ping_status":"closed","template":"","meta":{"_iconic_wsb_product_page_order_bump_ids":[],"_sku":["3370000337909"],"_iconic_wsb_product_page_bump_modal_ids":[]},"product_brand":[],"product_cat":[1668],"product_tag":[],"giftcard-category":[],"class_list":{"0":"post-64682","1":"product","2":"type-product","3":"status-publish","4":"has-post-thumbnail","6":"product_cat-turroni-spagnoli","7":"product_shipping_class-standard","9":"first","10":"instock","11":"taxable","12":"shipping-taxable","13":"purchasable","14":"product-type-simple"},"yoast_head":"<!-- This site is optimized with the Yoast SEO Premium plugin v27.3 (Yoast SEO v27.3) - https:\/\/yoast.com\/product\/yoast-seo-premium-wordpress\/ -->\n<title>Turron artigianale alle arachidi | Relais Gourmet<\/title>\n<meta name=\"description\" content=\"Turron di arachidi: un piacere croccante, perfetto per accompagnare caff\u00e8 o dessert.\" \/>\n<meta name=\"robots\" content=\"index, follow, max-snippet:-1, max-image-preview:large, max-video-preview:-1\" \/>\n<link rel=\"canonical\" href=\"https:\/\/relaisgourmet.com\/it\/prodotto\/peanut-turron-difficile-extra\/\" \/>\n<meta property=\"og:locale\" content=\"it_IT\" \/>\n<meta property=\"og:type\" content=\"article\" \/>\n<meta property=\"og:title\" content=\"Peanut Turron (Difficile) Extra\" \/>\n<meta property=\"og:description\" content=\"Il turron di arachidi e miele \u00e8 croccante, con un sapore inimitabile, molto apprezzato da tutti. Il turron di arachidi di Maria Simona \u00e8 preparato secondo la ricetta tradizionale. Usiamo solo ingredienti spagnoli della massima qualit\u00e0.\" \/>\n<meta property=\"og:url\" content=\"https:\/\/relaisgourmet.com\/it\/prodotto\/peanut-turron-difficile-extra\/\" \/>\n<meta property=\"og:site_name\" content=\"Relais Gourmet\" \/>\n<meta property=\"article:publisher\" content=\"https:\/\/www.facebook.com\/relaisgourmet\/\" \/>\n<meta property=\"article:modified_time\" content=\"2026-04-01T23:20:27+00:00\" \/>\n<meta property=\"og:image\" content=\"https:\/\/relaisgourmet.com\/wp-content\/uploads\/2026\/03\/Cacahuete-1.jpg\" \/>\n\t<meta property=\"og:image:width\" content=\"600\" \/>\n\t<meta property=\"og:image:height\" content=\"600\" \/>\n\t<meta property=\"og:image:type\" content=\"image\/jpeg\" \/>\n<meta name=\"twitter:card\" content=\"summary_large_image\" \/>\n<meta name=\"twitter:site\" content=\"@relaisgourmet64\" \/>\n<meta name=\"twitter:label1\" content=\"Tempo di lettura stimato\" \/>\n\t<meta name=\"twitter:data1\" content=\"2 minuto\" \/>\n<script type=\"application\/ld+json\" class=\"yoast-schema-graph\">{\"@context\":\"https:\\\/\\\/schema.org\",\"@graph\":[{\"@type\":\"WebPage\",\"@id\":\"https:\\\/\\\/relaisgourmet.com\\\/it\\\/prodotto\\\/peanut-turron-difficile-extra\\\/\",\"url\":\"https:\\\/\\\/relaisgourmet.com\\\/it\\\/prodotto\\\/peanut-turron-difficile-extra\\\/\",\"name\":\"Turron artigianale alle arachidi | Relais Gourmet\",\"isPartOf\":{\"@id\":\"https:\\\/\\\/relaisgourmet.com\\\/it\\\/#website\"},\"primaryImageOfPage\":{\"@id\":\"https:\\\/\\\/relaisgourmet.com\\\/it\\\/prodotto\\\/peanut-turron-difficile-extra\\\/#primaryimage\"},\"image\":{\"@id\":\"https:\\\/\\\/relaisgourmet.com\\\/it\\\/prodotto\\\/peanut-turron-difficile-extra\\\/#primaryimage\"},\"thumbnailUrl\":\"https:\\\/\\\/relaisgourmet.com\\\/wp-content\\\/uploads\\\/2026\\\/03\\\/Cacahuete-1.jpg\",\"datePublished\":\"2026-03-10T12:25:11+00:00\",\"dateModified\":\"2026-04-01T23:20:27+00:00\",\"description\":\"Turron di arachidi: un piacere croccante, perfetto per accompagnare caff\u00e8 o dessert.\",\"breadcrumb\":{\"@id\":\"https:\\\/\\\/relaisgourmet.com\\\/it\\\/prodotto\\\/peanut-turron-difficile-extra\\\/#breadcrumb\"},\"inLanguage\":\"it-IT\",\"potentialAction\":[{\"@type\":\"ReadAction\",\"target\":[\"https:\\\/\\\/relaisgourmet.com\\\/it\\\/prodotto\\\/peanut-turron-difficile-extra\\\/\"]}]},{\"@type\":\"ImageObject\",\"inLanguage\":\"it-IT\",\"@id\":\"https:\\\/\\\/relaisgourmet.com\\\/it\\\/prodotto\\\/peanut-turron-difficile-extra\\\/#primaryimage\",\"url\":\"https:\\\/\\\/relaisgourmet.com\\\/wp-content\\\/uploads\\\/2026\\\/03\\\/Cacahuete-1.jpg\",\"contentUrl\":\"https:\\\/\\\/relaisgourmet.com\\\/wp-content\\\/uploads\\\/2026\\\/03\\\/Cacahuete-1.jpg\",\"width\":600,\"height\":600},{\"@type\":\"BreadcrumbList\",\"@id\":\"https:\\\/\\\/relaisgourmet.com\\\/it\\\/prodotto\\\/peanut-turron-difficile-extra\\\/#breadcrumb\",\"itemListElement\":[{\"@type\":\"ListItem\",\"position\":1,\"name\":\"Casa\",\"item\":\"https:\\\/\\\/relaisgourmet.com\\\/it\\\/casa\\\/\"},{\"@type\":\"ListItem\",\"position\":2,\"name\":\"Tutti i nostri prodotti\",\"item\":\"https:\\\/\\\/relaisgourmet.com\\\/it\\\/shop\\\/\"},{\"@type\":\"ListItem\",\"position\":3,\"name\":\"Peanut Turron (Difficile) Extra\"}]},{\"@type\":\"WebSite\",\"@id\":\"https:\\\/\\\/relaisgourmet.com\\\/it\\\/#website\",\"url\":\"https:\\\/\\\/relaisgourmet.com\\\/it\\\/\",\"name\":\"Relais Gourmet\",\"description\":\"Foie Gras 100% Fran\u00e7ais\",\"publisher\":{\"@id\":\"https:\\\/\\\/relaisgourmet.com\\\/it\\\/#organization\"},\"potentialAction\":[{\"@type\":\"SearchAction\",\"target\":{\"@type\":\"EntryPoint\",\"urlTemplate\":\"https:\\\/\\\/relaisgourmet.com\\\/it\\\/?s={search_term_string}\"},\"query-input\":{\"@type\":\"PropertyValueSpecification\",\"valueRequired\":true,\"valueName\":\"search_term_string\"}}],\"inLanguage\":\"it-IT\"},{\"@type\":\"Organization\",\"@id\":\"https:\\\/\\\/relaisgourmet.com\\\/it\\\/#organization\",\"name\":\"Relais Gourmet\",\"url\":\"https:\\\/\\\/relaisgourmet.com\\\/it\\\/\",\"logo\":{\"@type\":\"ImageObject\",\"inLanguage\":\"it-IT\",\"@id\":\"https:\\\/\\\/relaisgourmet.com\\\/it\\\/#\\\/schema\\\/logo\\\/image\\\/\",\"url\":\"https:\\\/\\\/relaisgourmet.com\\\/wp-content\\\/uploads\\\/2026\\\/03\\\/yoast-logo-2-relais-gourmet-.png\",\"contentUrl\":\"https:\\\/\\\/relaisgourmet.com\\\/wp-content\\\/uploads\\\/2026\\\/03\\\/yoast-logo-2-relais-gourmet-.png\",\"width\":1200,\"height\":675,\"caption\":\"Relais Gourmet\"},\"image\":{\"@id\":\"https:\\\/\\\/relaisgourmet.com\\\/it\\\/#\\\/schema\\\/logo\\\/image\\\/\"},\"sameAs\":[\"https:\\\/\\\/www.facebook.com\\\/relaisgourmet\\\/\",\"https:\\\/\\\/x.com\\\/relaisgourmet64\",\"https:\\\/\\\/www.instagram.com\\\/relaisgourmetofficiel\",\"https:\\\/\\\/www.pinterest.fr\\\/relaisgourmet\\\/\"],\"email\":\"yaqueche@relaisgourmet.com\",\"telephone\":\"+33 0 5 40 07 07 65\",\"legalName\":\"Relais Gourmet\",\"vatID\":\"FR13482415015\",\"taxID\":\"482415015\"}]}<\/script>\n<!-- \/ Yoast SEO Premium plugin. -->","yoast_head_json":{"title":"Turron artigianale alle arachidi | Relais Gourmet","description":"Turron di arachidi: un piacere croccante, perfetto per accompagnare caff\u00e8 o dessert.","robots":{"index":"index","follow":"follow","max-snippet":"max-snippet:-1","max-image-preview":"max-image-preview:large","max-video-preview":"max-video-preview:-1"},"canonical":"https:\/\/relaisgourmet.com\/it\/prodotto\/peanut-turron-difficile-extra\/","og_locale":"it_IT","og_type":"article","og_title":"Peanut Turron (Difficile) Extra","og_description":"Il turron di arachidi e miele \u00e8 croccante, con un sapore inimitabile, molto apprezzato da tutti. Il turron di arachidi di Maria Simona \u00e8 preparato secondo la ricetta tradizionale. Usiamo solo ingredienti spagnoli della massima qualit\u00e0.","og_url":"https:\/\/relaisgourmet.com\/it\/prodotto\/peanut-turron-difficile-extra\/","og_site_name":"Relais Gourmet","article_publisher":"https:\/\/www.facebook.com\/relaisgourmet\/","article_modified_time":"2026-04-01T23:20:27+00:00","og_image":[{"width":600,"height":600,"url":"https:\/\/relaisgourmet.com\/wp-content\/uploads\/2026\/03\/Cacahuete-1.jpg","type":"image\/jpeg"}],"twitter_card":"summary_large_image","twitter_site":"@relaisgourmet64","twitter_misc":{"Tempo di lettura stimato":"2 minuto"},"schema":{"@context":"https:\/\/schema.org","@graph":[{"@type":"WebPage","@id":"https:\/\/relaisgourmet.com\/it\/prodotto\/peanut-turron-difficile-extra\/","url":"https:\/\/relaisgourmet.com\/it\/prodotto\/peanut-turron-difficile-extra\/","name":"Turron artigianale alle arachidi | Relais Gourmet","isPartOf":{"@id":"https:\/\/relaisgourmet.com\/it\/#website"},"primaryImageOfPage":{"@id":"https:\/\/relaisgourmet.com\/it\/prodotto\/peanut-turron-difficile-extra\/#primaryimage"},"image":{"@id":"https:\/\/relaisgourmet.com\/it\/prodotto\/peanut-turron-difficile-extra\/#primaryimage"},"thumbnailUrl":"https:\/\/relaisgourmet.com\/wp-content\/uploads\/2026\/03\/Cacahuete-1.jpg","datePublished":"2026-03-10T12:25:11+00:00","dateModified":"2026-04-01T23:20:27+00:00","description":"Turron di arachidi: un piacere croccante, perfetto per accompagnare caff\u00e8 o dessert.","breadcrumb":{"@id":"https:\/\/relaisgourmet.com\/it\/prodotto\/peanut-turron-difficile-extra\/#breadcrumb"},"inLanguage":"it-IT","potentialAction":[{"@type":"ReadAction","target":["https:\/\/relaisgourmet.com\/it\/prodotto\/peanut-turron-difficile-extra\/"]}]},{"@type":"ImageObject","inLanguage":"it-IT","@id":"https:\/\/relaisgourmet.com\/it\/prodotto\/peanut-turron-difficile-extra\/#primaryimage","url":"https:\/\/relaisgourmet.com\/wp-content\/uploads\/2026\/03\/Cacahuete-1.jpg","contentUrl":"https:\/\/relaisgourmet.com\/wp-content\/uploads\/2026\/03\/Cacahuete-1.jpg","width":600,"height":600},{"@type":"BreadcrumbList","@id":"https:\/\/relaisgourmet.com\/it\/prodotto\/peanut-turron-difficile-extra\/#breadcrumb","itemListElement":[{"@type":"ListItem","position":1,"name":"Casa","item":"https:\/\/relaisgourmet.com\/it\/casa\/"},{"@type":"ListItem","position":2,"name":"Tutti i nostri prodotti","item":"https:\/\/relaisgourmet.com\/it\/shop\/"},{"@type":"ListItem","position":3,"name":"Peanut Turron (Difficile) Extra"}]},{"@type":"WebSite","@id":"https:\/\/relaisgourmet.com\/it\/#website","url":"https:\/\/relaisgourmet.com\/it\/","name":"Relais Gourmet","description":"Foie Gras 100% Fran\u00e7ais","publisher":{"@id":"https:\/\/relaisgourmet.com\/it\/#organization"},"potentialAction":[{"@type":"SearchAction","target":{"@type":"EntryPoint","urlTemplate":"https:\/\/relaisgourmet.com\/it\/?s={search_term_string}"},"query-input":{"@type":"PropertyValueSpecification","valueRequired":true,"valueName":"search_term_string"}}],"inLanguage":"it-IT"},{"@type":"Organization","@id":"https:\/\/relaisgourmet.com\/it\/#organization","name":"Relais Gourmet","url":"https:\/\/relaisgourmet.com\/it\/","logo":{"@type":"ImageObject","inLanguage":"it-IT","@id":"https:\/\/relaisgourmet.com\/it\/#\/schema\/logo\/image\/","url":"https:\/\/relaisgourmet.com\/wp-content\/uploads\/2026\/03\/yoast-logo-2-relais-gourmet-.png","contentUrl":"https:\/\/relaisgourmet.com\/wp-content\/uploads\/2026\/03\/yoast-logo-2-relais-gourmet-.png","width":1200,"height":675,"caption":"Relais Gourmet"},"image":{"@id":"https:\/\/relaisgourmet.com\/it\/#\/schema\/logo\/image\/"},"sameAs":["https:\/\/www.facebook.com\/relaisgourmet\/","https:\/\/x.com\/relaisgourmet64","https:\/\/www.instagram.com\/relaisgourmetofficiel","https:\/\/www.pinterest.fr\/relaisgourmet\/"],"email":"yaqueche@relaisgourmet.com","telephone":"+33 0 5 40 07 07 65","legalName":"Relais Gourmet","vatID":"FR13482415015","taxID":"482415015"}]}},"_links":{"self":[{"href":"https:\/\/relaisgourmet.com\/it\/wp-json\/wp\/v2\/product\/64682","targetHints":{"allow":["GET"]}}],"collection":[{"href":"https:\/\/relaisgourmet.com\/it\/wp-json\/wp\/v2\/product"}],"about":[{"href":"https:\/\/relaisgourmet.com\/it\/wp-json\/wp\/v2\/types\/product"}],"replies":[{"embeddable":true,"href":"https:\/\/relaisgourmet.com\/it\/wp-json\/wp\/v2\/comments?post=64682"}],"wp:featuredmedia":[{"embeddable":true,"href":"https:\/\/relaisgourmet.com\/it\/wp-json\/wp\/v2\/media\/64683"}],"wp:attachment":[{"href":"https:\/\/relaisgourmet.com\/it\/wp-json\/wp\/v2\/media?parent=64682"}],"wp:term":[{"taxonomy":"product_brand","embeddable":true,"href":"https:\/\/relaisgourmet.com\/it\/wp-json\/wp\/v2\/product_brand?post=64682"},{"taxonomy":"product_cat","embeddable":true,"href":"https:\/\/relaisgourmet.com\/it\/wp-json\/wp\/v2\/product_cat?post=64682"},{"taxonomy":"product_tag","embeddable":true,"href":"https:\/\/relaisgourmet.com\/it\/wp-json\/wp\/v2\/product_tag?post=64682"},{"taxonomy":"giftcard-category","embeddable":true,"href":"https:\/\/relaisgourmet.com\/it\/wp-json\/wp\/v2\/giftcard-category?post=64682"}],"curies":[{"name":"wp","href":"https:\/\/api.w.org\/{rel}","templated":true}]}}