{"id":64680,"date":"2026-03-10T12:25:12","date_gmt":"2026-03-10T12:25:12","guid":{"rendered":"https:\/\/strange-jennings.213-136-85-46.plesk.page\/product\/pacchetto-scoperta-turron-51\/"},"modified":"2026-04-01T23:22:50","modified_gmt":"2026-04-01T23:22:50","slug":"pacchetto-scoperta-turron-51","status":"publish","type":"product","link":"https:\/\/relaisgourmet.com\/it\/prodotto\/pacchetto-scoperta-turron-51\/","title":{"rendered":"Pacchetto Scoperta Turron (5+1)"},"content":{"rendered":"<h3>Turr\u00f3n Discovery Pack (6+1): Il nostro 6 torrone classico e 1 gratis!<\/h3>\n<p><strong>Tutte le compresse di torrone in questa confezione sono senza glutine e adatte ai celiachi.<\/strong><\/p>\n<ul>\n<li>\n<h4>Il Turron di Jijona<\/h4>\n<ul>\n<li><strong>Peso netto:<\/strong> 150gr<\/li>\n<li><strong>Durata di conservazione:<\/strong> minimo 9 mesi. Conserva in un luogo fresco e asciutto, lontano da luce e umidit\u00e0. Una volta aperto, dovrebbe essere conservato in frigorifero perch\u00e9 inizia a perdere le sue qualit\u00e0 organolettiche; Il torrone di jijona si secca un po&#8217;.  <\/li>\n<li><strong>Ingredienti:<\/strong> Mandorle tostate 64%, miele 12%, zucchero, sciroppo di glucosio, albume e emulsionante: (E-471).<\/li>\n<li>Pu\u00f2 contenere tracce di arachidi, sesamo e nocciole.<\/li>\n<\/ul>\n<\/li>\n<\/ul>\n<ul>\n<li>\n<h4>Il Turron di Alicante<\/h4>\n<ul>\n<li><strong>Peso netto:<\/strong> 150gr<\/li>\n<li><strong>Durata di conservazione: <\/strong>minimo 9 mesi. Una volta aperto, dovrebbe essere conservato in un luogo asciutto. <\/li>\n<li><strong>Ingredienti: <\/strong>Mandorle tostate 60%, zucchero, sciroppo di glucosio, miele 12%, rivestimento wafer (amido di patate e olio di girasole) e albume.<\/li>\n<li>Pu\u00f2 contenere tracce di arachidi, sesamo e nocciole.<\/li>\n<\/ul>\n<\/li>\n<\/ul>\n<ul>\n<li>\n<h4>Peanut Turron<\/h4>\n<ul>\n<li><strong>Peso netto<\/strong> : 200gr<\/li>\n<li><strong>Durata di conservazione<\/strong> : minimo 9 mesi. Inoltre, una volta aperto, dovrebbe essere conservato in un luogo asciutto. <\/li>\n<li><strong>Ingredienti<\/strong> : arachidi tostate 38%, zucchero, sciroppo di glucosio, miele, wafer (amido di patate e olio di girasole) e albume.<\/li>\n<li>Pu\u00f2 contenere tracce di mandorle, nocciole e sesamo.<\/li>\n<\/ul>\n<\/li>\n<\/ul>\n<ul>\n<li>\n<h4>Turron con Catalan Cream<\/h4>\n<ul>\n<li><strong>Peso netto<\/strong>: 200gr<\/li>\n<li><strong>Durata di conservazione<\/strong> : minimo 9 mesi. Una volta aperto, dovrebbe essere conservato in un luogo asciutto. <\/li>\n<li><strong>Ingredienti<\/strong> : zucchero, mandorle, tuorlo d&#8217;uovo (7%), sciroppo di glucosio e un conservante (E-200).<\/li>\n<li>Pu\u00f2 contenere tracce di noci e latte.<\/li>\n<\/ul>\n<\/li>\n<\/ul>\n<ul>\n<li>\n<h4>Turron con panna e noci<\/h4>\n<ul>\n<li><strong>Peso netto:<\/strong> 200gr<\/li>\n<li><strong>Durata di conservazione: <\/strong>minimo 9 mesi. Conserva in un luogo fresco e asciutto, lontano da luce e umidit\u00e0. Una volta aperto, conserva in frigorifero mentre inizia a perdere le sue qualit\u00e0 organolettiche.  <\/li>\n<li><strong>Ingredienti: <\/strong>Zucchero, mandorle, noci (7%), latte intero in polvere 5%, conservante (acido sorbico E-200) e aromatizzante alla crema. Potrebbe contenere tracce di uovo. <\/li>\n<\/ul>\n<\/li>\n<\/ul>\n<ul>\n<li>\n<h4>La Guirlache Turron (con caramello):<\/h4>\n<ul>\n<li>\n<ul>\n<li><strong>Peso netto:<\/strong> 200gr<\/li>\n<li><strong>Durata di conservazione: <\/strong>minimo 9 mesi. Una volta aperto, conserva in un luogo asciutto. <\/li>\n<li><strong>Ingredienti:<\/strong> 60% mandorle tostate, zucchero, sciroppo di glucosio, miele e wafer (amido di patate e olio di girasole).<\/li>\n<li>Pu\u00f2 contenere tracce di uova, arachidi, sesamo e nocciola.<\/li>\n<\/ul>\n<\/li>\n<\/ul>\n<\/li>\n<\/ul>\n<p>Il turron di Maria Simona \u00e8 prodotto secondo<a href=\"https:\/\/mariasimona.com\/secrets-fabrication-turron-jijona\/\"> la ricetta tradizionale <\/a>e quindi utilizziamo solo ingredienti spagnoli di altissima qualit\u00e0.<\/p>\n<p>Infine, il nostro turron ha una <a href=\"https:\/\/www.mapa.gob.es\/es\/alimentacion\/temas\/calidad-diferenciada\/dop-igp\/pana_paste\/IGP_TurronJiJona.aspx\">designazione di origine ed \u00e8 protetto dal Consiglio di Regolamentazione di Jijona<\/a>.<\/p>\n","protected":false},"excerpt":{"rendered":"<p>Il Turron de Jijona \u00e8 un torrone morbido fatto con mandorle macinate. \u00c8 marrone chiaro, ha una consistenza morbida e si sbriciola molto facilmente. \u00c8 una deliziosa miscela di mandorle tostate, zucchero, albume d&#8217;uovo e miele.  <\/p>\n<p>Il Turron di Alicante \u00e8 conosciuto come un torrone duro per la sua consistenza croccante, dovuta alla tostatura unica delle mandorle e alla miscela di miele e albume. \u00c8 un classico! <\/p>\n<p>Il Peanut and Honey Turron \u00e8 croccante, con un sapore inimitabile, molto apprezzato da tutti.<\/p>\n<p>Il turron con tuorlo grigliato \u00e8 fatto con mandorle macinate e tuorlo d&#8217;uovo. Il suo colore, aroma e sapore sono quelli del tuorlo d&#8217;uovo che partecipa all&#8217;elaborazione, accuratamente combinati con la mandorla. <\/p>\n<p>Il turron con panna e frutta secca \u00e8 una di quelle specialit\u00e0 che tutti amano. Con un sapore molto delicato, \u00e8 dolce appena abbastanza perch\u00e9 l&#8217;amarezza delle noci \u00e8 in contrasto con quella dello zucchero e delle mandorle. Uno dei gusti pi\u00f9 tradizionali prodotti da decenni.  <\/p>\n<p>La guirlache \u00e8 una prelibatezza tradizionale tipica della gastronomia spagnola preparata con mandorle e caramello solidificato. Una consistenza croccante di mandorle e caramello che si scioglie in bocca. Un vero successo per i gourmet della casa.  <\/p>\n<p>Ricetta tradizionale.<\/p>\n<p>Qualit\u00e0 superiore.<\/p>\n","protected":false},"featured_media":64684,"comment_status":"closed","ping_status":"closed","template":"","meta":{"_iconic_wsb_product_page_order_bump_ids":[],"_sku":["3250000337997"],"_iconic_wsb_product_page_bump_modal_ids":[]},"product_brand":[],"product_cat":[1668],"product_tag":[2142,2189,1687,2190,2144,2192,2185,2186,2187,2193,2195,2196,2191,2188,2194,2140,2141],"giftcard-category":[],"class_list":{"0":"post-64680","1":"product","2":"type-product","3":"status-publish","4":"has-post-thumbnail","6":"product_cat-turroni-spagnoli","7":"product_tag-alicante","8":"product_tag-caramello","9":"product_tag-confezione","10":"product_tag-crema","11":"product_tag-difficile","12":"product_tag-guirlache","13":"product_tag-jijona","14":"product_tag-maria-simona","15":"product_tag-morbido","16":"product_tag-nuts","17":"product_tag-pacchetto-classico","18":"product_tag-pacchetto-scoperta","19":"product_tag-panna-catalana","20":"product_tag-peanut","21":"product_tag-torrone-2","22":"product_tag-torrone","23":"product_tag-turron","24":"product_shipping_class-standard","26":"first","27":"instock","28":"taxable","29":"shipping-taxable","30":"purchasable","31":"product-type-simple"},"yoast_head":"<!-- This site is optimized with the Yoast SEO Premium plugin v27.3 (Yoast SEO v27.3) - https:\/\/yoast.com\/product\/yoast-seo-premium-wordpress\/ -->\n<title>Pacchetto Turron Gourmet Discovery (6+1) | Relais Gourmet<\/title>\n<meta name=\"description\" content=\"Turron 6+1 Discovery Pack: ideale per esplorare i sapori spagnoli.\" \/>\n<meta name=\"robots\" content=\"index, follow, max-snippet:-1, max-image-preview:large, max-video-preview:-1\" \/>\n<link rel=\"canonical\" href=\"https:\/\/relaisgourmet.com\/it\/prodotto\/pacchetto-scoperta-turron-51\/\" \/>\n<meta property=\"og:locale\" content=\"it_IT\" \/>\n<meta property=\"og:type\" content=\"article\" \/>\n<meta property=\"og:title\" content=\"Pacchetto Scoperta Turron (5+1)\" \/>\n<meta property=\"og:description\" content=\"Il Turron de Jijona \u00e8 un torrone morbido fatto con mandorle macinate. \u00c8 marrone chiaro, ha una consistenza morbida e si sbriciola molto facilmente. \u00c8 una deliziosa miscela di mandorle tostate, zucchero, albume d&#039;uovo e miele.  Il Turron di Alicante \u00e8 conosciuto come un torrone duro per la sua consistenza croccante, dovuta alla tostatura unica delle mandorle e alla miscela di miele e albume. \u00c8 un classico!  Il Peanut and Honey Turron \u00e8 croccante, con un sapore inimitabile, molto apprezzato da tutti. Il turron con tuorlo grigliato \u00e8 fatto con mandorle macinate e tuorlo d&#039;uovo. Il suo colore, aroma e sapore sono quelli del tuorlo d&#039;uovo che partecipa all&#039;elaborazione, accuratamente combinati con la mandorla.  Il turron con panna e frutta secca \u00e8 una di quelle specialit\u00e0 che tutti amano. Con un sapore molto delicato, \u00e8 dolce appena abbastanza perch\u00e9 l&#039;amarezza delle noci \u00e8 in contrasto con quella dello zucchero e delle mandorle. Uno dei gusti pi\u00f9 tradizionali prodotti da decenni.  La guirlache \u00e8 una prelibatezza tradizionale tipica della gastronomia spagnola preparata con mandorle e caramello solidificato. Una consistenza croccante di mandorle e caramello che si scioglie in bocca. Un vero successo per i gourmet della casa.  Ricetta tradizionale. Qualit\u00e0 superiore.\" \/>\n<meta property=\"og:url\" content=\"https:\/\/relaisgourmet.com\/it\/prodotto\/pacchetto-scoperta-turron-51\/\" \/>\n<meta property=\"og:site_name\" content=\"Relais Gourmet\" \/>\n<meta property=\"article:publisher\" content=\"https:\/\/www.facebook.com\/relaisgourmet\/\" \/>\n<meta property=\"article:modified_time\" content=\"2026-04-01T23:22:50+00:00\" \/>\n<meta property=\"og:image\" content=\"https:\/\/relaisgourmet.com\/wp-content\/uploads\/2026\/03\/Pack-de-6-pyramide-1.png\" \/>\n\t<meta property=\"og:image:width\" content=\"2000\" \/>\n\t<meta property=\"og:image:height\" content=\"2000\" \/>\n\t<meta property=\"og:image:type\" content=\"image\/png\" \/>\n<meta name=\"twitter:card\" content=\"summary_large_image\" \/>\n<meta name=\"twitter:site\" content=\"@relaisgourmet64\" \/>\n<meta name=\"twitter:label1\" content=\"Tempo di lettura stimato\" \/>\n\t<meta name=\"twitter:data1\" content=\"2 minuto\" \/>\n<script type=\"application\/ld+json\" class=\"yoast-schema-graph\">{\"@context\":\"https:\\\/\\\/schema.org\",\"@graph\":[{\"@type\":\"WebPage\",\"@id\":\"https:\\\/\\\/relaisgourmet.com\\\/it\\\/prodotto\\\/pacchetto-scoperta-turron-51\\\/\",\"url\":\"https:\\\/\\\/relaisgourmet.com\\\/it\\\/prodotto\\\/pacchetto-scoperta-turron-51\\\/\",\"name\":\"Pacchetto Turron Gourmet Discovery (6+1) | Relais Gourmet\",\"isPartOf\":{\"@id\":\"https:\\\/\\\/relaisgourmet.com\\\/it\\\/#website\"},\"primaryImageOfPage\":{\"@id\":\"https:\\\/\\\/relaisgourmet.com\\\/it\\\/prodotto\\\/pacchetto-scoperta-turron-51\\\/#primaryimage\"},\"image\":{\"@id\":\"https:\\\/\\\/relaisgourmet.com\\\/it\\\/prodotto\\\/pacchetto-scoperta-turron-51\\\/#primaryimage\"},\"thumbnailUrl\":\"https:\\\/\\\/relaisgourmet.com\\\/wp-content\\\/uploads\\\/2026\\\/03\\\/Pack-de-6-pyramide-1.png\",\"datePublished\":\"2026-03-10T12:25:12+00:00\",\"dateModified\":\"2026-04-01T23:22:50+00:00\",\"description\":\"Turron 6+1 Discovery Pack: ideale per esplorare i sapori spagnoli.\",\"breadcrumb\":{\"@id\":\"https:\\\/\\\/relaisgourmet.com\\\/it\\\/prodotto\\\/pacchetto-scoperta-turron-51\\\/#breadcrumb\"},\"inLanguage\":\"it-IT\",\"potentialAction\":[{\"@type\":\"ReadAction\",\"target\":[\"https:\\\/\\\/relaisgourmet.com\\\/it\\\/prodotto\\\/pacchetto-scoperta-turron-51\\\/\"]}]},{\"@type\":\"ImageObject\",\"inLanguage\":\"it-IT\",\"@id\":\"https:\\\/\\\/relaisgourmet.com\\\/it\\\/prodotto\\\/pacchetto-scoperta-turron-51\\\/#primaryimage\",\"url\":\"https:\\\/\\\/relaisgourmet.com\\\/wp-content\\\/uploads\\\/2026\\\/03\\\/Pack-de-6-pyramide-1.png\",\"contentUrl\":\"https:\\\/\\\/relaisgourmet.com\\\/wp-content\\\/uploads\\\/2026\\\/03\\\/Pack-de-6-pyramide-1.png\",\"width\":2000,\"height\":2000},{\"@type\":\"BreadcrumbList\",\"@id\":\"https:\\\/\\\/relaisgourmet.com\\\/it\\\/prodotto\\\/pacchetto-scoperta-turron-51\\\/#breadcrumb\",\"itemListElement\":[{\"@type\":\"ListItem\",\"position\":1,\"name\":\"Casa\",\"item\":\"https:\\\/\\\/relaisgourmet.com\\\/it\\\/casa\\\/\"},{\"@type\":\"ListItem\",\"position\":2,\"name\":\"Tutti i nostri prodotti\",\"item\":\"https:\\\/\\\/relaisgourmet.com\\\/it\\\/shop\\\/\"},{\"@type\":\"ListItem\",\"position\":3,\"name\":\"Pacchetto Scoperta Turron (5+1)\"}]},{\"@type\":\"WebSite\",\"@id\":\"https:\\\/\\\/relaisgourmet.com\\\/it\\\/#website\",\"url\":\"https:\\\/\\\/relaisgourmet.com\\\/it\\\/\",\"name\":\"Relais Gourmet\",\"description\":\"Foie Gras 100% Fran\u00e7ais\",\"publisher\":{\"@id\":\"https:\\\/\\\/relaisgourmet.com\\\/it\\\/#organization\"},\"potentialAction\":[{\"@type\":\"SearchAction\",\"target\":{\"@type\":\"EntryPoint\",\"urlTemplate\":\"https:\\\/\\\/relaisgourmet.com\\\/it\\\/?s={search_term_string}\"},\"query-input\":{\"@type\":\"PropertyValueSpecification\",\"valueRequired\":true,\"valueName\":\"search_term_string\"}}],\"inLanguage\":\"it-IT\"},{\"@type\":\"Organization\",\"@id\":\"https:\\\/\\\/relaisgourmet.com\\\/it\\\/#organization\",\"name\":\"Relais Gourmet\",\"url\":\"https:\\\/\\\/relaisgourmet.com\\\/it\\\/\",\"logo\":{\"@type\":\"ImageObject\",\"inLanguage\":\"it-IT\",\"@id\":\"https:\\\/\\\/relaisgourmet.com\\\/it\\\/#\\\/schema\\\/logo\\\/image\\\/\",\"url\":\"https:\\\/\\\/relaisgourmet.com\\\/wp-content\\\/uploads\\\/2026\\\/03\\\/yoast-logo-2-relais-gourmet-.png\",\"contentUrl\":\"https:\\\/\\\/relaisgourmet.com\\\/wp-content\\\/uploads\\\/2026\\\/03\\\/yoast-logo-2-relais-gourmet-.png\",\"width\":1200,\"height\":675,\"caption\":\"Relais Gourmet\"},\"image\":{\"@id\":\"https:\\\/\\\/relaisgourmet.com\\\/it\\\/#\\\/schema\\\/logo\\\/image\\\/\"},\"sameAs\":[\"https:\\\/\\\/www.facebook.com\\\/relaisgourmet\\\/\",\"https:\\\/\\\/x.com\\\/relaisgourmet64\",\"https:\\\/\\\/www.instagram.com\\\/relaisgourmetofficiel\",\"https:\\\/\\\/www.pinterest.fr\\\/relaisgourmet\\\/\"],\"email\":\"yaqueche@relaisgourmet.com\",\"telephone\":\"+33 0 5 40 07 07 65\",\"legalName\":\"Relais Gourmet\",\"vatID\":\"FR13482415015\",\"taxID\":\"482415015\"}]}<\/script>\n<!-- \/ Yoast SEO Premium plugin. -->","yoast_head_json":{"title":"Pacchetto Turron Gourmet Discovery (6+1) | Relais Gourmet","description":"Turron 6+1 Discovery Pack: ideale per esplorare i sapori spagnoli.","robots":{"index":"index","follow":"follow","max-snippet":"max-snippet:-1","max-image-preview":"max-image-preview:large","max-video-preview":"max-video-preview:-1"},"canonical":"https:\/\/relaisgourmet.com\/it\/prodotto\/pacchetto-scoperta-turron-51\/","og_locale":"it_IT","og_type":"article","og_title":"Pacchetto Scoperta Turron (5+1)","og_description":"Il Turron de Jijona \u00e8 un torrone morbido fatto con mandorle macinate. \u00c8 marrone chiaro, ha una consistenza morbida e si sbriciola molto facilmente. \u00c8 una deliziosa miscela di mandorle tostate, zucchero, albume d'uovo e miele.  Il Turron di Alicante \u00e8 conosciuto come un torrone duro per la sua consistenza croccante, dovuta alla tostatura unica delle mandorle e alla miscela di miele e albume. \u00c8 un classico!  Il Peanut and Honey Turron \u00e8 croccante, con un sapore inimitabile, molto apprezzato da tutti. Il turron con tuorlo grigliato \u00e8 fatto con mandorle macinate e tuorlo d'uovo. Il suo colore, aroma e sapore sono quelli del tuorlo d'uovo che partecipa all'elaborazione, accuratamente combinati con la mandorla.  Il turron con panna e frutta secca \u00e8 una di quelle specialit\u00e0 che tutti amano. Con un sapore molto delicato, \u00e8 dolce appena abbastanza perch\u00e9 l'amarezza delle noci \u00e8 in contrasto con quella dello zucchero e delle mandorle. Uno dei gusti pi\u00f9 tradizionali prodotti da decenni.  La guirlache \u00e8 una prelibatezza tradizionale tipica della gastronomia spagnola preparata con mandorle e caramello solidificato. Una consistenza croccante di mandorle e caramello che si scioglie in bocca. Un vero successo per i gourmet della casa.  Ricetta tradizionale. Qualit\u00e0 superiore.","og_url":"https:\/\/relaisgourmet.com\/it\/prodotto\/pacchetto-scoperta-turron-51\/","og_site_name":"Relais Gourmet","article_publisher":"https:\/\/www.facebook.com\/relaisgourmet\/","article_modified_time":"2026-04-01T23:22:50+00:00","og_image":[{"width":2000,"height":2000,"url":"https:\/\/relaisgourmet.com\/wp-content\/uploads\/2026\/03\/Pack-de-6-pyramide-1.png","type":"image\/png"}],"twitter_card":"summary_large_image","twitter_site":"@relaisgourmet64","twitter_misc":{"Tempo di lettura stimato":"2 minuto"},"schema":{"@context":"https:\/\/schema.org","@graph":[{"@type":"WebPage","@id":"https:\/\/relaisgourmet.com\/it\/prodotto\/pacchetto-scoperta-turron-51\/","url":"https:\/\/relaisgourmet.com\/it\/prodotto\/pacchetto-scoperta-turron-51\/","name":"Pacchetto Turron Gourmet Discovery (6+1) | Relais Gourmet","isPartOf":{"@id":"https:\/\/relaisgourmet.com\/it\/#website"},"primaryImageOfPage":{"@id":"https:\/\/relaisgourmet.com\/it\/prodotto\/pacchetto-scoperta-turron-51\/#primaryimage"},"image":{"@id":"https:\/\/relaisgourmet.com\/it\/prodotto\/pacchetto-scoperta-turron-51\/#primaryimage"},"thumbnailUrl":"https:\/\/relaisgourmet.com\/wp-content\/uploads\/2026\/03\/Pack-de-6-pyramide-1.png","datePublished":"2026-03-10T12:25:12+00:00","dateModified":"2026-04-01T23:22:50+00:00","description":"Turron 6+1 Discovery Pack: ideale per esplorare i sapori spagnoli.","breadcrumb":{"@id":"https:\/\/relaisgourmet.com\/it\/prodotto\/pacchetto-scoperta-turron-51\/#breadcrumb"},"inLanguage":"it-IT","potentialAction":[{"@type":"ReadAction","target":["https:\/\/relaisgourmet.com\/it\/prodotto\/pacchetto-scoperta-turron-51\/"]}]},{"@type":"ImageObject","inLanguage":"it-IT","@id":"https:\/\/relaisgourmet.com\/it\/prodotto\/pacchetto-scoperta-turron-51\/#primaryimage","url":"https:\/\/relaisgourmet.com\/wp-content\/uploads\/2026\/03\/Pack-de-6-pyramide-1.png","contentUrl":"https:\/\/relaisgourmet.com\/wp-content\/uploads\/2026\/03\/Pack-de-6-pyramide-1.png","width":2000,"height":2000},{"@type":"BreadcrumbList","@id":"https:\/\/relaisgourmet.com\/it\/prodotto\/pacchetto-scoperta-turron-51\/#breadcrumb","itemListElement":[{"@type":"ListItem","position":1,"name":"Casa","item":"https:\/\/relaisgourmet.com\/it\/casa\/"},{"@type":"ListItem","position":2,"name":"Tutti i nostri prodotti","item":"https:\/\/relaisgourmet.com\/it\/shop\/"},{"@type":"ListItem","position":3,"name":"Pacchetto Scoperta Turron (5+1)"}]},{"@type":"WebSite","@id":"https:\/\/relaisgourmet.com\/it\/#website","url":"https:\/\/relaisgourmet.com\/it\/","name":"Relais Gourmet","description":"Foie Gras 100% Fran\u00e7ais","publisher":{"@id":"https:\/\/relaisgourmet.com\/it\/#organization"},"potentialAction":[{"@type":"SearchAction","target":{"@type":"EntryPoint","urlTemplate":"https:\/\/relaisgourmet.com\/it\/?s={search_term_string}"},"query-input":{"@type":"PropertyValueSpecification","valueRequired":true,"valueName":"search_term_string"}}],"inLanguage":"it-IT"},{"@type":"Organization","@id":"https:\/\/relaisgourmet.com\/it\/#organization","name":"Relais Gourmet","url":"https:\/\/relaisgourmet.com\/it\/","logo":{"@type":"ImageObject","inLanguage":"it-IT","@id":"https:\/\/relaisgourmet.com\/it\/#\/schema\/logo\/image\/","url":"https:\/\/relaisgourmet.com\/wp-content\/uploads\/2026\/03\/yoast-logo-2-relais-gourmet-.png","contentUrl":"https:\/\/relaisgourmet.com\/wp-content\/uploads\/2026\/03\/yoast-logo-2-relais-gourmet-.png","width":1200,"height":675,"caption":"Relais Gourmet"},"image":{"@id":"https:\/\/relaisgourmet.com\/it\/#\/schema\/logo\/image\/"},"sameAs":["https:\/\/www.facebook.com\/relaisgourmet\/","https:\/\/x.com\/relaisgourmet64","https:\/\/www.instagram.com\/relaisgourmetofficiel","https:\/\/www.pinterest.fr\/relaisgourmet\/"],"email":"yaqueche@relaisgourmet.com","telephone":"+33 0 5 40 07 07 65","legalName":"Relais Gourmet","vatID":"FR13482415015","taxID":"482415015"}]}},"_links":{"self":[{"href":"https:\/\/relaisgourmet.com\/it\/wp-json\/wp\/v2\/product\/64680","targetHints":{"allow":["GET"]}}],"collection":[{"href":"https:\/\/relaisgourmet.com\/it\/wp-json\/wp\/v2\/product"}],"about":[{"href":"https:\/\/relaisgourmet.com\/it\/wp-json\/wp\/v2\/types\/product"}],"replies":[{"embeddable":true,"href":"https:\/\/relaisgourmet.com\/it\/wp-json\/wp\/v2\/comments?post=64680"}],"wp:featuredmedia":[{"embeddable":true,"href":"https:\/\/relaisgourmet.com\/it\/wp-json\/wp\/v2\/media\/64684"}],"wp:attachment":[{"href":"https:\/\/relaisgourmet.com\/it\/wp-json\/wp\/v2\/media?parent=64680"}],"wp:term":[{"taxonomy":"product_brand","embeddable":true,"href":"https:\/\/relaisgourmet.com\/it\/wp-json\/wp\/v2\/product_brand?post=64680"},{"taxonomy":"product_cat","embeddable":true,"href":"https:\/\/relaisgourmet.com\/it\/wp-json\/wp\/v2\/product_cat?post=64680"},{"taxonomy":"product_tag","embeddable":true,"href":"https:\/\/relaisgourmet.com\/it\/wp-json\/wp\/v2\/product_tag?post=64680"},{"taxonomy":"giftcard-category","embeddable":true,"href":"https:\/\/relaisgourmet.com\/it\/wp-json\/wp\/v2\/giftcard-category?post=64680"}],"curies":[{"name":"wp","href":"https:\/\/api.w.org\/{rel}","templated":true}]}}