{"id":64674,"date":"2026-03-10T12:24:48","date_gmt":"2026-03-10T12:24:48","guid":{"rendered":"https:\/\/strange-jennings.213-136-85-46.plesk.page\/product\/turron-con-crema-e-noci-morbide\/"},"modified":"2026-04-01T23:20:07","modified_gmt":"2026-04-01T23:20:07","slug":"turron-con-crema-e-noci-morbide","status":"publish","type":"product","link":"https:\/\/relaisgourmet.com\/it\/prodotto\/turron-con-crema-e-noci-morbide\/","title":{"rendered":"Turron con crema e noci (morbido)"},"content":{"rendered":"<h2><strong>Il Turr\u00f3n con crema e noci di Maria Simona \u00e8 realizzato secondo la ricetta tradizionale:<\/strong><\/h2>\n<p><strong>Peso netto:<\/strong> 200 g<\/p>\n<h2><strong>Durata di conservazione :<\/strong><\/h2>\n<p>Minimo 6 mesi. Conservalo in un luogo fresco e asciutto, al riparo dalla luce e dall&#8217;umidit\u00e0. Una volta aperto, conservalo in frigorifero.  <\/p>\n<h2><strong>Ingredienti:<\/strong><\/h2>\n<p>Zucchero, mandorle, noci (7%), latte intero in polvere 5%, conservanti (acido sorbico E-200) e aroma di crema. Pu\u00f2 contenere tracce di uova. <\/p>\n<p>Questo prodotto \u00e8 privo di glutine e quindi adatto ai celiaci.<\/p>\n<h2>Le noci, le ghiandole di Giove<\/h2>\n<p>Le noci sono un frutto molto importante in Spagna. Infatti, sebbene una variante sia coltivata in tutta Europa, non \u00e8 raro chiamarla &#8220;noce spagnola&#8221; o &#8220;noce castigliana&#8221;. Sebbene sia pi\u00f9 che probabile che questa noce sia entrata in Europa attraverso la conquista greca con i Persiani, leggendariamente attribuita ad Alessandro Magno, fu senza dubbio l&#8217;Impero Romano a introdurne la coltivazione in Spagna e nel resto del continente.  <\/p>\n<p>Nella cultura greco-romana, le noci erano considerate un cibo degno degli dei. I Greci le chiamavano &#8220;semi di Dio&#8221; e i Romani &#8220;ghiandole di Giove&#8221; (l&#8217;equivalente romano di Zeus). Fonte di vitamine B e C, omega 3, acido folico, fosforo, magnesio e calcio, dimostrano l&#8217;incomparabile qualit\u00e0 di questo alimento.  <\/p>\n<p>La noce spagnola \u00e8 senza dubbio la protagonista del torrone alla crema e alle noci, anche se l&#8217;impasto del turrone prevede sempre l&#8217;utilizzo di deliziose mandorle, che rendono questo dessert un cocktail di vitamine e minerali.<\/p>\n<p>Trovi tutti i nostri consigli per la preparazione sul <a href=\"https:\/\/mariasimona.com\/\">sito web di Maria Simona<\/a>.<\/p>\n<p>Non esitare a visitare il nostro blog per scoprire le <a href=\"https:\/\/mariasimona.com\/recetas\/\">nostre deliziose ricette<\/a>.<\/p>\n<p>E per cominciare, perch\u00e9 non provare <a href=\"https:\/\/epic-varahamihira.207-180-195-93.plesk.page\/\">il delizioso Relais Gourmet Foies Gras <\/a>?<\/p>\n","protected":false},"excerpt":{"rendered":"<p>Il turron con crema e noci \u00e8 una di quelle specialit\u00e0 che tutti amano. Ha un sapore molto delicato e la giusta dose di dolcezza, poich\u00e9 l&#8217;amaro delle noci contrasta con lo zucchero e le mandorle. \u00c8 uno dei sapori pi\u00f9 tradizionali che si producono da decenni.  <\/p>\n<p>Il turrone alla crema e noci di Maria Simona \u00e8 realizzato secondo la <a href=\"https:\/\/mariasimona.com\/comment-faire-les-turrons\/\">ricetta tradizionale.<\/a><\/p>\n<p>Utilizziamo solo ingredienti spagnoli di alta qualit\u00e0.<\/p>\n<p><strong>Peso netto: 200 g  <\/strong><\/p>\n","protected":false},"featured_media":64676,"comment_status":"closed","ping_status":"closed","template":"","meta":{"_iconic_wsb_product_page_order_bump_ids":[],"_sku":["K7-ILWS-43N0"],"_iconic_wsb_product_page_bump_modal_ids":[]},"product_brand":[],"product_cat":[1668],"product_tag":[],"giftcard-category":[],"class_list":{"0":"post-64674","1":"product","2":"type-product","3":"status-publish","4":"has-post-thumbnail","6":"product_cat-turroni-spagnoli","7":"product_shipping_class-standard","9":"first","10":"instock","11":"taxable","12":"shipping-taxable","13":"purchasable","14":"product-type-simple"},"yoast_head":"<!-- This site is optimized with the Yoast SEO Premium plugin v27.3 (Yoast SEO v27.3) - https:\/\/yoast.com\/product\/yoast-seo-premium-wordpress\/ -->\n<title>Crema di torrone e noci (Mou) | Relais Gourmet<\/title>\n<meta name=\"description\" content=\"Turron morbido con panna e noci: una ricetta tenera e scioglievole con un autentico sapore di frutta secca.\" \/>\n<meta name=\"robots\" content=\"index, follow, max-snippet:-1, max-image-preview:large, max-video-preview:-1\" \/>\n<link rel=\"canonical\" href=\"https:\/\/relaisgourmet.com\/it\/prodotto\/turron-con-crema-e-noci-morbide\/\" \/>\n<meta property=\"og:locale\" content=\"it_IT\" \/>\n<meta property=\"og:type\" content=\"article\" \/>\n<meta property=\"og:title\" content=\"Turron con crema e noci (morbido)\" \/>\n<meta property=\"og:description\" content=\"Il turron con crema e noci \u00e8 una di quelle specialit\u00e0 che tutti amano. Ha un sapore molto delicato e la giusta dose di dolcezza, poich\u00e9 l&#039;amaro delle noci contrasta con lo zucchero e le mandorle. \u00c8 uno dei sapori pi\u00f9 tradizionali che si producono da decenni.  Il turrone alla crema e noci di Maria Simona \u00e8 realizzato secondo la ricetta tradizionale. Utilizziamo solo ingredienti spagnoli di alta qualit\u00e0. Peso netto: 200 g\" \/>\n<meta property=\"og:url\" content=\"https:\/\/relaisgourmet.com\/it\/prodotto\/turron-con-crema-e-noci-morbide\/\" \/>\n<meta property=\"og:site_name\" content=\"Relais Gourmet\" \/>\n<meta property=\"article:publisher\" content=\"https:\/\/www.facebook.com\/relaisgourmet\/\" \/>\n<meta property=\"article:modified_time\" content=\"2026-04-01T23:20:07+00:00\" \/>\n<meta property=\"og:image\" content=\"https:\/\/relaisgourmet.com\/wp-content\/uploads\/2026\/03\/Nata-y-Nueces-1.jpg\" \/>\n\t<meta property=\"og:image:width\" content=\"600\" \/>\n\t<meta property=\"og:image:height\" content=\"600\" \/>\n\t<meta property=\"og:image:type\" content=\"image\/jpeg\" \/>\n<meta name=\"twitter:card\" content=\"summary_large_image\" \/>\n<meta name=\"twitter:site\" content=\"@relaisgourmet64\" \/>\n<meta name=\"twitter:label1\" content=\"Tempo di lettura stimato\" \/>\n\t<meta name=\"twitter:data1\" content=\"1 minuto\" \/>\n<script type=\"application\/ld+json\" class=\"yoast-schema-graph\">{\"@context\":\"https:\\\/\\\/schema.org\",\"@graph\":[{\"@type\":\"WebPage\",\"@id\":\"https:\\\/\\\/relaisgourmet.com\\\/it\\\/prodotto\\\/turron-con-crema-e-noci-morbide\\\/\",\"url\":\"https:\\\/\\\/relaisgourmet.com\\\/it\\\/prodotto\\\/turron-con-crema-e-noci-morbide\\\/\",\"name\":\"Crema di torrone e noci (Mou) | Relais Gourmet\",\"isPartOf\":{\"@id\":\"https:\\\/\\\/relaisgourmet.com\\\/it\\\/#website\"},\"primaryImageOfPage\":{\"@id\":\"https:\\\/\\\/relaisgourmet.com\\\/it\\\/prodotto\\\/turron-con-crema-e-noci-morbide\\\/#primaryimage\"},\"image\":{\"@id\":\"https:\\\/\\\/relaisgourmet.com\\\/it\\\/prodotto\\\/turron-con-crema-e-noci-morbide\\\/#primaryimage\"},\"thumbnailUrl\":\"https:\\\/\\\/relaisgourmet.com\\\/wp-content\\\/uploads\\\/2026\\\/03\\\/Nata-y-Nueces-1.jpg\",\"datePublished\":\"2026-03-10T12:24:48+00:00\",\"dateModified\":\"2026-04-01T23:20:07+00:00\",\"description\":\"Turron morbido con panna e noci: una ricetta tenera e scioglievole con un autentico sapore di frutta secca.\",\"breadcrumb\":{\"@id\":\"https:\\\/\\\/relaisgourmet.com\\\/it\\\/prodotto\\\/turron-con-crema-e-noci-morbide\\\/#breadcrumb\"},\"inLanguage\":\"it-IT\",\"potentialAction\":[{\"@type\":\"ReadAction\",\"target\":[\"https:\\\/\\\/relaisgourmet.com\\\/it\\\/prodotto\\\/turron-con-crema-e-noci-morbide\\\/\"]}]},{\"@type\":\"ImageObject\",\"inLanguage\":\"it-IT\",\"@id\":\"https:\\\/\\\/relaisgourmet.com\\\/it\\\/prodotto\\\/turron-con-crema-e-noci-morbide\\\/#primaryimage\",\"url\":\"https:\\\/\\\/relaisgourmet.com\\\/wp-content\\\/uploads\\\/2026\\\/03\\\/Nata-y-Nueces-1.jpg\",\"contentUrl\":\"https:\\\/\\\/relaisgourmet.com\\\/wp-content\\\/uploads\\\/2026\\\/03\\\/Nata-y-Nueces-1.jpg\",\"width\":600,\"height\":600},{\"@type\":\"BreadcrumbList\",\"@id\":\"https:\\\/\\\/relaisgourmet.com\\\/it\\\/prodotto\\\/turron-con-crema-e-noci-morbide\\\/#breadcrumb\",\"itemListElement\":[{\"@type\":\"ListItem\",\"position\":1,\"name\":\"Casa\",\"item\":\"https:\\\/\\\/relaisgourmet.com\\\/it\\\/casa\\\/\"},{\"@type\":\"ListItem\",\"position\":2,\"name\":\"Tutti i nostri prodotti\",\"item\":\"https:\\\/\\\/relaisgourmet.com\\\/it\\\/shop\\\/\"},{\"@type\":\"ListItem\",\"position\":3,\"name\":\"Turron con crema e noci (morbido)\"}]},{\"@type\":\"WebSite\",\"@id\":\"https:\\\/\\\/relaisgourmet.com\\\/it\\\/#website\",\"url\":\"https:\\\/\\\/relaisgourmet.com\\\/it\\\/\",\"name\":\"Relais Gourmet\",\"description\":\"Foie Gras 100% Fran\u00e7ais\",\"publisher\":{\"@id\":\"https:\\\/\\\/relaisgourmet.com\\\/it\\\/#organization\"},\"potentialAction\":[{\"@type\":\"SearchAction\",\"target\":{\"@type\":\"EntryPoint\",\"urlTemplate\":\"https:\\\/\\\/relaisgourmet.com\\\/it\\\/?s={search_term_string}\"},\"query-input\":{\"@type\":\"PropertyValueSpecification\",\"valueRequired\":true,\"valueName\":\"search_term_string\"}}],\"inLanguage\":\"it-IT\"},{\"@type\":\"Organization\",\"@id\":\"https:\\\/\\\/relaisgourmet.com\\\/it\\\/#organization\",\"name\":\"Relais Gourmet\",\"url\":\"https:\\\/\\\/relaisgourmet.com\\\/it\\\/\",\"logo\":{\"@type\":\"ImageObject\",\"inLanguage\":\"it-IT\",\"@id\":\"https:\\\/\\\/relaisgourmet.com\\\/it\\\/#\\\/schema\\\/logo\\\/image\\\/\",\"url\":\"https:\\\/\\\/relaisgourmet.com\\\/wp-content\\\/uploads\\\/2026\\\/03\\\/yoast-logo-2-relais-gourmet-.png\",\"contentUrl\":\"https:\\\/\\\/relaisgourmet.com\\\/wp-content\\\/uploads\\\/2026\\\/03\\\/yoast-logo-2-relais-gourmet-.png\",\"width\":1200,\"height\":675,\"caption\":\"Relais Gourmet\"},\"image\":{\"@id\":\"https:\\\/\\\/relaisgourmet.com\\\/it\\\/#\\\/schema\\\/logo\\\/image\\\/\"},\"sameAs\":[\"https:\\\/\\\/www.facebook.com\\\/relaisgourmet\\\/\",\"https:\\\/\\\/x.com\\\/relaisgourmet64\",\"https:\\\/\\\/www.instagram.com\\\/relaisgourmetofficiel\",\"https:\\\/\\\/www.pinterest.fr\\\/relaisgourmet\\\/\"],\"email\":\"yaqueche@relaisgourmet.com\",\"telephone\":\"+33 0 5 40 07 07 65\",\"legalName\":\"Relais Gourmet\",\"vatID\":\"FR13482415015\",\"taxID\":\"482415015\"}]}<\/script>\n<!-- \/ Yoast SEO Premium plugin. -->","yoast_head_json":{"title":"Crema di torrone e noci (Mou) | Relais Gourmet","description":"Turron morbido con panna e noci: una ricetta tenera e scioglievole con un autentico sapore di frutta secca.","robots":{"index":"index","follow":"follow","max-snippet":"max-snippet:-1","max-image-preview":"max-image-preview:large","max-video-preview":"max-video-preview:-1"},"canonical":"https:\/\/relaisgourmet.com\/it\/prodotto\/turron-con-crema-e-noci-morbide\/","og_locale":"it_IT","og_type":"article","og_title":"Turron con crema e noci (morbido)","og_description":"Il turron con crema e noci \u00e8 una di quelle specialit\u00e0 che tutti amano. Ha un sapore molto delicato e la giusta dose di dolcezza, poich\u00e9 l'amaro delle noci contrasta con lo zucchero e le mandorle. \u00c8 uno dei sapori pi\u00f9 tradizionali che si producono da decenni.  Il turrone alla crema e noci di Maria Simona \u00e8 realizzato secondo la ricetta tradizionale. Utilizziamo solo ingredienti spagnoli di alta qualit\u00e0. Peso netto: 200 g","og_url":"https:\/\/relaisgourmet.com\/it\/prodotto\/turron-con-crema-e-noci-morbide\/","og_site_name":"Relais Gourmet","article_publisher":"https:\/\/www.facebook.com\/relaisgourmet\/","article_modified_time":"2026-04-01T23:20:07+00:00","og_image":[{"width":600,"height":600,"url":"https:\/\/relaisgourmet.com\/wp-content\/uploads\/2026\/03\/Nata-y-Nueces-1.jpg","type":"image\/jpeg"}],"twitter_card":"summary_large_image","twitter_site":"@relaisgourmet64","twitter_misc":{"Tempo di lettura stimato":"1 minuto"},"schema":{"@context":"https:\/\/schema.org","@graph":[{"@type":"WebPage","@id":"https:\/\/relaisgourmet.com\/it\/prodotto\/turron-con-crema-e-noci-morbide\/","url":"https:\/\/relaisgourmet.com\/it\/prodotto\/turron-con-crema-e-noci-morbide\/","name":"Crema di torrone e noci (Mou) | Relais Gourmet","isPartOf":{"@id":"https:\/\/relaisgourmet.com\/it\/#website"},"primaryImageOfPage":{"@id":"https:\/\/relaisgourmet.com\/it\/prodotto\/turron-con-crema-e-noci-morbide\/#primaryimage"},"image":{"@id":"https:\/\/relaisgourmet.com\/it\/prodotto\/turron-con-crema-e-noci-morbide\/#primaryimage"},"thumbnailUrl":"https:\/\/relaisgourmet.com\/wp-content\/uploads\/2026\/03\/Nata-y-Nueces-1.jpg","datePublished":"2026-03-10T12:24:48+00:00","dateModified":"2026-04-01T23:20:07+00:00","description":"Turron morbido con panna e noci: una ricetta tenera e scioglievole con un autentico sapore di frutta secca.","breadcrumb":{"@id":"https:\/\/relaisgourmet.com\/it\/prodotto\/turron-con-crema-e-noci-morbide\/#breadcrumb"},"inLanguage":"it-IT","potentialAction":[{"@type":"ReadAction","target":["https:\/\/relaisgourmet.com\/it\/prodotto\/turron-con-crema-e-noci-morbide\/"]}]},{"@type":"ImageObject","inLanguage":"it-IT","@id":"https:\/\/relaisgourmet.com\/it\/prodotto\/turron-con-crema-e-noci-morbide\/#primaryimage","url":"https:\/\/relaisgourmet.com\/wp-content\/uploads\/2026\/03\/Nata-y-Nueces-1.jpg","contentUrl":"https:\/\/relaisgourmet.com\/wp-content\/uploads\/2026\/03\/Nata-y-Nueces-1.jpg","width":600,"height":600},{"@type":"BreadcrumbList","@id":"https:\/\/relaisgourmet.com\/it\/prodotto\/turron-con-crema-e-noci-morbide\/#breadcrumb","itemListElement":[{"@type":"ListItem","position":1,"name":"Casa","item":"https:\/\/relaisgourmet.com\/it\/casa\/"},{"@type":"ListItem","position":2,"name":"Tutti i nostri prodotti","item":"https:\/\/relaisgourmet.com\/it\/shop\/"},{"@type":"ListItem","position":3,"name":"Turron con crema e noci (morbido)"}]},{"@type":"WebSite","@id":"https:\/\/relaisgourmet.com\/it\/#website","url":"https:\/\/relaisgourmet.com\/it\/","name":"Relais Gourmet","description":"Foie Gras 100% Fran\u00e7ais","publisher":{"@id":"https:\/\/relaisgourmet.com\/it\/#organization"},"potentialAction":[{"@type":"SearchAction","target":{"@type":"EntryPoint","urlTemplate":"https:\/\/relaisgourmet.com\/it\/?s={search_term_string}"},"query-input":{"@type":"PropertyValueSpecification","valueRequired":true,"valueName":"search_term_string"}}],"inLanguage":"it-IT"},{"@type":"Organization","@id":"https:\/\/relaisgourmet.com\/it\/#organization","name":"Relais Gourmet","url":"https:\/\/relaisgourmet.com\/it\/","logo":{"@type":"ImageObject","inLanguage":"it-IT","@id":"https:\/\/relaisgourmet.com\/it\/#\/schema\/logo\/image\/","url":"https:\/\/relaisgourmet.com\/wp-content\/uploads\/2026\/03\/yoast-logo-2-relais-gourmet-.png","contentUrl":"https:\/\/relaisgourmet.com\/wp-content\/uploads\/2026\/03\/yoast-logo-2-relais-gourmet-.png","width":1200,"height":675,"caption":"Relais Gourmet"},"image":{"@id":"https:\/\/relaisgourmet.com\/it\/#\/schema\/logo\/image\/"},"sameAs":["https:\/\/www.facebook.com\/relaisgourmet\/","https:\/\/x.com\/relaisgourmet64","https:\/\/www.instagram.com\/relaisgourmetofficiel","https:\/\/www.pinterest.fr\/relaisgourmet\/"],"email":"yaqueche@relaisgourmet.com","telephone":"+33 0 5 40 07 07 65","legalName":"Relais Gourmet","vatID":"FR13482415015","taxID":"482415015"}]}},"_links":{"self":[{"href":"https:\/\/relaisgourmet.com\/it\/wp-json\/wp\/v2\/product\/64674","targetHints":{"allow":["GET"]}}],"collection":[{"href":"https:\/\/relaisgourmet.com\/it\/wp-json\/wp\/v2\/product"}],"about":[{"href":"https:\/\/relaisgourmet.com\/it\/wp-json\/wp\/v2\/types\/product"}],"replies":[{"embeddable":true,"href":"https:\/\/relaisgourmet.com\/it\/wp-json\/wp\/v2\/comments?post=64674"}],"wp:featuredmedia":[{"embeddable":true,"href":"https:\/\/relaisgourmet.com\/it\/wp-json\/wp\/v2\/media\/64676"}],"wp:attachment":[{"href":"https:\/\/relaisgourmet.com\/it\/wp-json\/wp\/v2\/media?parent=64674"}],"wp:term":[{"taxonomy":"product_brand","embeddable":true,"href":"https:\/\/relaisgourmet.com\/it\/wp-json\/wp\/v2\/product_brand?post=64674"},{"taxonomy":"product_cat","embeddable":true,"href":"https:\/\/relaisgourmet.com\/it\/wp-json\/wp\/v2\/product_cat?post=64674"},{"taxonomy":"product_tag","embeddable":true,"href":"https:\/\/relaisgourmet.com\/it\/wp-json\/wp\/v2\/product_tag?post=64674"},{"taxonomy":"giftcard-category","embeddable":true,"href":"https:\/\/relaisgourmet.com\/it\/wp-json\/wp\/v2\/giftcard-category?post=64674"}],"curies":[{"name":"wp","href":"https:\/\/api.w.org\/{rel}","templated":true}]}}