{"id":64662,"date":"2026-03-10T12:24:48","date_gmt":"2026-03-10T12:24:48","guid":{"rendered":"https:\/\/strange-jennings.213-136-85-46.plesk.page\/product\/turron-de-guirlache-duro-con-caramello\/"},"modified":"2026-04-01T23:20:12","modified_gmt":"2026-04-01T23:20:12","slug":"turron-de-guirlache-duro-con-caramello","status":"publish","type":"product","link":"https:\/\/relaisgourmet.com\/it\/prodotto\/turron-de-guirlache-duro-con-caramello\/","title":{"rendered":"Turron de Guirlache (duro) (con caramello)"},"content":{"rendered":"<h2><strong>La produzione del Guirlache turron di Maria Simona segue la ricetta tradizionale.<\/strong><\/h2>\n<p><strong>Peso netto: <\/strong>200 g<\/p>\n<h3><strong>Periodo di mantenimento  <\/strong><\/h3>\n<p>Minimo 9 mesi. Una volta aperto, conserva in un luogo asciutto. <\/p>\n<h3><strong>Ingredienti  <\/strong><\/h3>\n<p>60% mandorle tostate, zucchero, sciroppo di glucosio, miele e wafer (amido di patate e olio di girasole). Pu\u00f2 contenere tracce di uova, arachidi, sesamo e nocciola. <\/p>\n<p>Questo prodotto \u00e8 senza glutine, quindi \u00e8 adatto ai celiachi.<\/p>\n<h3>Il Turron di Guirlache, il Turron d&#8217;Aragona:<\/h3>\n<p>C&#8217;\u00e8 la torrione morbida di Jijona, la turrone dura di Alicante e la turrone di Guirlarche o turrone d&#8217;Aragona.<\/p>\n<p>Sebbene Guirlache sia principalmente originaria delle regioni di Aragona, Catalogna e Valencia, curiosamente il nome sembra essere di origine francese. Il suo nome deriva dalla parola francese &#8220;grillage&#8221;, in riferimento al modo in cui le mandorle vengono arrostite. Il nome probabilmente fu diffuso dai francesi nel territorio aragonese nel XIX secolo, durante l&#8217;invasione napoleonica.  <\/p>\n<p>Sebbene esistano molte varianti della ricetta, una delle pi\u00f9 influenti \u00e8 quella del gastronomo aragonese Teodoro Bardaj\u00ed, che ha arricchito questa regione con la sua ricetta per la Guirlarche de Saragoza.<\/p>\n<div class=\"elementor-element elementor-element-3bd55bcc elementor-widget elementor-widget-woocommerce-product-data-tabs\" data-id=\"3bd55bcc\" data-element_type=\"widget\" data-widget_type=\"woocommerce-product-data-tabs.default\">\n<div class=\"elementor-widget-container\">\n<div class=\"woocommerce-tabs wc-tabs-wrapper\">\n<div id=\"tab-description\" class=\"woocommerce-Tabs-panel woocommerce-Tabs-panel--description panel entry-content wc-tab\" role=\"tabpanel\" aria-labelledby=\"tab-title-description\">\n<p>Trova tutti i nostri consigli di preparazione sul <a href=\"https:\/\/mariasimona.com\/\">sito web di Maria Simona<\/a>.<\/p>\n<p>Sentiti libero di visitare il nostro blog per scoprire tutte <a href=\"https:\/\/mariasimona.com\/recetas\/\">le nostre deliziose ricette<\/a> .<\/p>\n<p>Infine, per l&#8217;antipasto, perch\u00e9 non lasciarti tentare <a href=\"https:\/\/epic-varahamihira.207-180-195-93.plesk.page\/\">dai deliziosi Relais Gourmet Foies Gras <\/a>?<\/p>\n<\/div>\n<\/div>\n<\/div>\n<\/div>\n<div class=\"elementor-element elementor-element-24e6620f elementor-product-loop-item--align-center elementor-grid-4 elementor-grid-tablet-3 elementor-grid-mobile-2 elementor-products-grid elementor-wc-products show-heading-yes elementor-widget elementor-widget-woocommerce-product-related\" data-id=\"24e6620f\" data-element_type=\"widget\" data-widget_type=\"woocommerce-product-related.default\">\n<div class=\"elementor-widget-container\"><\/div>\n<\/div>\n","protected":false},"excerpt":{"rendered":"<p>La guirlache \u00e8 una prelibatezza tradizionale tipica della gastronomia spagnola preparata con mandorle e caramello solidificato. Ha una consistenza croccante di mandorle e caramello che si scioglie in bocca ed \u00e8 un grande successo per i gourmet della casa. <\/p>\n<p>Il turron di Guirlache de Maria Simona \u00e8 realizzato secondo<a href=\"https:\/\/mariasimona.com\/comment-faire-les-turrons\/\"> la ricetta tradizionale.<\/a><\/p>\n<p>Usiamo solo ingredienti spagnoli di alta qualit\u00e0.<\/p>\n","protected":false},"featured_media":64664,"comment_status":"closed","ping_status":"closed","template":"","meta":{"_iconic_wsb_product_page_order_bump_ids":[],"_sku":["3510000337848"],"_iconic_wsb_product_page_bump_modal_ids":[]},"product_brand":[],"product_cat":[1668],"product_tag":[],"giftcard-category":[],"class_list":{"0":"post-64662","1":"product","2":"type-product","3":"status-publish","4":"has-post-thumbnail","6":"product_cat-turroni-spagnoli","7":"product_shipping_class-standard","9":"first","10":"instock","11":"taxable","12":"shipping-taxable","13":"purchasable","14":"product-type-simple"},"yoast_head":"<!-- This site is optimized with the Yoast SEO Premium plugin v27.3 (Yoast SEO v27.3) - https:\/\/yoast.com\/product\/yoast-seo-premium-wordpress\/ -->\n<title>Turron Guirlache al Caramello (Duro) | Relais Gourmet<\/title>\n<meta name=\"description\" content=\"Turron duro di Guirlache con caramello: una prelibatezza croccante con chips di mandorla caramellizzate.\" \/>\n<meta name=\"robots\" content=\"index, follow, max-snippet:-1, max-image-preview:large, max-video-preview:-1\" \/>\n<link rel=\"canonical\" href=\"https:\/\/relaisgourmet.com\/it\/prodotto\/turron-de-guirlache-duro-con-caramello\/\" \/>\n<meta property=\"og:locale\" content=\"it_IT\" \/>\n<meta property=\"og:type\" content=\"article\" \/>\n<meta property=\"og:title\" content=\"Turron de Guirlache (duro) (con caramello)\" \/>\n<meta property=\"og:description\" content=\"La guirlache \u00e8 una prelibatezza tradizionale tipica della gastronomia spagnola preparata con mandorle e caramello solidificato. Ha una consistenza croccante di mandorle e caramello che si scioglie in bocca ed \u00e8 un grande successo per i gourmet della casa.  Il turron di Guirlache de Maria Simona \u00e8 realizzato secondo la ricetta tradizionale. Usiamo solo ingredienti spagnoli di alta qualit\u00e0.\" \/>\n<meta property=\"og:url\" content=\"https:\/\/relaisgourmet.com\/it\/prodotto\/turron-de-guirlache-duro-con-caramello\/\" \/>\n<meta property=\"og:site_name\" content=\"Relais Gourmet\" \/>\n<meta property=\"article:publisher\" content=\"https:\/\/www.facebook.com\/relaisgourmet\/\" \/>\n<meta property=\"article:modified_time\" content=\"2026-04-01T23:20:12+00:00\" \/>\n<meta property=\"og:image\" content=\"https:\/\/relaisgourmet.com\/wp-content\/uploads\/2026\/03\/Guirlache-1.jpg\" \/>\n\t<meta property=\"og:image:width\" content=\"600\" \/>\n\t<meta property=\"og:image:height\" content=\"600\" \/>\n\t<meta property=\"og:image:type\" content=\"image\/jpeg\" \/>\n<meta name=\"twitter:card\" content=\"summary_large_image\" \/>\n<meta name=\"twitter:site\" content=\"@relaisgourmet64\" \/>\n<meta name=\"twitter:label1\" content=\"Tempo di lettura stimato\" \/>\n\t<meta name=\"twitter:data1\" content=\"1 minuto\" \/>\n<script type=\"application\/ld+json\" class=\"yoast-schema-graph\">{\"@context\":\"https:\\\/\\\/schema.org\",\"@graph\":[{\"@type\":\"WebPage\",\"@id\":\"https:\\\/\\\/relaisgourmet.com\\\/it\\\/prodotto\\\/turron-de-guirlache-duro-con-caramello\\\/\",\"url\":\"https:\\\/\\\/relaisgourmet.com\\\/it\\\/prodotto\\\/turron-de-guirlache-duro-con-caramello\\\/\",\"name\":\"Turron Guirlache al Caramello (Duro) | Relais Gourmet\",\"isPartOf\":{\"@id\":\"https:\\\/\\\/relaisgourmet.com\\\/it\\\/#website\"},\"primaryImageOfPage\":{\"@id\":\"https:\\\/\\\/relaisgourmet.com\\\/it\\\/prodotto\\\/turron-de-guirlache-duro-con-caramello\\\/#primaryimage\"},\"image\":{\"@id\":\"https:\\\/\\\/relaisgourmet.com\\\/it\\\/prodotto\\\/turron-de-guirlache-duro-con-caramello\\\/#primaryimage\"},\"thumbnailUrl\":\"https:\\\/\\\/relaisgourmet.com\\\/wp-content\\\/uploads\\\/2026\\\/03\\\/Guirlache-1.jpg\",\"datePublished\":\"2026-03-10T12:24:48+00:00\",\"dateModified\":\"2026-04-01T23:20:12+00:00\",\"description\":\"Turron duro di Guirlache con caramello: una prelibatezza croccante con chips di mandorla caramellizzate.\",\"breadcrumb\":{\"@id\":\"https:\\\/\\\/relaisgourmet.com\\\/it\\\/prodotto\\\/turron-de-guirlache-duro-con-caramello\\\/#breadcrumb\"},\"inLanguage\":\"it-IT\",\"potentialAction\":[{\"@type\":\"ReadAction\",\"target\":[\"https:\\\/\\\/relaisgourmet.com\\\/it\\\/prodotto\\\/turron-de-guirlache-duro-con-caramello\\\/\"]}]},{\"@type\":\"ImageObject\",\"inLanguage\":\"it-IT\",\"@id\":\"https:\\\/\\\/relaisgourmet.com\\\/it\\\/prodotto\\\/turron-de-guirlache-duro-con-caramello\\\/#primaryimage\",\"url\":\"https:\\\/\\\/relaisgourmet.com\\\/wp-content\\\/uploads\\\/2026\\\/03\\\/Guirlache-1.jpg\",\"contentUrl\":\"https:\\\/\\\/relaisgourmet.com\\\/wp-content\\\/uploads\\\/2026\\\/03\\\/Guirlache-1.jpg\",\"width\":600,\"height\":600},{\"@type\":\"BreadcrumbList\",\"@id\":\"https:\\\/\\\/relaisgourmet.com\\\/it\\\/prodotto\\\/turron-de-guirlache-duro-con-caramello\\\/#breadcrumb\",\"itemListElement\":[{\"@type\":\"ListItem\",\"position\":1,\"name\":\"Casa\",\"item\":\"https:\\\/\\\/relaisgourmet.com\\\/it\\\/casa\\\/\"},{\"@type\":\"ListItem\",\"position\":2,\"name\":\"Tutti i nostri prodotti\",\"item\":\"https:\\\/\\\/relaisgourmet.com\\\/it\\\/shop\\\/\"},{\"@type\":\"ListItem\",\"position\":3,\"name\":\"Turron de Guirlache (duro) (con caramello)\"}]},{\"@type\":\"WebSite\",\"@id\":\"https:\\\/\\\/relaisgourmet.com\\\/it\\\/#website\",\"url\":\"https:\\\/\\\/relaisgourmet.com\\\/it\\\/\",\"name\":\"Relais Gourmet\",\"description\":\"Foie Gras 100% Fran\u00e7ais\",\"publisher\":{\"@id\":\"https:\\\/\\\/relaisgourmet.com\\\/it\\\/#organization\"},\"potentialAction\":[{\"@type\":\"SearchAction\",\"target\":{\"@type\":\"EntryPoint\",\"urlTemplate\":\"https:\\\/\\\/relaisgourmet.com\\\/it\\\/?s={search_term_string}\"},\"query-input\":{\"@type\":\"PropertyValueSpecification\",\"valueRequired\":true,\"valueName\":\"search_term_string\"}}],\"inLanguage\":\"it-IT\"},{\"@type\":\"Organization\",\"@id\":\"https:\\\/\\\/relaisgourmet.com\\\/it\\\/#organization\",\"name\":\"Relais Gourmet\",\"url\":\"https:\\\/\\\/relaisgourmet.com\\\/it\\\/\",\"logo\":{\"@type\":\"ImageObject\",\"inLanguage\":\"it-IT\",\"@id\":\"https:\\\/\\\/relaisgourmet.com\\\/it\\\/#\\\/schema\\\/logo\\\/image\\\/\",\"url\":\"https:\\\/\\\/relaisgourmet.com\\\/wp-content\\\/uploads\\\/2026\\\/03\\\/yoast-logo-2-relais-gourmet-.png\",\"contentUrl\":\"https:\\\/\\\/relaisgourmet.com\\\/wp-content\\\/uploads\\\/2026\\\/03\\\/yoast-logo-2-relais-gourmet-.png\",\"width\":1200,\"height\":675,\"caption\":\"Relais Gourmet\"},\"image\":{\"@id\":\"https:\\\/\\\/relaisgourmet.com\\\/it\\\/#\\\/schema\\\/logo\\\/image\\\/\"},\"sameAs\":[\"https:\\\/\\\/www.facebook.com\\\/relaisgourmet\\\/\",\"https:\\\/\\\/x.com\\\/relaisgourmet64\",\"https:\\\/\\\/www.instagram.com\\\/relaisgourmetofficiel\",\"https:\\\/\\\/www.pinterest.fr\\\/relaisgourmet\\\/\"],\"email\":\"yaqueche@relaisgourmet.com\",\"telephone\":\"+33 0 5 40 07 07 65\",\"legalName\":\"Relais Gourmet\",\"vatID\":\"FR13482415015\",\"taxID\":\"482415015\"}]}<\/script>\n<!-- \/ Yoast SEO Premium plugin. -->","yoast_head_json":{"title":"Turron Guirlache al Caramello (Duro) | Relais Gourmet","description":"Turron duro di Guirlache con caramello: una prelibatezza croccante con chips di mandorla caramellizzate.","robots":{"index":"index","follow":"follow","max-snippet":"max-snippet:-1","max-image-preview":"max-image-preview:large","max-video-preview":"max-video-preview:-1"},"canonical":"https:\/\/relaisgourmet.com\/it\/prodotto\/turron-de-guirlache-duro-con-caramello\/","og_locale":"it_IT","og_type":"article","og_title":"Turron de Guirlache (duro) (con caramello)","og_description":"La guirlache \u00e8 una prelibatezza tradizionale tipica della gastronomia spagnola preparata con mandorle e caramello solidificato. Ha una consistenza croccante di mandorle e caramello che si scioglie in bocca ed \u00e8 un grande successo per i gourmet della casa.  Il turron di Guirlache de Maria Simona \u00e8 realizzato secondo la ricetta tradizionale. Usiamo solo ingredienti spagnoli di alta qualit\u00e0.","og_url":"https:\/\/relaisgourmet.com\/it\/prodotto\/turron-de-guirlache-duro-con-caramello\/","og_site_name":"Relais Gourmet","article_publisher":"https:\/\/www.facebook.com\/relaisgourmet\/","article_modified_time":"2026-04-01T23:20:12+00:00","og_image":[{"width":600,"height":600,"url":"https:\/\/relaisgourmet.com\/wp-content\/uploads\/2026\/03\/Guirlache-1.jpg","type":"image\/jpeg"}],"twitter_card":"summary_large_image","twitter_site":"@relaisgourmet64","twitter_misc":{"Tempo di lettura stimato":"1 minuto"},"schema":{"@context":"https:\/\/schema.org","@graph":[{"@type":"WebPage","@id":"https:\/\/relaisgourmet.com\/it\/prodotto\/turron-de-guirlache-duro-con-caramello\/","url":"https:\/\/relaisgourmet.com\/it\/prodotto\/turron-de-guirlache-duro-con-caramello\/","name":"Turron Guirlache al Caramello (Duro) | Relais Gourmet","isPartOf":{"@id":"https:\/\/relaisgourmet.com\/it\/#website"},"primaryImageOfPage":{"@id":"https:\/\/relaisgourmet.com\/it\/prodotto\/turron-de-guirlache-duro-con-caramello\/#primaryimage"},"image":{"@id":"https:\/\/relaisgourmet.com\/it\/prodotto\/turron-de-guirlache-duro-con-caramello\/#primaryimage"},"thumbnailUrl":"https:\/\/relaisgourmet.com\/wp-content\/uploads\/2026\/03\/Guirlache-1.jpg","datePublished":"2026-03-10T12:24:48+00:00","dateModified":"2026-04-01T23:20:12+00:00","description":"Turron duro di Guirlache con caramello: una prelibatezza croccante con chips di mandorla caramellizzate.","breadcrumb":{"@id":"https:\/\/relaisgourmet.com\/it\/prodotto\/turron-de-guirlache-duro-con-caramello\/#breadcrumb"},"inLanguage":"it-IT","potentialAction":[{"@type":"ReadAction","target":["https:\/\/relaisgourmet.com\/it\/prodotto\/turron-de-guirlache-duro-con-caramello\/"]}]},{"@type":"ImageObject","inLanguage":"it-IT","@id":"https:\/\/relaisgourmet.com\/it\/prodotto\/turron-de-guirlache-duro-con-caramello\/#primaryimage","url":"https:\/\/relaisgourmet.com\/wp-content\/uploads\/2026\/03\/Guirlache-1.jpg","contentUrl":"https:\/\/relaisgourmet.com\/wp-content\/uploads\/2026\/03\/Guirlache-1.jpg","width":600,"height":600},{"@type":"BreadcrumbList","@id":"https:\/\/relaisgourmet.com\/it\/prodotto\/turron-de-guirlache-duro-con-caramello\/#breadcrumb","itemListElement":[{"@type":"ListItem","position":1,"name":"Casa","item":"https:\/\/relaisgourmet.com\/it\/casa\/"},{"@type":"ListItem","position":2,"name":"Tutti i nostri prodotti","item":"https:\/\/relaisgourmet.com\/it\/shop\/"},{"@type":"ListItem","position":3,"name":"Turron de Guirlache (duro) (con caramello)"}]},{"@type":"WebSite","@id":"https:\/\/relaisgourmet.com\/it\/#website","url":"https:\/\/relaisgourmet.com\/it\/","name":"Relais Gourmet","description":"Foie Gras 100% Fran\u00e7ais","publisher":{"@id":"https:\/\/relaisgourmet.com\/it\/#organization"},"potentialAction":[{"@type":"SearchAction","target":{"@type":"EntryPoint","urlTemplate":"https:\/\/relaisgourmet.com\/it\/?s={search_term_string}"},"query-input":{"@type":"PropertyValueSpecification","valueRequired":true,"valueName":"search_term_string"}}],"inLanguage":"it-IT"},{"@type":"Organization","@id":"https:\/\/relaisgourmet.com\/it\/#organization","name":"Relais Gourmet","url":"https:\/\/relaisgourmet.com\/it\/","logo":{"@type":"ImageObject","inLanguage":"it-IT","@id":"https:\/\/relaisgourmet.com\/it\/#\/schema\/logo\/image\/","url":"https:\/\/relaisgourmet.com\/wp-content\/uploads\/2026\/03\/yoast-logo-2-relais-gourmet-.png","contentUrl":"https:\/\/relaisgourmet.com\/wp-content\/uploads\/2026\/03\/yoast-logo-2-relais-gourmet-.png","width":1200,"height":675,"caption":"Relais Gourmet"},"image":{"@id":"https:\/\/relaisgourmet.com\/it\/#\/schema\/logo\/image\/"},"sameAs":["https:\/\/www.facebook.com\/relaisgourmet\/","https:\/\/x.com\/relaisgourmet64","https:\/\/www.instagram.com\/relaisgourmetofficiel","https:\/\/www.pinterest.fr\/relaisgourmet\/"],"email":"yaqueche@relaisgourmet.com","telephone":"+33 0 5 40 07 07 65","legalName":"Relais Gourmet","vatID":"FR13482415015","taxID":"482415015"}]}},"_links":{"self":[{"href":"https:\/\/relaisgourmet.com\/it\/wp-json\/wp\/v2\/product\/64662","targetHints":{"allow":["GET"]}}],"collection":[{"href":"https:\/\/relaisgourmet.com\/it\/wp-json\/wp\/v2\/product"}],"about":[{"href":"https:\/\/relaisgourmet.com\/it\/wp-json\/wp\/v2\/types\/product"}],"replies":[{"embeddable":true,"href":"https:\/\/relaisgourmet.com\/it\/wp-json\/wp\/v2\/comments?post=64662"}],"wp:featuredmedia":[{"embeddable":true,"href":"https:\/\/relaisgourmet.com\/it\/wp-json\/wp\/v2\/media\/64664"}],"wp:attachment":[{"href":"https:\/\/relaisgourmet.com\/it\/wp-json\/wp\/v2\/media?parent=64662"}],"wp:term":[{"taxonomy":"product_brand","embeddable":true,"href":"https:\/\/relaisgourmet.com\/it\/wp-json\/wp\/v2\/product_brand?post=64662"},{"taxonomy":"product_cat","embeddable":true,"href":"https:\/\/relaisgourmet.com\/it\/wp-json\/wp\/v2\/product_cat?post=64662"},{"taxonomy":"product_tag","embeddable":true,"href":"https:\/\/relaisgourmet.com\/it\/wp-json\/wp\/v2\/product_tag?post=64662"},{"taxonomy":"giftcard-category","embeddable":true,"href":"https:\/\/relaisgourmet.com\/it\/wp-json\/wp\/v2\/giftcard-category?post=64662"}],"curies":[{"name":"wp","href":"https:\/\/api.w.org\/{rel}","templated":true}]}}