{"id":63976,"date":"2026-03-10T12:24:05","date_gmt":"2026-03-10T12:24:05","guid":{"rendered":"https:\/\/strange-jennings.213-136-85-46.plesk.page\/product\/foie-gras-intero-con-tartufi-neri\/"},"modified":"2026-03-26T15:06:36","modified_gmt":"2026-03-26T15:06:36","slug":"foie-gras-intero-con-tartufi-neri","status":"publish","type":"product","link":"https:\/\/relaisgourmet.com\/it\/prodotto\/foie-gras-intero-con-tartufi-neri\/","title":{"rendered":"Foie Gras intero con tartufi neri"},"content":{"rendered":"<p>Scopri l&#8217;eleganza culinaria con il nostro <b>Foie Gras Integrale con Tartufi Neri (Tuber Melanosporum).<\/b> Una specialit\u00e0 che definisce il lusso e il gusto raffinato. Ogni boccone \u00e8 una celebrazione dell&#8217;eleganza, dove l&#8217;intensit\u00e0 del<b> Tartufo Nero P\u00e9rigord <\/b>si abbina perfettamente alla consistenza cremosa di questa specialit\u00e0 culinaria. <\/p>\n<p><b>Garantito senza conservanti, additivi e coloranti.<\/b><\/p>\n<p><b>Ingredienti: <\/b>Foie gras d&#8217;anatra intera, tartufi neri (tuber melanosporum, 3%), sale e pepe.<\/p>\n<p><b>Conservazione:<\/b> 3 anni a temperatura ambiente. Dopo l&#8217;apertura, consuma entro 15 giorni e conserva in frigorifero. <\/p>\n<p><b>Peso:<\/b> 200 g<\/p>\n<p>Trova tutti i nostri consigli e trucchi per la preparazione nella sezione <a href=\"\/?page_id=33969\">Blog<\/a> cos\u00ec come sulla nostra pagina <a href=\"https:\/\/www.instagram.com\/relaisgourmetofficiel\/\">Instagram<\/a>.<\/p>\n","protected":false},"excerpt":{"rendered":"<p>Una combinazione perfetta di raffinatezza ed eleganza.<\/p>\n<p>\ud83c\uddeb\ud83c\uddf7 Garanzia di produzione francese<br \/>\n\u2714 al 100%. Garantita senza conservanti, additivi e coloranti.<br \/>\n\ud83c\udf43 Anatre alimentate al mais giallo\ud83d\ude9a<br \/>\n Spedizione Rapida in Tutto il Mondo<br \/>\n\ud83d\udd53 Garantisce 3<br \/>\n\ud83d\udd10<\/p>\n<p> Anni di Pagamento Peso Netto: 200g<\/p>\n","protected":false},"featured_media":59060,"comment_status":"closed","ping_status":"closed","template":"","meta":{"_iconic_wsb_product_page_order_bump_ids":[[59370,59391]],"_sku":["3750000333697"],"_iconic_wsb_product_page_bump_modal_ids":[[]]},"product_brand":[],"product_cat":[1793],"product_tag":[1737,1735,1855,1850,1851,1858,1853,1852,1857,1805,1856,1849,1659,1733,1854],"giftcard-category":[],"class_list":{"0":"post-63976","1":"product","2":"type-product","3":"status-publish","4":"has-post-thumbnail","6":"product_cat-serie-limitata","7":"product_tag-200g","8":"product_tag-4-5-porzioni","9":"product_tag-foie-gras-al-tartufo","10":"product_tag-foie-gras-con-tartufi","11":"product_tag-foie-gras-con-tartufi-neri","12":"product_tag-foie-gras-con-tartufo","13":"product_tag-foie-gras-con-trufe","14":"product_tag-foie-gras-perigord","15":"product_tag-il-miglior-foie-gras","16":"product_tag-limitazioni","17":"product_tag-moltiplicato-per-grasso","18":"product_tag-ottimo-foie-gras","19":"product_tag-prodotto-in-francia","20":"product_tag-tipoclasico","21":"product_tag-trufe-di-foie-gras","22":"product_shipping_class-tva-5-5","24":"first","25":"instock","26":"taxable","27":"shipping-taxable","28":"purchasable","29":"product-type-simple"},"yoast_head":"<!-- This site is optimized with the Yoast SEO Premium plugin v27.3 (Yoast SEO v27.3) - https:\/\/yoast.com\/product\/yoast-seo-premium-wordpress\/ -->\n<title>Foie Gras intero con tartufi neri &#8211; Relais Gourmet<\/title>\n<meta name=\"description\" content=\"Una combinazione perfetta di raffinatezza ed eleganza. \ud83c\uddeb\ud83c\uddf7 Garanzia di produzione francese \u2714 al 100%. Garantita senza conservanti, additivi e coloranti. \ud83c\udf43 Anatre alimentate al mais giallo\ud83d\ude9a Spedizione Rapida in Tutto il Mondo \ud83d\udd53 Garantisce 3 \ud83d\udd10  Anni di Pagamento Peso Netto: 200g\" \/>\n<meta name=\"robots\" content=\"index, follow, max-snippet:-1, max-image-preview:large, max-video-preview:-1\" \/>\n<link rel=\"canonical\" href=\"https:\/\/relaisgourmet.com\/it\/prodotto\/foie-gras-intero-con-tartufi-neri\/\" \/>\n<meta property=\"og:locale\" content=\"it_IT\" \/>\n<meta property=\"og:type\" content=\"article\" \/>\n<meta property=\"og:title\" content=\"Foie Gras intero con tartufi neri\" \/>\n<meta property=\"og:description\" content=\"Una combinazione perfetta di raffinatezza ed eleganza. \ud83c\uddeb\ud83c\uddf7 Garanzia di produzione francese \u2714 al 100%. Garantita senza conservanti, additivi e coloranti. \ud83c\udf43 Anatre alimentate al mais giallo\ud83d\ude9a Spedizione Rapida in Tutto il Mondo \ud83d\udd53 Garantisce 3 \ud83d\udd10  Anni di Pagamento Peso Netto: 200g\" \/>\n<meta property=\"og:url\" content=\"https:\/\/relaisgourmet.com\/it\/prodotto\/foie-gras-intero-con-tartufi-neri\/\" \/>\n<meta property=\"og:site_name\" content=\"Relais Gourmet\" \/>\n<meta property=\"article:publisher\" content=\"https:\/\/www.facebook.com\/relaisgourmet\/\" \/>\n<meta property=\"article:modified_time\" content=\"2026-03-26T15:06:36+00:00\" \/>\n<meta property=\"og:image\" content=\"https:\/\/relaisgourmet.com\/wp-content\/uploads\/2026\/03\/Truffe.png\" \/>\n\t<meta property=\"og:image:width\" content=\"1000\" \/>\n\t<meta property=\"og:image:height\" content=\"1000\" \/>\n\t<meta property=\"og:image:type\" content=\"image\/png\" \/>\n<meta name=\"twitter:card\" content=\"summary_large_image\" \/>\n<meta name=\"twitter:site\" content=\"@relaisgourmet64\" \/>\n<script type=\"application\/ld+json\" class=\"yoast-schema-graph\">{\"@context\":\"https:\\\/\\\/schema.org\",\"@graph\":[{\"@type\":\"WebPage\",\"@id\":\"https:\\\/\\\/relaisgourmet.com\\\/it\\\/prodotto\\\/foie-gras-intero-con-tartufi-neri\\\/\",\"url\":\"https:\\\/\\\/relaisgourmet.com\\\/it\\\/prodotto\\\/foie-gras-intero-con-tartufi-neri\\\/\",\"name\":\"Foie Gras intero con tartufi neri &#8211; Relais Gourmet\",\"isPartOf\":{\"@id\":\"https:\\\/\\\/relaisgourmet.com\\\/it\\\/#website\"},\"primaryImageOfPage\":{\"@id\":\"https:\\\/\\\/relaisgourmet.com\\\/it\\\/prodotto\\\/foie-gras-intero-con-tartufi-neri\\\/#primaryimage\"},\"image\":{\"@id\":\"https:\\\/\\\/relaisgourmet.com\\\/it\\\/prodotto\\\/foie-gras-intero-con-tartufi-neri\\\/#primaryimage\"},\"thumbnailUrl\":\"https:\\\/\\\/relaisgourmet.com\\\/wp-content\\\/uploads\\\/2026\\\/03\\\/Truffe.png\",\"datePublished\":\"2026-03-10T12:24:05+00:00\",\"dateModified\":\"2026-03-26T15:06:36+00:00\",\"description\":\"Una combinazione perfetta di raffinatezza ed eleganza. \ud83c\uddeb\ud83c\uddf7 Garanzia di produzione francese \u2714 al 100%. Garantita senza conservanti, additivi e coloranti. \ud83c\udf43 Anatre alimentate al mais giallo\ud83d\ude9a Spedizione Rapida in Tutto il Mondo \ud83d\udd53 Garantisce 3 \ud83d\udd10 Anni di Pagamento Peso Netto: 200g\",\"breadcrumb\":{\"@id\":\"https:\\\/\\\/relaisgourmet.com\\\/it\\\/prodotto\\\/foie-gras-intero-con-tartufi-neri\\\/#breadcrumb\"},\"inLanguage\":\"it-IT\",\"potentialAction\":[{\"@type\":\"ReadAction\",\"target\":[\"https:\\\/\\\/relaisgourmet.com\\\/it\\\/prodotto\\\/foie-gras-intero-con-tartufi-neri\\\/\"]}]},{\"@type\":\"ImageObject\",\"inLanguage\":\"it-IT\",\"@id\":\"https:\\\/\\\/relaisgourmet.com\\\/it\\\/prodotto\\\/foie-gras-intero-con-tartufi-neri\\\/#primaryimage\",\"url\":\"https:\\\/\\\/relaisgourmet.com\\\/wp-content\\\/uploads\\\/2026\\\/03\\\/Truffe.png\",\"contentUrl\":\"https:\\\/\\\/relaisgourmet.com\\\/wp-content\\\/uploads\\\/2026\\\/03\\\/Truffe.png\",\"width\":1000,\"height\":1000},{\"@type\":\"BreadcrumbList\",\"@id\":\"https:\\\/\\\/relaisgourmet.com\\\/it\\\/prodotto\\\/foie-gras-intero-con-tartufi-neri\\\/#breadcrumb\",\"itemListElement\":[{\"@type\":\"ListItem\",\"position\":1,\"name\":\"Casa\",\"item\":\"https:\\\/\\\/relaisgourmet.com\\\/it\\\/casa\\\/\"},{\"@type\":\"ListItem\",\"position\":2,\"name\":\"Tutti i nostri prodotti\",\"item\":\"https:\\\/\\\/relaisgourmet.com\\\/it\\\/shop\\\/\"},{\"@type\":\"ListItem\",\"position\":3,\"name\":\"Foie Gras intero con tartufi neri\"}]},{\"@type\":\"WebSite\",\"@id\":\"https:\\\/\\\/relaisgourmet.com\\\/it\\\/#website\",\"url\":\"https:\\\/\\\/relaisgourmet.com\\\/it\\\/\",\"name\":\"Relais Gourmet\",\"description\":\"Foie Gras 100% Fran\u00e7ais\",\"publisher\":{\"@id\":\"https:\\\/\\\/relaisgourmet.com\\\/it\\\/#organization\"},\"potentialAction\":[{\"@type\":\"SearchAction\",\"target\":{\"@type\":\"EntryPoint\",\"urlTemplate\":\"https:\\\/\\\/relaisgourmet.com\\\/it\\\/?s={search_term_string}\"},\"query-input\":{\"@type\":\"PropertyValueSpecification\",\"valueRequired\":true,\"valueName\":\"search_term_string\"}}],\"inLanguage\":\"it-IT\"},{\"@type\":\"Organization\",\"@id\":\"https:\\\/\\\/relaisgourmet.com\\\/it\\\/#organization\",\"name\":\"Relais Gourmet\",\"url\":\"https:\\\/\\\/relaisgourmet.com\\\/it\\\/\",\"logo\":{\"@type\":\"ImageObject\",\"inLanguage\":\"it-IT\",\"@id\":\"https:\\\/\\\/relaisgourmet.com\\\/it\\\/#\\\/schema\\\/logo\\\/image\\\/\",\"url\":\"https:\\\/\\\/relaisgourmet.com\\\/wp-content\\\/uploads\\\/2026\\\/03\\\/yoast-logo-2-relais-gourmet-.png\",\"contentUrl\":\"https:\\\/\\\/relaisgourmet.com\\\/wp-content\\\/uploads\\\/2026\\\/03\\\/yoast-logo-2-relais-gourmet-.png\",\"width\":1200,\"height\":675,\"caption\":\"Relais Gourmet\"},\"image\":{\"@id\":\"https:\\\/\\\/relaisgourmet.com\\\/it\\\/#\\\/schema\\\/logo\\\/image\\\/\"},\"sameAs\":[\"https:\\\/\\\/www.facebook.com\\\/relaisgourmet\\\/\",\"https:\\\/\\\/x.com\\\/relaisgourmet64\",\"https:\\\/\\\/www.instagram.com\\\/relaisgourmetofficiel\",\"https:\\\/\\\/www.pinterest.fr\\\/relaisgourmet\\\/\"],\"email\":\"yaqueche@relaisgourmet.com\",\"telephone\":\"+33 0 5 40 07 07 65\",\"legalName\":\"Relais Gourmet\",\"vatID\":\"FR13482415015\",\"taxID\":\"482415015\"}]}<\/script>\n<!-- \/ Yoast SEO Premium plugin. -->","yoast_head_json":{"title":"Foie Gras intero con tartufi neri &#8211; Relais Gourmet","description":"Una combinazione perfetta di raffinatezza ed eleganza. \ud83c\uddeb\ud83c\uddf7 Garanzia di produzione francese \u2714 al 100%. Garantita senza conservanti, additivi e coloranti. \ud83c\udf43 Anatre alimentate al mais giallo\ud83d\ude9a Spedizione Rapida in Tutto il Mondo \ud83d\udd53 Garantisce 3 \ud83d\udd10  Anni di Pagamento Peso Netto: 200g","robots":{"index":"index","follow":"follow","max-snippet":"max-snippet:-1","max-image-preview":"max-image-preview:large","max-video-preview":"max-video-preview:-1"},"canonical":"https:\/\/relaisgourmet.com\/it\/prodotto\/foie-gras-intero-con-tartufi-neri\/","og_locale":"it_IT","og_type":"article","og_title":"Foie Gras intero con tartufi neri","og_description":"Una combinazione perfetta di raffinatezza ed eleganza. \ud83c\uddeb\ud83c\uddf7 Garanzia di produzione francese \u2714 al 100%. Garantita senza conservanti, additivi e coloranti. \ud83c\udf43 Anatre alimentate al mais giallo\ud83d\ude9a Spedizione Rapida in Tutto il Mondo \ud83d\udd53 Garantisce 3 \ud83d\udd10  Anni di Pagamento Peso Netto: 200g","og_url":"https:\/\/relaisgourmet.com\/it\/prodotto\/foie-gras-intero-con-tartufi-neri\/","og_site_name":"Relais Gourmet","article_publisher":"https:\/\/www.facebook.com\/relaisgourmet\/","article_modified_time":"2026-03-26T15:06:36+00:00","og_image":[{"width":1000,"height":1000,"url":"https:\/\/relaisgourmet.com\/wp-content\/uploads\/2026\/03\/Truffe.png","type":"image\/png"}],"twitter_card":"summary_large_image","twitter_site":"@relaisgourmet64","schema":{"@context":"https:\/\/schema.org","@graph":[{"@type":"WebPage","@id":"https:\/\/relaisgourmet.com\/it\/prodotto\/foie-gras-intero-con-tartufi-neri\/","url":"https:\/\/relaisgourmet.com\/it\/prodotto\/foie-gras-intero-con-tartufi-neri\/","name":"Foie Gras intero con tartufi neri &#8211; Relais Gourmet","isPartOf":{"@id":"https:\/\/relaisgourmet.com\/it\/#website"},"primaryImageOfPage":{"@id":"https:\/\/relaisgourmet.com\/it\/prodotto\/foie-gras-intero-con-tartufi-neri\/#primaryimage"},"image":{"@id":"https:\/\/relaisgourmet.com\/it\/prodotto\/foie-gras-intero-con-tartufi-neri\/#primaryimage"},"thumbnailUrl":"https:\/\/relaisgourmet.com\/wp-content\/uploads\/2026\/03\/Truffe.png","datePublished":"2026-03-10T12:24:05+00:00","dateModified":"2026-03-26T15:06:36+00:00","description":"Una combinazione perfetta di raffinatezza ed eleganza. \ud83c\uddeb\ud83c\uddf7 Garanzia di produzione francese \u2714 al 100%. Garantita senza conservanti, additivi e coloranti. \ud83c\udf43 Anatre alimentate al mais giallo\ud83d\ude9a Spedizione Rapida in Tutto il Mondo \ud83d\udd53 Garantisce 3 \ud83d\udd10 Anni di Pagamento Peso Netto: 200g","breadcrumb":{"@id":"https:\/\/relaisgourmet.com\/it\/prodotto\/foie-gras-intero-con-tartufi-neri\/#breadcrumb"},"inLanguage":"it-IT","potentialAction":[{"@type":"ReadAction","target":["https:\/\/relaisgourmet.com\/it\/prodotto\/foie-gras-intero-con-tartufi-neri\/"]}]},{"@type":"ImageObject","inLanguage":"it-IT","@id":"https:\/\/relaisgourmet.com\/it\/prodotto\/foie-gras-intero-con-tartufi-neri\/#primaryimage","url":"https:\/\/relaisgourmet.com\/wp-content\/uploads\/2026\/03\/Truffe.png","contentUrl":"https:\/\/relaisgourmet.com\/wp-content\/uploads\/2026\/03\/Truffe.png","width":1000,"height":1000},{"@type":"BreadcrumbList","@id":"https:\/\/relaisgourmet.com\/it\/prodotto\/foie-gras-intero-con-tartufi-neri\/#breadcrumb","itemListElement":[{"@type":"ListItem","position":1,"name":"Casa","item":"https:\/\/relaisgourmet.com\/it\/casa\/"},{"@type":"ListItem","position":2,"name":"Tutti i nostri prodotti","item":"https:\/\/relaisgourmet.com\/it\/shop\/"},{"@type":"ListItem","position":3,"name":"Foie Gras intero con tartufi neri"}]},{"@type":"WebSite","@id":"https:\/\/relaisgourmet.com\/it\/#website","url":"https:\/\/relaisgourmet.com\/it\/","name":"Relais Gourmet","description":"Foie Gras 100% Fran\u00e7ais","publisher":{"@id":"https:\/\/relaisgourmet.com\/it\/#organization"},"potentialAction":[{"@type":"SearchAction","target":{"@type":"EntryPoint","urlTemplate":"https:\/\/relaisgourmet.com\/it\/?s={search_term_string}"},"query-input":{"@type":"PropertyValueSpecification","valueRequired":true,"valueName":"search_term_string"}}],"inLanguage":"it-IT"},{"@type":"Organization","@id":"https:\/\/relaisgourmet.com\/it\/#organization","name":"Relais Gourmet","url":"https:\/\/relaisgourmet.com\/it\/","logo":{"@type":"ImageObject","inLanguage":"it-IT","@id":"https:\/\/relaisgourmet.com\/it\/#\/schema\/logo\/image\/","url":"https:\/\/relaisgourmet.com\/wp-content\/uploads\/2026\/03\/yoast-logo-2-relais-gourmet-.png","contentUrl":"https:\/\/relaisgourmet.com\/wp-content\/uploads\/2026\/03\/yoast-logo-2-relais-gourmet-.png","width":1200,"height":675,"caption":"Relais Gourmet"},"image":{"@id":"https:\/\/relaisgourmet.com\/it\/#\/schema\/logo\/image\/"},"sameAs":["https:\/\/www.facebook.com\/relaisgourmet\/","https:\/\/x.com\/relaisgourmet64","https:\/\/www.instagram.com\/relaisgourmetofficiel","https:\/\/www.pinterest.fr\/relaisgourmet\/"],"email":"yaqueche@relaisgourmet.com","telephone":"+33 0 5 40 07 07 65","legalName":"Relais Gourmet","vatID":"FR13482415015","taxID":"482415015"}]}},"_links":{"self":[{"href":"https:\/\/relaisgourmet.com\/it\/wp-json\/wp\/v2\/product\/63976","targetHints":{"allow":["GET"]}}],"collection":[{"href":"https:\/\/relaisgourmet.com\/it\/wp-json\/wp\/v2\/product"}],"about":[{"href":"https:\/\/relaisgourmet.com\/it\/wp-json\/wp\/v2\/types\/product"}],"replies":[{"embeddable":true,"href":"https:\/\/relaisgourmet.com\/it\/wp-json\/wp\/v2\/comments?post=63976"}],"wp:featuredmedia":[{"embeddable":true,"href":"https:\/\/relaisgourmet.com\/it\/wp-json\/wp\/v2\/media\/59060"}],"wp:attachment":[{"href":"https:\/\/relaisgourmet.com\/it\/wp-json\/wp\/v2\/media?parent=63976"}],"wp:term":[{"taxonomy":"product_brand","embeddable":true,"href":"https:\/\/relaisgourmet.com\/it\/wp-json\/wp\/v2\/product_brand?post=63976"},{"taxonomy":"product_cat","embeddable":true,"href":"https:\/\/relaisgourmet.com\/it\/wp-json\/wp\/v2\/product_cat?post=63976"},{"taxonomy":"product_tag","embeddable":true,"href":"https:\/\/relaisgourmet.com\/it\/wp-json\/wp\/v2\/product_tag?post=63976"},{"taxonomy":"giftcard-category","embeddable":true,"href":"https:\/\/relaisgourmet.com\/it\/wp-json\/wp\/v2\/giftcard-category?post=63976"}],"curies":[{"name":"wp","href":"https:\/\/api.w.org\/{rel}","templated":true}]}}