{"id":61804,"date":"2026-03-10T12:26:37","date_gmt":"2026-03-10T12:26:37","guid":{"rendered":"https:\/\/strange-jennings.213-136-85-46.plesk.page\/product\/cofanetto-iraty\/"},"modified":"2026-04-01T22:29:03","modified_gmt":"2026-04-01T22:29:03","slug":"cofanetto-iraty__trashed","status":"publish","type":"product","link":"https:\/\/relaisgourmet.com\/it\/prodotto\/cofanetto-iraty__trashed\/","title":{"rendered":"Cofanetto Iraty"},"content":{"rendered":"<h4><strong>Scopri il Coffret Iraty: una selezione gourmet per i tuoi aperitivi festivi<\/strong><\/h4>\n<p><span style=\"font-weight: 400;\">Il <strong>Coffret Iraty<\/strong> \u00e8 una creazione esclusiva di <strong>Relais Gourmet<\/strong>, pensata per migliorare i tuoi momenti conviviali intorno all&#8217;aperitivo. Questo cofanetto offre un&#8217;esperienza di gusto unica, ideale da condividere durante un pasto in famiglia o con gli amici. Sia che si tratti di un regalo o di un regalo per te stesso, creer\u00e0 preziosi ricordi gastronomici. Questa selezione mette in risalto l&#8217;autenticit\u00e0 dei sapori baschi rispettando criteri di qualit\u00e0 impeccabili. Ogni ingrediente \u00e8 stato rigorosamente scelto per garantire un&#8217;esperienza di degustazione incomparabile.    <\/span><\/p>\n<p>Questo <strong>cofanetto Iraty<\/strong> \u00e8 garantito<strong> senza conservanti, coloranti o additivi.<\/strong><\/p>\n<p>&nbsp;<\/p>\n<h4><strong>Composizione:  <\/strong><\/h4>\n<ul>\n<li><strong>Aperitivo Gourmet con Juran\u00e7on (180g)<\/strong>: <span style=\"font-weight: 400;\">Il vino dolce Juran\u00e7on apporta aromi fruttati e raffinati, perfetti per iniziare bene un aperitivo.<\/span><\/li>\n<li><strong>Aperitivo Gourmet con Armagnac (180g)<\/strong>:<span style=\"font-weight: 400;\">per gli amanti dei sapori pi\u00f9 forti<\/span>.<\/li>\n<li><strong>Aperitivo gourmet con scalogno confit (180g)<\/strong>: un tocco dolce e salato.<\/li>\n<li><strong>Aperitivo al peperoncino Gourmet Espelette (180g<\/strong>): un pizzico di carattere basco.<\/li>\n<li><strong>Aperitivo Gourmet con arancia candita (180g<\/strong>): una delicata nota di limone.<\/li>\n<li><strong>Aperitivo Gourmet con funghi porcini (180g<\/strong>): un&#8217;alleanza raffinata e legnosa.<\/li>\n<\/ul>\n<p>&nbsp;<\/p>\n<h4><strong>Conservazione :<\/strong><\/h4>\n<p>Il Coffret Iraty si conserva per <strong>3 anni a temperatura ambiente<\/strong>, quindi puoi gustarlo quando vuoi. Una volta aperto, ricordati di consumarlo entro 15 giorni e di tenerlo in frigorifero per gustarlo al meglio. <\/p>\n<p>&nbsp;<\/p>\n<h4><b>Preparati a un momento di indulgenza:<\/b><\/h4>\n<p>Leggi tutti i nostri consigli e suggerimenti per la preparazione sul nostro <a href=\"https:\/\/epic-varahamihira.207-180-195-93.plesk.page\/es\/blog-foies-gras-actualite\/\"><strong>blog<\/strong><\/a> e sulla nostra <a href=\"https:\/\/www.instagram.com\/relaisgourmetofficiel\/\"><strong>pagina Instagram<\/strong><\/a>.<\/p>\n<p><span style=\"font-weight: 400;\">Che tu stia organizzando un aperitivo chic o una cena conviviale, abbiamo pensato a delle ricette semplici e creative per esaltare al meglio questa selezione unica di Relais Gourmet.<\/span><\/p>\n<p><span style=\"font-weight: 400;\">La <strong>Scatola regalo Iraty<\/strong> \u00e8 il regalo ideale per ogni occasione di festa. Regala o condividi l&#8217;autenticit\u00e0 e l&#8217;eleganza dei prodotti Relais Gourmet e crea momenti indimenticabili con la gastronomia basca. Con il Coffret Iraty, ogni momento diventa una celebrazione del gusto e del sapere tradizionale.  <\/span><\/p>\n<p>&nbsp;<\/p>\n","protected":false},"excerpt":{"rendered":"<p>Scopri il Coffret Iraty di Relais Gourmet, l&#8217;alleato ideale per i tuoi aperitivi. Da condividere o da regalare per un momento gourmet! <\/p>\n<p><img decoding=\"async\" class=\"emoji\" role=\"img\" src=\"https:\/\/s.w.org\/images\/core\/emoji\/15.0.3\/svg\/1f1eb-1f1f7.svg\" alt=\"\ud83c\uddeb\ud83c\uddf7\">  Garantito 100% di produzione francese<br \/>\n\u2714 Garantito senza conservanti, additivi o coloranti.<br \/>\n\ud83c\udf43 Anatre alimentate con mais giallo<br \/>\n\ud83d\ude9a Consegna veloce in tutto il mondo<br \/>\n\ud83d\udd53 Si conserva per 3 anni<br \/>\n\ud83d\udd10 Pagamento sicuro<\/p>\n<p>Peso netto: 1,83 kg<\/p>\n","protected":false},"featured_media":61806,"comment_status":"closed","ping_status":"closed","template":"","meta":{"_iconic_wsb_product_page_order_bump_ids":[],"_sku":["3110000346804-1"],"_iconic_wsb_product_page_bump_modal_ids":[]},"product_brand":[],"product_cat":[1675,1680],"product_tag":[1659],"giftcard-category":[],"class_list":{"0":"post-61804","1":"product","2":"type-product","3":"status-publish","4":"has-post-thumbnail","6":"product_cat-aperitivi-spalmabili","7":"product_cat-set-regalo","8":"product_tag-prodotto-in-francia","10":"first","11":"instock","12":"taxable","13":"shipping-taxable","14":"purchasable","15":"product-type-simple"},"yoast_head":"<!-- This site is optimized with the Yoast SEO Premium plugin v27.3 (Yoast SEO v27.3) - https:\/\/yoast.com\/product\/yoast-seo-premium-wordpress\/ -->\n<title>Coffret Iraty : Aperitivi baschi gourmet | Relais Gourmet<\/title>\n<meta name=\"description\" content=\"Il set regalo Iraty riunisce tutte le delizie imperdibili della nostra casa per un&#039;esperienza completa.\" \/>\n<meta name=\"robots\" content=\"index, follow, max-snippet:-1, max-image-preview:large, max-video-preview:-1\" \/>\n<link rel=\"canonical\" href=\"https:\/\/relaisgourmet.com\/it\/prodotto\/cofanetto-iraty__trashed\/\" \/>\n<meta property=\"og:locale\" content=\"it_IT\" \/>\n<meta property=\"og:type\" content=\"article\" \/>\n<meta property=\"og:title\" content=\"Cofanetto Iraty\" \/>\n<meta property=\"og:description\" content=\"Scopri il Coffret Iraty di Relais Gourmet, l&#039;alleato ideale per i tuoi aperitivi. Da condividere o da regalare per un momento gourmet!   Garantito 100% di produzione francese \u2714 Garantito senza conservanti, additivi o coloranti. \ud83c\udf43 Anatre alimentate con mais giallo \ud83d\ude9a Consegna veloce in tutto il mondo \ud83d\udd53 Si conserva per 3 anni \ud83d\udd10 Pagamento sicuro Peso netto: 1,83 kg\" \/>\n<meta property=\"og:url\" content=\"https:\/\/relaisgourmet.com\/it\/prodotto\/cofanetto-iraty__trashed\/\" \/>\n<meta property=\"og:site_name\" content=\"Relais Gourmet\" \/>\n<meta property=\"article:publisher\" content=\"https:\/\/www.facebook.com\/relaisgourmet\/\" \/>\n<meta property=\"article:modified_time\" content=\"2026-04-01T22:29:03+00:00\" \/>\n<meta property=\"og:image\" content=\"https:\/\/relaisgourmet.com\/wp-content\/uploads\/2026\/03\/Iraty.webp\" \/>\n\t<meta property=\"og:image:width\" content=\"1427\" \/>\n\t<meta property=\"og:image:height\" content=\"1427\" \/>\n\t<meta property=\"og:image:type\" content=\"image\/jpeg\" \/>\n<meta name=\"twitter:card\" content=\"summary_large_image\" \/>\n<meta name=\"twitter:site\" content=\"@relaisgourmet64\" \/>\n<meta name=\"twitter:label1\" content=\"Tempo di lettura stimato\" \/>\n\t<meta name=\"twitter:data1\" content=\"2 minuto\" \/>\n<script type=\"application\/ld+json\" class=\"yoast-schema-graph\">{\"@context\":\"https:\\\/\\\/schema.org\",\"@graph\":[{\"@type\":\"WebPage\",\"@id\":\"https:\\\/\\\/relaisgourmet.com\\\/it\\\/prodotto\\\/cofanetto-iraty__trashed\\\/\",\"url\":\"https:\\\/\\\/relaisgourmet.com\\\/it\\\/prodotto\\\/cofanetto-iraty__trashed\\\/\",\"name\":\"Coffret Iraty : Aperitivi baschi gourmet | Relais Gourmet\",\"isPartOf\":{\"@id\":\"https:\\\/\\\/relaisgourmet.com\\\/it\\\/#website\"},\"primaryImageOfPage\":{\"@id\":\"https:\\\/\\\/relaisgourmet.com\\\/it\\\/prodotto\\\/cofanetto-iraty__trashed\\\/#primaryimage\"},\"image\":{\"@id\":\"https:\\\/\\\/relaisgourmet.com\\\/it\\\/prodotto\\\/cofanetto-iraty__trashed\\\/#primaryimage\"},\"thumbnailUrl\":\"https:\\\/\\\/relaisgourmet.com\\\/wp-content\\\/uploads\\\/2026\\\/03\\\/Iraty.webp\",\"datePublished\":\"2026-03-10T12:26:37+00:00\",\"dateModified\":\"2026-04-01T22:29:03+00:00\",\"description\":\"Il set regalo Iraty riunisce tutte le delizie imperdibili della nostra casa per un'esperienza completa.\",\"breadcrumb\":{\"@id\":\"https:\\\/\\\/relaisgourmet.com\\\/it\\\/prodotto\\\/cofanetto-iraty__trashed\\\/#breadcrumb\"},\"inLanguage\":\"it-IT\",\"potentialAction\":[{\"@type\":\"ReadAction\",\"target\":[\"https:\\\/\\\/relaisgourmet.com\\\/it\\\/prodotto\\\/cofanetto-iraty__trashed\\\/\"]}]},{\"@type\":\"ImageObject\",\"inLanguage\":\"it-IT\",\"@id\":\"https:\\\/\\\/relaisgourmet.com\\\/it\\\/prodotto\\\/cofanetto-iraty__trashed\\\/#primaryimage\",\"url\":\"https:\\\/\\\/relaisgourmet.com\\\/wp-content\\\/uploads\\\/2026\\\/03\\\/Iraty.webp\",\"contentUrl\":\"https:\\\/\\\/relaisgourmet.com\\\/wp-content\\\/uploads\\\/2026\\\/03\\\/Iraty.webp\",\"width\":1427,\"height\":1427},{\"@type\":\"BreadcrumbList\",\"@id\":\"https:\\\/\\\/relaisgourmet.com\\\/it\\\/prodotto\\\/cofanetto-iraty__trashed\\\/#breadcrumb\",\"itemListElement\":[{\"@type\":\"ListItem\",\"position\":1,\"name\":\"Casa\",\"item\":\"https:\\\/\\\/relaisgourmet.com\\\/it\\\/casa\\\/\"},{\"@type\":\"ListItem\",\"position\":2,\"name\":\"Tutti i nostri prodotti\",\"item\":\"https:\\\/\\\/relaisgourmet.com\\\/it\\\/shop\\\/\"},{\"@type\":\"ListItem\",\"position\":3,\"name\":\"Cofanetto Iraty\"}]},{\"@type\":\"WebSite\",\"@id\":\"https:\\\/\\\/relaisgourmet.com\\\/it\\\/#website\",\"url\":\"https:\\\/\\\/relaisgourmet.com\\\/it\\\/\",\"name\":\"Relais Gourmet\",\"description\":\"Foie Gras 100% Fran\u00e7ais\",\"publisher\":{\"@id\":\"https:\\\/\\\/relaisgourmet.com\\\/it\\\/#organization\"},\"potentialAction\":[{\"@type\":\"SearchAction\",\"target\":{\"@type\":\"EntryPoint\",\"urlTemplate\":\"https:\\\/\\\/relaisgourmet.com\\\/it\\\/?s={search_term_string}\"},\"query-input\":{\"@type\":\"PropertyValueSpecification\",\"valueRequired\":true,\"valueName\":\"search_term_string\"}}],\"inLanguage\":\"it-IT\"},{\"@type\":\"Organization\",\"@id\":\"https:\\\/\\\/relaisgourmet.com\\\/it\\\/#organization\",\"name\":\"Relais Gourmet\",\"url\":\"https:\\\/\\\/relaisgourmet.com\\\/it\\\/\",\"logo\":{\"@type\":\"ImageObject\",\"inLanguage\":\"it-IT\",\"@id\":\"https:\\\/\\\/relaisgourmet.com\\\/it\\\/#\\\/schema\\\/logo\\\/image\\\/\",\"url\":\"https:\\\/\\\/relaisgourmet.com\\\/wp-content\\\/uploads\\\/2026\\\/03\\\/yoast-logo-2-relais-gourmet-.png\",\"contentUrl\":\"https:\\\/\\\/relaisgourmet.com\\\/wp-content\\\/uploads\\\/2026\\\/03\\\/yoast-logo-2-relais-gourmet-.png\",\"width\":1200,\"height\":675,\"caption\":\"Relais Gourmet\"},\"image\":{\"@id\":\"https:\\\/\\\/relaisgourmet.com\\\/it\\\/#\\\/schema\\\/logo\\\/image\\\/\"},\"sameAs\":[\"https:\\\/\\\/www.facebook.com\\\/relaisgourmet\\\/\",\"https:\\\/\\\/x.com\\\/relaisgourmet64\",\"https:\\\/\\\/www.instagram.com\\\/relaisgourmetofficiel\",\"https:\\\/\\\/www.pinterest.fr\\\/relaisgourmet\\\/\"],\"email\":\"yaqueche@relaisgourmet.com\",\"telephone\":\"+33 0 5 40 07 07 65\",\"legalName\":\"Relais Gourmet\",\"vatID\":\"FR13482415015\",\"taxID\":\"482415015\"}]}<\/script>\n<!-- \/ Yoast SEO Premium plugin. -->","yoast_head_json":{"title":"Coffret Iraty : Aperitivi baschi gourmet | Relais Gourmet","description":"Il set regalo Iraty riunisce tutte le delizie imperdibili della nostra casa per un'esperienza completa.","robots":{"index":"index","follow":"follow","max-snippet":"max-snippet:-1","max-image-preview":"max-image-preview:large","max-video-preview":"max-video-preview:-1"},"canonical":"https:\/\/relaisgourmet.com\/it\/prodotto\/cofanetto-iraty__trashed\/","og_locale":"it_IT","og_type":"article","og_title":"Cofanetto Iraty","og_description":"Scopri il Coffret Iraty di Relais Gourmet, l'alleato ideale per i tuoi aperitivi. Da condividere o da regalare per un momento gourmet!   Garantito 100% di produzione francese \u2714 Garantito senza conservanti, additivi o coloranti. \ud83c\udf43 Anatre alimentate con mais giallo \ud83d\ude9a Consegna veloce in tutto il mondo \ud83d\udd53 Si conserva per 3 anni \ud83d\udd10 Pagamento sicuro Peso netto: 1,83 kg","og_url":"https:\/\/relaisgourmet.com\/it\/prodotto\/cofanetto-iraty__trashed\/","og_site_name":"Relais Gourmet","article_publisher":"https:\/\/www.facebook.com\/relaisgourmet\/","article_modified_time":"2026-04-01T22:29:03+00:00","og_image":[{"width":1427,"height":1427,"url":"https:\/\/relaisgourmet.com\/wp-content\/uploads\/2026\/03\/Iraty.webp","type":"image\/jpeg"}],"twitter_card":"summary_large_image","twitter_site":"@relaisgourmet64","twitter_misc":{"Tempo di lettura stimato":"2 minuto"},"schema":{"@context":"https:\/\/schema.org","@graph":[{"@type":"WebPage","@id":"https:\/\/relaisgourmet.com\/it\/prodotto\/cofanetto-iraty__trashed\/","url":"https:\/\/relaisgourmet.com\/it\/prodotto\/cofanetto-iraty__trashed\/","name":"Coffret Iraty : Aperitivi baschi gourmet | Relais Gourmet","isPartOf":{"@id":"https:\/\/relaisgourmet.com\/it\/#website"},"primaryImageOfPage":{"@id":"https:\/\/relaisgourmet.com\/it\/prodotto\/cofanetto-iraty__trashed\/#primaryimage"},"image":{"@id":"https:\/\/relaisgourmet.com\/it\/prodotto\/cofanetto-iraty__trashed\/#primaryimage"},"thumbnailUrl":"https:\/\/relaisgourmet.com\/wp-content\/uploads\/2026\/03\/Iraty.webp","datePublished":"2026-03-10T12:26:37+00:00","dateModified":"2026-04-01T22:29:03+00:00","description":"Il set regalo Iraty riunisce tutte le delizie imperdibili della nostra casa per un'esperienza completa.","breadcrumb":{"@id":"https:\/\/relaisgourmet.com\/it\/prodotto\/cofanetto-iraty__trashed\/#breadcrumb"},"inLanguage":"it-IT","potentialAction":[{"@type":"ReadAction","target":["https:\/\/relaisgourmet.com\/it\/prodotto\/cofanetto-iraty__trashed\/"]}]},{"@type":"ImageObject","inLanguage":"it-IT","@id":"https:\/\/relaisgourmet.com\/it\/prodotto\/cofanetto-iraty__trashed\/#primaryimage","url":"https:\/\/relaisgourmet.com\/wp-content\/uploads\/2026\/03\/Iraty.webp","contentUrl":"https:\/\/relaisgourmet.com\/wp-content\/uploads\/2026\/03\/Iraty.webp","width":1427,"height":1427},{"@type":"BreadcrumbList","@id":"https:\/\/relaisgourmet.com\/it\/prodotto\/cofanetto-iraty__trashed\/#breadcrumb","itemListElement":[{"@type":"ListItem","position":1,"name":"Casa","item":"https:\/\/relaisgourmet.com\/it\/casa\/"},{"@type":"ListItem","position":2,"name":"Tutti i nostri prodotti","item":"https:\/\/relaisgourmet.com\/it\/shop\/"},{"@type":"ListItem","position":3,"name":"Cofanetto Iraty"}]},{"@type":"WebSite","@id":"https:\/\/relaisgourmet.com\/it\/#website","url":"https:\/\/relaisgourmet.com\/it\/","name":"Relais Gourmet","description":"Foie Gras 100% Fran\u00e7ais","publisher":{"@id":"https:\/\/relaisgourmet.com\/it\/#organization"},"potentialAction":[{"@type":"SearchAction","target":{"@type":"EntryPoint","urlTemplate":"https:\/\/relaisgourmet.com\/it\/?s={search_term_string}"},"query-input":{"@type":"PropertyValueSpecification","valueRequired":true,"valueName":"search_term_string"}}],"inLanguage":"it-IT"},{"@type":"Organization","@id":"https:\/\/relaisgourmet.com\/it\/#organization","name":"Relais Gourmet","url":"https:\/\/relaisgourmet.com\/it\/","logo":{"@type":"ImageObject","inLanguage":"it-IT","@id":"https:\/\/relaisgourmet.com\/it\/#\/schema\/logo\/image\/","url":"https:\/\/relaisgourmet.com\/wp-content\/uploads\/2026\/03\/yoast-logo-2-relais-gourmet-.png","contentUrl":"https:\/\/relaisgourmet.com\/wp-content\/uploads\/2026\/03\/yoast-logo-2-relais-gourmet-.png","width":1200,"height":675,"caption":"Relais Gourmet"},"image":{"@id":"https:\/\/relaisgourmet.com\/it\/#\/schema\/logo\/image\/"},"sameAs":["https:\/\/www.facebook.com\/relaisgourmet\/","https:\/\/x.com\/relaisgourmet64","https:\/\/www.instagram.com\/relaisgourmetofficiel","https:\/\/www.pinterest.fr\/relaisgourmet\/"],"email":"yaqueche@relaisgourmet.com","telephone":"+33 0 5 40 07 07 65","legalName":"Relais Gourmet","vatID":"FR13482415015","taxID":"482415015"}]}},"_links":{"self":[{"href":"https:\/\/relaisgourmet.com\/it\/wp-json\/wp\/v2\/product\/61804","targetHints":{"allow":["GET"]}}],"collection":[{"href":"https:\/\/relaisgourmet.com\/it\/wp-json\/wp\/v2\/product"}],"about":[{"href":"https:\/\/relaisgourmet.com\/it\/wp-json\/wp\/v2\/types\/product"}],"replies":[{"embeddable":true,"href":"https:\/\/relaisgourmet.com\/it\/wp-json\/wp\/v2\/comments?post=61804"}],"wp:featuredmedia":[{"embeddable":true,"href":"https:\/\/relaisgourmet.com\/it\/wp-json\/wp\/v2\/media\/61806"}],"wp:attachment":[{"href":"https:\/\/relaisgourmet.com\/it\/wp-json\/wp\/v2\/media?parent=61804"}],"wp:term":[{"taxonomy":"product_brand","embeddable":true,"href":"https:\/\/relaisgourmet.com\/it\/wp-json\/wp\/v2\/product_brand?post=61804"},{"taxonomy":"product_cat","embeddable":true,"href":"https:\/\/relaisgourmet.com\/it\/wp-json\/wp\/v2\/product_cat?post=61804"},{"taxonomy":"product_tag","embeddable":true,"href":"https:\/\/relaisgourmet.com\/it\/wp-json\/wp\/v2\/product_tag?post=61804"},{"taxonomy":"giftcard-category","embeddable":true,"href":"https:\/\/relaisgourmet.com\/it\/wp-json\/wp\/v2\/giftcard-category?post=61804"}],"curies":[{"name":"wp","href":"https:\/\/api.w.org\/{rel}","templated":true}]}}