{"id":61788,"date":"2026-03-10T12:26:37","date_gmt":"2026-03-10T12:26:37","guid":{"rendered":"https:\/\/strange-jennings.213-136-85-46.plesk.page\/product\/cofanetto-txingudi\/"},"modified":"2026-04-01T22:29:04","modified_gmt":"2026-04-01T22:29:04","slug":"cofanetto-txingudi__trashed","status":"publish","type":"product","link":"https:\/\/relaisgourmet.com\/it\/prodotto\/cofanetto-txingudi__trashed\/","title":{"rendered":"Cofanetto Txingudi"},"content":{"rendered":"<h4><b>Scopri la scatola Txingudi: un tesoro gastronomico per i tuoi aperitivi e picnic<\/b><\/h4>\n<p><span style=\"font-weight: 400;\">Il <\/span><b>Set regalo Txingudi<\/b><span style=\"font-weight: 400;\"> di <strong>Relais Gourmet<\/strong> \u00e8 un invito a scoprire il meglio della regione attraverso una squisita selezione di prodotti. Perfetto per accompagnare i tuoi aperitivi, le tue fughe all&#8217;aria aperta o semplicemente per regalare qualcosa ai tuoi cari. Un&#8217;idea regalo elegante e gustosa, o un piacere da assaporare senza indugio!<\/span><\/p>\n<p>Il set Txingudi \u00e8 garantito<b> senza conservanti, coloranti e additivi.<\/b><\/p>\n<h4><b>Composizione:<\/b><\/h4>\n<ul>\n<li style=\"font-weight: 400;\" aria-level=\"1\"><b>Foie Gras naturale intero (200 g)<\/b><span style=\"font-weight: 400;\">Questo Foie Gras, con la sua consistenza fondente e il suo sapore delicato, \u00e8 un must per le occasioni speciali. Aggiunge un tocco di eleganza ai tuoi aperitivi.<\/span><\/li>\n<li style=\"font-weight: 400;\" aria-level=\"1\"><b>Foie Gras intero al Sauternes (200 g)<\/b><span style=\"font-weight: 400;\">Un matrimonio perfetto tra il Foie Gras e il Sauternes, un vino dolce che ne esalta i sapori, per una miscela armoniosa di dolcezza e carattere.<\/span><\/li>\n<li style=\"font-weight: 400;\" aria-level=\"1\"><b>2 Quintessenze di Foie Gras e Petto d&#8217;Anatra Affumicato (180 g)<\/b><span style=\"font-weight: 400;\">Una raffinata fusione tra la dolcezza del foie gras e la potenza del petto d&#8217;anatra affumicato. Questo prodotto \u00e8 una vera delizia per gli amanti dei sapori intensi.<\/span><\/li>\n<li style=\"font-weight: 400;\" aria-level=\"1\"><b>Bottiglia di Champagne (750 ml)<\/b><span style=\"font-weight: 400;\">Champagne: non c&#8217;\u00e8 niente di meglio di un bicchiere di champagne per accompagnare questi piatti eccezionali. Lo champagne, con le sue bollicine fini e i suoi aromi sottili, esalta i sapori del vino. <\/span><b>Set regalo Txingudi<\/b><span style=\"font-weight: 400;\">.<\/span><\/li>\n<li aria-level=\"1\"><strong>Una lira per Foie Gras (10g)<\/strong>: viene utilizzata per tagliare delicatamente il Foie Gras in fette perfette, combinando precisione ed eleganza.<\/li>\n<\/ul>\n<p>&nbsp;<\/p>\n<h4><b>Consigli per la conservazione e la degustazione:<\/b><\/h4>\n<p><span style=\"font-weight: 400;\">Il <\/span><b>scatola Txingudi<\/b><span style=\"font-weight: 400;\"> ha una lunga durata di conservazione di 3 anni a temperatura ambiente. Dopo l&#8217;apertura, i prodotti devono essere consumati entro 15 giorni e conservati in frigorifero per preservarne la freschezza e il sapore.<\/span><\/p>\n<p><span style=\"font-weight: 400;\">Leggi tutti i nostri consigli e suggerimenti sul nostro <a href=\"https:\/\/epic-varahamihira.207-180-195-93.plesk.page\/blog-foies-gras-actualite\/\">blog<\/a> e sulla nostra pagina <a href=\"https:\/\/www.instagram.com\/relaisgourmetofficiel\/\">Instagram<\/a>. Scopri come sfruttare al meglio i prodotti del <\/span><b>Set regalo Txingudi<\/b><span style=\"font-weight: 400;\"> con eleganti idee di presentazione e ricette originali. Trasforma ogni aperitivo in un&#8217;esperienza gastronomica eccezionale!<\/span><\/p>\n<p><span style=\"font-weight: 400;\">Il <\/span><b>Set regalo Txingudi<\/b><span style=\"font-weight: 400;\"> \u00e8 il regalo ideale per celebrare momenti importanti o semplicemente per regalarsi. Lasciati tentare dalla finezza e dall&#8217;autenticit\u00e0 dei prodotti Relais Gourmet, che esalteranno ogni momento di condivisione.<\/span><\/p>\n","protected":false},"excerpt":{"rendered":"<p>Scopri il Set regalo Txingudi di Relais Gourmet, l&#8217;alleato ideale per i tuoi aperitivi. Da condividere o da regalare per un momento gourmet! <\/p>\n<p><img decoding=\"async\" class=\"emoji\" role=\"img\" src=\"https:\/\/s.w.org\/images\/core\/emoji\/15.0.3\/svg\/1f1eb-1f1f7.svg\" alt=\"\ud83c\uddeb\ud83c\uddf7\">  Garantito 100% di produzione francese<br \/>\n\u2714 Garantito senza conservanti, additivi o coloranti.<br \/>\n\ud83c\udf43 Anatre alimentate con mais giallo<br \/>\n\ud83d\ude9a Consegna veloce in tutto il mondo<br \/>\n\ud83d\udd53 Si conserva per 3 anni<br \/>\n\ud83d\udd10 Pagamento sicuro<\/p>\n<p>Peso netto: 1,83 kg<\/p>\n","protected":false},"featured_media":61790,"comment_status":"closed","ping_status":"closed","template":"","meta":{"_iconic_wsb_product_page_order_bump_ids":[],"_sku":["3110000346804-2"],"_iconic_wsb_product_page_bump_modal_ids":[]},"product_brand":[],"product_cat":[1680],"product_tag":[1659],"giftcard-category":[],"class_list":{"0":"post-61788","1":"product","2":"type-product","3":"status-publish","4":"has-post-thumbnail","6":"product_cat-set-regalo","7":"product_tag-prodotto-in-francia","8":"product_shipping_class-standard","10":"first","11":"instock","12":"taxable","13":"shipping-taxable","14":"purchasable","15":"product-type-simple"},"yoast_head":"<!-- This site is optimized with the Yoast SEO Premium plugin v27.3 (Yoast SEO v27.3) - https:\/\/yoast.com\/product\/yoast-seo-premium-wordpress\/ -->\n<title>Coffret Txingudi : Foie Gras e Magret affumicato basco | Relais Gourmet<\/title>\n<meta name=\"description\" content=\"Il set regalo Txingudi far\u00e0 la gioia dei buongustai che cercano qualit\u00e0 e originalit\u00e0.\" \/>\n<meta name=\"robots\" content=\"index, follow, max-snippet:-1, max-image-preview:large, max-video-preview:-1\" \/>\n<link rel=\"canonical\" href=\"https:\/\/relaisgourmet.com\/it\/prodotto\/cofanetto-txingudi__trashed\/\" \/>\n<meta property=\"og:locale\" content=\"it_IT\" \/>\n<meta property=\"og:type\" content=\"article\" \/>\n<meta property=\"og:title\" content=\"Cofanetto Txingudi\" \/>\n<meta property=\"og:description\" content=\"Scopri il Set regalo Txingudi di Relais Gourmet, l&#039;alleato ideale per i tuoi aperitivi. Da condividere o da regalare per un momento gourmet!   Garantito 100% di produzione francese \u2714 Garantito senza conservanti, additivi o coloranti. \ud83c\udf43 Anatre alimentate con mais giallo \ud83d\ude9a Consegna veloce in tutto il mondo \ud83d\udd53 Si conserva per 3 anni \ud83d\udd10 Pagamento sicuro Peso netto: 1,83 kg\" \/>\n<meta property=\"og:url\" content=\"https:\/\/relaisgourmet.com\/it\/prodotto\/cofanetto-txingudi__trashed\/\" \/>\n<meta property=\"og:site_name\" content=\"Relais Gourmet\" \/>\n<meta property=\"article:publisher\" content=\"https:\/\/www.facebook.com\/relaisgourmet\/\" \/>\n<meta property=\"article:modified_time\" content=\"2026-04-01T22:29:04+00:00\" \/>\n<meta property=\"og:image\" content=\"https:\/\/relaisgourmet.com\/wp-content\/uploads\/2026\/03\/Txingudi.webp\" \/>\n\t<meta property=\"og:image:width\" content=\"1667\" \/>\n\t<meta property=\"og:image:height\" content=\"1667\" \/>\n\t<meta property=\"og:image:type\" content=\"image\/jpeg\" \/>\n<meta name=\"twitter:card\" content=\"summary_large_image\" \/>\n<meta name=\"twitter:site\" content=\"@relaisgourmet64\" \/>\n<meta name=\"twitter:label1\" content=\"Tempo di lettura stimato\" \/>\n\t<meta name=\"twitter:data1\" content=\"2 minuto\" \/>\n<script type=\"application\/ld+json\" class=\"yoast-schema-graph\">{\"@context\":\"https:\\\/\\\/schema.org\",\"@graph\":[{\"@type\":\"WebPage\",\"@id\":\"https:\\\/\\\/relaisgourmet.com\\\/it\\\/prodotto\\\/cofanetto-txingudi__trashed\\\/\",\"url\":\"https:\\\/\\\/relaisgourmet.com\\\/it\\\/prodotto\\\/cofanetto-txingudi__trashed\\\/\",\"name\":\"Coffret Txingudi : Foie Gras e Magret affumicato basco | Relais Gourmet\",\"isPartOf\":{\"@id\":\"https:\\\/\\\/relaisgourmet.com\\\/it\\\/#website\"},\"primaryImageOfPage\":{\"@id\":\"https:\\\/\\\/relaisgourmet.com\\\/it\\\/prodotto\\\/cofanetto-txingudi__trashed\\\/#primaryimage\"},\"image\":{\"@id\":\"https:\\\/\\\/relaisgourmet.com\\\/it\\\/prodotto\\\/cofanetto-txingudi__trashed\\\/#primaryimage\"},\"thumbnailUrl\":\"https:\\\/\\\/relaisgourmet.com\\\/wp-content\\\/uploads\\\/2026\\\/03\\\/Txingudi.webp\",\"datePublished\":\"2026-03-10T12:26:37+00:00\",\"dateModified\":\"2026-04-01T22:29:04+00:00\",\"description\":\"Il set regalo Txingudi far\u00e0 la gioia dei buongustai che cercano qualit\u00e0 e originalit\u00e0.\",\"breadcrumb\":{\"@id\":\"https:\\\/\\\/relaisgourmet.com\\\/it\\\/prodotto\\\/cofanetto-txingudi__trashed\\\/#breadcrumb\"},\"inLanguage\":\"it-IT\",\"potentialAction\":[{\"@type\":\"ReadAction\",\"target\":[\"https:\\\/\\\/relaisgourmet.com\\\/it\\\/prodotto\\\/cofanetto-txingudi__trashed\\\/\"]}]},{\"@type\":\"ImageObject\",\"inLanguage\":\"it-IT\",\"@id\":\"https:\\\/\\\/relaisgourmet.com\\\/it\\\/prodotto\\\/cofanetto-txingudi__trashed\\\/#primaryimage\",\"url\":\"https:\\\/\\\/relaisgourmet.com\\\/wp-content\\\/uploads\\\/2026\\\/03\\\/Txingudi.webp\",\"contentUrl\":\"https:\\\/\\\/relaisgourmet.com\\\/wp-content\\\/uploads\\\/2026\\\/03\\\/Txingudi.webp\",\"width\":1667,\"height\":1667},{\"@type\":\"BreadcrumbList\",\"@id\":\"https:\\\/\\\/relaisgourmet.com\\\/it\\\/prodotto\\\/cofanetto-txingudi__trashed\\\/#breadcrumb\",\"itemListElement\":[{\"@type\":\"ListItem\",\"position\":1,\"name\":\"Casa\",\"item\":\"https:\\\/\\\/relaisgourmet.com\\\/it\\\/casa\\\/\"},{\"@type\":\"ListItem\",\"position\":2,\"name\":\"Tutti i nostri prodotti\",\"item\":\"https:\\\/\\\/relaisgourmet.com\\\/it\\\/shop\\\/\"},{\"@type\":\"ListItem\",\"position\":3,\"name\":\"Cofanetto Txingudi\"}]},{\"@type\":\"WebSite\",\"@id\":\"https:\\\/\\\/relaisgourmet.com\\\/it\\\/#website\",\"url\":\"https:\\\/\\\/relaisgourmet.com\\\/it\\\/\",\"name\":\"Relais Gourmet\",\"description\":\"Foie Gras 100% Fran\u00e7ais\",\"publisher\":{\"@id\":\"https:\\\/\\\/relaisgourmet.com\\\/it\\\/#organization\"},\"potentialAction\":[{\"@type\":\"SearchAction\",\"target\":{\"@type\":\"EntryPoint\",\"urlTemplate\":\"https:\\\/\\\/relaisgourmet.com\\\/it\\\/?s={search_term_string}\"},\"query-input\":{\"@type\":\"PropertyValueSpecification\",\"valueRequired\":true,\"valueName\":\"search_term_string\"}}],\"inLanguage\":\"it-IT\"},{\"@type\":\"Organization\",\"@id\":\"https:\\\/\\\/relaisgourmet.com\\\/it\\\/#organization\",\"name\":\"Relais Gourmet\",\"url\":\"https:\\\/\\\/relaisgourmet.com\\\/it\\\/\",\"logo\":{\"@type\":\"ImageObject\",\"inLanguage\":\"it-IT\",\"@id\":\"https:\\\/\\\/relaisgourmet.com\\\/it\\\/#\\\/schema\\\/logo\\\/image\\\/\",\"url\":\"https:\\\/\\\/relaisgourmet.com\\\/wp-content\\\/uploads\\\/2026\\\/03\\\/yoast-logo-2-relais-gourmet-.png\",\"contentUrl\":\"https:\\\/\\\/relaisgourmet.com\\\/wp-content\\\/uploads\\\/2026\\\/03\\\/yoast-logo-2-relais-gourmet-.png\",\"width\":1200,\"height\":675,\"caption\":\"Relais Gourmet\"},\"image\":{\"@id\":\"https:\\\/\\\/relaisgourmet.com\\\/it\\\/#\\\/schema\\\/logo\\\/image\\\/\"},\"sameAs\":[\"https:\\\/\\\/www.facebook.com\\\/relaisgourmet\\\/\",\"https:\\\/\\\/x.com\\\/relaisgourmet64\",\"https:\\\/\\\/www.instagram.com\\\/relaisgourmetofficiel\",\"https:\\\/\\\/www.pinterest.fr\\\/relaisgourmet\\\/\"],\"email\":\"yaqueche@relaisgourmet.com\",\"telephone\":\"+33 0 5 40 07 07 65\",\"legalName\":\"Relais Gourmet\",\"vatID\":\"FR13482415015\",\"taxID\":\"482415015\"}]}<\/script>\n<!-- \/ Yoast SEO Premium plugin. -->","yoast_head_json":{"title":"Coffret Txingudi : Foie Gras e Magret affumicato basco | Relais Gourmet","description":"Il set regalo Txingudi far\u00e0 la gioia dei buongustai che cercano qualit\u00e0 e originalit\u00e0.","robots":{"index":"index","follow":"follow","max-snippet":"max-snippet:-1","max-image-preview":"max-image-preview:large","max-video-preview":"max-video-preview:-1"},"canonical":"https:\/\/relaisgourmet.com\/it\/prodotto\/cofanetto-txingudi__trashed\/","og_locale":"it_IT","og_type":"article","og_title":"Cofanetto Txingudi","og_description":"Scopri il Set regalo Txingudi di Relais Gourmet, l'alleato ideale per i tuoi aperitivi. Da condividere o da regalare per un momento gourmet!   Garantito 100% di produzione francese \u2714 Garantito senza conservanti, additivi o coloranti. \ud83c\udf43 Anatre alimentate con mais giallo \ud83d\ude9a Consegna veloce in tutto il mondo \ud83d\udd53 Si conserva per 3 anni \ud83d\udd10 Pagamento sicuro Peso netto: 1,83 kg","og_url":"https:\/\/relaisgourmet.com\/it\/prodotto\/cofanetto-txingudi__trashed\/","og_site_name":"Relais Gourmet","article_publisher":"https:\/\/www.facebook.com\/relaisgourmet\/","article_modified_time":"2026-04-01T22:29:04+00:00","og_image":[{"width":1667,"height":1667,"url":"https:\/\/relaisgourmet.com\/wp-content\/uploads\/2026\/03\/Txingudi.webp","type":"image\/jpeg"}],"twitter_card":"summary_large_image","twitter_site":"@relaisgourmet64","twitter_misc":{"Tempo di lettura stimato":"2 minuto"},"schema":{"@context":"https:\/\/schema.org","@graph":[{"@type":"WebPage","@id":"https:\/\/relaisgourmet.com\/it\/prodotto\/cofanetto-txingudi__trashed\/","url":"https:\/\/relaisgourmet.com\/it\/prodotto\/cofanetto-txingudi__trashed\/","name":"Coffret Txingudi : Foie Gras e Magret affumicato basco | Relais Gourmet","isPartOf":{"@id":"https:\/\/relaisgourmet.com\/it\/#website"},"primaryImageOfPage":{"@id":"https:\/\/relaisgourmet.com\/it\/prodotto\/cofanetto-txingudi__trashed\/#primaryimage"},"image":{"@id":"https:\/\/relaisgourmet.com\/it\/prodotto\/cofanetto-txingudi__trashed\/#primaryimage"},"thumbnailUrl":"https:\/\/relaisgourmet.com\/wp-content\/uploads\/2026\/03\/Txingudi.webp","datePublished":"2026-03-10T12:26:37+00:00","dateModified":"2026-04-01T22:29:04+00:00","description":"Il set regalo Txingudi far\u00e0 la gioia dei buongustai che cercano qualit\u00e0 e originalit\u00e0.","breadcrumb":{"@id":"https:\/\/relaisgourmet.com\/it\/prodotto\/cofanetto-txingudi__trashed\/#breadcrumb"},"inLanguage":"it-IT","potentialAction":[{"@type":"ReadAction","target":["https:\/\/relaisgourmet.com\/it\/prodotto\/cofanetto-txingudi__trashed\/"]}]},{"@type":"ImageObject","inLanguage":"it-IT","@id":"https:\/\/relaisgourmet.com\/it\/prodotto\/cofanetto-txingudi__trashed\/#primaryimage","url":"https:\/\/relaisgourmet.com\/wp-content\/uploads\/2026\/03\/Txingudi.webp","contentUrl":"https:\/\/relaisgourmet.com\/wp-content\/uploads\/2026\/03\/Txingudi.webp","width":1667,"height":1667},{"@type":"BreadcrumbList","@id":"https:\/\/relaisgourmet.com\/it\/prodotto\/cofanetto-txingudi__trashed\/#breadcrumb","itemListElement":[{"@type":"ListItem","position":1,"name":"Casa","item":"https:\/\/relaisgourmet.com\/it\/casa\/"},{"@type":"ListItem","position":2,"name":"Tutti i nostri prodotti","item":"https:\/\/relaisgourmet.com\/it\/shop\/"},{"@type":"ListItem","position":3,"name":"Cofanetto Txingudi"}]},{"@type":"WebSite","@id":"https:\/\/relaisgourmet.com\/it\/#website","url":"https:\/\/relaisgourmet.com\/it\/","name":"Relais Gourmet","description":"Foie Gras 100% Fran\u00e7ais","publisher":{"@id":"https:\/\/relaisgourmet.com\/it\/#organization"},"potentialAction":[{"@type":"SearchAction","target":{"@type":"EntryPoint","urlTemplate":"https:\/\/relaisgourmet.com\/it\/?s={search_term_string}"},"query-input":{"@type":"PropertyValueSpecification","valueRequired":true,"valueName":"search_term_string"}}],"inLanguage":"it-IT"},{"@type":"Organization","@id":"https:\/\/relaisgourmet.com\/it\/#organization","name":"Relais Gourmet","url":"https:\/\/relaisgourmet.com\/it\/","logo":{"@type":"ImageObject","inLanguage":"it-IT","@id":"https:\/\/relaisgourmet.com\/it\/#\/schema\/logo\/image\/","url":"https:\/\/relaisgourmet.com\/wp-content\/uploads\/2026\/03\/yoast-logo-2-relais-gourmet-.png","contentUrl":"https:\/\/relaisgourmet.com\/wp-content\/uploads\/2026\/03\/yoast-logo-2-relais-gourmet-.png","width":1200,"height":675,"caption":"Relais Gourmet"},"image":{"@id":"https:\/\/relaisgourmet.com\/it\/#\/schema\/logo\/image\/"},"sameAs":["https:\/\/www.facebook.com\/relaisgourmet\/","https:\/\/x.com\/relaisgourmet64","https:\/\/www.instagram.com\/relaisgourmetofficiel","https:\/\/www.pinterest.fr\/relaisgourmet\/"],"email":"yaqueche@relaisgourmet.com","telephone":"+33 0 5 40 07 07 65","legalName":"Relais Gourmet","vatID":"FR13482415015","taxID":"482415015"}]}},"_links":{"self":[{"href":"https:\/\/relaisgourmet.com\/it\/wp-json\/wp\/v2\/product\/61788","targetHints":{"allow":["GET"]}}],"collection":[{"href":"https:\/\/relaisgourmet.com\/it\/wp-json\/wp\/v2\/product"}],"about":[{"href":"https:\/\/relaisgourmet.com\/it\/wp-json\/wp\/v2\/types\/product"}],"replies":[{"embeddable":true,"href":"https:\/\/relaisgourmet.com\/it\/wp-json\/wp\/v2\/comments?post=61788"}],"wp:featuredmedia":[{"embeddable":true,"href":"https:\/\/relaisgourmet.com\/it\/wp-json\/wp\/v2\/media\/61790"}],"wp:attachment":[{"href":"https:\/\/relaisgourmet.com\/it\/wp-json\/wp\/v2\/media?parent=61788"}],"wp:term":[{"taxonomy":"product_brand","embeddable":true,"href":"https:\/\/relaisgourmet.com\/it\/wp-json\/wp\/v2\/product_brand?post=61788"},{"taxonomy":"product_cat","embeddable":true,"href":"https:\/\/relaisgourmet.com\/it\/wp-json\/wp\/v2\/product_cat?post=61788"},{"taxonomy":"product_tag","embeddable":true,"href":"https:\/\/relaisgourmet.com\/it\/wp-json\/wp\/v2\/product_tag?post=61788"},{"taxonomy":"giftcard-category","embeddable":true,"href":"https:\/\/relaisgourmet.com\/it\/wp-json\/wp\/v2\/giftcard-category?post=61788"}],"curies":[{"name":"wp","href":"https:\/\/api.w.org\/{rel}","templated":true}]}}