{"id":55322,"date":"2025-03-12T13:52:30","date_gmt":"2025-03-12T12:52:30","guid":{"rendered":"https:\/\/relaisgourmet.com\/?post_type=product&#038;p=55322"},"modified":"2025-04-12T23:05:59","modified_gmt":"2025-04-12T21:05:59","slug":"cofanetto-aranzazu-copie-5","status":"publish","type":"product","link":"https:\/\/relaisgourmet.com\/it\/prodotto\/cofanetto-aranzazu-copie-5\/","title":{"rendered":"Cofanetto Izarra"},"content":{"rendered":"<p><b>Scopri la confezione regalo Izarra: il regalo gourmet ideale per i tuoi aperitivi<\/b><\/p>\n<p>Il <strong>set regalo Izarra<\/strong> di Relais Gourmet riunisce prodotti eccezionali pensati per una degustazione autentica e raffinata, perfetta per i momenti di convivialit\u00e0 condivisa. Combinando semplicit\u00e0 ed eleganza, questa scatola \u00e8 ideale per le occasioni di festa o per gli aperitivi con gli amici. Offrirlo significa offrire un&#8217;esperienza culinaria unica, che celebra i tesori del terroir.<\/p>\n<p><span style=\"font-weight: 400;\">La confezione regalo Izarra \u00e8 garantita <strong>senza conservanti, coloranti o additivi.<\/strong><\/span><\/p>\n<p><strong>Composizione:  <\/strong><\/p>\n<ul>\n<li style=\"font-weight: 400;\" aria-level=\"1\"><b>Foie gras naturale intero (200 g)<\/b><span style=\"font-weight: 400;\">  Questo Foie Gras di alta qualit\u00e0 \u00e8 un invito a concedersi. Realizzato senza conservanti, additivi o coloranti, rivela la purezza dei suoi sapori naturali.<\/span><\/li>\n<li style=\"font-weight: 400;\" aria-level=\"1\"><b>Bottiglia di Champagne (750 ml)<\/b><span style=\"font-weight: 400;\"> Per accompagnare questa delizia, una bottiglia di champagne esalta ogni boccone con le sue bollicine e i suoi aromi eleganti.<\/span><\/li>\n<\/ul>\n<p>&nbsp;<\/p>\n<p><strong>Conservazione :<\/strong><\/p>\n<p><span style=\"font-weight: 400;\">3 anni a temperatura ambiente, in modo da poterlo gustare a proprio piacimento. Una volta aperto, ricordati di consumarlo entro 15 giorni e di conservarlo in frigorifero per gustarlo al meglio.<\/span><\/p>\n<p><b>Preparati a un momento di indulgenza:<\/b><\/p>\n<p><span style=\"font-weight: 400;\">Dai un&#8217;occhiata al nostro <a href=\"https:\/\/relaisgourmet.com\/blog-foies-gras-actualite\/\">blog<\/a> e alla nostra pagina <a href=\"https:\/\/www.instagram.com\/relaisgourmetofficiel\/\">Instagram<\/a> per scoprire tutti i nostri consigli su come far risaltare il <b>set regalo Izarra <\/b>. Scopri idee originali per creare aperitivi raffinati e stupire i tuoi ospiti.<\/span><span style=\"font-weight: 400;\"> Che si tratti di una cena o di un momento gastronomico improvvisato, questi consigli ti aiuteranno a creare momenti di condivisione indimenticabili.<\/span><\/p>\n<p><span style=\"font-weight: 400;\">Il <\/span><b>Cofanetto Izarra<\/b><span style=\"font-weight: 400;\">  \u00e8 il regalo perfetto per gli amanti del cibo. Che sia per festeggiare un&#8217;occasione speciale o semplicemente per il piacere di assaggiare prodotti eccezionali, questo cofanetto \u00e8 un modo sicuro per condividere un momento gourmet. <\/span><\/p>\n","protected":false},"excerpt":{"rendered":"<p>Immergiti nel mondo raffinato del set regalo Izarra di Relais Gourmet. Un&#8217;esperienza di gusto unica, da assaporare o da regalare con eleganza.<\/p>\n<p><img decoding=\"async\" class=\"emoji\" role=\"img\" src=\"https:\/\/s.w.org\/images\/core\/emoji\/15.0.3\/svg\/1f1eb-1f1f7.svg\" alt=\"\ud83c\uddeb\ud83c\uddf7\">  Garanzia di produzione 100% francese<br \/>\n\u2714 Garantito senza conservanti, additivi o coloranti.<br \/>\n\ud83c\udf43 Anatre alimentate con mais giallo<br \/>\n\ud83d\ude9a Consegna veloce in tutto il mondo<br \/>\n\ud83d\udd53 Si conserva per 3 anni<br \/>\n\ud83d\udd10 Pagamento sicuro<\/p>\n<p>Peso netto: 950 g<\/p>\n","protected":false},"featured_media":58740,"comment_status":"closed","ping_status":"closed","template":"","meta":[],"product_brand":[],"product_cat":[1279,1275],"product_tag":[],"giftcard-category":[],"class_list":{"0":"post-55322","1":"product","2":"type-product","3":"status-publish","4":"has-post-thumbnail","6":"product_cat-regali-gourmet","7":"product_cat-scatole-regalo","9":"first","10":"instock","11":"taxable","12":"shipping-taxable","13":"purchasable","14":"product-type-simple"},"yoast_head":"<!-- This site is optimized with the Yoast SEO Premium plugin v27.0 (Yoast SEO v27.3) - https:\/\/yoast.com\/product\/yoast-seo-premium-wordpress\/ -->\n<title>Cofanetto Izarra con specialit\u00e0 basche<\/title>\n<meta name=\"description\" content=\"Cofanetto Izarra: una selezione elegante di prodotti artigianali per veri intenditori.\" \/>\n<meta name=\"robots\" content=\"index, follow, max-snippet:-1, max-image-preview:large, max-video-preview:-1\" \/>\n<link rel=\"canonical\" href=\"https:\/\/relaisgourmet.com\/it\/prodotto\/cofanetto-aranzazu-copie-5\/\" \/>\n<meta property=\"og:locale\" content=\"it_IT\" \/>\n<meta property=\"og:type\" content=\"article\" \/>\n<meta property=\"og:title\" content=\"Cofanetto Izarra\" \/>\n<meta property=\"og:description\" content=\"Cofanetto Izarra: una selezione elegante di prodotti artigianali per veri intenditori.\" \/>\n<meta property=\"og:url\" content=\"https:\/\/relaisgourmet.com\/it\/prodotto\/cofanetto-aranzazu-copie-5\/\" \/>\n<meta property=\"og:site_name\" content=\"Relais Gourmet\" \/>\n<meta property=\"article:publisher\" content=\"https:\/\/facebook.com\/yoast\" \/>\n<meta property=\"article:modified_time\" content=\"2025-04-12T21:05:59+00:00\" \/>\n<meta property=\"og:image\" content=\"https:\/\/relaisgourmet.com\/wp-content\/uploads\/2025\/03\/coffret-amoureux1-300x200-1.jpg\" \/>\n\t<meta property=\"og:image:width\" content=\"300\" \/>\n\t<meta property=\"og:image:height\" content=\"200\" \/>\n\t<meta property=\"og:image:type\" content=\"image\/jpeg\" \/>\n<meta name=\"twitter:card\" content=\"summary_large_image\" \/>\n<meta name=\"twitter:label1\" content=\"Tempo di lettura stimato\" \/>\n\t<meta name=\"twitter:data1\" content=\"1 minuto\" \/>\n<script type=\"application\/ld+json\" class=\"yoast-schema-graph\">{\"@context\":\"https:\\\/\\\/schema.org\",\"@graph\":[{\"@type\":\"WebPage\",\"@id\":\"https:\\\/\\\/relaisgourmet.com\\\/it\\\/prodotto\\\/cofanetto-aranzazu-copie-5\\\/\",\"url\":\"https:\\\/\\\/relaisgourmet.com\\\/it\\\/prodotto\\\/cofanetto-aranzazu-copie-5\\\/\",\"name\":\"Cofanetto Izarra con specialit\u00e0 basche\",\"isPartOf\":{\"@id\":\"https:\\\/\\\/relaisgourmet.com\\\/it\\\/#website\"},\"primaryImageOfPage\":{\"@id\":\"https:\\\/\\\/relaisgourmet.com\\\/it\\\/prodotto\\\/cofanetto-aranzazu-copie-5\\\/#primaryimage\"},\"image\":{\"@id\":\"https:\\\/\\\/relaisgourmet.com\\\/it\\\/prodotto\\\/cofanetto-aranzazu-copie-5\\\/#primaryimage\"},\"thumbnailUrl\":\"https:\\\/\\\/relaisgourmet.com\\\/wp-content\\\/uploads\\\/2025\\\/03\\\/Izarra.jpg\",\"datePublished\":\"2025-03-12T12:52:30+00:00\",\"dateModified\":\"2025-04-12T21:05:59+00:00\",\"description\":\"Cofanetto Izarra: una selezione elegante di prodotti artigianali per veri intenditori.\",\"breadcrumb\":{\"@id\":\"https:\\\/\\\/relaisgourmet.com\\\/it\\\/prodotto\\\/cofanetto-aranzazu-copie-5\\\/#breadcrumb\"},\"inLanguage\":\"it-IT\",\"potentialAction\":[{\"@type\":\"ReadAction\",\"target\":[\"https:\\\/\\\/relaisgourmet.com\\\/it\\\/prodotto\\\/cofanetto-aranzazu-copie-5\\\/\"]}]},{\"@type\":\"ImageObject\",\"inLanguage\":\"it-IT\",\"@id\":\"https:\\\/\\\/relaisgourmet.com\\\/it\\\/prodotto\\\/cofanetto-aranzazu-copie-5\\\/#primaryimage\",\"url\":\"https:\\\/\\\/relaisgourmet.com\\\/wp-content\\\/uploads\\\/2025\\\/03\\\/Izarra.jpg\",\"contentUrl\":\"https:\\\/\\\/relaisgourmet.com\\\/wp-content\\\/uploads\\\/2025\\\/03\\\/Izarra.jpg\",\"width\":1503,\"height\":1503,\"caption\":\"photographe d'entreprise, corporate, packshot, CV pau bearn pays basque\"},{\"@type\":\"BreadcrumbList\",\"@id\":\"https:\\\/\\\/relaisgourmet.com\\\/it\\\/prodotto\\\/cofanetto-aranzazu-copie-5\\\/#breadcrumb\",\"itemListElement\":[{\"@type\":\"ListItem\",\"position\":1,\"name\":\"Casa\",\"item\":\"https:\\\/\\\/relaisgourmet.com\\\/it\\\/\"},{\"@type\":\"ListItem\",\"position\":2,\"name\":\"Foie Gras autentico\",\"item\":\"https:\\\/\\\/relaisgourmet.com\\\/it\\\/foie-gras-autentico\\\/\"},{\"@type\":\"ListItem\",\"position\":3,\"name\":\"Cofanetto Izarra\"}]},{\"@type\":\"WebSite\",\"@id\":\"https:\\\/\\\/relaisgourmet.com\\\/it\\\/#website\",\"url\":\"https:\\\/\\\/relaisgourmet.com\\\/it\\\/\",\"name\":\"Relais Gourmet\",\"description\":\"Maison Gastronomique au Pays-Basque Depuis 2004\",\"publisher\":{\"@id\":\"https:\\\/\\\/relaisgourmet.com\\\/it\\\/#organization\"},\"potentialAction\":[{\"@type\":\"SearchAction\",\"target\":{\"@type\":\"EntryPoint\",\"urlTemplate\":\"https:\\\/\\\/relaisgourmet.com\\\/it\\\/?s={search_term_string}\"},\"query-input\":{\"@type\":\"PropertyValueSpecification\",\"valueRequired\":true,\"valueName\":\"search_term_string\"}}],\"inLanguage\":\"it-IT\"},{\"@type\":\"Organization\",\"@id\":\"https:\\\/\\\/relaisgourmet.com\\\/it\\\/#organization\",\"name\":\"Relais Gourmet\",\"url\":\"https:\\\/\\\/relaisgourmet.com\\\/it\\\/\",\"logo\":{\"@type\":\"ImageObject\",\"inLanguage\":\"it-IT\",\"@id\":\"https:\\\/\\\/relaisgourmet.com\\\/it\\\/#\\\/schema\\\/logo\\\/image\\\/\",\"url\":\"https:\\\/\\\/relaisgourmet.com\\\/wp-content\\\/uploads\\\/2024\\\/11\\\/Diseno-sin-titulo-8.jpg\",\"contentUrl\":\"https:\\\/\\\/relaisgourmet.com\\\/wp-content\\\/uploads\\\/2024\\\/11\\\/Diseno-sin-titulo-8.jpg\",\"width\":500,\"height\":500,\"caption\":\"Relais Gourmet\"},\"image\":{\"@id\":\"https:\\\/\\\/relaisgourmet.com\\\/it\\\/#\\\/schema\\\/logo\\\/image\\\/\"},\"sameAs\":[\"https:\\\/\\\/facebook.com\\\/yoast\",\"https:\\\/\\\/instagram.com\\\/yoast\"]}]}<\/script>\n<!-- \/ Yoast SEO Premium plugin. -->","yoast_head_json":{"title":"Cofanetto Izarra con specialit\u00e0 basche","description":"Cofanetto Izarra: una selezione elegante di prodotti artigianali per veri intenditori.","robots":{"index":"index","follow":"follow","max-snippet":"max-snippet:-1","max-image-preview":"max-image-preview:large","max-video-preview":"max-video-preview:-1"},"canonical":"https:\/\/relaisgourmet.com\/it\/prodotto\/cofanetto-aranzazu-copie-5\/","og_locale":"it_IT","og_type":"article","og_title":"Cofanetto Izarra","og_description":"Cofanetto Izarra: una selezione elegante di prodotti artigianali per veri intenditori.","og_url":"https:\/\/relaisgourmet.com\/it\/prodotto\/cofanetto-aranzazu-copie-5\/","og_site_name":"Relais Gourmet","article_publisher":"https:\/\/facebook.com\/yoast","article_modified_time":"2025-04-12T21:05:59+00:00","og_image":[{"width":300,"height":200,"url":"https:\/\/relaisgourmet.com\/wp-content\/uploads\/2025\/03\/coffret-amoureux1-300x200-1.jpg","type":"image\/jpeg"}],"twitter_card":"summary_large_image","twitter_misc":{"Tempo di lettura stimato":"1 minuto"},"schema":{"@context":"https:\/\/schema.org","@graph":[{"@type":"WebPage","@id":"https:\/\/relaisgourmet.com\/it\/prodotto\/cofanetto-aranzazu-copie-5\/","url":"https:\/\/relaisgourmet.com\/it\/prodotto\/cofanetto-aranzazu-copie-5\/","name":"Cofanetto Izarra con specialit\u00e0 basche","isPartOf":{"@id":"https:\/\/relaisgourmet.com\/it\/#website"},"primaryImageOfPage":{"@id":"https:\/\/relaisgourmet.com\/it\/prodotto\/cofanetto-aranzazu-copie-5\/#primaryimage"},"image":{"@id":"https:\/\/relaisgourmet.com\/it\/prodotto\/cofanetto-aranzazu-copie-5\/#primaryimage"},"thumbnailUrl":"https:\/\/relaisgourmet.com\/wp-content\/uploads\/2025\/03\/Izarra.jpg","datePublished":"2025-03-12T12:52:30+00:00","dateModified":"2025-04-12T21:05:59+00:00","description":"Cofanetto Izarra: una selezione elegante di prodotti artigianali per veri intenditori.","breadcrumb":{"@id":"https:\/\/relaisgourmet.com\/it\/prodotto\/cofanetto-aranzazu-copie-5\/#breadcrumb"},"inLanguage":"it-IT","potentialAction":[{"@type":"ReadAction","target":["https:\/\/relaisgourmet.com\/it\/prodotto\/cofanetto-aranzazu-copie-5\/"]}]},{"@type":"ImageObject","inLanguage":"it-IT","@id":"https:\/\/relaisgourmet.com\/it\/prodotto\/cofanetto-aranzazu-copie-5\/#primaryimage","url":"https:\/\/relaisgourmet.com\/wp-content\/uploads\/2025\/03\/Izarra.jpg","contentUrl":"https:\/\/relaisgourmet.com\/wp-content\/uploads\/2025\/03\/Izarra.jpg","width":1503,"height":1503,"caption":"photographe d'entreprise, corporate, packshot, CV pau bearn pays basque"},{"@type":"BreadcrumbList","@id":"https:\/\/relaisgourmet.com\/it\/prodotto\/cofanetto-aranzazu-copie-5\/#breadcrumb","itemListElement":[{"@type":"ListItem","position":1,"name":"Casa","item":"https:\/\/relaisgourmet.com\/it\/"},{"@type":"ListItem","position":2,"name":"Foie Gras autentico","item":"https:\/\/relaisgourmet.com\/it\/foie-gras-autentico\/"},{"@type":"ListItem","position":3,"name":"Cofanetto Izarra"}]},{"@type":"WebSite","@id":"https:\/\/relaisgourmet.com\/it\/#website","url":"https:\/\/relaisgourmet.com\/it\/","name":"Relais Gourmet","description":"Maison Gastronomique au Pays-Basque Depuis 2004","publisher":{"@id":"https:\/\/relaisgourmet.com\/it\/#organization"},"potentialAction":[{"@type":"SearchAction","target":{"@type":"EntryPoint","urlTemplate":"https:\/\/relaisgourmet.com\/it\/?s={search_term_string}"},"query-input":{"@type":"PropertyValueSpecification","valueRequired":true,"valueName":"search_term_string"}}],"inLanguage":"it-IT"},{"@type":"Organization","@id":"https:\/\/relaisgourmet.com\/it\/#organization","name":"Relais Gourmet","url":"https:\/\/relaisgourmet.com\/it\/","logo":{"@type":"ImageObject","inLanguage":"it-IT","@id":"https:\/\/relaisgourmet.com\/it\/#\/schema\/logo\/image\/","url":"https:\/\/relaisgourmet.com\/wp-content\/uploads\/2024\/11\/Diseno-sin-titulo-8.jpg","contentUrl":"https:\/\/relaisgourmet.com\/wp-content\/uploads\/2024\/11\/Diseno-sin-titulo-8.jpg","width":500,"height":500,"caption":"Relais Gourmet"},"image":{"@id":"https:\/\/relaisgourmet.com\/it\/#\/schema\/logo\/image\/"},"sameAs":["https:\/\/facebook.com\/yoast","https:\/\/instagram.com\/yoast"]}]}},"_links":{"self":[{"href":"https:\/\/relaisgourmet.com\/it\/wp-json\/wp\/v2\/product\/55322","targetHints":{"allow":["GET"]}}],"collection":[{"href":"https:\/\/relaisgourmet.com\/it\/wp-json\/wp\/v2\/product"}],"about":[{"href":"https:\/\/relaisgourmet.com\/it\/wp-json\/wp\/v2\/types\/product"}],"replies":[{"embeddable":true,"href":"https:\/\/relaisgourmet.com\/it\/wp-json\/wp\/v2\/comments?post=55322"}],"version-history":[{"count":2,"href":"https:\/\/relaisgourmet.com\/it\/wp-json\/wp\/v2\/product\/55322\/revisions"}],"predecessor-version":[{"id":55335,"href":"https:\/\/relaisgourmet.com\/it\/wp-json\/wp\/v2\/product\/55322\/revisions\/55335"}],"wp:featuredmedia":[{"embeddable":true,"href":"https:\/\/relaisgourmet.com\/it\/wp-json\/wp\/v2\/media\/58740"}],"wp:attachment":[{"href":"https:\/\/relaisgourmet.com\/it\/wp-json\/wp\/v2\/media?parent=55322"}],"wp:term":[{"taxonomy":"product_brand","embeddable":true,"href":"https:\/\/relaisgourmet.com\/it\/wp-json\/wp\/v2\/product_brand?post=55322"},{"taxonomy":"product_cat","embeddable":true,"href":"https:\/\/relaisgourmet.com\/it\/wp-json\/wp\/v2\/product_cat?post=55322"},{"taxonomy":"product_tag","embeddable":true,"href":"https:\/\/relaisgourmet.com\/it\/wp-json\/wp\/v2\/product_tag?post=55322"},{"taxonomy":"giftcard-category","embeddable":true,"href":"https:\/\/relaisgourmet.com\/it\/wp-json\/wp\/v2\/giftcard-category?post=55322"}],"curies":[{"name":"wp","href":"https:\/\/api.w.org\/{rel}","templated":true}]}}