{"id":55298,"date":"2025-03-12T13:40:03","date_gmt":"2025-03-12T12:40:03","guid":{"rendered":"https:\/\/relaisgourmet.com\/?post_type=product&#038;p=55298"},"modified":"2025-04-12T23:05:59","modified_gmt":"2025-04-12T21:05:59","slug":"cofanetto-aranzazu-copie-4","status":"publish","type":"product","link":"https:\/\/relaisgourmet.com\/it\/prodotto\/cofanetto-aranzazu-copie-4\/","title":{"rendered":"Cofanetto Uhainak"},"content":{"rendered":"<p><b>Scopri la scatola Uhainak: l&#8217;eleganza del gusto<\/b><\/p>\n<p>Il <strong>cofanetto<\/strong><b> Uhainak<\/b><span style=\"font-weight: 400;\">  \u00e8 un must per gli amanti delle autentiche delizie gastronomiche. Questo cofanetto di <strong>Relais Gourmet<\/strong> contiene una selezione di prodotti di prima qualit\u00e0, ideali per arricchire i tuoi momenti gastronomici in ogni occasione. Sia che tu lo condivida con gli amici o che lo regali, il  <\/span><b>Cofanetto Uhainak<\/b><span style=\"font-weight: 400;\">  \u00e8 perfetta per creare indimenticabili momenti di convivialit\u00e0 intorno alla tavola. Ogni prodotto di questa scatola \u00e8 un omaggio ai sapori tradizionali e all&#8217;esperienza di Relais Gourmet.<\/span><\/p>\n<p><span style=\"font-weight: 400;\">La <\/span>scatola Uhainak<span style=\"font-weight: 400;\"> \u00e8 garantita <strong>senza conservanti, coloranti o additivi.<\/strong><\/span><\/p>\n<p><b>Composizione:<\/b><\/p>\n<ul>\n<li style=\"font-weight: 400;\" aria-level=\"1\"><b>Foie Gras naturale intero (400 g)<\/b><span style=\"font-weight: 400;\"> La pura essenza del Foie Gras, semplicemente deliziosa.<\/span><\/li>\n<li style=\"font-weight: 400;\" aria-level=\"1\"><b>Foie Gras intero al Sauternes (400 g)<\/b><span style=\"font-weight: 400;\"> Un tocco morbido e sottile con il delicato aroma del Sauternes.<\/span><\/li>\n<li style=\"font-weight: 400;\" aria-level=\"1\"><b>Foie Gras intero con pepe di Espelette (400 g)<\/b><span style=\"font-weight: 400;\"> Per gli amanti delle sensazioni piccanti, speziate con il famoso peperoncino basco.<\/span><\/li>\n<li style=\"font-weight: 400;\" aria-level=\"1\"><b>Aperitivo Gourmet con pepe di Espelette (180 g)<\/b><span style=\"font-weight: 400;\"> Un aperitivo gustoso e piccante.<\/span><\/li>\n<li style=\"font-weight: 400;\" aria-level=\"1\"><b>Aperitivo Gourmet ai Porcini (180 g)<\/b><span style=\"font-weight: 400;\"> Una miscela gustosa per aggiungere un tocco di bosco ai tuoi aperitivi.<\/span><\/li>\n<\/ul>\n<p><b>Consigli per la conservazione e la degustazione:<\/b><\/p>\n<p><span style=\"font-weight: 400;\">Il <\/span><b>Set Uhainak<\/b><span style=\"font-weight: 400;\">  ha una lunga durata di conservazione di 3 anni a temperatura ambiente. Una volta aperti, assicurati di consumare i prodotti entro 15 giorni e di conservarli in frigorifero per preservarne la freschezza.<\/span><\/p>\n<p><b>Suggerimenti per godersi il cofanetto Uhainak<\/b><\/p>\n<p><span style=\"font-weight: 400;\">Per idee creative e suggerimenti su come far risaltare questi prodotti, visita il nostro <\/span><a href=\"https:\/\/relaisgourmet.com\/blog-foies-gras-actualite\/\"><b>blog<\/b><\/a><span style=\"font-weight: 400;\"> e seguici sul nostro <\/span><a href=\"https:\/\/www.instagram.com\/relaisgourmetofficiel\/\"><b>Instagram<\/b><\/a><span style=\"font-weight: 400;\">. Troverai consigli su come trasformare i tuoi pasti in veri e propri momenti gastronomici.<\/span><\/p>\n<p><b>Dare o ricevere :<\/b><\/p>\n<p><span style=\"font-weight: 400;\">Il <\/span><b>Set Uhainak<\/b><span style=\"font-weight: 400;\">  incarna l&#8217;eccellenza dei prodotti Relais Gourmet. \u00c8 pensato per chi cerca momenti unici, ricchi di sapori autentici e piaceri gastronomici. Regala a te stesso o ai tuoi cari un momento eccezionale con questo cofanetto di delizie.<\/span><\/p>\n","protected":false},"excerpt":{"rendered":"<p>Scopri il <strong>Set regalo Uhainak<\/strong> di Relais Gourmet, una gustosa selezione pensata per accompagnare i tuoi momenti gourmet in ogni occasione. Perfetta per un aperitivo con gli amici, una pausa golosa o un regalo che far\u00e0 sicuramente scalpore, questa scatola promette un piacere unico da condividere o assaporare senza indugio!<\/p>\n<p><img decoding=\"async\" class=\"emoji\" role=\"img\" src=\"https:\/\/s.w.org\/images\/core\/emoji\/15.0.3\/svg\/1f1eb-1f1f7.svg\" alt=\"\ud83c\uddeb\ud83c\uddf7\">  Garanzia di produzione 100% francese<br \/>\n\u2714 Garantito senza conservanti, additivi o coloranti.<br \/>\n\ud83c\udf43 Anatre alimentate con mais giallo<br \/>\n\ud83d\ude9a Consegna veloce in tutto il mondo<br \/>\n\ud83d\udd53 Si conserva per 3 anni<br \/>\n\ud83d\udd10 Pagamento sicuro<\/p>\n<p>Peso netto: 1,83 kg<\/p>\n","protected":false},"featured_media":58745,"comment_status":"closed","ping_status":"closed","template":"","meta":[],"product_brand":[],"product_cat":[1279,1275],"product_tag":[],"giftcard-category":[],"class_list":{"0":"post-55298","1":"product","2":"type-product","3":"status-publish","4":"has-post-thumbnail","6":"product_cat-regali-gourmet","7":"product_cat-scatole-regalo","9":"first","10":"instock","11":"taxable","12":"shipping-taxable","13":"purchasable","14":"product-type-simple"},"yoast_head":"<!-- This site is optimized with the Yoast SEO Premium plugin v27.0 (Yoast SEO v27.3) - https:\/\/yoast.com\/product\/yoast-seo-premium-wordpress\/ -->\n<title>Cofanetto Uhainak: gusto e tradizione<\/title>\n<meta name=\"description\" content=\"Scopri Uhainak: un cofanetto gourmet per gli amanti del Foie Gras e dei sapori autentici.\" \/>\n<meta name=\"robots\" content=\"index, follow, max-snippet:-1, max-image-preview:large, max-video-preview:-1\" \/>\n<link rel=\"canonical\" href=\"https:\/\/relaisgourmet.com\/it\/prodotto\/cofanetto-aranzazu-copie-4\/\" \/>\n<meta property=\"og:locale\" content=\"it_IT\" \/>\n<meta property=\"og:type\" content=\"article\" \/>\n<meta property=\"og:title\" content=\"Cofanetto Uhainak\" \/>\n<meta property=\"og:description\" content=\"Scopri Uhainak: un cofanetto gourmet per gli amanti del Foie Gras e dei sapori autentici.\" \/>\n<meta property=\"og:url\" content=\"https:\/\/relaisgourmet.com\/it\/prodotto\/cofanetto-aranzazu-copie-4\/\" \/>\n<meta property=\"og:site_name\" content=\"Relais Gourmet\" \/>\n<meta property=\"article:publisher\" content=\"https:\/\/facebook.com\/yoast\" \/>\n<meta property=\"article:modified_time\" content=\"2025-04-12T21:05:59+00:00\" \/>\n<meta property=\"og:image\" content=\"https:\/\/relaisgourmet.com\/wp-content\/uploads\/2025\/03\/coffret-3FG-400-2A-2.jpg\" \/>\n\t<meta property=\"og:image:width\" content=\"2500\" \/>\n\t<meta property=\"og:image:height\" content=\"1667\" \/>\n\t<meta property=\"og:image:type\" content=\"image\/jpeg\" \/>\n<meta name=\"twitter:card\" content=\"summary_large_image\" \/>\n<meta name=\"twitter:label1\" content=\"Tempo di lettura stimato\" \/>\n\t<meta name=\"twitter:data1\" content=\"1 minuto\" \/>\n<script type=\"application\/ld+json\" class=\"yoast-schema-graph\">{\"@context\":\"https:\\\/\\\/schema.org\",\"@graph\":[{\"@type\":\"WebPage\",\"@id\":\"https:\\\/\\\/relaisgourmet.com\\\/it\\\/prodotto\\\/cofanetto-aranzazu-copie-4\\\/\",\"url\":\"https:\\\/\\\/relaisgourmet.com\\\/it\\\/prodotto\\\/cofanetto-aranzazu-copie-4\\\/\",\"name\":\"Cofanetto Uhainak: gusto e tradizione\",\"isPartOf\":{\"@id\":\"https:\\\/\\\/relaisgourmet.com\\\/it\\\/#website\"},\"primaryImageOfPage\":{\"@id\":\"https:\\\/\\\/relaisgourmet.com\\\/it\\\/prodotto\\\/cofanetto-aranzazu-copie-4\\\/#primaryimage\"},\"image\":{\"@id\":\"https:\\\/\\\/relaisgourmet.com\\\/it\\\/prodotto\\\/cofanetto-aranzazu-copie-4\\\/#primaryimage\"},\"thumbnailUrl\":\"https:\\\/\\\/relaisgourmet.com\\\/wp-content\\\/uploads\\\/2025\\\/03\\\/Uhainak.jpg\",\"datePublished\":\"2025-03-12T12:40:03+00:00\",\"dateModified\":\"2025-04-12T21:05:59+00:00\",\"description\":\"Scopri Uhainak: un cofanetto gourmet per gli amanti del Foie Gras e dei sapori autentici.\",\"breadcrumb\":{\"@id\":\"https:\\\/\\\/relaisgourmet.com\\\/it\\\/prodotto\\\/cofanetto-aranzazu-copie-4\\\/#breadcrumb\"},\"inLanguage\":\"it-IT\",\"potentialAction\":[{\"@type\":\"ReadAction\",\"target\":[\"https:\\\/\\\/relaisgourmet.com\\\/it\\\/prodotto\\\/cofanetto-aranzazu-copie-4\\\/\"]}]},{\"@type\":\"ImageObject\",\"inLanguage\":\"it-IT\",\"@id\":\"https:\\\/\\\/relaisgourmet.com\\\/it\\\/prodotto\\\/cofanetto-aranzazu-copie-4\\\/#primaryimage\",\"url\":\"https:\\\/\\\/relaisgourmet.com\\\/wp-content\\\/uploads\\\/2025\\\/03\\\/Uhainak.jpg\",\"contentUrl\":\"https:\\\/\\\/relaisgourmet.com\\\/wp-content\\\/uploads\\\/2025\\\/03\\\/Uhainak.jpg\",\"width\":1583,\"height\":1583,\"caption\":\"photographe d'entreprise, corporate, packshot, CV pau bearn pays basque\"},{\"@type\":\"BreadcrumbList\",\"@id\":\"https:\\\/\\\/relaisgourmet.com\\\/it\\\/prodotto\\\/cofanetto-aranzazu-copie-4\\\/#breadcrumb\",\"itemListElement\":[{\"@type\":\"ListItem\",\"position\":1,\"name\":\"Casa\",\"item\":\"https:\\\/\\\/relaisgourmet.com\\\/it\\\/\"},{\"@type\":\"ListItem\",\"position\":2,\"name\":\"Foie Gras autentico\",\"item\":\"https:\\\/\\\/relaisgourmet.com\\\/it\\\/foie-gras-autentico\\\/\"},{\"@type\":\"ListItem\",\"position\":3,\"name\":\"Cofanetto Uhainak\"}]},{\"@type\":\"WebSite\",\"@id\":\"https:\\\/\\\/relaisgourmet.com\\\/it\\\/#website\",\"url\":\"https:\\\/\\\/relaisgourmet.com\\\/it\\\/\",\"name\":\"Relais Gourmet\",\"description\":\"Maison Gastronomique au Pays-Basque Depuis 2004\",\"publisher\":{\"@id\":\"https:\\\/\\\/relaisgourmet.com\\\/it\\\/#organization\"},\"potentialAction\":[{\"@type\":\"SearchAction\",\"target\":{\"@type\":\"EntryPoint\",\"urlTemplate\":\"https:\\\/\\\/relaisgourmet.com\\\/it\\\/?s={search_term_string}\"},\"query-input\":{\"@type\":\"PropertyValueSpecification\",\"valueRequired\":true,\"valueName\":\"search_term_string\"}}],\"inLanguage\":\"it-IT\"},{\"@type\":\"Organization\",\"@id\":\"https:\\\/\\\/relaisgourmet.com\\\/it\\\/#organization\",\"name\":\"Relais Gourmet\",\"url\":\"https:\\\/\\\/relaisgourmet.com\\\/it\\\/\",\"logo\":{\"@type\":\"ImageObject\",\"inLanguage\":\"it-IT\",\"@id\":\"https:\\\/\\\/relaisgourmet.com\\\/it\\\/#\\\/schema\\\/logo\\\/image\\\/\",\"url\":\"https:\\\/\\\/relaisgourmet.com\\\/wp-content\\\/uploads\\\/2024\\\/11\\\/Diseno-sin-titulo-8.jpg\",\"contentUrl\":\"https:\\\/\\\/relaisgourmet.com\\\/wp-content\\\/uploads\\\/2024\\\/11\\\/Diseno-sin-titulo-8.jpg\",\"width\":500,\"height\":500,\"caption\":\"Relais Gourmet\"},\"image\":{\"@id\":\"https:\\\/\\\/relaisgourmet.com\\\/it\\\/#\\\/schema\\\/logo\\\/image\\\/\"},\"sameAs\":[\"https:\\\/\\\/facebook.com\\\/yoast\",\"https:\\\/\\\/instagram.com\\\/yoast\"]}]}<\/script>\n<!-- \/ Yoast SEO Premium plugin. -->","yoast_head_json":{"title":"Cofanetto Uhainak: gusto e tradizione","description":"Scopri Uhainak: un cofanetto gourmet per gli amanti del Foie Gras e dei sapori autentici.","robots":{"index":"index","follow":"follow","max-snippet":"max-snippet:-1","max-image-preview":"max-image-preview:large","max-video-preview":"max-video-preview:-1"},"canonical":"https:\/\/relaisgourmet.com\/it\/prodotto\/cofanetto-aranzazu-copie-4\/","og_locale":"it_IT","og_type":"article","og_title":"Cofanetto Uhainak","og_description":"Scopri Uhainak: un cofanetto gourmet per gli amanti del Foie Gras e dei sapori autentici.","og_url":"https:\/\/relaisgourmet.com\/it\/prodotto\/cofanetto-aranzazu-copie-4\/","og_site_name":"Relais Gourmet","article_publisher":"https:\/\/facebook.com\/yoast","article_modified_time":"2025-04-12T21:05:59+00:00","og_image":[{"width":2500,"height":1667,"url":"https:\/\/relaisgourmet.com\/wp-content\/uploads\/2025\/03\/coffret-3FG-400-2A-2.jpg","type":"image\/jpeg"}],"twitter_card":"summary_large_image","twitter_misc":{"Tempo di lettura stimato":"1 minuto"},"schema":{"@context":"https:\/\/schema.org","@graph":[{"@type":"WebPage","@id":"https:\/\/relaisgourmet.com\/it\/prodotto\/cofanetto-aranzazu-copie-4\/","url":"https:\/\/relaisgourmet.com\/it\/prodotto\/cofanetto-aranzazu-copie-4\/","name":"Cofanetto Uhainak: gusto e tradizione","isPartOf":{"@id":"https:\/\/relaisgourmet.com\/it\/#website"},"primaryImageOfPage":{"@id":"https:\/\/relaisgourmet.com\/it\/prodotto\/cofanetto-aranzazu-copie-4\/#primaryimage"},"image":{"@id":"https:\/\/relaisgourmet.com\/it\/prodotto\/cofanetto-aranzazu-copie-4\/#primaryimage"},"thumbnailUrl":"https:\/\/relaisgourmet.com\/wp-content\/uploads\/2025\/03\/Uhainak.jpg","datePublished":"2025-03-12T12:40:03+00:00","dateModified":"2025-04-12T21:05:59+00:00","description":"Scopri Uhainak: un cofanetto gourmet per gli amanti del Foie Gras e dei sapori autentici.","breadcrumb":{"@id":"https:\/\/relaisgourmet.com\/it\/prodotto\/cofanetto-aranzazu-copie-4\/#breadcrumb"},"inLanguage":"it-IT","potentialAction":[{"@type":"ReadAction","target":["https:\/\/relaisgourmet.com\/it\/prodotto\/cofanetto-aranzazu-copie-4\/"]}]},{"@type":"ImageObject","inLanguage":"it-IT","@id":"https:\/\/relaisgourmet.com\/it\/prodotto\/cofanetto-aranzazu-copie-4\/#primaryimage","url":"https:\/\/relaisgourmet.com\/wp-content\/uploads\/2025\/03\/Uhainak.jpg","contentUrl":"https:\/\/relaisgourmet.com\/wp-content\/uploads\/2025\/03\/Uhainak.jpg","width":1583,"height":1583,"caption":"photographe d'entreprise, corporate, packshot, CV pau bearn pays basque"},{"@type":"BreadcrumbList","@id":"https:\/\/relaisgourmet.com\/it\/prodotto\/cofanetto-aranzazu-copie-4\/#breadcrumb","itemListElement":[{"@type":"ListItem","position":1,"name":"Casa","item":"https:\/\/relaisgourmet.com\/it\/"},{"@type":"ListItem","position":2,"name":"Foie Gras autentico","item":"https:\/\/relaisgourmet.com\/it\/foie-gras-autentico\/"},{"@type":"ListItem","position":3,"name":"Cofanetto Uhainak"}]},{"@type":"WebSite","@id":"https:\/\/relaisgourmet.com\/it\/#website","url":"https:\/\/relaisgourmet.com\/it\/","name":"Relais Gourmet","description":"Maison Gastronomique au Pays-Basque Depuis 2004","publisher":{"@id":"https:\/\/relaisgourmet.com\/it\/#organization"},"potentialAction":[{"@type":"SearchAction","target":{"@type":"EntryPoint","urlTemplate":"https:\/\/relaisgourmet.com\/it\/?s={search_term_string}"},"query-input":{"@type":"PropertyValueSpecification","valueRequired":true,"valueName":"search_term_string"}}],"inLanguage":"it-IT"},{"@type":"Organization","@id":"https:\/\/relaisgourmet.com\/it\/#organization","name":"Relais Gourmet","url":"https:\/\/relaisgourmet.com\/it\/","logo":{"@type":"ImageObject","inLanguage":"it-IT","@id":"https:\/\/relaisgourmet.com\/it\/#\/schema\/logo\/image\/","url":"https:\/\/relaisgourmet.com\/wp-content\/uploads\/2024\/11\/Diseno-sin-titulo-8.jpg","contentUrl":"https:\/\/relaisgourmet.com\/wp-content\/uploads\/2024\/11\/Diseno-sin-titulo-8.jpg","width":500,"height":500,"caption":"Relais Gourmet"},"image":{"@id":"https:\/\/relaisgourmet.com\/it\/#\/schema\/logo\/image\/"},"sameAs":["https:\/\/facebook.com\/yoast","https:\/\/instagram.com\/yoast"]}]}},"_links":{"self":[{"href":"https:\/\/relaisgourmet.com\/it\/wp-json\/wp\/v2\/product\/55298","targetHints":{"allow":["GET"]}}],"collection":[{"href":"https:\/\/relaisgourmet.com\/it\/wp-json\/wp\/v2\/product"}],"about":[{"href":"https:\/\/relaisgourmet.com\/it\/wp-json\/wp\/v2\/types\/product"}],"replies":[{"embeddable":true,"href":"https:\/\/relaisgourmet.com\/it\/wp-json\/wp\/v2\/comments?post=55298"}],"version-history":[{"count":2,"href":"https:\/\/relaisgourmet.com\/it\/wp-json\/wp\/v2\/product\/55298\/revisions"}],"predecessor-version":[{"id":55312,"href":"https:\/\/relaisgourmet.com\/it\/wp-json\/wp\/v2\/product\/55298\/revisions\/55312"}],"wp:featuredmedia":[{"embeddable":true,"href":"https:\/\/relaisgourmet.com\/it\/wp-json\/wp\/v2\/media\/58745"}],"wp:attachment":[{"href":"https:\/\/relaisgourmet.com\/it\/wp-json\/wp\/v2\/media?parent=55298"}],"wp:term":[{"taxonomy":"product_brand","embeddable":true,"href":"https:\/\/relaisgourmet.com\/it\/wp-json\/wp\/v2\/product_brand?post=55298"},{"taxonomy":"product_cat","embeddable":true,"href":"https:\/\/relaisgourmet.com\/it\/wp-json\/wp\/v2\/product_cat?post=55298"},{"taxonomy":"product_tag","embeddable":true,"href":"https:\/\/relaisgourmet.com\/it\/wp-json\/wp\/v2\/product_tag?post=55298"},{"taxonomy":"giftcard-category","embeddable":true,"href":"https:\/\/relaisgourmet.com\/it\/wp-json\/wp\/v2\/giftcard-category?post=55298"}],"curies":[{"name":"wp","href":"https:\/\/api.w.org\/{rel}","templated":true}]}}