{"id":55224,"date":"2025-03-12T13:15:16","date_gmt":"2025-03-12T12:15:16","guid":{"rendered":"https:\/\/relaisgourmet.com\/?post_type=product&#038;p=55224"},"modified":"2025-12-01T01:17:18","modified_gmt":"2025-12-01T00:17:18","slug":"cofanetto-aranzazu-copie","status":"publish","type":"product","link":"https:\/\/relaisgourmet.com\/it\/prodotto\/cofanetto-aranzazu-copie\/","title":{"rendered":"Cofanetto Iraty"},"content":{"rendered":"<h4><strong>Scopri il Coffret Iraty: una selezione gourmet per i tuoi aperitivi festivi<\/strong><\/h4>\n<p><span style=\"font-weight: 400;\">Il <strong>Coffret Iraty<\/strong> \u00e8 una creazione esclusiva di <strong>Relais Gourmet<\/strong>, pensata per migliorare l&#8217;esperienza dell&#8217;aperitivo. Questa confezione offre un&#8217;esperienza di gusto unica, ideale da condividere durante un pasto con la famiglia o con gli amici. Sia che si tratti di un regalo o di un regalo per te stesso, creer\u00e0 preziosi ricordi gastronomici. Questa selezione mette in risalto l&#8217;autenticit\u00e0 dei sapori baschi, rispettando criteri di qualit\u00e0 impeccabili. Ogni ingrediente \u00e8 stato rigorosamente selezionato per garantire un&#8217;esperienza di degustazione incomparabile.<\/span><\/p>\n<p>Questo <strong>cofanetto Iraty<\/strong> \u00e8 garantito<strong> senza conservanti, coloranti o additivi.<\/strong><\/p>\n<p>&nbsp;<\/p>\n<h4><strong>Composizione:  <\/strong><\/h4>\n<ul>\n<li><strong>Aperitivo Gourmet con Juran\u00e7on (180g)<\/strong>: <span style=\"font-weight: 400;\">Il vino dolce Juran\u00e7on apporta aromi fruttati e raffinati, perfetti per iniziare bene un aperitivo.<\/span><\/li>\n<li><strong>Aperitivo Gourmet con Armagnac (180g)<\/strong>:<span style=\"font-weight: 400;\">per gli amanti dei sapori pi\u00f9 forti<\/span>.<\/li>\n<li><strong>Aperitivo gourmet con scalogno confit (180g)<\/strong>: un tocco dolce e salato.<\/li>\n<li><strong>Aperitivo al peperoncino Gourmet Espelette (180g<\/strong>): un pizzico di carattere basco.<\/li>\n<li><strong>Aperitivo Gourmet con arancia candita (180g<\/strong>): una delicata nota di limone.<\/li>\n<li><strong>Aperitivo Gourmet con funghi porcini (180g<\/strong>): un&#8217;alleanza raffinata e legnosa.<\/li>\n<\/ul>\n<p>&nbsp;<\/p>\n<h4><strong>Conservazione :<\/strong><\/h4>\n<p>Il Coffret Iraty pu\u00f2 essere conservato per <strong>3 anni a temperatura ambiente<\/strong>, quindi puoi gustarlo quando vuoi. Una volta aperto, ricordati di consumarlo entro 15 giorni e di conservarlo in frigorifero per gustarlo al meglio.<\/p>\n<p>&nbsp;<\/p>\n<h4><b>Preparati a un momento di indulgenza:<\/b><\/h4>\n<p>Leggi tutti i nostri consigli e suggerimenti per la preparazione sul nostro <a href=\"https:\/\/relaisgourmet.com\/es\/blog-foies-gras-actualite\/\"><strong>blog<\/strong><\/a> e sulla nostra <a href=\"https:\/\/www.instagram.com\/relaisgourmetofficiel\/\"><strong>pagina Instagram<\/strong><\/a>.<\/p>\n<p><span style=\"font-weight: 400;\">Che tu stia organizzando un aperitivo chic o una cena conviviale, abbiamo pensato a delle ricette semplici e creative per esaltare al meglio questa selezione unica di Relais Gourmet.<\/span><\/p>\n<p><span style=\"font-weight: 400;\">Il <strong>Coffret Iraty<\/strong> \u00e8 il regalo ideale per ogni occasione di festa. Offri o condividi l&#8217;autenticit\u00e0 e l&#8217;eleganza dei prodotti Relais Gourmet e crea momenti indimenticabili con la gastronomia basca. Con il Coffret Iraty, ogni momento diventa una celebrazione del gusto e della tradizione.<\/span><\/p>\n<p>&nbsp;<\/p>\n","protected":false},"excerpt":{"rendered":"<p>Scopri il Coffret Iraty di Relais Gourmet, l&#8217;alleato ideale per i tuoi aperitivi. Da condividere o regalare per un momento gourmet!<\/p>\n<p><img decoding=\"async\" class=\"emoji\" role=\"img\" src=\"https:\/\/s.w.org\/images\/core\/emoji\/15.0.3\/svg\/1f1eb-1f1f7.svg\" alt=\"\ud83c\uddeb\ud83c\uddf7\">  Garanzia di produzione 100% francese<br \/>\n\u2714 Garantito senza conservanti, additivi o coloranti.<br \/>\n\ud83c\udf43 Anatre alimentate con mais giallo<br \/>\n\ud83d\ude9a Consegna veloce in tutto il mondo<br \/>\n\ud83d\udd53 Si conserva per 3 anni<br \/>\n\ud83d\udd10 Pagamento sicuro<\/p>\n<p>Peso netto: 1,83 kg<\/p>\n","protected":false},"featured_media":58760,"comment_status":"closed","ping_status":"closed","template":"","meta":[],"product_brand":[],"product_cat":[1279,1275],"product_tag":[],"giftcard-category":[],"class_list":{"0":"post-55224","1":"product","2":"type-product","3":"status-publish","4":"has-post-thumbnail","6":"product_cat-regali-gourmet","7":"product_cat-scatole-regalo","9":"first","10":"instock","11":"taxable","12":"shipping-taxable","13":"purchasable","14":"product-type-simple"},"yoast_head":"<!-- This site is optimized with the Yoast SEO Premium plugin v27.0 (Yoast SEO v27.0) - https:\/\/yoast.com\/product\/yoast-seo-premium-wordpress\/ -->\n<title>Cofanetto Iraty con foie gras originale<\/title>\n<meta name=\"description\" content=\"Regala il gusto con la Iraty Box: foie gras e prodotti d\u2019eccellenza in confezione esclusiva.\" \/>\n<meta name=\"robots\" content=\"index, follow, max-snippet:-1, max-image-preview:large, max-video-preview:-1\" \/>\n<link rel=\"canonical\" href=\"https:\/\/relaisgourmet.com\/it\/prodotto\/cofanetto-aranzazu-copie\/\" \/>\n<meta property=\"og:locale\" content=\"it_IT\" \/>\n<meta property=\"og:type\" content=\"article\" \/>\n<meta property=\"og:title\" content=\"Cofanetto Iraty\" \/>\n<meta property=\"og:description\" content=\"Regala il gusto con la Iraty Box: foie gras e prodotti d\u2019eccellenza in confezione esclusiva.\" \/>\n<meta property=\"og:url\" content=\"https:\/\/relaisgourmet.com\/it\/prodotto\/cofanetto-aranzazu-copie\/\" \/>\n<meta property=\"og:site_name\" content=\"Relais Gourmet\" \/>\n<meta property=\"article:publisher\" content=\"https:\/\/facebook.com\/yoast\" \/>\n<meta property=\"article:modified_time\" content=\"2025-12-01T00:17:18+00:00\" \/>\n<meta property=\"og:image\" content=\"https:\/\/relaisgourmet.com\/wp-content\/uploads\/2025\/03\/coffret-entre-amis-3-.jpg\" \/>\n\t<meta property=\"og:image:width\" content=\"200\" \/>\n\t<meta property=\"og:image:height\" content=\"200\" \/>\n\t<meta property=\"og:image:type\" content=\"image\/jpeg\" \/>\n<meta name=\"twitter:card\" content=\"summary_large_image\" \/>\n<meta name=\"twitter:label1\" content=\"Tempo di lettura stimato\" \/>\n\t<meta name=\"twitter:data1\" content=\"2 minuto\" \/>\n<script type=\"application\/ld+json\" class=\"yoast-schema-graph\">{\"@context\":\"https:\/\/schema.org\",\"@graph\":[{\"@type\":\"WebPage\",\"@id\":\"https:\/\/relaisgourmet.com\/it\/prodotto\/cofanetto-aranzazu-copie\/\",\"url\":\"https:\/\/relaisgourmet.com\/it\/prodotto\/cofanetto-aranzazu-copie\/\",\"name\":\"Cofanetto Iraty con foie gras originale\",\"isPartOf\":{\"@id\":\"https:\/\/relaisgourmet.com\/it\/#website\"},\"primaryImageOfPage\":{\"@id\":\"https:\/\/relaisgourmet.com\/it\/prodotto\/cofanetto-aranzazu-copie\/#primaryimage\"},\"image\":{\"@id\":\"https:\/\/relaisgourmet.com\/it\/prodotto\/cofanetto-aranzazu-copie\/#primaryimage\"},\"thumbnailUrl\":\"https:\/\/relaisgourmet.com\/wp-content\/uploads\/2025\/03\/Iraty.jpg\",\"datePublished\":\"2025-03-12T12:15:16+00:00\",\"dateModified\":\"2025-12-01T00:17:18+00:00\",\"description\":\"Regala il gusto con la Iraty Box: foie gras e prodotti d\u2019eccellenza in confezione esclusiva.\",\"breadcrumb\":{\"@id\":\"https:\/\/relaisgourmet.com\/it\/prodotto\/cofanetto-aranzazu-copie\/#breadcrumb\"},\"inLanguage\":\"it-IT\",\"potentialAction\":[{\"@type\":\"ReadAction\",\"target\":[\"https:\/\/relaisgourmet.com\/it\/prodotto\/cofanetto-aranzazu-copie\/\"]}]},{\"@type\":\"ImageObject\",\"inLanguage\":\"it-IT\",\"@id\":\"https:\/\/relaisgourmet.com\/it\/prodotto\/cofanetto-aranzazu-copie\/#primaryimage\",\"url\":\"https:\/\/relaisgourmet.com\/wp-content\/uploads\/2025\/03\/Iraty.jpg\",\"contentUrl\":\"https:\/\/relaisgourmet.com\/wp-content\/uploads\/2025\/03\/Iraty.jpg\",\"width\":1427,\"height\":1427,\"caption\":\"photographe d'entreprise, corporate, packshot, CV pau bearn pays basque\"},{\"@type\":\"BreadcrumbList\",\"@id\":\"https:\/\/relaisgourmet.com\/it\/prodotto\/cofanetto-aranzazu-copie\/#breadcrumb\",\"itemListElement\":[{\"@type\":\"ListItem\",\"position\":1,\"name\":\"Casa\",\"item\":\"https:\/\/relaisgourmet.com\/it\/\"},{\"@type\":\"ListItem\",\"position\":2,\"name\":\"Foie Gras autentico\",\"item\":\"https:\/\/relaisgourmet.com\/it\/foie-gras-autentico\/\"},{\"@type\":\"ListItem\",\"position\":3,\"name\":\"Cofanetto Iraty\"}]},{\"@type\":\"WebSite\",\"@id\":\"https:\/\/relaisgourmet.com\/it\/#website\",\"url\":\"https:\/\/relaisgourmet.com\/it\/\",\"name\":\"Relais Gourmet\",\"description\":\"Maison Gastronomique au Pays-Basque Depuis 2004\",\"publisher\":{\"@id\":\"https:\/\/relaisgourmet.com\/it\/#organization\"},\"potentialAction\":[{\"@type\":\"SearchAction\",\"target\":{\"@type\":\"EntryPoint\",\"urlTemplate\":\"https:\/\/relaisgourmet.com\/it\/?s={search_term_string}\"},\"query-input\":{\"@type\":\"PropertyValueSpecification\",\"valueRequired\":true,\"valueName\":\"search_term_string\"}}],\"inLanguage\":\"it-IT\"},{\"@type\":\"Organization\",\"@id\":\"https:\/\/relaisgourmet.com\/it\/#organization\",\"name\":\"Relais Gourmet\",\"url\":\"https:\/\/relaisgourmet.com\/it\/\",\"logo\":{\"@type\":\"ImageObject\",\"inLanguage\":\"it-IT\",\"@id\":\"https:\/\/relaisgourmet.com\/it\/#\/schema\/logo\/image\/\",\"url\":\"https:\/\/relaisgourmet.com\/wp-content\/uploads\/2024\/11\/Diseno-sin-titulo-8.jpg\",\"contentUrl\":\"https:\/\/relaisgourmet.com\/wp-content\/uploads\/2024\/11\/Diseno-sin-titulo-8.jpg\",\"width\":500,\"height\":500,\"caption\":\"Relais Gourmet\"},\"image\":{\"@id\":\"https:\/\/relaisgourmet.com\/it\/#\/schema\/logo\/image\/\"},\"sameAs\":[\"https:\/\/facebook.com\/yoast\",\"https:\/\/instagram.com\/yoast\"]}]}<\/script>\n<!-- \/ Yoast SEO Premium plugin. -->","yoast_head_json":{"title":"Cofanetto Iraty con foie gras originale","description":"Regala il gusto con la Iraty Box: foie gras e prodotti d\u2019eccellenza in confezione esclusiva.","robots":{"index":"index","follow":"follow","max-snippet":"max-snippet:-1","max-image-preview":"max-image-preview:large","max-video-preview":"max-video-preview:-1"},"canonical":"https:\/\/relaisgourmet.com\/it\/prodotto\/cofanetto-aranzazu-copie\/","og_locale":"it_IT","og_type":"article","og_title":"Cofanetto Iraty","og_description":"Regala il gusto con la Iraty Box: foie gras e prodotti d\u2019eccellenza in confezione esclusiva.","og_url":"https:\/\/relaisgourmet.com\/it\/prodotto\/cofanetto-aranzazu-copie\/","og_site_name":"Relais Gourmet","article_publisher":"https:\/\/facebook.com\/yoast","article_modified_time":"2025-12-01T00:17:18+00:00","og_image":[{"width":200,"height":200,"url":"https:\/\/relaisgourmet.com\/wp-content\/uploads\/2025\/03\/coffret-entre-amis-3-.jpg","type":"image\/jpeg"}],"twitter_card":"summary_large_image","twitter_misc":{"Tempo di lettura stimato":"2 minuto"},"schema":{"@context":"https:\/\/schema.org","@graph":[{"@type":"WebPage","@id":"https:\/\/relaisgourmet.com\/it\/prodotto\/cofanetto-aranzazu-copie\/","url":"https:\/\/relaisgourmet.com\/it\/prodotto\/cofanetto-aranzazu-copie\/","name":"Cofanetto Iraty con foie gras originale","isPartOf":{"@id":"https:\/\/relaisgourmet.com\/it\/#website"},"primaryImageOfPage":{"@id":"https:\/\/relaisgourmet.com\/it\/prodotto\/cofanetto-aranzazu-copie\/#primaryimage"},"image":{"@id":"https:\/\/relaisgourmet.com\/it\/prodotto\/cofanetto-aranzazu-copie\/#primaryimage"},"thumbnailUrl":"https:\/\/relaisgourmet.com\/wp-content\/uploads\/2025\/03\/Iraty.jpg","datePublished":"2025-03-12T12:15:16+00:00","dateModified":"2025-12-01T00:17:18+00:00","description":"Regala il gusto con la Iraty Box: foie gras e prodotti d\u2019eccellenza in confezione esclusiva.","breadcrumb":{"@id":"https:\/\/relaisgourmet.com\/it\/prodotto\/cofanetto-aranzazu-copie\/#breadcrumb"},"inLanguage":"it-IT","potentialAction":[{"@type":"ReadAction","target":["https:\/\/relaisgourmet.com\/it\/prodotto\/cofanetto-aranzazu-copie\/"]}]},{"@type":"ImageObject","inLanguage":"it-IT","@id":"https:\/\/relaisgourmet.com\/it\/prodotto\/cofanetto-aranzazu-copie\/#primaryimage","url":"https:\/\/relaisgourmet.com\/wp-content\/uploads\/2025\/03\/Iraty.jpg","contentUrl":"https:\/\/relaisgourmet.com\/wp-content\/uploads\/2025\/03\/Iraty.jpg","width":1427,"height":1427,"caption":"photographe d'entreprise, corporate, packshot, CV pau bearn pays basque"},{"@type":"BreadcrumbList","@id":"https:\/\/relaisgourmet.com\/it\/prodotto\/cofanetto-aranzazu-copie\/#breadcrumb","itemListElement":[{"@type":"ListItem","position":1,"name":"Casa","item":"https:\/\/relaisgourmet.com\/it\/"},{"@type":"ListItem","position":2,"name":"Foie Gras autentico","item":"https:\/\/relaisgourmet.com\/it\/foie-gras-autentico\/"},{"@type":"ListItem","position":3,"name":"Cofanetto Iraty"}]},{"@type":"WebSite","@id":"https:\/\/relaisgourmet.com\/it\/#website","url":"https:\/\/relaisgourmet.com\/it\/","name":"Relais Gourmet","description":"Maison Gastronomique au Pays-Basque Depuis 2004","publisher":{"@id":"https:\/\/relaisgourmet.com\/it\/#organization"},"potentialAction":[{"@type":"SearchAction","target":{"@type":"EntryPoint","urlTemplate":"https:\/\/relaisgourmet.com\/it\/?s={search_term_string}"},"query-input":{"@type":"PropertyValueSpecification","valueRequired":true,"valueName":"search_term_string"}}],"inLanguage":"it-IT"},{"@type":"Organization","@id":"https:\/\/relaisgourmet.com\/it\/#organization","name":"Relais Gourmet","url":"https:\/\/relaisgourmet.com\/it\/","logo":{"@type":"ImageObject","inLanguage":"it-IT","@id":"https:\/\/relaisgourmet.com\/it\/#\/schema\/logo\/image\/","url":"https:\/\/relaisgourmet.com\/wp-content\/uploads\/2024\/11\/Diseno-sin-titulo-8.jpg","contentUrl":"https:\/\/relaisgourmet.com\/wp-content\/uploads\/2024\/11\/Diseno-sin-titulo-8.jpg","width":500,"height":500,"caption":"Relais Gourmet"},"image":{"@id":"https:\/\/relaisgourmet.com\/it\/#\/schema\/logo\/image\/"},"sameAs":["https:\/\/facebook.com\/yoast","https:\/\/instagram.com\/yoast"]}]}},"_links":{"self":[{"href":"https:\/\/relaisgourmet.com\/it\/wp-json\/wp\/v2\/product\/55224","targetHints":{"allow":["GET"]}}],"collection":[{"href":"https:\/\/relaisgourmet.com\/it\/wp-json\/wp\/v2\/product"}],"about":[{"href":"https:\/\/relaisgourmet.com\/it\/wp-json\/wp\/v2\/types\/product"}],"replies":[{"embeddable":true,"href":"https:\/\/relaisgourmet.com\/it\/wp-json\/wp\/v2\/comments?post=55224"}],"version-history":[{"count":2,"href":"https:\/\/relaisgourmet.com\/it\/wp-json\/wp\/v2\/product\/55224\/revisions"}],"predecessor-version":[{"id":55257,"href":"https:\/\/relaisgourmet.com\/it\/wp-json\/wp\/v2\/product\/55224\/revisions\/55257"}],"wp:featuredmedia":[{"embeddable":true,"href":"https:\/\/relaisgourmet.com\/it\/wp-json\/wp\/v2\/media\/58760"}],"wp:attachment":[{"href":"https:\/\/relaisgourmet.com\/it\/wp-json\/wp\/v2\/media?parent=55224"}],"wp:term":[{"taxonomy":"product_brand","embeddable":true,"href":"https:\/\/relaisgourmet.com\/it\/wp-json\/wp\/v2\/product_brand?post=55224"},{"taxonomy":"product_cat","embeddable":true,"href":"https:\/\/relaisgourmet.com\/it\/wp-json\/wp\/v2\/product_cat?post=55224"},{"taxonomy":"product_tag","embeddable":true,"href":"https:\/\/relaisgourmet.com\/it\/wp-json\/wp\/v2\/product_tag?post=55224"},{"taxonomy":"giftcard-category","embeddable":true,"href":"https:\/\/relaisgourmet.com\/it\/wp-json\/wp\/v2\/giftcard-category?post=55224"}],"curies":[{"name":"wp","href":"https:\/\/api.w.org\/{rel}","templated":true}]}}