{"id":54815,"date":"2023-05-26T13:46:32","date_gmt":"2023-05-26T11:46:32","guid":{"rendered":"https:\/\/relaisgourmet.com\/produit\/confezione-turron-jijona-51\/"},"modified":"2025-04-12T23:05:49","modified_gmt":"2025-04-12T21:05:49","slug":"confezione-turron-jijona-51","status":"publish","type":"product","link":"https:\/\/relaisgourmet.com\/it\/prodotto\/confezione-turron-jijona-51\/","title":{"rendered":"Confezione Turron Jijona (5+1)"},"content":{"rendered":"<h2><strong>Il turron morbido Jijona di Maria Simona \u00e8 realizzato secondo la ricetta tradizionale:<\/strong><\/h2>\n<p>Questa confezione contiene un totale di 6 compresse di Turron Mou di Jijona Maria Simona, al prezzo di sole 5 compresse.<\/p>\n<p>Peso netto: 900 g<\/p>\n<h3><strong>Durata di conservazione  <\/strong><\/h3>\n<p>9 mesi minimo. Conservalo in un luogo fresco e asciutto, al riparo dalla luce e dall&#8217;umidit\u00e0. Una volta aperto, deve essere conservato in frigorifero perch\u00e9 inizia a perdere le sue qualit\u00e0 organolettiche; dopo essere stato messo in frigorifero, il torrone Jijona sar\u00e0 un po&#8217; pi\u00f9 secco.<\/p>\n<h3><strong>Ingredienti della confezione di Turron Jijona  <\/strong><\/h3>\n<p>64% di mandorle tostate, 12% di miele, zucchero, sciroppo di glucosio, albume d&#8217;uovo ed emulsionante: (E-471). Pu\u00f2 contenere tracce di arachidi, sesamo e nocciole.<\/p>\n<p>Questo prodotto \u00e8 privo di glutine e quindi adatto ai celiaci.<\/p>\n<p>Il torrone morbido Maria Simona Jijona ha una <a href=\"https:\/\/www.mapa.gob.es\/es\/alimentacion\/temas\/calidad-diferenciada\/dop-igp\/pana_paste\/IGP_TurronJiJona.aspx\">denominazione d&#8217;origine ed \u00e8 protetto dal Consiglio Regolatore Jijona<\/a>.<\/p>\n<h3>L&#8217;origine di Jijona turron<\/h3>\n<p>Anche se nessuno pu\u00f2 negare lo stretto legame tra la citt\u00e0 di Alicante e questa prelibatezza, in origine era proprio la citt\u00e0 di Alicante a produrre la maggior parte del torrone spagnolo. Il motivo per cui questa piccola citt\u00e0 \u00e8 diventata un punto di riferimento mondiale nella produzione di turroni \u00e8 niente meno che una controversia legale.<\/p>\n<p>Nella Spagna del XVII secolo, il commercio era dominato dalle corporazioni, potenti organizzazioni con diritti esclusivi di concessione di titoli e di fabbricazione di determinati prodotti. Un calzolaio poteva produrre scarpe solo sotto la supervisione della corporazione dei calzolai e un panettiere non esisteva senza la licenza della corporazione dei panettieri.<\/p>\n<p>Questo strano ecosistema ospita i maestri del turron. I turroniers non erano specialisti delle gilde, ma contadini che guadagnavano soldi extra vendendo questa prelibatezza. Questo non piaceva alla corporazione dei pasticceri valenciani, che consideravano il miele e i prodotti zuccherini di loro competenza. Cos\u00ec hanno portato in tribunale i produttori di turroni di Alicante.<\/p>\n<p>Il processo inizi\u00f2 nel 1665 e la disputa continu\u00f2 per 6 anni. Nel 1671, una sentenza del tribunale permise alla corporazione valenciana di prendere il controllo dei turroni di Alicante, il che port\u00f2 alla rapida scomparsa dell&#8217;industria cittadina.<\/p>\n<p>Gli abitanti del piccolo comune di Sexona, oggi Jijona, presero il posto della capitale. Lontano dagli occhi e dall&#8217;influenza della corporazione, gli artigiani locali sono riusciti ad aggirare il divieto di zucchero e miele, affermandosi come la patria dell&#8217;autentico torrone spagnolo.<\/p>\n<h3>Per saperne di pi\u00f9<\/h3>\n<p>Trova tutti i nostri consigli per la preparazione sul <a href=\"https:\/\/mariasimona.com\/\">sito web di Maria Simona<\/a><\/p>\n<p>Non esitare a visitare il nostro blog per scoprire le <a href=\"https:\/\/mariasimona.com\/recetas\/\">nostre deliziose ricette<\/a>.<\/p>\n<p>E per cominciare, perch\u00e9 non provare <a href=\"https:\/\/relaisgourmet.com\/\">il delizioso Relais Gourmet Foies Gras <\/a>?<\/p>\n","protected":false},"excerpt":{"rendered":"<p><strong>Questa confezione contiene un totale di 6 compresse di Turron Mou di Jijona Maria Simona, al prezzo di sole 5 compresse.<\/strong><\/p>\n<p>Il Turron de Jijona \u00e8 un torrone morbido spagnolo a base di mandorle in polvere. \u00c8 di colore marrone chiaro, ha una consistenza liscia e si sbriciola molto facilmente. Una deliziosa miscela di mandorle tostate, zucchero, albume d&#8217;uovo e miele.<\/p>\n<p>Il turron morbido di Maria Simona \u00e8 realizzato secondo la<a href=\"https:\/\/mariasimona.com\/comment-faire-les-turrons\/\"> ricetta tradizionale.<\/a><\/p>\n<p>Utilizziamo solo ingredienti spagnoli di alta qualit\u00e0.<\/p>\n<p>Il nostro turron ha una <a href=\"https:\/\/www.mapa.gob.es\/es\/alimentacion\/temas\/calidad-diferenciada\/dop-igp\/pana_paste\/IGP_TurronJiJona.aspx\">denominazione d&#8217;origine ed \u00e8 protetto dal Consiglio Regolatore di Jijona<\/a>.<\/p>\n","protected":false},"featured_media":58111,"comment_status":"closed","ping_status":"closed","template":"","meta":[],"product_brand":[],"product_cat":[1319,1323,1203],"product_tag":[],"giftcard-category":[],"class_list":{"0":"post-54815","1":"product","2":"type-product","3":"status-publish","4":"has-post-thumbnail","6":"product_cat-pacchetti-di-torrone","7":"product_cat-torroni-classici","8":"product_cat-turrones","9":"product_shipping_class-standard-it","11":"first","12":"instock","13":"taxable","14":"shipping-taxable","15":"purchasable","16":"product-type-simple"},"yoast_head":"<!-- This site is optimized with the Yoast SEO Premium plugin v27.0 (Yoast SEO v27.0) - https:\/\/yoast.com\/product\/yoast-seo-premium-wordpress\/ -->\n<title>Pack Turr\u00f3n Jijona artigianale 5+1 gratis<\/title>\n<meta name=\"description\" content=\"Il Pack Turron Jijona (5+1) \u00e8 perfetto per i golosi alla ricerca del vero torrone spagnolo.\" \/>\n<meta name=\"robots\" content=\"index, follow, max-snippet:-1, max-image-preview:large, max-video-preview:-1\" \/>\n<link rel=\"canonical\" href=\"https:\/\/relaisgourmet.com\/it\/prodotto\/confezione-turron-jijona-51\/\" \/>\n<meta property=\"og:locale\" content=\"it_IT\" \/>\n<meta property=\"og:type\" content=\"article\" \/>\n<meta property=\"og:title\" content=\"Confezione Turron Jijona (5+1)\" \/>\n<meta property=\"og:description\" content=\"Il Pack Turron Jijona (5+1) \u00e8 perfetto per i golosi alla ricerca del vero torrone spagnolo.\" \/>\n<meta property=\"og:url\" content=\"https:\/\/relaisgourmet.com\/it\/prodotto\/confezione-turron-jijona-51\/\" \/>\n<meta property=\"og:site_name\" content=\"Relais Gourmet\" \/>\n<meta property=\"article:publisher\" content=\"https:\/\/facebook.com\/yoast\" \/>\n<meta property=\"article:modified_time\" content=\"2025-04-12T21:05:49+00:00\" \/>\n<meta property=\"og:image\" content=\"https:\/\/relaisgourmet.com\/wp-content\/uploads\/2024\/09\/JIJONA-5-UNIDADES-1.jpg\" \/>\n\t<meta property=\"og:image:width\" content=\"600\" \/>\n\t<meta property=\"og:image:height\" content=\"600\" \/>\n\t<meta property=\"og:image:type\" content=\"image\/jpeg\" \/>\n<meta name=\"twitter:card\" content=\"summary_large_image\" \/>\n<meta name=\"twitter:label1\" content=\"Tempo di lettura stimato\" \/>\n\t<meta name=\"twitter:data1\" content=\"2 minuto\" \/>\n<script type=\"application\/ld+json\" class=\"yoast-schema-graph\">{\"@context\":\"https:\/\/schema.org\",\"@graph\":[{\"@type\":\"WebPage\",\"@id\":\"https:\/\/relaisgourmet.com\/it\/prodotto\/confezione-turron-jijona-51\/\",\"url\":\"https:\/\/relaisgourmet.com\/it\/prodotto\/confezione-turron-jijona-51\/\",\"name\":\"Pack Turr\u00f3n Jijona artigianale 5+1 gratis\",\"isPartOf\":{\"@id\":\"https:\/\/relaisgourmet.com\/it\/#website\"},\"primaryImageOfPage\":{\"@id\":\"https:\/\/relaisgourmet.com\/it\/prodotto\/confezione-turron-jijona-51\/#primaryimage\"},\"image\":{\"@id\":\"https:\/\/relaisgourmet.com\/it\/prodotto\/confezione-turron-jijona-51\/#primaryimage\"},\"thumbnailUrl\":\"https:\/\/relaisgourmet.com\/wp-content\/uploads\/2023\/05\/Pack-de-6-Jijona-pyramide-min.png\",\"datePublished\":\"2023-05-26T11:46:32+00:00\",\"dateModified\":\"2025-04-12T21:05:49+00:00\",\"description\":\"Il Pack Turron Jijona (5+1) \u00e8 perfetto per i golosi alla ricerca del vero torrone spagnolo.\",\"breadcrumb\":{\"@id\":\"https:\/\/relaisgourmet.com\/it\/prodotto\/confezione-turron-jijona-51\/#breadcrumb\"},\"inLanguage\":\"it-IT\",\"potentialAction\":[{\"@type\":\"ReadAction\",\"target\":[\"https:\/\/relaisgourmet.com\/it\/prodotto\/confezione-turron-jijona-51\/\"]}]},{\"@type\":\"ImageObject\",\"inLanguage\":\"it-IT\",\"@id\":\"https:\/\/relaisgourmet.com\/it\/prodotto\/confezione-turron-jijona-51\/#primaryimage\",\"url\":\"https:\/\/relaisgourmet.com\/wp-content\/uploads\/2023\/05\/Pack-de-6-Jijona-pyramide-min.png\",\"contentUrl\":\"https:\/\/relaisgourmet.com\/wp-content\/uploads\/2023\/05\/Pack-de-6-Jijona-pyramide-min.png\",\"width\":1000,\"height\":1000},{\"@type\":\"BreadcrumbList\",\"@id\":\"https:\/\/relaisgourmet.com\/it\/prodotto\/confezione-turron-jijona-51\/#breadcrumb\",\"itemListElement\":[{\"@type\":\"ListItem\",\"position\":1,\"name\":\"Casa\",\"item\":\"https:\/\/relaisgourmet.com\/it\/\"},{\"@type\":\"ListItem\",\"position\":2,\"name\":\"Foie Gras autentico\",\"item\":\"https:\/\/relaisgourmet.com\/it\/foie-gras-autentico\/\"},{\"@type\":\"ListItem\",\"position\":3,\"name\":\"Confezione Turron Jijona (5+1)\"}]},{\"@type\":\"WebSite\",\"@id\":\"https:\/\/relaisgourmet.com\/it\/#website\",\"url\":\"https:\/\/relaisgourmet.com\/it\/\",\"name\":\"Relais Gourmet\",\"description\":\"Maison Gastronomique au Pays-Basque Depuis 2004\",\"publisher\":{\"@id\":\"https:\/\/relaisgourmet.com\/it\/#organization\"},\"potentialAction\":[{\"@type\":\"SearchAction\",\"target\":{\"@type\":\"EntryPoint\",\"urlTemplate\":\"https:\/\/relaisgourmet.com\/it\/?s={search_term_string}\"},\"query-input\":{\"@type\":\"PropertyValueSpecification\",\"valueRequired\":true,\"valueName\":\"search_term_string\"}}],\"inLanguage\":\"it-IT\"},{\"@type\":\"Organization\",\"@id\":\"https:\/\/relaisgourmet.com\/it\/#organization\",\"name\":\"Relais Gourmet\",\"url\":\"https:\/\/relaisgourmet.com\/it\/\",\"logo\":{\"@type\":\"ImageObject\",\"inLanguage\":\"it-IT\",\"@id\":\"https:\/\/relaisgourmet.com\/it\/#\/schema\/logo\/image\/\",\"url\":\"https:\/\/relaisgourmet.com\/wp-content\/uploads\/2024\/11\/Diseno-sin-titulo-8.jpg\",\"contentUrl\":\"https:\/\/relaisgourmet.com\/wp-content\/uploads\/2024\/11\/Diseno-sin-titulo-8.jpg\",\"width\":500,\"height\":500,\"caption\":\"Relais Gourmet\"},\"image\":{\"@id\":\"https:\/\/relaisgourmet.com\/it\/#\/schema\/logo\/image\/\"},\"sameAs\":[\"https:\/\/facebook.com\/yoast\",\"https:\/\/instagram.com\/yoast\"]}]}<\/script>\n<!-- \/ Yoast SEO Premium plugin. -->","yoast_head_json":{"title":"Pack Turr\u00f3n Jijona artigianale 5+1 gratis","description":"Il Pack Turron Jijona (5+1) \u00e8 perfetto per i golosi alla ricerca del vero torrone spagnolo.","robots":{"index":"index","follow":"follow","max-snippet":"max-snippet:-1","max-image-preview":"max-image-preview:large","max-video-preview":"max-video-preview:-1"},"canonical":"https:\/\/relaisgourmet.com\/it\/prodotto\/confezione-turron-jijona-51\/","og_locale":"it_IT","og_type":"article","og_title":"Confezione Turron Jijona (5+1)","og_description":"Il Pack Turron Jijona (5+1) \u00e8 perfetto per i golosi alla ricerca del vero torrone spagnolo.","og_url":"https:\/\/relaisgourmet.com\/it\/prodotto\/confezione-turron-jijona-51\/","og_site_name":"Relais Gourmet","article_publisher":"https:\/\/facebook.com\/yoast","article_modified_time":"2025-04-12T21:05:49+00:00","og_image":[{"width":600,"height":600,"url":"https:\/\/relaisgourmet.com\/wp-content\/uploads\/2024\/09\/JIJONA-5-UNIDADES-1.jpg","type":"image\/jpeg"}],"twitter_card":"summary_large_image","twitter_misc":{"Tempo di lettura stimato":"2 minuto"},"schema":{"@context":"https:\/\/schema.org","@graph":[{"@type":"WebPage","@id":"https:\/\/relaisgourmet.com\/it\/prodotto\/confezione-turron-jijona-51\/","url":"https:\/\/relaisgourmet.com\/it\/prodotto\/confezione-turron-jijona-51\/","name":"Pack Turr\u00f3n Jijona artigianale 5+1 gratis","isPartOf":{"@id":"https:\/\/relaisgourmet.com\/it\/#website"},"primaryImageOfPage":{"@id":"https:\/\/relaisgourmet.com\/it\/prodotto\/confezione-turron-jijona-51\/#primaryimage"},"image":{"@id":"https:\/\/relaisgourmet.com\/it\/prodotto\/confezione-turron-jijona-51\/#primaryimage"},"thumbnailUrl":"https:\/\/relaisgourmet.com\/wp-content\/uploads\/2023\/05\/Pack-de-6-Jijona-pyramide-min.png","datePublished":"2023-05-26T11:46:32+00:00","dateModified":"2025-04-12T21:05:49+00:00","description":"Il Pack Turron Jijona (5+1) \u00e8 perfetto per i golosi alla ricerca del vero torrone spagnolo.","breadcrumb":{"@id":"https:\/\/relaisgourmet.com\/it\/prodotto\/confezione-turron-jijona-51\/#breadcrumb"},"inLanguage":"it-IT","potentialAction":[{"@type":"ReadAction","target":["https:\/\/relaisgourmet.com\/it\/prodotto\/confezione-turron-jijona-51\/"]}]},{"@type":"ImageObject","inLanguage":"it-IT","@id":"https:\/\/relaisgourmet.com\/it\/prodotto\/confezione-turron-jijona-51\/#primaryimage","url":"https:\/\/relaisgourmet.com\/wp-content\/uploads\/2023\/05\/Pack-de-6-Jijona-pyramide-min.png","contentUrl":"https:\/\/relaisgourmet.com\/wp-content\/uploads\/2023\/05\/Pack-de-6-Jijona-pyramide-min.png","width":1000,"height":1000},{"@type":"BreadcrumbList","@id":"https:\/\/relaisgourmet.com\/it\/prodotto\/confezione-turron-jijona-51\/#breadcrumb","itemListElement":[{"@type":"ListItem","position":1,"name":"Casa","item":"https:\/\/relaisgourmet.com\/it\/"},{"@type":"ListItem","position":2,"name":"Foie Gras autentico","item":"https:\/\/relaisgourmet.com\/it\/foie-gras-autentico\/"},{"@type":"ListItem","position":3,"name":"Confezione Turron Jijona (5+1)"}]},{"@type":"WebSite","@id":"https:\/\/relaisgourmet.com\/it\/#website","url":"https:\/\/relaisgourmet.com\/it\/","name":"Relais Gourmet","description":"Maison Gastronomique au Pays-Basque Depuis 2004","publisher":{"@id":"https:\/\/relaisgourmet.com\/it\/#organization"},"potentialAction":[{"@type":"SearchAction","target":{"@type":"EntryPoint","urlTemplate":"https:\/\/relaisgourmet.com\/it\/?s={search_term_string}"},"query-input":{"@type":"PropertyValueSpecification","valueRequired":true,"valueName":"search_term_string"}}],"inLanguage":"it-IT"},{"@type":"Organization","@id":"https:\/\/relaisgourmet.com\/it\/#organization","name":"Relais Gourmet","url":"https:\/\/relaisgourmet.com\/it\/","logo":{"@type":"ImageObject","inLanguage":"it-IT","@id":"https:\/\/relaisgourmet.com\/it\/#\/schema\/logo\/image\/","url":"https:\/\/relaisgourmet.com\/wp-content\/uploads\/2024\/11\/Diseno-sin-titulo-8.jpg","contentUrl":"https:\/\/relaisgourmet.com\/wp-content\/uploads\/2024\/11\/Diseno-sin-titulo-8.jpg","width":500,"height":500,"caption":"Relais Gourmet"},"image":{"@id":"https:\/\/relaisgourmet.com\/it\/#\/schema\/logo\/image\/"},"sameAs":["https:\/\/facebook.com\/yoast","https:\/\/instagram.com\/yoast"]}]}},"_links":{"self":[{"href":"https:\/\/relaisgourmet.com\/it\/wp-json\/wp\/v2\/product\/54815","targetHints":{"allow":["GET"]}}],"collection":[{"href":"https:\/\/relaisgourmet.com\/it\/wp-json\/wp\/v2\/product"}],"about":[{"href":"https:\/\/relaisgourmet.com\/it\/wp-json\/wp\/v2\/types\/product"}],"replies":[{"embeddable":true,"href":"https:\/\/relaisgourmet.com\/it\/wp-json\/wp\/v2\/comments?post=54815"}],"version-history":[{"count":0,"href":"https:\/\/relaisgourmet.com\/it\/wp-json\/wp\/v2\/product\/54815\/revisions"}],"wp:featuredmedia":[{"embeddable":true,"href":"https:\/\/relaisgourmet.com\/it\/wp-json\/wp\/v2\/media\/58111"}],"wp:attachment":[{"href":"https:\/\/relaisgourmet.com\/it\/wp-json\/wp\/v2\/media?parent=54815"}],"wp:term":[{"taxonomy":"product_brand","embeddable":true,"href":"https:\/\/relaisgourmet.com\/it\/wp-json\/wp\/v2\/product_brand?post=54815"},{"taxonomy":"product_cat","embeddable":true,"href":"https:\/\/relaisgourmet.com\/it\/wp-json\/wp\/v2\/product_cat?post=54815"},{"taxonomy":"product_tag","embeddable":true,"href":"https:\/\/relaisgourmet.com\/it\/wp-json\/wp\/v2\/product_tag?post=54815"},{"taxonomy":"giftcard-category","embeddable":true,"href":"https:\/\/relaisgourmet.com\/it\/wp-json\/wp\/v2\/giftcard-category?post=54815"}],"curies":[{"name":"wp","href":"https:\/\/api.w.org\/{rel}","templated":true}]}}