{"id":47017,"date":"2024-09-11T10:36:44","date_gmt":"2024-09-11T08:36:44","guid":{"rendered":"https:\/\/relaisgourmet.com\/produit\/coffret-atxuria\/"},"modified":"2025-04-12T23:05:49","modified_gmt":"2025-04-12T21:05:49","slug":"cofano-atxuria","status":"publish","type":"product","link":"https:\/\/relaisgourmet.com\/it\/prodotto\/cofano-atxuria\/","title":{"rendered":"Cofanetto Atxuria"},"content":{"rendered":"<p><b>Scopri il set regalo Atxuria: il regalo perfetto per i buongustai<\/b><\/p>\n<p><span style=\"font-weight: 400;\">Il <\/span><b>Set regalo Atxuria<\/b><span style=\"font-weight: 400;\"> \u00e8 molto pi\u00f9 di una semplice selezione di prodotti: \u00e8 un invito a condividere momenti di piacere e convivialit\u00e0. <\/span> <span style=\"font-weight: 400;\">Questo cofanetto di <b>Relais Gourmet <\/b>\u00e8 ideale per accompagnare i tuoi aperitivi e creare ricordi memorabili con i tuoi cari.<strong> <\/strong>soddisfa tutte le aspettative dei buongustai. La sua composizione \u00e8 stata accuratamente selezionata per offrire un&#8217;esperienza gustativa unica, sottolineando la qualit\u00e0 senza compromessi.<\/span><\/p>\n<p><span style=\"font-weight: 400;\">Il set regalo Atxuria \u00e8 garantito <strong>senza conservanti, coloranti o additivi.<\/strong><\/span><\/p>\n<p>&nbsp;<\/p>\n<p><b>Composizione del set Atxuria:<\/b><\/p>\n<ul>\n<li style=\"font-weight: 400;\" aria-level=\"1\"><b>Foie Gras naturale intero (80 g)<\/b><span style=\"font-weight: 400;\"> Il classico essenziale, puro e delicato.<\/span><\/li>\n<li style=\"font-weight: 400;\" aria-level=\"1\"><b>Quintessenza di Foie Gras con Magret affumicato (180 g)<\/b><span style=\"font-weight: 400;\"> Una fusione di sapori che delizier\u00e0 gli amanti dei contrasti.<\/span><\/li>\n<li style=\"font-weight: 400;\" aria-level=\"1\"><b>Bottiglia di vino bianco Monbazillac (750 ml)<\/b><span style=\"font-weight: 400;\"> L&#8217;accompagnamento perfetto per questi piatti eccezionali.<\/span><\/li>\n<\/ul>\n<p>&nbsp;<\/p>\n<p><strong>Conservazione :<\/strong><\/p>\n<p><span style=\"font-weight: 400;\">3 anni a temperatura ambiente, in modo da poterlo gustare a proprio piacimento. Una volta aperto, ricordati di consumarlo entro 15 giorni e di conservarlo in frigorifero per gustarlo al meglio.<\/span><\/p>\n<p>&nbsp;<\/p>\n<p><b>Preparati a un momento di indulgenza:<\/b><\/p>\n<p><span style=\"font-weight: 400;\">Leggi i nostri suggerimenti e consigli per una preparazione perfetta nella sezione <\/span><a href=\"https:\/\/relaisgourmet.com\/blog-foies-gras-actualite\/\"><b>Blog<\/b><\/a><span style=\"font-weight: 400;\">  e sulla nostra pagina <a href=\"https:\/\/www.instagram.com\/relaisgourmetofficiel\/\">Instagram<\/a>. Qui di seguito ti diamo alcune idee di presentazione per aiutarti a sfruttare al meglio il tuo  <\/span><b>Set regalo Atxuria<\/b><span style=\"font-weight: 400;\"> per i tuoi aperitivi o pasti festivi.<\/span><\/p>\n<p><span style=\"font-weight: 400;\">Il<\/span> <b>Cofanetto Atxuria<\/b><span style=\"font-weight: 400;\">  \u00e8 un mix perfetto di tradizione e modernit\u00e0, un&#8217;esplosione di sapori che delizier\u00e0 i palati pi\u00f9 esigenti. Non aspettare oltre per scoprire o offrire questa meraviglia gastronomica!<\/span><\/p>\n","protected":false},"excerpt":{"rendered":"<p>Il Set regalo Atxuria di Relais Gourmet, una selezione gourmet e raffinata, perfetta per condividere momenti di convivialit\u00e0 e soddisfare i palati pi\u00f9 esigenti.<\/p>\n<p><img decoding=\"async\" class=\"emoji\" role=\"img\" src=\"https:\/\/s.w.org\/images\/core\/emoji\/15.0.3\/svg\/1f1eb-1f1f7.svg\" alt=\"\ud83c\uddeb\ud83c\uddf7\">  Garanzia di produzione 100% francese<br \/>\n\u2714 Garantito senza conservanti, additivi o coloranti.<br \/>\n\ud83c\udf43 Anatre alimentate con mais giallo<br \/>\n\ud83d\ude9a Consegna veloce in tutto il mondo<br \/>\n\ud83d\udd53 Si conserva per 3 anni<br \/>\n\ud83d\udd10 Pagamento sicuro<\/p>\n<p>Peso netto: 1,13 kg<\/p>\n","protected":false},"featured_media":58802,"comment_status":"closed","ping_status":"closed","template":"","meta":[],"product_brand":[],"product_cat":[1279,1275],"product_tag":[],"giftcard-category":[],"class_list":{"0":"post-47017","1":"product","2":"type-product","3":"status-publish","4":"has-post-thumbnail","6":"product_cat-regali-gourmet","7":"product_cat-scatole-regalo","8":"product_shipping_class-standard-it","10":"first","11":"instock","12":"sale","13":"taxable","14":"shipping-taxable","15":"purchasable","16":"product-type-simple"},"yoast_head":"<!-- This site is optimized with the Yoast SEO Premium plugin v27.0 (Yoast SEO v27.0) - https:\/\/yoast.com\/product\/yoast-seo-premium-wordpress\/ -->\n<title>Cofanetto Atxuria: gusto e qualit\u00e0<\/title>\n<meta name=\"description\" content=\"Il Cofanetto Atxuria \u00e8 pensato per sorprendere con sapori intensi e raffinati.\" \/>\n<meta name=\"robots\" content=\"index, follow, max-snippet:-1, max-image-preview:large, max-video-preview:-1\" \/>\n<link rel=\"canonical\" href=\"https:\/\/relaisgourmet.com\/it\/prodotto\/cofano-atxuria\/\" \/>\n<meta property=\"og:locale\" content=\"it_IT\" \/>\n<meta property=\"og:type\" content=\"article\" \/>\n<meta property=\"og:title\" content=\"Cofanetto Atxuria\" \/>\n<meta property=\"og:description\" content=\"Il Cofanetto Atxuria \u00e8 pensato per sorprendere con sapori intensi e raffinati.\" \/>\n<meta property=\"og:url\" content=\"https:\/\/relaisgourmet.com\/it\/prodotto\/cofano-atxuria\/\" \/>\n<meta property=\"og:site_name\" content=\"Relais Gourmet\" \/>\n<meta property=\"article:publisher\" content=\"https:\/\/facebook.com\/yoast\" \/>\n<meta property=\"article:modified_time\" content=\"2025-04-12T21:05:49+00:00\" \/>\n<meta property=\"og:image\" content=\"https:\/\/relaisgourmet.com\/wp-content\/uploads\/2024\/09\/coffret504-1.jpg\" \/>\n\t<meta property=\"og:image:width\" content=\"2500\" \/>\n\t<meta property=\"og:image:height\" content=\"1667\" \/>\n\t<meta property=\"og:image:type\" content=\"image\/jpeg\" \/>\n<meta name=\"twitter:card\" content=\"summary_large_image\" \/>\n<meta name=\"twitter:label1\" content=\"Tempo di lettura stimato\" \/>\n\t<meta name=\"twitter:data1\" content=\"2 minuto\" \/>\n<script type=\"application\/ld+json\" class=\"yoast-schema-graph\">{\"@context\":\"https:\/\/schema.org\",\"@graph\":[{\"@type\":\"WebPage\",\"@id\":\"https:\/\/relaisgourmet.com\/it\/prodotto\/cofano-atxuria\/\",\"url\":\"https:\/\/relaisgourmet.com\/it\/prodotto\/cofano-atxuria\/\",\"name\":\"Cofanetto Atxuria: gusto e qualit\u00e0\",\"isPartOf\":{\"@id\":\"https:\/\/relaisgourmet.com\/it\/#website\"},\"primaryImageOfPage\":{\"@id\":\"https:\/\/relaisgourmet.com\/it\/prodotto\/cofano-atxuria\/#primaryimage\"},\"image\":{\"@id\":\"https:\/\/relaisgourmet.com\/it\/prodotto\/cofano-atxuria\/#primaryimage\"},\"thumbnailUrl\":\"https:\/\/relaisgourmet.com\/wp-content\/uploads\/2024\/09\/Atxuria.jpg\",\"datePublished\":\"2024-09-11T08:36:44+00:00\",\"dateModified\":\"2025-04-12T21:05:49+00:00\",\"description\":\"Il Cofanetto Atxuria \u00e8 pensato per sorprendere con sapori intensi e raffinati.\",\"breadcrumb\":{\"@id\":\"https:\/\/relaisgourmet.com\/it\/prodotto\/cofano-atxuria\/#breadcrumb\"},\"inLanguage\":\"it-IT\",\"potentialAction\":[{\"@type\":\"ReadAction\",\"target\":[\"https:\/\/relaisgourmet.com\/it\/prodotto\/cofano-atxuria\/\"]}]},{\"@type\":\"ImageObject\",\"inLanguage\":\"it-IT\",\"@id\":\"https:\/\/relaisgourmet.com\/it\/prodotto\/cofano-atxuria\/#primaryimage\",\"url\":\"https:\/\/relaisgourmet.com\/wp-content\/uploads\/2024\/09\/Atxuria.jpg\",\"contentUrl\":\"https:\/\/relaisgourmet.com\/wp-content\/uploads\/2024\/09\/Atxuria.jpg\",\"width\":1427,\"height\":1427,\"caption\":\"photographe d'entreprise, corporate, packshot, CV pau bearn pays basque\"},{\"@type\":\"BreadcrumbList\",\"@id\":\"https:\/\/relaisgourmet.com\/it\/prodotto\/cofano-atxuria\/#breadcrumb\",\"itemListElement\":[{\"@type\":\"ListItem\",\"position\":1,\"name\":\"Casa\",\"item\":\"https:\/\/relaisgourmet.com\/it\/\"},{\"@type\":\"ListItem\",\"position\":2,\"name\":\"Foie Gras autentico\",\"item\":\"https:\/\/relaisgourmet.com\/it\/foie-gras-autentico\/\"},{\"@type\":\"ListItem\",\"position\":3,\"name\":\"Cofanetto Atxuria\"}]},{\"@type\":\"WebSite\",\"@id\":\"https:\/\/relaisgourmet.com\/it\/#website\",\"url\":\"https:\/\/relaisgourmet.com\/it\/\",\"name\":\"Relais Gourmet\",\"description\":\"Maison Gastronomique au Pays-Basque Depuis 2004\",\"publisher\":{\"@id\":\"https:\/\/relaisgourmet.com\/it\/#organization\"},\"potentialAction\":[{\"@type\":\"SearchAction\",\"target\":{\"@type\":\"EntryPoint\",\"urlTemplate\":\"https:\/\/relaisgourmet.com\/it\/?s={search_term_string}\"},\"query-input\":{\"@type\":\"PropertyValueSpecification\",\"valueRequired\":true,\"valueName\":\"search_term_string\"}}],\"inLanguage\":\"it-IT\"},{\"@type\":\"Organization\",\"@id\":\"https:\/\/relaisgourmet.com\/it\/#organization\",\"name\":\"Relais Gourmet\",\"url\":\"https:\/\/relaisgourmet.com\/it\/\",\"logo\":{\"@type\":\"ImageObject\",\"inLanguage\":\"it-IT\",\"@id\":\"https:\/\/relaisgourmet.com\/it\/#\/schema\/logo\/image\/\",\"url\":\"https:\/\/relaisgourmet.com\/wp-content\/uploads\/2024\/11\/Diseno-sin-titulo-8.jpg\",\"contentUrl\":\"https:\/\/relaisgourmet.com\/wp-content\/uploads\/2024\/11\/Diseno-sin-titulo-8.jpg\",\"width\":500,\"height\":500,\"caption\":\"Relais Gourmet\"},\"image\":{\"@id\":\"https:\/\/relaisgourmet.com\/it\/#\/schema\/logo\/image\/\"},\"sameAs\":[\"https:\/\/facebook.com\/yoast\",\"https:\/\/instagram.com\/yoast\"]}]}<\/script>\n<!-- \/ Yoast SEO Premium plugin. -->","yoast_head_json":{"title":"Cofanetto Atxuria: gusto e qualit\u00e0","description":"Il Cofanetto Atxuria \u00e8 pensato per sorprendere con sapori intensi e raffinati.","robots":{"index":"index","follow":"follow","max-snippet":"max-snippet:-1","max-image-preview":"max-image-preview:large","max-video-preview":"max-video-preview:-1"},"canonical":"https:\/\/relaisgourmet.com\/it\/prodotto\/cofano-atxuria\/","og_locale":"it_IT","og_type":"article","og_title":"Cofanetto Atxuria","og_description":"Il Cofanetto Atxuria \u00e8 pensato per sorprendere con sapori intensi e raffinati.","og_url":"https:\/\/relaisgourmet.com\/it\/prodotto\/cofano-atxuria\/","og_site_name":"Relais Gourmet","article_publisher":"https:\/\/facebook.com\/yoast","article_modified_time":"2025-04-12T21:05:49+00:00","og_image":[{"width":2500,"height":1667,"url":"https:\/\/relaisgourmet.com\/wp-content\/uploads\/2024\/09\/coffret504-1.jpg","type":"image\/jpeg"}],"twitter_card":"summary_large_image","twitter_misc":{"Tempo di lettura stimato":"2 minuto"},"schema":{"@context":"https:\/\/schema.org","@graph":[{"@type":"WebPage","@id":"https:\/\/relaisgourmet.com\/it\/prodotto\/cofano-atxuria\/","url":"https:\/\/relaisgourmet.com\/it\/prodotto\/cofano-atxuria\/","name":"Cofanetto Atxuria: gusto e qualit\u00e0","isPartOf":{"@id":"https:\/\/relaisgourmet.com\/it\/#website"},"primaryImageOfPage":{"@id":"https:\/\/relaisgourmet.com\/it\/prodotto\/cofano-atxuria\/#primaryimage"},"image":{"@id":"https:\/\/relaisgourmet.com\/it\/prodotto\/cofano-atxuria\/#primaryimage"},"thumbnailUrl":"https:\/\/relaisgourmet.com\/wp-content\/uploads\/2024\/09\/Atxuria.jpg","datePublished":"2024-09-11T08:36:44+00:00","dateModified":"2025-04-12T21:05:49+00:00","description":"Il Cofanetto Atxuria \u00e8 pensato per sorprendere con sapori intensi e raffinati.","breadcrumb":{"@id":"https:\/\/relaisgourmet.com\/it\/prodotto\/cofano-atxuria\/#breadcrumb"},"inLanguage":"it-IT","potentialAction":[{"@type":"ReadAction","target":["https:\/\/relaisgourmet.com\/it\/prodotto\/cofano-atxuria\/"]}]},{"@type":"ImageObject","inLanguage":"it-IT","@id":"https:\/\/relaisgourmet.com\/it\/prodotto\/cofano-atxuria\/#primaryimage","url":"https:\/\/relaisgourmet.com\/wp-content\/uploads\/2024\/09\/Atxuria.jpg","contentUrl":"https:\/\/relaisgourmet.com\/wp-content\/uploads\/2024\/09\/Atxuria.jpg","width":1427,"height":1427,"caption":"photographe d'entreprise, corporate, packshot, CV pau bearn pays basque"},{"@type":"BreadcrumbList","@id":"https:\/\/relaisgourmet.com\/it\/prodotto\/cofano-atxuria\/#breadcrumb","itemListElement":[{"@type":"ListItem","position":1,"name":"Casa","item":"https:\/\/relaisgourmet.com\/it\/"},{"@type":"ListItem","position":2,"name":"Foie Gras autentico","item":"https:\/\/relaisgourmet.com\/it\/foie-gras-autentico\/"},{"@type":"ListItem","position":3,"name":"Cofanetto Atxuria"}]},{"@type":"WebSite","@id":"https:\/\/relaisgourmet.com\/it\/#website","url":"https:\/\/relaisgourmet.com\/it\/","name":"Relais Gourmet","description":"Maison Gastronomique au Pays-Basque Depuis 2004","publisher":{"@id":"https:\/\/relaisgourmet.com\/it\/#organization"},"potentialAction":[{"@type":"SearchAction","target":{"@type":"EntryPoint","urlTemplate":"https:\/\/relaisgourmet.com\/it\/?s={search_term_string}"},"query-input":{"@type":"PropertyValueSpecification","valueRequired":true,"valueName":"search_term_string"}}],"inLanguage":"it-IT"},{"@type":"Organization","@id":"https:\/\/relaisgourmet.com\/it\/#organization","name":"Relais Gourmet","url":"https:\/\/relaisgourmet.com\/it\/","logo":{"@type":"ImageObject","inLanguage":"it-IT","@id":"https:\/\/relaisgourmet.com\/it\/#\/schema\/logo\/image\/","url":"https:\/\/relaisgourmet.com\/wp-content\/uploads\/2024\/11\/Diseno-sin-titulo-8.jpg","contentUrl":"https:\/\/relaisgourmet.com\/wp-content\/uploads\/2024\/11\/Diseno-sin-titulo-8.jpg","width":500,"height":500,"caption":"Relais Gourmet"},"image":{"@id":"https:\/\/relaisgourmet.com\/it\/#\/schema\/logo\/image\/"},"sameAs":["https:\/\/facebook.com\/yoast","https:\/\/instagram.com\/yoast"]}]}},"_links":{"self":[{"href":"https:\/\/relaisgourmet.com\/it\/wp-json\/wp\/v2\/product\/47017","targetHints":{"allow":["GET"]}}],"collection":[{"href":"https:\/\/relaisgourmet.com\/it\/wp-json\/wp\/v2\/product"}],"about":[{"href":"https:\/\/relaisgourmet.com\/it\/wp-json\/wp\/v2\/types\/product"}],"replies":[{"embeddable":true,"href":"https:\/\/relaisgourmet.com\/it\/wp-json\/wp\/v2\/comments?post=47017"}],"version-history":[{"count":8,"href":"https:\/\/relaisgourmet.com\/it\/wp-json\/wp\/v2\/product\/47017\/revisions"}],"predecessor-version":[{"id":55183,"href":"https:\/\/relaisgourmet.com\/it\/wp-json\/wp\/v2\/product\/47017\/revisions\/55183"}],"wp:featuredmedia":[{"embeddable":true,"href":"https:\/\/relaisgourmet.com\/it\/wp-json\/wp\/v2\/media\/58802"}],"wp:attachment":[{"href":"https:\/\/relaisgourmet.com\/it\/wp-json\/wp\/v2\/media?parent=47017"}],"wp:term":[{"taxonomy":"product_brand","embeddable":true,"href":"https:\/\/relaisgourmet.com\/it\/wp-json\/wp\/v2\/product_brand?post=47017"},{"taxonomy":"product_cat","embeddable":true,"href":"https:\/\/relaisgourmet.com\/it\/wp-json\/wp\/v2\/product_cat?post=47017"},{"taxonomy":"product_tag","embeddable":true,"href":"https:\/\/relaisgourmet.com\/it\/wp-json\/wp\/v2\/product_tag?post=47017"},{"taxonomy":"giftcard-category","embeddable":true,"href":"https:\/\/relaisgourmet.com\/it\/wp-json\/wp\/v2\/giftcard-category?post=47017"}],"curies":[{"name":"wp","href":"https:\/\/api.w.org\/{rel}","templated":true}]}}