{"id":46607,"date":"2024-09-12T11:51:19","date_gmt":"2024-09-12T09:51:19","guid":{"rendered":"https:\/\/relaisgourmet.com\/produit\/coffret-larroun\/"},"modified":"2025-04-12T23:05:39","modified_gmt":"2025-04-12T21:05:39","slug":"cofanetto-larroun","status":"publish","type":"product","link":"https:\/\/relaisgourmet.com\/it\/prodotto\/cofanetto-larroun\/","title":{"rendered":"Cofanetto Larroun"},"content":{"rendered":"<h4><b>Scopri il Set regalo Larroun: l&#8217;essenza del Foie Gras<\/b><\/h4>\n<p><span style=\"font-weight: 400;\">Il <strong>set regalo Larroun<\/strong> \u00e8 un invito a scoprire i sapori unici del <strong>Relais Gourmet<\/strong>. Pensata per arricchire i tuoi aperitivi o i tuoi momenti gourmet in qualsiasi stagione, questa scatola \u00e8 l&#8217;idea regalo ideale per gli amanti della buona cucina. Ogni prodotto di questo cofanetto \u00e8 preparato con cura, garantendo una qualit\u00e0 impeccabile.<\/span><\/p>\n<p><strong>Senza conservanti, coloranti o additivi.<\/strong><\/p>\n<h4><b>Composizione:<\/b><\/h4>\n<ul>\n<li><b>Foie Gras intero con pepe di Espelette<\/b><span style=\"font-weight: 400;\"> (80 g): un tocco piccante e basco.<\/span><\/li>\n<li><b>Foie Gras naturale intero<\/b><span style=\"font-weight: 400;\"> (80 g): la pura essenza del foie gras.<\/span><\/li>\n<li><b>Foie Gras intero all&#8217;Armagnac<\/b><span style=\"font-weight: 400;\"> (80 g): un classico per palati raffinati.<\/span><\/li>\n<li><b>Foie Gras intero con fichi<\/b><span style=\"font-weight: 400;\"> (80 g): una perfetta combinazione di dolce e salato.<\/span><\/li>\n<li><b>Foie Gras intero con Porto<\/b><span style=\"font-weight: 400;\"> (80 g): un matrimonio sottile con questo vino dolce.<\/span><\/li>\n<li><b>Foie Gras intero con limone conservato<\/b><span style=\"font-weight: 400;\"> (80 g): una nota acidula e rinfrescante.<\/span><\/li>\n<li><b>Aperitivo Gourmet con Juran\u00e7on<\/b><span style=\"font-weight: 400;\"> (180 g): il modo perfetto per godersi un pasto in compagnia.<\/span><\/li>\n<\/ul>\n<p>&nbsp;<\/p>\n<h4><b>Consigli per la conservazione e la degustazione:<\/b><\/h4>\n<p><span style=\"font-weight: 400;\">Il <\/span><b>Cofanetto Larroun <\/b> <span style=\"font-weight: 400;\">ha una lunga durata di conservazione di 3 anni a temperatura ambiente. Dopo l&#8217;apertura, i prodotti devono essere consumati entro 15 giorni e conservati in frigorifero per preservarne la freschezza e il sapore.<\/span><\/p>\n<p><b>Consigli per gustare al meglio il tuo Coffret Larroun<\/b><\/p>\n<p><span style=\"font-weight: 400;\">Per approfittare al massimo di <\/span><b>Set regalo Larroun<\/b><span style=\"font-weight: 400;\">scopri i nostri <\/span><b>consigli per la preparazione<\/b><span style=\"font-weight: 400;\"> nella nostra sezione <a href=\"https:\/\/relaisgourmet.com\/blog-foies-gras-actualite\/\">Blog<\/a>. <\/span> <\/p>\n<p><span style=\"font-weight: 400;\">Segui la nostra pagina <a href=\"https:\/\/www.instagram.com\/relaisgourmetofficiel\/\">Instagram<\/a> per ricevere ispirazioni e consigli esclusivi.<\/span><\/p>\n<h4><b>Il regalo gastronomico ideale<\/b><\/h4>\n<p><span style=\"font-weight: 400;\">Offri il <\/span><b>Set regalo Larroun<\/b><span style=\"font-weight: 400;\"> \u00e8 la garanzia di sorprendere i tuoi cari con una raffinata selezione di prodotti gourmet.<\/span><\/p>\n<p><span style=\"font-weight: 400;\">Questo set \u00e8 perfetto per gli amanti del foie gras e della buona cucina.<\/span><\/p>\n<p><span style=\"font-weight: 400;\">Scegliendo il <\/span><b>Set regalo Larroun<\/b><span style=\"font-weight: 400;\">Con Relais Gourmet scegli l&#8217;autenticit\u00e0 e l&#8217;esperienza di Relais Gourmet, specialista del Foie Gras senza conservanti, additivi o coloranti. Regalati o regala agli altri questa selezione esclusiva!<\/span><\/p>\n","protected":false},"excerpt":{"rendered":"<p>Scopri il Set regalo Larroun di Relais Gourmet, ideale per tutte le occasioni, che si tratti di un aperitivo conviviale o di un momento gourmet da condividere. Perfetta come regalo o come regalo!<\/p>\n<p><img decoding=\"async\" class=\"emoji\" role=\"img\" src=\"https:\/\/s.w.org\/images\/core\/emoji\/15.0.3\/svg\/1f1eb-1f1f7.svg\" alt=\"\ud83c\uddeb\ud83c\uddf7\">  Garanzia di produzione 100% francese<br \/>\n\u2714 Garantito senza conservanti, additivi o coloranti.<br \/>\n\ud83c\udf43 Anatre alimentate con mais giallo<br \/>\n\ud83d\ude9a Consegna veloce in tutto il mondo<br \/>\n\ud83d\udd53 Si conserva per 3 anni<br \/>\n\ud83d\udd10 Pagamento sicuro<\/p>\n<div class=\"woocommerce-product-details__short-description\">\n<p>Peso netto: 660g<\/p>\n<\/div>\n","protected":false},"featured_media":58787,"comment_status":"closed","ping_status":"closed","template":"","meta":[],"product_brand":[],"product_cat":[1284,1275],"product_tag":[],"giftcard-category":[],"class_list":{"0":"post-46607","1":"product","2":"type-product","3":"status-publish","4":"has-post-thumbnail","6":"product_cat-regali-di-prestigio","7":"product_cat-scatole-regalo","8":"product_shipping_class-standard-it","10":"first","11":"instock","12":"taxable","13":"shipping-taxable","14":"purchasable","15":"product-type-simple"},"yoast_head":"<!-- This site is optimized with the Yoast SEO Premium plugin v27.0 (Yoast SEO v27.3) - https:\/\/yoast.com\/product\/yoast-seo-premium-wordpress\/ -->\n<title>Cofanetto Larroun con specialit\u00e0 basche<\/title>\n<meta name=\"description\" content=\"Con il Cofanetto Larroun regala un\u2019esperienza di sapori unici e pregiati.\" \/>\n<meta name=\"robots\" content=\"index, follow, max-snippet:-1, max-image-preview:large, max-video-preview:-1\" \/>\n<link rel=\"canonical\" href=\"https:\/\/relaisgourmet.com\/it\/prodotto\/cofanetto-larroun\/\" \/>\n<meta property=\"og:locale\" content=\"it_IT\" \/>\n<meta property=\"og:type\" content=\"article\" \/>\n<meta property=\"og:title\" content=\"Cofanetto Larroun\" \/>\n<meta property=\"og:description\" content=\"Con il Cofanetto Larroun regala un\u2019esperienza di sapori unici e pregiati.\" \/>\n<meta property=\"og:url\" content=\"https:\/\/relaisgourmet.com\/it\/prodotto\/cofanetto-larroun\/\" \/>\n<meta property=\"og:site_name\" content=\"Relais Gourmet\" \/>\n<meta property=\"article:publisher\" content=\"https:\/\/facebook.com\/yoast\" \/>\n<meta property=\"article:modified_time\" content=\"2025-04-12T21:05:39+00:00\" \/>\n<meta property=\"og:image\" content=\"https:\/\/relaisgourmet.com\/wp-content\/uploads\/2024\/09\/coffret-6FG-80-1A-1.jpg\" \/>\n\t<meta property=\"og:image:width\" content=\"2500\" \/>\n\t<meta property=\"og:image:height\" content=\"1667\" \/>\n\t<meta property=\"og:image:type\" content=\"image\/jpeg\" \/>\n<meta name=\"twitter:card\" content=\"summary_large_image\" \/>\n<meta name=\"twitter:label1\" content=\"Tempo di lettura stimato\" \/>\n\t<meta name=\"twitter:data1\" content=\"3 minuto\" \/>\n<script type=\"application\/ld+json\" class=\"yoast-schema-graph\">{\"@context\":\"https:\\\/\\\/schema.org\",\"@graph\":[{\"@type\":\"WebPage\",\"@id\":\"https:\\\/\\\/relaisgourmet.com\\\/it\\\/prodotto\\\/cofanetto-larroun\\\/\",\"url\":\"https:\\\/\\\/relaisgourmet.com\\\/it\\\/prodotto\\\/cofanetto-larroun\\\/\",\"name\":\"Cofanetto Larroun con specialit\u00e0 basche\",\"isPartOf\":{\"@id\":\"https:\\\/\\\/relaisgourmet.com\\\/it\\\/#website\"},\"primaryImageOfPage\":{\"@id\":\"https:\\\/\\\/relaisgourmet.com\\\/it\\\/prodotto\\\/cofanetto-larroun\\\/#primaryimage\"},\"image\":{\"@id\":\"https:\\\/\\\/relaisgourmet.com\\\/it\\\/prodotto\\\/cofanetto-larroun\\\/#primaryimage\"},\"thumbnailUrl\":\"https:\\\/\\\/relaisgourmet.com\\\/wp-content\\\/uploads\\\/2024\\\/09\\\/Larroun.jpg\",\"datePublished\":\"2024-09-12T09:51:19+00:00\",\"dateModified\":\"2025-04-12T21:05:39+00:00\",\"description\":\"Con il Cofanetto Larroun regala un\u2019esperienza di sapori unici e pregiati.\",\"breadcrumb\":{\"@id\":\"https:\\\/\\\/relaisgourmet.com\\\/it\\\/prodotto\\\/cofanetto-larroun\\\/#breadcrumb\"},\"inLanguage\":\"it-IT\",\"potentialAction\":[{\"@type\":\"ReadAction\",\"target\":[\"https:\\\/\\\/relaisgourmet.com\\\/it\\\/prodotto\\\/cofanetto-larroun\\\/\"]}]},{\"@type\":\"ImageObject\",\"inLanguage\":\"it-IT\",\"@id\":\"https:\\\/\\\/relaisgourmet.com\\\/it\\\/prodotto\\\/cofanetto-larroun\\\/#primaryimage\",\"url\":\"https:\\\/\\\/relaisgourmet.com\\\/wp-content\\\/uploads\\\/2024\\\/09\\\/Larroun.jpg\",\"contentUrl\":\"https:\\\/\\\/relaisgourmet.com\\\/wp-content\\\/uploads\\\/2024\\\/09\\\/Larroun.jpg\",\"width\":1427,\"height\":1427,\"caption\":\"photographe d'entreprise, corporate, packshot, CV pau bearn pays basque\"},{\"@type\":\"BreadcrumbList\",\"@id\":\"https:\\\/\\\/relaisgourmet.com\\\/it\\\/prodotto\\\/cofanetto-larroun\\\/#breadcrumb\",\"itemListElement\":[{\"@type\":\"ListItem\",\"position\":1,\"name\":\"Casa\",\"item\":\"https:\\\/\\\/relaisgourmet.com\\\/it\\\/\"},{\"@type\":\"ListItem\",\"position\":2,\"name\":\"Foie Gras autentico\",\"item\":\"https:\\\/\\\/relaisgourmet.com\\\/it\\\/foie-gras-autentico\\\/\"},{\"@type\":\"ListItem\",\"position\":3,\"name\":\"Cofanetto Larroun\"}]},{\"@type\":\"WebSite\",\"@id\":\"https:\\\/\\\/relaisgourmet.com\\\/it\\\/#website\",\"url\":\"https:\\\/\\\/relaisgourmet.com\\\/it\\\/\",\"name\":\"Relais Gourmet\",\"description\":\"Maison Gastronomique au Pays-Basque Depuis 2004\",\"publisher\":{\"@id\":\"https:\\\/\\\/relaisgourmet.com\\\/it\\\/#organization\"},\"potentialAction\":[{\"@type\":\"SearchAction\",\"target\":{\"@type\":\"EntryPoint\",\"urlTemplate\":\"https:\\\/\\\/relaisgourmet.com\\\/it\\\/?s={search_term_string}\"},\"query-input\":{\"@type\":\"PropertyValueSpecification\",\"valueRequired\":true,\"valueName\":\"search_term_string\"}}],\"inLanguage\":\"it-IT\"},{\"@type\":\"Organization\",\"@id\":\"https:\\\/\\\/relaisgourmet.com\\\/it\\\/#organization\",\"name\":\"Relais Gourmet\",\"url\":\"https:\\\/\\\/relaisgourmet.com\\\/it\\\/\",\"logo\":{\"@type\":\"ImageObject\",\"inLanguage\":\"it-IT\",\"@id\":\"https:\\\/\\\/relaisgourmet.com\\\/it\\\/#\\\/schema\\\/logo\\\/image\\\/\",\"url\":\"https:\\\/\\\/relaisgourmet.com\\\/wp-content\\\/uploads\\\/2024\\\/11\\\/Diseno-sin-titulo-8.jpg\",\"contentUrl\":\"https:\\\/\\\/relaisgourmet.com\\\/wp-content\\\/uploads\\\/2024\\\/11\\\/Diseno-sin-titulo-8.jpg\",\"width\":500,\"height\":500,\"caption\":\"Relais Gourmet\"},\"image\":{\"@id\":\"https:\\\/\\\/relaisgourmet.com\\\/it\\\/#\\\/schema\\\/logo\\\/image\\\/\"},\"sameAs\":[\"https:\\\/\\\/facebook.com\\\/yoast\",\"https:\\\/\\\/instagram.com\\\/yoast\"]}]}<\/script>\n<!-- \/ Yoast SEO Premium plugin. -->","yoast_head_json":{"title":"Cofanetto Larroun con specialit\u00e0 basche","description":"Con il Cofanetto Larroun regala un\u2019esperienza di sapori unici e pregiati.","robots":{"index":"index","follow":"follow","max-snippet":"max-snippet:-1","max-image-preview":"max-image-preview:large","max-video-preview":"max-video-preview:-1"},"canonical":"https:\/\/relaisgourmet.com\/it\/prodotto\/cofanetto-larroun\/","og_locale":"it_IT","og_type":"article","og_title":"Cofanetto Larroun","og_description":"Con il Cofanetto Larroun regala un\u2019esperienza di sapori unici e pregiati.","og_url":"https:\/\/relaisgourmet.com\/it\/prodotto\/cofanetto-larroun\/","og_site_name":"Relais Gourmet","article_publisher":"https:\/\/facebook.com\/yoast","article_modified_time":"2025-04-12T21:05:39+00:00","og_image":[{"width":2500,"height":1667,"url":"https:\/\/relaisgourmet.com\/wp-content\/uploads\/2024\/09\/coffret-6FG-80-1A-1.jpg","type":"image\/jpeg"}],"twitter_card":"summary_large_image","twitter_misc":{"Tempo di lettura stimato":"3 minuto"},"schema":{"@context":"https:\/\/schema.org","@graph":[{"@type":"WebPage","@id":"https:\/\/relaisgourmet.com\/it\/prodotto\/cofanetto-larroun\/","url":"https:\/\/relaisgourmet.com\/it\/prodotto\/cofanetto-larroun\/","name":"Cofanetto Larroun con specialit\u00e0 basche","isPartOf":{"@id":"https:\/\/relaisgourmet.com\/it\/#website"},"primaryImageOfPage":{"@id":"https:\/\/relaisgourmet.com\/it\/prodotto\/cofanetto-larroun\/#primaryimage"},"image":{"@id":"https:\/\/relaisgourmet.com\/it\/prodotto\/cofanetto-larroun\/#primaryimage"},"thumbnailUrl":"https:\/\/relaisgourmet.com\/wp-content\/uploads\/2024\/09\/Larroun.jpg","datePublished":"2024-09-12T09:51:19+00:00","dateModified":"2025-04-12T21:05:39+00:00","description":"Con il Cofanetto Larroun regala un\u2019esperienza di sapori unici e pregiati.","breadcrumb":{"@id":"https:\/\/relaisgourmet.com\/it\/prodotto\/cofanetto-larroun\/#breadcrumb"},"inLanguage":"it-IT","potentialAction":[{"@type":"ReadAction","target":["https:\/\/relaisgourmet.com\/it\/prodotto\/cofanetto-larroun\/"]}]},{"@type":"ImageObject","inLanguage":"it-IT","@id":"https:\/\/relaisgourmet.com\/it\/prodotto\/cofanetto-larroun\/#primaryimage","url":"https:\/\/relaisgourmet.com\/wp-content\/uploads\/2024\/09\/Larroun.jpg","contentUrl":"https:\/\/relaisgourmet.com\/wp-content\/uploads\/2024\/09\/Larroun.jpg","width":1427,"height":1427,"caption":"photographe d'entreprise, corporate, packshot, CV pau bearn pays basque"},{"@type":"BreadcrumbList","@id":"https:\/\/relaisgourmet.com\/it\/prodotto\/cofanetto-larroun\/#breadcrumb","itemListElement":[{"@type":"ListItem","position":1,"name":"Casa","item":"https:\/\/relaisgourmet.com\/it\/"},{"@type":"ListItem","position":2,"name":"Foie Gras autentico","item":"https:\/\/relaisgourmet.com\/it\/foie-gras-autentico\/"},{"@type":"ListItem","position":3,"name":"Cofanetto Larroun"}]},{"@type":"WebSite","@id":"https:\/\/relaisgourmet.com\/it\/#website","url":"https:\/\/relaisgourmet.com\/it\/","name":"Relais Gourmet","description":"Maison Gastronomique au Pays-Basque Depuis 2004","publisher":{"@id":"https:\/\/relaisgourmet.com\/it\/#organization"},"potentialAction":[{"@type":"SearchAction","target":{"@type":"EntryPoint","urlTemplate":"https:\/\/relaisgourmet.com\/it\/?s={search_term_string}"},"query-input":{"@type":"PropertyValueSpecification","valueRequired":true,"valueName":"search_term_string"}}],"inLanguage":"it-IT"},{"@type":"Organization","@id":"https:\/\/relaisgourmet.com\/it\/#organization","name":"Relais Gourmet","url":"https:\/\/relaisgourmet.com\/it\/","logo":{"@type":"ImageObject","inLanguage":"it-IT","@id":"https:\/\/relaisgourmet.com\/it\/#\/schema\/logo\/image\/","url":"https:\/\/relaisgourmet.com\/wp-content\/uploads\/2024\/11\/Diseno-sin-titulo-8.jpg","contentUrl":"https:\/\/relaisgourmet.com\/wp-content\/uploads\/2024\/11\/Diseno-sin-titulo-8.jpg","width":500,"height":500,"caption":"Relais Gourmet"},"image":{"@id":"https:\/\/relaisgourmet.com\/it\/#\/schema\/logo\/image\/"},"sameAs":["https:\/\/facebook.com\/yoast","https:\/\/instagram.com\/yoast"]}]}},"_links":{"self":[{"href":"https:\/\/relaisgourmet.com\/it\/wp-json\/wp\/v2\/product\/46607","targetHints":{"allow":["GET"]}}],"collection":[{"href":"https:\/\/relaisgourmet.com\/it\/wp-json\/wp\/v2\/product"}],"about":[{"href":"https:\/\/relaisgourmet.com\/it\/wp-json\/wp\/v2\/types\/product"}],"replies":[{"embeddable":true,"href":"https:\/\/relaisgourmet.com\/it\/wp-json\/wp\/v2\/comments?post=46607"}],"version-history":[{"count":7,"href":"https:\/\/relaisgourmet.com\/it\/wp-json\/wp\/v2\/product\/46607\/revisions"}],"predecessor-version":[{"id":55218,"href":"https:\/\/relaisgourmet.com\/it\/wp-json\/wp\/v2\/product\/46607\/revisions\/55218"}],"wp:featuredmedia":[{"embeddable":true,"href":"https:\/\/relaisgourmet.com\/it\/wp-json\/wp\/v2\/media\/58787"}],"wp:attachment":[{"href":"https:\/\/relaisgourmet.com\/it\/wp-json\/wp\/v2\/media?parent=46607"}],"wp:term":[{"taxonomy":"product_brand","embeddable":true,"href":"https:\/\/relaisgourmet.com\/it\/wp-json\/wp\/v2\/product_brand?post=46607"},{"taxonomy":"product_cat","embeddable":true,"href":"https:\/\/relaisgourmet.com\/it\/wp-json\/wp\/v2\/product_cat?post=46607"},{"taxonomy":"product_tag","embeddable":true,"href":"https:\/\/relaisgourmet.com\/it\/wp-json\/wp\/v2\/product_tag?post=46607"},{"taxonomy":"giftcard-category","embeddable":true,"href":"https:\/\/relaisgourmet.com\/it\/wp-json\/wp\/v2\/giftcard-category?post=46607"}],"curies":[{"name":"wp","href":"https:\/\/api.w.org\/{rel}","templated":true}]}}