{"id":45404,"date":"2024-09-12T12:18:08","date_gmt":"2024-09-12T10:18:08","guid":{"rendered":"https:\/\/relaisgourmet.com\/produit\/coffret-ametzondo\/"},"modified":"2025-04-12T23:05:39","modified_gmt":"2025-04-12T21:05:39","slug":"cofanetto-ametzondo","status":"publish","type":"product","link":"https:\/\/relaisgourmet.com\/it\/prodotto\/cofanetto-ametzondo\/","title":{"rendered":"Cofanetto Ametzondo"},"content":{"rendered":"<p><b>\u00a0Scopri il Cofanetto Ametzondo: Un Viaggio Gastronomico<\/b><\/p>\n<p><span style=\"font-weight: 400;\">Il <\/span><b>Cofanetto Ametzondo<\/b><span style=\"font-weight: 400;\"> \u00e8 molto pi\u00f9 di una semplice confezione gastronomica, \u00e8 un invito a gustare i prodotti pi\u00f9 raffinati di <\/span><b>Relais Gourmet<\/b><span style=\"font-weight: 400;\">. Perfetto per aperitivi estivi o picnic primaverili, questo cofanetto \u00e8 un piacere da regalare o da ricevere.<\/span><\/p>\n<p><b>Un Cofanetto Senza Conservanti<\/b><\/p>\n<p><span style=\"font-weight: 400;\">Da <\/span><b>Relais Gourmet<\/b><span style=\"font-weight: 400;\">, privilegiamo la naturalit\u00e0 dei nostri prodotti. Il <\/span><b>Cofanetto Ametzondo<\/b><span style=\"font-weight: 400;\"> \u00e8 garantito senza conservanti, coloranti o additivi. \u00c8 la garanzia di gustare il foie gras nella sua forma pi\u00f9 pura, senza compromessi sulla qualit\u00e0.<\/span><\/p>\n<p><b>Composizione del Cofanetto Ametzondo<\/b><\/p>\n<p><span style=\"font-weight: 400;\">Il <\/span><b>Cofanetto Ametzondo<\/b><span style=\"font-weight: 400;\"> include una selezione eccezionale di foie gras:<\/span><\/p>\n<ul>\n<li style=\"font-weight: 400;\" aria-level=\"1\"><b>Foie Gras Nature<\/b><span style=\"font-weight: 400;\"> (200 g): per gli amanti dei sapori autentici.<\/span><\/li>\n<li style=\"font-weight: 400;\" aria-level=\"1\"><b>Foie Gras al Tartufo Nero<\/b><span style=\"font-weight: 400;\"> (200 g): una delicata combinazione tra foie gras e il lusso del tartufo.<\/span><\/li>\n<li style=\"font-weight: 400;\" aria-level=\"1\"><b>Foie Gras al Sauternes<\/b><span style=\"font-weight: 400;\"> (200 g): per un sottile equilibrio dolce-salato.<\/span><\/li>\n<li style=\"font-weight: 400;\" aria-level=\"1\"><b>Bottiglia di Champagne<\/b><span style=\"font-weight: 400;\">: ideale per accompagnare queste delizie e rendere l&#8217;esperienza di degustazione unica.<\/span><\/li>\n<li aria-level=\"1\"><strong>1 Lira per Foie Gras (10 g):<\/strong> permette di tagliare delicatamente il foie gras in fette perfette, unendo precisione ed eleganza.<\/li>\n<\/ul>\n<p><b>Conservazione a Lungo Termine<\/b><\/p>\n<p><span style=\"font-weight: 400;\">Il <\/span><b>Cofanetto Ametzondo<\/b><span style=\"font-weight: 400;\"> ha una durata di conservazione di 3 anni a temperatura ambiente. Una volta aperto, consumalo entro 15 giorni e conservalo in frigorifero per mantenere il sapore fresco.<\/span><\/p>\n<p><b>Suggerimenti per la Degustazione<\/b><\/p>\n<p><span style=\"font-weight: 400;\">Vuoi sapere come valorizzare al meglio il tuo foie gras? Trova i nostri consigli e suggerimenti nella sezione Blog e sulla nostra pagina Instagram.<\/span><\/p>\n<p><span style=\"font-weight: 400;\">Il <\/span><b>Cofanetto Ametzondo<\/b><span style=\"font-weight: 400;\"> \u00e8 l&#8217;idea regalo perfetta per gli amanti della gastronomia raffinata. Regala un momento unico di degustazione grazie a questa selezione esclusiva di <\/span><b>Relais Gourmet<\/b><span style=\"font-weight: 400;\">.<\/span><\/p>\n","protected":false},"excerpt":{"rendered":"<p><span style=\"font-weight: 400;\">Da <\/span><b>Relais Gourmet<\/b><span style=\"font-weight: 400;\">, privilegiamo la naturalit\u00e0 dei nostri prodotti. Il <\/span><b>Cofanetto Ametzondo<\/b><span style=\"font-weight: 400;\"> \u00e8 garantito senza conservanti, coloranti o additivi.<\/span><\/p>\n<p><img decoding=\"async\" class=\"emoji\" role=\"img\" draggable=\"false\" src=\"https:\/\/s.w.org\/images\/core\/emoji\/15.0.3\/svg\/1f1eb-1f1f7.svg\" alt=\"\ud83c\uddeb\ud83c\uddf7\" \/>\u00a0Produzione garantita 100% francese<br \/>\n\u2714 Garantito senza conservanti, senza additivi e senza coloranti.<br \/>\n\ud83c\udf43 Anatre nutrite con mais giallo<br \/>\n\ud83d\ude9a Consegna rapida in tutto il mondo<br \/>\n\ud83d\udd53 Conservabile per 3 anni<br \/>\n\ud83d\udd10 Pagamento sicuro<\/p>\n<div class=\"woocommerce-product-details__short-description\">\n<p>Peso neto: 1.36 kg<\/p>\n<\/div>\n","protected":false},"featured_media":40703,"comment_status":"closed","ping_status":"closed","template":"","meta":[],"product_brand":[],"product_cat":[1284,1275],"product_tag":[],"giftcard-category":[],"class_list":{"0":"post-45404","1":"product","2":"type-product","3":"status-publish","4":"has-post-thumbnail","6":"product_cat-regali-di-prestigio","7":"product_cat-scatole-regalo","8":"product_shipping_class-standard-it","10":"first","11":"instock","12":"taxable","13":"shipping-taxable","14":"purchasable","15":"product-type-simple"},"yoast_head":"<!-- This site is optimized with the Yoast SEO Premium plugin v27.0 (Yoast SEO v27.3) - https:\/\/yoast.com\/product\/yoast-seo-premium-wordpress\/ -->\n<title>Cofanetto Ametzondo: selezione basca<\/title>\n<meta name=\"description\" content=\"Ametzondo: la confezione regalo per chi cerca eccellenza e gusto raffinato.\" \/>\n<meta name=\"robots\" content=\"index, follow, max-snippet:-1, max-image-preview:large, max-video-preview:-1\" \/>\n<link rel=\"canonical\" href=\"https:\/\/relaisgourmet.com\/it\/prodotto\/cofanetto-ametzondo\/\" \/>\n<meta property=\"og:locale\" content=\"it_IT\" \/>\n<meta property=\"og:type\" content=\"article\" \/>\n<meta property=\"og:title\" content=\"Cofanetto Ametzondo\" \/>\n<meta property=\"og:description\" content=\"Ametzondo: la confezione regalo per chi cerca eccellenza e gusto raffinato.\" \/>\n<meta property=\"og:url\" content=\"https:\/\/relaisgourmet.com\/it\/prodotto\/cofanetto-ametzondo\/\" \/>\n<meta property=\"og:site_name\" content=\"Relais Gourmet\" \/>\n<meta property=\"article:publisher\" content=\"https:\/\/facebook.com\/yoast\" \/>\n<meta property=\"article:modified_time\" content=\"2025-04-12T21:05:39+00:00\" \/>\n<meta property=\"og:image\" content=\"https:\/\/relaisgourmet.com\/wp-content\/uploads\/2024\/09\/coffret-1003-1.jpg\" \/>\n\t<meta property=\"og:image:width\" content=\"2500\" \/>\n\t<meta property=\"og:image:height\" content=\"1667\" \/>\n\t<meta property=\"og:image:type\" content=\"image\/jpeg\" \/>\n<meta name=\"twitter:card\" content=\"summary_large_image\" \/>\n<meta name=\"twitter:label1\" content=\"Tempo di lettura stimato\" \/>\n\t<meta name=\"twitter:data1\" content=\"2 minuto\" \/>\n<script type=\"application\/ld+json\" class=\"yoast-schema-graph\">{\"@context\":\"https:\\\/\\\/schema.org\",\"@graph\":[{\"@type\":\"WebPage\",\"@id\":\"https:\\\/\\\/relaisgourmet.com\\\/it\\\/prodotto\\\/cofanetto-ametzondo\\\/\",\"url\":\"https:\\\/\\\/relaisgourmet.com\\\/it\\\/prodotto\\\/cofanetto-ametzondo\\\/\",\"name\":\"Cofanetto Ametzondo: selezione basca\",\"isPartOf\":{\"@id\":\"https:\\\/\\\/relaisgourmet.com\\\/it\\\/#website\"},\"primaryImageOfPage\":{\"@id\":\"https:\\\/\\\/relaisgourmet.com\\\/it\\\/prodotto\\\/cofanetto-ametzondo\\\/#primaryimage\"},\"image\":{\"@id\":\"https:\\\/\\\/relaisgourmet.com\\\/it\\\/prodotto\\\/cofanetto-ametzondo\\\/#primaryimage\"},\"thumbnailUrl\":\"https:\\\/\\\/relaisgourmet.com\\\/wp-content\\\/uploads\\\/2024\\\/09\\\/coffret-1003-1.jpg\",\"datePublished\":\"2024-09-12T10:18:08+00:00\",\"dateModified\":\"2025-04-12T21:05:39+00:00\",\"description\":\"Ametzondo: la confezione regalo per chi cerca eccellenza e gusto raffinato.\",\"breadcrumb\":{\"@id\":\"https:\\\/\\\/relaisgourmet.com\\\/it\\\/prodotto\\\/cofanetto-ametzondo\\\/#breadcrumb\"},\"inLanguage\":\"it-IT\",\"potentialAction\":[{\"@type\":\"ReadAction\",\"target\":[\"https:\\\/\\\/relaisgourmet.com\\\/it\\\/prodotto\\\/cofanetto-ametzondo\\\/\"]}]},{\"@type\":\"ImageObject\",\"inLanguage\":\"it-IT\",\"@id\":\"https:\\\/\\\/relaisgourmet.com\\\/it\\\/prodotto\\\/cofanetto-ametzondo\\\/#primaryimage\",\"url\":\"https:\\\/\\\/relaisgourmet.com\\\/wp-content\\\/uploads\\\/2024\\\/09\\\/coffret-1003-1.jpg\",\"contentUrl\":\"https:\\\/\\\/relaisgourmet.com\\\/wp-content\\\/uploads\\\/2024\\\/09\\\/coffret-1003-1.jpg\",\"width\":2500,\"height\":1667,\"caption\":\"photographe d'entreprise, corporate, packshot, CV pau bearn pays basque\"},{\"@type\":\"BreadcrumbList\",\"@id\":\"https:\\\/\\\/relaisgourmet.com\\\/it\\\/prodotto\\\/cofanetto-ametzondo\\\/#breadcrumb\",\"itemListElement\":[{\"@type\":\"ListItem\",\"position\":1,\"name\":\"Casa\",\"item\":\"https:\\\/\\\/relaisgourmet.com\\\/it\\\/\"},{\"@type\":\"ListItem\",\"position\":2,\"name\":\"Foie Gras autentico\",\"item\":\"https:\\\/\\\/relaisgourmet.com\\\/it\\\/foie-gras-autentico\\\/\"},{\"@type\":\"ListItem\",\"position\":3,\"name\":\"Cofanetto Ametzondo\"}]},{\"@type\":\"WebSite\",\"@id\":\"https:\\\/\\\/relaisgourmet.com\\\/it\\\/#website\",\"url\":\"https:\\\/\\\/relaisgourmet.com\\\/it\\\/\",\"name\":\"Relais Gourmet\",\"description\":\"Maison Gastronomique au Pays-Basque Depuis 2004\",\"publisher\":{\"@id\":\"https:\\\/\\\/relaisgourmet.com\\\/it\\\/#organization\"},\"potentialAction\":[{\"@type\":\"SearchAction\",\"target\":{\"@type\":\"EntryPoint\",\"urlTemplate\":\"https:\\\/\\\/relaisgourmet.com\\\/it\\\/?s={search_term_string}\"},\"query-input\":{\"@type\":\"PropertyValueSpecification\",\"valueRequired\":true,\"valueName\":\"search_term_string\"}}],\"inLanguage\":\"it-IT\"},{\"@type\":\"Organization\",\"@id\":\"https:\\\/\\\/relaisgourmet.com\\\/it\\\/#organization\",\"name\":\"Relais Gourmet\",\"url\":\"https:\\\/\\\/relaisgourmet.com\\\/it\\\/\",\"logo\":{\"@type\":\"ImageObject\",\"inLanguage\":\"it-IT\",\"@id\":\"https:\\\/\\\/relaisgourmet.com\\\/it\\\/#\\\/schema\\\/logo\\\/image\\\/\",\"url\":\"https:\\\/\\\/relaisgourmet.com\\\/wp-content\\\/uploads\\\/2024\\\/11\\\/Diseno-sin-titulo-8.jpg\",\"contentUrl\":\"https:\\\/\\\/relaisgourmet.com\\\/wp-content\\\/uploads\\\/2024\\\/11\\\/Diseno-sin-titulo-8.jpg\",\"width\":500,\"height\":500,\"caption\":\"Relais Gourmet\"},\"image\":{\"@id\":\"https:\\\/\\\/relaisgourmet.com\\\/it\\\/#\\\/schema\\\/logo\\\/image\\\/\"},\"sameAs\":[\"https:\\\/\\\/facebook.com\\\/yoast\",\"https:\\\/\\\/instagram.com\\\/yoast\"]}]}<\/script>\n<!-- \/ Yoast SEO Premium plugin. -->","yoast_head_json":{"title":"Cofanetto Ametzondo: selezione basca","description":"Ametzondo: la confezione regalo per chi cerca eccellenza e gusto raffinato.","robots":{"index":"index","follow":"follow","max-snippet":"max-snippet:-1","max-image-preview":"max-image-preview:large","max-video-preview":"max-video-preview:-1"},"canonical":"https:\/\/relaisgourmet.com\/it\/prodotto\/cofanetto-ametzondo\/","og_locale":"it_IT","og_type":"article","og_title":"Cofanetto Ametzondo","og_description":"Ametzondo: la confezione regalo per chi cerca eccellenza e gusto raffinato.","og_url":"https:\/\/relaisgourmet.com\/it\/prodotto\/cofanetto-ametzondo\/","og_site_name":"Relais Gourmet","article_publisher":"https:\/\/facebook.com\/yoast","article_modified_time":"2025-04-12T21:05:39+00:00","og_image":[{"width":2500,"height":1667,"url":"https:\/\/relaisgourmet.com\/wp-content\/uploads\/2024\/09\/coffret-1003-1.jpg","type":"image\/jpeg"}],"twitter_card":"summary_large_image","twitter_misc":{"Tempo di lettura stimato":"2 minuto"},"schema":{"@context":"https:\/\/schema.org","@graph":[{"@type":"WebPage","@id":"https:\/\/relaisgourmet.com\/it\/prodotto\/cofanetto-ametzondo\/","url":"https:\/\/relaisgourmet.com\/it\/prodotto\/cofanetto-ametzondo\/","name":"Cofanetto Ametzondo: selezione basca","isPartOf":{"@id":"https:\/\/relaisgourmet.com\/it\/#website"},"primaryImageOfPage":{"@id":"https:\/\/relaisgourmet.com\/it\/prodotto\/cofanetto-ametzondo\/#primaryimage"},"image":{"@id":"https:\/\/relaisgourmet.com\/it\/prodotto\/cofanetto-ametzondo\/#primaryimage"},"thumbnailUrl":"https:\/\/relaisgourmet.com\/wp-content\/uploads\/2024\/09\/coffret-1003-1.jpg","datePublished":"2024-09-12T10:18:08+00:00","dateModified":"2025-04-12T21:05:39+00:00","description":"Ametzondo: la confezione regalo per chi cerca eccellenza e gusto raffinato.","breadcrumb":{"@id":"https:\/\/relaisgourmet.com\/it\/prodotto\/cofanetto-ametzondo\/#breadcrumb"},"inLanguage":"it-IT","potentialAction":[{"@type":"ReadAction","target":["https:\/\/relaisgourmet.com\/it\/prodotto\/cofanetto-ametzondo\/"]}]},{"@type":"ImageObject","inLanguage":"it-IT","@id":"https:\/\/relaisgourmet.com\/it\/prodotto\/cofanetto-ametzondo\/#primaryimage","url":"https:\/\/relaisgourmet.com\/wp-content\/uploads\/2024\/09\/coffret-1003-1.jpg","contentUrl":"https:\/\/relaisgourmet.com\/wp-content\/uploads\/2024\/09\/coffret-1003-1.jpg","width":2500,"height":1667,"caption":"photographe d'entreprise, corporate, packshot, CV pau bearn pays basque"},{"@type":"BreadcrumbList","@id":"https:\/\/relaisgourmet.com\/it\/prodotto\/cofanetto-ametzondo\/#breadcrumb","itemListElement":[{"@type":"ListItem","position":1,"name":"Casa","item":"https:\/\/relaisgourmet.com\/it\/"},{"@type":"ListItem","position":2,"name":"Foie Gras autentico","item":"https:\/\/relaisgourmet.com\/it\/foie-gras-autentico\/"},{"@type":"ListItem","position":3,"name":"Cofanetto Ametzondo"}]},{"@type":"WebSite","@id":"https:\/\/relaisgourmet.com\/it\/#website","url":"https:\/\/relaisgourmet.com\/it\/","name":"Relais Gourmet","description":"Maison Gastronomique au Pays-Basque Depuis 2004","publisher":{"@id":"https:\/\/relaisgourmet.com\/it\/#organization"},"potentialAction":[{"@type":"SearchAction","target":{"@type":"EntryPoint","urlTemplate":"https:\/\/relaisgourmet.com\/it\/?s={search_term_string}"},"query-input":{"@type":"PropertyValueSpecification","valueRequired":true,"valueName":"search_term_string"}}],"inLanguage":"it-IT"},{"@type":"Organization","@id":"https:\/\/relaisgourmet.com\/it\/#organization","name":"Relais Gourmet","url":"https:\/\/relaisgourmet.com\/it\/","logo":{"@type":"ImageObject","inLanguage":"it-IT","@id":"https:\/\/relaisgourmet.com\/it\/#\/schema\/logo\/image\/","url":"https:\/\/relaisgourmet.com\/wp-content\/uploads\/2024\/11\/Diseno-sin-titulo-8.jpg","contentUrl":"https:\/\/relaisgourmet.com\/wp-content\/uploads\/2024\/11\/Diseno-sin-titulo-8.jpg","width":500,"height":500,"caption":"Relais Gourmet"},"image":{"@id":"https:\/\/relaisgourmet.com\/it\/#\/schema\/logo\/image\/"},"sameAs":["https:\/\/facebook.com\/yoast","https:\/\/instagram.com\/yoast"]}]}},"_links":{"self":[{"href":"https:\/\/relaisgourmet.com\/it\/wp-json\/wp\/v2\/product\/45404","targetHints":{"allow":["GET"]}}],"collection":[{"href":"https:\/\/relaisgourmet.com\/it\/wp-json\/wp\/v2\/product"}],"about":[{"href":"https:\/\/relaisgourmet.com\/it\/wp-json\/wp\/v2\/types\/product"}],"replies":[{"embeddable":true,"href":"https:\/\/relaisgourmet.com\/it\/wp-json\/wp\/v2\/comments?post=45404"}],"version-history":[{"count":6,"href":"https:\/\/relaisgourmet.com\/it\/wp-json\/wp\/v2\/product\/45404\/revisions"}],"predecessor-version":[{"id":54295,"href":"https:\/\/relaisgourmet.com\/it\/wp-json\/wp\/v2\/product\/45404\/revisions\/54295"}],"wp:featuredmedia":[{"embeddable":true,"href":"https:\/\/relaisgourmet.com\/it\/wp-json\/wp\/v2\/media\/40703"}],"wp:attachment":[{"href":"https:\/\/relaisgourmet.com\/it\/wp-json\/wp\/v2\/media?parent=45404"}],"wp:term":[{"taxonomy":"product_brand","embeddable":true,"href":"https:\/\/relaisgourmet.com\/it\/wp-json\/wp\/v2\/product_brand?post=45404"},{"taxonomy":"product_cat","embeddable":true,"href":"https:\/\/relaisgourmet.com\/it\/wp-json\/wp\/v2\/product_cat?post=45404"},{"taxonomy":"product_tag","embeddable":true,"href":"https:\/\/relaisgourmet.com\/it\/wp-json\/wp\/v2\/product_tag?post=45404"},{"taxonomy":"giftcard-category","embeddable":true,"href":"https:\/\/relaisgourmet.com\/it\/wp-json\/wp\/v2\/giftcard-category?post=45404"}],"curies":[{"name":"wp","href":"https:\/\/api.w.org\/{rel}","templated":true}]}}