{"id":42011,"date":"2023-05-26T13:46:24","date_gmt":"2023-05-26T11:46:24","guid":{"rendered":"https:\/\/relaisgourmet.com\/produit\/turron-a-la-creme-catalane\/"},"modified":"2025-04-12T23:05:23","modified_gmt":"2025-04-12T21:05:23","slug":"turron-a-la-creme-catalane","status":"publish","type":"product","link":"https:\/\/relaisgourmet.com\/it\/prodotto\/turron-a-la-creme-catalane\/","title":{"rendered":"Turron \u00e0 la Cr\u00e8me Catalane"},"content":{"rendered":"<p><strong>Le Turr\u00f3n \u00e0 la cr\u00e8me catalane de Maria Simona est fabriqu\u00e9 selon\u00a0<a href=\"https:\/\/mariasimona.com\/secrets-fabrication-turron-jijona\/\">la recette traditionnelle<\/a>.<\/strong><\/p>\n<ul>\n<li><strong>Poids net :<\/strong>\u00a0200 g<\/li>\n<li><strong>Dur\u00e9e de conservation :\u00a0<\/strong>9 mois minimum. Une fois ouvert, conserver dans un endroit frais, sec, sombre et \u00e0 l\u2019abri de la lumi\u00e8re et l\u2019humidit\u00e9, soit dans son emballage d\u2019origine, soit envelopp\u00e9 dans du papier d\u2019aluminium ou du film, puis dans une bo\u00eete herm\u00e9tique. On commet souvent l\u2019erreur de conserver le nougat au r\u00e9frig\u00e9rateur, ce qui ne fait qu\u2019alt\u00e9rer ses propri\u00e9t\u00e9s organoleptiques ainsi que son ar\u00f4me et sa texture.<\/li>\n<li><strong>Ingr\u00e9dients :\u00a0<\/strong>Sucre, amande, jaune d\u2019\u0153uf (7%), sirop de glucose et conservateur (E-200). Peut contenir des traces de fruits \u00e0 coque et de lait.<\/li>\n<\/ul>\n<p><strong>Ce produit est sans gluten et convient donc aux c\u0153liaques.<\/strong><\/p>\n<h3>L\u2019histoire du turron \u00e0 la cr\u00e8me catalane<\/h3>\n<p>La cr\u00e8me catalane\u00a0<a href=\"https:\/\/fr.wikipedia.org\/wiki\/Cr%C3%A8me_catalane\">est un dessert typique de la Catalogne<\/a>. Elle est fabriqu\u00e9e dans cette r\u00e9gion depuis au moins le XVIe si\u00e8cle, mais est probablement beaucoup plus ancienne. En effet, cette cr\u00e8me est une \u00e9volution de la cr\u00e8me anglaise, qui \u00e9tait d\u00e9j\u00e0 fabriqu\u00e9e dans la R\u00e9publique de Rome quelques si\u00e8cles avant J\u00e9sus-Christ.<\/p>\n<p>Ce dessert se compose d\u2019une cr\u00e8me anglaise \u00e0 base de jaune d\u2019\u0153uf recouverte d\u2019une couche de sucre caram\u00e9lis\u00e9. Le turron \u00e0 la cr\u00e8me catalane utilise le jaune d\u2019\u0153uf grill\u00e9 et le sucre de mani\u00e8re similaire, c\u2019est pourquoi il s\u2019appelle \u00e9galement nougat \u00e0 la cr\u00e8me catalane, bien qu\u2019il ne contienne ni farine ni lait.<\/p>\n<h3>Pour en savoir plus :<\/h3>\n<p>Retrouvez tous nos conseils de pr\u00e9paration sur\u00a0<a href=\"https:\/\/mariasimona.com\/\">le site internet de Maria Simona<\/a>.<\/p>\n<p>N\u2019h\u00e9sitez pas \u00e0 visiter notre blog pour d\u00e9couvrir\u00a0<a href=\"https:\/\/mariasimona.com\/recettes-turron\/\">nos d\u00e9licieuses recettes<\/a>.<\/p>\n<p>Enfin pour l\u2019accompagner, pourquoi ne pas se laisser tenter par\u00a0<a href=\"https:\/\/relaisgourmet.com\/?lang=it\">les d\u00e9licieux Foies Gras Relais Gourmet\u00a0<\/a>?<\/p>\n","protected":false},"excerpt":{"rendered":"<p>\u00c9galement appel\u00e9 &#8220;turron au jaune d&#8217;\u0153uf grill\u00e9&#8221;, le turron \u00e0 la cr\u00e8me catalane est fabriqu\u00e9 \u00e0 partir de jaune d&#8217;\u0153uf grill\u00e9 et d&#8217;amandes moulues. Sa couleur, son ar\u00f4me et sa saveur sont ceux du jaune d&#8217;\u0153uf utilis\u00e9 dans sa pr\u00e9paration, soigneusement associ\u00e9 aux amandes.<\/p>\n<p>Le turron \u00e0 la cr\u00e8me catalane de Maria Simona est fabriqu\u00e9 selon <a href=\"https:\/\/mariasimona.com\/secrets-fabrication-turron-jijona\/\">la recette traditionnelle<\/a>.<\/p>\n<p><span style=\"font-size: 16px;\">Nous n&#8217;utilisons que des ingr\u00e9dients espagnols de premi\u00e8re qualit\u00e9.<\/span><\/p>\n","protected":false},"featured_media":40202,"comment_status":"closed","ping_status":"closed","template":"","meta":[],"product_brand":[],"product_cat":[1323,1203],"product_tag":[],"giftcard-category":[],"class_list":{"0":"post-42011","1":"product","2":"type-product","3":"status-publish","4":"has-post-thumbnail","6":"product_cat-torroni-classici","7":"product_cat-turrones","8":"product_shipping_class-standard-it","10":"first","11":"instock","12":"taxable","13":"shipping-taxable","14":"purchasable","15":"product-type-simple"},"yoast_head":"<!-- This site is optimized with the Yoast SEO Premium plugin v27.0 (Yoast SEO v27.0) - https:\/\/yoast.com\/product\/yoast-seo-premium-wordpress\/ -->\n<title>Turr\u00f3n alla Cr\u00e8me Catalane artigianale<\/title>\n<meta name=\"description\" content=\"Scopri il Turron alla Cr\u00e8me Catalane: un piacere dolce e raffinato per ogni occasione.\" \/>\n<meta name=\"robots\" content=\"index, follow, max-snippet:-1, max-image-preview:large, max-video-preview:-1\" \/>\n<link rel=\"canonical\" href=\"https:\/\/relaisgourmet.com\/it\/prodotto\/turron-a-la-creme-catalane\/\" \/>\n<meta property=\"og:locale\" content=\"it_IT\" \/>\n<meta property=\"og:type\" content=\"article\" \/>\n<meta property=\"og:title\" content=\"Turron \u00e0 la Cr\u00e8me Catalane\" \/>\n<meta property=\"og:description\" content=\"Scopri il Turron alla Cr\u00e8me Catalane: un piacere dolce e raffinato per ogni occasione.\" \/>\n<meta property=\"og:url\" content=\"https:\/\/relaisgourmet.com\/it\/prodotto\/turron-a-la-creme-catalane\/\" \/>\n<meta property=\"og:site_name\" content=\"Relais Gourmet\" \/>\n<meta property=\"article:publisher\" content=\"https:\/\/facebook.com\/yoast\" \/>\n<meta property=\"article:modified_time\" content=\"2025-04-12T21:05:23+00:00\" \/>\n<meta property=\"og:image\" content=\"https:\/\/relaisgourmet.com\/wp-content\/uploads\/2024\/09\/Yema-Tostada-1.jpg\" \/>\n\t<meta property=\"og:image:width\" content=\"600\" \/>\n\t<meta property=\"og:image:height\" content=\"600\" \/>\n\t<meta property=\"og:image:type\" content=\"image\/jpeg\" \/>\n<meta name=\"twitter:card\" content=\"summary_large_image\" \/>\n<meta name=\"twitter:label1\" content=\"Tempo di lettura stimato\" \/>\n\t<meta name=\"twitter:data1\" content=\"2 minuto\" \/>\n<script type=\"application\/ld+json\" class=\"yoast-schema-graph\">{\"@context\":\"https:\/\/schema.org\",\"@graph\":[{\"@type\":\"WebPage\",\"@id\":\"https:\/\/relaisgourmet.com\/it\/prodotto\/turron-a-la-creme-catalane\/\",\"url\":\"https:\/\/relaisgourmet.com\/it\/prodotto\/turron-a-la-creme-catalane\/\",\"name\":\"Turr\u00f3n alla Cr\u00e8me Catalane artigianale\",\"isPartOf\":{\"@id\":\"https:\/\/relaisgourmet.com\/it\/#website\"},\"primaryImageOfPage\":{\"@id\":\"https:\/\/relaisgourmet.com\/it\/prodotto\/turron-a-la-creme-catalane\/#primaryimage\"},\"image\":{\"@id\":\"https:\/\/relaisgourmet.com\/it\/prodotto\/turron-a-la-creme-catalane\/#primaryimage\"},\"thumbnailUrl\":\"https:\/\/relaisgourmet.com\/wp-content\/uploads\/2024\/09\/Yema-Tostada-1.jpg\",\"datePublished\":\"2023-05-26T11:46:24+00:00\",\"dateModified\":\"2025-04-12T21:05:23+00:00\",\"description\":\"Scopri il Turron alla Cr\u00e8me Catalane: un piacere dolce e raffinato per ogni occasione.\",\"breadcrumb\":{\"@id\":\"https:\/\/relaisgourmet.com\/it\/prodotto\/turron-a-la-creme-catalane\/#breadcrumb\"},\"inLanguage\":\"it-IT\",\"potentialAction\":[{\"@type\":\"ReadAction\",\"target\":[\"https:\/\/relaisgourmet.com\/it\/prodotto\/turron-a-la-creme-catalane\/\"]}]},{\"@type\":\"ImageObject\",\"inLanguage\":\"it-IT\",\"@id\":\"https:\/\/relaisgourmet.com\/it\/prodotto\/turron-a-la-creme-catalane\/#primaryimage\",\"url\":\"https:\/\/relaisgourmet.com\/wp-content\/uploads\/2024\/09\/Yema-Tostada-1.jpg\",\"contentUrl\":\"https:\/\/relaisgourmet.com\/wp-content\/uploads\/2024\/09\/Yema-Tostada-1.jpg\",\"width\":600,\"height\":600},{\"@type\":\"BreadcrumbList\",\"@id\":\"https:\/\/relaisgourmet.com\/it\/prodotto\/turron-a-la-creme-catalane\/#breadcrumb\",\"itemListElement\":[{\"@type\":\"ListItem\",\"position\":1,\"name\":\"Casa\",\"item\":\"https:\/\/relaisgourmet.com\/it\/\"},{\"@type\":\"ListItem\",\"position\":2,\"name\":\"Foie Gras autentico\",\"item\":\"https:\/\/relaisgourmet.com\/it\/foie-gras-autentico\/\"},{\"@type\":\"ListItem\",\"position\":3,\"name\":\"Turron \u00e0 la Cr\u00e8me Catalane\"}]},{\"@type\":\"WebSite\",\"@id\":\"https:\/\/relaisgourmet.com\/it\/#website\",\"url\":\"https:\/\/relaisgourmet.com\/it\/\",\"name\":\"Relais Gourmet\",\"description\":\"Maison Gastronomique au Pays-Basque Depuis 2004\",\"publisher\":{\"@id\":\"https:\/\/relaisgourmet.com\/it\/#organization\"},\"potentialAction\":[{\"@type\":\"SearchAction\",\"target\":{\"@type\":\"EntryPoint\",\"urlTemplate\":\"https:\/\/relaisgourmet.com\/it\/?s={search_term_string}\"},\"query-input\":{\"@type\":\"PropertyValueSpecification\",\"valueRequired\":true,\"valueName\":\"search_term_string\"}}],\"inLanguage\":\"it-IT\"},{\"@type\":\"Organization\",\"@id\":\"https:\/\/relaisgourmet.com\/it\/#organization\",\"name\":\"Relais Gourmet\",\"url\":\"https:\/\/relaisgourmet.com\/it\/\",\"logo\":{\"@type\":\"ImageObject\",\"inLanguage\":\"it-IT\",\"@id\":\"https:\/\/relaisgourmet.com\/it\/#\/schema\/logo\/image\/\",\"url\":\"https:\/\/relaisgourmet.com\/wp-content\/uploads\/2024\/11\/Diseno-sin-titulo-8.jpg\",\"contentUrl\":\"https:\/\/relaisgourmet.com\/wp-content\/uploads\/2024\/11\/Diseno-sin-titulo-8.jpg\",\"width\":500,\"height\":500,\"caption\":\"Relais Gourmet\"},\"image\":{\"@id\":\"https:\/\/relaisgourmet.com\/it\/#\/schema\/logo\/image\/\"},\"sameAs\":[\"https:\/\/facebook.com\/yoast\",\"https:\/\/instagram.com\/yoast\"]}]}<\/script>\n<!-- \/ Yoast SEO Premium plugin. -->","yoast_head_json":{"title":"Turr\u00f3n alla Cr\u00e8me Catalane artigianale","description":"Scopri il Turron alla Cr\u00e8me Catalane: un piacere dolce e raffinato per ogni occasione.","robots":{"index":"index","follow":"follow","max-snippet":"max-snippet:-1","max-image-preview":"max-image-preview:large","max-video-preview":"max-video-preview:-1"},"canonical":"https:\/\/relaisgourmet.com\/it\/prodotto\/turron-a-la-creme-catalane\/","og_locale":"it_IT","og_type":"article","og_title":"Turron \u00e0 la Cr\u00e8me Catalane","og_description":"Scopri il Turron alla Cr\u00e8me Catalane: un piacere dolce e raffinato per ogni occasione.","og_url":"https:\/\/relaisgourmet.com\/it\/prodotto\/turron-a-la-creme-catalane\/","og_site_name":"Relais Gourmet","article_publisher":"https:\/\/facebook.com\/yoast","article_modified_time":"2025-04-12T21:05:23+00:00","og_image":[{"width":600,"height":600,"url":"https:\/\/relaisgourmet.com\/wp-content\/uploads\/2024\/09\/Yema-Tostada-1.jpg","type":"image\/jpeg"}],"twitter_card":"summary_large_image","twitter_misc":{"Tempo di lettura stimato":"2 minuto"},"schema":{"@context":"https:\/\/schema.org","@graph":[{"@type":"WebPage","@id":"https:\/\/relaisgourmet.com\/it\/prodotto\/turron-a-la-creme-catalane\/","url":"https:\/\/relaisgourmet.com\/it\/prodotto\/turron-a-la-creme-catalane\/","name":"Turr\u00f3n alla Cr\u00e8me Catalane artigianale","isPartOf":{"@id":"https:\/\/relaisgourmet.com\/it\/#website"},"primaryImageOfPage":{"@id":"https:\/\/relaisgourmet.com\/it\/prodotto\/turron-a-la-creme-catalane\/#primaryimage"},"image":{"@id":"https:\/\/relaisgourmet.com\/it\/prodotto\/turron-a-la-creme-catalane\/#primaryimage"},"thumbnailUrl":"https:\/\/relaisgourmet.com\/wp-content\/uploads\/2024\/09\/Yema-Tostada-1.jpg","datePublished":"2023-05-26T11:46:24+00:00","dateModified":"2025-04-12T21:05:23+00:00","description":"Scopri il Turron alla Cr\u00e8me Catalane: un piacere dolce e raffinato per ogni occasione.","breadcrumb":{"@id":"https:\/\/relaisgourmet.com\/it\/prodotto\/turron-a-la-creme-catalane\/#breadcrumb"},"inLanguage":"it-IT","potentialAction":[{"@type":"ReadAction","target":["https:\/\/relaisgourmet.com\/it\/prodotto\/turron-a-la-creme-catalane\/"]}]},{"@type":"ImageObject","inLanguage":"it-IT","@id":"https:\/\/relaisgourmet.com\/it\/prodotto\/turron-a-la-creme-catalane\/#primaryimage","url":"https:\/\/relaisgourmet.com\/wp-content\/uploads\/2024\/09\/Yema-Tostada-1.jpg","contentUrl":"https:\/\/relaisgourmet.com\/wp-content\/uploads\/2024\/09\/Yema-Tostada-1.jpg","width":600,"height":600},{"@type":"BreadcrumbList","@id":"https:\/\/relaisgourmet.com\/it\/prodotto\/turron-a-la-creme-catalane\/#breadcrumb","itemListElement":[{"@type":"ListItem","position":1,"name":"Casa","item":"https:\/\/relaisgourmet.com\/it\/"},{"@type":"ListItem","position":2,"name":"Foie Gras autentico","item":"https:\/\/relaisgourmet.com\/it\/foie-gras-autentico\/"},{"@type":"ListItem","position":3,"name":"Turron \u00e0 la Cr\u00e8me Catalane"}]},{"@type":"WebSite","@id":"https:\/\/relaisgourmet.com\/it\/#website","url":"https:\/\/relaisgourmet.com\/it\/","name":"Relais Gourmet","description":"Maison Gastronomique au Pays-Basque Depuis 2004","publisher":{"@id":"https:\/\/relaisgourmet.com\/it\/#organization"},"potentialAction":[{"@type":"SearchAction","target":{"@type":"EntryPoint","urlTemplate":"https:\/\/relaisgourmet.com\/it\/?s={search_term_string}"},"query-input":{"@type":"PropertyValueSpecification","valueRequired":true,"valueName":"search_term_string"}}],"inLanguage":"it-IT"},{"@type":"Organization","@id":"https:\/\/relaisgourmet.com\/it\/#organization","name":"Relais Gourmet","url":"https:\/\/relaisgourmet.com\/it\/","logo":{"@type":"ImageObject","inLanguage":"it-IT","@id":"https:\/\/relaisgourmet.com\/it\/#\/schema\/logo\/image\/","url":"https:\/\/relaisgourmet.com\/wp-content\/uploads\/2024\/11\/Diseno-sin-titulo-8.jpg","contentUrl":"https:\/\/relaisgourmet.com\/wp-content\/uploads\/2024\/11\/Diseno-sin-titulo-8.jpg","width":500,"height":500,"caption":"Relais Gourmet"},"image":{"@id":"https:\/\/relaisgourmet.com\/it\/#\/schema\/logo\/image\/"},"sameAs":["https:\/\/facebook.com\/yoast","https:\/\/instagram.com\/yoast"]}]}},"_links":{"self":[{"href":"https:\/\/relaisgourmet.com\/it\/wp-json\/wp\/v2\/product\/42011","targetHints":{"allow":["GET"]}}],"collection":[{"href":"https:\/\/relaisgourmet.com\/it\/wp-json\/wp\/v2\/product"}],"about":[{"href":"https:\/\/relaisgourmet.com\/it\/wp-json\/wp\/v2\/types\/product"}],"replies":[{"embeddable":true,"href":"https:\/\/relaisgourmet.com\/it\/wp-json\/wp\/v2\/comments?post=42011"}],"version-history":[{"count":0,"href":"https:\/\/relaisgourmet.com\/it\/wp-json\/wp\/v2\/product\/42011\/revisions"}],"wp:featuredmedia":[{"embeddable":true,"href":"https:\/\/relaisgourmet.com\/it\/wp-json\/wp\/v2\/media\/40202"}],"wp:attachment":[{"href":"https:\/\/relaisgourmet.com\/it\/wp-json\/wp\/v2\/media?parent=42011"}],"wp:term":[{"taxonomy":"product_brand","embeddable":true,"href":"https:\/\/relaisgourmet.com\/it\/wp-json\/wp\/v2\/product_brand?post=42011"},{"taxonomy":"product_cat","embeddable":true,"href":"https:\/\/relaisgourmet.com\/it\/wp-json\/wp\/v2\/product_cat?post=42011"},{"taxonomy":"product_tag","embeddable":true,"href":"https:\/\/relaisgourmet.com\/it\/wp-json\/wp\/v2\/product_tag?post=42011"},{"taxonomy":"giftcard-category","embeddable":true,"href":"https:\/\/relaisgourmet.com\/it\/wp-json\/wp\/v2\/giftcard-category?post=42011"}],"curies":[{"name":"wp","href":"https:\/\/api.w.org\/{rel}","templated":true}]}}