{"id":42009,"date":"2023-05-26T13:46:23","date_gmt":"2023-05-26T11:46:23","guid":{"rendered":"https:\/\/relaisgourmet.com\/produit\/turron-dur-de-alicante\/"},"modified":"2025-04-12T23:05:15","modified_gmt":"2025-04-12T21:05:15","slug":"turron-dur-de-alicante","status":"publish","type":"product","link":"https:\/\/relaisgourmet.com\/it\/prodotto\/turron-dur-de-alicante\/","title":{"rendered":"Turron Dur de Alicante"},"content":{"rendered":"<p><strong>La fabrication du touron d\u2019Alicante de Maria Simona suit\u00a0<a href=\"https:\/\/mariasimona.com\/secrets-fabrication-turron-jijona\/\">la recette traditionnelle\u00a0<\/a><\/strong><\/p>\n<ul>\n<li><strong>Poids net :<\/strong>150gr<\/li>\n<li><strong>Dur\u00e9e de conservation du Turron d\u2019Alicante<\/strong>\u00a0: 9 mois minimum. Une fois ouvert, conserver dans un endroit frais, sec, sombre et \u00e0 l\u2019abri de la lumi\u00e8re et l\u2019humidit\u00e9, soit dans son emballage d\u2019origine, soit envelopp\u00e9 dans du papier d\u2019aluminium ou du film, puis dans une bo\u00eete herm\u00e9tique. On commet souvent l\u2019erreur de conserver le nougat au r\u00e9frig\u00e9rateur, ce qui ne fait qu\u2019alt\u00e9rer ses propri\u00e9t\u00e9s organoleptiques ainsi que son ar\u00f4me et sa texture.<\/li>\n<li><strong>Ingr\u00e9dients<\/strong>\u00a0: Amandes grill\u00e9es \u00e0 60%, sucre, sirop de glucose, miel \u00e0 12%, enrobage de gaufrette (amidon de pomme de terre et huile de tournesol) et blanc d\u2019\u0153uf. Peut contenir des traces d\u2019arachides, de s\u00e9same et de noisettes.<\/li>\n<\/ul>\n<p><strong>Ce produit ne contient pas de gluten, il convient donc aux c\u0153liaques.<\/strong><\/p>\n<p>Le turron dur d\u2019Alicante de Maria Simona b\u00e9n\u00e9ficie d\u2019une\u00a0<a href=\"https:\/\/www.mapa.gob.es\/es\/alimentacion\/temas\/calidad-diferenciada\/dop-igp\/pana_paste\/IGP_TurronJiJona.aspx\">appellation d\u2019origine et est prot\u00e9g\u00e9 par le Conseil r\u00e9gulateur de Jijona<\/a>.<\/p>\n<h3>L\u2019histoire du turron d\u2019Alicante<\/h3>\n<p>Bien que personne ne puisse nier le lien \u00e9troit entre la ville d\u2019Alicante et ce bonbon, on ne sait pas exactement quand et comment le turron \u201coriginal\u201d est apparu. Les amandes et le miel \u00e9taient d\u00e9j\u00e0 un aliment courant en Gr\u00e8ce et \u00e0 Rome, pour donner de l\u2019\u00e9nergie aux athl\u00e8tes olympiques.\u00a0 Le nougat espagnol pr\u00e9sente \u00e9galement quelques similitudes avec le baklava arabe. On admet majoritairement que la recette est originaire des pays Arabes, mais il n\u2019existe aucune preuve de cela.<\/p>\n<p>En tout cas, ce bonbon a une importance pour la commune :<\/p>\n<p>\u2013 Premi\u00e8rement, nous savons que d\u00e8s 1582, le turron \u00e9tait un \u00e9l\u00e9ment important de la culture de No\u00ebl \u00e0 Alicante, car un document municipal de l\u2019\u00e9poque mentionne qu\u2019\u00e0 l\u2019\u00e9poque de No\u00ebl, les ouvriers avaient du nougat Espagnol en guise de salaire.<\/p>\n<p>\u2013 Ensuite, dans la pi\u00e8ce \u201cLa Generosa Paliza\u201d de Lope de Rueda, en 1570, le touron autour duquel tourne l\u2019intrigue se nomme le \u201cturron d\u2019Alicante\u201d.<\/p>\n<p>\u2013 Enfin, en 1595, le nougat espagnol devait \u00eatre une v\u00e9ritable passion dans la ville, car le roi Philippe II a \u00e9t\u00e9 contraint d\u2019\u00e9crire une lettre demandant de limiter les d\u00e9penses de la ville en turron et en pain aux figues.<\/p>\n<p>Bien que la ville ait finalement cess\u00e9 de produire du nougat espagnol en raison d\u2019un diff\u00e9rend commercial, son nom reste un point de r\u00e9f\u00e9rence, associ\u00e9 \u00e0 la variante dure de cette friandise.<\/p>\n<h3>Pour en savoir plus :<\/h3>\n<p>Retrouvez tous nos conseils de pr\u00e9paration sur\u00a0<a href=\"https:\/\/mariasimona.com\/\">le site internet de Maria Simona<\/a>.<\/p>\n<p>N\u2019h\u00e9sitez pas \u00e0 visiter notre blog pour d\u00e9couvrir\u00a0<a href=\"https:\/\/mariasimona.com\/recettes-turron\/\">nos d\u00e9licieuses recettes<\/a>\u00a0.<\/p>\n<p>Et pour l\u2019entr\u00e9e, pourquoi ne pas se laisser tenter par\u00a0<a href=\"https:\/\/relaisgourmet.com\/?lang=it\">les d\u00e9licieux Foies Gras Relais Gourmet\u00a0<\/a>?<\/p>\n","protected":false},"excerpt":{"rendered":"<p>Le turron d\u2019Alicante est connu sous le nom de turron dur en raison de sa texture croquante et du grillage unique des amandes et du m\u00e9lange de miel et de blanc d&#8217;\u0153uf. C&#8217;est un classique !<\/p>\n<p>Le turron dur d&#8217;Alicante de Maria Simona est fabriqu\u00e9 selon <a href=\"https:\/\/mariasimona.com\/comment-faire-les-turrons\/\">la recette traditionnelle<\/a>.<\/p>\n<p>Nous n&#8217;utilisons que des ingr\u00e9dients espagnols de premi\u00e8re qualit\u00e9.<\/p>\n<p>Notre turron b\u00e9n\u00e9ficie d&#8217;une <a href=\"https:\/\/www.mapa.gob.es\/es\/alimentacion\/temas\/calidad-diferenciada\/dop-igp\/pana_paste\/IGP_TurronJiJona.aspx\">appellation d&#8217;origine et est prot\u00e9g\u00e9 par le Conseil r\u00e9gulateur de Jijona<\/a>.<\/p>\n","protected":false},"featured_media":40194,"comment_status":"closed","ping_status":"closed","template":"","meta":[],"product_brand":[],"product_cat":[1323,1203],"product_tag":[],"giftcard-category":[],"class_list":{"0":"post-42009","1":"product","2":"type-product","3":"status-publish","4":"has-post-thumbnail","6":"product_cat-torroni-classici","7":"product_cat-turrones","8":"product_shipping_class-standard-it","10":"first","11":"instock","12":"taxable","13":"shipping-taxable","14":"purchasable","15":"product-type-simple"},"yoast_head":"<!-- This site is optimized with the Yoast SEO Premium plugin v27.4 (Yoast SEO v27.5) - https:\/\/yoast.com\/product\/yoast-seo-premium-wordpress\/ -->\n<title>Turr\u00f3n duro di Alicante tradizionale<\/title>\n<meta name=\"description\" content=\"Turron Dur de Alicante: tradizione spagnola in una ricetta croccante e autentica.\" \/>\n<meta name=\"robots\" content=\"index, follow, max-snippet:-1, max-image-preview:large, max-video-preview:-1\" \/>\n<link rel=\"canonical\" href=\"https:\/\/relaisgourmet.com\/it\/prodotto\/turron-dur-de-alicante\/\" \/>\n<meta property=\"og:locale\" content=\"it_IT\" \/>\n<meta property=\"og:type\" content=\"article\" \/>\n<meta property=\"og:title\" content=\"Turron Dur de Alicante\" \/>\n<meta property=\"og:description\" content=\"Turron Dur de Alicante: tradizione spagnola in una ricetta croccante e autentica.\" \/>\n<meta property=\"og:url\" content=\"https:\/\/relaisgourmet.com\/it\/prodotto\/turron-dur-de-alicante\/\" \/>\n<meta property=\"og:site_name\" content=\"Relais Gourmet\" \/>\n<meta property=\"article:publisher\" content=\"https:\/\/facebook.com\/yoast\" \/>\n<meta property=\"article:modified_time\" content=\"2025-04-12T21:05:15+00:00\" \/>\n<meta property=\"og:image\" content=\"https:\/\/relaisgourmet.com\/wp-content\/uploads\/2024\/09\/Alicante-1.jpg\" \/>\n\t<meta property=\"og:image:width\" content=\"600\" \/>\n\t<meta property=\"og:image:height\" content=\"600\" \/>\n\t<meta property=\"og:image:type\" content=\"image\/jpeg\" \/>\n<meta name=\"twitter:card\" content=\"summary_large_image\" \/>\n<meta name=\"twitter:label1\" content=\"Tempo di lettura stimato\" \/>\n\t<meta name=\"twitter:data1\" content=\"2 minuto\" \/>\n<script type=\"application\/ld+json\" class=\"yoast-schema-graph\">{\"@context\":\"https:\\\/\\\/schema.org\",\"@graph\":[{\"@type\":\"WebPage\",\"@id\":\"https:\\\/\\\/relaisgourmet.com\\\/it\\\/prodotto\\\/turron-dur-de-alicante\\\/\",\"url\":\"https:\\\/\\\/relaisgourmet.com\\\/it\\\/prodotto\\\/turron-dur-de-alicante\\\/\",\"name\":\"Turr\u00f3n duro di Alicante tradizionale\",\"isPartOf\":{\"@id\":\"https:\\\/\\\/relaisgourmet.com\\\/it\\\/#website\"},\"primaryImageOfPage\":{\"@id\":\"https:\\\/\\\/relaisgourmet.com\\\/it\\\/prodotto\\\/turron-dur-de-alicante\\\/#primaryimage\"},\"image\":{\"@id\":\"https:\\\/\\\/relaisgourmet.com\\\/it\\\/prodotto\\\/turron-dur-de-alicante\\\/#primaryimage\"},\"thumbnailUrl\":\"https:\\\/\\\/relaisgourmet.com\\\/wp-content\\\/uploads\\\/2024\\\/09\\\/Alicante-1.jpg\",\"datePublished\":\"2023-05-26T11:46:23+00:00\",\"dateModified\":\"2025-04-12T21:05:15+00:00\",\"description\":\"Turron Dur de Alicante: tradizione spagnola in una ricetta croccante e autentica.\",\"breadcrumb\":{\"@id\":\"https:\\\/\\\/relaisgourmet.com\\\/it\\\/prodotto\\\/turron-dur-de-alicante\\\/#breadcrumb\"},\"inLanguage\":\"it-IT\",\"potentialAction\":[{\"@type\":\"ReadAction\",\"target\":[\"https:\\\/\\\/relaisgourmet.com\\\/it\\\/prodotto\\\/turron-dur-de-alicante\\\/\"]}]},{\"@type\":\"ImageObject\",\"inLanguage\":\"it-IT\",\"@id\":\"https:\\\/\\\/relaisgourmet.com\\\/it\\\/prodotto\\\/turron-dur-de-alicante\\\/#primaryimage\",\"url\":\"https:\\\/\\\/relaisgourmet.com\\\/wp-content\\\/uploads\\\/2024\\\/09\\\/Alicante-1.jpg\",\"contentUrl\":\"https:\\\/\\\/relaisgourmet.com\\\/wp-content\\\/uploads\\\/2024\\\/09\\\/Alicante-1.jpg\",\"width\":600,\"height\":600},{\"@type\":\"BreadcrumbList\",\"@id\":\"https:\\\/\\\/relaisgourmet.com\\\/it\\\/prodotto\\\/turron-dur-de-alicante\\\/#breadcrumb\",\"itemListElement\":[{\"@type\":\"ListItem\",\"position\":1,\"name\":\"Casa\",\"item\":\"https:\\\/\\\/relaisgourmet.com\\\/it\\\/\"},{\"@type\":\"ListItem\",\"position\":2,\"name\":\"Foie Gras autentico\",\"item\":\"https:\\\/\\\/relaisgourmet.com\\\/it\\\/foie-gras-autentico\\\/\"},{\"@type\":\"ListItem\",\"position\":3,\"name\":\"Turron Dur de Alicante\"}]},{\"@type\":\"WebSite\",\"@id\":\"https:\\\/\\\/relaisgourmet.com\\\/it\\\/#website\",\"url\":\"https:\\\/\\\/relaisgourmet.com\\\/it\\\/\",\"name\":\"Relais Gourmet\",\"description\":\"Maison Gastronomique au Pays-Basque Depuis 2004\",\"publisher\":{\"@id\":\"https:\\\/\\\/relaisgourmet.com\\\/it\\\/#organization\"},\"potentialAction\":[{\"@type\":\"SearchAction\",\"target\":{\"@type\":\"EntryPoint\",\"urlTemplate\":\"https:\\\/\\\/relaisgourmet.com\\\/it\\\/?s={search_term_string}\"},\"query-input\":{\"@type\":\"PropertyValueSpecification\",\"valueRequired\":true,\"valueName\":\"search_term_string\"}}],\"inLanguage\":\"it-IT\"},{\"@type\":\"Organization\",\"@id\":\"https:\\\/\\\/relaisgourmet.com\\\/it\\\/#organization\",\"name\":\"Relais Gourmet\",\"url\":\"https:\\\/\\\/relaisgourmet.com\\\/it\\\/\",\"logo\":{\"@type\":\"ImageObject\",\"inLanguage\":\"it-IT\",\"@id\":\"https:\\\/\\\/relaisgourmet.com\\\/it\\\/#\\\/schema\\\/logo\\\/image\\\/\",\"url\":\"https:\\\/\\\/relaisgourmet.com\\\/wp-content\\\/uploads\\\/2024\\\/11\\\/Diseno-sin-titulo-8.jpg\",\"contentUrl\":\"https:\\\/\\\/relaisgourmet.com\\\/wp-content\\\/uploads\\\/2024\\\/11\\\/Diseno-sin-titulo-8.jpg\",\"width\":500,\"height\":500,\"caption\":\"Relais Gourmet\"},\"image\":{\"@id\":\"https:\\\/\\\/relaisgourmet.com\\\/it\\\/#\\\/schema\\\/logo\\\/image\\\/\"},\"sameAs\":[\"https:\\\/\\\/facebook.com\\\/yoast\",\"https:\\\/\\\/instagram.com\\\/yoast\"]}]}<\/script>\n<!-- \/ Yoast SEO Premium plugin. -->","yoast_head_json":{"title":"Turr\u00f3n duro di Alicante tradizionale","description":"Turron Dur de Alicante: tradizione spagnola in una ricetta croccante e autentica.","robots":{"index":"index","follow":"follow","max-snippet":"max-snippet:-1","max-image-preview":"max-image-preview:large","max-video-preview":"max-video-preview:-1"},"canonical":"https:\/\/relaisgourmet.com\/it\/prodotto\/turron-dur-de-alicante\/","og_locale":"it_IT","og_type":"article","og_title":"Turron Dur de Alicante","og_description":"Turron Dur de Alicante: tradizione spagnola in una ricetta croccante e autentica.","og_url":"https:\/\/relaisgourmet.com\/it\/prodotto\/turron-dur-de-alicante\/","og_site_name":"Relais Gourmet","article_publisher":"https:\/\/facebook.com\/yoast","article_modified_time":"2025-04-12T21:05:15+00:00","og_image":[{"width":600,"height":600,"url":"https:\/\/relaisgourmet.com\/wp-content\/uploads\/2024\/09\/Alicante-1.jpg","type":"image\/jpeg"}],"twitter_card":"summary_large_image","twitter_misc":{"Tempo di lettura stimato":"2 minuto"},"schema":{"@context":"https:\/\/schema.org","@graph":[{"@type":"WebPage","@id":"https:\/\/relaisgourmet.com\/it\/prodotto\/turron-dur-de-alicante\/","url":"https:\/\/relaisgourmet.com\/it\/prodotto\/turron-dur-de-alicante\/","name":"Turr\u00f3n duro di Alicante tradizionale","isPartOf":{"@id":"https:\/\/relaisgourmet.com\/it\/#website"},"primaryImageOfPage":{"@id":"https:\/\/relaisgourmet.com\/it\/prodotto\/turron-dur-de-alicante\/#primaryimage"},"image":{"@id":"https:\/\/relaisgourmet.com\/it\/prodotto\/turron-dur-de-alicante\/#primaryimage"},"thumbnailUrl":"https:\/\/relaisgourmet.com\/wp-content\/uploads\/2024\/09\/Alicante-1.jpg","datePublished":"2023-05-26T11:46:23+00:00","dateModified":"2025-04-12T21:05:15+00:00","description":"Turron Dur de Alicante: tradizione spagnola in una ricetta croccante e autentica.","breadcrumb":{"@id":"https:\/\/relaisgourmet.com\/it\/prodotto\/turron-dur-de-alicante\/#breadcrumb"},"inLanguage":"it-IT","potentialAction":[{"@type":"ReadAction","target":["https:\/\/relaisgourmet.com\/it\/prodotto\/turron-dur-de-alicante\/"]}]},{"@type":"ImageObject","inLanguage":"it-IT","@id":"https:\/\/relaisgourmet.com\/it\/prodotto\/turron-dur-de-alicante\/#primaryimage","url":"https:\/\/relaisgourmet.com\/wp-content\/uploads\/2024\/09\/Alicante-1.jpg","contentUrl":"https:\/\/relaisgourmet.com\/wp-content\/uploads\/2024\/09\/Alicante-1.jpg","width":600,"height":600},{"@type":"BreadcrumbList","@id":"https:\/\/relaisgourmet.com\/it\/prodotto\/turron-dur-de-alicante\/#breadcrumb","itemListElement":[{"@type":"ListItem","position":1,"name":"Casa","item":"https:\/\/relaisgourmet.com\/it\/"},{"@type":"ListItem","position":2,"name":"Foie Gras autentico","item":"https:\/\/relaisgourmet.com\/it\/foie-gras-autentico\/"},{"@type":"ListItem","position":3,"name":"Turron Dur de Alicante"}]},{"@type":"WebSite","@id":"https:\/\/relaisgourmet.com\/it\/#website","url":"https:\/\/relaisgourmet.com\/it\/","name":"Relais Gourmet","description":"Maison Gastronomique au Pays-Basque Depuis 2004","publisher":{"@id":"https:\/\/relaisgourmet.com\/it\/#organization"},"potentialAction":[{"@type":"SearchAction","target":{"@type":"EntryPoint","urlTemplate":"https:\/\/relaisgourmet.com\/it\/?s={search_term_string}"},"query-input":{"@type":"PropertyValueSpecification","valueRequired":true,"valueName":"search_term_string"}}],"inLanguage":"it-IT"},{"@type":"Organization","@id":"https:\/\/relaisgourmet.com\/it\/#organization","name":"Relais Gourmet","url":"https:\/\/relaisgourmet.com\/it\/","logo":{"@type":"ImageObject","inLanguage":"it-IT","@id":"https:\/\/relaisgourmet.com\/it\/#\/schema\/logo\/image\/","url":"https:\/\/relaisgourmet.com\/wp-content\/uploads\/2024\/11\/Diseno-sin-titulo-8.jpg","contentUrl":"https:\/\/relaisgourmet.com\/wp-content\/uploads\/2024\/11\/Diseno-sin-titulo-8.jpg","width":500,"height":500,"caption":"Relais Gourmet"},"image":{"@id":"https:\/\/relaisgourmet.com\/it\/#\/schema\/logo\/image\/"},"sameAs":["https:\/\/facebook.com\/yoast","https:\/\/instagram.com\/yoast"]}]}},"_links":{"self":[{"href":"https:\/\/relaisgourmet.com\/it\/wp-json\/wp\/v2\/product\/42009","targetHints":{"allow":["GET"]}}],"collection":[{"href":"https:\/\/relaisgourmet.com\/it\/wp-json\/wp\/v2\/product"}],"about":[{"href":"https:\/\/relaisgourmet.com\/it\/wp-json\/wp\/v2\/types\/product"}],"replies":[{"embeddable":true,"href":"https:\/\/relaisgourmet.com\/it\/wp-json\/wp\/v2\/comments?post=42009"}],"version-history":[{"count":0,"href":"https:\/\/relaisgourmet.com\/it\/wp-json\/wp\/v2\/product\/42009\/revisions"}],"wp:featuredmedia":[{"embeddable":true,"href":"https:\/\/relaisgourmet.com\/it\/wp-json\/wp\/v2\/media\/40194"}],"wp:attachment":[{"href":"https:\/\/relaisgourmet.com\/it\/wp-json\/wp\/v2\/media?parent=42009"}],"wp:term":[{"taxonomy":"product_brand","embeddable":true,"href":"https:\/\/relaisgourmet.com\/it\/wp-json\/wp\/v2\/product_brand?post=42009"},{"taxonomy":"product_cat","embeddable":true,"href":"https:\/\/relaisgourmet.com\/it\/wp-json\/wp\/v2\/product_cat?post=42009"},{"taxonomy":"product_tag","embeddable":true,"href":"https:\/\/relaisgourmet.com\/it\/wp-json\/wp\/v2\/product_tag?post=42009"},{"taxonomy":"giftcard-category","embeddable":true,"href":"https:\/\/relaisgourmet.com\/it\/wp-json\/wp\/v2\/giftcard-category?post=42009"}],"curies":[{"name":"wp","href":"https:\/\/api.w.org\/{rel}","templated":true}]}}