{"id":42007,"date":"2023-05-26T13:46:20","date_gmt":"2023-05-26T11:46:20","guid":{"rendered":"https:\/\/relaisgourmet.com\/produit\/turron-mou-de-jijona\/"},"modified":"2025-04-12T23:05:15","modified_gmt":"2025-04-12T21:05:15","slug":"turron-mou-de-jijona","status":"publish","type":"product","link":"https:\/\/relaisgourmet.com\/it\/prodotto\/turron-mou-de-jijona\/","title":{"rendered":"Turron Mou de Jijona"},"content":{"rendered":"<p><strong>La fabrication du turron mou de Jijona de Maria Simona suit <a href=\"https:\/\/mariasimona.com\/secrets-fabrication-turron-jijona\/\">la recette traditionnelle<\/a> :<\/strong><\/p>\n<ul>\n<li><strong>Poids net :\u00a0<\/strong>150 g<\/li>\n<li><strong>Dur\u00e9e de conservation Turr\u00f3n de Jijona :\u00a0<\/strong>9 mois minimum. Une fois ouvert, conserver dans un endroit frais, sec, sombre et \u00e0 l\u2019abri de la lumi\u00e8re et l\u2019humidit\u00e9, soit dans son emballage d\u2019origine, soit envelopp\u00e9 dans du papier d\u2019aluminium ou du film, puis dans une bo\u00eete herm\u00e9tique. On commet souvent l\u2019erreur de conserver le nougat au r\u00e9frig\u00e9rateur, ce qui ne fait qu\u2019alt\u00e9rer ses propri\u00e9t\u00e9s organoleptiques ainsi que son ar\u00f4me et sa texture.<\/li>\n<li><strong>Ingr\u00e9dients :\u00a0<\/strong>64% d\u2019amandes grill\u00e9es, 12% de miel, sucre, sirop de glucose, blanc d\u2019oeuf et \u00e9mulsifiant : (E-471).<\/li>\n<li>Peut contenir des traces d\u2019arachides, de s\u00e9same et de noisettes.<\/li>\n<\/ul>\n<p><strong>Ce produit ne contient pas de gluten, il convient donc aux c\u0153liaques.<\/strong><\/p>\n<p>Le touron Maria Simona Jijona b\u00e9n\u00e9ficie d\u2019une\u00a0<a href=\"https:\/\/www.mapa.gob.es\/es\/alimentacion\/temas\/calidad-diferenciada\/dop-igp\/pana_paste\/IGP_TurronJiJona.aspx\">appellation d\u2019origine et est prot\u00e9g\u00e9 par le Conseil r\u00e9gulateur de Jijona<\/a>.<\/p>\n<h3>L\u2019origine du turr\u00f3n\u00a0de Jijona<\/h3>\n<p>C\u2019est \u00e0 l\u2019origine la ville d\u2019<strong>Alicante<\/strong>\u00a0elle-m\u00eame qui produisait la majeure partie\u00a0<strong>du nougat espagnol<\/strong>. La raison pour laquelle cette petite ville est une r\u00e9f\u00e9rence mondiale dans la production de\u00a0<strong>turr\u00f3n<\/strong>, ou\u00a0<strong>touron<\/strong>, n\u2019est rien de moins qu\u2019un diff\u00e9rend juridique.<\/p>\n<p>Dans l\u2019Espagne du XVIIe si\u00e8cle, les guildes dominaient le commerce, des organisations puissantes disposant de droits exclusifs pour accorder des titres et fabriquer certains produits. Un cordonnier ne pouvait produire des chaussures que sous la supervision de la guilde des cordonniers, et un boulanger n\u2019existait pas sans la licence de la guilde des boulangers.<\/p>\n<p>Dans cet \u00e9trange \u00e9cosyst\u00e8me, on trouve les\u00a0<strong>ma\u00eetres du turr\u00f3n<\/strong>. Les turroniers n\u2019\u00e9taient pas des sp\u00e9cialistes d\u2019une guilde, mais des agriculteurs qui gagnaient de l\u2019argent suppl\u00e9mentaire en vendant cette\u00a0<strong>friandise<\/strong>. Cela n\u2019\u00e9tait pas du go\u00fbt de la corporation des confiseurs de Valence, qui consid\u00e9rait que le\u00a0<strong>miel<\/strong>\u00a0et les<strong>\u00a0produits du sucre<\/strong>\u00a0\u00e9taient leur domaine. Ils ont donc intent\u00e9 un proc\u00e8s contre les turroniers d\u2019Alicante.<\/p>\n<p>Apr\u00e8s un litige de 6 ans, une d\u00e9cision de justice permis \u00e0 la guilde valencienne de prendre le contr\u00f4le sur les turr\u00f3nes d\u2019Alicante, ce qui a fait dispara\u00eetre rapidement l\u2019industrie de la ville.<\/p>\n<p>C\u2019est ainsi que les habitants de la petite commune de Sexona, aujourd\u2019hui Jijona, ont pris le relais de la capitale. Loin des yeux et de l\u2019influence de la guilde, les\u00a0<strong>artisans locaux<\/strong>\u00a0ont r\u00e9ussi \u00e0 contourner l\u2019interdiction du sucre et du miel, s\u2019imposant ainsi comme la patrie du\u00a0<strong>nougat espagnol authentique<\/strong>.<\/p>\n<h3>Pour aller plus loin<\/h3>\n<p>Retrouvez tous nos conseils de pr\u00e9paration sur\u00a0<a href=\"https:\/\/mariasimona.com\/\">le site internet de Maria Simona<\/a><\/p>\n<p>N\u2019h\u00e9sitez pas \u00e0 visiter notre blog pour d\u00e9couvrir\u00a0<a href=\"https:\/\/mariasimona.com\/recettes-turron\/\">nos d\u00e9licieuses recettes<\/a><\/p>\n<p>Et pour l\u2019entr\u00e9e, pourquoi ne pas se laisser tenter par\u00a0<a href=\"https:\/\/relaisgourmet.com\/?lang=it\">les d\u00e9licieux Foies Gras Relais Gourmet\u00a0<\/a>?<\/p>\n","protected":false},"excerpt":{"rendered":"<p>Le turron de Jijona est un nougat espagnol mou fabriqu\u00e9 \u00e0 partir de poudre d&#8217;amandes. Il est de couleur brun clair, a une texture lisse et s&#8217;\u00e9miette tr\u00e8s facilement. Il s&#8217;agit d&#8217;un d\u00e9licieux m\u00e9lange d&#8217;amandes grill\u00e9es, de sucre, de blanc d&#8217;\u0153uf et de miel.<\/p>\n<p>Le turron mou de Maria Simona est fabriqu\u00e9 selon<a href=\"https:\/\/mariasimona.com\/secrets-fabrication-turron-jijona\/\"> la recette traditionnelle.<\/a><\/p>\n<p>Nous n&#8217;utilisons que des ingr\u00e9dients espagnols de premi\u00e8re qualit\u00e9.<\/p>\n<p>Notre turron b\u00e9n\u00e9ficie d&#8217;une <a href=\"https:\/\/www.mapa.gob.es\/es\/alimentacion\/temas\/calidad-diferenciada\/dop-igp\/pana_paste\/IGP_TurronJiJona.aspx\">appellation d&#8217;origine et est prot\u00e9g\u00e9 par le Conseil r\u00e9gulateur de Jijona<\/a>.<\/p>\n","protected":false},"featured_media":40186,"comment_status":"closed","ping_status":"closed","template":"","meta":[],"product_brand":[],"product_cat":[1323,1203],"product_tag":[],"giftcard-category":[],"class_list":{"0":"post-42007","1":"product","2":"type-product","3":"status-publish","4":"has-post-thumbnail","6":"product_cat-torroni-classici","7":"product_cat-turrones","8":"product_shipping_class-standard-it","10":"first","11":"instock","12":"taxable","13":"shipping-taxable","14":"purchasable","15":"product-type-simple"},"yoast_head":"<!-- This site is optimized with the Yoast SEO Premium plugin v27.4 (Yoast SEO v27.5) - https:\/\/yoast.com\/product\/yoast-seo-premium-wordpress\/ -->\n<title>Turr\u00f3n morbido Jijona 100% mandorle<\/title>\n<meta name=\"description\" content=\"Turron Mou de Jijona: morbido, dolce, perfetto da condividere o regalare.\" \/>\n<meta name=\"robots\" content=\"index, follow, max-snippet:-1, max-image-preview:large, max-video-preview:-1\" \/>\n<link rel=\"canonical\" href=\"https:\/\/relaisgourmet.com\/it\/prodotto\/turron-mou-de-jijona\/\" \/>\n<meta property=\"og:locale\" content=\"it_IT\" \/>\n<meta property=\"og:type\" content=\"article\" \/>\n<meta property=\"og:title\" content=\"Turron Mou de Jijona\" \/>\n<meta property=\"og:description\" content=\"Turron Mou de Jijona: morbido, dolce, perfetto da condividere o regalare.\" \/>\n<meta property=\"og:url\" content=\"https:\/\/relaisgourmet.com\/it\/prodotto\/turron-mou-de-jijona\/\" \/>\n<meta property=\"og:site_name\" content=\"Relais Gourmet\" \/>\n<meta property=\"article:publisher\" content=\"https:\/\/facebook.com\/yoast\" \/>\n<meta property=\"article:modified_time\" content=\"2025-04-12T21:05:15+00:00\" \/>\n<meta property=\"og:image\" content=\"https:\/\/relaisgourmet.com\/wp-content\/uploads\/2024\/09\/Jijona-1.jpg\" \/>\n\t<meta property=\"og:image:width\" content=\"625\" \/>\n\t<meta property=\"og:image:height\" content=\"625\" \/>\n\t<meta property=\"og:image:type\" content=\"image\/jpeg\" \/>\n<meta name=\"twitter:card\" content=\"summary_large_image\" \/>\n<meta name=\"twitter:label1\" content=\"Tempo di lettura stimato\" \/>\n\t<meta name=\"twitter:data1\" content=\"3 minuto\" \/>\n<script type=\"application\/ld+json\" class=\"yoast-schema-graph\">{\"@context\":\"https:\\\/\\\/schema.org\",\"@graph\":[{\"@type\":\"WebPage\",\"@id\":\"https:\\\/\\\/relaisgourmet.com\\\/it\\\/prodotto\\\/turron-mou-de-jijona\\\/\",\"url\":\"https:\\\/\\\/relaisgourmet.com\\\/it\\\/prodotto\\\/turron-mou-de-jijona\\\/\",\"name\":\"Turr\u00f3n morbido Jijona 100% mandorle\",\"isPartOf\":{\"@id\":\"https:\\\/\\\/relaisgourmet.com\\\/it\\\/#website\"},\"primaryImageOfPage\":{\"@id\":\"https:\\\/\\\/relaisgourmet.com\\\/it\\\/prodotto\\\/turron-mou-de-jijona\\\/#primaryimage\"},\"image\":{\"@id\":\"https:\\\/\\\/relaisgourmet.com\\\/it\\\/prodotto\\\/turron-mou-de-jijona\\\/#primaryimage\"},\"thumbnailUrl\":\"https:\\\/\\\/relaisgourmet.com\\\/wp-content\\\/uploads\\\/2024\\\/09\\\/Jijona-1.jpg\",\"datePublished\":\"2023-05-26T11:46:20+00:00\",\"dateModified\":\"2025-04-12T21:05:15+00:00\",\"description\":\"Turron Mou de Jijona: morbido, dolce, perfetto da condividere o regalare.\",\"breadcrumb\":{\"@id\":\"https:\\\/\\\/relaisgourmet.com\\\/it\\\/prodotto\\\/turron-mou-de-jijona\\\/#breadcrumb\"},\"inLanguage\":\"it-IT\",\"potentialAction\":[{\"@type\":\"ReadAction\",\"target\":[\"https:\\\/\\\/relaisgourmet.com\\\/it\\\/prodotto\\\/turron-mou-de-jijona\\\/\"]}]},{\"@type\":\"ImageObject\",\"inLanguage\":\"it-IT\",\"@id\":\"https:\\\/\\\/relaisgourmet.com\\\/it\\\/prodotto\\\/turron-mou-de-jijona\\\/#primaryimage\",\"url\":\"https:\\\/\\\/relaisgourmet.com\\\/wp-content\\\/uploads\\\/2024\\\/09\\\/Jijona-1.jpg\",\"contentUrl\":\"https:\\\/\\\/relaisgourmet.com\\\/wp-content\\\/uploads\\\/2024\\\/09\\\/Jijona-1.jpg\",\"width\":625,\"height\":625},{\"@type\":\"BreadcrumbList\",\"@id\":\"https:\\\/\\\/relaisgourmet.com\\\/it\\\/prodotto\\\/turron-mou-de-jijona\\\/#breadcrumb\",\"itemListElement\":[{\"@type\":\"ListItem\",\"position\":1,\"name\":\"Casa\",\"item\":\"https:\\\/\\\/relaisgourmet.com\\\/it\\\/\"},{\"@type\":\"ListItem\",\"position\":2,\"name\":\"Foie Gras autentico\",\"item\":\"https:\\\/\\\/relaisgourmet.com\\\/it\\\/foie-gras-autentico\\\/\"},{\"@type\":\"ListItem\",\"position\":3,\"name\":\"Turron Mou de Jijona\"}]},{\"@type\":\"WebSite\",\"@id\":\"https:\\\/\\\/relaisgourmet.com\\\/it\\\/#website\",\"url\":\"https:\\\/\\\/relaisgourmet.com\\\/it\\\/\",\"name\":\"Relais Gourmet\",\"description\":\"Maison Gastronomique au Pays-Basque Depuis 2004\",\"publisher\":{\"@id\":\"https:\\\/\\\/relaisgourmet.com\\\/it\\\/#organization\"},\"potentialAction\":[{\"@type\":\"SearchAction\",\"target\":{\"@type\":\"EntryPoint\",\"urlTemplate\":\"https:\\\/\\\/relaisgourmet.com\\\/it\\\/?s={search_term_string}\"},\"query-input\":{\"@type\":\"PropertyValueSpecification\",\"valueRequired\":true,\"valueName\":\"search_term_string\"}}],\"inLanguage\":\"it-IT\"},{\"@type\":\"Organization\",\"@id\":\"https:\\\/\\\/relaisgourmet.com\\\/it\\\/#organization\",\"name\":\"Relais Gourmet\",\"url\":\"https:\\\/\\\/relaisgourmet.com\\\/it\\\/\",\"logo\":{\"@type\":\"ImageObject\",\"inLanguage\":\"it-IT\",\"@id\":\"https:\\\/\\\/relaisgourmet.com\\\/it\\\/#\\\/schema\\\/logo\\\/image\\\/\",\"url\":\"https:\\\/\\\/relaisgourmet.com\\\/wp-content\\\/uploads\\\/2024\\\/11\\\/Diseno-sin-titulo-8.jpg\",\"contentUrl\":\"https:\\\/\\\/relaisgourmet.com\\\/wp-content\\\/uploads\\\/2024\\\/11\\\/Diseno-sin-titulo-8.jpg\",\"width\":500,\"height\":500,\"caption\":\"Relais Gourmet\"},\"image\":{\"@id\":\"https:\\\/\\\/relaisgourmet.com\\\/it\\\/#\\\/schema\\\/logo\\\/image\\\/\"},\"sameAs\":[\"https:\\\/\\\/facebook.com\\\/yoast\",\"https:\\\/\\\/instagram.com\\\/yoast\"]}]}<\/script>\n<!-- \/ Yoast SEO Premium plugin. -->","yoast_head_json":{"title":"Turr\u00f3n morbido Jijona 100% mandorle","description":"Turron Mou de Jijona: morbido, dolce, perfetto da condividere o regalare.","robots":{"index":"index","follow":"follow","max-snippet":"max-snippet:-1","max-image-preview":"max-image-preview:large","max-video-preview":"max-video-preview:-1"},"canonical":"https:\/\/relaisgourmet.com\/it\/prodotto\/turron-mou-de-jijona\/","og_locale":"it_IT","og_type":"article","og_title":"Turron Mou de Jijona","og_description":"Turron Mou de Jijona: morbido, dolce, perfetto da condividere o regalare.","og_url":"https:\/\/relaisgourmet.com\/it\/prodotto\/turron-mou-de-jijona\/","og_site_name":"Relais Gourmet","article_publisher":"https:\/\/facebook.com\/yoast","article_modified_time":"2025-04-12T21:05:15+00:00","og_image":[{"width":625,"height":625,"url":"https:\/\/relaisgourmet.com\/wp-content\/uploads\/2024\/09\/Jijona-1.jpg","type":"image\/jpeg"}],"twitter_card":"summary_large_image","twitter_misc":{"Tempo di lettura stimato":"3 minuto"},"schema":{"@context":"https:\/\/schema.org","@graph":[{"@type":"WebPage","@id":"https:\/\/relaisgourmet.com\/it\/prodotto\/turron-mou-de-jijona\/","url":"https:\/\/relaisgourmet.com\/it\/prodotto\/turron-mou-de-jijona\/","name":"Turr\u00f3n morbido Jijona 100% mandorle","isPartOf":{"@id":"https:\/\/relaisgourmet.com\/it\/#website"},"primaryImageOfPage":{"@id":"https:\/\/relaisgourmet.com\/it\/prodotto\/turron-mou-de-jijona\/#primaryimage"},"image":{"@id":"https:\/\/relaisgourmet.com\/it\/prodotto\/turron-mou-de-jijona\/#primaryimage"},"thumbnailUrl":"https:\/\/relaisgourmet.com\/wp-content\/uploads\/2024\/09\/Jijona-1.jpg","datePublished":"2023-05-26T11:46:20+00:00","dateModified":"2025-04-12T21:05:15+00:00","description":"Turron Mou de Jijona: morbido, dolce, perfetto da condividere o regalare.","breadcrumb":{"@id":"https:\/\/relaisgourmet.com\/it\/prodotto\/turron-mou-de-jijona\/#breadcrumb"},"inLanguage":"it-IT","potentialAction":[{"@type":"ReadAction","target":["https:\/\/relaisgourmet.com\/it\/prodotto\/turron-mou-de-jijona\/"]}]},{"@type":"ImageObject","inLanguage":"it-IT","@id":"https:\/\/relaisgourmet.com\/it\/prodotto\/turron-mou-de-jijona\/#primaryimage","url":"https:\/\/relaisgourmet.com\/wp-content\/uploads\/2024\/09\/Jijona-1.jpg","contentUrl":"https:\/\/relaisgourmet.com\/wp-content\/uploads\/2024\/09\/Jijona-1.jpg","width":625,"height":625},{"@type":"BreadcrumbList","@id":"https:\/\/relaisgourmet.com\/it\/prodotto\/turron-mou-de-jijona\/#breadcrumb","itemListElement":[{"@type":"ListItem","position":1,"name":"Casa","item":"https:\/\/relaisgourmet.com\/it\/"},{"@type":"ListItem","position":2,"name":"Foie Gras autentico","item":"https:\/\/relaisgourmet.com\/it\/foie-gras-autentico\/"},{"@type":"ListItem","position":3,"name":"Turron Mou de Jijona"}]},{"@type":"WebSite","@id":"https:\/\/relaisgourmet.com\/it\/#website","url":"https:\/\/relaisgourmet.com\/it\/","name":"Relais Gourmet","description":"Maison Gastronomique au Pays-Basque Depuis 2004","publisher":{"@id":"https:\/\/relaisgourmet.com\/it\/#organization"},"potentialAction":[{"@type":"SearchAction","target":{"@type":"EntryPoint","urlTemplate":"https:\/\/relaisgourmet.com\/it\/?s={search_term_string}"},"query-input":{"@type":"PropertyValueSpecification","valueRequired":true,"valueName":"search_term_string"}}],"inLanguage":"it-IT"},{"@type":"Organization","@id":"https:\/\/relaisgourmet.com\/it\/#organization","name":"Relais Gourmet","url":"https:\/\/relaisgourmet.com\/it\/","logo":{"@type":"ImageObject","inLanguage":"it-IT","@id":"https:\/\/relaisgourmet.com\/it\/#\/schema\/logo\/image\/","url":"https:\/\/relaisgourmet.com\/wp-content\/uploads\/2024\/11\/Diseno-sin-titulo-8.jpg","contentUrl":"https:\/\/relaisgourmet.com\/wp-content\/uploads\/2024\/11\/Diseno-sin-titulo-8.jpg","width":500,"height":500,"caption":"Relais Gourmet"},"image":{"@id":"https:\/\/relaisgourmet.com\/it\/#\/schema\/logo\/image\/"},"sameAs":["https:\/\/facebook.com\/yoast","https:\/\/instagram.com\/yoast"]}]}},"_links":{"self":[{"href":"https:\/\/relaisgourmet.com\/it\/wp-json\/wp\/v2\/product\/42007","targetHints":{"allow":["GET"]}}],"collection":[{"href":"https:\/\/relaisgourmet.com\/it\/wp-json\/wp\/v2\/product"}],"about":[{"href":"https:\/\/relaisgourmet.com\/it\/wp-json\/wp\/v2\/types\/product"}],"replies":[{"embeddable":true,"href":"https:\/\/relaisgourmet.com\/it\/wp-json\/wp\/v2\/comments?post=42007"}],"version-history":[{"count":0,"href":"https:\/\/relaisgourmet.com\/it\/wp-json\/wp\/v2\/product\/42007\/revisions"}],"wp:featuredmedia":[{"embeddable":true,"href":"https:\/\/relaisgourmet.com\/it\/wp-json\/wp\/v2\/media\/40186"}],"wp:attachment":[{"href":"https:\/\/relaisgourmet.com\/it\/wp-json\/wp\/v2\/media?parent=42007"}],"wp:term":[{"taxonomy":"product_brand","embeddable":true,"href":"https:\/\/relaisgourmet.com\/it\/wp-json\/wp\/v2\/product_brand?post=42007"},{"taxonomy":"product_cat","embeddable":true,"href":"https:\/\/relaisgourmet.com\/it\/wp-json\/wp\/v2\/product_cat?post=42007"},{"taxonomy":"product_tag","embeddable":true,"href":"https:\/\/relaisgourmet.com\/it\/wp-json\/wp\/v2\/product_tag?post=42007"},{"taxonomy":"giftcard-category","embeddable":true,"href":"https:\/\/relaisgourmet.com\/it\/wp-json\/wp\/v2\/giftcard-category?post=42007"}],"curies":[{"name":"wp","href":"https:\/\/api.w.org\/{rel}","templated":true}]}}