{"id":42005,"date":"2023-05-26T13:46:25","date_gmt":"2023-05-26T11:46:25","guid":{"rendered":"https:\/\/relaisgourmet.com\/produit\/torrone-alle-arachidi\/"},"modified":"2025-04-12T23:05:15","modified_gmt":"2025-04-12T21:05:15","slug":"torrone-alle-arachidi","status":"publish","type":"product","link":"https:\/\/relaisgourmet.com\/it\/prodotto\/torrone-alle-arachidi\/","title":{"rendered":"Torrone alle arachidi"},"content":{"rendered":"<p><strong>Il Torrone di Arachidi di Maria Simona \u00e8 realizzato secondo la ricetta tradizionale.<\/strong><\/p>\n<ul>\n<li><strong>Peso netto<\/strong>: 200 g<\/li>\n<li><strong>Ingredienti<\/strong>: Arachidi tostate 38%, zucchero, sciroppo di glucosio, miele, wafer (fecola di patate e olio di girasole) e albume d&#8217;uovo. Pu\u00f2 contenere tracce di mandorle, nocciole e sesamo.<br \/>\nSi <strong>conserva<\/strong> per almeno 9 mesi. Una volta aperto, deve essere conservato in un luogo asciutto, fresco, buio e privo di odori, nella sua confezione originale o avvolto in un foglio di alluminio o in una pellicola e poi in un contenitore ermetico. \u00c8 un errore molto comune conservare il turr\u00f3n in frigorifero, che non fa altro che rovinarne le propriet\u00e0 organolettiche, l&#8217;aroma e la consistenza.<\/li>\n<\/ul>\n<p><strong>Questo prodotto non contiene glutine, quindi \u00e8 adatto ai celiaci.<\/strong><\/p>\n<h3>La storia dell&#8217;arachide di Valencia<\/h3>\n<p>Originaria dell&#8217;America, le testimonianze storiche indicano che l&#8217;arachide \u00e8 stata introdotta in Europa a Valencia. Il &#8220;cacau&#8221;, come viene chiamato a Valencia, fu introdotto nella regione da Don Francisco Fabi\u00e1n y Tuero, arcivescovo della diocesi di Valencia. Questa storia ebbe luogo a met\u00e0 del XVIII secolo, ma fu solo all&#8217;inizio del secolo successivo che l&#8217;arachide cominci\u00f2 a essere utilizzata come ingrediente, al di l\u00e0 del suo consumo individuale.<\/p>\n<p>Il numero di ettari della regione dedicati a questa coltura \u00e8 diminuito drasticamente nel corso del XX secolo. Questo forte calo \u00e8 dovuto a un massiccio aumento delle importazioni della noce. Sebbene la Spagna produca oggi meno di 200 tonnellate di arachidi all&#8217;anno, ben lontane dai milioni di tonnellate prodotti in paesi come la Cina e l&#8217;India, le arachidi di Valencia sono considerate di altissima qualit\u00e0.<\/p>\n<p>Non sorprende quindi che Valencia sia stata uno dei leader nella produzione del turron di arachidi.<\/p>\n<h3>Per saperne di pi\u00f9<\/h3>\n<p>Potete trovare tutti i nostri consigli per la preparazione sul sito web di <a href=\"http:\/\/mariasimona.com\">Maria Simona<\/a>.<\/p>\n<p>Non esitate a visitare il nostro blog per scoprire le nostre deliziose ricette.<\/p>\n<p>Infine, per accompagnare questo Turr\u00f3n, perch\u00e9 non lasciarsi tentare dal delizioso <a href=\"http:\/\/relaisgourmet.com\/\">Relais Gourmet Foies Gras<\/a>?<\/p>\n","protected":false},"excerpt":{"rendered":"<p>Il turron di arachidi e miele \u00e8 croccante, con un sapore inimitabile e molto apprezzato da tutti.<\/p>\n<p>Il turron di arachidi di Maria Simona \u00e8 preparato secondo la ricetta tradizionale.<\/p>\n<p>Utilizziamo solo ingredienti spagnoli di altissima qualit\u00e0.<\/p>\n","protected":false},"featured_media":40226,"comment_status":"closed","ping_status":"closed","template":"","meta":[],"product_brand":[],"product_cat":[1323,1203],"product_tag":[],"giftcard-category":[],"class_list":{"0":"post-42005","1":"product","2":"type-product","3":"status-publish","4":"has-post-thumbnail","6":"product_cat-torroni-classici","7":"product_cat-turrones","8":"product_shipping_class-standard-it","10":"first","11":"instock","12":"taxable","13":"shipping-taxable","14":"purchasable","15":"product-type-simple"},"yoast_head":"<!-- This site is optimized with the Yoast SEO Premium plugin v27.0 (Yoast SEO v27.3) - https:\/\/yoast.com\/product\/yoast-seo-premium-wordpress\/ -->\n<title>Torrone alle arachidi dal gusto deciso<\/title>\n<meta name=\"description\" content=\"Torrone alle Arachidi: una dolce coccola croccante da gustare in ogni momento.\" \/>\n<meta name=\"robots\" content=\"index, follow, max-snippet:-1, max-image-preview:large, max-video-preview:-1\" \/>\n<link rel=\"canonical\" href=\"https:\/\/relaisgourmet.com\/it\/prodotto\/torrone-alle-arachidi\/\" \/>\n<meta property=\"og:locale\" content=\"it_IT\" \/>\n<meta property=\"og:type\" content=\"article\" \/>\n<meta property=\"og:title\" content=\"Torrone alle arachidi\" \/>\n<meta property=\"og:description\" content=\"Torrone alle Arachidi: una dolce coccola croccante da gustare in ogni momento.\" \/>\n<meta property=\"og:url\" content=\"https:\/\/relaisgourmet.com\/it\/prodotto\/torrone-alle-arachidi\/\" \/>\n<meta property=\"og:site_name\" content=\"Relais Gourmet\" \/>\n<meta property=\"article:publisher\" content=\"https:\/\/facebook.com\/yoast\" \/>\n<meta property=\"article:modified_time\" content=\"2025-04-12T21:05:15+00:00\" \/>\n<meta property=\"og:image\" content=\"https:\/\/relaisgourmet.com\/wp-content\/uploads\/2024\/09\/Cacahuete-1.jpg\" \/>\n\t<meta property=\"og:image:width\" content=\"600\" \/>\n\t<meta property=\"og:image:height\" content=\"600\" \/>\n\t<meta property=\"og:image:type\" content=\"image\/jpeg\" \/>\n<meta name=\"twitter:card\" content=\"summary_large_image\" \/>\n<meta name=\"twitter:label1\" content=\"Tempo di lettura stimato\" \/>\n\t<meta name=\"twitter:data1\" content=\"2 minuto\" \/>\n<script type=\"application\/ld+json\" class=\"yoast-schema-graph\">{\"@context\":\"https:\\\/\\\/schema.org\",\"@graph\":[{\"@type\":\"WebPage\",\"@id\":\"https:\\\/\\\/relaisgourmet.com\\\/it\\\/prodotto\\\/torrone-alle-arachidi\\\/\",\"url\":\"https:\\\/\\\/relaisgourmet.com\\\/it\\\/prodotto\\\/torrone-alle-arachidi\\\/\",\"name\":\"Torrone alle arachidi dal gusto deciso\",\"isPartOf\":{\"@id\":\"https:\\\/\\\/relaisgourmet.com\\\/it\\\/#website\"},\"primaryImageOfPage\":{\"@id\":\"https:\\\/\\\/relaisgourmet.com\\\/it\\\/prodotto\\\/torrone-alle-arachidi\\\/#primaryimage\"},\"image\":{\"@id\":\"https:\\\/\\\/relaisgourmet.com\\\/it\\\/prodotto\\\/torrone-alle-arachidi\\\/#primaryimage\"},\"thumbnailUrl\":\"https:\\\/\\\/relaisgourmet.com\\\/wp-content\\\/uploads\\\/2024\\\/09\\\/Cacahuete-1.jpg\",\"datePublished\":\"2023-05-26T11:46:25+00:00\",\"dateModified\":\"2025-04-12T21:05:15+00:00\",\"description\":\"Torrone alle Arachidi: una dolce coccola croccante da gustare in ogni momento.\",\"breadcrumb\":{\"@id\":\"https:\\\/\\\/relaisgourmet.com\\\/it\\\/prodotto\\\/torrone-alle-arachidi\\\/#breadcrumb\"},\"inLanguage\":\"it-IT\",\"potentialAction\":[{\"@type\":\"ReadAction\",\"target\":[\"https:\\\/\\\/relaisgourmet.com\\\/it\\\/prodotto\\\/torrone-alle-arachidi\\\/\"]}]},{\"@type\":\"ImageObject\",\"inLanguage\":\"it-IT\",\"@id\":\"https:\\\/\\\/relaisgourmet.com\\\/it\\\/prodotto\\\/torrone-alle-arachidi\\\/#primaryimage\",\"url\":\"https:\\\/\\\/relaisgourmet.com\\\/wp-content\\\/uploads\\\/2024\\\/09\\\/Cacahuete-1.jpg\",\"contentUrl\":\"https:\\\/\\\/relaisgourmet.com\\\/wp-content\\\/uploads\\\/2024\\\/09\\\/Cacahuete-1.jpg\",\"width\":600,\"height\":600},{\"@type\":\"BreadcrumbList\",\"@id\":\"https:\\\/\\\/relaisgourmet.com\\\/it\\\/prodotto\\\/torrone-alle-arachidi\\\/#breadcrumb\",\"itemListElement\":[{\"@type\":\"ListItem\",\"position\":1,\"name\":\"Casa\",\"item\":\"https:\\\/\\\/relaisgourmet.com\\\/it\\\/\"},{\"@type\":\"ListItem\",\"position\":2,\"name\":\"Foie Gras autentico\",\"item\":\"https:\\\/\\\/relaisgourmet.com\\\/it\\\/foie-gras-autentico\\\/\"},{\"@type\":\"ListItem\",\"position\":3,\"name\":\"Torrone alle arachidi\"}]},{\"@type\":\"WebSite\",\"@id\":\"https:\\\/\\\/relaisgourmet.com\\\/it\\\/#website\",\"url\":\"https:\\\/\\\/relaisgourmet.com\\\/it\\\/\",\"name\":\"Relais Gourmet\",\"description\":\"Maison Gastronomique au Pays-Basque Depuis 2004\",\"publisher\":{\"@id\":\"https:\\\/\\\/relaisgourmet.com\\\/it\\\/#organization\"},\"potentialAction\":[{\"@type\":\"SearchAction\",\"target\":{\"@type\":\"EntryPoint\",\"urlTemplate\":\"https:\\\/\\\/relaisgourmet.com\\\/it\\\/?s={search_term_string}\"},\"query-input\":{\"@type\":\"PropertyValueSpecification\",\"valueRequired\":true,\"valueName\":\"search_term_string\"}}],\"inLanguage\":\"it-IT\"},{\"@type\":\"Organization\",\"@id\":\"https:\\\/\\\/relaisgourmet.com\\\/it\\\/#organization\",\"name\":\"Relais Gourmet\",\"url\":\"https:\\\/\\\/relaisgourmet.com\\\/it\\\/\",\"logo\":{\"@type\":\"ImageObject\",\"inLanguage\":\"it-IT\",\"@id\":\"https:\\\/\\\/relaisgourmet.com\\\/it\\\/#\\\/schema\\\/logo\\\/image\\\/\",\"url\":\"https:\\\/\\\/relaisgourmet.com\\\/wp-content\\\/uploads\\\/2024\\\/11\\\/Diseno-sin-titulo-8.jpg\",\"contentUrl\":\"https:\\\/\\\/relaisgourmet.com\\\/wp-content\\\/uploads\\\/2024\\\/11\\\/Diseno-sin-titulo-8.jpg\",\"width\":500,\"height\":500,\"caption\":\"Relais Gourmet\"},\"image\":{\"@id\":\"https:\\\/\\\/relaisgourmet.com\\\/it\\\/#\\\/schema\\\/logo\\\/image\\\/\"},\"sameAs\":[\"https:\\\/\\\/facebook.com\\\/yoast\",\"https:\\\/\\\/instagram.com\\\/yoast\"]}]}<\/script>\n<!-- \/ Yoast SEO Premium plugin. -->","yoast_head_json":{"title":"Torrone alle arachidi dal gusto deciso","description":"Torrone alle Arachidi: una dolce coccola croccante da gustare in ogni momento.","robots":{"index":"index","follow":"follow","max-snippet":"max-snippet:-1","max-image-preview":"max-image-preview:large","max-video-preview":"max-video-preview:-1"},"canonical":"https:\/\/relaisgourmet.com\/it\/prodotto\/torrone-alle-arachidi\/","og_locale":"it_IT","og_type":"article","og_title":"Torrone alle arachidi","og_description":"Torrone alle Arachidi: una dolce coccola croccante da gustare in ogni momento.","og_url":"https:\/\/relaisgourmet.com\/it\/prodotto\/torrone-alle-arachidi\/","og_site_name":"Relais Gourmet","article_publisher":"https:\/\/facebook.com\/yoast","article_modified_time":"2025-04-12T21:05:15+00:00","og_image":[{"width":600,"height":600,"url":"https:\/\/relaisgourmet.com\/wp-content\/uploads\/2024\/09\/Cacahuete-1.jpg","type":"image\/jpeg"}],"twitter_card":"summary_large_image","twitter_misc":{"Tempo di lettura stimato":"2 minuto"},"schema":{"@context":"https:\/\/schema.org","@graph":[{"@type":"WebPage","@id":"https:\/\/relaisgourmet.com\/it\/prodotto\/torrone-alle-arachidi\/","url":"https:\/\/relaisgourmet.com\/it\/prodotto\/torrone-alle-arachidi\/","name":"Torrone alle arachidi dal gusto deciso","isPartOf":{"@id":"https:\/\/relaisgourmet.com\/it\/#website"},"primaryImageOfPage":{"@id":"https:\/\/relaisgourmet.com\/it\/prodotto\/torrone-alle-arachidi\/#primaryimage"},"image":{"@id":"https:\/\/relaisgourmet.com\/it\/prodotto\/torrone-alle-arachidi\/#primaryimage"},"thumbnailUrl":"https:\/\/relaisgourmet.com\/wp-content\/uploads\/2024\/09\/Cacahuete-1.jpg","datePublished":"2023-05-26T11:46:25+00:00","dateModified":"2025-04-12T21:05:15+00:00","description":"Torrone alle Arachidi: una dolce coccola croccante da gustare in ogni momento.","breadcrumb":{"@id":"https:\/\/relaisgourmet.com\/it\/prodotto\/torrone-alle-arachidi\/#breadcrumb"},"inLanguage":"it-IT","potentialAction":[{"@type":"ReadAction","target":["https:\/\/relaisgourmet.com\/it\/prodotto\/torrone-alle-arachidi\/"]}]},{"@type":"ImageObject","inLanguage":"it-IT","@id":"https:\/\/relaisgourmet.com\/it\/prodotto\/torrone-alle-arachidi\/#primaryimage","url":"https:\/\/relaisgourmet.com\/wp-content\/uploads\/2024\/09\/Cacahuete-1.jpg","contentUrl":"https:\/\/relaisgourmet.com\/wp-content\/uploads\/2024\/09\/Cacahuete-1.jpg","width":600,"height":600},{"@type":"BreadcrumbList","@id":"https:\/\/relaisgourmet.com\/it\/prodotto\/torrone-alle-arachidi\/#breadcrumb","itemListElement":[{"@type":"ListItem","position":1,"name":"Casa","item":"https:\/\/relaisgourmet.com\/it\/"},{"@type":"ListItem","position":2,"name":"Foie Gras autentico","item":"https:\/\/relaisgourmet.com\/it\/foie-gras-autentico\/"},{"@type":"ListItem","position":3,"name":"Torrone alle arachidi"}]},{"@type":"WebSite","@id":"https:\/\/relaisgourmet.com\/it\/#website","url":"https:\/\/relaisgourmet.com\/it\/","name":"Relais Gourmet","description":"Maison Gastronomique au Pays-Basque Depuis 2004","publisher":{"@id":"https:\/\/relaisgourmet.com\/it\/#organization"},"potentialAction":[{"@type":"SearchAction","target":{"@type":"EntryPoint","urlTemplate":"https:\/\/relaisgourmet.com\/it\/?s={search_term_string}"},"query-input":{"@type":"PropertyValueSpecification","valueRequired":true,"valueName":"search_term_string"}}],"inLanguage":"it-IT"},{"@type":"Organization","@id":"https:\/\/relaisgourmet.com\/it\/#organization","name":"Relais Gourmet","url":"https:\/\/relaisgourmet.com\/it\/","logo":{"@type":"ImageObject","inLanguage":"it-IT","@id":"https:\/\/relaisgourmet.com\/it\/#\/schema\/logo\/image\/","url":"https:\/\/relaisgourmet.com\/wp-content\/uploads\/2024\/11\/Diseno-sin-titulo-8.jpg","contentUrl":"https:\/\/relaisgourmet.com\/wp-content\/uploads\/2024\/11\/Diseno-sin-titulo-8.jpg","width":500,"height":500,"caption":"Relais Gourmet"},"image":{"@id":"https:\/\/relaisgourmet.com\/it\/#\/schema\/logo\/image\/"},"sameAs":["https:\/\/facebook.com\/yoast","https:\/\/instagram.com\/yoast"]}]}},"_links":{"self":[{"href":"https:\/\/relaisgourmet.com\/it\/wp-json\/wp\/v2\/product\/42005","targetHints":{"allow":["GET"]}}],"collection":[{"href":"https:\/\/relaisgourmet.com\/it\/wp-json\/wp\/v2\/product"}],"about":[{"href":"https:\/\/relaisgourmet.com\/it\/wp-json\/wp\/v2\/types\/product"}],"replies":[{"embeddable":true,"href":"https:\/\/relaisgourmet.com\/it\/wp-json\/wp\/v2\/comments?post=42005"}],"version-history":[{"count":0,"href":"https:\/\/relaisgourmet.com\/it\/wp-json\/wp\/v2\/product\/42005\/revisions"}],"wp:featuredmedia":[{"embeddable":true,"href":"https:\/\/relaisgourmet.com\/it\/wp-json\/wp\/v2\/media\/40226"}],"wp:attachment":[{"href":"https:\/\/relaisgourmet.com\/it\/wp-json\/wp\/v2\/media?parent=42005"}],"wp:term":[{"taxonomy":"product_brand","embeddable":true,"href":"https:\/\/relaisgourmet.com\/it\/wp-json\/wp\/v2\/product_brand?post=42005"},{"taxonomy":"product_cat","embeddable":true,"href":"https:\/\/relaisgourmet.com\/it\/wp-json\/wp\/v2\/product_cat?post=42005"},{"taxonomy":"product_tag","embeddable":true,"href":"https:\/\/relaisgourmet.com\/it\/wp-json\/wp\/v2\/product_tag?post=42005"},{"taxonomy":"giftcard-category","embeddable":true,"href":"https:\/\/relaisgourmet.com\/it\/wp-json\/wp\/v2\/giftcard-category?post=42005"}],"curies":[{"name":"wp","href":"https:\/\/api.w.org\/{rel}","templated":true}]}}