{"id":41985,"date":"2021-11-22T10:37:23","date_gmt":"2021-11-22T09:37:23","guid":{"rendered":"https:\/\/relaisgourmet.com\/produit\/cuocere-il-foie-gras\/"},"modified":"2025-04-12T23:05:06","modified_gmt":"2025-04-12T21:05:06","slug":"cuocere-il-foie-gras","status":"publish","type":"product","link":"https:\/\/relaisgourmet.com\/it\/prodotto\/cuocere-il-foie-gras\/","title":{"rendered":"Cucinare il foie gras"},"content":{"rendered":"<h2>Cucinare Foie Gras \u00e8 un alleato indispensabile per tutti gli amanti del foie gras, dai cuochi in erba ai pi\u00f9 esperti.<\/h2>\n<p>&nbsp;<\/p>\n<p>Questo libro offre <strong>una serie di ricette semplici ed efficaci<\/strong> per preparare e cucinare il Foie Gras, con <strong>consigli<\/strong> sulla <strong>scelta del foie gras<\/strong> e sulle <strong>tecniche di preparazione<\/strong>. Le ricette proposte includono<strong> piatti classici<\/strong> come il<strong> foie gras in padella<\/strong> e<strong> creazioni pi\u00f9 innovative<\/strong> come il foie gras in crosta di pan di zenzero.<\/p>\n<p>Oltre alle ricette, il libro fornisce anche informazioni sulla storia e sulla cultura del foie gras, nonch\u00e9 <strong>consigli sulla scelta dei vini<\/strong> e degli accompagnamenti <strong>migliori<\/strong> per ogni piatto.<\/p>\n<p>Con questo e-book, il Foie Gras non avr\u00e0 pi\u00f9 segreti per te! \u00c8 il momento di concedere a te stesso e ai tuoi cari qualche dolcetto festivo.<\/p>\n<p>Puoi trovare tutti i nostri consigli per preparare il foies gras sul nostro <a href=\"https:\/\/relaisgourmet.com\/index.php\/blog-foies-gras-actualite\/\">blog<\/a> e tutti i nostri prodotti sul negozio Relais Gourmet.<\/p>\n<p>Non esitare a visitare il nostro <a href=\"https:\/\/relaisgourmet.com\/index.php\/blog-foies-gras-actualite\/\">blog<\/a> per scoprire le nostre <a href=\"\/?page_id=33979\">ricette <\/a>e altri nuovi prodotti.<\/p>\n<p>Per un pasto da gourmet, perch\u00e9 non completare il tutto con dei deliziosi Turrones <a href=\"https:\/\/mariasimona.com\/\">Maria Simona <\/a>?<\/p>\n","protected":false},"excerpt":{"rendered":"<p>Il foie gras rimane una prelibatezza eccezionale. Con questo ebook potrai cucinarlo in terrine, scaloppine, ravioles, insalate&#8230;<\/p>\n<p>\u00c8 ricco di ricette gourmet (antipasti, piatti principali e dessert) per deliziare e sorprendere le tue papille gustative.<\/p>\n<p>Esempi di ricette: Macaron con Foie Gras, Tacchino ripieno di Foie Gras e castagne, Verdure invernali con Foie Gras&#8230;.<\/p>\n<p>Diventerai un &#8220;esperto&#8221; nella facile preparazione del tuo Foies Gras!<\/p>\n","protected":false},"featured_media":39702,"comment_status":"closed","ping_status":"closed","template":"","meta":[],"product_brand":[],"product_cat":[1199],"product_tag":[2551,1860,2109],"giftcard-category":[],"class_list":{"0":"post-41985","1":"product","2":"type-product","3":"status-publish","4":"has-post-thumbnail","6":"product_cat-ebook-it","7":"product_tag-cuoco","8":"product_tag-ebook-it","9":"product_tag-foie-gras-it","10":"product_shipping_class-standard-it","12":"first","13":"instock","14":"downloadable","15":"virtual","16":"taxable","17":"purchasable","18":"product-type-simple"},"yoast_head":"<!-- This site is optimized with the Yoast SEO Premium plugin v27.0 (Yoast SEO v27.0) - https:\/\/yoast.com\/product\/yoast-seo-premium-wordpress\/ -->\n<title>Cucina con il nostro foie gras artigianale<\/title>\n<meta name=\"description\" content=\"Cucinare il Foie Gras: idee, consigli e ispirazione per ricette da chef a casa tua.\" \/>\n<meta name=\"robots\" content=\"index, follow, max-snippet:-1, max-image-preview:large, max-video-preview:-1\" \/>\n<link rel=\"canonical\" href=\"https:\/\/relaisgourmet.com\/it\/prodotto\/cuocere-il-foie-gras\/\" \/>\n<meta property=\"og:locale\" content=\"it_IT\" \/>\n<meta property=\"og:type\" content=\"article\" \/>\n<meta property=\"og:title\" content=\"Cucinare il foie gras\" \/>\n<meta property=\"og:description\" content=\"Cucinare il Foie Gras: idee, consigli e ispirazione per ricette da chef a casa tua.\" \/>\n<meta property=\"og:url\" content=\"https:\/\/relaisgourmet.com\/it\/prodotto\/cuocere-il-foie-gras\/\" \/>\n<meta property=\"og:site_name\" content=\"Relais Gourmet\" \/>\n<meta property=\"article:publisher\" content=\"https:\/\/facebook.com\/yoast\" \/>\n<meta property=\"article:modified_time\" content=\"2025-04-12T21:05:06+00:00\" \/>\n<meta property=\"og:image\" content=\"https:\/\/relaisgourmet.com\/wp-content\/uploads\/2024\/09\/5-e1698754257552-1.jpg\" \/>\n\t<meta property=\"og:image:width\" content=\"1000\" \/>\n\t<meta property=\"og:image:height\" content=\"1179\" \/>\n\t<meta property=\"og:image:type\" content=\"image\/jpeg\" \/>\n<meta name=\"twitter:card\" content=\"summary_large_image\" \/>\n<meta name=\"twitter:label1\" content=\"Tempo di lettura stimato\" \/>\n\t<meta name=\"twitter:data1\" content=\"2 minuto\" \/>\n<script type=\"application\/ld+json\" class=\"yoast-schema-graph\">{\"@context\":\"https:\/\/schema.org\",\"@graph\":[{\"@type\":\"WebPage\",\"@id\":\"https:\/\/relaisgourmet.com\/it\/prodotto\/cuocere-il-foie-gras\/\",\"url\":\"https:\/\/relaisgourmet.com\/it\/prodotto\/cuocere-il-foie-gras\/\",\"name\":\"Cucina con il nostro foie gras artigianale\",\"isPartOf\":{\"@id\":\"https:\/\/relaisgourmet.com\/it\/#website\"},\"primaryImageOfPage\":{\"@id\":\"https:\/\/relaisgourmet.com\/it\/prodotto\/cuocere-il-foie-gras\/#primaryimage\"},\"image\":{\"@id\":\"https:\/\/relaisgourmet.com\/it\/prodotto\/cuocere-il-foie-gras\/#primaryimage\"},\"thumbnailUrl\":\"https:\/\/relaisgourmet.com\/wp-content\/uploads\/2024\/09\/5-e1698754257552-1.jpg\",\"datePublished\":\"2021-11-22T09:37:23+00:00\",\"dateModified\":\"2025-04-12T21:05:06+00:00\",\"description\":\"Cucinare il Foie Gras: idee, consigli e ispirazione per ricette da chef a casa tua.\",\"breadcrumb\":{\"@id\":\"https:\/\/relaisgourmet.com\/it\/prodotto\/cuocere-il-foie-gras\/#breadcrumb\"},\"inLanguage\":\"it-IT\",\"potentialAction\":[{\"@type\":\"ReadAction\",\"target\":[\"https:\/\/relaisgourmet.com\/it\/prodotto\/cuocere-il-foie-gras\/\"]}]},{\"@type\":\"ImageObject\",\"inLanguage\":\"it-IT\",\"@id\":\"https:\/\/relaisgourmet.com\/it\/prodotto\/cuocere-il-foie-gras\/#primaryimage\",\"url\":\"https:\/\/relaisgourmet.com\/wp-content\/uploads\/2024\/09\/5-e1698754257552-1.jpg\",\"contentUrl\":\"https:\/\/relaisgourmet.com\/wp-content\/uploads\/2024\/09\/5-e1698754257552-1.jpg\",\"width\":1000,\"height\":1179,\"caption\":\"alt Cuisiner le Foie Gras\"},{\"@type\":\"BreadcrumbList\",\"@id\":\"https:\/\/relaisgourmet.com\/it\/prodotto\/cuocere-il-foie-gras\/#breadcrumb\",\"itemListElement\":[{\"@type\":\"ListItem\",\"position\":1,\"name\":\"Casa\",\"item\":\"https:\/\/relaisgourmet.com\/it\/\"},{\"@type\":\"ListItem\",\"position\":2,\"name\":\"Foie Gras autentico\",\"item\":\"https:\/\/relaisgourmet.com\/it\/foie-gras-autentico\/\"},{\"@type\":\"ListItem\",\"position\":3,\"name\":\"Cucinare il foie gras\"}]},{\"@type\":\"WebSite\",\"@id\":\"https:\/\/relaisgourmet.com\/it\/#website\",\"url\":\"https:\/\/relaisgourmet.com\/it\/\",\"name\":\"Relais Gourmet\",\"description\":\"Maison Gastronomique au Pays-Basque Depuis 2004\",\"publisher\":{\"@id\":\"https:\/\/relaisgourmet.com\/it\/#organization\"},\"potentialAction\":[{\"@type\":\"SearchAction\",\"target\":{\"@type\":\"EntryPoint\",\"urlTemplate\":\"https:\/\/relaisgourmet.com\/it\/?s={search_term_string}\"},\"query-input\":{\"@type\":\"PropertyValueSpecification\",\"valueRequired\":true,\"valueName\":\"search_term_string\"}}],\"inLanguage\":\"it-IT\"},{\"@type\":\"Organization\",\"@id\":\"https:\/\/relaisgourmet.com\/it\/#organization\",\"name\":\"Relais Gourmet\",\"url\":\"https:\/\/relaisgourmet.com\/it\/\",\"logo\":{\"@type\":\"ImageObject\",\"inLanguage\":\"it-IT\",\"@id\":\"https:\/\/relaisgourmet.com\/it\/#\/schema\/logo\/image\/\",\"url\":\"https:\/\/relaisgourmet.com\/wp-content\/uploads\/2024\/11\/Diseno-sin-titulo-8.jpg\",\"contentUrl\":\"https:\/\/relaisgourmet.com\/wp-content\/uploads\/2024\/11\/Diseno-sin-titulo-8.jpg\",\"width\":500,\"height\":500,\"caption\":\"Relais Gourmet\"},\"image\":{\"@id\":\"https:\/\/relaisgourmet.com\/it\/#\/schema\/logo\/image\/\"},\"sameAs\":[\"https:\/\/facebook.com\/yoast\",\"https:\/\/instagram.com\/yoast\"]}]}<\/script>\n<!-- \/ Yoast SEO Premium plugin. -->","yoast_head_json":{"title":"Cucina con il nostro foie gras artigianale","description":"Cucinare il Foie Gras: idee, consigli e ispirazione per ricette da chef a casa tua.","robots":{"index":"index","follow":"follow","max-snippet":"max-snippet:-1","max-image-preview":"max-image-preview:large","max-video-preview":"max-video-preview:-1"},"canonical":"https:\/\/relaisgourmet.com\/it\/prodotto\/cuocere-il-foie-gras\/","og_locale":"it_IT","og_type":"article","og_title":"Cucinare il foie gras","og_description":"Cucinare il Foie Gras: idee, consigli e ispirazione per ricette da chef a casa tua.","og_url":"https:\/\/relaisgourmet.com\/it\/prodotto\/cuocere-il-foie-gras\/","og_site_name":"Relais Gourmet","article_publisher":"https:\/\/facebook.com\/yoast","article_modified_time":"2025-04-12T21:05:06+00:00","og_image":[{"width":1000,"height":1179,"url":"https:\/\/relaisgourmet.com\/wp-content\/uploads\/2024\/09\/5-e1698754257552-1.jpg","type":"image\/jpeg"}],"twitter_card":"summary_large_image","twitter_misc":{"Tempo di lettura stimato":"2 minuto"},"schema":{"@context":"https:\/\/schema.org","@graph":[{"@type":"WebPage","@id":"https:\/\/relaisgourmet.com\/it\/prodotto\/cuocere-il-foie-gras\/","url":"https:\/\/relaisgourmet.com\/it\/prodotto\/cuocere-il-foie-gras\/","name":"Cucina con il nostro foie gras artigianale","isPartOf":{"@id":"https:\/\/relaisgourmet.com\/it\/#website"},"primaryImageOfPage":{"@id":"https:\/\/relaisgourmet.com\/it\/prodotto\/cuocere-il-foie-gras\/#primaryimage"},"image":{"@id":"https:\/\/relaisgourmet.com\/it\/prodotto\/cuocere-il-foie-gras\/#primaryimage"},"thumbnailUrl":"https:\/\/relaisgourmet.com\/wp-content\/uploads\/2024\/09\/5-e1698754257552-1.jpg","datePublished":"2021-11-22T09:37:23+00:00","dateModified":"2025-04-12T21:05:06+00:00","description":"Cucinare il Foie Gras: idee, consigli e ispirazione per ricette da chef a casa tua.","breadcrumb":{"@id":"https:\/\/relaisgourmet.com\/it\/prodotto\/cuocere-il-foie-gras\/#breadcrumb"},"inLanguage":"it-IT","potentialAction":[{"@type":"ReadAction","target":["https:\/\/relaisgourmet.com\/it\/prodotto\/cuocere-il-foie-gras\/"]}]},{"@type":"ImageObject","inLanguage":"it-IT","@id":"https:\/\/relaisgourmet.com\/it\/prodotto\/cuocere-il-foie-gras\/#primaryimage","url":"https:\/\/relaisgourmet.com\/wp-content\/uploads\/2024\/09\/5-e1698754257552-1.jpg","contentUrl":"https:\/\/relaisgourmet.com\/wp-content\/uploads\/2024\/09\/5-e1698754257552-1.jpg","width":1000,"height":1179,"caption":"alt Cuisiner le Foie Gras"},{"@type":"BreadcrumbList","@id":"https:\/\/relaisgourmet.com\/it\/prodotto\/cuocere-il-foie-gras\/#breadcrumb","itemListElement":[{"@type":"ListItem","position":1,"name":"Casa","item":"https:\/\/relaisgourmet.com\/it\/"},{"@type":"ListItem","position":2,"name":"Foie Gras autentico","item":"https:\/\/relaisgourmet.com\/it\/foie-gras-autentico\/"},{"@type":"ListItem","position":3,"name":"Cucinare il foie gras"}]},{"@type":"WebSite","@id":"https:\/\/relaisgourmet.com\/it\/#website","url":"https:\/\/relaisgourmet.com\/it\/","name":"Relais Gourmet","description":"Maison Gastronomique au Pays-Basque Depuis 2004","publisher":{"@id":"https:\/\/relaisgourmet.com\/it\/#organization"},"potentialAction":[{"@type":"SearchAction","target":{"@type":"EntryPoint","urlTemplate":"https:\/\/relaisgourmet.com\/it\/?s={search_term_string}"},"query-input":{"@type":"PropertyValueSpecification","valueRequired":true,"valueName":"search_term_string"}}],"inLanguage":"it-IT"},{"@type":"Organization","@id":"https:\/\/relaisgourmet.com\/it\/#organization","name":"Relais Gourmet","url":"https:\/\/relaisgourmet.com\/it\/","logo":{"@type":"ImageObject","inLanguage":"it-IT","@id":"https:\/\/relaisgourmet.com\/it\/#\/schema\/logo\/image\/","url":"https:\/\/relaisgourmet.com\/wp-content\/uploads\/2024\/11\/Diseno-sin-titulo-8.jpg","contentUrl":"https:\/\/relaisgourmet.com\/wp-content\/uploads\/2024\/11\/Diseno-sin-titulo-8.jpg","width":500,"height":500,"caption":"Relais Gourmet"},"image":{"@id":"https:\/\/relaisgourmet.com\/it\/#\/schema\/logo\/image\/"},"sameAs":["https:\/\/facebook.com\/yoast","https:\/\/instagram.com\/yoast"]}]}},"_links":{"self":[{"href":"https:\/\/relaisgourmet.com\/it\/wp-json\/wp\/v2\/product\/41985","targetHints":{"allow":["GET"]}}],"collection":[{"href":"https:\/\/relaisgourmet.com\/it\/wp-json\/wp\/v2\/product"}],"about":[{"href":"https:\/\/relaisgourmet.com\/it\/wp-json\/wp\/v2\/types\/product"}],"replies":[{"embeddable":true,"href":"https:\/\/relaisgourmet.com\/it\/wp-json\/wp\/v2\/comments?post=41985"}],"version-history":[{"count":1,"href":"https:\/\/relaisgourmet.com\/it\/wp-json\/wp\/v2\/product\/41985\/revisions"}],"predecessor-version":[{"id":54861,"href":"https:\/\/relaisgourmet.com\/it\/wp-json\/wp\/v2\/product\/41985\/revisions\/54861"}],"wp:featuredmedia":[{"embeddable":true,"href":"https:\/\/relaisgourmet.com\/it\/wp-json\/wp\/v2\/media\/39702"}],"wp:attachment":[{"href":"https:\/\/relaisgourmet.com\/it\/wp-json\/wp\/v2\/media?parent=41985"}],"wp:term":[{"taxonomy":"product_brand","embeddable":true,"href":"https:\/\/relaisgourmet.com\/it\/wp-json\/wp\/v2\/product_brand?post=41985"},{"taxonomy":"product_cat","embeddable":true,"href":"https:\/\/relaisgourmet.com\/it\/wp-json\/wp\/v2\/product_cat?post=41985"},{"taxonomy":"product_tag","embeddable":true,"href":"https:\/\/relaisgourmet.com\/it\/wp-json\/wp\/v2\/product_tag?post=41985"},{"taxonomy":"giftcard-category","embeddable":true,"href":"https:\/\/relaisgourmet.com\/it\/wp-json\/wp\/v2\/giftcard-category?post=41985"}],"curies":[{"name":"wp","href":"https:\/\/api.w.org\/{rel}","templated":true}]}}