{"id":41951,"date":"2013-10-07T08:25:37","date_gmt":"2013-10-07T06:25:37","guid":{"rendered":"https:\/\/relaisgourmet.com\/produit\/foie-gras-al-tartufo-nero\/"},"modified":"2025-04-12T23:04:57","modified_gmt":"2025-04-12T21:04:57","slug":"foie-gras-al-tartufo-nero","status":"publish","type":"product","link":"https:\/\/relaisgourmet.com\/it\/prodotto\/foie-gras-al-tartufo-nero\/","title":{"rendered":"Foie Gras integrale con tartufo nero"},"content":{"rendered":"<p><span style=\"font-weight: 400;\">Scopri l&#8217;eleganza culinaria con il nostro <\/span><b>Foie Gras intero con tartufo nero (Tuber Melanosporum).<\/b><span style=\"font-weight: 400;\">  Una specialit\u00e0 che definisce il lusso e il gusto raffinato. Ogni boccone \u00e8 una celebrazione dell&#8217;eleganza, in cui l&#8217;intensit\u00e0 della<\/span> <b> Tartufo nero del P\u00e9rigord <\/b><span style=\"font-weight: 400;\">si integra perfettamente con la consistenza cremosa di questa specialit\u00e0 culinaria.<\/span><\/p>\n<p><b>Garantito senza conservanti, additivi e coloranti.<\/b><\/p>\n<p><b>Ingredienti : <\/b><span style=\"font-weight: 400;\">Foie Gras d&#8217;anatra intero, tartufi neri (Tuber Melanosporum, 3%),<\/span><span style=\"font-weight: 400;\"> sale e pepe.<\/span><\/p>\n<p><b>Durata di conservazione :<\/b><span style=\"font-weight: 400;\"> 3 anni a temperatura ambiente. <\/span><span style=\"font-weight: 400;\">Dopo l&#8217;apertura, consumare entro 15 giorni e conservare in frigorifero.<\/span><\/p>\n<p><span style=\"font-weight: 400;\">Puoi trovare tutti i nostri consigli di preparazione nella sezione <a href=\"\/?page_id=33969\">Blog<\/a> e sulla nostra pagina <a href=\"https:\/\/www.instagram.com\/relaisgourmetofficiel\/\">Instagram<\/a>.<\/span><\/p>\n","protected":false},"excerpt":{"rendered":"<p>Il mix perfetto di raffinatezza ed eleganza.<\/p>\n<p>\ud83c\uddeb\ud83c\uddf7 Garanzia di produzione 100% francese<br \/>\n\u2714 Garantito senza conservanti, additivi o coloranti.<br \/>\n\ud83c\udf43 Anatre alimentate con mais giallo<br \/>\n\ud83d\ude9a Consegna veloce in tutto il mondo<br \/>\n\ud83d\udd53 Si conserva per 3 anni<br \/>\n\ud83d\udd10 Pagamento sicuro<\/p>\n","protected":false},"featured_media":57410,"comment_status":"closed","ping_status":"closed","template":"","meta":[],"product_brand":[],"product_cat":[1303,1296],"product_tag":[1263,1841,2429,2435,2430,2431,2432,2434,2437,2428,2433,2003,2436],"giftcard-category":[],"class_list":{"0":"post-41951","1":"product","2":"type-product","3":"status-publish","4":"has-post-thumbnail","6":"product_cat-foie-gras-classico","7":"product_cat-il-nostro-foie-gras","8":"product_tag-200g-it","9":"product_tag-4-5-personen-it","10":"product_tag-foie-gras-con-tartufi-it","11":"product_tag-foie-gras-con-tartufo-nero-it-2","12":"product_tag-foie-gras-con-tartufo-nero-it","13":"product_tag-foie-gras-perigord-it","14":"product_tag-foie-gras-tartufato-it","15":"product_tag-foie-gras-tartufato-it-2","16":"product_tag-il-miglior-foie-gras-it","17":"product_tag-ottimo-foie-gras","18":"product_tag-tartufi-di-foie-gras-it","19":"product_tag-tipoclasico-it","20":"product_tag-volte-grassa-it","21":"product_shipping_class-tva-5-5-it","23":"first","24":"instock","25":"taxable","26":"shipping-taxable","27":"purchasable","28":"product-type-simple"},"yoast_head":"<!-- This site is optimized with the Yoast SEO Premium plugin v27.0 (Yoast SEO v27.0) - https:\/\/yoast.com\/product\/yoast-seo-premium-wordpress\/ -->\n<title>Foie gras intero con tartufo nero<\/title>\n<meta name=\"description\" content=\"Foie Gras con tartufo nero: lusso e sapore intenso per un&#039;esperienza esclusiva.\" \/>\n<meta name=\"robots\" content=\"index, follow, max-snippet:-1, max-image-preview:large, max-video-preview:-1\" \/>\n<link rel=\"canonical\" href=\"https:\/\/relaisgourmet.com\/it\/prodotto\/foie-gras-al-tartufo-nero\/\" \/>\n<meta property=\"og:locale\" content=\"it_IT\" \/>\n<meta property=\"og:type\" content=\"article\" \/>\n<meta property=\"og:title\" content=\"Foie Gras integrale con tartufo nero\" \/>\n<meta property=\"og:description\" content=\"Foie Gras con tartufo nero: lusso e sapore intenso per un&#039;esperienza esclusiva.\" \/>\n<meta property=\"og:url\" content=\"https:\/\/relaisgourmet.com\/it\/prodotto\/foie-gras-al-tartufo-nero\/\" \/>\n<meta property=\"og:site_name\" content=\"Relais Gourmet\" \/>\n<meta property=\"article:publisher\" content=\"https:\/\/facebook.com\/yoast\" \/>\n<meta property=\"article:modified_time\" content=\"2025-04-12T21:04:57+00:00\" \/>\n<meta property=\"og:image\" content=\"https:\/\/relaisgourmet.com\/wp-content\/uploads\/2024\/09\/Capture-decran-2024-04-18-113415-1.png\" \/>\n\t<meta property=\"og:image:width\" content=\"653\" \/>\n\t<meta property=\"og:image:height\" content=\"591\" \/>\n\t<meta property=\"og:image:type\" content=\"image\/png\" \/>\n<meta name=\"twitter:card\" content=\"summary_large_image\" \/>\n<meta name=\"twitter:label1\" content=\"Tempo di lettura stimato\" \/>\n\t<meta name=\"twitter:data1\" content=\"1 minuto\" \/>\n<script type=\"application\/ld+json\" class=\"yoast-schema-graph\">{\"@context\":\"https:\/\/schema.org\",\"@graph\":[{\"@type\":\"WebPage\",\"@id\":\"https:\/\/relaisgourmet.com\/it\/prodotto\/foie-gras-al-tartufo-nero\/\",\"url\":\"https:\/\/relaisgourmet.com\/it\/prodotto\/foie-gras-al-tartufo-nero\/\",\"name\":\"Foie gras intero con tartufo nero\",\"isPartOf\":{\"@id\":\"https:\/\/relaisgourmet.com\/it\/#website\"},\"primaryImageOfPage\":{\"@id\":\"https:\/\/relaisgourmet.com\/it\/prodotto\/foie-gras-al-tartufo-nero\/#primaryimage\"},\"image\":{\"@id\":\"https:\/\/relaisgourmet.com\/it\/prodotto\/foie-gras-al-tartufo-nero\/#primaryimage\"},\"thumbnailUrl\":\"https:\/\/relaisgourmet.com\/wp-content\/uploads\/2013\/10\/Truffe.png\",\"datePublished\":\"2013-10-07T06:25:37+00:00\",\"dateModified\":\"2025-04-12T21:04:57+00:00\",\"description\":\"Foie Gras con tartufo nero: lusso e sapore intenso per un'esperienza esclusiva.\",\"breadcrumb\":{\"@id\":\"https:\/\/relaisgourmet.com\/it\/prodotto\/foie-gras-al-tartufo-nero\/#breadcrumb\"},\"inLanguage\":\"it-IT\",\"potentialAction\":[{\"@type\":\"ReadAction\",\"target\":[\"https:\/\/relaisgourmet.com\/it\/prodotto\/foie-gras-al-tartufo-nero\/\"]}]},{\"@type\":\"ImageObject\",\"inLanguage\":\"it-IT\",\"@id\":\"https:\/\/relaisgourmet.com\/it\/prodotto\/foie-gras-al-tartufo-nero\/#primaryimage\",\"url\":\"https:\/\/relaisgourmet.com\/wp-content\/uploads\/2013\/10\/Truffe.png\",\"contentUrl\":\"https:\/\/relaisgourmet.com\/wp-content\/uploads\/2013\/10\/Truffe.png\",\"width\":1000,\"height\":1000,\"caption\":\"Truffe noire Tuber melanosporum, ingr\u00e9dient du Foie Gras d\u2019exception\"},{\"@type\":\"BreadcrumbList\",\"@id\":\"https:\/\/relaisgourmet.com\/it\/prodotto\/foie-gras-al-tartufo-nero\/#breadcrumb\",\"itemListElement\":[{\"@type\":\"ListItem\",\"position\":1,\"name\":\"Casa\",\"item\":\"https:\/\/relaisgourmet.com\/it\/\"},{\"@type\":\"ListItem\",\"position\":2,\"name\":\"Foie Gras autentico\",\"item\":\"https:\/\/relaisgourmet.com\/it\/foie-gras-autentico\/\"},{\"@type\":\"ListItem\",\"position\":3,\"name\":\"Foie Gras integrale con tartufo nero\"}]},{\"@type\":\"WebSite\",\"@id\":\"https:\/\/relaisgourmet.com\/it\/#website\",\"url\":\"https:\/\/relaisgourmet.com\/it\/\",\"name\":\"Relais Gourmet\",\"description\":\"Maison Gastronomique au Pays-Basque Depuis 2004\",\"publisher\":{\"@id\":\"https:\/\/relaisgourmet.com\/it\/#organization\"},\"potentialAction\":[{\"@type\":\"SearchAction\",\"target\":{\"@type\":\"EntryPoint\",\"urlTemplate\":\"https:\/\/relaisgourmet.com\/it\/?s={search_term_string}\"},\"query-input\":{\"@type\":\"PropertyValueSpecification\",\"valueRequired\":true,\"valueName\":\"search_term_string\"}}],\"inLanguage\":\"it-IT\"},{\"@type\":\"Organization\",\"@id\":\"https:\/\/relaisgourmet.com\/it\/#organization\",\"name\":\"Relais Gourmet\",\"url\":\"https:\/\/relaisgourmet.com\/it\/\",\"logo\":{\"@type\":\"ImageObject\",\"inLanguage\":\"it-IT\",\"@id\":\"https:\/\/relaisgourmet.com\/it\/#\/schema\/logo\/image\/\",\"url\":\"https:\/\/relaisgourmet.com\/wp-content\/uploads\/2024\/11\/Diseno-sin-titulo-8.jpg\",\"contentUrl\":\"https:\/\/relaisgourmet.com\/wp-content\/uploads\/2024\/11\/Diseno-sin-titulo-8.jpg\",\"width\":500,\"height\":500,\"caption\":\"Relais Gourmet\"},\"image\":{\"@id\":\"https:\/\/relaisgourmet.com\/it\/#\/schema\/logo\/image\/\"},\"sameAs\":[\"https:\/\/facebook.com\/yoast\",\"https:\/\/instagram.com\/yoast\"]}]}<\/script>\n<!-- \/ Yoast SEO Premium plugin. -->","yoast_head_json":{"title":"Foie gras intero con tartufo nero","description":"Foie Gras con tartufo nero: lusso e sapore intenso per un'esperienza esclusiva.","robots":{"index":"index","follow":"follow","max-snippet":"max-snippet:-1","max-image-preview":"max-image-preview:large","max-video-preview":"max-video-preview:-1"},"canonical":"https:\/\/relaisgourmet.com\/it\/prodotto\/foie-gras-al-tartufo-nero\/","og_locale":"it_IT","og_type":"article","og_title":"Foie Gras integrale con tartufo nero","og_description":"Foie Gras con tartufo nero: lusso e sapore intenso per un'esperienza esclusiva.","og_url":"https:\/\/relaisgourmet.com\/it\/prodotto\/foie-gras-al-tartufo-nero\/","og_site_name":"Relais Gourmet","article_publisher":"https:\/\/facebook.com\/yoast","article_modified_time":"2025-04-12T21:04:57+00:00","og_image":[{"width":653,"height":591,"url":"https:\/\/relaisgourmet.com\/wp-content\/uploads\/2024\/09\/Capture-decran-2024-04-18-113415-1.png","type":"image\/png"}],"twitter_card":"summary_large_image","twitter_misc":{"Tempo di lettura stimato":"1 minuto"},"schema":{"@context":"https:\/\/schema.org","@graph":[{"@type":"WebPage","@id":"https:\/\/relaisgourmet.com\/it\/prodotto\/foie-gras-al-tartufo-nero\/","url":"https:\/\/relaisgourmet.com\/it\/prodotto\/foie-gras-al-tartufo-nero\/","name":"Foie gras intero con tartufo nero","isPartOf":{"@id":"https:\/\/relaisgourmet.com\/it\/#website"},"primaryImageOfPage":{"@id":"https:\/\/relaisgourmet.com\/it\/prodotto\/foie-gras-al-tartufo-nero\/#primaryimage"},"image":{"@id":"https:\/\/relaisgourmet.com\/it\/prodotto\/foie-gras-al-tartufo-nero\/#primaryimage"},"thumbnailUrl":"https:\/\/relaisgourmet.com\/wp-content\/uploads\/2013\/10\/Truffe.png","datePublished":"2013-10-07T06:25:37+00:00","dateModified":"2025-04-12T21:04:57+00:00","description":"Foie Gras con tartufo nero: lusso e sapore intenso per un'esperienza esclusiva.","breadcrumb":{"@id":"https:\/\/relaisgourmet.com\/it\/prodotto\/foie-gras-al-tartufo-nero\/#breadcrumb"},"inLanguage":"it-IT","potentialAction":[{"@type":"ReadAction","target":["https:\/\/relaisgourmet.com\/it\/prodotto\/foie-gras-al-tartufo-nero\/"]}]},{"@type":"ImageObject","inLanguage":"it-IT","@id":"https:\/\/relaisgourmet.com\/it\/prodotto\/foie-gras-al-tartufo-nero\/#primaryimage","url":"https:\/\/relaisgourmet.com\/wp-content\/uploads\/2013\/10\/Truffe.png","contentUrl":"https:\/\/relaisgourmet.com\/wp-content\/uploads\/2013\/10\/Truffe.png","width":1000,"height":1000,"caption":"Truffe noire Tuber melanosporum, ingr\u00e9dient du Foie Gras d\u2019exception"},{"@type":"BreadcrumbList","@id":"https:\/\/relaisgourmet.com\/it\/prodotto\/foie-gras-al-tartufo-nero\/#breadcrumb","itemListElement":[{"@type":"ListItem","position":1,"name":"Casa","item":"https:\/\/relaisgourmet.com\/it\/"},{"@type":"ListItem","position":2,"name":"Foie Gras autentico","item":"https:\/\/relaisgourmet.com\/it\/foie-gras-autentico\/"},{"@type":"ListItem","position":3,"name":"Foie Gras integrale con tartufo nero"}]},{"@type":"WebSite","@id":"https:\/\/relaisgourmet.com\/it\/#website","url":"https:\/\/relaisgourmet.com\/it\/","name":"Relais Gourmet","description":"Maison Gastronomique au Pays-Basque Depuis 2004","publisher":{"@id":"https:\/\/relaisgourmet.com\/it\/#organization"},"potentialAction":[{"@type":"SearchAction","target":{"@type":"EntryPoint","urlTemplate":"https:\/\/relaisgourmet.com\/it\/?s={search_term_string}"},"query-input":{"@type":"PropertyValueSpecification","valueRequired":true,"valueName":"search_term_string"}}],"inLanguage":"it-IT"},{"@type":"Organization","@id":"https:\/\/relaisgourmet.com\/it\/#organization","name":"Relais Gourmet","url":"https:\/\/relaisgourmet.com\/it\/","logo":{"@type":"ImageObject","inLanguage":"it-IT","@id":"https:\/\/relaisgourmet.com\/it\/#\/schema\/logo\/image\/","url":"https:\/\/relaisgourmet.com\/wp-content\/uploads\/2024\/11\/Diseno-sin-titulo-8.jpg","contentUrl":"https:\/\/relaisgourmet.com\/wp-content\/uploads\/2024\/11\/Diseno-sin-titulo-8.jpg","width":500,"height":500,"caption":"Relais Gourmet"},"image":{"@id":"https:\/\/relaisgourmet.com\/it\/#\/schema\/logo\/image\/"},"sameAs":["https:\/\/facebook.com\/yoast","https:\/\/instagram.com\/yoast"]}]}},"_links":{"self":[{"href":"https:\/\/relaisgourmet.com\/it\/wp-json\/wp\/v2\/product\/41951","targetHints":{"allow":["GET"]}}],"collection":[{"href":"https:\/\/relaisgourmet.com\/it\/wp-json\/wp\/v2\/product"}],"about":[{"href":"https:\/\/relaisgourmet.com\/it\/wp-json\/wp\/v2\/types\/product"}],"replies":[{"embeddable":true,"href":"https:\/\/relaisgourmet.com\/it\/wp-json\/wp\/v2\/comments?post=41951"}],"version-history":[{"count":1,"href":"https:\/\/relaisgourmet.com\/it\/wp-json\/wp\/v2\/product\/41951\/revisions"}],"predecessor-version":[{"id":54848,"href":"https:\/\/relaisgourmet.com\/it\/wp-json\/wp\/v2\/product\/41951\/revisions\/54848"}],"wp:featuredmedia":[{"embeddable":true,"href":"https:\/\/relaisgourmet.com\/it\/wp-json\/wp\/v2\/media\/57410"}],"wp:attachment":[{"href":"https:\/\/relaisgourmet.com\/it\/wp-json\/wp\/v2\/media?parent=41951"}],"wp:term":[{"taxonomy":"product_brand","embeddable":true,"href":"https:\/\/relaisgourmet.com\/it\/wp-json\/wp\/v2\/product_brand?post=41951"},{"taxonomy":"product_cat","embeddable":true,"href":"https:\/\/relaisgourmet.com\/it\/wp-json\/wp\/v2\/product_cat?post=41951"},{"taxonomy":"product_tag","embeddable":true,"href":"https:\/\/relaisgourmet.com\/it\/wp-json\/wp\/v2\/product_tag?post=41951"},{"taxonomy":"giftcard-category","embeddable":true,"href":"https:\/\/relaisgourmet.com\/it\/wp-json\/wp\/v2\/giftcard-category?post=41951"}],"curies":[{"name":"wp","href":"https:\/\/api.w.org\/{rel}","templated":true}]}}