{"id":41943,"date":"2014-10-19T14:35:03","date_gmt":"2014-10-19T12:35:03","guid":{"rendered":"https:\/\/relaisgourmet.com\/produit\/aperitivo-gourmet-all-scalogni-canditi-180g-relais-gourmet\/"},"modified":"2025-04-12T22:40:18","modified_gmt":"2025-04-12T20:40:18","slug":"aperitivo-gourmet-all-scalogni-canditi-180g-relais-gourmet","status":"publish","type":"product","link":"https:\/\/relaisgourmet.com\/it\/prodotto\/aperitivo-gourmet-all-scalogni-canditi-180g-relais-gourmet\/","title":{"rendered":"Aperitivo gourmet con scalogno candito"},"content":{"rendered":"<p>Ogni boccone di questo aperitivo Gourmet allo scalogno \u00e8 pensato per risvegliare i sensi. Il suo sapore raffinato offre un&#8217;esperienza di gusto elegante e sofisticata. Ispirato alle migliori tradizioni culinarie, questo aperitivo Gourmet con scalogni canditi unisce competenza e autenticit\u00e0. Combina ingredienti meticolosamente selezionati per un&#8217;esperienza culinaria indimenticabile. \u00c8 una celebrazione della semplicit\u00e0 e della qualit\u00e0, per chi apprezza l&#8217;autenticit\u00e0 e il gusto reale di ingredienti accuratamente selezionati.<\/p>\n<p><b>Garantito senza conservanti, additivi e coloranti.<\/b><\/p>\n<p><b>Ingredienti:<\/b><span style=\"font-weight: 400;\"> lombo e gola di maiale, fegato di pollame, uova, scalogni canditi (4,9%), sale, pepe e aglio.<\/span><\/p>\n<p><b>Durata di conservazione:<\/b><span style=\"font-weight: 400;\"> 3 anni a temperatura ambiente. <\/span><span style=\"font-weight: 400;\">Dopo l&#8217;apertura, consuma entro 15 giorni e conserva in frigorifero.<\/span><\/p>\n<p>Trovi tutti i nostri consigli e trucchi nella sezione <a href=\"\/?page_id=33969\">Blog<\/a> e sulla nostra pagina <a href=\"https:\/\/www.instagram.com\/relaisgourmetofficiel\/\">Instagram<\/a>.<\/p>\n","protected":false},"excerpt":{"rendered":"<p>Una creazione che unisce raffinatezza e sapori ricchi in un unico boccone.<\/p>\n<p><img decoding=\"async\" class=\"emoji\" role=\"img\" src=\"https:\/\/s.w.org\/images\/core\/emoji\/15.0.3\/svg\/1f1eb-1f1f7.svg\" alt=\"\ud83c\uddeb\ud83c\uddf7\">  Garanzia di produzione 100% francese<br \/>\n\u2714 Garantito senza conservanti, additivi o coloranti.<br \/>\n\ud83c\udf43 Anatre alimentate con mais giallo<br \/>\n\ud83d\ude9aConsegna veloce in tutto il mondo<br \/>\n\ud83d\udd53 Si conserva per 3 anni<br \/>\n\ud83d\udd10 Pagamento sicuro<\/p>\n<p>Peso: 180 g<\/p>\n","protected":false},"featured_media":57763,"comment_status":"closed","ping_status":"closed","template":"","meta":[],"product_brand":[],"product_cat":[1271],"product_tag":[1255,1841,2110,2111,2113,2109,2114,2112,2115,2116],"giftcard-category":[],"class_list":{"0":"post-41943","1":"product","2":"type-product","3":"status-publish","4":"has-post-thumbnail","6":"product_cat-antipasti-spalmabili","7":"product_tag-180g-it","8":"product_tag-4-5-personen-it","9":"product_tag-aperitivo-it","10":"product_tag-aperitivo-it-2","11":"product_tag-estate-it","12":"product_tag-foie-gras-it","13":"product_tag-pate-di-scalogno","14":"product_tag-scalogni-canditi-it","15":"product_tag-terrina-di-scalogno","16":"product_tag-verrina-di-scalogno","17":"product_shipping_class-tva-5-5-it","19":"first","20":"instock","21":"sale","22":"taxable","23":"shipping-taxable","24":"purchasable","25":"product-type-simple"},"yoast_head":"<!-- This site is optimized with the Yoast SEO Premium plugin v27.0 (Yoast SEO v27.0) - https:\/\/yoast.com\/product\/yoast-seo-premium-wordpress\/ -->\n<title>Aperitivo gourmet con scalogni canditi<\/title>\n<meta name=\"description\" content=\"Con scalogno candito: un aperitivo gourmet dal gusto originale e sorprendente.\" \/>\n<meta name=\"robots\" content=\"index, follow, max-snippet:-1, max-image-preview:large, max-video-preview:-1\" \/>\n<link rel=\"canonical\" href=\"https:\/\/relaisgourmet.com\/it\/prodotto\/aperitivo-gourmet-all-scalogni-canditi-180g-relais-gourmet\/\" \/>\n<meta property=\"og:locale\" content=\"it_IT\" \/>\n<meta property=\"og:type\" content=\"article\" \/>\n<meta property=\"og:title\" content=\"Aperitivo gourmet con scalogno candito\" \/>\n<meta property=\"og:description\" content=\"Con scalogno candito: un aperitivo gourmet dal gusto originale e sorprendente.\" \/>\n<meta property=\"og:url\" content=\"https:\/\/relaisgourmet.com\/it\/prodotto\/aperitivo-gourmet-all-scalogni-canditi-180g-relais-gourmet\/\" \/>\n<meta property=\"og:site_name\" content=\"Relais Gourmet\" \/>\n<meta property=\"article:publisher\" content=\"https:\/\/facebook.com\/yoast\" \/>\n<meta property=\"article:modified_time\" content=\"2025-04-12T20:40:18+00:00\" \/>\n<meta property=\"og:image\" content=\"https:\/\/relaisgourmet.com\/wp-content\/uploads\/2024\/09\/apero-echalotes-1.jpg\" \/>\n\t<meta property=\"og:image:width\" content=\"1000\" \/>\n\t<meta property=\"og:image:height\" content=\"1000\" \/>\n\t<meta property=\"og:image:type\" content=\"image\/jpeg\" \/>\n<meta name=\"twitter:card\" content=\"summary_large_image\" \/>\n<meta name=\"twitter:label1\" content=\"Tempo di lettura stimato\" \/>\n\t<meta name=\"twitter:data1\" content=\"1 minuto\" \/>\n<script type=\"application\/ld+json\" class=\"yoast-schema-graph\">{\"@context\":\"https:\/\/schema.org\",\"@graph\":[{\"@type\":\"WebPage\",\"@id\":\"https:\/\/relaisgourmet.com\/it\/prodotto\/aperitivo-gourmet-all-scalogni-canditi-180g-relais-gourmet\/\",\"url\":\"https:\/\/relaisgourmet.com\/it\/prodotto\/aperitivo-gourmet-all-scalogni-canditi-180g-relais-gourmet\/\",\"name\":\"Aperitivo gourmet con scalogni canditi\",\"isPartOf\":{\"@id\":\"https:\/\/relaisgourmet.com\/it\/#website\"},\"primaryImageOfPage\":{\"@id\":\"https:\/\/relaisgourmet.com\/it\/prodotto\/aperitivo-gourmet-all-scalogni-canditi-180g-relais-gourmet\/#primaryimage\"},\"image\":{\"@id\":\"https:\/\/relaisgourmet.com\/it\/prodotto\/aperitivo-gourmet-all-scalogni-canditi-180g-relais-gourmet\/#primaryimage\"},\"thumbnailUrl\":\"https:\/\/relaisgourmet.com\/wp-content\/uploads\/2014\/10\/Apero-Echalottes-min.png\",\"datePublished\":\"2014-10-19T12:35:03+00:00\",\"dateModified\":\"2025-04-12T20:40:18+00:00\",\"description\":\"Con scalogno candito: un aperitivo gourmet dal gusto originale e sorprendente.\",\"breadcrumb\":{\"@id\":\"https:\/\/relaisgourmet.com\/it\/prodotto\/aperitivo-gourmet-all-scalogni-canditi-180g-relais-gourmet\/#breadcrumb\"},\"inLanguage\":\"it-IT\",\"potentialAction\":[{\"@type\":\"ReadAction\",\"target\":[\"https:\/\/relaisgourmet.com\/it\/prodotto\/aperitivo-gourmet-all-scalogni-canditi-180g-relais-gourmet\/\"]}]},{\"@type\":\"ImageObject\",\"inLanguage\":\"it-IT\",\"@id\":\"https:\/\/relaisgourmet.com\/it\/prodotto\/aperitivo-gourmet-all-scalogni-canditi-180g-relais-gourmet\/#primaryimage\",\"url\":\"https:\/\/relaisgourmet.com\/wp-content\/uploads\/2014\/10\/Apero-Echalottes-min.png\",\"contentUrl\":\"https:\/\/relaisgourmet.com\/wp-content\/uploads\/2014\/10\/Apero-Echalottes-min.png\",\"width\":1000,\"height\":1000},{\"@type\":\"BreadcrumbList\",\"@id\":\"https:\/\/relaisgourmet.com\/it\/prodotto\/aperitivo-gourmet-all-scalogni-canditi-180g-relais-gourmet\/#breadcrumb\",\"itemListElement\":[{\"@type\":\"ListItem\",\"position\":1,\"name\":\"Casa\",\"item\":\"https:\/\/relaisgourmet.com\/it\/\"},{\"@type\":\"ListItem\",\"position\":2,\"name\":\"Foie Gras autentico\",\"item\":\"https:\/\/relaisgourmet.com\/it\/foie-gras-autentico\/\"},{\"@type\":\"ListItem\",\"position\":3,\"name\":\"Aperitivo gourmet con scalogno candito\"}]},{\"@type\":\"WebSite\",\"@id\":\"https:\/\/relaisgourmet.com\/it\/#website\",\"url\":\"https:\/\/relaisgourmet.com\/it\/\",\"name\":\"Relais Gourmet\",\"description\":\"Maison Gastronomique au Pays-Basque Depuis 2004\",\"publisher\":{\"@id\":\"https:\/\/relaisgourmet.com\/it\/#organization\"},\"potentialAction\":[{\"@type\":\"SearchAction\",\"target\":{\"@type\":\"EntryPoint\",\"urlTemplate\":\"https:\/\/relaisgourmet.com\/it\/?s={search_term_string}\"},\"query-input\":{\"@type\":\"PropertyValueSpecification\",\"valueRequired\":true,\"valueName\":\"search_term_string\"}}],\"inLanguage\":\"it-IT\"},{\"@type\":\"Organization\",\"@id\":\"https:\/\/relaisgourmet.com\/it\/#organization\",\"name\":\"Relais Gourmet\",\"url\":\"https:\/\/relaisgourmet.com\/it\/\",\"logo\":{\"@type\":\"ImageObject\",\"inLanguage\":\"it-IT\",\"@id\":\"https:\/\/relaisgourmet.com\/it\/#\/schema\/logo\/image\/\",\"url\":\"https:\/\/relaisgourmet.com\/wp-content\/uploads\/2024\/11\/Diseno-sin-titulo-8.jpg\",\"contentUrl\":\"https:\/\/relaisgourmet.com\/wp-content\/uploads\/2024\/11\/Diseno-sin-titulo-8.jpg\",\"width\":500,\"height\":500,\"caption\":\"Relais Gourmet\"},\"image\":{\"@id\":\"https:\/\/relaisgourmet.com\/it\/#\/schema\/logo\/image\/\"},\"sameAs\":[\"https:\/\/facebook.com\/yoast\",\"https:\/\/instagram.com\/yoast\"]}]}<\/script>\n<!-- \/ Yoast SEO Premium plugin. -->","yoast_head_json":{"title":"Aperitivo gourmet con scalogni canditi","description":"Con scalogno candito: un aperitivo gourmet dal gusto originale e sorprendente.","robots":{"index":"index","follow":"follow","max-snippet":"max-snippet:-1","max-image-preview":"max-image-preview:large","max-video-preview":"max-video-preview:-1"},"canonical":"https:\/\/relaisgourmet.com\/it\/prodotto\/aperitivo-gourmet-all-scalogni-canditi-180g-relais-gourmet\/","og_locale":"it_IT","og_type":"article","og_title":"Aperitivo gourmet con scalogno candito","og_description":"Con scalogno candito: un aperitivo gourmet dal gusto originale e sorprendente.","og_url":"https:\/\/relaisgourmet.com\/it\/prodotto\/aperitivo-gourmet-all-scalogni-canditi-180g-relais-gourmet\/","og_site_name":"Relais Gourmet","article_publisher":"https:\/\/facebook.com\/yoast","article_modified_time":"2025-04-12T20:40:18+00:00","og_image":[{"width":1000,"height":1000,"url":"https:\/\/relaisgourmet.com\/wp-content\/uploads\/2024\/09\/apero-echalotes-1.jpg","type":"image\/jpeg"}],"twitter_card":"summary_large_image","twitter_misc":{"Tempo di lettura stimato":"1 minuto"},"schema":{"@context":"https:\/\/schema.org","@graph":[{"@type":"WebPage","@id":"https:\/\/relaisgourmet.com\/it\/prodotto\/aperitivo-gourmet-all-scalogni-canditi-180g-relais-gourmet\/","url":"https:\/\/relaisgourmet.com\/it\/prodotto\/aperitivo-gourmet-all-scalogni-canditi-180g-relais-gourmet\/","name":"Aperitivo gourmet con scalogni canditi","isPartOf":{"@id":"https:\/\/relaisgourmet.com\/it\/#website"},"primaryImageOfPage":{"@id":"https:\/\/relaisgourmet.com\/it\/prodotto\/aperitivo-gourmet-all-scalogni-canditi-180g-relais-gourmet\/#primaryimage"},"image":{"@id":"https:\/\/relaisgourmet.com\/it\/prodotto\/aperitivo-gourmet-all-scalogni-canditi-180g-relais-gourmet\/#primaryimage"},"thumbnailUrl":"https:\/\/relaisgourmet.com\/wp-content\/uploads\/2014\/10\/Apero-Echalottes-min.png","datePublished":"2014-10-19T12:35:03+00:00","dateModified":"2025-04-12T20:40:18+00:00","description":"Con scalogno candito: un aperitivo gourmet dal gusto originale e sorprendente.","breadcrumb":{"@id":"https:\/\/relaisgourmet.com\/it\/prodotto\/aperitivo-gourmet-all-scalogni-canditi-180g-relais-gourmet\/#breadcrumb"},"inLanguage":"it-IT","potentialAction":[{"@type":"ReadAction","target":["https:\/\/relaisgourmet.com\/it\/prodotto\/aperitivo-gourmet-all-scalogni-canditi-180g-relais-gourmet\/"]}]},{"@type":"ImageObject","inLanguage":"it-IT","@id":"https:\/\/relaisgourmet.com\/it\/prodotto\/aperitivo-gourmet-all-scalogni-canditi-180g-relais-gourmet\/#primaryimage","url":"https:\/\/relaisgourmet.com\/wp-content\/uploads\/2014\/10\/Apero-Echalottes-min.png","contentUrl":"https:\/\/relaisgourmet.com\/wp-content\/uploads\/2014\/10\/Apero-Echalottes-min.png","width":1000,"height":1000},{"@type":"BreadcrumbList","@id":"https:\/\/relaisgourmet.com\/it\/prodotto\/aperitivo-gourmet-all-scalogni-canditi-180g-relais-gourmet\/#breadcrumb","itemListElement":[{"@type":"ListItem","position":1,"name":"Casa","item":"https:\/\/relaisgourmet.com\/it\/"},{"@type":"ListItem","position":2,"name":"Foie Gras autentico","item":"https:\/\/relaisgourmet.com\/it\/foie-gras-autentico\/"},{"@type":"ListItem","position":3,"name":"Aperitivo gourmet con scalogno candito"}]},{"@type":"WebSite","@id":"https:\/\/relaisgourmet.com\/it\/#website","url":"https:\/\/relaisgourmet.com\/it\/","name":"Relais Gourmet","description":"Maison Gastronomique au Pays-Basque Depuis 2004","publisher":{"@id":"https:\/\/relaisgourmet.com\/it\/#organization"},"potentialAction":[{"@type":"SearchAction","target":{"@type":"EntryPoint","urlTemplate":"https:\/\/relaisgourmet.com\/it\/?s={search_term_string}"},"query-input":{"@type":"PropertyValueSpecification","valueRequired":true,"valueName":"search_term_string"}}],"inLanguage":"it-IT"},{"@type":"Organization","@id":"https:\/\/relaisgourmet.com\/it\/#organization","name":"Relais Gourmet","url":"https:\/\/relaisgourmet.com\/it\/","logo":{"@type":"ImageObject","inLanguage":"it-IT","@id":"https:\/\/relaisgourmet.com\/it\/#\/schema\/logo\/image\/","url":"https:\/\/relaisgourmet.com\/wp-content\/uploads\/2024\/11\/Diseno-sin-titulo-8.jpg","contentUrl":"https:\/\/relaisgourmet.com\/wp-content\/uploads\/2024\/11\/Diseno-sin-titulo-8.jpg","width":500,"height":500,"caption":"Relais Gourmet"},"image":{"@id":"https:\/\/relaisgourmet.com\/it\/#\/schema\/logo\/image\/"},"sameAs":["https:\/\/facebook.com\/yoast","https:\/\/instagram.com\/yoast"]}]}},"_links":{"self":[{"href":"https:\/\/relaisgourmet.com\/it\/wp-json\/wp\/v2\/product\/41943","targetHints":{"allow":["GET"]}}],"collection":[{"href":"https:\/\/relaisgourmet.com\/it\/wp-json\/wp\/v2\/product"}],"about":[{"href":"https:\/\/relaisgourmet.com\/it\/wp-json\/wp\/v2\/types\/product"}],"replies":[{"embeddable":true,"href":"https:\/\/relaisgourmet.com\/it\/wp-json\/wp\/v2\/comments?post=41943"}],"version-history":[{"count":1,"href":"https:\/\/relaisgourmet.com\/it\/wp-json\/wp\/v2\/product\/41943\/revisions"}],"predecessor-version":[{"id":54757,"href":"https:\/\/relaisgourmet.com\/it\/wp-json\/wp\/v2\/product\/41943\/revisions\/54757"}],"wp:featuredmedia":[{"embeddable":true,"href":"https:\/\/relaisgourmet.com\/it\/wp-json\/wp\/v2\/media\/57763"}],"wp:attachment":[{"href":"https:\/\/relaisgourmet.com\/it\/wp-json\/wp\/v2\/media?parent=41943"}],"wp:term":[{"taxonomy":"product_brand","embeddable":true,"href":"https:\/\/relaisgourmet.com\/it\/wp-json\/wp\/v2\/product_brand?post=41943"},{"taxonomy":"product_cat","embeddable":true,"href":"https:\/\/relaisgourmet.com\/it\/wp-json\/wp\/v2\/product_cat?post=41943"},{"taxonomy":"product_tag","embeddable":true,"href":"https:\/\/relaisgourmet.com\/it\/wp-json\/wp\/v2\/product_tag?post=41943"},{"taxonomy":"giftcard-category","embeddable":true,"href":"https:\/\/relaisgourmet.com\/it\/wp-json\/wp\/v2\/giftcard-category?post=41943"}],"curies":[{"name":"wp","href":"https:\/\/api.w.org\/{rel}","templated":true}]}}