{"id":41913,"date":"2016-12-13T18:09:16","date_gmt":"2016-12-13T17:09:16","guid":{"rendered":"https:\/\/relaisgourmet.com\/produit\/pala-per-foie-gras\/"},"modified":"2025-12-01T01:18:06","modified_gmt":"2025-12-01T00:18:06","slug":"pala-per-foie-gras","status":"publish","type":"product","link":"https:\/\/relaisgourmet.com\/it\/prodotto\/pala-per-foie-gras\/","title":{"rendered":"Pala per foie gras"},"content":{"rendered":"<h3><span style=\"color: #008000;\">Un accessorio indispensabile per sublimare il vostro Foie Gras: la nostra paletta per Foie Gras!<\/span><\/h3>\n<p>Questa paletta per Foie Gras \u00e8 realizzata in acciaio inossidabile, che la rende resistente e facile da pulire. La lama \u00e8 leggermente curva e il manico \u00e8 sottile e comodo da tenere. Questa paletta per Foie Gras \u00e8 ideale per l&#8217;uso quotidiano.<\/p>\n<p>Per disporre ordinatamente le vostre belle fette, sottili e regolari, di Foie Gras sui piatti, utilizzate questo strumento.<\/p>\n<p>Con questo utensile sarete attrezzati per ogni occasione e potrete gustare i nostri diversi Foie Gras senza difficolt\u00e0!<\/p>\n<p>Trova tutti i nostri prodotti nel negozio Relais Gourmet.<\/p>\n<p>Sentiti libero di visitare il nostro blog per scoprire le nostre ricette e altre novit\u00e0.<\/p>\n","protected":false},"excerpt":{"rendered":"<p>Scoprite la nostra<strong> <span style=\"color: #d0121a;\">pala per foie gras ! <\/span><\/strong><\/p>\n<p>Ideale per sublimare i vostri piatti<\/p>\n","protected":false},"featured_media":57567,"comment_status":"closed","ping_status":"closed","template":"","meta":[],"product_brand":[],"product_cat":[1330],"product_tag":[2003],"giftcard-category":[],"class_list":{"0":"post-41913","1":"product","2":"type-product","3":"status-publish","4":"has-post-thumbnail","6":"product_cat-ustensili-per-foie-gras","7":"product_tag-tipoclasico-it","8":"product_shipping_class-tva-20-it","10":"first","11":"instock","12":"taxable","13":"shipping-taxable","14":"purchasable","15":"product-type-simple"},"yoast_head":"<!-- This site is optimized with the Yoast SEO Premium plugin v27.0 (Yoast SEO v27.0) - https:\/\/yoast.com\/product\/yoast-seo-premium-wordpress\/ -->\n<title>Pala per foie gras: servizio elegante<\/title>\n<meta name=\"description\" content=\"Pala per Foie Gras: indispensabile per un servizio raffinato e senza sbavature.\" \/>\n<meta name=\"robots\" content=\"index, follow, max-snippet:-1, max-image-preview:large, max-video-preview:-1\" \/>\n<link rel=\"canonical\" href=\"https:\/\/relaisgourmet.com\/it\/prodotto\/pala-per-foie-gras\/\" \/>\n<meta property=\"og:locale\" content=\"it_IT\" \/>\n<meta property=\"og:type\" content=\"article\" \/>\n<meta property=\"og:title\" content=\"Pala per foie gras\" \/>\n<meta property=\"og:description\" content=\"Pala per Foie Gras: indispensabile per un servizio raffinato e senza sbavature.\" \/>\n<meta property=\"og:url\" content=\"https:\/\/relaisgourmet.com\/it\/prodotto\/pala-per-foie-gras\/\" \/>\n<meta property=\"og:site_name\" content=\"Relais Gourmet\" \/>\n<meta property=\"article:publisher\" content=\"https:\/\/facebook.com\/yoast\" \/>\n<meta property=\"article:modified_time\" content=\"2025-12-01T00:18:06+00:00\" \/>\n<meta property=\"og:image\" content=\"https:\/\/relaisgourmet.com\/wp-content\/uploads\/2016\/12\/Pelle.png\" \/>\n\t<meta property=\"og:image:width\" content=\"1000\" \/>\n\t<meta property=\"og:image:height\" content=\"1000\" \/>\n\t<meta property=\"og:image:type\" content=\"image\/png\" \/>\n<meta name=\"twitter:card\" content=\"summary_large_image\" \/>\n<meta name=\"twitter:label1\" content=\"Tempo di lettura stimato\" \/>\n\t<meta name=\"twitter:data1\" content=\"1 minuto\" \/>\n<script type=\"application\/ld+json\" class=\"yoast-schema-graph\">{\"@context\":\"https:\/\/schema.org\",\"@graph\":[{\"@type\":\"WebPage\",\"@id\":\"https:\/\/relaisgourmet.com\/it\/prodotto\/pala-per-foie-gras\/\",\"url\":\"https:\/\/relaisgourmet.com\/it\/prodotto\/pala-per-foie-gras\/\",\"name\":\"Pala per foie gras: servizio elegante\",\"isPartOf\":{\"@id\":\"https:\/\/relaisgourmet.com\/it\/#website\"},\"primaryImageOfPage\":{\"@id\":\"https:\/\/relaisgourmet.com\/it\/prodotto\/pala-per-foie-gras\/#primaryimage\"},\"image\":{\"@id\":\"https:\/\/relaisgourmet.com\/it\/prodotto\/pala-per-foie-gras\/#primaryimage\"},\"thumbnailUrl\":\"https:\/\/relaisgourmet.com\/wp-content\/uploads\/2016\/12\/Pelle.png\",\"datePublished\":\"2016-12-13T17:09:16+00:00\",\"dateModified\":\"2025-12-01T00:18:06+00:00\",\"description\":\"Pala per Foie Gras: indispensabile per un servizio raffinato e senza sbavature.\",\"breadcrumb\":{\"@id\":\"https:\/\/relaisgourmet.com\/it\/prodotto\/pala-per-foie-gras\/#breadcrumb\"},\"inLanguage\":\"it-IT\",\"potentialAction\":[{\"@type\":\"ReadAction\",\"target\":[\"https:\/\/relaisgourmet.com\/it\/prodotto\/pala-per-foie-gras\/\"]}]},{\"@type\":\"ImageObject\",\"inLanguage\":\"it-IT\",\"@id\":\"https:\/\/relaisgourmet.com\/it\/prodotto\/pala-per-foie-gras\/#primaryimage\",\"url\":\"https:\/\/relaisgourmet.com\/wp-content\/uploads\/2016\/12\/Pelle.png\",\"contentUrl\":\"https:\/\/relaisgourmet.com\/wp-content\/uploads\/2016\/12\/Pelle.png\",\"width\":1000,\"height\":1000},{\"@type\":\"BreadcrumbList\",\"@id\":\"https:\/\/relaisgourmet.com\/it\/prodotto\/pala-per-foie-gras\/#breadcrumb\",\"itemListElement\":[{\"@type\":\"ListItem\",\"position\":1,\"name\":\"Casa\",\"item\":\"https:\/\/relaisgourmet.com\/it\/\"},{\"@type\":\"ListItem\",\"position\":2,\"name\":\"Foie Gras autentico\",\"item\":\"https:\/\/relaisgourmet.com\/it\/foie-gras-autentico\/\"},{\"@type\":\"ListItem\",\"position\":3,\"name\":\"Pala per foie gras\"}]},{\"@type\":\"WebSite\",\"@id\":\"https:\/\/relaisgourmet.com\/it\/#website\",\"url\":\"https:\/\/relaisgourmet.com\/it\/\",\"name\":\"Relais Gourmet\",\"description\":\"Maison Gastronomique au Pays-Basque Depuis 2004\",\"publisher\":{\"@id\":\"https:\/\/relaisgourmet.com\/it\/#organization\"},\"potentialAction\":[{\"@type\":\"SearchAction\",\"target\":{\"@type\":\"EntryPoint\",\"urlTemplate\":\"https:\/\/relaisgourmet.com\/it\/?s={search_term_string}\"},\"query-input\":{\"@type\":\"PropertyValueSpecification\",\"valueRequired\":true,\"valueName\":\"search_term_string\"}}],\"inLanguage\":\"it-IT\"},{\"@type\":\"Organization\",\"@id\":\"https:\/\/relaisgourmet.com\/it\/#organization\",\"name\":\"Relais Gourmet\",\"url\":\"https:\/\/relaisgourmet.com\/it\/\",\"logo\":{\"@type\":\"ImageObject\",\"inLanguage\":\"it-IT\",\"@id\":\"https:\/\/relaisgourmet.com\/it\/#\/schema\/logo\/image\/\",\"url\":\"https:\/\/relaisgourmet.com\/wp-content\/uploads\/2024\/11\/Diseno-sin-titulo-8.jpg\",\"contentUrl\":\"https:\/\/relaisgourmet.com\/wp-content\/uploads\/2024\/11\/Diseno-sin-titulo-8.jpg\",\"width\":500,\"height\":500,\"caption\":\"Relais Gourmet\"},\"image\":{\"@id\":\"https:\/\/relaisgourmet.com\/it\/#\/schema\/logo\/image\/\"},\"sameAs\":[\"https:\/\/facebook.com\/yoast\",\"https:\/\/instagram.com\/yoast\"]}]}<\/script>\n<!-- \/ Yoast SEO Premium plugin. -->","yoast_head_json":{"title":"Pala per foie gras: servizio elegante","description":"Pala per Foie Gras: indispensabile per un servizio raffinato e senza sbavature.","robots":{"index":"index","follow":"follow","max-snippet":"max-snippet:-1","max-image-preview":"max-image-preview:large","max-video-preview":"max-video-preview:-1"},"canonical":"https:\/\/relaisgourmet.com\/it\/prodotto\/pala-per-foie-gras\/","og_locale":"it_IT","og_type":"article","og_title":"Pala per foie gras","og_description":"Pala per Foie Gras: indispensabile per un servizio raffinato e senza sbavature.","og_url":"https:\/\/relaisgourmet.com\/it\/prodotto\/pala-per-foie-gras\/","og_site_name":"Relais Gourmet","article_publisher":"https:\/\/facebook.com\/yoast","article_modified_time":"2025-12-01T00:18:06+00:00","og_image":[{"width":1000,"height":1000,"url":"https:\/\/relaisgourmet.com\/wp-content\/uploads\/2016\/12\/Pelle.png","type":"image\/png"}],"twitter_card":"summary_large_image","twitter_misc":{"Tempo di lettura stimato":"1 minuto"},"schema":{"@context":"https:\/\/schema.org","@graph":[{"@type":"WebPage","@id":"https:\/\/relaisgourmet.com\/it\/prodotto\/pala-per-foie-gras\/","url":"https:\/\/relaisgourmet.com\/it\/prodotto\/pala-per-foie-gras\/","name":"Pala per foie gras: servizio elegante","isPartOf":{"@id":"https:\/\/relaisgourmet.com\/it\/#website"},"primaryImageOfPage":{"@id":"https:\/\/relaisgourmet.com\/it\/prodotto\/pala-per-foie-gras\/#primaryimage"},"image":{"@id":"https:\/\/relaisgourmet.com\/it\/prodotto\/pala-per-foie-gras\/#primaryimage"},"thumbnailUrl":"https:\/\/relaisgourmet.com\/wp-content\/uploads\/2016\/12\/Pelle.png","datePublished":"2016-12-13T17:09:16+00:00","dateModified":"2025-12-01T00:18:06+00:00","description":"Pala per Foie Gras: indispensabile per un servizio raffinato e senza sbavature.","breadcrumb":{"@id":"https:\/\/relaisgourmet.com\/it\/prodotto\/pala-per-foie-gras\/#breadcrumb"},"inLanguage":"it-IT","potentialAction":[{"@type":"ReadAction","target":["https:\/\/relaisgourmet.com\/it\/prodotto\/pala-per-foie-gras\/"]}]},{"@type":"ImageObject","inLanguage":"it-IT","@id":"https:\/\/relaisgourmet.com\/it\/prodotto\/pala-per-foie-gras\/#primaryimage","url":"https:\/\/relaisgourmet.com\/wp-content\/uploads\/2016\/12\/Pelle.png","contentUrl":"https:\/\/relaisgourmet.com\/wp-content\/uploads\/2016\/12\/Pelle.png","width":1000,"height":1000},{"@type":"BreadcrumbList","@id":"https:\/\/relaisgourmet.com\/it\/prodotto\/pala-per-foie-gras\/#breadcrumb","itemListElement":[{"@type":"ListItem","position":1,"name":"Casa","item":"https:\/\/relaisgourmet.com\/it\/"},{"@type":"ListItem","position":2,"name":"Foie Gras autentico","item":"https:\/\/relaisgourmet.com\/it\/foie-gras-autentico\/"},{"@type":"ListItem","position":3,"name":"Pala per foie gras"}]},{"@type":"WebSite","@id":"https:\/\/relaisgourmet.com\/it\/#website","url":"https:\/\/relaisgourmet.com\/it\/","name":"Relais Gourmet","description":"Maison Gastronomique au Pays-Basque Depuis 2004","publisher":{"@id":"https:\/\/relaisgourmet.com\/it\/#organization"},"potentialAction":[{"@type":"SearchAction","target":{"@type":"EntryPoint","urlTemplate":"https:\/\/relaisgourmet.com\/it\/?s={search_term_string}"},"query-input":{"@type":"PropertyValueSpecification","valueRequired":true,"valueName":"search_term_string"}}],"inLanguage":"it-IT"},{"@type":"Organization","@id":"https:\/\/relaisgourmet.com\/it\/#organization","name":"Relais Gourmet","url":"https:\/\/relaisgourmet.com\/it\/","logo":{"@type":"ImageObject","inLanguage":"it-IT","@id":"https:\/\/relaisgourmet.com\/it\/#\/schema\/logo\/image\/","url":"https:\/\/relaisgourmet.com\/wp-content\/uploads\/2024\/11\/Diseno-sin-titulo-8.jpg","contentUrl":"https:\/\/relaisgourmet.com\/wp-content\/uploads\/2024\/11\/Diseno-sin-titulo-8.jpg","width":500,"height":500,"caption":"Relais Gourmet"},"image":{"@id":"https:\/\/relaisgourmet.com\/it\/#\/schema\/logo\/image\/"},"sameAs":["https:\/\/facebook.com\/yoast","https:\/\/instagram.com\/yoast"]}]}},"_links":{"self":[{"href":"https:\/\/relaisgourmet.com\/it\/wp-json\/wp\/v2\/product\/41913","targetHints":{"allow":["GET"]}}],"collection":[{"href":"https:\/\/relaisgourmet.com\/it\/wp-json\/wp\/v2\/product"}],"about":[{"href":"https:\/\/relaisgourmet.com\/it\/wp-json\/wp\/v2\/types\/product"}],"replies":[{"embeddable":true,"href":"https:\/\/relaisgourmet.com\/it\/wp-json\/wp\/v2\/comments?post=41913"}],"version-history":[{"count":0,"href":"https:\/\/relaisgourmet.com\/it\/wp-json\/wp\/v2\/product\/41913\/revisions"}],"wp:featuredmedia":[{"embeddable":true,"href":"https:\/\/relaisgourmet.com\/it\/wp-json\/wp\/v2\/media\/57567"}],"wp:attachment":[{"href":"https:\/\/relaisgourmet.com\/it\/wp-json\/wp\/v2\/media?parent=41913"}],"wp:term":[{"taxonomy":"product_brand","embeddable":true,"href":"https:\/\/relaisgourmet.com\/it\/wp-json\/wp\/v2\/product_brand?post=41913"},{"taxonomy":"product_cat","embeddable":true,"href":"https:\/\/relaisgourmet.com\/it\/wp-json\/wp\/v2\/product_cat?post=41913"},{"taxonomy":"product_tag","embeddable":true,"href":"https:\/\/relaisgourmet.com\/it\/wp-json\/wp\/v2\/product_tag?post=41913"},{"taxonomy":"giftcard-category","embeddable":true,"href":"https:\/\/relaisgourmet.com\/it\/wp-json\/wp\/v2\/giftcard-category?post=41913"}],"curies":[{"name":"wp","href":"https:\/\/api.w.org\/{rel}","templated":true}]}}