{"id":43006,"date":"2024-09-19T11:56:47","date_gmt":"2024-09-19T09:56:47","guid":{"rendered":"https:\/\/relaisgourmet.com\/meilleures-ventes-foie-gras\/"},"modified":"2025-04-09T23:05:37","modified_gmt":"2025-04-09T21:05:37","slug":"foie-gras-piu-venduto","status":"publish","type":"page","link":"https:\/\/relaisgourmet.com\/it\/foie-gras-piu-venduto\/","title":{"rendered":"Migliori vendite Foie Gras"},"content":{"rendered":"\t\t<div data-elementor-type=\"wp-page\" data-elementor-id=\"43006\" class=\"elementor elementor-43006 elementor-35051\" data-elementor-post-type=\"page\">\n\t\t\t\t<div class=\"elementor-element elementor-element-5e1783a e-flex e-con-boxed e-con e-parent\" data-id=\"5e1783a\" data-element_type=\"container\" data-e-type=\"container\" data-settings=\"{&quot;background_background&quot;:&quot;classic&quot;}\">\n\t\t\t\t\t<div class=\"e-con-inner\">\n\t\t\t\t<div class=\"elementor-element elementor-element-ef2c23f elementor-widget elementor-widget-woocommerce-breadcrumb\" data-id=\"ef2c23f\" data-element_type=\"widget\" data-e-type=\"widget\" data-widget_type=\"woocommerce-breadcrumb.default\">\n\t\t\t\t<div class=\"elementor-widget-container\">\n\t\t\t\t\t<nav class=\"woocommerce-breadcrumb\" aria-label=\"Breadcrumb\">Home<\/nav>\t\t\t\t<\/div>\n\t\t\t\t<\/div>\n\t\t\t\t\t<\/div>\n\t\t\t\t<\/div>\n\t\t<div class=\"elementor-element elementor-element-1d19b3a e-flex e-con-boxed e-con e-parent\" data-id=\"1d19b3a\" data-element_type=\"container\" data-e-type=\"container\">\n\t\t\t\t\t<div class=\"e-con-inner\">\n\t\t<div class=\"elementor-element elementor-element-d533c9d e-con-full e-flex e-con e-child\" data-id=\"d533c9d\" data-element_type=\"container\" data-e-type=\"container\">\n\t\t\t\t<div class=\"elementor-element elementor-element-d4e66a3 elementor-widget elementor-widget-heading\" data-id=\"d4e66a3\" data-element_type=\"widget\" data-e-type=\"widget\" data-widget_type=\"heading.default\">\n\t\t\t\t<div class=\"elementor-widget-container\">\n\t\t\t\t\t<h1 class=\"elementor-heading-title elementor-size-default\">Migliori vendite Foie Gras<\/h1>\t\t\t\t<\/div>\n\t\t\t\t<\/div>\n\t\t\t\t<div class=\"elementor-element elementor-element-69b9e14 elementor-widget elementor-widget-text-editor\" data-id=\"69b9e14\" data-element_type=\"widget\" data-e-type=\"widget\" data-widget_type=\"text-editor.default\">\n\t\t\t\t<div class=\"elementor-widget-container\">\n\t\t\t\t\t\t\t\t\t<p><\/p>\n\t\t\t\t\t\t\t\t<\/div>\n\t\t\t\t<\/div>\n\t\t\t\t<\/div>\n\t\t<div class=\"elementor-element elementor-element-2f2f212 e-con-full e-flex e-con e-child\" data-id=\"2f2f212\" data-element_type=\"container\" data-e-type=\"container\">\n\t\t\t\t<div class=\"elementor-element elementor-element-269ca6c elementor-grid-3 elementor-grid-tablet-3 elementor-grid-mobile-2 elementor-products-grid elementor-wc-products elementor-widget elementor-widget-woocommerce-products\" data-id=\"269ca6c\" data-element_type=\"widget\" data-e-type=\"widget\" data-widget_type=\"woocommerce-products.default\">\n\t\t\t\t<div class=\"elementor-widget-container\">\n\t\t\t\t\t<div class=\"woocommerce columns-3 \">\n<button type=\"button\" class=\"btn btn-primary yith-wcan-filters-opener\" data-target=\"\" >\n\t<i class=\"filter-icon\"><\/i>\n\tFiltri<\/button>\n<ul class=\"products elementor-grid columns-3\">\n<li class=\"product type-product post-41961 status-publish first instock product_cat-foie-gras-aromatizzato product_cat-foie-gras-originale product_cat-il-nostro-foie-gras product_tag-2-personen-it product_tag-200g-it product_tag-4-5-personen-it product_tag-80g-it product_tag-foie-gras-it has-post-thumbnail taxable shipping-taxable purchasable product-type-variable\">\n\t<a href=\"https:\/\/relaisgourmet.com\/it\/prodotto\/foie-gras-con-champagne\/\" class=\"woocommerce-LoopProduct-link woocommerce-loop-product__link\"><img loading=\"lazy\" decoding=\"async\" width=\"300\" height=\"300\" src=\"https:\/\/relaisgourmet.com\/wp-content\/uploads\/2019\/10\/Champagne-min-300x300.png\" class=\"attachment-woocommerce_thumbnail size-woocommerce_thumbnail\" alt=\"Foie Gras Intero con Champagne Pregiato\" srcset=\"https:\/\/relaisgourmet.com\/wp-content\/uploads\/2019\/10\/Champagne-min-300x300.png 300w, https:\/\/relaisgourmet.com\/wp-content\/uploads\/2019\/10\/Champagne-min-150x150.png 150w, https:\/\/relaisgourmet.com\/wp-content\/uploads\/2019\/10\/Champagne-min-768x768.png 768w, https:\/\/relaisgourmet.com\/wp-content\/uploads\/2019\/10\/Champagne-min-600x600.png 600w, https:\/\/relaisgourmet.com\/wp-content\/uploads\/2019\/10\/Champagne-min-100x100.png 100w, https:\/\/relaisgourmet.com\/wp-content\/uploads\/2019\/10\/Champagne-min.png 1000w\" sizes=\"auto, (max-width: 300px) 100vw, 300px\" \/><h2 class=\"woocommerce-loop-product__title\">Foie Gras Intero con Champagne Pregiato<\/h2>\n\t<span class=\"price\"><span class='ywcrbp_regular_price'>Prix <span class=\"woocommerce-Price-amount amount\"><bdi>18,90&nbsp;<span class=\"woocommerce-Price-currencySymbol\">&euro;<\/span><\/bdi><\/span> <span aria-hidden=\"true\">-<\/span> <span class=\"woocommerce-Price-amount amount\"><bdi>32,90&nbsp;<span class=\"woocommerce-Price-currencySymbol\">&euro;<\/span><\/bdi><\/span><span class=\"screen-reader-text\">Fascia di prezzo: da Prix 18,90&nbsp;&euro; a 32,90&nbsp;&euro;<\/span><\/span><\/span>\n<\/a><div class=\"woocommerce-loop-product__buttons\"><a href=\"https:\/\/relaisgourmet.com\/it\/prodotto\/foie-gras-con-champagne\/\" aria-describedby=\"woocommerce_loop_add_to_cart_link_describedby_41961\" data-quantity=\"1\" class=\"button product_type_variable add_to_cart_button\" data-product_id=\"41961\" data-product_sku=\"3300000335803\" aria-label=\"Seleziona le opzioni per &ldquo;Foie Gras Intero con Champagne Pregiato&rdquo;\" rel=\"nofollow\">Seleziona le opzioni<\/a><\/div>\t<span id=\"woocommerce_loop_add_to_cart_link_describedby_41961\" class=\"screen-reader-text\">\n\t\tQuesto prodotto ha pi\u00f9 varianti. Le opzioni possono essere scelte nella pagina del prodotto\t<\/span>\n<span class=\"gtm4wp_productdata\" style=\"display:none; visibility:hidden;\" data-gtm4wp_product_data=\"{&quot;internal_id&quot;:41961,&quot;item_id&quot;:41961,&quot;item_name&quot;:&quot;Foie Gras Intero con Champagne Pregiato&quot;,&quot;sku&quot;:&quot;3300000335803&quot;,&quot;price&quot;:18.9,&quot;stocklevel&quot;:212,&quot;stockstatus&quot;:&quot;instock&quot;,&quot;google_business_vertical&quot;:&quot;retail&quot;,&quot;item_category&quot;:&quot;Foie Gras Aromatizzato&quot;,&quot;id&quot;:41961,&quot;productlink&quot;:&quot;https:\\\/\\\/relaisgourmet.com\\\/it\\\/prodotto\\\/foie-gras-con-champagne\\\/&quot;,&quot;item_list_name&quot;:&quot;General Product List&quot;,&quot;index&quot;:1,&quot;product_type&quot;:&quot;variable&quot;,&quot;item_brand&quot;:&quot;&quot;}\"><\/span><\/li>\n<li class=\"product type-product post-41995 status-publish instock product_cat-foie-gras-fruttato product_cat-il-nostro-foie-gras product_tag-2-personen-it product_tag-200g-it product_tag-4-5-personen-it product_tag-80g-it product_tag-assortiment-it product_tag-bon-foie-gras-it product_tag-foie-gras-it product_tag-foie-gras-intero-con-fichi product_tag-foie-gras-intero-con-limone-conservato product_tag-foie-gras-intero-con-mela-it product_tag-fruttato-it product_tag-offre-it product_tag-pack-it has-post-thumbnail sale taxable shipping-taxable purchasable product-type-simple\">\n\t<a href=\"https:\/\/relaisgourmet.com\/it\/prodotto\/scatola-meraviglie-fruttate\/\" class=\"woocommerce-LoopProduct-link woocommerce-loop-product__link\">\n\t<span class=\"onsale\">In offerta!<\/span>\n\t<img loading=\"lazy\" decoding=\"async\" width=\"300\" height=\"300\" src=\"https:\/\/relaisgourmet.com\/wp-content\/uploads\/2023\/03\/boite-a-merveille-fruite2-300x300.jpg\" class=\"attachment-woocommerce_thumbnail size-woocommerce_thumbnail\" alt=\"Scatola delle meraviglie di frutta\" srcset=\"https:\/\/relaisgourmet.com\/wp-content\/uploads\/2023\/03\/boite-a-merveille-fruite2-300x300.jpg 300w, https:\/\/relaisgourmet.com\/wp-content\/uploads\/2023\/03\/boite-a-merveille-fruite2-150x150.jpg 150w, https:\/\/relaisgourmet.com\/wp-content\/uploads\/2023\/03\/boite-a-merveille-fruite2-600x600.jpg 600w, https:\/\/relaisgourmet.com\/wp-content\/uploads\/2023\/03\/boite-a-merveille-fruite2-100x100.jpg 100w, https:\/\/relaisgourmet.com\/wp-content\/uploads\/2023\/03\/boite-a-merveille-fruite2.jpg 714w\" sizes=\"auto, (max-width: 300px) 100vw, 300px\" \/><h2 class=\"woocommerce-loop-product__title\">Scatola delle meraviglie di frutta<\/h2>\n\t<span class=\"price\"><span class='ywcrbp_regular_price'><del>Prix <span class=\"woocommerce-Price-amount amount\"><bdi>58,10&nbsp;<span class=\"woocommerce-Price-currencySymbol\">&euro;<\/span><\/bdi><\/span><\/del><\/span><span class='ywcrbp_sale_price'> <span class=\"woocommerce-Price-amount amount\"><bdi>57,00&nbsp;<span class=\"woocommerce-Price-currencySymbol\">&euro;<\/span><\/bdi><\/span><\/span> <\/span>\n<\/a><div class=\"woocommerce-loop-product__buttons\"><a href=\"\/it\/wp-json\/wp\/v2\/pages\/43006?add-to-cart=41995\" aria-describedby=\"woocommerce_loop_add_to_cart_link_describedby_41995\" data-quantity=\"1\" class=\"button product_type_simple add_to_cart_button ajax_add_to_cart\" data-product_id=\"41995\" data-product_sku=\"FP-55WD-YLPI\" aria-label=\"Aggiungi al carrello: &quot;Scatola delle meraviglie di frutta&quot;\" rel=\"nofollow\" data-success_message=\"&quot;Scatola delle meraviglie di frutta&quot; \u00e8 stato aggiunto al tuo carrello\" role=\"button\">Aggiungi al carrello<\/a><\/div>\t<span id=\"woocommerce_loop_add_to_cart_link_describedby_41995\" class=\"screen-reader-text\">\n\t\t\t<\/span>\n<span class=\"gtm4wp_productdata\" style=\"display:none; visibility:hidden;\" data-gtm4wp_product_data=\"{&quot;internal_id&quot;:41995,&quot;item_id&quot;:41995,&quot;item_name&quot;:&quot;Scatola delle meraviglie di frutta&quot;,&quot;sku&quot;:&quot;FP-55WD-YLPI&quot;,&quot;price&quot;:57,&quot;stocklevel&quot;:200,&quot;stockstatus&quot;:&quot;instock&quot;,&quot;google_business_vertical&quot;:&quot;retail&quot;,&quot;item_category&quot;:&quot;Foie Gras Fruttato&quot;,&quot;id&quot;:41995,&quot;productlink&quot;:&quot;https:\\\/\\\/relaisgourmet.com\\\/it\\\/prodotto\\\/scatola-meraviglie-fruttate\\\/&quot;,&quot;item_list_name&quot;:&quot;General Product List&quot;,&quot;index&quot;:2,&quot;product_type&quot;:&quot;simple&quot;,&quot;item_brand&quot;:&quot;&quot;}\"><\/span><\/li>\n<li class=\"product type-product post-41905 status-publish last instock product_cat-foie-gras-fruttato product_cat-foie-gras-originale product_cat-il-nostro-foie-gras product_tag-2-personen-it product_tag-200g-it product_tag-4-5-personen-it product_tag-80g-it product_tag-foie-gras-allarancia-it product_tag-foie-gras-citrico-it product_tag-foie-gras-originale-it-2 product_tag-foiegras-con-arance-it has-post-thumbnail taxable shipping-taxable purchasable product-type-variable\">\n\t<a href=\"https:\/\/relaisgourmet.com\/it\/prodotto\/foie-gras-con-scorza-darancia-candita\/\" class=\"woocommerce-LoopProduct-link woocommerce-loop-product__link\"><img loading=\"lazy\" decoding=\"async\" width=\"300\" height=\"300\" src=\"https:\/\/relaisgourmet.com\/wp-content\/uploads\/2015\/11\/Orange-min-300x300.png\" class=\"attachment-woocommerce_thumbnail size-woocommerce_thumbnail\" alt=\"Foie Gras intero con scorza d&#039;arancia candita\" srcset=\"https:\/\/relaisgourmet.com\/wp-content\/uploads\/2015\/11\/Orange-min-300x300.png 300w, https:\/\/relaisgourmet.com\/wp-content\/uploads\/2015\/11\/Orange-min-150x150.png 150w, https:\/\/relaisgourmet.com\/wp-content\/uploads\/2015\/11\/Orange-min-768x768.png 768w, https:\/\/relaisgourmet.com\/wp-content\/uploads\/2015\/11\/Orange-min-600x600.png 600w, https:\/\/relaisgourmet.com\/wp-content\/uploads\/2015\/11\/Orange-min-100x100.png 100w, https:\/\/relaisgourmet.com\/wp-content\/uploads\/2015\/11\/Orange-min.png 1000w\" sizes=\"auto, (max-width: 300px) 100vw, 300px\" \/><h2 class=\"woocommerce-loop-product__title\">Foie Gras intero con scorza d&#8217;arancia candita<\/h2>\n\t<span class=\"price\"><span class='ywcrbp_regular_price'>Prix <span class=\"woocommerce-Price-amount amount\"><bdi>18,90&nbsp;<span class=\"woocommerce-Price-currencySymbol\">&euro;<\/span><\/bdi><\/span> <span aria-hidden=\"true\">-<\/span> <span class=\"woocommerce-Price-amount amount\"><bdi>32,90&nbsp;<span class=\"woocommerce-Price-currencySymbol\">&euro;<\/span><\/bdi><\/span><span class=\"screen-reader-text\">Fascia di prezzo: da Prix 18,90&nbsp;&euro; a 32,90&nbsp;&euro;<\/span><\/span><\/span>\n<\/a><div class=\"woocommerce-loop-product__buttons\"><a href=\"https:\/\/relaisgourmet.com\/it\/prodotto\/foie-gras-con-scorza-darancia-candita\/\" aria-describedby=\"woocommerce_loop_add_to_cart_link_describedby_41905\" data-quantity=\"1\" class=\"button product_type_variable add_to_cart_button\" data-product_id=\"41905\" data-product_sku=\"3360000335289\" aria-label=\"Seleziona le opzioni per &ldquo;Foie Gras intero con scorza d&#039;arancia candita&rdquo;\" rel=\"nofollow\">Seleziona le opzioni<\/a><\/div>\t<span id=\"woocommerce_loop_add_to_cart_link_describedby_41905\" class=\"screen-reader-text\">\n\t\tQuesto prodotto ha pi\u00f9 varianti. Le opzioni possono essere scelte nella pagina del prodotto\t<\/span>\n<span class=\"gtm4wp_productdata\" style=\"display:none; visibility:hidden;\" data-gtm4wp_product_data=\"{&quot;internal_id&quot;:41905,&quot;item_id&quot;:41905,&quot;item_name&quot;:&quot;Foie Gras intero con scorza d&#039;arancia candita&quot;,&quot;sku&quot;:&quot;3360000335289&quot;,&quot;price&quot;:18.9,&quot;stocklevel&quot;:200,&quot;stockstatus&quot;:&quot;instock&quot;,&quot;google_business_vertical&quot;:&quot;retail&quot;,&quot;item_category&quot;:&quot;Il nostro foie gras&quot;,&quot;id&quot;:41905,&quot;productlink&quot;:&quot;https:\\\/\\\/relaisgourmet.com\\\/it\\\/prodotto\\\/foie-gras-con-scorza-darancia-candita\\\/&quot;,&quot;item_list_name&quot;:&quot;General Product List&quot;,&quot;index&quot;:3,&quot;product_type&quot;:&quot;variable&quot;,&quot;item_brand&quot;:&quot;&quot;}\"><\/span><\/li>\n<\/ul>\n<\/div>\t\t\t\t<\/div>\n\t\t\t\t<\/div>\n\t\t\t\t<\/div>\n\t\t\t\t\t<\/div>\n\t\t\t\t<\/div>\n\t\t<div class=\"elementor-element elementor-element-fc2f9a6 e-flex e-con-boxed e-con e-parent\" data-id=\"fc2f9a6\" data-element_type=\"container\" data-e-type=\"container\">\n\t\t\t\t\t<div class=\"e-con-inner\">\n\t\t\t\t<div class=\"elementor-element elementor-element-cad41f9 elementor-widget elementor-widget-text-editor\" data-id=\"cad41f9\" data-element_type=\"widget\" data-e-type=\"widget\" data-widget_type=\"text-editor.default\">\n\t\t\t\t<div class=\"elementor-widget-container\">\n\t\t\t\t\t\t\t\t\t<p><strong>D\u00e9couvrez nos meilleures ventes de Foies gras d&#8217;exception<\/strong><u><\/u><u><\/u><\/p>\n<p>Nos produits phares vous attendent ! Relais Gourmet vous propose une s\u00e9lection de Foies gras entiers, sans conservateur, sans colorants ni additif. Profitez de la qualit\u00e9 supr\u00eame de notre savoir-faire, id\u00e9ale pour vos repas festifs ou pour offrir en cadeau.<u><\/u><u><\/u><\/p>\n<p><strong>Les incontournables de Relais Gourmet pour vos tables gourmandes<\/strong><u><\/u><u><\/u><\/p>\n<p>Parcourez notre gamme des best-sellers en Foies gras classiques, fruit\u00e9s\u2026 De l\u2019entr\u00e9e jusqu&#8217;\u00e0 l&#8217;ap\u00e9ritif, d\u00e9gustez des saveurs authentiques, issues d\u2019un savoir-faire et tradition du Sud-Ouest de la France.<u><\/u><u><\/u><\/p>\n<p>Commandez d\u00e8s maintenant pour d\u00e9couvrir nos produits les plus appr\u00e9ci\u00e9s !<\/p>\n\t\t\t\t\t\t\t\t<\/div>\n\t\t\t\t<\/div>\n\t\t\t\t\t<\/div>\n\t\t\t\t<\/div>\n\t\t\t\t<\/div>\n\t\t","protected":false},"excerpt":{"rendered":"<p>D\u00e9couvrez nos meilleures ventes de Foies gras d&#8217;exception Nos produits phares vous attendent ! Relais Gourmet vous propose une s\u00e9lection de Foies gras entiers, sans conservateur, sans colorants ni additif. Profitez de la qualit\u00e9 supr\u00eame de notre savoir-faire, id\u00e9ale pour vos repas festifs ou pour offrir en cadeau. Les incontournables de Relais Gourmet pour vos [&hellip;]<\/p>\n","protected":false},"author":1,"featured_media":0,"parent":0,"menu_order":0,"comment_status":"closed","ping_status":"closed","template":"elementor_header_footer","meta":{"footnotes":""},"class_list":["post-43006","page","type-page","status-publish","hentry"],"yoast_head":"<!-- This site is optimized with the Yoast SEO Premium plugin v27.4 (Yoast SEO v27.5) - https:\/\/yoast.com\/product\/yoast-seo-premium-wordpress\/ -->\n<title>Migliori vendite Foie Gras<\/title>\n<meta name=\"description\" content=\"Migliori vendite Foie Gras - Relais Gourmet\" \/>\n<meta name=\"robots\" content=\"index, follow, max-snippet:-1, max-image-preview:large, max-video-preview:-1\" \/>\n<link rel=\"canonical\" href=\"https:\/\/relaisgourmet.com\/it\/foie-gras-piu-venduto\/\" \/>\n<meta property=\"og:locale\" content=\"it_IT\" \/>\n<meta property=\"og:type\" content=\"article\" \/>\n<meta property=\"og:title\" content=\"Migliori vendite Foie Gras\" \/>\n<meta property=\"og:description\" content=\"Migliori vendite Foie Gras - Relais Gourmet\" \/>\n<meta property=\"og:url\" content=\"https:\/\/relaisgourmet.com\/it\/foie-gras-piu-venduto\/\" \/>\n<meta property=\"og:site_name\" content=\"Relais Gourmet\" \/>\n<meta property=\"article:publisher\" content=\"https:\/\/facebook.com\/yoast\" \/>\n<meta property=\"article:modified_time\" content=\"2025-04-09T21:05:37+00:00\" \/>\n<meta name=\"twitter:card\" content=\"summary_large_image\" \/>\n<meta name=\"twitter:label1\" content=\"Tempo di lettura stimato\" \/>\n\t<meta name=\"twitter:data1\" content=\"1 minuto\" \/>\n<script type=\"application\/ld+json\" class=\"yoast-schema-graph\">{\"@context\":\"https:\\\/\\\/schema.org\",\"@graph\":[{\"@type\":\"WebPage\",\"@id\":\"https:\\\/\\\/relaisgourmet.com\\\/it\\\/foie-gras-piu-venduto\\\/\",\"url\":\"https:\\\/\\\/relaisgourmet.com\\\/it\\\/foie-gras-piu-venduto\\\/\",\"name\":\"Migliori vendite Foie Gras\",\"isPartOf\":{\"@id\":\"https:\\\/\\\/relaisgourmet.com\\\/it\\\/#website\"},\"datePublished\":\"2024-09-19T09:56:47+00:00\",\"dateModified\":\"2025-04-09T21:05:37+00:00\",\"description\":\"Migliori vendite Foie Gras - Relais Gourmet\",\"breadcrumb\":{\"@id\":\"https:\\\/\\\/relaisgourmet.com\\\/it\\\/foie-gras-piu-venduto\\\/#breadcrumb\"},\"inLanguage\":\"it-IT\",\"potentialAction\":[{\"@type\":\"ReadAction\",\"target\":[\"https:\\\/\\\/relaisgourmet.com\\\/it\\\/foie-gras-piu-venduto\\\/\"]}]},{\"@type\":\"BreadcrumbList\",\"@id\":\"https:\\\/\\\/relaisgourmet.com\\\/it\\\/foie-gras-piu-venduto\\\/#breadcrumb\",\"itemListElement\":[{\"@type\":\"ListItem\",\"position\":1,\"name\":\"Casa\",\"item\":\"https:\\\/\\\/relaisgourmet.com\\\/it\\\/\"},{\"@type\":\"ListItem\",\"position\":2,\"name\":\"Migliori vendite Foie Gras\"}]},{\"@type\":\"WebSite\",\"@id\":\"https:\\\/\\\/relaisgourmet.com\\\/it\\\/#website\",\"url\":\"https:\\\/\\\/relaisgourmet.com\\\/it\\\/\",\"name\":\"Relais Gourmet\",\"description\":\"Maison Gastronomique au Pays-Basque Depuis 2004\",\"publisher\":{\"@id\":\"https:\\\/\\\/relaisgourmet.com\\\/it\\\/#organization\"},\"potentialAction\":[{\"@type\":\"SearchAction\",\"target\":{\"@type\":\"EntryPoint\",\"urlTemplate\":\"https:\\\/\\\/relaisgourmet.com\\\/it\\\/?s={search_term_string}\"},\"query-input\":{\"@type\":\"PropertyValueSpecification\",\"valueRequired\":true,\"valueName\":\"search_term_string\"}}],\"inLanguage\":\"it-IT\"},{\"@type\":\"Organization\",\"@id\":\"https:\\\/\\\/relaisgourmet.com\\\/it\\\/#organization\",\"name\":\"Relais Gourmet\",\"url\":\"https:\\\/\\\/relaisgourmet.com\\\/it\\\/\",\"logo\":{\"@type\":\"ImageObject\",\"inLanguage\":\"it-IT\",\"@id\":\"https:\\\/\\\/relaisgourmet.com\\\/it\\\/#\\\/schema\\\/logo\\\/image\\\/\",\"url\":\"https:\\\/\\\/relaisgourmet.com\\\/wp-content\\\/uploads\\\/2024\\\/11\\\/Diseno-sin-titulo-8.jpg\",\"contentUrl\":\"https:\\\/\\\/relaisgourmet.com\\\/wp-content\\\/uploads\\\/2024\\\/11\\\/Diseno-sin-titulo-8.jpg\",\"width\":500,\"height\":500,\"caption\":\"Relais Gourmet\"},\"image\":{\"@id\":\"https:\\\/\\\/relaisgourmet.com\\\/it\\\/#\\\/schema\\\/logo\\\/image\\\/\"},\"sameAs\":[\"https:\\\/\\\/facebook.com\\\/yoast\",\"https:\\\/\\\/instagram.com\\\/yoast\"]}]}<\/script>\n<!-- \/ Yoast SEO Premium plugin. -->","yoast_head_json":{"title":"Migliori vendite Foie Gras","description":"Migliori vendite Foie Gras - Relais Gourmet","robots":{"index":"index","follow":"follow","max-snippet":"max-snippet:-1","max-image-preview":"max-image-preview:large","max-video-preview":"max-video-preview:-1"},"canonical":"https:\/\/relaisgourmet.com\/it\/foie-gras-piu-venduto\/","og_locale":"it_IT","og_type":"article","og_title":"Migliori vendite Foie Gras","og_description":"Migliori vendite Foie Gras - Relais Gourmet","og_url":"https:\/\/relaisgourmet.com\/it\/foie-gras-piu-venduto\/","og_site_name":"Relais Gourmet","article_publisher":"https:\/\/facebook.com\/yoast","article_modified_time":"2025-04-09T21:05:37+00:00","twitter_card":"summary_large_image","twitter_misc":{"Tempo di lettura stimato":"1 minuto"},"schema":{"@context":"https:\/\/schema.org","@graph":[{"@type":"WebPage","@id":"https:\/\/relaisgourmet.com\/it\/foie-gras-piu-venduto\/","url":"https:\/\/relaisgourmet.com\/it\/foie-gras-piu-venduto\/","name":"Migliori vendite Foie Gras","isPartOf":{"@id":"https:\/\/relaisgourmet.com\/it\/#website"},"datePublished":"2024-09-19T09:56:47+00:00","dateModified":"2025-04-09T21:05:37+00:00","description":"Migliori vendite Foie Gras - Relais Gourmet","breadcrumb":{"@id":"https:\/\/relaisgourmet.com\/it\/foie-gras-piu-venduto\/#breadcrumb"},"inLanguage":"it-IT","potentialAction":[{"@type":"ReadAction","target":["https:\/\/relaisgourmet.com\/it\/foie-gras-piu-venduto\/"]}]},{"@type":"BreadcrumbList","@id":"https:\/\/relaisgourmet.com\/it\/foie-gras-piu-venduto\/#breadcrumb","itemListElement":[{"@type":"ListItem","position":1,"name":"Casa","item":"https:\/\/relaisgourmet.com\/it\/"},{"@type":"ListItem","position":2,"name":"Migliori vendite Foie Gras"}]},{"@type":"WebSite","@id":"https:\/\/relaisgourmet.com\/it\/#website","url":"https:\/\/relaisgourmet.com\/it\/","name":"Relais Gourmet","description":"Maison Gastronomique au Pays-Basque Depuis 2004","publisher":{"@id":"https:\/\/relaisgourmet.com\/it\/#organization"},"potentialAction":[{"@type":"SearchAction","target":{"@type":"EntryPoint","urlTemplate":"https:\/\/relaisgourmet.com\/it\/?s={search_term_string}"},"query-input":{"@type":"PropertyValueSpecification","valueRequired":true,"valueName":"search_term_string"}}],"inLanguage":"it-IT"},{"@type":"Organization","@id":"https:\/\/relaisgourmet.com\/it\/#organization","name":"Relais Gourmet","url":"https:\/\/relaisgourmet.com\/it\/","logo":{"@type":"ImageObject","inLanguage":"it-IT","@id":"https:\/\/relaisgourmet.com\/it\/#\/schema\/logo\/image\/","url":"https:\/\/relaisgourmet.com\/wp-content\/uploads\/2024\/11\/Diseno-sin-titulo-8.jpg","contentUrl":"https:\/\/relaisgourmet.com\/wp-content\/uploads\/2024\/11\/Diseno-sin-titulo-8.jpg","width":500,"height":500,"caption":"Relais Gourmet"},"image":{"@id":"https:\/\/relaisgourmet.com\/it\/#\/schema\/logo\/image\/"},"sameAs":["https:\/\/facebook.com\/yoast","https:\/\/instagram.com\/yoast"]}]}},"_links":{"self":[{"href":"https:\/\/relaisgourmet.com\/it\/wp-json\/wp\/v2\/pages\/43006","targetHints":{"allow":["GET"]}}],"collection":[{"href":"https:\/\/relaisgourmet.com\/it\/wp-json\/wp\/v2\/pages"}],"about":[{"href":"https:\/\/relaisgourmet.com\/it\/wp-json\/wp\/v2\/types\/page"}],"author":[{"embeddable":true,"href":"https:\/\/relaisgourmet.com\/it\/wp-json\/wp\/v2\/users\/1"}],"replies":[{"embeddable":true,"href":"https:\/\/relaisgourmet.com\/it\/wp-json\/wp\/v2\/comments?post=43006"}],"version-history":[{"count":0,"href":"https:\/\/relaisgourmet.com\/it\/wp-json\/wp\/v2\/pages\/43006\/revisions"}],"wp:attachment":[{"href":"https:\/\/relaisgourmet.com\/it\/wp-json\/wp\/v2\/media?parent=43006"}],"curies":[{"name":"wp","href":"https:\/\/api.w.org\/{rel}","templated":true}]}}