{"id":67273,"date":"2026-03-10T12:24:45","date_gmt":"2026-03-10T12:24:45","guid":{"rendered":"https:\/\/relaisgourmet.com\/product\/cocinar-foie-gras-facilmente\/"},"modified":"2026-04-01T22:42:38","modified_gmt":"2026-04-01T22:42:38","slug":"cocinar-foie-gras-facilmente","status":"publish","type":"product","link":"https:\/\/relaisgourmet.com\/es\/producto\/cocinar-foie-gras-facilmente\/","title":{"rendered":"Cocinar foie gras f\u00e1cilmente"},"content":{"rendered":"<h2>Cocinar el foie gras es un aliado indispensable para todos los amantes del foie gras, desde los cocineros principiantes hasta los m\u00e1s experimentados.<\/h2>\n<p>&nbsp;<\/p>\n<p>Este libro ofrece <strong>una variedad de recetas sencillas y eficaces<\/strong> para preparar y cocinar foie gras, con <strong>consejos<\/strong> sobre la <strong>elecci\u00f3n del foie gras<\/strong> y <strong>las t\u00e9cnicas de preparaci\u00f3n<\/strong>. Las recetas incluyen<strong> platos cl\u00e1sicos<\/strong>, como el foie<strong> gras a la sart\u00e9n<\/strong>, y<strong> creaciones m\u00e1s innovadoras<\/strong>, como el foie gras con corteza de pan de jengibre. <\/p>\n<p>Adem\u00e1s de recetas, el libro ofrece informaci\u00f3n sobre la historia y la cultura del foie gras, as\u00ed como <strong>consejos para elegir los mejores vinos<\/strong> y acompa\u00f1amientos para cada plato.<\/p>\n<p>Con este libro electr\u00f3nico, \u00a1el Foie Gras ya no tendr\u00e1 secretos para ti! Es hora de darte un capricho festivo a ti y a los tuyos. <\/p>\n<p>Encuentra todos nuestros consejos para preparar foies gras en nuestro <a href=\"https:\/\/epic-varahamihira.207-180-195-93.plesk.page\/index.php\/blog-foies-gras-actualite\/\">blog<\/a> y todos nuestros productos en la tienda Relais Gourmet.<\/p>\n<p>No dudes en visitar nuestro <a href=\"https:\/\/epic-varahamihira.207-180-195-93.plesk.page\/index.php\/blog-foies-gras-actualite\/\">blog<\/a> para descubrir nuestras <a href=\"\/?page_id=33979\">recetas <\/a>y otras novedades.<\/p>\n<p>Para una comida gourmet, \u00bfpor qu\u00e9 no completarla con unos deliciosos Turrones <a href=\"https:\/\/mariasimona.com\/\">Maria Simona <\/a>?<\/p>\n","protected":false},"excerpt":{"rendered":"<p>El foie gras sigue siendo un plato excepcional. Con este ebook, podr\u00e1s cocinarlo en terrinas, escalopes, ravioles, ensaladas&#8230; <\/p>\n<p>Est\u00e1 repleto de recetas gourmet (entrantes, platos principales y postres) para deleitar y sorprender a tus papilas gustativas.<\/p>\n<p>Ejemplos de recetas: Macarrones con foie gras, Pavo relleno de foie gras y casta\u00f1as, Verduras de invierno con foie gras&#8230;.<\/p>\n<p>\u00a1Te convertir\u00e1s en un \u00abexperto\u00bb en la f\u00e1cil preparaci\u00f3n de tus Foies Gras!<\/p>\n","protected":false},"featured_media":67285,"comment_status":"closed","ping_status":"closed","template":"","meta":{"_iconic_wsb_product_page_order_bump_ids":[],"_sku":["3710000337033"],"_iconic_wsb_product_page_bump_modal_ids":[]},"product_brand":[],"product_cat":[2156],"product_tag":[2853,1665,1898,2739],"giftcard-category":[],"class_list":{"0":"post-67273","1":"product","2":"type-product","3":"status-publish","4":"has-post-thumbnail","6":"product_cat-libros-electronicos-de-cocina","7":"product_tag-cocina-2","8":"product_tag-fabricado-en-francia","9":"product_tag-foie-gras","10":"product_tag-libro-electronico","11":"product_shipping_class-estandar","13":"first","14":"instock","15":"downloadable","16":"virtual","17":"taxable","18":"purchasable","19":"product-type-simple"},"yoast_head":"<!-- This site is optimized with the Yoast SEO Premium plugin v27.3 (Yoast SEO v27.3) - https:\/\/yoast.com\/product\/yoast-seo-premium-wordpress\/ -->\n<title>Cocinar Foie Gras : Ideas y Recetas | Relais Gourmet<\/title>\n<meta name=\"description\" content=\"Libro &quot;Cocinar foie gras&quot;: descubre todos los trucos para hacer un foie gras sublime en casa.\" \/>\n<meta name=\"robots\" content=\"index, follow, max-snippet:-1, max-image-preview:large, max-video-preview:-1\" \/>\n<link rel=\"canonical\" href=\"https:\/\/relaisgourmet.com\/es\/producto\/cocinar-foie-gras-facilmente\/\" \/>\n<meta property=\"og:locale\" content=\"es_ES\" \/>\n<meta property=\"og:type\" content=\"article\" \/>\n<meta property=\"og:title\" content=\"Cocinar foie gras f\u00e1cilmente\" \/>\n<meta property=\"og:description\" content=\"El foie gras sigue siendo un plato excepcional. Con este ebook, podr\u00e1s cocinarlo en terrinas, escalopes, ravioles, ensaladas...  Est\u00e1 repleto de recetas gourmet (entrantes, platos principales y postres) para deleitar y sorprender a tus papilas gustativas. Ejemplos de recetas: Macarrones con foie gras, Pavo relleno de foie gras y casta\u00f1as, Verduras de invierno con foie gras.... \u00a1Te convertir\u00e1s en un &quot;experto&quot; en la f\u00e1cil preparaci\u00f3n de tus Foies Gras!\" \/>\n<meta property=\"og:url\" content=\"https:\/\/relaisgourmet.com\/es\/producto\/cocinar-foie-gras-facilmente\/\" \/>\n<meta property=\"og:site_name\" content=\"Relais Gourmet\" \/>\n<meta property=\"article:publisher\" content=\"https:\/\/www.facebook.com\/relaisgourmet\/\" \/>\n<meta property=\"article:modified_time\" content=\"2026-04-01T22:42:38+00:00\" \/>\n<meta property=\"og:image\" content=\"https:\/\/relaisgourmet.com\/wp-content\/uploads\/2026\/03\/5-e1698754257552-1.jpg\" \/>\n\t<meta property=\"og:image:width\" content=\"1000\" \/>\n\t<meta property=\"og:image:height\" content=\"1179\" \/>\n\t<meta property=\"og:image:type\" content=\"image\/jpeg\" \/>\n<meta name=\"twitter:card\" content=\"summary_large_image\" \/>\n<meta name=\"twitter:site\" content=\"@relaisgourmet64\" \/>\n<meta name=\"twitter:label1\" content=\"Tiempo de lectura\" \/>\n\t<meta name=\"twitter:data1\" content=\"1 minuto\" \/>\n<script type=\"application\/ld+json\" class=\"yoast-schema-graph\">{\"@context\":\"https:\\\/\\\/schema.org\",\"@graph\":[{\"@type\":\"WebPage\",\"@id\":\"https:\\\/\\\/relaisgourmet.com\\\/es\\\/producto\\\/cocinar-foie-gras-facilmente\\\/\",\"url\":\"https:\\\/\\\/relaisgourmet.com\\\/es\\\/producto\\\/cocinar-foie-gras-facilmente\\\/\",\"name\":\"Cocinar Foie Gras : Ideas y Recetas | Relais Gourmet\",\"isPartOf\":{\"@id\":\"https:\\\/\\\/relaisgourmet.com\\\/es\\\/#website\"},\"primaryImageOfPage\":{\"@id\":\"https:\\\/\\\/relaisgourmet.com\\\/es\\\/producto\\\/cocinar-foie-gras-facilmente\\\/#primaryimage\"},\"image\":{\"@id\":\"https:\\\/\\\/relaisgourmet.com\\\/es\\\/producto\\\/cocinar-foie-gras-facilmente\\\/#primaryimage\"},\"thumbnailUrl\":\"https:\\\/\\\/relaisgourmet.com\\\/wp-content\\\/uploads\\\/2026\\\/03\\\/5-e1698754257552-1.jpg\",\"datePublished\":\"2026-03-10T12:24:45+00:00\",\"dateModified\":\"2026-04-01T22:42:38+00:00\",\"description\":\"Libro \\\"Cocinar foie gras\\\": descubre todos los trucos para hacer un foie gras sublime en casa.\",\"breadcrumb\":{\"@id\":\"https:\\\/\\\/relaisgourmet.com\\\/es\\\/producto\\\/cocinar-foie-gras-facilmente\\\/#breadcrumb\"},\"inLanguage\":\"es\",\"potentialAction\":[{\"@type\":\"ReadAction\",\"target\":[\"https:\\\/\\\/relaisgourmet.com\\\/es\\\/producto\\\/cocinar-foie-gras-facilmente\\\/\"]}]},{\"@type\":\"ImageObject\",\"inLanguage\":\"es\",\"@id\":\"https:\\\/\\\/relaisgourmet.com\\\/es\\\/producto\\\/cocinar-foie-gras-facilmente\\\/#primaryimage\",\"url\":\"https:\\\/\\\/relaisgourmet.com\\\/wp-content\\\/uploads\\\/2026\\\/03\\\/5-e1698754257552-1.jpg\",\"contentUrl\":\"https:\\\/\\\/relaisgourmet.com\\\/wp-content\\\/uploads\\\/2026\\\/03\\\/5-e1698754257552-1.jpg\",\"width\":1000,\"height\":1179},{\"@type\":\"BreadcrumbList\",\"@id\":\"https:\\\/\\\/relaisgourmet.com\\\/es\\\/producto\\\/cocinar-foie-gras-facilmente\\\/#breadcrumb\",\"itemListElement\":[{\"@type\":\"ListItem\",\"position\":1,\"name\":\"Inicio\",\"item\":\"https:\\\/\\\/relaisgourmet.com\\\/es\\\/inicio\\\/\"},{\"@type\":\"ListItem\",\"position\":2,\"name\":\"Todos nuestros productos\",\"item\":\"https:\\\/\\\/relaisgourmet.com\\\/es\\\/tienda\\\/\"},{\"@type\":\"ListItem\",\"position\":3,\"name\":\"Cocinar foie gras f\u00e1cilmente\"}]},{\"@type\":\"WebSite\",\"@id\":\"https:\\\/\\\/relaisgourmet.com\\\/es\\\/#website\",\"url\":\"https:\\\/\\\/relaisgourmet.com\\\/es\\\/\",\"name\":\"Relais Gourmet\",\"description\":\"Foie Gras 100% Fran\u00e7ais\",\"publisher\":{\"@id\":\"https:\\\/\\\/relaisgourmet.com\\\/es\\\/#organization\"},\"potentialAction\":[{\"@type\":\"SearchAction\",\"target\":{\"@type\":\"EntryPoint\",\"urlTemplate\":\"https:\\\/\\\/relaisgourmet.com\\\/es\\\/?s={search_term_string}\"},\"query-input\":{\"@type\":\"PropertyValueSpecification\",\"valueRequired\":true,\"valueName\":\"search_term_string\"}}],\"inLanguage\":\"es\"},{\"@type\":\"Organization\",\"@id\":\"https:\\\/\\\/relaisgourmet.com\\\/es\\\/#organization\",\"name\":\"Relais Gourmet\",\"url\":\"https:\\\/\\\/relaisgourmet.com\\\/es\\\/\",\"logo\":{\"@type\":\"ImageObject\",\"inLanguage\":\"es\",\"@id\":\"https:\\\/\\\/relaisgourmet.com\\\/es\\\/#\\\/schema\\\/logo\\\/image\\\/\",\"url\":\"https:\\\/\\\/relaisgourmet.com\\\/wp-content\\\/uploads\\\/2026\\\/03\\\/yoast-logo-2-relais-gourmet-.png\",\"contentUrl\":\"https:\\\/\\\/relaisgourmet.com\\\/wp-content\\\/uploads\\\/2026\\\/03\\\/yoast-logo-2-relais-gourmet-.png\",\"width\":1200,\"height\":675,\"caption\":\"Relais Gourmet\"},\"image\":{\"@id\":\"https:\\\/\\\/relaisgourmet.com\\\/es\\\/#\\\/schema\\\/logo\\\/image\\\/\"},\"sameAs\":[\"https:\\\/\\\/www.facebook.com\\\/relaisgourmet\\\/\",\"https:\\\/\\\/x.com\\\/relaisgourmet64\",\"https:\\\/\\\/www.instagram.com\\\/relaisgourmetofficiel\",\"https:\\\/\\\/www.pinterest.fr\\\/relaisgourmet\\\/\"],\"email\":\"yaqueche@relaisgourmet.com\",\"telephone\":\"+33 0 5 40 07 07 65\",\"legalName\":\"Relais Gourmet\",\"vatID\":\"FR13482415015\",\"taxID\":\"482415015\"}]}<\/script>\n<!-- \/ Yoast SEO Premium plugin. -->","yoast_head_json":{"title":"Cocinar Foie Gras : Ideas y Recetas | Relais Gourmet","description":"Libro \"Cocinar foie gras\": descubre todos los trucos para hacer un foie gras sublime en casa.","robots":{"index":"index","follow":"follow","max-snippet":"max-snippet:-1","max-image-preview":"max-image-preview:large","max-video-preview":"max-video-preview:-1"},"canonical":"https:\/\/relaisgourmet.com\/es\/producto\/cocinar-foie-gras-facilmente\/","og_locale":"es_ES","og_type":"article","og_title":"Cocinar foie gras f\u00e1cilmente","og_description":"El foie gras sigue siendo un plato excepcional. Con este ebook, podr\u00e1s cocinarlo en terrinas, escalopes, ravioles, ensaladas...  Est\u00e1 repleto de recetas gourmet (entrantes, platos principales y postres) para deleitar y sorprender a tus papilas gustativas. Ejemplos de recetas: Macarrones con foie gras, Pavo relleno de foie gras y casta\u00f1as, Verduras de invierno con foie gras.... \u00a1Te convertir\u00e1s en un \"experto\" en la f\u00e1cil preparaci\u00f3n de tus Foies Gras!","og_url":"https:\/\/relaisgourmet.com\/es\/producto\/cocinar-foie-gras-facilmente\/","og_site_name":"Relais Gourmet","article_publisher":"https:\/\/www.facebook.com\/relaisgourmet\/","article_modified_time":"2026-04-01T22:42:38+00:00","og_image":[{"width":1000,"height":1179,"url":"https:\/\/relaisgourmet.com\/wp-content\/uploads\/2026\/03\/5-e1698754257552-1.jpg","type":"image\/jpeg"}],"twitter_card":"summary_large_image","twitter_site":"@relaisgourmet64","twitter_misc":{"Tiempo de lectura":"1 minuto"},"schema":{"@context":"https:\/\/schema.org","@graph":[{"@type":"WebPage","@id":"https:\/\/relaisgourmet.com\/es\/producto\/cocinar-foie-gras-facilmente\/","url":"https:\/\/relaisgourmet.com\/es\/producto\/cocinar-foie-gras-facilmente\/","name":"Cocinar Foie Gras : Ideas y Recetas | Relais Gourmet","isPartOf":{"@id":"https:\/\/relaisgourmet.com\/es\/#website"},"primaryImageOfPage":{"@id":"https:\/\/relaisgourmet.com\/es\/producto\/cocinar-foie-gras-facilmente\/#primaryimage"},"image":{"@id":"https:\/\/relaisgourmet.com\/es\/producto\/cocinar-foie-gras-facilmente\/#primaryimage"},"thumbnailUrl":"https:\/\/relaisgourmet.com\/wp-content\/uploads\/2026\/03\/5-e1698754257552-1.jpg","datePublished":"2026-03-10T12:24:45+00:00","dateModified":"2026-04-01T22:42:38+00:00","description":"Libro \"Cocinar foie gras\": descubre todos los trucos para hacer un foie gras sublime en casa.","breadcrumb":{"@id":"https:\/\/relaisgourmet.com\/es\/producto\/cocinar-foie-gras-facilmente\/#breadcrumb"},"inLanguage":"es","potentialAction":[{"@type":"ReadAction","target":["https:\/\/relaisgourmet.com\/es\/producto\/cocinar-foie-gras-facilmente\/"]}]},{"@type":"ImageObject","inLanguage":"es","@id":"https:\/\/relaisgourmet.com\/es\/producto\/cocinar-foie-gras-facilmente\/#primaryimage","url":"https:\/\/relaisgourmet.com\/wp-content\/uploads\/2026\/03\/5-e1698754257552-1.jpg","contentUrl":"https:\/\/relaisgourmet.com\/wp-content\/uploads\/2026\/03\/5-e1698754257552-1.jpg","width":1000,"height":1179},{"@type":"BreadcrumbList","@id":"https:\/\/relaisgourmet.com\/es\/producto\/cocinar-foie-gras-facilmente\/#breadcrumb","itemListElement":[{"@type":"ListItem","position":1,"name":"Inicio","item":"https:\/\/relaisgourmet.com\/es\/inicio\/"},{"@type":"ListItem","position":2,"name":"Todos nuestros productos","item":"https:\/\/relaisgourmet.com\/es\/tienda\/"},{"@type":"ListItem","position":3,"name":"Cocinar foie gras f\u00e1cilmente"}]},{"@type":"WebSite","@id":"https:\/\/relaisgourmet.com\/es\/#website","url":"https:\/\/relaisgourmet.com\/es\/","name":"Relais Gourmet","description":"Foie Gras 100% Fran\u00e7ais","publisher":{"@id":"https:\/\/relaisgourmet.com\/es\/#organization"},"potentialAction":[{"@type":"SearchAction","target":{"@type":"EntryPoint","urlTemplate":"https:\/\/relaisgourmet.com\/es\/?s={search_term_string}"},"query-input":{"@type":"PropertyValueSpecification","valueRequired":true,"valueName":"search_term_string"}}],"inLanguage":"es"},{"@type":"Organization","@id":"https:\/\/relaisgourmet.com\/es\/#organization","name":"Relais Gourmet","url":"https:\/\/relaisgourmet.com\/es\/","logo":{"@type":"ImageObject","inLanguage":"es","@id":"https:\/\/relaisgourmet.com\/es\/#\/schema\/logo\/image\/","url":"https:\/\/relaisgourmet.com\/wp-content\/uploads\/2026\/03\/yoast-logo-2-relais-gourmet-.png","contentUrl":"https:\/\/relaisgourmet.com\/wp-content\/uploads\/2026\/03\/yoast-logo-2-relais-gourmet-.png","width":1200,"height":675,"caption":"Relais Gourmet"},"image":{"@id":"https:\/\/relaisgourmet.com\/es\/#\/schema\/logo\/image\/"},"sameAs":["https:\/\/www.facebook.com\/relaisgourmet\/","https:\/\/x.com\/relaisgourmet64","https:\/\/www.instagram.com\/relaisgourmetofficiel","https:\/\/www.pinterest.fr\/relaisgourmet\/"],"email":"yaqueche@relaisgourmet.com","telephone":"+33 0 5 40 07 07 65","legalName":"Relais Gourmet","vatID":"FR13482415015","taxID":"482415015"}]}},"_links":{"self":[{"href":"https:\/\/relaisgourmet.com\/es\/wp-json\/wp\/v2\/product\/67273","targetHints":{"allow":["GET"]}}],"collection":[{"href":"https:\/\/relaisgourmet.com\/es\/wp-json\/wp\/v2\/product"}],"about":[{"href":"https:\/\/relaisgourmet.com\/es\/wp-json\/wp\/v2\/types\/product"}],"replies":[{"embeddable":true,"href":"https:\/\/relaisgourmet.com\/es\/wp-json\/wp\/v2\/comments?post=67273"}],"wp:featuredmedia":[{"embeddable":true,"href":"https:\/\/relaisgourmet.com\/es\/wp-json\/wp\/v2\/media\/67285"}],"wp:attachment":[{"href":"https:\/\/relaisgourmet.com\/es\/wp-json\/wp\/v2\/media?parent=67273"}],"wp:term":[{"taxonomy":"product_brand","embeddable":true,"href":"https:\/\/relaisgourmet.com\/es\/wp-json\/wp\/v2\/product_brand?post=67273"},{"taxonomy":"product_cat","embeddable":true,"href":"https:\/\/relaisgourmet.com\/es\/wp-json\/wp\/v2\/product_cat?post=67273"},{"taxonomy":"product_tag","embeddable":true,"href":"https:\/\/relaisgourmet.com\/es\/wp-json\/wp\/v2\/product_tag?post=67273"},{"taxonomy":"giftcard-category","embeddable":true,"href":"https:\/\/relaisgourmet.com\/es\/wp-json\/wp\/v2\/giftcard-category?post=67273"}],"curies":[{"name":"wp","href":"https:\/\/api.w.org\/{rel}","templated":true}]}}