{"id":67221,"date":"2026-03-10T12:24:44","date_gmt":"2026-03-10T12:24:44","guid":{"rendered":"https:\/\/relaisgourmet.com\/product\/recetas-para-enamorados\/"},"modified":"2026-04-01T22:41:51","modified_gmt":"2026-04-01T22:41:51","slug":"recetas-para-enamorados","status":"publish","type":"product","link":"https:\/\/relaisgourmet.com\/es\/producto\/recetas-para-enamorados\/","title":{"rendered":"Recetas para enamorados"},"content":{"rendered":"<p><span data-offset-key=\"ai6el-34-0\">Rec<\/span><span data-offset-key=\"ai6el-35-0\">andtes<\/span><span data-offset-key=\"ai6el-36-0\">  en<\/span><span data-offset-key=\"ai6el-37-0\">  Estoy en<\/span><span data-offset-key=\"ai6el-38-0\">o<\/span><span data-offset-key=\"ai6el-39-0\">re<\/span><span data-offset-key=\"ai6el-40-0\">en<\/span><span data-offset-key=\"ai6el-41-0\">  es<\/span><span data-offset-key=\"ai6el-42-0\">  a<\/span><span data-offset-key=\"ai6el-43-0\">  liv<\/span><span data-offset-key=\"ai6el-44-0\">re<\/span><span data-offset-key=\"ai6el-45-0\">  que<\/span><span data-offset-key=\"ai6el-46-0\">  propone<\/span><span data-offset-key=\"ai6el-47-0\">  m\u00e1s<\/span><span data-offset-key=\"ai6el-48-0\">  de<\/span><span data-offset-key=\"ai6el-49-0\">  100<\/span><span data-offset-key=\"ai6el-50-0\">  rec<\/span><span data-offset-key=\"ai6el-51-0\">andtes<\/span><span data-offset-key=\"ai6el-52-0\">  sp<\/span><span data-offset-key=\"ai6el-53-0\">\u00e9<\/span><span data-offset-key=\"ai6el-54-0\">cial<\/span><span data-offset-key=\"ai6el-55-0\">ement<\/span><span data-offset-key=\"ai6el-56-0\">  con<\/span><span data-offset-key=\"ai6el-57-0\">\u00e7<\/span><span data-offset-key=\"ai6el-58-0\">ues<\/span><span data-offset-key=\"ai6el-59-0\">  para<\/span><span data-offset-key=\"ai6el-60-0\">  el<\/span><span data-offset-key=\"ai6el-61-0\">  parejas<\/span><span data-offset-key=\"ai6el-62-0\">.<\/span><\/p>\n<p><span data-offset-key=\"ai6el-63-0\">Ch<\/span><span data-offset-key=\"ai6el-64-0\">agua<\/span><span data-offset-key=\"ai6el-65-0\">  rec<\/span><span data-offset-key=\"ai6el-66-0\">ette<\/span><span data-offset-key=\"ai6el-67-0\">  es<\/span><span data-offset-key=\"ai6el-68-0\">  acomp<\/span><span data-offset-key=\"ai6el-69-0\">agn<\/span><span data-offset-key=\"ai6el-70-0\">s<\/span><span data-offset-key=\"ai6el-71-0\">  de<\/span><span data-offset-key=\"ai6el-72-0\">  m\u00e1s<\/span><span data-offset-key=\"ai6el-73-0\">es decir<\/span><span data-offset-key=\"ai6el-74-0\">nuestro<\/span><span data-offset-key=\"ai6el-75-0\">  ast<\/span><span data-offset-key=\"ai6el-76-0\">uces<\/span><span data-offset-key=\"ai6el-77-0\">  para<\/span><span data-offset-key=\"ai6el-78-0\">  a<\/span><span data-offset-key=\"ai6el-79-0\">ider<\/span><span data-offset-key=\"ai6el-80-0\">  el<\/span><span data-offset-key=\"ai6el-81-0\">  soy<\/span><span data-offset-key=\"ai6el-82-0\">o<\/span><span data-offset-key=\"ai6el-83-0\">re<\/span><span data-offset-key=\"ai6el-84-0\">en<\/span><span data-offset-key=\"ai6el-85-0\">  \u00e0<\/span><span data-offset-key=\"ai6el-86-0\">  pr<\/span><span data-offset-key=\"ai6el-87-0\">\u00e9<\/span><span data-offset-key=\"ai6el-88-0\">p<\/span><span data-offset-key=\"ai6el-89-0\">arer<\/span><span data-offset-key=\"ai6el-90-0\">  de<\/span><span data-offset-key=\"ai6el-91-0\">  pl<\/span><span data-offset-key=\"ai6el-92-0\">ats<\/span><span data-offset-key=\"ai6el-93-0\">  succ<\/span><span data-offset-key=\"ai6el-94-0\">ul<\/span><span data-offset-key=\"ai6el-95-0\">ents<\/span><span data-offset-key=\"ai6el-96-0\">  y<\/span><span data-offset-key=\"ai6el-97-0\">  sav<\/span><span data-offset-key=\"ai6el-98-0\">o<\/span><span data-offset-key=\"ai6el-99-0\">re<\/span><span data-offset-key=\"ai6el-100-0\">en<\/span><span data-offset-key=\"ai6el-101-0\">.<\/span><\/p>\n<p><span data-offset-key=\"ai6el-102-0\">En<\/span><span data-offset-key=\"ai6el-103-0\">  pl<\/span><span data-offset-key=\"ai6el-104-0\">ats<\/span><span data-offset-key=\"ai6el-105-0\">  var<\/span><span data-offset-key=\"ai6el-106-0\">iente<\/span><span data-offset-key=\"ai6el-107-0\">  de<\/span><span data-offset-key=\"ai6el-108-0\">  entr<\/span><span data-offset-key=\"ai6el-109-0\">\u00e9<\/span><span data-offset-key=\"ai6el-110-0\">es<\/span><span data-offset-key=\"ai6el-111-0\">  en<\/span><span data-offset-key=\"ai6el-112-0\">  postres<\/span><span data-offset-key=\"ai6el-113-0\">  y<\/span><span data-offset-key=\"ai6el-114-0\">  it<\/span><span data-offset-key=\"ai6el-115-0\">  y<\/span><span data-offset-key=\"ai6el-116-0\">  a<\/span><span data-offset-key=\"ai6el-117-0\">  de<\/span><span data-offset-key=\"ai6el-118-0\">  rec<\/span><span data-offset-key=\"ai6el-119-0\">andtes<\/span><span data-offset-key=\"ai6el-120-0\">  para<\/span><span data-offset-key=\"ai6el-121-0\">  cha<\/span><span data-offset-key=\"ai6el-122-0\">que<\/span><span data-offset-key=\"ai6el-123-0\">  oportunidad<\/span><span data-offset-key=\"ai6el-124-0\">.<\/span><\/p>\n<p><span data-offset-key=\"ai6el-125-0\">Adem\u00e1s, ch<\/span><span data-offset-key=\"ai6el-126-0\">acune contient d<\/span><span data-offset-key=\"ai6el-133-0\">es<\/span><span data-offset-key=\"ai6el-134-0\">  con<\/span><span data-offset-key=\"ai6el-135-0\">visita<\/span><span data-offset-key=\"ai6el-136-0\">ellos<\/span><span data-offset-key=\"ai6el-137-0\">  para<\/span><span data-offset-key=\"ai6el-138-0\">  s<\/span><span data-offset-key=\"ai6el-139-0\">\u00e9<\/span><span data-offset-key=\"ai6el-140-0\">lecci\u00f3n<\/span><span data-offset-key=\"ai6el-141-0\">ner<\/span><span data-offset-key=\"ai6el-142-0\">  el<\/span><span data-offset-key=\"ai6el-143-0\">  me<\/span><span data-offset-key=\"ai6el-144-0\">ille<\/span><span data-offset-key=\"ai6el-145-0\">nuestro<\/span><span data-offset-key=\"ai6el-146-0\">  ing<\/span><span data-offset-key=\"ai6el-147-0\">re<\/span><span data-offset-key=\"ai6el-148-0\">d<\/span><span data-offset-key=\"ai6el-149-0\">ientes<\/span><span data-offset-key=\"ai6el-150-0\">  y<\/span><span data-offset-key=\"ai6el-151-0\">  de<\/span><span data-offset-key=\"ai6el-152-0\">  bien<\/span><span data-offset-key=\"ai6el-153-0\">nes<\/span><span data-offset-key=\"ai6el-154-0\">  fa<\/span><span data-offset-key=\"ai6el-155-0\">\u00e7<\/span><span data-offset-key=\"ai6el-156-0\">ons<\/span><span data-offset-key=\"ai6el-157-0\">  de<\/span><span data-offset-key=\"ai6el-158-0\">  el<\/span><span data-offset-key=\"ai6el-159-0\">  m<\/span><span data-offset-key=\"ai6el-160-0\">\u00e9<\/span><span data-offset-key=\"ai6el-161-0\">l<\/span><span data-offset-key=\"ai6el-162-0\">ira<\/span><span data-offset-key=\"ai6el-163-0\">.<\/span><\/p>\n<p><span data-offset-key=\"ai6el-164-0\">A continuaci\u00f3n, el<\/span><span data-offset-key=\"ai6el-165-0\">  rec<\/span><span data-offset-key=\"ai6el-166-0\">andtes<\/span><span data-offset-key=\"ai6el-167-0\">  s<\/span><span data-offset-key=\"ai6el-168-0\">tienen<\/span><span data-offset-key=\"ai6el-172-0\">  acomp<\/span><span data-offset-key=\"ai6el-173-0\">agn<\/span><span data-offset-key=\"ai6el-174-0\">\u00e9<\/span><span data-offset-key=\"ai6el-175-0\">es<\/span><span data-offset-key=\"ai6el-176-0\">  de<\/span><span data-offset-key=\"ai6el-177-0\">  sugerencias<\/span><span data-offset-key=\"ai6el-178-0\">  para<\/span><span data-offset-key=\"ai6el-179-0\">  de<\/span><span data-offset-key=\"ai6el-180-0\">  acomp<\/span><span data-offset-key=\"ai6el-181-0\">agn<\/span><span data-offset-key=\"ai6el-182-0\">ementos<\/span><span data-offset-key=\"ai6el-183-0\">  por<\/span><span data-offset-key=\"ai6el-184-0\">fa<\/span><span data-offset-key=\"ai6el-185-0\">su<\/span><span data-offset-key=\"ai6el-186-0\">  para<\/span><span data-offset-key=\"ai6el-187-0\">  compl<\/span><span data-offset-key=\"ai6el-188-0\">\u00e9<\/span><span data-offset-key=\"ai6el-189-0\">ter<\/span><span data-offset-key=\"ai6el-190-0\">  el<\/span><span data-offset-key=\"ai6el-191-0\">  plato<\/span><span data-offset-key=\"ai6el-192-0\">.<\/span><\/p>\n<p><span data-offset-key=\"ai6el-193-0\">Le<\/span><span data-offset-key=\"ai6el-194-0\">  liv<\/span><span data-offset-key=\"ai6el-195-0\">re<\/span><span data-offset-key=\"ai6el-196-0\">  es<\/span><span data-offset-key=\"ai6el-197-0\">  \u00e9<\/span><span data-offset-key=\"ai6el-198-0\">crit<\/span><span data-offset-key=\"ai6el-199-0\">  por<\/span><span data-offset-key=\"ai6el-200-0\">  de<\/span><span data-offset-key=\"ai6el-201-0\">  chefs<\/span><span data-offset-key=\"ai6el-202-0\">  profesi\u00f3n<\/span><span data-offset-key=\"ai6el-203-0\">nels<\/span><span data-offset-key=\"ai6el-204-0\">  y<\/span><span data-offset-key=\"ai6el-205-0\">  comp<\/span><span data-offset-key=\"ai6el-206-0\">hace<\/span><span data-offset-key=\"ai6el-207-0\">  de<\/span><span data-offset-key=\"ai6el-208-0\">  fotos<\/span><span data-offset-key=\"ai6el-216-0\">  para<\/span><span data-offset-key=\"ai6el-217-0\">  a<\/span><span data-offset-key=\"ai6el-218-0\">ider<\/span><span data-offset-key=\"ai6el-219-0\">  el<\/span><span data-offset-key=\"ai6el-220-0\">  lect<\/span><span data-offset-key=\"ai6el-221-0\">e<\/span><span data-offset-key=\"ai6el-222-0\">nuestro<\/span><span data-offset-key=\"ai6el-223-0\">  \u00e0<\/span><span data-offset-key=\"ai6el-224-0\">  visual<\/span><span data-offset-key=\"ai6el-225-0\">iser<\/span><span data-offset-key=\"ai6el-226-0\">  cha<\/span><span data-offset-key=\"ai6el-227-0\">que<\/span><span data-offset-key=\"ai6el-228-0\">  plato<\/span><span data-offset-key=\"ai6el-229-0\">.<\/span><\/p>\n<p>Con estas recetas para enamorados, \u00a1estar\u00e1s preparado para cualquier ocasi\u00f3n y podr\u00e1s disfrutar de <a href=\"\/?page_id=34001\">nuestros diferentes foies<\/a> gras con facilidad!<\/p>\n<p><strong>Puedes encontrar todos nuestros consejos de preparaci\u00f3n en la secci\u00f3n Consejos, as\u00ed como todos nuestros productos en la tienda Relais Gourmet. No dudes en visitar nuestro <\/strong><strong><a href=\"https:\/\/epic-varahamihira.207-180-195-93.plesk.page\/index.php\/blog-foies-gras-actualite\/\">blog<\/a><\/strong><strong> para descubrir nuestras <\/strong><strong><a href=\"\/?page_id=33979\">recetas <\/a><\/strong><strong>y otros productos nuevos.<\/strong><\/p>\n<p>Por \u00faltimo, para una comida gourmet, \u00bfpor qu\u00e9 no terminar con broche de oro con unos deliciosos Turrones <a href=\"https:\/\/mariasimona.com\/\">Maria Simona<\/a>?<\/p>\n","protected":false},"excerpt":{"rendered":"<p>Recandtes en Estoy enoreen es a livre que propone m\u00e1s de 100 [&hellip;]<\/p>\n","protected":false},"featured_media":67226,"comment_status":"closed","ping_status":"closed","template":"","meta":{"_iconic_wsb_product_page_order_bump_ids":[],"_sku":["3720000336936"],"_iconic_wsb_product_page_bump_modal_ids":[]},"product_brand":[],"product_cat":[2156],"product_tag":[2837,1665,2839,2739],"giftcard-category":[],"class_list":{"0":"post-67221","1":"product","2":"type-product","3":"status-publish","4":"has-post-thumbnail","6":"product_cat-libros-electronicos-de-cocina","7":"product_tag-amantes","8":"product_tag-fabricado-en-francia","9":"product_tag-ingresos","10":"product_tag-libro-electronico","11":"product_shipping_class-estandar","13":"first","14":"instock","15":"downloadable","16":"virtual","17":"taxable","18":"purchasable","19":"product-type-simple"},"yoast_head":"<!-- This site is optimized with the Yoast SEO Premium plugin v27.3 (Yoast SEO v27.3) - https:\/\/yoast.com\/product\/yoast-seo-premium-wordpress\/ -->\n<title>Recetas para enamorados | Relais Gourmet<\/title>\n<meta name=\"description\" content=\"Recetas para enamorados: disfruta de platos delicados y rom\u00e1nticos para dos.\" \/>\n<meta name=\"robots\" content=\"index, follow, max-snippet:-1, max-image-preview:large, max-video-preview:-1\" \/>\n<link rel=\"canonical\" href=\"https:\/\/relaisgourmet.com\/es\/producto\/recetas-para-enamorados\/\" \/>\n<meta property=\"og:locale\" content=\"es_ES\" \/>\n<meta property=\"og:type\" content=\"article\" \/>\n<meta property=\"og:title\" content=\"Recetas para enamorados\" \/>\n<meta property=\"og:description\" content=\"Recandtes en Estoy enoreen es a livre que propone m\u00e1s de 100 recandtes sp\u00e9cialement con\u00e7ues para el parejas. Chagua recette es acompagns de m\u00e1ses\" \/>\n<meta property=\"og:url\" content=\"https:\/\/relaisgourmet.com\/es\/producto\/recetas-para-enamorados\/\" \/>\n<meta property=\"og:site_name\" content=\"Relais Gourmet\" \/>\n<meta property=\"article:publisher\" content=\"https:\/\/www.facebook.com\/relaisgourmet\/\" \/>\n<meta property=\"article:modified_time\" content=\"2026-04-01T22:41:51+00:00\" \/>\n<meta property=\"og:image\" content=\"https:\/\/relaisgourmet.com\/wp-content\/uploads\/2026\/03\/recettes-en-amoureux-1.png\" \/>\n\t<meta property=\"og:image:width\" content=\"600\" \/>\n\t<meta property=\"og:image:height\" content=\"600\" \/>\n\t<meta property=\"og:image:type\" content=\"image\/png\" \/>\n<meta name=\"twitter:card\" content=\"summary_large_image\" \/>\n<meta name=\"twitter:site\" content=\"@relaisgourmet64\" \/>\n<meta name=\"twitter:label1\" content=\"Tiempo de lectura\" \/>\n\t<meta name=\"twitter:data1\" content=\"1 minuto\" \/>\n<script type=\"application\/ld+json\" class=\"yoast-schema-graph\">{\"@context\":\"https:\\\/\\\/schema.org\",\"@graph\":[{\"@type\":\"WebPage\",\"@id\":\"https:\\\/\\\/relaisgourmet.com\\\/es\\\/producto\\\/recetas-para-enamorados\\\/\",\"url\":\"https:\\\/\\\/relaisgourmet.com\\\/es\\\/producto\\\/recetas-para-enamorados\\\/\",\"name\":\"Recetas para enamorados | Relais Gourmet\",\"isPartOf\":{\"@id\":\"https:\\\/\\\/relaisgourmet.com\\\/es\\\/#website\"},\"primaryImageOfPage\":{\"@id\":\"https:\\\/\\\/relaisgourmet.com\\\/es\\\/producto\\\/recetas-para-enamorados\\\/#primaryimage\"},\"image\":{\"@id\":\"https:\\\/\\\/relaisgourmet.com\\\/es\\\/producto\\\/recetas-para-enamorados\\\/#primaryimage\"},\"thumbnailUrl\":\"https:\\\/\\\/relaisgourmet.com\\\/wp-content\\\/uploads\\\/2026\\\/03\\\/recettes-en-amoureux-1.png\",\"datePublished\":\"2026-03-10T12:24:44+00:00\",\"dateModified\":\"2026-04-01T22:41:51+00:00\",\"description\":\"Recetas para enamorados: disfruta de platos delicados y rom\u00e1nticos para dos.\",\"breadcrumb\":{\"@id\":\"https:\\\/\\\/relaisgourmet.com\\\/es\\\/producto\\\/recetas-para-enamorados\\\/#breadcrumb\"},\"inLanguage\":\"es\",\"potentialAction\":[{\"@type\":\"ReadAction\",\"target\":[\"https:\\\/\\\/relaisgourmet.com\\\/es\\\/producto\\\/recetas-para-enamorados\\\/\"]}]},{\"@type\":\"ImageObject\",\"inLanguage\":\"es\",\"@id\":\"https:\\\/\\\/relaisgourmet.com\\\/es\\\/producto\\\/recetas-para-enamorados\\\/#primaryimage\",\"url\":\"https:\\\/\\\/relaisgourmet.com\\\/wp-content\\\/uploads\\\/2026\\\/03\\\/recettes-en-amoureux-1.png\",\"contentUrl\":\"https:\\\/\\\/relaisgourmet.com\\\/wp-content\\\/uploads\\\/2026\\\/03\\\/recettes-en-amoureux-1.png\",\"width\":600,\"height\":600},{\"@type\":\"BreadcrumbList\",\"@id\":\"https:\\\/\\\/relaisgourmet.com\\\/es\\\/producto\\\/recetas-para-enamorados\\\/#breadcrumb\",\"itemListElement\":[{\"@type\":\"ListItem\",\"position\":1,\"name\":\"Inicio\",\"item\":\"https:\\\/\\\/relaisgourmet.com\\\/es\\\/inicio\\\/\"},{\"@type\":\"ListItem\",\"position\":2,\"name\":\"Todos nuestros productos\",\"item\":\"https:\\\/\\\/relaisgourmet.com\\\/es\\\/tienda\\\/\"},{\"@type\":\"ListItem\",\"position\":3,\"name\":\"Recetas para enamorados\"}]},{\"@type\":\"WebSite\",\"@id\":\"https:\\\/\\\/relaisgourmet.com\\\/es\\\/#website\",\"url\":\"https:\\\/\\\/relaisgourmet.com\\\/es\\\/\",\"name\":\"Relais Gourmet\",\"description\":\"Foie Gras 100% Fran\u00e7ais\",\"publisher\":{\"@id\":\"https:\\\/\\\/relaisgourmet.com\\\/es\\\/#organization\"},\"potentialAction\":[{\"@type\":\"SearchAction\",\"target\":{\"@type\":\"EntryPoint\",\"urlTemplate\":\"https:\\\/\\\/relaisgourmet.com\\\/es\\\/?s={search_term_string}\"},\"query-input\":{\"@type\":\"PropertyValueSpecification\",\"valueRequired\":true,\"valueName\":\"search_term_string\"}}],\"inLanguage\":\"es\"},{\"@type\":\"Organization\",\"@id\":\"https:\\\/\\\/relaisgourmet.com\\\/es\\\/#organization\",\"name\":\"Relais Gourmet\",\"url\":\"https:\\\/\\\/relaisgourmet.com\\\/es\\\/\",\"logo\":{\"@type\":\"ImageObject\",\"inLanguage\":\"es\",\"@id\":\"https:\\\/\\\/relaisgourmet.com\\\/es\\\/#\\\/schema\\\/logo\\\/image\\\/\",\"url\":\"https:\\\/\\\/relaisgourmet.com\\\/wp-content\\\/uploads\\\/2026\\\/03\\\/yoast-logo-2-relais-gourmet-.png\",\"contentUrl\":\"https:\\\/\\\/relaisgourmet.com\\\/wp-content\\\/uploads\\\/2026\\\/03\\\/yoast-logo-2-relais-gourmet-.png\",\"width\":1200,\"height\":675,\"caption\":\"Relais Gourmet\"},\"image\":{\"@id\":\"https:\\\/\\\/relaisgourmet.com\\\/es\\\/#\\\/schema\\\/logo\\\/image\\\/\"},\"sameAs\":[\"https:\\\/\\\/www.facebook.com\\\/relaisgourmet\\\/\",\"https:\\\/\\\/x.com\\\/relaisgourmet64\",\"https:\\\/\\\/www.instagram.com\\\/relaisgourmetofficiel\",\"https:\\\/\\\/www.pinterest.fr\\\/relaisgourmet\\\/\"],\"email\":\"yaqueche@relaisgourmet.com\",\"telephone\":\"+33 0 5 40 07 07 65\",\"legalName\":\"Relais Gourmet\",\"vatID\":\"FR13482415015\",\"taxID\":\"482415015\"}]}<\/script>\n<!-- \/ Yoast SEO Premium plugin. -->","yoast_head_json":{"title":"Recetas para enamorados | Relais Gourmet","description":"Recetas para enamorados: disfruta de platos delicados y rom\u00e1nticos para dos.","robots":{"index":"index","follow":"follow","max-snippet":"max-snippet:-1","max-image-preview":"max-image-preview:large","max-video-preview":"max-video-preview:-1"},"canonical":"https:\/\/relaisgourmet.com\/es\/producto\/recetas-para-enamorados\/","og_locale":"es_ES","og_type":"article","og_title":"Recetas para enamorados","og_description":"Recandtes en Estoy enoreen es a livre que propone m\u00e1s de 100 recandtes sp\u00e9cialement con\u00e7ues para el parejas. Chagua recette es acompagns de m\u00e1ses","og_url":"https:\/\/relaisgourmet.com\/es\/producto\/recetas-para-enamorados\/","og_site_name":"Relais Gourmet","article_publisher":"https:\/\/www.facebook.com\/relaisgourmet\/","article_modified_time":"2026-04-01T22:41:51+00:00","og_image":[{"width":600,"height":600,"url":"https:\/\/relaisgourmet.com\/wp-content\/uploads\/2026\/03\/recettes-en-amoureux-1.png","type":"image\/png"}],"twitter_card":"summary_large_image","twitter_site":"@relaisgourmet64","twitter_misc":{"Tiempo de lectura":"1 minuto"},"schema":{"@context":"https:\/\/schema.org","@graph":[{"@type":"WebPage","@id":"https:\/\/relaisgourmet.com\/es\/producto\/recetas-para-enamorados\/","url":"https:\/\/relaisgourmet.com\/es\/producto\/recetas-para-enamorados\/","name":"Recetas para enamorados | Relais Gourmet","isPartOf":{"@id":"https:\/\/relaisgourmet.com\/es\/#website"},"primaryImageOfPage":{"@id":"https:\/\/relaisgourmet.com\/es\/producto\/recetas-para-enamorados\/#primaryimage"},"image":{"@id":"https:\/\/relaisgourmet.com\/es\/producto\/recetas-para-enamorados\/#primaryimage"},"thumbnailUrl":"https:\/\/relaisgourmet.com\/wp-content\/uploads\/2026\/03\/recettes-en-amoureux-1.png","datePublished":"2026-03-10T12:24:44+00:00","dateModified":"2026-04-01T22:41:51+00:00","description":"Recetas para enamorados: disfruta de platos delicados y rom\u00e1nticos para dos.","breadcrumb":{"@id":"https:\/\/relaisgourmet.com\/es\/producto\/recetas-para-enamorados\/#breadcrumb"},"inLanguage":"es","potentialAction":[{"@type":"ReadAction","target":["https:\/\/relaisgourmet.com\/es\/producto\/recetas-para-enamorados\/"]}]},{"@type":"ImageObject","inLanguage":"es","@id":"https:\/\/relaisgourmet.com\/es\/producto\/recetas-para-enamorados\/#primaryimage","url":"https:\/\/relaisgourmet.com\/wp-content\/uploads\/2026\/03\/recettes-en-amoureux-1.png","contentUrl":"https:\/\/relaisgourmet.com\/wp-content\/uploads\/2026\/03\/recettes-en-amoureux-1.png","width":600,"height":600},{"@type":"BreadcrumbList","@id":"https:\/\/relaisgourmet.com\/es\/producto\/recetas-para-enamorados\/#breadcrumb","itemListElement":[{"@type":"ListItem","position":1,"name":"Inicio","item":"https:\/\/relaisgourmet.com\/es\/inicio\/"},{"@type":"ListItem","position":2,"name":"Todos nuestros productos","item":"https:\/\/relaisgourmet.com\/es\/tienda\/"},{"@type":"ListItem","position":3,"name":"Recetas para enamorados"}]},{"@type":"WebSite","@id":"https:\/\/relaisgourmet.com\/es\/#website","url":"https:\/\/relaisgourmet.com\/es\/","name":"Relais Gourmet","description":"Foie Gras 100% Fran\u00e7ais","publisher":{"@id":"https:\/\/relaisgourmet.com\/es\/#organization"},"potentialAction":[{"@type":"SearchAction","target":{"@type":"EntryPoint","urlTemplate":"https:\/\/relaisgourmet.com\/es\/?s={search_term_string}"},"query-input":{"@type":"PropertyValueSpecification","valueRequired":true,"valueName":"search_term_string"}}],"inLanguage":"es"},{"@type":"Organization","@id":"https:\/\/relaisgourmet.com\/es\/#organization","name":"Relais Gourmet","url":"https:\/\/relaisgourmet.com\/es\/","logo":{"@type":"ImageObject","inLanguage":"es","@id":"https:\/\/relaisgourmet.com\/es\/#\/schema\/logo\/image\/","url":"https:\/\/relaisgourmet.com\/wp-content\/uploads\/2026\/03\/yoast-logo-2-relais-gourmet-.png","contentUrl":"https:\/\/relaisgourmet.com\/wp-content\/uploads\/2026\/03\/yoast-logo-2-relais-gourmet-.png","width":1200,"height":675,"caption":"Relais Gourmet"},"image":{"@id":"https:\/\/relaisgourmet.com\/es\/#\/schema\/logo\/image\/"},"sameAs":["https:\/\/www.facebook.com\/relaisgourmet\/","https:\/\/x.com\/relaisgourmet64","https:\/\/www.instagram.com\/relaisgourmetofficiel","https:\/\/www.pinterest.fr\/relaisgourmet\/"],"email":"yaqueche@relaisgourmet.com","telephone":"+33 0 5 40 07 07 65","legalName":"Relais Gourmet","vatID":"FR13482415015","taxID":"482415015"}]}},"_links":{"self":[{"href":"https:\/\/relaisgourmet.com\/es\/wp-json\/wp\/v2\/product\/67221","targetHints":{"allow":["GET"]}}],"collection":[{"href":"https:\/\/relaisgourmet.com\/es\/wp-json\/wp\/v2\/product"}],"about":[{"href":"https:\/\/relaisgourmet.com\/es\/wp-json\/wp\/v2\/types\/product"}],"replies":[{"embeddable":true,"href":"https:\/\/relaisgourmet.com\/es\/wp-json\/wp\/v2\/comments?post=67221"}],"wp:featuredmedia":[{"embeddable":true,"href":"https:\/\/relaisgourmet.com\/es\/wp-json\/wp\/v2\/media\/67226"}],"wp:attachment":[{"href":"https:\/\/relaisgourmet.com\/es\/wp-json\/wp\/v2\/media?parent=67221"}],"wp:term":[{"taxonomy":"product_brand","embeddable":true,"href":"https:\/\/relaisgourmet.com\/es\/wp-json\/wp\/v2\/product_brand?post=67221"},{"taxonomy":"product_cat","embeddable":true,"href":"https:\/\/relaisgourmet.com\/es\/wp-json\/wp\/v2\/product_cat?post=67221"},{"taxonomy":"product_tag","embeddable":true,"href":"https:\/\/relaisgourmet.com\/es\/wp-json\/wp\/v2\/product_tag?post=67221"},{"taxonomy":"giftcard-category","embeddable":true,"href":"https:\/\/relaisgourmet.com\/es\/wp-json\/wp\/v2\/giftcard-category?post=67221"}],"curies":[{"name":"wp","href":"https:\/\/api.w.org\/{rel}","templated":true}]}}