{"id":67215,"date":"2026-03-10T12:24:44","date_gmt":"2026-03-10T12:24:44","guid":{"rendered":"https:\/\/relaisgourmet.com\/product\/recetas-faciles-y-sencillas\/"},"modified":"2026-04-01T22:41:44","modified_gmt":"2026-04-01T22:41:44","slug":"recetas-faciles-y-sencillas","status":"publish","type":"product","link":"https:\/\/relaisgourmet.com\/es\/producto\/recetas-faciles-y-sencillas\/","title":{"rendered":"Recetas f\u00e1ciles y sencillas"},"content":{"rendered":"<p>Beauty &amp; Foody - Recetas de belleza natural\u00bb es un libro electr\u00f3nico publicado por Relais Gourmet y escrito por Florie Thielin.<\/p>\n<p>&nbsp;<\/p>\n<p><strong>Beauty &amp; Foody<\/strong> ofrece una variedad de recetas sanas y naturales para ayudar a mantener una piel sana y radiante.<\/p>\n<p>Los ingresos incluyen:<\/p>\n<ul>\n<li>batidos<\/li>\n<li>sopas<\/li>\n<li>Ensaladas<\/li>\n<li>postres<\/li>\n<\/ul>\n<p>todo hecho con ingredientes naturales y saludables.<\/p>\n<p>Este libro electr\u00f3nico tambi\u00e9n incluye consejos sobre los mejores alimentos para tener una piel sana, as\u00ed como informaci\u00f3n sobre los nutrientes y vitaminas importantes para mantener una piel radiante.<\/p>\n<p>Encuentra todos nuestros consejos en nuestro <a href=\"https:\/\/epic-varahamihira.207-180-195-93.plesk.page\/index.php\/blog-foies-gras-actualite\/\">blog<\/a>, y todos nuestros productos en la tienda Relais Gourmet.<\/p>\n<p>No dudes en visitar nuestro <a href=\"https:\/\/epic-varahamihira.207-180-195-93.plesk.page\/index.php\/blog-foies-gras-actualite\/\">blog<\/a> para descubrir nuestras <a href=\"\/?page_id=33979\">recetas <\/a>y otras novedades.<\/p>\n<p>Para una comida gourmet, \u00bfpor qu\u00e9 no completarla con unos deliciosos Turrones <a href=\"https:\/\/mariasimona.com\/?lang=es\">Maria Simona <\/a>?<\/p>\n","protected":false},"excerpt":{"rendered":"<p>Beauty &amp; Foody - Recetas de belleza natural\u00bb es un libro electr\u00f3nico publicado por Relais Gourmet y escrito por Florie Thielin.<\/p>\n","protected":false},"featured_media":67218,"comment_status":"closed","ping_status":"closed","template":"","meta":{"_iconic_wsb_product_page_order_bump_ids":[],"_sku":["3240000336885"],"_iconic_wsb_product_page_bump_modal_ids":[]},"product_brand":[],"product_cat":[2156],"product_tag":[2831,2834,1665,2832,2739],"giftcard-category":[],"class_list":{"0":"post-67215","1":"product","2":"type-product","3":"status-publish","4":"has-post-thumbnail","6":"product_cat-libros-electronicos-de-cocina","7":"product_tag-belleza","8":"product_tag-comida","9":"product_tag-fabricado-en-francia","10":"product_tag-foodie","11":"product_tag-libro-electronico","12":"product_shipping_class-estandar","14":"first","15":"instock","16":"downloadable","17":"virtual","18":"taxable","19":"purchasable","20":"product-type-simple"},"yoast_head":"<!-- This site is optimized with the Yoast SEO Premium plugin v27.3 (Yoast SEO v27.3) - https:\/\/yoast.com\/product\/yoast-seo-premium-wordpress\/ -->\n<title>Beauty &amp; Foody : Belleza y delicias gourmet | Relais Gourmet<\/title>\n<meta name=\"description\" content=\"Beauty &amp; Foody: un eBook exclusivo que combina belleza natural y recetas gourmet.\" \/>\n<meta name=\"robots\" content=\"index, follow, max-snippet:-1, max-image-preview:large, max-video-preview:-1\" \/>\n<link rel=\"canonical\" href=\"https:\/\/relaisgourmet.com\/es\/producto\/recetas-faciles-y-sencillas\/\" \/>\n<meta property=\"og:locale\" content=\"es_ES\" \/>\n<meta property=\"og:type\" content=\"article\" \/>\n<meta property=\"og:title\" content=\"Recetas f\u00e1ciles y sencillas\" \/>\n<meta property=\"og:description\" content=\"Beauty &amp; Foody - Recetas de belleza natural&quot; es un libro electr\u00f3nico publicado por Relais Gourmet y escrito por Florie Thielin.\" \/>\n<meta property=\"og:url\" content=\"https:\/\/relaisgourmet.com\/es\/producto\/recetas-faciles-y-sencillas\/\" \/>\n<meta property=\"og:site_name\" content=\"Relais Gourmet\" \/>\n<meta property=\"article:publisher\" content=\"https:\/\/www.facebook.com\/relaisgourmet\/\" \/>\n<meta property=\"article:modified_time\" content=\"2026-04-01T22:41:44+00:00\" \/>\n<meta property=\"og:image\" content=\"https:\/\/relaisgourmet.com\/wp-content\/uploads\/2026\/03\/beauty-and-food-1.png\" \/>\n\t<meta property=\"og:image:width\" content=\"600\" \/>\n\t<meta property=\"og:image:height\" content=\"600\" \/>\n\t<meta property=\"og:image:type\" content=\"image\/png\" \/>\n<meta name=\"twitter:card\" content=\"summary_large_image\" \/>\n<meta name=\"twitter:site\" content=\"@relaisgourmet64\" \/>\n<meta name=\"twitter:label1\" content=\"Tiempo de lectura\" \/>\n\t<meta name=\"twitter:data1\" content=\"1 minuto\" \/>\n<script type=\"application\/ld+json\" class=\"yoast-schema-graph\">{\"@context\":\"https:\\\/\\\/schema.org\",\"@graph\":[{\"@type\":\"WebPage\",\"@id\":\"https:\\\/\\\/relaisgourmet.com\\\/es\\\/producto\\\/recetas-faciles-y-sencillas\\\/\",\"url\":\"https:\\\/\\\/relaisgourmet.com\\\/es\\\/producto\\\/recetas-faciles-y-sencillas\\\/\",\"name\":\"Beauty & Foody : Belleza y delicias gourmet | Relais Gourmet\",\"isPartOf\":{\"@id\":\"https:\\\/\\\/relaisgourmet.com\\\/es\\\/#website\"},\"primaryImageOfPage\":{\"@id\":\"https:\\\/\\\/relaisgourmet.com\\\/es\\\/producto\\\/recetas-faciles-y-sencillas\\\/#primaryimage\"},\"image\":{\"@id\":\"https:\\\/\\\/relaisgourmet.com\\\/es\\\/producto\\\/recetas-faciles-y-sencillas\\\/#primaryimage\"},\"thumbnailUrl\":\"https:\\\/\\\/relaisgourmet.com\\\/wp-content\\\/uploads\\\/2026\\\/03\\\/beauty-and-food-1.png\",\"datePublished\":\"2026-03-10T12:24:44+00:00\",\"dateModified\":\"2026-04-01T22:41:44+00:00\",\"description\":\"Beauty & Foody: un eBook exclusivo que combina belleza natural y recetas gourmet.\",\"breadcrumb\":{\"@id\":\"https:\\\/\\\/relaisgourmet.com\\\/es\\\/producto\\\/recetas-faciles-y-sencillas\\\/#breadcrumb\"},\"inLanguage\":\"es\",\"potentialAction\":[{\"@type\":\"ReadAction\",\"target\":[\"https:\\\/\\\/relaisgourmet.com\\\/es\\\/producto\\\/recetas-faciles-y-sencillas\\\/\"]}]},{\"@type\":\"ImageObject\",\"inLanguage\":\"es\",\"@id\":\"https:\\\/\\\/relaisgourmet.com\\\/es\\\/producto\\\/recetas-faciles-y-sencillas\\\/#primaryimage\",\"url\":\"https:\\\/\\\/relaisgourmet.com\\\/wp-content\\\/uploads\\\/2026\\\/03\\\/beauty-and-food-1.png\",\"contentUrl\":\"https:\\\/\\\/relaisgourmet.com\\\/wp-content\\\/uploads\\\/2026\\\/03\\\/beauty-and-food-1.png\",\"width\":600,\"height\":600},{\"@type\":\"BreadcrumbList\",\"@id\":\"https:\\\/\\\/relaisgourmet.com\\\/es\\\/producto\\\/recetas-faciles-y-sencillas\\\/#breadcrumb\",\"itemListElement\":[{\"@type\":\"ListItem\",\"position\":1,\"name\":\"Inicio\",\"item\":\"https:\\\/\\\/relaisgourmet.com\\\/es\\\/inicio\\\/\"},{\"@type\":\"ListItem\",\"position\":2,\"name\":\"Todos nuestros productos\",\"item\":\"https:\\\/\\\/relaisgourmet.com\\\/es\\\/tienda\\\/\"},{\"@type\":\"ListItem\",\"position\":3,\"name\":\"Recetas f\u00e1ciles y sencillas\"}]},{\"@type\":\"WebSite\",\"@id\":\"https:\\\/\\\/relaisgourmet.com\\\/es\\\/#website\",\"url\":\"https:\\\/\\\/relaisgourmet.com\\\/es\\\/\",\"name\":\"Relais Gourmet\",\"description\":\"Foie Gras 100% Fran\u00e7ais\",\"publisher\":{\"@id\":\"https:\\\/\\\/relaisgourmet.com\\\/es\\\/#organization\"},\"potentialAction\":[{\"@type\":\"SearchAction\",\"target\":{\"@type\":\"EntryPoint\",\"urlTemplate\":\"https:\\\/\\\/relaisgourmet.com\\\/es\\\/?s={search_term_string}\"},\"query-input\":{\"@type\":\"PropertyValueSpecification\",\"valueRequired\":true,\"valueName\":\"search_term_string\"}}],\"inLanguage\":\"es\"},{\"@type\":\"Organization\",\"@id\":\"https:\\\/\\\/relaisgourmet.com\\\/es\\\/#organization\",\"name\":\"Relais Gourmet\",\"url\":\"https:\\\/\\\/relaisgourmet.com\\\/es\\\/\",\"logo\":{\"@type\":\"ImageObject\",\"inLanguage\":\"es\",\"@id\":\"https:\\\/\\\/relaisgourmet.com\\\/es\\\/#\\\/schema\\\/logo\\\/image\\\/\",\"url\":\"https:\\\/\\\/relaisgourmet.com\\\/wp-content\\\/uploads\\\/2026\\\/03\\\/yoast-logo-2-relais-gourmet-.png\",\"contentUrl\":\"https:\\\/\\\/relaisgourmet.com\\\/wp-content\\\/uploads\\\/2026\\\/03\\\/yoast-logo-2-relais-gourmet-.png\",\"width\":1200,\"height\":675,\"caption\":\"Relais Gourmet\"},\"image\":{\"@id\":\"https:\\\/\\\/relaisgourmet.com\\\/es\\\/#\\\/schema\\\/logo\\\/image\\\/\"},\"sameAs\":[\"https:\\\/\\\/www.facebook.com\\\/relaisgourmet\\\/\",\"https:\\\/\\\/x.com\\\/relaisgourmet64\",\"https:\\\/\\\/www.instagram.com\\\/relaisgourmetofficiel\",\"https:\\\/\\\/www.pinterest.fr\\\/relaisgourmet\\\/\"],\"email\":\"yaqueche@relaisgourmet.com\",\"telephone\":\"+33 0 5 40 07 07 65\",\"legalName\":\"Relais Gourmet\",\"vatID\":\"FR13482415015\",\"taxID\":\"482415015\"}]}<\/script>\n<!-- \/ Yoast SEO Premium plugin. -->","yoast_head_json":{"title":"Beauty & Foody : Belleza y delicias gourmet | Relais Gourmet","description":"Beauty & Foody: un eBook exclusivo que combina belleza natural y recetas gourmet.","robots":{"index":"index","follow":"follow","max-snippet":"max-snippet:-1","max-image-preview":"max-image-preview:large","max-video-preview":"max-video-preview:-1"},"canonical":"https:\/\/relaisgourmet.com\/es\/producto\/recetas-faciles-y-sencillas\/","og_locale":"es_ES","og_type":"article","og_title":"Recetas f\u00e1ciles y sencillas","og_description":"Beauty &amp; Foody - Recetas de belleza natural\" es un libro electr\u00f3nico publicado por Relais Gourmet y escrito por Florie Thielin.","og_url":"https:\/\/relaisgourmet.com\/es\/producto\/recetas-faciles-y-sencillas\/","og_site_name":"Relais Gourmet","article_publisher":"https:\/\/www.facebook.com\/relaisgourmet\/","article_modified_time":"2026-04-01T22:41:44+00:00","og_image":[{"width":600,"height":600,"url":"https:\/\/relaisgourmet.com\/wp-content\/uploads\/2026\/03\/beauty-and-food-1.png","type":"image\/png"}],"twitter_card":"summary_large_image","twitter_site":"@relaisgourmet64","twitter_misc":{"Tiempo de lectura":"1 minuto"},"schema":{"@context":"https:\/\/schema.org","@graph":[{"@type":"WebPage","@id":"https:\/\/relaisgourmet.com\/es\/producto\/recetas-faciles-y-sencillas\/","url":"https:\/\/relaisgourmet.com\/es\/producto\/recetas-faciles-y-sencillas\/","name":"Beauty & Foody : Belleza y delicias gourmet | Relais Gourmet","isPartOf":{"@id":"https:\/\/relaisgourmet.com\/es\/#website"},"primaryImageOfPage":{"@id":"https:\/\/relaisgourmet.com\/es\/producto\/recetas-faciles-y-sencillas\/#primaryimage"},"image":{"@id":"https:\/\/relaisgourmet.com\/es\/producto\/recetas-faciles-y-sencillas\/#primaryimage"},"thumbnailUrl":"https:\/\/relaisgourmet.com\/wp-content\/uploads\/2026\/03\/beauty-and-food-1.png","datePublished":"2026-03-10T12:24:44+00:00","dateModified":"2026-04-01T22:41:44+00:00","description":"Beauty & Foody: un eBook exclusivo que combina belleza natural y recetas gourmet.","breadcrumb":{"@id":"https:\/\/relaisgourmet.com\/es\/producto\/recetas-faciles-y-sencillas\/#breadcrumb"},"inLanguage":"es","potentialAction":[{"@type":"ReadAction","target":["https:\/\/relaisgourmet.com\/es\/producto\/recetas-faciles-y-sencillas\/"]}]},{"@type":"ImageObject","inLanguage":"es","@id":"https:\/\/relaisgourmet.com\/es\/producto\/recetas-faciles-y-sencillas\/#primaryimage","url":"https:\/\/relaisgourmet.com\/wp-content\/uploads\/2026\/03\/beauty-and-food-1.png","contentUrl":"https:\/\/relaisgourmet.com\/wp-content\/uploads\/2026\/03\/beauty-and-food-1.png","width":600,"height":600},{"@type":"BreadcrumbList","@id":"https:\/\/relaisgourmet.com\/es\/producto\/recetas-faciles-y-sencillas\/#breadcrumb","itemListElement":[{"@type":"ListItem","position":1,"name":"Inicio","item":"https:\/\/relaisgourmet.com\/es\/inicio\/"},{"@type":"ListItem","position":2,"name":"Todos nuestros productos","item":"https:\/\/relaisgourmet.com\/es\/tienda\/"},{"@type":"ListItem","position":3,"name":"Recetas f\u00e1ciles y sencillas"}]},{"@type":"WebSite","@id":"https:\/\/relaisgourmet.com\/es\/#website","url":"https:\/\/relaisgourmet.com\/es\/","name":"Relais Gourmet","description":"Foie Gras 100% Fran\u00e7ais","publisher":{"@id":"https:\/\/relaisgourmet.com\/es\/#organization"},"potentialAction":[{"@type":"SearchAction","target":{"@type":"EntryPoint","urlTemplate":"https:\/\/relaisgourmet.com\/es\/?s={search_term_string}"},"query-input":{"@type":"PropertyValueSpecification","valueRequired":true,"valueName":"search_term_string"}}],"inLanguage":"es"},{"@type":"Organization","@id":"https:\/\/relaisgourmet.com\/es\/#organization","name":"Relais Gourmet","url":"https:\/\/relaisgourmet.com\/es\/","logo":{"@type":"ImageObject","inLanguage":"es","@id":"https:\/\/relaisgourmet.com\/es\/#\/schema\/logo\/image\/","url":"https:\/\/relaisgourmet.com\/wp-content\/uploads\/2026\/03\/yoast-logo-2-relais-gourmet-.png","contentUrl":"https:\/\/relaisgourmet.com\/wp-content\/uploads\/2026\/03\/yoast-logo-2-relais-gourmet-.png","width":1200,"height":675,"caption":"Relais Gourmet"},"image":{"@id":"https:\/\/relaisgourmet.com\/es\/#\/schema\/logo\/image\/"},"sameAs":["https:\/\/www.facebook.com\/relaisgourmet\/","https:\/\/x.com\/relaisgourmet64","https:\/\/www.instagram.com\/relaisgourmetofficiel","https:\/\/www.pinterest.fr\/relaisgourmet\/"],"email":"yaqueche@relaisgourmet.com","telephone":"+33 0 5 40 07 07 65","legalName":"Relais Gourmet","vatID":"FR13482415015","taxID":"482415015"}]}},"_links":{"self":[{"href":"https:\/\/relaisgourmet.com\/es\/wp-json\/wp\/v2\/product\/67215","targetHints":{"allow":["GET"]}}],"collection":[{"href":"https:\/\/relaisgourmet.com\/es\/wp-json\/wp\/v2\/product"}],"about":[{"href":"https:\/\/relaisgourmet.com\/es\/wp-json\/wp\/v2\/types\/product"}],"replies":[{"embeddable":true,"href":"https:\/\/relaisgourmet.com\/es\/wp-json\/wp\/v2\/comments?post=67215"}],"wp:featuredmedia":[{"embeddable":true,"href":"https:\/\/relaisgourmet.com\/es\/wp-json\/wp\/v2\/media\/67218"}],"wp:attachment":[{"href":"https:\/\/relaisgourmet.com\/es\/wp-json\/wp\/v2\/media?parent=67215"}],"wp:term":[{"taxonomy":"product_brand","embeddable":true,"href":"https:\/\/relaisgourmet.com\/es\/wp-json\/wp\/v2\/product_brand?post=67215"},{"taxonomy":"product_cat","embeddable":true,"href":"https:\/\/relaisgourmet.com\/es\/wp-json\/wp\/v2\/product_cat?post=67215"},{"taxonomy":"product_tag","embeddable":true,"href":"https:\/\/relaisgourmet.com\/es\/wp-json\/wp\/v2\/product_tag?post=67215"},{"taxonomy":"giftcard-category","embeddable":true,"href":"https:\/\/relaisgourmet.com\/es\/wp-json\/wp\/v2\/giftcard-category?post=67215"}],"curies":[{"name":"wp","href":"https:\/\/api.w.org\/{rel}","templated":true}]}}