{"id":67199,"date":"2026-03-10T12:24:44","date_gmt":"2026-03-10T12:24:44","guid":{"rendered":"https:\/\/relaisgourmet.com\/product\/espana-en-recetas\/"},"modified":"2026-04-01T22:41:13","modified_gmt":"2026-04-01T22:41:13","slug":"espana-en-recetas","status":"publish","type":"product","link":"https:\/\/relaisgourmet.com\/es\/producto\/espana-en-recetas\/","title":{"rendered":"Espa\u00f1a en Recetas"},"content":{"rendered":"<p><span data-offset-key=\"2d9mo-35-0\">L<\/span><span data-offset-key=\"2d9mo-36-0\">&#8216;<\/span><span data-offset-key=\"2d9mo-37-0\">E<\/span><span data-offset-key=\"2d9mo-38-0\">sp<\/span><span data-offset-key=\"2d9mo-39-0\">agne<\/span><span data-offset-key=\"2d9mo-40-0\">  en<\/span><span data-offset-key=\"2d9mo-41-0\">  Rec<\/span><span data-offset-key=\"2d9mo-42-0\">andtes<\/span><span data-offset-key=\"2d9mo-43-0\">  es<\/span><span data-offset-key=\"2d9mo-44-0\">  a<\/span><span data-offset-key=\"2d9mo-45-0\">  Libro electr\u00f3nico<\/span><span data-offset-key=\"2d9mo-46-0\">  que<\/span><span data-offset-key=\"2d9mo-47-0\">  met<\/span><span data-offset-key=\"2d9mo-48-0\">  en<\/span><span data-offset-key=\"2d9mo-49-0\">  l<\/span><span data-offset-key=\"2d9mo-50-0\">umi<\/span><span data-offset-key=\"2d9mo-51-0\">era<\/span><span data-offset-key=\"2d9mo-52-0\">  el<\/span><span data-offset-key=\"2d9mo-53-0\">  de<\/span><span data-offset-key=\"2d9mo-54-0\">lic<\/span><span data-offset-key=\"2d9mo-55-0\">es decir<\/span><span data-offset-key=\"2d9mo-56-0\">utiliza<\/span><span data-offset-key=\"2d9mo-57-0\">  rec<\/span><span data-offset-key=\"2d9mo-58-0\">andtes<\/span><span data-offset-key=\"2d9mo-59-0\">  esp<\/span><span data-offset-key=\"2d9mo-60-0\">agn<\/span><span data-offset-key=\"2d9mo-61-0\">oles<\/span><span data-offset-key=\"2d9mo-62-0\">.<\/span><\/p>\n<p><span data-offset-key=\"2d9mo-63-0\">Le<\/span><span data-offset-key=\"2d9mo-64-0\">  liv<\/span><span data-offset-key=\"2d9mo-65-0\">re<\/span><span data-offset-key=\"2d9mo-66-0\">  propone<\/span><span data-offset-key=\"2d9mo-67-0\">  de<\/span><span data-offset-key=\"2d9mo-68-0\">  rec<\/span><span data-offset-key=\"2d9mo-69-0\">andtes<\/span><span data-offset-key=\"2d9mo-70-0\">  vari<\/span><span data-offset-key=\"2d9mo-71-0\">\u00e9<\/span><span data-offset-key=\"2d9mo-72-0\">es<\/span><span data-offset-key=\"2d9mo-73-0\">,<\/span><span data-offset-key=\"2d9mo-74-0\">  todos<\/span><span data-offset-key=\"2d9mo-75-0\">hormiga<\/span><span data-offset-key=\"2d9mo-76-0\">  de<\/span><span data-offset-key=\"2d9mo-77-0\">  pl<\/span><span data-offset-key=\"2d9mo-78-0\">ats<\/span><span data-offset-key=\"2d9mo-79-0\">  tradici\u00f3n<\/span><span data-offset-key=\"2d9mo-80-0\">nels<\/span><span data-offset-key=\"2d9mo-81-0\">  en<\/span><span data-offset-key=\"2d9mo-82-0\">  rec<\/span><span data-offset-key=\"2d9mo-83-0\">andtes<\/span><span data-offset-key=\"2d9mo-84-0\">  moderno<\/span><span data-offset-key=\"2d9mo-85-0\">es<\/span><span data-offset-key=\"2d9mo-86-0\">.  <\/span><\/p>\n<p><span data-offset-key=\"2d9mo-87-0\">\u00c9l<\/span><span data-offset-key=\"2d9mo-88-0\">  cuello<\/span><span data-offset-key=\"2d9mo-89-0\">vre<\/span><span data-offset-key=\"2d9mo-90-0\">  de<\/span><span data-offset-key=\"2d9mo-91-0\">  n<\/span><span data-offset-key=\"2d9mo-92-0\">omb<\/span><span data-offset-key=\"2d9mo-93-0\">re<\/span><span data-offset-key=\"2d9mo-94-0\">utiliza<\/span><span data-offset-key=\"2d9mo-95-0\">  tipos<\/span><span data-offset-key=\"2d9mo-96-0\">  de<\/span><span data-offset-key=\"2d9mo-97-0\">  rec<\/span><span data-offset-key=\"2d9mo-98-0\">andtes<\/span><span data-offset-key=\"2d9mo-99-0\">,<\/span><span data-offset-key=\"2d9mo-100-0\">  todos<\/span><span data-offset-key=\"2d9mo-101-0\">hormiga<\/span><span data-offset-key=\"2d9mo-102-0\">  de<\/span><span data-offset-key=\"2d9mo-103-0\">  pl<\/span><span data-offset-key=\"2d9mo-104-0\">ats<\/span><span data-offset-key=\"2d9mo-105-0\">  v<\/span><span data-offset-key=\"2d9mo-106-0\">\u00e9<\/span><span data-offset-key=\"2d9mo-107-0\">g<\/span><span data-offset-key=\"2d9mo-108-0\">et<\/span><span data-offset-key=\"2d9mo-109-0\">ari<\/span><span data-offset-key=\"2d9mo-110-0\">ens<\/span><span data-offset-key=\"2d9mo-111-0\">  en<\/span><span data-offset-key=\"2d9mo-112-0\">  pl<\/span><span data-offset-key=\"2d9mo-113-0\">ats<\/span><span data-offset-key=\"2d9mo-114-0\">  \u00e0<\/span><span data-offset-key=\"2d9mo-115-0\">  base<\/span><span data-offset-key=\"2d9mo-116-0\">  de<\/span><span data-offset-key=\"2d9mo-117-0\">  vi<\/span><span data-offset-key=\"2d9mo-118-0\">ande<\/span><span data-offset-key=\"2d9mo-119-0\">,<\/span><span data-offset-key=\"2d9mo-120-0\">  de<\/span><span data-offset-key=\"2d9mo-121-0\">  en<\/span><span data-offset-key=\"2d9mo-122-0\">isson<\/span><span data-offset-key=\"2d9mo-123-0\">  y<\/span><span data-offset-key=\"2d9mo-124-0\">  de<\/span><span data-offset-key=\"2d9mo-125-0\">  fruta<\/span><span data-offset-key=\"2d9mo-126-0\">  de<\/span><span data-offset-key=\"2d9mo-127-0\">  mar<\/span><span data-offset-key=\"2d9mo-128-0\">.<\/span><\/p>\n<p><span data-offset-key=\"2d9mo-129-0\">Luego, ch<\/span><span data-offset-key=\"2d9mo-130-0\">agua<\/span><span data-offset-key=\"2d9mo-131-0\">  rec<\/span><span data-offset-key=\"2d9mo-132-0\">ette<\/span><span data-offset-key=\"2d9mo-133-0\">  es<\/span><span data-offset-key=\"2d9mo-134-0\">  acomp<\/span><span data-offset-key=\"2d9mo-135-0\">agn<\/span><span data-offset-key=\"2d9mo-136-0\">s<\/span><span data-offset-key=\"2d9mo-137-0\">  d<\/span><span data-offset-key=\"2d9mo-138-0\">&#8216;<\/span><span data-offset-key=\"2d9mo-139-0\">a<\/span><span data-offset-key=\"2d9mo-140-0\">  foto<\/span><span data-offset-key=\"2d9mo-141-0\">  y<\/span><span data-offset-key=\"2d9mo-142-0\">  d<\/span><span data-offset-key=\"2d9mo-143-0\">&#8216;<\/span><span data-offset-key=\"2d9mo-144-0\">a<\/span><span data-offset-key=\"2d9mo-145-0\">  descripci\u00f3n<\/span><span data-offset-key=\"2d9mo-146-0\">  de<\/span><span data-offset-key=\"2d9mo-147-0\">tu<\/span><span data-offset-key=\"2d9mo-148-0\">mal<\/span><span data-offset-key=\"2d9mo-149-0\">s<\/span><span data-offset-key=\"2d9mo-150-0\">  para<\/span><span data-offset-key=\"2d9mo-151-0\">  v<\/span><span data-offset-key=\"2d9mo-152-0\">o<\/span><span data-offset-key=\"2d9mo-153-0\">  gu<\/span><span data-offset-key=\"2d9mo-154-0\">ider<\/span><span data-offset-key=\"2d9mo-155-0\">  \u00e0<\/span><span data-offset-key=\"2d9mo-156-0\">  a trav\u00e9s de<\/span><span data-offset-key=\"2d9mo-157-0\">  el<\/span><span data-offset-key=\"2d9mo-158-0\">  pr<\/span><span data-offset-key=\"2d9mo-159-0\">\u00e9<\/span><span data-offset-key=\"2d9mo-160-0\">por<\/span><span data-offset-key=\"2d9mo-161-0\">aci\u00f3n<\/span><span data-offset-key=\"2d9mo-162-0\">  y<\/span><span data-offset-key=\"2d9mo-163-0\">  el<\/span><span data-offset-key=\"2d9mo-164-0\">  cu<\/span><span data-offset-key=\"2d9mo-165-0\">isson.<\/span><\/p>\n<p><span data-offset-key=\"2d9mo-167-0\">Adem\u00e1s, el<\/span><span data-offset-key=\"2d9mo-168-0\">  liv<\/span><span data-offset-key=\"2d9mo-169-0\">re<\/span><span data-offset-key=\"2d9mo-170-0\">  propone<\/span> <span data-offset-key=\"2d9mo-174-0\">de<\/span><span data-offset-key=\"2d9mo-175-0\">  informa a<\/span><span data-offset-key=\"2d9mo-176-0\">aciones<\/span><span data-offset-key=\"2d9mo-177-0\">  en<\/span><span data-offset-key=\"2d9mo-178-0\">  el<\/span><span data-offset-key=\"2d9mo-179-0\">  ing<\/span><span data-offset-key=\"2d9mo-180-0\">re<\/span><span data-offset-key=\"2d9mo-181-0\">d<\/span><span data-offset-key=\"2d9mo-182-0\">ientes<\/span><span data-offset-key=\"2d9mo-183-0\">  y<\/span><span data-offset-key=\"2d9mo-184-0\">  el<\/span><span data-offset-key=\"2d9mo-185-0\">  t\u00e9cnicas<\/span><span data-offset-key=\"2d9mo-186-0\">  culo<\/span><span data-offset-key=\"2d9mo-187-0\">ina<\/span><span data-offset-key=\"2d9mo-188-0\">ires<\/span><span data-offset-key=\"2d9mo-189-0\">  sp<\/span><span data-offset-key=\"2d9mo-190-0\">\u00e9<\/span><span data-offset-key=\"2d9mo-191-0\">c<\/span><span data-offset-key=\"2d9mo-192-0\">si<\/span><span data-offset-key=\"2d9mo-193-0\">iques<\/span><span data-offset-key=\"2d9mo-194-0\">  \u00e0<\/span><span data-offset-key=\"2d9mo-195-0\">  cha<\/span><span data-offset-key=\"2d9mo-196-0\">que<\/span><span data-offset-key=\"2d9mo-197-0\">  plato<\/span><span data-offset-key=\"2d9mo-198-0\">.  <\/span><span data-offset-key=\"2d9mo-199-0\">\u00c9l<\/span><span data-offset-key=\"2d9mo-200-0\">  es<\/span><span data-offset-key=\"2d9mo-201-0\">  tambi\u00e9n<\/span><span data-offset-key=\"2d9mo-204-0\">  ric<\/span><span data-offset-key=\"2d9mo-205-0\">a<\/span><span data-offset-key=\"2d9mo-206-0\">  en<\/span><span data-offset-key=\"2d9mo-207-0\">  an\u00e9cdotas<\/span><span data-offset-key=\"2d9mo-208-0\">,<\/span><span data-offset-key=\"2d9mo-209-0\">  hist<\/span><span data-offset-key=\"2d9mo-210-0\">o<\/span><span data-offset-key=\"2d9mo-211-0\">ires<\/span><span data-offset-key=\"2d9mo-212-0\">  y<\/span><span data-offset-key=\"2d9mo-213-0\">  informa a<\/span><span data-offset-key=\"2d9mo-214-0\">aciones<\/span><span data-offset-key=\"2d9mo-215-0\">  en<\/span><span data-offset-key=\"2d9mo-216-0\">  el<\/span><span data-offset-key=\"2d9mo-217-0\">  cultura<\/span><span data-offset-key=\"2d9mo-218-0\">  culo<\/span><span data-offset-key=\"2d9mo-219-0\">ina<\/span><span data-offset-key=\"2d9mo-220-0\">ire<\/span><span data-offset-key=\"2d9mo-221-0\">  esp<\/span><span data-offset-key=\"2d9mo-222-0\">agn<\/span><span data-offset-key=\"2d9mo-223-0\">ole<\/span><span data-offset-key=\"2d9mo-224-0\">.<\/span><\/p>\n<p>Por eso, con este ebook sobre Espa\u00f1a en recetas, \u00a1podr\u00e1s degustar <a href=\"\/?page_id=34001\">nuestros diferentes foies gras<\/a>!<\/p>\n<p><strong>Puedes encontrar todos nuestros consejos de preparaci\u00f3n en la secci\u00f3n Consejos, as\u00ed como todos nuestros productos en la tienda Relais Gourmet. No dudes en visitar nuestro <\/strong><strong><a href=\"https:\/\/epic-varahamihira.207-180-195-93.plesk.page\/index.php\/blog-foies-gras-actualite\/\">blog<\/a><\/strong><strong> para descubrir nuestras <\/strong><strong><a href=\"\/?page_id=33979\">recetas <\/a><\/strong><strong>y otros productos nuevos.<\/strong><\/p>\n<p>Por \u00faltimo, para una comida gourmet, \u00bfpor qu\u00e9 no terminar con broche de oro con unos deliciosos Turrones <a href=\"https:\/\/mariasimona.com\/\">Maria Simona<\/a>?<\/p>\n","protected":false},"excerpt":{"rendered":"<p>El libro electr\u00f3nico perfecto para descubrir la cocina espa\u00f1ola, con recetas sencillas y deliciosas.<\/p>\n","protected":false},"featured_media":67200,"comment_status":"closed","ping_status":"closed","template":"","meta":{"_iconic_wsb_product_page_order_bump_ids":[],"_sku":["3300000336992"],"_iconic_wsb_product_page_bump_modal_ids":[]},"product_brand":[],"product_cat":[2156],"product_tag":[2816,2818,2739],"giftcard-category":[],"class_list":{"0":"post-67199","1":"product","2":"type-product","3":"status-publish","4":"has-post-thumbnail","6":"product_cat-libros-electronicos-de-cocina","7":"product_tag-cocina","8":"product_tag-espanol","9":"product_tag-libro-electronico","10":"product_shipping_class-estandar","12":"first","13":"instock","14":"downloadable","15":"virtual","16":"taxable","17":"purchasable","18":"product-type-simple"},"yoast_head":"<!-- This site is optimized with the Yoast SEO Premium plugin v27.3 (Yoast SEO v27.3) - https:\/\/yoast.com\/product\/yoast-seo-premium-wordpress\/ -->\n<title>Espa\u00f1a en Recetas Aut\u00e9nticas | Relais Gourmet<\/title>\n<meta name=\"description\" content=\"Espa\u00f1a en Recetas: viaja por la cocina con recetas t\u00edpicas llenas de sol.\" \/>\n<meta name=\"robots\" content=\"index, follow, max-snippet:-1, max-image-preview:large, max-video-preview:-1\" \/>\n<link rel=\"canonical\" href=\"https:\/\/relaisgourmet.com\/es\/producto\/espana-en-recetas\/\" \/>\n<meta property=\"og:locale\" content=\"es_ES\" \/>\n<meta property=\"og:type\" content=\"article\" \/>\n<meta property=\"og:title\" content=\"Espa\u00f1a en Recetas\" \/>\n<meta property=\"og:description\" content=\"El libro electr\u00f3nico perfecto para descubrir la cocina espa\u00f1ola, con recetas sencillas y deliciosas.\" \/>\n<meta property=\"og:url\" content=\"https:\/\/relaisgourmet.com\/es\/producto\/espana-en-recetas\/\" \/>\n<meta property=\"og:site_name\" content=\"Relais Gourmet\" \/>\n<meta property=\"article:publisher\" content=\"https:\/\/www.facebook.com\/relaisgourmet\/\" \/>\n<meta property=\"article:modified_time\" content=\"2026-04-01T22:41:13+00:00\" \/>\n<meta property=\"og:image\" content=\"https:\/\/relaisgourmet.com\/wp-content\/uploads\/2026\/03\/espagne-en-recette-1.png\" \/>\n\t<meta property=\"og:image:width\" content=\"600\" \/>\n\t<meta property=\"og:image:height\" content=\"600\" \/>\n\t<meta property=\"og:image:type\" content=\"image\/png\" \/>\n<meta name=\"twitter:card\" content=\"summary_large_image\" \/>\n<meta name=\"twitter:site\" content=\"@relaisgourmet64\" \/>\n<meta name=\"twitter:label1\" content=\"Tiempo de lectura\" \/>\n\t<meta name=\"twitter:data1\" content=\"1 minuto\" \/>\n<script type=\"application\/ld+json\" class=\"yoast-schema-graph\">{\"@context\":\"https:\\\/\\\/schema.org\",\"@graph\":[{\"@type\":\"WebPage\",\"@id\":\"https:\\\/\\\/relaisgourmet.com\\\/es\\\/producto\\\/espana-en-recetas\\\/\",\"url\":\"https:\\\/\\\/relaisgourmet.com\\\/es\\\/producto\\\/espana-en-recetas\\\/\",\"name\":\"Espa\u00f1a en Recetas Aut\u00e9nticas | Relais Gourmet\",\"isPartOf\":{\"@id\":\"https:\\\/\\\/relaisgourmet.com\\\/es\\\/#website\"},\"primaryImageOfPage\":{\"@id\":\"https:\\\/\\\/relaisgourmet.com\\\/es\\\/producto\\\/espana-en-recetas\\\/#primaryimage\"},\"image\":{\"@id\":\"https:\\\/\\\/relaisgourmet.com\\\/es\\\/producto\\\/espana-en-recetas\\\/#primaryimage\"},\"thumbnailUrl\":\"https:\\\/\\\/relaisgourmet.com\\\/wp-content\\\/uploads\\\/2026\\\/03\\\/espagne-en-recette-1.png\",\"datePublished\":\"2026-03-10T12:24:44+00:00\",\"dateModified\":\"2026-04-01T22:41:13+00:00\",\"description\":\"Espa\u00f1a en Recetas: viaja por la cocina con recetas t\u00edpicas llenas de sol.\",\"breadcrumb\":{\"@id\":\"https:\\\/\\\/relaisgourmet.com\\\/es\\\/producto\\\/espana-en-recetas\\\/#breadcrumb\"},\"inLanguage\":\"es\",\"potentialAction\":[{\"@type\":\"ReadAction\",\"target\":[\"https:\\\/\\\/relaisgourmet.com\\\/es\\\/producto\\\/espana-en-recetas\\\/\"]}]},{\"@type\":\"ImageObject\",\"inLanguage\":\"es\",\"@id\":\"https:\\\/\\\/relaisgourmet.com\\\/es\\\/producto\\\/espana-en-recetas\\\/#primaryimage\",\"url\":\"https:\\\/\\\/relaisgourmet.com\\\/wp-content\\\/uploads\\\/2026\\\/03\\\/espagne-en-recette-1.png\",\"contentUrl\":\"https:\\\/\\\/relaisgourmet.com\\\/wp-content\\\/uploads\\\/2026\\\/03\\\/espagne-en-recette-1.png\",\"width\":600,\"height\":600},{\"@type\":\"BreadcrumbList\",\"@id\":\"https:\\\/\\\/relaisgourmet.com\\\/es\\\/producto\\\/espana-en-recetas\\\/#breadcrumb\",\"itemListElement\":[{\"@type\":\"ListItem\",\"position\":1,\"name\":\"Inicio\",\"item\":\"https:\\\/\\\/relaisgourmet.com\\\/es\\\/inicio\\\/\"},{\"@type\":\"ListItem\",\"position\":2,\"name\":\"Todos nuestros productos\",\"item\":\"https:\\\/\\\/relaisgourmet.com\\\/es\\\/tienda\\\/\"},{\"@type\":\"ListItem\",\"position\":3,\"name\":\"Espa\u00f1a en Recetas\"}]},{\"@type\":\"WebSite\",\"@id\":\"https:\\\/\\\/relaisgourmet.com\\\/es\\\/#website\",\"url\":\"https:\\\/\\\/relaisgourmet.com\\\/es\\\/\",\"name\":\"Relais Gourmet\",\"description\":\"Foie Gras 100% Fran\u00e7ais\",\"publisher\":{\"@id\":\"https:\\\/\\\/relaisgourmet.com\\\/es\\\/#organization\"},\"potentialAction\":[{\"@type\":\"SearchAction\",\"target\":{\"@type\":\"EntryPoint\",\"urlTemplate\":\"https:\\\/\\\/relaisgourmet.com\\\/es\\\/?s={search_term_string}\"},\"query-input\":{\"@type\":\"PropertyValueSpecification\",\"valueRequired\":true,\"valueName\":\"search_term_string\"}}],\"inLanguage\":\"es\"},{\"@type\":\"Organization\",\"@id\":\"https:\\\/\\\/relaisgourmet.com\\\/es\\\/#organization\",\"name\":\"Relais Gourmet\",\"url\":\"https:\\\/\\\/relaisgourmet.com\\\/es\\\/\",\"logo\":{\"@type\":\"ImageObject\",\"inLanguage\":\"es\",\"@id\":\"https:\\\/\\\/relaisgourmet.com\\\/es\\\/#\\\/schema\\\/logo\\\/image\\\/\",\"url\":\"https:\\\/\\\/relaisgourmet.com\\\/wp-content\\\/uploads\\\/2026\\\/03\\\/yoast-logo-2-relais-gourmet-.png\",\"contentUrl\":\"https:\\\/\\\/relaisgourmet.com\\\/wp-content\\\/uploads\\\/2026\\\/03\\\/yoast-logo-2-relais-gourmet-.png\",\"width\":1200,\"height\":675,\"caption\":\"Relais Gourmet\"},\"image\":{\"@id\":\"https:\\\/\\\/relaisgourmet.com\\\/es\\\/#\\\/schema\\\/logo\\\/image\\\/\"},\"sameAs\":[\"https:\\\/\\\/www.facebook.com\\\/relaisgourmet\\\/\",\"https:\\\/\\\/x.com\\\/relaisgourmet64\",\"https:\\\/\\\/www.instagram.com\\\/relaisgourmetofficiel\",\"https:\\\/\\\/www.pinterest.fr\\\/relaisgourmet\\\/\"],\"email\":\"yaqueche@relaisgourmet.com\",\"telephone\":\"+33 0 5 40 07 07 65\",\"legalName\":\"Relais Gourmet\",\"vatID\":\"FR13482415015\",\"taxID\":\"482415015\"}]}<\/script>\n<!-- \/ Yoast SEO Premium plugin. -->","yoast_head_json":{"title":"Espa\u00f1a en Recetas Aut\u00e9nticas | Relais Gourmet","description":"Espa\u00f1a en Recetas: viaja por la cocina con recetas t\u00edpicas llenas de sol.","robots":{"index":"index","follow":"follow","max-snippet":"max-snippet:-1","max-image-preview":"max-image-preview:large","max-video-preview":"max-video-preview:-1"},"canonical":"https:\/\/relaisgourmet.com\/es\/producto\/espana-en-recetas\/","og_locale":"es_ES","og_type":"article","og_title":"Espa\u00f1a en Recetas","og_description":"El libro electr\u00f3nico perfecto para descubrir la cocina espa\u00f1ola, con recetas sencillas y deliciosas.","og_url":"https:\/\/relaisgourmet.com\/es\/producto\/espana-en-recetas\/","og_site_name":"Relais Gourmet","article_publisher":"https:\/\/www.facebook.com\/relaisgourmet\/","article_modified_time":"2026-04-01T22:41:13+00:00","og_image":[{"width":600,"height":600,"url":"https:\/\/relaisgourmet.com\/wp-content\/uploads\/2026\/03\/espagne-en-recette-1.png","type":"image\/png"}],"twitter_card":"summary_large_image","twitter_site":"@relaisgourmet64","twitter_misc":{"Tiempo de lectura":"1 minuto"},"schema":{"@context":"https:\/\/schema.org","@graph":[{"@type":"WebPage","@id":"https:\/\/relaisgourmet.com\/es\/producto\/espana-en-recetas\/","url":"https:\/\/relaisgourmet.com\/es\/producto\/espana-en-recetas\/","name":"Espa\u00f1a en Recetas Aut\u00e9nticas | Relais Gourmet","isPartOf":{"@id":"https:\/\/relaisgourmet.com\/es\/#website"},"primaryImageOfPage":{"@id":"https:\/\/relaisgourmet.com\/es\/producto\/espana-en-recetas\/#primaryimage"},"image":{"@id":"https:\/\/relaisgourmet.com\/es\/producto\/espana-en-recetas\/#primaryimage"},"thumbnailUrl":"https:\/\/relaisgourmet.com\/wp-content\/uploads\/2026\/03\/espagne-en-recette-1.png","datePublished":"2026-03-10T12:24:44+00:00","dateModified":"2026-04-01T22:41:13+00:00","description":"Espa\u00f1a en Recetas: viaja por la cocina con recetas t\u00edpicas llenas de sol.","breadcrumb":{"@id":"https:\/\/relaisgourmet.com\/es\/producto\/espana-en-recetas\/#breadcrumb"},"inLanguage":"es","potentialAction":[{"@type":"ReadAction","target":["https:\/\/relaisgourmet.com\/es\/producto\/espana-en-recetas\/"]}]},{"@type":"ImageObject","inLanguage":"es","@id":"https:\/\/relaisgourmet.com\/es\/producto\/espana-en-recetas\/#primaryimage","url":"https:\/\/relaisgourmet.com\/wp-content\/uploads\/2026\/03\/espagne-en-recette-1.png","contentUrl":"https:\/\/relaisgourmet.com\/wp-content\/uploads\/2026\/03\/espagne-en-recette-1.png","width":600,"height":600},{"@type":"BreadcrumbList","@id":"https:\/\/relaisgourmet.com\/es\/producto\/espana-en-recetas\/#breadcrumb","itemListElement":[{"@type":"ListItem","position":1,"name":"Inicio","item":"https:\/\/relaisgourmet.com\/es\/inicio\/"},{"@type":"ListItem","position":2,"name":"Todos nuestros productos","item":"https:\/\/relaisgourmet.com\/es\/tienda\/"},{"@type":"ListItem","position":3,"name":"Espa\u00f1a en Recetas"}]},{"@type":"WebSite","@id":"https:\/\/relaisgourmet.com\/es\/#website","url":"https:\/\/relaisgourmet.com\/es\/","name":"Relais Gourmet","description":"Foie Gras 100% Fran\u00e7ais","publisher":{"@id":"https:\/\/relaisgourmet.com\/es\/#organization"},"potentialAction":[{"@type":"SearchAction","target":{"@type":"EntryPoint","urlTemplate":"https:\/\/relaisgourmet.com\/es\/?s={search_term_string}"},"query-input":{"@type":"PropertyValueSpecification","valueRequired":true,"valueName":"search_term_string"}}],"inLanguage":"es"},{"@type":"Organization","@id":"https:\/\/relaisgourmet.com\/es\/#organization","name":"Relais Gourmet","url":"https:\/\/relaisgourmet.com\/es\/","logo":{"@type":"ImageObject","inLanguage":"es","@id":"https:\/\/relaisgourmet.com\/es\/#\/schema\/logo\/image\/","url":"https:\/\/relaisgourmet.com\/wp-content\/uploads\/2026\/03\/yoast-logo-2-relais-gourmet-.png","contentUrl":"https:\/\/relaisgourmet.com\/wp-content\/uploads\/2026\/03\/yoast-logo-2-relais-gourmet-.png","width":1200,"height":675,"caption":"Relais Gourmet"},"image":{"@id":"https:\/\/relaisgourmet.com\/es\/#\/schema\/logo\/image\/"},"sameAs":["https:\/\/www.facebook.com\/relaisgourmet\/","https:\/\/x.com\/relaisgourmet64","https:\/\/www.instagram.com\/relaisgourmetofficiel","https:\/\/www.pinterest.fr\/relaisgourmet\/"],"email":"yaqueche@relaisgourmet.com","telephone":"+33 0 5 40 07 07 65","legalName":"Relais Gourmet","vatID":"FR13482415015","taxID":"482415015"}]}},"_links":{"self":[{"href":"https:\/\/relaisgourmet.com\/es\/wp-json\/wp\/v2\/product\/67199","targetHints":{"allow":["GET"]}}],"collection":[{"href":"https:\/\/relaisgourmet.com\/es\/wp-json\/wp\/v2\/product"}],"about":[{"href":"https:\/\/relaisgourmet.com\/es\/wp-json\/wp\/v2\/types\/product"}],"replies":[{"embeddable":true,"href":"https:\/\/relaisgourmet.com\/es\/wp-json\/wp\/v2\/comments?post=67199"}],"wp:featuredmedia":[{"embeddable":true,"href":"https:\/\/relaisgourmet.com\/es\/wp-json\/wp\/v2\/media\/67200"}],"wp:attachment":[{"href":"https:\/\/relaisgourmet.com\/es\/wp-json\/wp\/v2\/media?parent=67199"}],"wp:term":[{"taxonomy":"product_brand","embeddable":true,"href":"https:\/\/relaisgourmet.com\/es\/wp-json\/wp\/v2\/product_brand?post=67199"},{"taxonomy":"product_cat","embeddable":true,"href":"https:\/\/relaisgourmet.com\/es\/wp-json\/wp\/v2\/product_cat?post=67199"},{"taxonomy":"product_tag","embeddable":true,"href":"https:\/\/relaisgourmet.com\/es\/wp-json\/wp\/v2\/product_tag?post=67199"},{"taxonomy":"giftcard-category","embeddable":true,"href":"https:\/\/relaisgourmet.com\/es\/wp-json\/wp\/v2\/giftcard-category?post=67199"}],"curies":[{"name":"wp","href":"https:\/\/api.w.org\/{rel}","templated":true}]}}