{"id":67159,"date":"2026-03-10T12:24:42","date_gmt":"2026-03-10T12:24:42","guid":{"rendered":"https:\/\/relaisgourmet.com\/product\/cartilla-del-pais-vasco-volumen-1\/"},"modified":"2026-04-01T22:40:49","modified_gmt":"2026-04-01T22:40:49","slug":"cartilla-del-pais-vasco-volumen-1","status":"publish","type":"product","link":"https:\/\/relaisgourmet.com\/es\/producto\/cartilla-del-pais-vasco-volumen-1\/","title":{"rendered":"Cartilla del Pa\u00eds Vasco - Volumen 1"},"content":{"rendered":"<p><strong>Descubre la versi\u00f3n digital de la Cartilla del Pa\u00eds Vasco.<\/strong><\/p>\n<p>\u00bfQu\u00e9 es un libro del abecedario? Es una gu\u00eda de exploraci\u00f3n, un viaje en el que cada letra del alfabeto se utiliza como br\u00fajula para navegar por temas, autores, g\u00e9neros, personajes, lugares y mucho m\u00e1s. Este original concepto ofrece un panorama rico y diverso del mundo de la literatura, permiti\u00e9ndote asociar cada letra a una palabra clave representativa.  <\/p>\n<p>El libro electr\u00f3nico \u00abL&#8217;Ab\u00e9c\u00e9daire du Pays Basque\u00bb se compone de varios cap\u00edtulos que abarcan un amplio abanico de temas: historia, literatura, m\u00fasica, gastronom\u00eda, artesan\u00eda, tradiciones y mucho m\u00e1s.<\/p>\n<p>Estos cap\u00edtulos est\u00e1n ilustrados con fotos y dibujos que a\u00f1aden un toque personal y original al libro.<\/p>\n<p>Escrito por un apasionado del Pa\u00eds Vasco, este libro es una gu\u00eda inestimable para descubrir y comprender mejor esta regi\u00f3n rica en cultura y patrimonio.<\/p>\n<p>El primer volumen de L&#8217;ab\u00e9c\u00e9daire es gratuito con cualquier pedido superior a 79\u20ac.<\/p>\n<p>Relais Gourmet te invita a descubrir el Pa\u00eds Vasco a trav\u00e9s de un alfabeto rico en gastronom\u00eda, folclore y patrimonio hist\u00f3rico.<\/p>\n<p>\u00a1Con este libro, estar\u00e1s bien equipado para cualquier ocasi\u00f3n y podr\u00e1s disfrutar de nuestros diferentes foies gras!<\/p>\n<p>Puedes encontrar todos nuestros consejos de preparaci\u00f3n en la secci\u00f3n Consejos, y todos nuestros productos vascos en la tienda Relais Gourmet.<\/p>\n<p>No dudes en visitar nuestro <a href=\"https:\/\/epic-varahamihira.207-180-195-93.plesk.page\/index.php\/blog-foies-gras-actualite\/\">blog<\/a> para descubrir nuestras <a href=\"\/?page_id=33979\">recetas <\/a>y otras novedades.<\/p>\n<p>Por \u00faltimo, para una comida gourmet, \u00bfpor qu\u00e9 no terminar con broche de oro con unos deliciosos Turrones <a href=\"https:\/\/mariasimona.com\/?lang=es\">Maria Simona <\/a>?<\/p>\n<p>ARCHIVO: pdf<\/p>\n<p>AUTOR: Yaqueche<\/p>\n<p>N\u00daMERO DE P\u00c1GINAS: 34 p\u00e1ginas<\/p>\n","protected":false},"excerpt":{"rendered":"<p><strong>El fascinante mundo del Pa\u00eds Vasco en esta primera versi\u00f3n digital del libro<\/strong><\/p>\n<p><em><strong>Este libro es gratuito con cualquier pedido superior a 79 euros.<\/strong><\/em><\/p>\n<p>Relais Gourmet te invita a descubrir el Pa\u00eds Vasco a trav\u00e9s de una cartilla rica en gastronom\u00eda, folclore y patrimonio hist\u00f3rico.<\/p>\n<p>ARCHIVO: pdf<\/p>\n<p>AUTOR: Yaqueche<\/p>\n<p>N\u00daMERO DE P\u00c1GINAS: 34 p\u00e1ginas<\/p>\n","protected":false},"featured_media":67160,"comment_status":"closed","ping_status":"closed","template":"","meta":{"_iconic_wsb_product_page_order_bump_ids":[],"_sku":["3640000336173"],"_iconic_wsb_product_page_bump_modal_ids":[]},"product_brand":[],"product_cat":[2156],"product_tag":[1665,2739,2740],"giftcard-category":[],"class_list":{"0":"post-67159","1":"product","2":"type-product","3":"status-publish","4":"has-post-thumbnail","6":"product_cat-libros-electronicos-de-cocina","7":"product_tag-fabricado-en-francia","8":"product_tag-libro-electronico","9":"product_tag-pais-vasco","10":"product_shipping_class-estandar","12":"first","13":"instock","14":"downloadable","15":"virtual","16":"taxable","17":"purchasable","18":"product-type-simple"},"yoast_head":"<!-- This site is optimized with the Yoast SEO Premium plugin v27.3 (Yoast SEO v27.3) - https:\/\/yoast.com\/product\/yoast-seo-premium-wordpress\/ -->\n<title>La cartilla del Pa\u00eds Vasco Volumen 1 | Relais Gourmet<\/title>\n<meta name=\"description\" content=\"Ab\u00e9c\u00e9daire du Pays Basque - Tome 1: el primer volumen que te sumergir\u00e1 en el encantador mundo del Pa\u00eds Vasco.\" \/>\n<meta name=\"robots\" content=\"index, follow, max-snippet:-1, max-image-preview:large, max-video-preview:-1\" \/>\n<link rel=\"canonical\" href=\"https:\/\/relaisgourmet.com\/es\/producto\/cartilla-del-pais-vasco-volumen-1\/\" \/>\n<meta property=\"og:locale\" content=\"es_ES\" \/>\n<meta property=\"og:type\" content=\"article\" \/>\n<meta property=\"og:title\" content=\"Cartilla del Pa\u00eds Vasco - Volumen 1\" \/>\n<meta property=\"og:description\" content=\"El fascinante mundo del Pa\u00eds Vasco en esta primera versi\u00f3n digital del libro Este libro es gratuito con cualquier pedido superior a 79 euros. Relais Gourmet te invita a descubrir el Pa\u00eds Vasco a trav\u00e9s de una cartilla rica en gastronom\u00eda, folclore y patrimonio hist\u00f3rico. ARCHIVO: pdf AUTOR: Yaqueche N\u00daMERO DE P\u00c1GINAS: 34 p\u00e1ginas\" \/>\n<meta property=\"og:url\" content=\"https:\/\/relaisgourmet.com\/es\/producto\/cartilla-del-pais-vasco-volumen-1\/\" \/>\n<meta property=\"og:site_name\" content=\"Relais Gourmet\" \/>\n<meta property=\"article:publisher\" content=\"https:\/\/www.facebook.com\/relaisgourmet\/\" \/>\n<meta property=\"article:modified_time\" content=\"2026-04-01T22:40:49+00:00\" \/>\n<meta property=\"og:image\" content=\"https:\/\/relaisgourmet.com\/wp-content\/uploads\/2026\/03\/abecedaire-1-1.png\" \/>\n\t<meta property=\"og:image:width\" content=\"600\" \/>\n\t<meta property=\"og:image:height\" content=\"600\" \/>\n\t<meta property=\"og:image:type\" content=\"image\/png\" \/>\n<meta name=\"twitter:card\" content=\"summary_large_image\" \/>\n<meta name=\"twitter:site\" content=\"@relaisgourmet64\" \/>\n<meta name=\"twitter:label1\" content=\"Tiempo de lectura\" \/>\n\t<meta name=\"twitter:data1\" content=\"1 minuto\" \/>\n<script type=\"application\/ld+json\" class=\"yoast-schema-graph\">{\"@context\":\"https:\\\/\\\/schema.org\",\"@graph\":[{\"@type\":\"WebPage\",\"@id\":\"https:\\\/\\\/relaisgourmet.com\\\/es\\\/producto\\\/cartilla-del-pais-vasco-volumen-1\\\/\",\"url\":\"https:\\\/\\\/relaisgourmet.com\\\/es\\\/producto\\\/cartilla-del-pais-vasco-volumen-1\\\/\",\"name\":\"La cartilla del Pa\u00eds Vasco Volumen 1 | Relais Gourmet\",\"isPartOf\":{\"@id\":\"https:\\\/\\\/relaisgourmet.com\\\/es\\\/#website\"},\"primaryImageOfPage\":{\"@id\":\"https:\\\/\\\/relaisgourmet.com\\\/es\\\/producto\\\/cartilla-del-pais-vasco-volumen-1\\\/#primaryimage\"},\"image\":{\"@id\":\"https:\\\/\\\/relaisgourmet.com\\\/es\\\/producto\\\/cartilla-del-pais-vasco-volumen-1\\\/#primaryimage\"},\"thumbnailUrl\":\"https:\\\/\\\/relaisgourmet.com\\\/wp-content\\\/uploads\\\/2026\\\/03\\\/abecedaire-1-1.png\",\"datePublished\":\"2026-03-10T12:24:42+00:00\",\"dateModified\":\"2026-04-01T22:40:49+00:00\",\"description\":\"Ab\u00e9c\u00e9daire du Pays Basque - Tome 1: el primer volumen que te sumergir\u00e1 en el encantador mundo del Pa\u00eds Vasco.\",\"breadcrumb\":{\"@id\":\"https:\\\/\\\/relaisgourmet.com\\\/es\\\/producto\\\/cartilla-del-pais-vasco-volumen-1\\\/#breadcrumb\"},\"inLanguage\":\"es\",\"potentialAction\":[{\"@type\":\"ReadAction\",\"target\":[\"https:\\\/\\\/relaisgourmet.com\\\/es\\\/producto\\\/cartilla-del-pais-vasco-volumen-1\\\/\"]}]},{\"@type\":\"ImageObject\",\"inLanguage\":\"es\",\"@id\":\"https:\\\/\\\/relaisgourmet.com\\\/es\\\/producto\\\/cartilla-del-pais-vasco-volumen-1\\\/#primaryimage\",\"url\":\"https:\\\/\\\/relaisgourmet.com\\\/wp-content\\\/uploads\\\/2026\\\/03\\\/abecedaire-1-1.png\",\"contentUrl\":\"https:\\\/\\\/relaisgourmet.com\\\/wp-content\\\/uploads\\\/2026\\\/03\\\/abecedaire-1-1.png\",\"width\":600,\"height\":600},{\"@type\":\"BreadcrumbList\",\"@id\":\"https:\\\/\\\/relaisgourmet.com\\\/es\\\/producto\\\/cartilla-del-pais-vasco-volumen-1\\\/#breadcrumb\",\"itemListElement\":[{\"@type\":\"ListItem\",\"position\":1,\"name\":\"Inicio\",\"item\":\"https:\\\/\\\/relaisgourmet.com\\\/es\\\/inicio\\\/\"},{\"@type\":\"ListItem\",\"position\":2,\"name\":\"Todos nuestros productos\",\"item\":\"https:\\\/\\\/relaisgourmet.com\\\/es\\\/tienda\\\/\"},{\"@type\":\"ListItem\",\"position\":3,\"name\":\"Cartilla del Pa\u00eds Vasco - Volumen 1\"}]},{\"@type\":\"WebSite\",\"@id\":\"https:\\\/\\\/relaisgourmet.com\\\/es\\\/#website\",\"url\":\"https:\\\/\\\/relaisgourmet.com\\\/es\\\/\",\"name\":\"Relais Gourmet\",\"description\":\"Foie Gras 100% Fran\u00e7ais\",\"publisher\":{\"@id\":\"https:\\\/\\\/relaisgourmet.com\\\/es\\\/#organization\"},\"potentialAction\":[{\"@type\":\"SearchAction\",\"target\":{\"@type\":\"EntryPoint\",\"urlTemplate\":\"https:\\\/\\\/relaisgourmet.com\\\/es\\\/?s={search_term_string}\"},\"query-input\":{\"@type\":\"PropertyValueSpecification\",\"valueRequired\":true,\"valueName\":\"search_term_string\"}}],\"inLanguage\":\"es\"},{\"@type\":\"Organization\",\"@id\":\"https:\\\/\\\/relaisgourmet.com\\\/es\\\/#organization\",\"name\":\"Relais Gourmet\",\"url\":\"https:\\\/\\\/relaisgourmet.com\\\/es\\\/\",\"logo\":{\"@type\":\"ImageObject\",\"inLanguage\":\"es\",\"@id\":\"https:\\\/\\\/relaisgourmet.com\\\/es\\\/#\\\/schema\\\/logo\\\/image\\\/\",\"url\":\"https:\\\/\\\/relaisgourmet.com\\\/wp-content\\\/uploads\\\/2026\\\/03\\\/yoast-logo-2-relais-gourmet-.png\",\"contentUrl\":\"https:\\\/\\\/relaisgourmet.com\\\/wp-content\\\/uploads\\\/2026\\\/03\\\/yoast-logo-2-relais-gourmet-.png\",\"width\":1200,\"height\":675,\"caption\":\"Relais Gourmet\"},\"image\":{\"@id\":\"https:\\\/\\\/relaisgourmet.com\\\/es\\\/#\\\/schema\\\/logo\\\/image\\\/\"},\"sameAs\":[\"https:\\\/\\\/www.facebook.com\\\/relaisgourmet\\\/\",\"https:\\\/\\\/x.com\\\/relaisgourmet64\",\"https:\\\/\\\/www.instagram.com\\\/relaisgourmetofficiel\",\"https:\\\/\\\/www.pinterest.fr\\\/relaisgourmet\\\/\"],\"email\":\"yaqueche@relaisgourmet.com\",\"telephone\":\"+33 0 5 40 07 07 65\",\"legalName\":\"Relais Gourmet\",\"vatID\":\"FR13482415015\",\"taxID\":\"482415015\"}]}<\/script>\n<!-- \/ Yoast SEO Premium plugin. -->","yoast_head_json":{"title":"La cartilla del Pa\u00eds Vasco Volumen 1 | Relais Gourmet","description":"Ab\u00e9c\u00e9daire du Pays Basque - Tome 1: el primer volumen que te sumergir\u00e1 en el encantador mundo del Pa\u00eds Vasco.","robots":{"index":"index","follow":"follow","max-snippet":"max-snippet:-1","max-image-preview":"max-image-preview:large","max-video-preview":"max-video-preview:-1"},"canonical":"https:\/\/relaisgourmet.com\/es\/producto\/cartilla-del-pais-vasco-volumen-1\/","og_locale":"es_ES","og_type":"article","og_title":"Cartilla del Pa\u00eds Vasco - Volumen 1","og_description":"El fascinante mundo del Pa\u00eds Vasco en esta primera versi\u00f3n digital del libro Este libro es gratuito con cualquier pedido superior a 79 euros. Relais Gourmet te invita a descubrir el Pa\u00eds Vasco a trav\u00e9s de una cartilla rica en gastronom\u00eda, folclore y patrimonio hist\u00f3rico. ARCHIVO: pdf AUTOR: Yaqueche N\u00daMERO DE P\u00c1GINAS: 34 p\u00e1ginas","og_url":"https:\/\/relaisgourmet.com\/es\/producto\/cartilla-del-pais-vasco-volumen-1\/","og_site_name":"Relais Gourmet","article_publisher":"https:\/\/www.facebook.com\/relaisgourmet\/","article_modified_time":"2026-04-01T22:40:49+00:00","og_image":[{"width":600,"height":600,"url":"https:\/\/relaisgourmet.com\/wp-content\/uploads\/2026\/03\/abecedaire-1-1.png","type":"image\/png"}],"twitter_card":"summary_large_image","twitter_site":"@relaisgourmet64","twitter_misc":{"Tiempo de lectura":"1 minuto"},"schema":{"@context":"https:\/\/schema.org","@graph":[{"@type":"WebPage","@id":"https:\/\/relaisgourmet.com\/es\/producto\/cartilla-del-pais-vasco-volumen-1\/","url":"https:\/\/relaisgourmet.com\/es\/producto\/cartilla-del-pais-vasco-volumen-1\/","name":"La cartilla del Pa\u00eds Vasco Volumen 1 | Relais Gourmet","isPartOf":{"@id":"https:\/\/relaisgourmet.com\/es\/#website"},"primaryImageOfPage":{"@id":"https:\/\/relaisgourmet.com\/es\/producto\/cartilla-del-pais-vasco-volumen-1\/#primaryimage"},"image":{"@id":"https:\/\/relaisgourmet.com\/es\/producto\/cartilla-del-pais-vasco-volumen-1\/#primaryimage"},"thumbnailUrl":"https:\/\/relaisgourmet.com\/wp-content\/uploads\/2026\/03\/abecedaire-1-1.png","datePublished":"2026-03-10T12:24:42+00:00","dateModified":"2026-04-01T22:40:49+00:00","description":"Ab\u00e9c\u00e9daire du Pays Basque - Tome 1: el primer volumen que te sumergir\u00e1 en el encantador mundo del Pa\u00eds Vasco.","breadcrumb":{"@id":"https:\/\/relaisgourmet.com\/es\/producto\/cartilla-del-pais-vasco-volumen-1\/#breadcrumb"},"inLanguage":"es","potentialAction":[{"@type":"ReadAction","target":["https:\/\/relaisgourmet.com\/es\/producto\/cartilla-del-pais-vasco-volumen-1\/"]}]},{"@type":"ImageObject","inLanguage":"es","@id":"https:\/\/relaisgourmet.com\/es\/producto\/cartilla-del-pais-vasco-volumen-1\/#primaryimage","url":"https:\/\/relaisgourmet.com\/wp-content\/uploads\/2026\/03\/abecedaire-1-1.png","contentUrl":"https:\/\/relaisgourmet.com\/wp-content\/uploads\/2026\/03\/abecedaire-1-1.png","width":600,"height":600},{"@type":"BreadcrumbList","@id":"https:\/\/relaisgourmet.com\/es\/producto\/cartilla-del-pais-vasco-volumen-1\/#breadcrumb","itemListElement":[{"@type":"ListItem","position":1,"name":"Inicio","item":"https:\/\/relaisgourmet.com\/es\/inicio\/"},{"@type":"ListItem","position":2,"name":"Todos nuestros productos","item":"https:\/\/relaisgourmet.com\/es\/tienda\/"},{"@type":"ListItem","position":3,"name":"Cartilla del Pa\u00eds Vasco - Volumen 1"}]},{"@type":"WebSite","@id":"https:\/\/relaisgourmet.com\/es\/#website","url":"https:\/\/relaisgourmet.com\/es\/","name":"Relais Gourmet","description":"Foie Gras 100% Fran\u00e7ais","publisher":{"@id":"https:\/\/relaisgourmet.com\/es\/#organization"},"potentialAction":[{"@type":"SearchAction","target":{"@type":"EntryPoint","urlTemplate":"https:\/\/relaisgourmet.com\/es\/?s={search_term_string}"},"query-input":{"@type":"PropertyValueSpecification","valueRequired":true,"valueName":"search_term_string"}}],"inLanguage":"es"},{"@type":"Organization","@id":"https:\/\/relaisgourmet.com\/es\/#organization","name":"Relais Gourmet","url":"https:\/\/relaisgourmet.com\/es\/","logo":{"@type":"ImageObject","inLanguage":"es","@id":"https:\/\/relaisgourmet.com\/es\/#\/schema\/logo\/image\/","url":"https:\/\/relaisgourmet.com\/wp-content\/uploads\/2026\/03\/yoast-logo-2-relais-gourmet-.png","contentUrl":"https:\/\/relaisgourmet.com\/wp-content\/uploads\/2026\/03\/yoast-logo-2-relais-gourmet-.png","width":1200,"height":675,"caption":"Relais Gourmet"},"image":{"@id":"https:\/\/relaisgourmet.com\/es\/#\/schema\/logo\/image\/"},"sameAs":["https:\/\/www.facebook.com\/relaisgourmet\/","https:\/\/x.com\/relaisgourmet64","https:\/\/www.instagram.com\/relaisgourmetofficiel","https:\/\/www.pinterest.fr\/relaisgourmet\/"],"email":"yaqueche@relaisgourmet.com","telephone":"+33 0 5 40 07 07 65","legalName":"Relais Gourmet","vatID":"FR13482415015","taxID":"482415015"}]}},"_links":{"self":[{"href":"https:\/\/relaisgourmet.com\/es\/wp-json\/wp\/v2\/product\/67159","targetHints":{"allow":["GET"]}}],"collection":[{"href":"https:\/\/relaisgourmet.com\/es\/wp-json\/wp\/v2\/product"}],"about":[{"href":"https:\/\/relaisgourmet.com\/es\/wp-json\/wp\/v2\/types\/product"}],"replies":[{"embeddable":true,"href":"https:\/\/relaisgourmet.com\/es\/wp-json\/wp\/v2\/comments?post=67159"}],"wp:featuredmedia":[{"embeddable":true,"href":"https:\/\/relaisgourmet.com\/es\/wp-json\/wp\/v2\/media\/67160"}],"wp:attachment":[{"href":"https:\/\/relaisgourmet.com\/es\/wp-json\/wp\/v2\/media?parent=67159"}],"wp:term":[{"taxonomy":"product_brand","embeddable":true,"href":"https:\/\/relaisgourmet.com\/es\/wp-json\/wp\/v2\/product_brand?post=67159"},{"taxonomy":"product_cat","embeddable":true,"href":"https:\/\/relaisgourmet.com\/es\/wp-json\/wp\/v2\/product_cat?post=67159"},{"taxonomy":"product_tag","embeddable":true,"href":"https:\/\/relaisgourmet.com\/es\/wp-json\/wp\/v2\/product_tag?post=67159"},{"taxonomy":"giftcard-category","embeddable":true,"href":"https:\/\/relaisgourmet.com\/es\/wp-json\/wp\/v2\/giftcard-category?post=67159"}],"curies":[{"name":"wp","href":"https:\/\/api.w.org\/{rel}","templated":true}]}}