{"id":67149,"date":"2026-03-10T12:24:42","date_gmt":"2026-03-10T12:24:42","guid":{"rendered":"https:\/\/relaisgourmet.com\/product\/cartilla-del-pais-vasco-volumen-2\/"},"modified":"2026-04-01T22:40:46","modified_gmt":"2026-04-01T22:40:46","slug":"cartilla-del-pais-vasco-volumen-2","status":"publish","type":"product","link":"https:\/\/relaisgourmet.com\/es\/producto\/cartilla-del-pais-vasco-volumen-2\/","title":{"rendered":"Cartilla del Pa\u00eds Vasco - Volumen 2"},"content":{"rendered":"<p>Contin\u00faa tu descubrimiento con este segundo libro del ABC del Pa\u00eds Vasco:<\/p>\n<p>Un recordatorio r\u00e1pido: un libro del abecedario es una gu\u00eda de exploraci\u00f3n, un viaje en el que cada letra del abecedario se utiliza como br\u00fajula para navegar por temas, autores, g\u00e9neros, personajes, lugares y mucho m\u00e1s. El concepto consiste en asociar cada letra a una palabra clave representativa. <\/p>\n<p><b>Un paseo por el coraz\u00f3n del Pa\u00eds Vasco, descubriendo pueblos t\u00edpicos, tradiciones y gastronom\u00eda&#8230;<\/b><\/p>\n<p><span data-offset-key=\"cm71o-142-0\">En<\/span><span data-offset-key=\"cm71o-143-0\">  cap<\/span><span data-offset-key=\"cm71o-144-0\">it<\/span><span data-offset-key=\"cm71o-145-0\">res<\/span><span data-offset-key=\"cm71o-146-0\">  s<\/span><span data-offset-key=\"cm71o-147-0\">tienen<\/span><span data-offset-key=\"cm71o-148-0\">  ilustra<\/span><span data-offset-key=\"cm71o-149-0\">r<\/span><span data-offset-key=\"cm71o-150-0\">s<\/span><span data-offset-key=\"cm71o-151-0\">  por<\/span><span data-offset-key=\"cm71o-152-0\">  de<\/span><span data-offset-key=\"cm71o-153-0\">  fotos<\/span><span data-offset-key=\"cm71o-154-0\">  y<\/span><span data-offset-key=\"cm71o-155-0\">  de<\/span><span data-offset-key=\"cm71o-156-0\">  d<\/span><span data-offset-key=\"cm71o-157-0\">ess<\/span><span data-offset-key=\"cm71o-158-0\">ins<\/span><span data-offset-key=\"cm71o-159-0\">  que<\/span><span data-offset-key=\"cm71o-160-0\">  app<\/span><span data-offset-key=\"cm71o-161-0\">ort<\/span><span data-offset-key=\"cm71o-162-0\">ent<\/span><span data-offset-key=\"cm71o-163-0\">  a<\/span><span data-offset-key=\"cm71o-164-0\">  tou<\/span><span data-offset-key=\"cm71o-165-0\">che<\/span><span data-offset-key=\"cm71o-166-0\">  personal<\/span><span data-offset-key=\"cm71o-167-0\">el<\/span><span data-offset-key=\"cm71o-168-0\">  y<\/span><span data-offset-key=\"cm71o-169-0\">  origen<\/span><span data-offset-key=\"cm71o-170-0\">ale<\/span><span data-offset-key=\"cm71o-171-0\">  \u00e0<\/span><span data-offset-key=\"cm71o-172-0\">  c<\/span><span data-offset-key=\"cm71o-173-0\">y<\/span><span data-offset-key=\"cm71o-174-0\">  o<\/span><span data-offset-key=\"cm71o-175-0\">uv<\/span><span data-offset-key=\"cm71o-176-0\">rabia<\/span><span data-offset-key=\"cm71o-177-0\">.<\/span><\/p>\n<p>Escrito por un apasionado del Pa\u00eds Vasco, este libro es una gu\u00eda inestimable para descubrir y comprender mejor esta regi\u00f3n rica en cultura y patrimonio.<\/p>\n<p>\u00a1Una lectura obligada si tienes curiosidad!<\/p>\n<p>\u00a1Con la Cartilla del Pa\u00eds Vasco, estar\u00e1s preparado para cualquier ocasi\u00f3n y podr\u00e1s degustar <a href=\"https:\/\/epic-varahamihira.207-180-195-93.plesk.page\/categories\/\">nuestros diferentes foies gras<\/a>!<\/p>\n<p>Relais Gourmet te invita a descubrir el Pa\u00eds Vasco a trav\u00e9s de un alfabeto rico en gastronom\u00eda, folclore y patrimonio hist\u00f3rico.<\/p>\n<p><strong>Puedes encontrar todos nuestros consejos de preparaci\u00f3n en la secci\u00f3n Consejos, y todos nuestros productos en la tienda Relais Gourmet. No dudes en visitar nuestro <\/strong><strong><a href=\"https:\/\/epic-varahamihira.207-180-195-93.plesk.page\/index.php\/blog-foies-gras-actualite\/\">blog<\/a><\/strong><strong> para descubrir nuestras <\/strong><strong><a href=\"https:\/\/epic-varahamihira.207-180-195-93.plesk.page\/index.php\/recettes\/\">recetas <\/a><\/strong><strong>y otros productos nuevos.<\/strong><\/p>\n<p>Para una comida gourmet, \u00bfpor qu\u00e9 no completarla con unos deliciosos Turrones <a href=\"https:\/\/mariasimona.com\/\">Maria Simona<\/a>?<\/p>\n<p>Peio E.: \u00abUn aspecto nuevo y fresco para seguir llev\u00e1ndote de viaje a ambos lados de los Pirineos\u00bb.<\/p>\n<p>Ander P: \u00abLibro muy informativo\u00bb.<\/p>\n<p>Archivo: pdf<\/p>\n<p>Autor : Yaqueche<\/p>\n<p>N\u00famero de p\u00e1ginas: 30<\/p>\n<p>&nbsp;<\/p>\n","protected":false},"excerpt":{"rendered":"<p><strong>Contin\u00faa tu paseo por las imponentes monta\u00f1as del Pa\u00eds Vasco <\/strong><\/p>\n<p><em><strong>Este libro es gratuito con cualquier pedido superior a 89 euros.<\/strong><\/em><\/p>\n<p>Explora estos lugares de historia y misterio en esta segunda edici\u00f3n digital<\/p>\n<p>ARCHIVO: pdf<\/p>\n<p>AUTOR: Yaqueche<\/p>\n<p>N\u00daMERO DE P\u00c1GINAS: 30 p\u00e1ginas<\/p>\n","protected":false},"featured_media":67151,"comment_status":"closed","ping_status":"closed","template":"","meta":{"_iconic_wsb_product_page_order_bump_ids":[],"_sku":["3360000336125"],"_iconic_wsb_product_page_bump_modal_ids":[]},"product_brand":[],"product_cat":[2156],"product_tag":[1665,2739,2753],"giftcard-category":[],"class_list":{"0":"post-67149","1":"product","2":"type-product","3":"status-publish","4":"has-post-thumbnail","6":"product_cat-libros-electronicos-de-cocina","7":"product_tag-fabricado-en-francia","8":"product_tag-libro-electronico","9":"product_tag-pais-vasco-2","10":"product_shipping_class-estandar","12":"first","13":"instock","14":"downloadable","15":"virtual","16":"taxable","17":"purchasable","18":"product-type-simple"},"yoast_head":"<!-- This site is optimized with the Yoast SEO Premium plugin v27.3 (Yoast SEO v27.3) - https:\/\/yoast.com\/product\/yoast-seo-premium-wordpress\/ -->\n<title>La cartilla del Pa\u00eds Vasco Volumen 2 | Relais Gourmet<\/title>\n<meta name=\"description\" content=\"Una cartilla sobre el Pa\u00eds Vasco - Volumen 2: un tomo cautivador para ampliar tu descubrimiento de la regi\u00f3n.\" \/>\n<meta name=\"robots\" content=\"index, follow, max-snippet:-1, max-image-preview:large, max-video-preview:-1\" \/>\n<link rel=\"canonical\" href=\"https:\/\/relaisgourmet.com\/es\/producto\/cartilla-del-pais-vasco-volumen-2\/\" \/>\n<meta property=\"og:locale\" content=\"es_ES\" \/>\n<meta property=\"og:type\" content=\"article\" \/>\n<meta property=\"og:title\" content=\"Cartilla del Pa\u00eds Vasco - Volumen 2\" \/>\n<meta property=\"og:description\" content=\"Contin\u00faa tu paseo por las imponentes monta\u00f1as del Pa\u00eds Vasco  Este libro es gratuito con cualquier pedido superior a 89 euros. Explora estos lugares de historia y misterio en esta segunda edici\u00f3n digital ARCHIVO: pdf AUTOR: Yaqueche N\u00daMERO DE P\u00c1GINAS: 30 p\u00e1ginas\" \/>\n<meta property=\"og:url\" content=\"https:\/\/relaisgourmet.com\/es\/producto\/cartilla-del-pais-vasco-volumen-2\/\" \/>\n<meta property=\"og:site_name\" content=\"Relais Gourmet\" \/>\n<meta property=\"article:publisher\" content=\"https:\/\/www.facebook.com\/relaisgourmet\/\" \/>\n<meta property=\"article:modified_time\" content=\"2026-04-01T22:40:46+00:00\" \/>\n<meta property=\"og:image\" content=\"https:\/\/relaisgourmet.com\/wp-content\/uploads\/2026\/03\/Design-sans-titre-1-1.png\" \/>\n\t<meta property=\"og:image:width\" content=\"600\" \/>\n\t<meta property=\"og:image:height\" content=\"600\" \/>\n\t<meta property=\"og:image:type\" content=\"image\/png\" \/>\n<meta name=\"twitter:card\" content=\"summary_large_image\" \/>\n<meta name=\"twitter:site\" content=\"@relaisgourmet64\" \/>\n<meta name=\"twitter:label1\" content=\"Tiempo de lectura\" \/>\n\t<meta name=\"twitter:data1\" content=\"1 minuto\" \/>\n<script type=\"application\/ld+json\" class=\"yoast-schema-graph\">{\"@context\":\"https:\\\/\\\/schema.org\",\"@graph\":[{\"@type\":\"WebPage\",\"@id\":\"https:\\\/\\\/relaisgourmet.com\\\/es\\\/producto\\\/cartilla-del-pais-vasco-volumen-2\\\/\",\"url\":\"https:\\\/\\\/relaisgourmet.com\\\/es\\\/producto\\\/cartilla-del-pais-vasco-volumen-2\\\/\",\"name\":\"La cartilla del Pa\u00eds Vasco Volumen 2 | Relais Gourmet\",\"isPartOf\":{\"@id\":\"https:\\\/\\\/relaisgourmet.com\\\/es\\\/#website\"},\"primaryImageOfPage\":{\"@id\":\"https:\\\/\\\/relaisgourmet.com\\\/es\\\/producto\\\/cartilla-del-pais-vasco-volumen-2\\\/#primaryimage\"},\"image\":{\"@id\":\"https:\\\/\\\/relaisgourmet.com\\\/es\\\/producto\\\/cartilla-del-pais-vasco-volumen-2\\\/#primaryimage\"},\"thumbnailUrl\":\"https:\\\/\\\/relaisgourmet.com\\\/wp-content\\\/uploads\\\/2026\\\/03\\\/Design-sans-titre-1-1.png\",\"datePublished\":\"2026-03-10T12:24:42+00:00\",\"dateModified\":\"2026-04-01T22:40:46+00:00\",\"description\":\"Una cartilla sobre el Pa\u00eds Vasco - Volumen 2: un tomo cautivador para ampliar tu descubrimiento de la regi\u00f3n.\",\"breadcrumb\":{\"@id\":\"https:\\\/\\\/relaisgourmet.com\\\/es\\\/producto\\\/cartilla-del-pais-vasco-volumen-2\\\/#breadcrumb\"},\"inLanguage\":\"es\",\"potentialAction\":[{\"@type\":\"ReadAction\",\"target\":[\"https:\\\/\\\/relaisgourmet.com\\\/es\\\/producto\\\/cartilla-del-pais-vasco-volumen-2\\\/\"]}]},{\"@type\":\"ImageObject\",\"inLanguage\":\"es\",\"@id\":\"https:\\\/\\\/relaisgourmet.com\\\/es\\\/producto\\\/cartilla-del-pais-vasco-volumen-2\\\/#primaryimage\",\"url\":\"https:\\\/\\\/relaisgourmet.com\\\/wp-content\\\/uploads\\\/2026\\\/03\\\/Design-sans-titre-1-1.png\",\"contentUrl\":\"https:\\\/\\\/relaisgourmet.com\\\/wp-content\\\/uploads\\\/2026\\\/03\\\/Design-sans-titre-1-1.png\",\"width\":600,\"height\":600},{\"@type\":\"BreadcrumbList\",\"@id\":\"https:\\\/\\\/relaisgourmet.com\\\/es\\\/producto\\\/cartilla-del-pais-vasco-volumen-2\\\/#breadcrumb\",\"itemListElement\":[{\"@type\":\"ListItem\",\"position\":1,\"name\":\"Inicio\",\"item\":\"https:\\\/\\\/relaisgourmet.com\\\/es\\\/inicio\\\/\"},{\"@type\":\"ListItem\",\"position\":2,\"name\":\"Todos nuestros productos\",\"item\":\"https:\\\/\\\/relaisgourmet.com\\\/es\\\/tienda\\\/\"},{\"@type\":\"ListItem\",\"position\":3,\"name\":\"Cartilla del Pa\u00eds Vasco &#8211; Volumen 2\"}]},{\"@type\":\"WebSite\",\"@id\":\"https:\\\/\\\/relaisgourmet.com\\\/es\\\/#website\",\"url\":\"https:\\\/\\\/relaisgourmet.com\\\/es\\\/\",\"name\":\"Relais Gourmet\",\"description\":\"Foie Gras 100% Fran\u00e7ais\",\"publisher\":{\"@id\":\"https:\\\/\\\/relaisgourmet.com\\\/es\\\/#organization\"},\"potentialAction\":[{\"@type\":\"SearchAction\",\"target\":{\"@type\":\"EntryPoint\",\"urlTemplate\":\"https:\\\/\\\/relaisgourmet.com\\\/es\\\/?s={search_term_string}\"},\"query-input\":{\"@type\":\"PropertyValueSpecification\",\"valueRequired\":true,\"valueName\":\"search_term_string\"}}],\"inLanguage\":\"es\"},{\"@type\":\"Organization\",\"@id\":\"https:\\\/\\\/relaisgourmet.com\\\/es\\\/#organization\",\"name\":\"Relais Gourmet\",\"url\":\"https:\\\/\\\/relaisgourmet.com\\\/es\\\/\",\"logo\":{\"@type\":\"ImageObject\",\"inLanguage\":\"es\",\"@id\":\"https:\\\/\\\/relaisgourmet.com\\\/es\\\/#\\\/schema\\\/logo\\\/image\\\/\",\"url\":\"https:\\\/\\\/relaisgourmet.com\\\/wp-content\\\/uploads\\\/2026\\\/03\\\/yoast-logo-2-relais-gourmet-.png\",\"contentUrl\":\"https:\\\/\\\/relaisgourmet.com\\\/wp-content\\\/uploads\\\/2026\\\/03\\\/yoast-logo-2-relais-gourmet-.png\",\"width\":1200,\"height\":675,\"caption\":\"Relais Gourmet\"},\"image\":{\"@id\":\"https:\\\/\\\/relaisgourmet.com\\\/es\\\/#\\\/schema\\\/logo\\\/image\\\/\"},\"sameAs\":[\"https:\\\/\\\/www.facebook.com\\\/relaisgourmet\\\/\",\"https:\\\/\\\/x.com\\\/relaisgourmet64\",\"https:\\\/\\\/www.instagram.com\\\/relaisgourmetofficiel\",\"https:\\\/\\\/www.pinterest.fr\\\/relaisgourmet\\\/\"],\"email\":\"yaqueche@relaisgourmet.com\",\"telephone\":\"+33 0 5 40 07 07 65\",\"legalName\":\"Relais Gourmet\",\"vatID\":\"FR13482415015\",\"taxID\":\"482415015\"}]}<\/script>\n<!-- \/ Yoast SEO Premium plugin. -->","yoast_head_json":{"title":"La cartilla del Pa\u00eds Vasco Volumen 2 | Relais Gourmet","description":"Una cartilla sobre el Pa\u00eds Vasco - Volumen 2: un tomo cautivador para ampliar tu descubrimiento de la regi\u00f3n.","robots":{"index":"index","follow":"follow","max-snippet":"max-snippet:-1","max-image-preview":"max-image-preview:large","max-video-preview":"max-video-preview:-1"},"canonical":"https:\/\/relaisgourmet.com\/es\/producto\/cartilla-del-pais-vasco-volumen-2\/","og_locale":"es_ES","og_type":"article","og_title":"Cartilla del Pa\u00eds Vasco - Volumen 2","og_description":"Contin\u00faa tu paseo por las imponentes monta\u00f1as del Pa\u00eds Vasco  Este libro es gratuito con cualquier pedido superior a 89 euros. Explora estos lugares de historia y misterio en esta segunda edici\u00f3n digital ARCHIVO: pdf AUTOR: Yaqueche N\u00daMERO DE P\u00c1GINAS: 30 p\u00e1ginas","og_url":"https:\/\/relaisgourmet.com\/es\/producto\/cartilla-del-pais-vasco-volumen-2\/","og_site_name":"Relais Gourmet","article_publisher":"https:\/\/www.facebook.com\/relaisgourmet\/","article_modified_time":"2026-04-01T22:40:46+00:00","og_image":[{"width":600,"height":600,"url":"https:\/\/relaisgourmet.com\/wp-content\/uploads\/2026\/03\/Design-sans-titre-1-1.png","type":"image\/png"}],"twitter_card":"summary_large_image","twitter_site":"@relaisgourmet64","twitter_misc":{"Tiempo de lectura":"1 minuto"},"schema":{"@context":"https:\/\/schema.org","@graph":[{"@type":"WebPage","@id":"https:\/\/relaisgourmet.com\/es\/producto\/cartilla-del-pais-vasco-volumen-2\/","url":"https:\/\/relaisgourmet.com\/es\/producto\/cartilla-del-pais-vasco-volumen-2\/","name":"La cartilla del Pa\u00eds Vasco Volumen 2 | Relais Gourmet","isPartOf":{"@id":"https:\/\/relaisgourmet.com\/es\/#website"},"primaryImageOfPage":{"@id":"https:\/\/relaisgourmet.com\/es\/producto\/cartilla-del-pais-vasco-volumen-2\/#primaryimage"},"image":{"@id":"https:\/\/relaisgourmet.com\/es\/producto\/cartilla-del-pais-vasco-volumen-2\/#primaryimage"},"thumbnailUrl":"https:\/\/relaisgourmet.com\/wp-content\/uploads\/2026\/03\/Design-sans-titre-1-1.png","datePublished":"2026-03-10T12:24:42+00:00","dateModified":"2026-04-01T22:40:46+00:00","description":"Una cartilla sobre el Pa\u00eds Vasco - Volumen 2: un tomo cautivador para ampliar tu descubrimiento de la regi\u00f3n.","breadcrumb":{"@id":"https:\/\/relaisgourmet.com\/es\/producto\/cartilla-del-pais-vasco-volumen-2\/#breadcrumb"},"inLanguage":"es","potentialAction":[{"@type":"ReadAction","target":["https:\/\/relaisgourmet.com\/es\/producto\/cartilla-del-pais-vasco-volumen-2\/"]}]},{"@type":"ImageObject","inLanguage":"es","@id":"https:\/\/relaisgourmet.com\/es\/producto\/cartilla-del-pais-vasco-volumen-2\/#primaryimage","url":"https:\/\/relaisgourmet.com\/wp-content\/uploads\/2026\/03\/Design-sans-titre-1-1.png","contentUrl":"https:\/\/relaisgourmet.com\/wp-content\/uploads\/2026\/03\/Design-sans-titre-1-1.png","width":600,"height":600},{"@type":"BreadcrumbList","@id":"https:\/\/relaisgourmet.com\/es\/producto\/cartilla-del-pais-vasco-volumen-2\/#breadcrumb","itemListElement":[{"@type":"ListItem","position":1,"name":"Inicio","item":"https:\/\/relaisgourmet.com\/es\/inicio\/"},{"@type":"ListItem","position":2,"name":"Todos nuestros productos","item":"https:\/\/relaisgourmet.com\/es\/tienda\/"},{"@type":"ListItem","position":3,"name":"Cartilla del Pa\u00eds Vasco &#8211; Volumen 2"}]},{"@type":"WebSite","@id":"https:\/\/relaisgourmet.com\/es\/#website","url":"https:\/\/relaisgourmet.com\/es\/","name":"Relais Gourmet","description":"Foie Gras 100% Fran\u00e7ais","publisher":{"@id":"https:\/\/relaisgourmet.com\/es\/#organization"},"potentialAction":[{"@type":"SearchAction","target":{"@type":"EntryPoint","urlTemplate":"https:\/\/relaisgourmet.com\/es\/?s={search_term_string}"},"query-input":{"@type":"PropertyValueSpecification","valueRequired":true,"valueName":"search_term_string"}}],"inLanguage":"es"},{"@type":"Organization","@id":"https:\/\/relaisgourmet.com\/es\/#organization","name":"Relais Gourmet","url":"https:\/\/relaisgourmet.com\/es\/","logo":{"@type":"ImageObject","inLanguage":"es","@id":"https:\/\/relaisgourmet.com\/es\/#\/schema\/logo\/image\/","url":"https:\/\/relaisgourmet.com\/wp-content\/uploads\/2026\/03\/yoast-logo-2-relais-gourmet-.png","contentUrl":"https:\/\/relaisgourmet.com\/wp-content\/uploads\/2026\/03\/yoast-logo-2-relais-gourmet-.png","width":1200,"height":675,"caption":"Relais Gourmet"},"image":{"@id":"https:\/\/relaisgourmet.com\/es\/#\/schema\/logo\/image\/"},"sameAs":["https:\/\/www.facebook.com\/relaisgourmet\/","https:\/\/x.com\/relaisgourmet64","https:\/\/www.instagram.com\/relaisgourmetofficiel","https:\/\/www.pinterest.fr\/relaisgourmet\/"],"email":"yaqueche@relaisgourmet.com","telephone":"+33 0 5 40 07 07 65","legalName":"Relais Gourmet","vatID":"FR13482415015","taxID":"482415015"}]}},"_links":{"self":[{"href":"https:\/\/relaisgourmet.com\/es\/wp-json\/wp\/v2\/product\/67149","targetHints":{"allow":["GET"]}}],"collection":[{"href":"https:\/\/relaisgourmet.com\/es\/wp-json\/wp\/v2\/product"}],"about":[{"href":"https:\/\/relaisgourmet.com\/es\/wp-json\/wp\/v2\/types\/product"}],"replies":[{"embeddable":true,"href":"https:\/\/relaisgourmet.com\/es\/wp-json\/wp\/v2\/comments?post=67149"}],"wp:featuredmedia":[{"embeddable":true,"href":"https:\/\/relaisgourmet.com\/es\/wp-json\/wp\/v2\/media\/67151"}],"wp:attachment":[{"href":"https:\/\/relaisgourmet.com\/es\/wp-json\/wp\/v2\/media?parent=67149"}],"wp:term":[{"taxonomy":"product_brand","embeddable":true,"href":"https:\/\/relaisgourmet.com\/es\/wp-json\/wp\/v2\/product_brand?post=67149"},{"taxonomy":"product_cat","embeddable":true,"href":"https:\/\/relaisgourmet.com\/es\/wp-json\/wp\/v2\/product_cat?post=67149"},{"taxonomy":"product_tag","embeddable":true,"href":"https:\/\/relaisgourmet.com\/es\/wp-json\/wp\/v2\/product_tag?post=67149"},{"taxonomy":"giftcard-category","embeddable":true,"href":"https:\/\/relaisgourmet.com\/es\/wp-json\/wp\/v2\/giftcard-category?post=67149"}],"curies":[{"name":"wp","href":"https:\/\/api.w.org\/{rel}","templated":true}]}}