{"id":67128,"date":"2026-03-10T12:24:42","date_gmt":"2026-03-10T12:24:42","guid":{"rendered":"https:\/\/relaisgourmet.com\/product\/la-cartilla-del-pais-vasco-volumen-3\/"},"modified":"2026-04-01T22:39:52","modified_gmt":"2026-04-01T22:39:52","slug":"la-cartilla-del-pais-vasco-volumen-3","status":"publish","type":"product","link":"https:\/\/relaisgourmet.com\/es\/producto\/la-cartilla-del-pais-vasco-volumen-3\/","title":{"rendered":"La cartilla del Pa\u00eds Vasco - Volumen 3"},"content":{"rendered":"<div class=\"woocommerce-product-details__short-description\">\n<p><strong>Conoce mejor la historia y los tesoros del Pa\u00eds Vasco en esta tercera versi\u00f3n digital de la Cartilla del Pa\u00eds Vasco.<\/strong><\/p>\n<p>Un recordatorio r\u00e1pido: un libro del abecedario es una gu\u00eda de exploraci\u00f3n, un viaje en el que cada letra del abecedario se utiliza como br\u00fajula para navegar por temas, autores, g\u00e9neros, personajes, lugares y mucho m\u00e1s. El concepto consiste en asociar cada letra a una palabra clave representativa. <\/p>\n<p><span data-offset-key=\"cm71o-83-0\">\u00c9l<\/span><span data-offset-key=\"cm71o-84-0\">  ir a<\/span><span data-offset-key=\"cm71o-85-0\">  compone<\/span><span data-offset-key=\"cm71o-86-0\">  de<\/span><span data-offset-key=\"cm71o-87-0\">  varios<\/span><span data-offset-key=\"cm71o-88-0\">  cap<\/span><span data-offset-key=\"cm71o-89-0\">it<\/span><span data-offset-key=\"cm71o-90-0\">res<\/span><span data-offset-key=\"cm71o-91-0\">  que<\/span><span data-offset-key=\"cm71o-92-0\">  ab<\/span><span data-offset-key=\"cm71o-93-0\">ord<\/span><span data-offset-key=\"cm71o-94-0\">ent<\/span><span data-offset-key=\"cm71o-95-0\">  de<\/span><span data-offset-key=\"cm71o-96-0\">  th<\/span><span data-offset-key=\"cm71o-97-0\">\u00e8<\/span><span data-offset-key=\"cm71o-98-0\">mi<\/span><span data-offset-key=\"cm71o-99-0\">  vari<\/span><span data-offset-key=\"cm71o-100-0\">s<\/span><span data-offset-key=\"cm71o-101-0\">  t<\/span><span data-offset-key=\"cm71o-102-0\">els<\/span><span data-offset-key=\"cm71o-103-0\">  que<\/span><span data-offset-key=\"cm71o-104-0\">  l<\/span><span data-offset-key=\"cm71o-105-0\">&#8216;<\/span><span data-offset-key=\"cm71o-106-0\">hist<\/span><span data-offset-key=\"cm71o-107-0\">oire<\/span><span data-offset-key=\"cm71o-108-0\">,<\/span><span data-offset-key=\"cm71o-109-0\">  el<\/span><span data-offset-key=\"cm71o-110-0\">  l<\/span><span data-offset-key=\"cm71o-111-0\">itt<\/span><span data-offset-key=\"cm71o-112-0\">\u00e9r<\/span><span data-offset-key=\"cm71o-113-0\">ature<\/span><span data-offset-key=\"cm71o-114-0\">,<\/span><span data-offset-key=\"cm71o-115-0\">  el<\/span><span data-offset-key=\"cm71o-116-0\">  mus<\/span><span data-offset-key=\"cm71o-117-0\">ique<\/span><span data-offset-key=\"cm71o-118-0\">,<\/span><span data-offset-key=\"cm71o-119-0\">  el<\/span><span data-offset-key=\"cm71o-120-0\">  gasta<\/span><span data-offset-key=\"cm71o-121-0\">ron<\/span><span data-offset-key=\"cm71o-122-0\">om<\/span><span data-offset-key=\"cm71o-123-0\">es decir<\/span><span data-offset-key=\"cm71o-124-0\">,<\/span><span data-offset-key=\"cm71o-125-0\">  l<\/span><span data-offset-key=\"cm71o-126-0\">&#8216;<\/span><span data-offset-key=\"cm71o-127-0\">artesano<\/span><span data-offset-key=\"cm71o-128-0\">en<\/span><span data-offset-key=\"cm71o-129-0\">,<\/span><span data-offset-key=\"cm71o-130-0\">  el<\/span><span data-offset-key=\"cm71o-131-0\">  tradiciones<\/span><span data-offset-key=\"cm71o-132-0\">  y<\/span><span data-offset-key=\"cm71o-133-0\">  b<\/span><span data-offset-key=\"cm71o-134-0\">ien<\/span><span data-offset-key=\"cm71o-135-0\">  d<\/span><span data-offset-key=\"cm71o-136-0\">&#8216;<\/span><span data-offset-key=\"cm71o-137-0\">aut<\/span><span data-offset-key=\"cm71o-138-0\">res<\/span><span data-offset-key=\"cm71o-139-0\">  enc<\/span><span data-offset-key=\"cm71o-140-0\">mineral<\/span><span data-offset-key=\"cm71o-141-0\">.<\/span><\/p>\n<p><span data-offset-key=\"cm71o-142-0\">Estos<\/span><span data-offset-key=\"cm71o-143-0\">  cap<\/span><span data-offset-key=\"cm71o-144-0\">it<\/span><span data-offset-key=\"cm71o-145-0\">res<\/span><span data-offset-key=\"cm71o-146-0\">  s<\/span><span data-offset-key=\"cm71o-147-0\">tienen<\/span><span data-offset-key=\"cm71o-148-0\">  ilustra<\/span><span data-offset-key=\"cm71o-149-0\">r<\/span><span data-offset-key=\"cm71o-150-0\">s<\/span><span data-offset-key=\"cm71o-151-0\">  por<\/span><span data-offset-key=\"cm71o-152-0\">  de<\/span><span data-offset-key=\"cm71o-153-0\">  fotos<\/span><span data-offset-key=\"cm71o-154-0\">  y<\/span><span data-offset-key=\"cm71o-155-0\">  de<\/span><span data-offset-key=\"cm71o-156-0\">  d<\/span><span data-offset-key=\"cm71o-157-0\">ess<\/span><span data-offset-key=\"cm71o-158-0\">ins<\/span><span data-offset-key=\"cm71o-159-0\">  que<\/span><span data-offset-key=\"cm71o-160-0\">  app<\/span><span data-offset-key=\"cm71o-161-0\">ort<\/span><span data-offset-key=\"cm71o-162-0\">ent<\/span><span data-offset-key=\"cm71o-163-0\">  a<\/span><span data-offset-key=\"cm71o-164-0\">  tou<\/span><span data-offset-key=\"cm71o-165-0\">che<\/span><span data-offset-key=\"cm71o-166-0\">  personal<\/span><span data-offset-key=\"cm71o-167-0\">el<\/span><span data-offset-key=\"cm71o-168-0\">  y<\/span><span data-offset-key=\"cm71o-169-0\">  origen<\/span><span data-offset-key=\"cm71o-170-0\">ale<\/span><span data-offset-key=\"cm71o-171-0\">  \u00e0<\/span><span data-offset-key=\"cm71o-172-0\">  c<\/span><span data-offset-key=\"cm71o-173-0\">y<\/span><span data-offset-key=\"cm71o-174-0\">  o<\/span><span data-offset-key=\"cm71o-175-0\">uv<\/span><span data-offset-key=\"cm71o-176-0\">rabia<\/span><span data-offset-key=\"cm71o-177-0\">.<\/span><\/p>\n<p><span data-offset-key=\"cm71o-178-0\">  \u00c9<\/span><span data-offset-key=\"cm71o-179-0\">crit<\/span><span data-offset-key=\"cm71o-180-0\">  por<\/span><span data-offset-key=\"cm71o-181-0\">  a<\/span><span data-offset-key=\"cm71o-182-0\">  pasi\u00f3n<\/span><span data-offset-key=\"cm71o-183-0\">n<\/span><span data-offset-key=\"cm71o-184-0\">\u00e9<\/span><span data-offset-key=\"cm71o-185-0\">  de<\/span><span data-offset-key=\"cm71o-186-0\">  P<\/span><span data-offset-key=\"cm71o-187-0\">ays<\/span><span data-offset-key=\"cm71o-188-0\">  Baja<\/span><span data-offset-key=\"cm71o-189-0\">que<\/span><span data-offset-key=\"cm71o-190-0\">,<\/span><span data-offset-key=\"cm71o-191-0\">  este<\/span><span data-offset-key=\"cm71o-192-0\">  liv<\/span><span data-offset-key=\"cm71o-193-0\">re<\/span><span data-offset-key=\"cm71o-194-0\">  es<\/span><span data-offset-key=\"cm71o-195-0\">  a<\/span><span data-offset-key=\"cm71o-196-0\">  gu\u00eda<\/span><span data-offset-key=\"cm71o-197-0\">  pr<\/span><span data-offset-key=\"cm71o-198-0\">\u00e9<\/span><span data-offset-key=\"cm71o-199-0\">c<\/span><span data-offset-key=\"cm71o-200-0\">es decir<\/span><span data-offset-key=\"cm71o-201-0\">en<\/span><span data-offset-key=\"cm71o-202-0\">  para<\/span><span data-offset-key=\"cm71o-203-0\">  de<\/span><span data-offset-key=\"cm71o-204-0\">c<\/span><span data-offset-key=\"cm71o-205-0\">o<\/span><span data-offset-key=\"cm71o-206-0\">v<\/span><span data-offset-key=\"cm71o-207-0\">rir<\/span><span data-offset-key=\"cm71o-208-0\">  y<\/span><span data-offset-key=\"cm71o-209-0\">  m<\/span><span data-offset-key=\"cm71o-210-0\">es decir<\/span><span data-offset-key=\"cm71o-211-0\">en<\/span><span data-offset-key=\"cm71o-212-0\">  comp<\/span><span data-offset-key=\"cm71o-213-0\">hace<\/span><span data-offset-key=\"cm71o-214-0\">re<\/span><span data-offset-key=\"cm71o-215-0\">  c<\/span><span data-offset-key=\"cm71o-216-0\">ette<\/span><span data-offset-key=\"cm71o-217-0\">  re<\/span><span data-offset-key=\"cm71o-218-0\">g<\/span><span data-offset-key=\"cm71o-219-0\">ion<\/span><span data-offset-key=\"cm71o-220-0\">  ric<\/span><span data-offset-key=\"cm71o-221-0\">a<\/span><span data-offset-key=\"cm71o-222-0\">  de<\/span><span data-offset-key=\"cm71o-223-0\">  cultura<\/span><span data-offset-key=\"cm71o-224-0\">  y<\/span><span data-offset-key=\"cm71o-225-0\">  de<\/span><span data-offset-key=\"cm71o-226-0\">  pat<\/span><span data-offset-key=\"cm71o-227-0\">llanta<\/span><span data-offset-key=\"cm71o-228-0\">oine<\/span><span data-offset-key=\"cm71o-229-0\">.<\/span><\/p>\n<p><em><strong>Este libro es gratuito con cualquier pedido superior a 99 euros<\/strong><\/em><\/p>\n<p>Relais Gourmet te invita a descubrir el Pa\u00eds Vasco a trav\u00e9s de un alfabeto rico en gastronom\u00eda, folclore y patrimonio hist\u00f3rico.<\/p>\n<p>\u00a1Con la Cartilla del Pa\u00eds Vasco, estar\u00e1s bien equipado para cualquier ocasi\u00f3n y podr\u00e1s degustar <a href=\"\/?page_id=34001\">nuestros diferentes foies gras<\/a>!<\/p>\n<p><strong>Puedes encontrar todos nuestros consejos de preparaci\u00f3n en la secci\u00f3n Consejos, y todos nuestros productos en la tienda Relais Gourmet. No dudes en visitar nuestro <\/strong><strong><a href=\"https:\/\/epic-varahamihira.207-180-195-93.plesk.page\/index.php\/blog-foies-gras-actualite\/\">blog<\/a><\/strong><strong> para descubrir nuestras <\/strong><strong><a href=\"\/?page_id=33979\">recetas <\/a><\/strong><strong>y otros productos nuevos.<\/strong><\/p>\n<p>Para una comida gourmet, \u00bfpor qu\u00e9 no completarla con unos deliciosos Turrones <a href=\"https:\/\/mariasimona.com\/\">Maria Simona<\/a>?<\/p>\n<p>ARCHIVO: pdf<\/p>\n<p>AUTOR: Yaqueche<\/p>\n<p>N\u00daMERO DE P\u00c1GINAS: 34 p\u00e1ginas<\/p>\n<\/div>\n","protected":false},"excerpt":{"rendered":"<p><strong>Conoce mejor la historia y los tesoros del Pa\u00eds Vasco en esta tercera versi\u00f3n digital del libro.<\/strong><\/p>\n<p><em><strong>Este libro es gratuito con cualquier pedido superior a 99 euros.<\/strong><\/em><\/p>\n<p>Relais Gourmet te invita a descubrir el Pa\u00eds Vasco a trav\u00e9s de una Cartilla rica en gastronom\u00eda, folclore y patrimonio hist\u00f3rico.<\/p>\n<p>ARCHIVO: pdf<\/p>\n<p>AUTOR: Yaqueche<\/p>\n<p>N\u00daMERO DE P\u00c1GINAS: 34 p\u00e1ginas<\/p>\n","protected":false},"featured_media":67129,"comment_status":"closed","ping_status":"closed","template":"","meta":{"_iconic_wsb_product_page_order_bump_ids":[],"_sku":["3730000336249"],"_iconic_wsb_product_page_bump_modal_ids":[]},"product_brand":[],"product_cat":[2156],"product_tag":[2741,2742,1665,2739,2740],"giftcard-category":[],"class_list":{"0":"post-67128","1":"product","2":"type-product","3":"status-publish","4":"has-post-thumbnail","6":"product_cat-libros-electronicos-de-cocina","7":"product_tag-2741","8":"product_tag-abc","9":"product_tag-fabricado-en-francia","10":"product_tag-libro-electronico","11":"product_tag-pais-vasco","12":"product_shipping_class-estandar","14":"first","15":"instock","16":"downloadable","17":"virtual","18":"taxable","19":"purchasable","20":"product-type-simple"},"yoast_head":"<!-- This site is optimized with the Yoast SEO Premium plugin v27.3 (Yoast SEO v27.3) - https:\/\/yoast.com\/product\/yoast-seo-premium-wordpress\/ -->\n<title>La cartilla del Pa\u00eds Vasco Volumen 3 | Relais Gourmet<\/title>\n<meta name=\"description\" content=\"Abecedario del Pa\u00eds Vasco - Volumen 3: explora los s\u00edmbolos del Pa\u00eds Vasco a trav\u00e9s de la lectura ilustrada.\" \/>\n<meta name=\"robots\" content=\"index, follow, max-snippet:-1, max-image-preview:large, max-video-preview:-1\" \/>\n<link rel=\"canonical\" href=\"https:\/\/relaisgourmet.com\/es\/producto\/la-cartilla-del-pais-vasco-volumen-3\/\" \/>\n<meta property=\"og:locale\" content=\"es_ES\" \/>\n<meta property=\"og:type\" content=\"article\" \/>\n<meta property=\"og:title\" content=\"La cartilla del Pa\u00eds Vasco - Volumen 3\" \/>\n<meta property=\"og:description\" content=\"Conoce mejor la historia y los tesoros del Pa\u00eds Vasco en esta tercera versi\u00f3n digital del libro. Este libro es gratuito con cualquier pedido superior a 99 euros. Relais Gourmet te invita a descubrir el Pa\u00eds Vasco a trav\u00e9s de una Cartilla rica en gastronom\u00eda, folclore y patrimonio hist\u00f3rico. ARCHIVO: pdf AUTOR: Yaqueche N\u00daMERO DE P\u00c1GINAS: 34 p\u00e1ginas\" \/>\n<meta property=\"og:url\" content=\"https:\/\/relaisgourmet.com\/es\/producto\/la-cartilla-del-pais-vasco-volumen-3\/\" \/>\n<meta property=\"og:site_name\" content=\"Relais Gourmet\" \/>\n<meta property=\"article:publisher\" content=\"https:\/\/www.facebook.com\/relaisgourmet\/\" \/>\n<meta property=\"article:modified_time\" content=\"2026-04-01T22:39:52+00:00\" \/>\n<meta property=\"og:image\" content=\"https:\/\/relaisgourmet.com\/wp-content\/uploads\/2026\/03\/abecedaire-3-1.png\" \/>\n\t<meta property=\"og:image:width\" content=\"600\" \/>\n\t<meta property=\"og:image:height\" content=\"600\" \/>\n\t<meta property=\"og:image:type\" content=\"image\/png\" \/>\n<meta name=\"twitter:card\" content=\"summary_large_image\" \/>\n<meta name=\"twitter:site\" content=\"@relaisgourmet64\" \/>\n<meta name=\"twitter:label1\" content=\"Tiempo de lectura\" \/>\n\t<meta name=\"twitter:data1\" content=\"1 minuto\" \/>\n<script type=\"application\/ld+json\" class=\"yoast-schema-graph\">{\"@context\":\"https:\\\/\\\/schema.org\",\"@graph\":[{\"@type\":\"WebPage\",\"@id\":\"https:\\\/\\\/relaisgourmet.com\\\/es\\\/producto\\\/la-cartilla-del-pais-vasco-volumen-3\\\/\",\"url\":\"https:\\\/\\\/relaisgourmet.com\\\/es\\\/producto\\\/la-cartilla-del-pais-vasco-volumen-3\\\/\",\"name\":\"La cartilla del Pa\u00eds Vasco Volumen 3 | Relais Gourmet\",\"isPartOf\":{\"@id\":\"https:\\\/\\\/relaisgourmet.com\\\/es\\\/#website\"},\"primaryImageOfPage\":{\"@id\":\"https:\\\/\\\/relaisgourmet.com\\\/es\\\/producto\\\/la-cartilla-del-pais-vasco-volumen-3\\\/#primaryimage\"},\"image\":{\"@id\":\"https:\\\/\\\/relaisgourmet.com\\\/es\\\/producto\\\/la-cartilla-del-pais-vasco-volumen-3\\\/#primaryimage\"},\"thumbnailUrl\":\"https:\\\/\\\/relaisgourmet.com\\\/wp-content\\\/uploads\\\/2026\\\/03\\\/abecedaire-3-1.png\",\"datePublished\":\"2026-03-10T12:24:42+00:00\",\"dateModified\":\"2026-04-01T22:39:52+00:00\",\"description\":\"Abecedario del Pa\u00eds Vasco - Volumen 3: explora los s\u00edmbolos del Pa\u00eds Vasco a trav\u00e9s de la lectura ilustrada.\",\"breadcrumb\":{\"@id\":\"https:\\\/\\\/relaisgourmet.com\\\/es\\\/producto\\\/la-cartilla-del-pais-vasco-volumen-3\\\/#breadcrumb\"},\"inLanguage\":\"es\",\"potentialAction\":[{\"@type\":\"ReadAction\",\"target\":[\"https:\\\/\\\/relaisgourmet.com\\\/es\\\/producto\\\/la-cartilla-del-pais-vasco-volumen-3\\\/\"]}]},{\"@type\":\"ImageObject\",\"inLanguage\":\"es\",\"@id\":\"https:\\\/\\\/relaisgourmet.com\\\/es\\\/producto\\\/la-cartilla-del-pais-vasco-volumen-3\\\/#primaryimage\",\"url\":\"https:\\\/\\\/relaisgourmet.com\\\/wp-content\\\/uploads\\\/2026\\\/03\\\/abecedaire-3-1.png\",\"contentUrl\":\"https:\\\/\\\/relaisgourmet.com\\\/wp-content\\\/uploads\\\/2026\\\/03\\\/abecedaire-3-1.png\",\"width\":600,\"height\":600},{\"@type\":\"BreadcrumbList\",\"@id\":\"https:\\\/\\\/relaisgourmet.com\\\/es\\\/producto\\\/la-cartilla-del-pais-vasco-volumen-3\\\/#breadcrumb\",\"itemListElement\":[{\"@type\":\"ListItem\",\"position\":1,\"name\":\"Inicio\",\"item\":\"https:\\\/\\\/relaisgourmet.com\\\/es\\\/inicio\\\/\"},{\"@type\":\"ListItem\",\"position\":2,\"name\":\"Todos nuestros productos\",\"item\":\"https:\\\/\\\/relaisgourmet.com\\\/es\\\/tienda\\\/\"},{\"@type\":\"ListItem\",\"position\":3,\"name\":\"La cartilla del Pa\u00eds Vasco - Volumen 3\"}]},{\"@type\":\"WebSite\",\"@id\":\"https:\\\/\\\/relaisgourmet.com\\\/es\\\/#website\",\"url\":\"https:\\\/\\\/relaisgourmet.com\\\/es\\\/\",\"name\":\"Relais Gourmet\",\"description\":\"Foie Gras 100% Fran\u00e7ais\",\"publisher\":{\"@id\":\"https:\\\/\\\/relaisgourmet.com\\\/es\\\/#organization\"},\"potentialAction\":[{\"@type\":\"SearchAction\",\"target\":{\"@type\":\"EntryPoint\",\"urlTemplate\":\"https:\\\/\\\/relaisgourmet.com\\\/es\\\/?s={search_term_string}\"},\"query-input\":{\"@type\":\"PropertyValueSpecification\",\"valueRequired\":true,\"valueName\":\"search_term_string\"}}],\"inLanguage\":\"es\"},{\"@type\":\"Organization\",\"@id\":\"https:\\\/\\\/relaisgourmet.com\\\/es\\\/#organization\",\"name\":\"Relais Gourmet\",\"url\":\"https:\\\/\\\/relaisgourmet.com\\\/es\\\/\",\"logo\":{\"@type\":\"ImageObject\",\"inLanguage\":\"es\",\"@id\":\"https:\\\/\\\/relaisgourmet.com\\\/es\\\/#\\\/schema\\\/logo\\\/image\\\/\",\"url\":\"https:\\\/\\\/relaisgourmet.com\\\/wp-content\\\/uploads\\\/2026\\\/03\\\/yoast-logo-2-relais-gourmet-.png\",\"contentUrl\":\"https:\\\/\\\/relaisgourmet.com\\\/wp-content\\\/uploads\\\/2026\\\/03\\\/yoast-logo-2-relais-gourmet-.png\",\"width\":1200,\"height\":675,\"caption\":\"Relais Gourmet\"},\"image\":{\"@id\":\"https:\\\/\\\/relaisgourmet.com\\\/es\\\/#\\\/schema\\\/logo\\\/image\\\/\"},\"sameAs\":[\"https:\\\/\\\/www.facebook.com\\\/relaisgourmet\\\/\",\"https:\\\/\\\/x.com\\\/relaisgourmet64\",\"https:\\\/\\\/www.instagram.com\\\/relaisgourmetofficiel\",\"https:\\\/\\\/www.pinterest.fr\\\/relaisgourmet\\\/\"],\"email\":\"yaqueche@relaisgourmet.com\",\"telephone\":\"+33 0 5 40 07 07 65\",\"legalName\":\"Relais Gourmet\",\"vatID\":\"FR13482415015\",\"taxID\":\"482415015\"}]}<\/script>\n<!-- \/ Yoast SEO Premium plugin. -->","yoast_head_json":{"title":"La cartilla del Pa\u00eds Vasco Volumen 3 | Relais Gourmet","description":"Abecedario del Pa\u00eds Vasco - Volumen 3: explora los s\u00edmbolos del Pa\u00eds Vasco a trav\u00e9s de la lectura ilustrada.","robots":{"index":"index","follow":"follow","max-snippet":"max-snippet:-1","max-image-preview":"max-image-preview:large","max-video-preview":"max-video-preview:-1"},"canonical":"https:\/\/relaisgourmet.com\/es\/producto\/la-cartilla-del-pais-vasco-volumen-3\/","og_locale":"es_ES","og_type":"article","og_title":"La cartilla del Pa\u00eds Vasco - Volumen 3","og_description":"Conoce mejor la historia y los tesoros del Pa\u00eds Vasco en esta tercera versi\u00f3n digital del libro. Este libro es gratuito con cualquier pedido superior a 99 euros. Relais Gourmet te invita a descubrir el Pa\u00eds Vasco a trav\u00e9s de una Cartilla rica en gastronom\u00eda, folclore y patrimonio hist\u00f3rico. ARCHIVO: pdf AUTOR: Yaqueche N\u00daMERO DE P\u00c1GINAS: 34 p\u00e1ginas","og_url":"https:\/\/relaisgourmet.com\/es\/producto\/la-cartilla-del-pais-vasco-volumen-3\/","og_site_name":"Relais Gourmet","article_publisher":"https:\/\/www.facebook.com\/relaisgourmet\/","article_modified_time":"2026-04-01T22:39:52+00:00","og_image":[{"width":600,"height":600,"url":"https:\/\/relaisgourmet.com\/wp-content\/uploads\/2026\/03\/abecedaire-3-1.png","type":"image\/png"}],"twitter_card":"summary_large_image","twitter_site":"@relaisgourmet64","twitter_misc":{"Tiempo de lectura":"1 minuto"},"schema":{"@context":"https:\/\/schema.org","@graph":[{"@type":"WebPage","@id":"https:\/\/relaisgourmet.com\/es\/producto\/la-cartilla-del-pais-vasco-volumen-3\/","url":"https:\/\/relaisgourmet.com\/es\/producto\/la-cartilla-del-pais-vasco-volumen-3\/","name":"La cartilla del Pa\u00eds Vasco Volumen 3 | Relais Gourmet","isPartOf":{"@id":"https:\/\/relaisgourmet.com\/es\/#website"},"primaryImageOfPage":{"@id":"https:\/\/relaisgourmet.com\/es\/producto\/la-cartilla-del-pais-vasco-volumen-3\/#primaryimage"},"image":{"@id":"https:\/\/relaisgourmet.com\/es\/producto\/la-cartilla-del-pais-vasco-volumen-3\/#primaryimage"},"thumbnailUrl":"https:\/\/relaisgourmet.com\/wp-content\/uploads\/2026\/03\/abecedaire-3-1.png","datePublished":"2026-03-10T12:24:42+00:00","dateModified":"2026-04-01T22:39:52+00:00","description":"Abecedario del Pa\u00eds Vasco - Volumen 3: explora los s\u00edmbolos del Pa\u00eds Vasco a trav\u00e9s de la lectura ilustrada.","breadcrumb":{"@id":"https:\/\/relaisgourmet.com\/es\/producto\/la-cartilla-del-pais-vasco-volumen-3\/#breadcrumb"},"inLanguage":"es","potentialAction":[{"@type":"ReadAction","target":["https:\/\/relaisgourmet.com\/es\/producto\/la-cartilla-del-pais-vasco-volumen-3\/"]}]},{"@type":"ImageObject","inLanguage":"es","@id":"https:\/\/relaisgourmet.com\/es\/producto\/la-cartilla-del-pais-vasco-volumen-3\/#primaryimage","url":"https:\/\/relaisgourmet.com\/wp-content\/uploads\/2026\/03\/abecedaire-3-1.png","contentUrl":"https:\/\/relaisgourmet.com\/wp-content\/uploads\/2026\/03\/abecedaire-3-1.png","width":600,"height":600},{"@type":"BreadcrumbList","@id":"https:\/\/relaisgourmet.com\/es\/producto\/la-cartilla-del-pais-vasco-volumen-3\/#breadcrumb","itemListElement":[{"@type":"ListItem","position":1,"name":"Inicio","item":"https:\/\/relaisgourmet.com\/es\/inicio\/"},{"@type":"ListItem","position":2,"name":"Todos nuestros productos","item":"https:\/\/relaisgourmet.com\/es\/tienda\/"},{"@type":"ListItem","position":3,"name":"La cartilla del Pa\u00eds Vasco - Volumen 3"}]},{"@type":"WebSite","@id":"https:\/\/relaisgourmet.com\/es\/#website","url":"https:\/\/relaisgourmet.com\/es\/","name":"Relais Gourmet","description":"Foie Gras 100% Fran\u00e7ais","publisher":{"@id":"https:\/\/relaisgourmet.com\/es\/#organization"},"potentialAction":[{"@type":"SearchAction","target":{"@type":"EntryPoint","urlTemplate":"https:\/\/relaisgourmet.com\/es\/?s={search_term_string}"},"query-input":{"@type":"PropertyValueSpecification","valueRequired":true,"valueName":"search_term_string"}}],"inLanguage":"es"},{"@type":"Organization","@id":"https:\/\/relaisgourmet.com\/es\/#organization","name":"Relais Gourmet","url":"https:\/\/relaisgourmet.com\/es\/","logo":{"@type":"ImageObject","inLanguage":"es","@id":"https:\/\/relaisgourmet.com\/es\/#\/schema\/logo\/image\/","url":"https:\/\/relaisgourmet.com\/wp-content\/uploads\/2026\/03\/yoast-logo-2-relais-gourmet-.png","contentUrl":"https:\/\/relaisgourmet.com\/wp-content\/uploads\/2026\/03\/yoast-logo-2-relais-gourmet-.png","width":1200,"height":675,"caption":"Relais Gourmet"},"image":{"@id":"https:\/\/relaisgourmet.com\/es\/#\/schema\/logo\/image\/"},"sameAs":["https:\/\/www.facebook.com\/relaisgourmet\/","https:\/\/x.com\/relaisgourmet64","https:\/\/www.instagram.com\/relaisgourmetofficiel","https:\/\/www.pinterest.fr\/relaisgourmet\/"],"email":"yaqueche@relaisgourmet.com","telephone":"+33 0 5 40 07 07 65","legalName":"Relais Gourmet","vatID":"FR13482415015","taxID":"482415015"}]}},"_links":{"self":[{"href":"https:\/\/relaisgourmet.com\/es\/wp-json\/wp\/v2\/product\/67128","targetHints":{"allow":["GET"]}}],"collection":[{"href":"https:\/\/relaisgourmet.com\/es\/wp-json\/wp\/v2\/product"}],"about":[{"href":"https:\/\/relaisgourmet.com\/es\/wp-json\/wp\/v2\/types\/product"}],"replies":[{"embeddable":true,"href":"https:\/\/relaisgourmet.com\/es\/wp-json\/wp\/v2\/comments?post=67128"}],"wp:featuredmedia":[{"embeddable":true,"href":"https:\/\/relaisgourmet.com\/es\/wp-json\/wp\/v2\/media\/67129"}],"wp:attachment":[{"href":"https:\/\/relaisgourmet.com\/es\/wp-json\/wp\/v2\/media?parent=67128"}],"wp:term":[{"taxonomy":"product_brand","embeddable":true,"href":"https:\/\/relaisgourmet.com\/es\/wp-json\/wp\/v2\/product_brand?post=67128"},{"taxonomy":"product_cat","embeddable":true,"href":"https:\/\/relaisgourmet.com\/es\/wp-json\/wp\/v2\/product_cat?post=67128"},{"taxonomy":"product_tag","embeddable":true,"href":"https:\/\/relaisgourmet.com\/es\/wp-json\/wp\/v2\/product_tag?post=67128"},{"taxonomy":"giftcard-category","embeddable":true,"href":"https:\/\/relaisgourmet.com\/es\/wp-json\/wp\/v2\/giftcard-category?post=67128"}],"curies":[{"name":"wp","href":"https:\/\/api.w.org\/{rel}","templated":true}]}}