{"id":67044,"date":"2026-03-10T12:24:14","date_gmt":"2026-03-10T12:24:14","guid":{"rendered":"https:\/\/relaisgourmet.com\/product\/abridor-de-tarros-verrine\/"},"modified":"2026-04-01T22:37:59","modified_gmt":"2026-04-01T22:37:59","slug":"abridor-de-tarros-verrine","status":"publish","type":"product","link":"https:\/\/relaisgourmet.com\/es\/producto\/abridor-de-tarros-verrine\/","title":{"rendered":"Abridor de tarros - Verrine"},"content":{"rendered":"<h3>Prueba un utensilio de cocina esencial: \u00a1el abridor de tarros de Foie Gras con abrebotellas cromado!<\/h3>\n<p>Apuesta por la modernidad y la practicidad con este abridor de tarros rojo y gris. Compacto (23 x 9,5 x 2 cm) y ergon\u00f3mico, se adapta a todos los tarros para abrirlos f\u00e1cilmente y sin esfuerzo. Tanto si eres un cocinero aficionado como profesional, esta herramienta te ahorrar\u00e1 tiempo a la vez que te garantiza una manipulaci\u00f3n segura.  <\/p>\n<h3>\u00bfQu\u00e9 es el Foie Gras Ouvre-Bocal?<\/h3>\n<p>Este utensilio de cocina se ha dise\u00f1ado especialmente para facilitar la apertura de tarros que contienen Foie Gras y otras conservas. Gracias a su robusto dise\u00f1o y c\u00f3modo agarre, podr\u00e1s abrir los tarros sin forzar ni romper el cristal. <\/p>\n<p><img decoding=\"async\" src=\"https:\/\/www.exemple.com\/image-ouvre-bocal.jpg\" alt=\"Abridor de tarros de foie gras\"> <em>(Inserta aqu\u00ed una imagen para ilustrar el producto)<\/em><\/p>\n<h3>\u00bfPor qu\u00e9 utilizarlo?<\/h3>\n<p>El principal objetivo de este abridor de tarros es hacer que la apertura sea f\u00e1cil y segura, evitando accidentes dom\u00e9sticos o tapas pesadas. Es ideal para cualquier ocasi\u00f3n, desde una comida festiva hasta una degustaci\u00f3n improvisada. <\/p>\n<h3>\u00bfC\u00f3mo funciona?<\/h3>\n<ol>\n<li>Coloca el anillo de goma o metal alrededor de la tapa.<\/li>\n<li>Gira el asa para apretar y sujeta la tapa con firmeza.<\/li>\n<li>Simplemente desenrosca y \u00a1disfruta de tu Foie Gras!<\/li>\n<\/ol>\n<h3>Un accesorio duradero y pr\u00e1ctico<\/h3>\n<p>F\u00e1cil de limpiar y fabricado para durar, este abridor de tarros combina dise\u00f1o funcional y eficacia. Su material robusto garantiza una larga vida \u00fatil, incluso con un uso intensivo. Es una herramienta esencial tanto para los profesionales de la alimentaci\u00f3n como para los aficionados a la cocina.  <\/p>\n<p>Encuentra todos nuestros productos en la <a href=\"https:\/\/epic-varahamihira.207-180-195-93.plesk.page\/\">tienda Relais Gourmet<\/a>.<\/p>\n<p>No dudes en visitar nuestro <a href=\"https:\/\/epic-varahamihira.207-180-195-93.plesk.page\/blog-foies-gras-actualite\/\">blog culinario<\/a> para descubrir nuestras recetas y consejos pr\u00e1cticos.<\/p>\n<p>\u00a1A\u00f1ade este abridor de tarros a tu cocina y disfruta de una apertura r\u00e1pida, f\u00e1cil y sin esfuerzo para todas tus conservas!<\/p>\n","protected":false},"excerpt":{"rendered":"<p>Este <strong><span style=\"color: #d0121a;\">abridor de tarros<\/span> <\/strong>acompa\u00f1ado de su<strong> <span style=\"color: #d0121a;\">abrebotellas cromado<\/span><\/strong> \u00a1son imprescindibles para tu Foie Gras!<\/p>\n<p>&nbsp;<\/p>\n","protected":false},"featured_media":67048,"comment_status":"closed","ping_status":"closed","template":"","meta":{"_iconic_wsb_product_page_order_bump_ids":[],"_sku":["3510000335608"],"_iconic_wsb_product_page_bump_modal_ids":[]},"product_brand":[],"product_cat":[2118],"product_tag":[1781,1782,2637,2635,2636,2639,2641,2643,2634,1898,1717],"giftcard-category":[],"class_list":{"0":"post-67044","1":"product","2":"type-product","3":"status-publish","4":"has-post-thumbnail","6":"product_cat-utensilios","7":"product_tag-180g","8":"product_tag-400g","9":"product_tag-abre-bolcal","10":"product_tag-abridor-de-tarros","11":"product_tag-abridor-de-tarros-de-foie-gras","12":"product_tag-abrir-facilmente-un-tarro-de-higado","13":"product_tag-abrir-un-tarro-de-foie-gras","14":"product_tag-abrir-un-verrine","15":"product_tag-compra-un-abridor-de-tarros","16":"product_tag-foie-gras","17":"product_tag-tipoclasico","18":"product_shipping_class-vat-20","20":"first","21":"instock","22":"taxable","23":"shipping-taxable","24":"purchasable","25":"product-type-simple"},"yoast_head":"<!-- This site is optimized with the Yoast SEO Premium plugin v27.3 (Yoast SEO v27.3) - https:\/\/yoast.com\/product\/yoast-seo-premium-wordpress\/ -->\n<title>Abrelatas : Pr\u00e1ctico Utensilio de Cocina | Relais Gourmet<\/title>\n<meta name=\"description\" content=\"Abridor de tarros de foie gras: la herramienta pr\u00e1ctica y segura para abrir sin esfuerzo tus conservas.\" \/>\n<meta name=\"robots\" content=\"index, follow, max-snippet:-1, max-image-preview:large, max-video-preview:-1\" \/>\n<link rel=\"canonical\" href=\"https:\/\/relaisgourmet.com\/es\/producto\/abridor-de-tarros-verrine\/\" \/>\n<meta property=\"og:locale\" content=\"es_ES\" \/>\n<meta property=\"og:type\" content=\"article\" \/>\n<meta property=\"og:title\" content=\"Abridor de tarros - Verrine\" \/>\n<meta property=\"og:description\" content=\"Este abridor de tarros acompa\u00f1ado de su abrebotellas cromado \u00a1son imprescindibles para tu Foie Gras! &nbsp;\" \/>\n<meta property=\"og:url\" content=\"https:\/\/relaisgourmet.com\/es\/producto\/abridor-de-tarros-verrine\/\" \/>\n<meta property=\"og:site_name\" content=\"Relais Gourmet\" \/>\n<meta property=\"article:publisher\" content=\"https:\/\/www.facebook.com\/relaisgourmet\/\" \/>\n<meta property=\"article:modified_time\" content=\"2026-04-01T22:37:59+00:00\" \/>\n<meta property=\"og:image\" content=\"https:\/\/relaisgourmet.com\/wp-content\/uploads\/2026\/03\/Ouvre-bocal.png\" \/>\n\t<meta property=\"og:image:width\" content=\"1000\" \/>\n\t<meta property=\"og:image:height\" content=\"1000\" \/>\n\t<meta property=\"og:image:type\" content=\"image\/png\" \/>\n<meta name=\"twitter:card\" content=\"summary_large_image\" \/>\n<meta name=\"twitter:site\" content=\"@relaisgourmet64\" \/>\n<meta name=\"twitter:label1\" content=\"Tiempo de lectura\" \/>\n\t<meta name=\"twitter:data1\" content=\"2 minuto\" \/>\n<script type=\"application\/ld+json\" class=\"yoast-schema-graph\">{\"@context\":\"https:\\\/\\\/schema.org\",\"@graph\":[{\"@type\":\"WebPage\",\"@id\":\"https:\\\/\\\/relaisgourmet.com\\\/es\\\/producto\\\/abridor-de-tarros-verrine\\\/\",\"url\":\"https:\\\/\\\/relaisgourmet.com\\\/es\\\/producto\\\/abridor-de-tarros-verrine\\\/\",\"name\":\"Abrelatas : Pr\u00e1ctico Utensilio de Cocina | Relais Gourmet\",\"isPartOf\":{\"@id\":\"https:\\\/\\\/relaisgourmet.com\\\/es\\\/#website\"},\"primaryImageOfPage\":{\"@id\":\"https:\\\/\\\/relaisgourmet.com\\\/es\\\/producto\\\/abridor-de-tarros-verrine\\\/#primaryimage\"},\"image\":{\"@id\":\"https:\\\/\\\/relaisgourmet.com\\\/es\\\/producto\\\/abridor-de-tarros-verrine\\\/#primaryimage\"},\"thumbnailUrl\":\"https:\\\/\\\/relaisgourmet.com\\\/wp-content\\\/uploads\\\/2026\\\/03\\\/Ouvre-bocal.png\",\"datePublished\":\"2026-03-10T12:24:14+00:00\",\"dateModified\":\"2026-04-01T22:37:59+00:00\",\"description\":\"Abridor de tarros de foie gras: la herramienta pr\u00e1ctica y segura para abrir sin esfuerzo tus conservas.\",\"breadcrumb\":{\"@id\":\"https:\\\/\\\/relaisgourmet.com\\\/es\\\/producto\\\/abridor-de-tarros-verrine\\\/#breadcrumb\"},\"inLanguage\":\"es\",\"potentialAction\":[{\"@type\":\"ReadAction\",\"target\":[\"https:\\\/\\\/relaisgourmet.com\\\/es\\\/producto\\\/abridor-de-tarros-verrine\\\/\"]}]},{\"@type\":\"ImageObject\",\"inLanguage\":\"es\",\"@id\":\"https:\\\/\\\/relaisgourmet.com\\\/es\\\/producto\\\/abridor-de-tarros-verrine\\\/#primaryimage\",\"url\":\"https:\\\/\\\/relaisgourmet.com\\\/wp-content\\\/uploads\\\/2026\\\/03\\\/Ouvre-bocal.png\",\"contentUrl\":\"https:\\\/\\\/relaisgourmet.com\\\/wp-content\\\/uploads\\\/2026\\\/03\\\/Ouvre-bocal.png\",\"width\":1000,\"height\":1000},{\"@type\":\"BreadcrumbList\",\"@id\":\"https:\\\/\\\/relaisgourmet.com\\\/es\\\/producto\\\/abridor-de-tarros-verrine\\\/#breadcrumb\",\"itemListElement\":[{\"@type\":\"ListItem\",\"position\":1,\"name\":\"Inicio\",\"item\":\"https:\\\/\\\/relaisgourmet.com\\\/es\\\/inicio\\\/\"},{\"@type\":\"ListItem\",\"position\":2,\"name\":\"Todos nuestros productos\",\"item\":\"https:\\\/\\\/relaisgourmet.com\\\/es\\\/tienda\\\/\"},{\"@type\":\"ListItem\",\"position\":3,\"name\":\"Abridor de tarros - Verrine\"}]},{\"@type\":\"WebSite\",\"@id\":\"https:\\\/\\\/relaisgourmet.com\\\/es\\\/#website\",\"url\":\"https:\\\/\\\/relaisgourmet.com\\\/es\\\/\",\"name\":\"Relais Gourmet\",\"description\":\"Foie Gras 100% Fran\u00e7ais\",\"publisher\":{\"@id\":\"https:\\\/\\\/relaisgourmet.com\\\/es\\\/#organization\"},\"potentialAction\":[{\"@type\":\"SearchAction\",\"target\":{\"@type\":\"EntryPoint\",\"urlTemplate\":\"https:\\\/\\\/relaisgourmet.com\\\/es\\\/?s={search_term_string}\"},\"query-input\":{\"@type\":\"PropertyValueSpecification\",\"valueRequired\":true,\"valueName\":\"search_term_string\"}}],\"inLanguage\":\"es\"},{\"@type\":\"Organization\",\"@id\":\"https:\\\/\\\/relaisgourmet.com\\\/es\\\/#organization\",\"name\":\"Relais Gourmet\",\"url\":\"https:\\\/\\\/relaisgourmet.com\\\/es\\\/\",\"logo\":{\"@type\":\"ImageObject\",\"inLanguage\":\"es\",\"@id\":\"https:\\\/\\\/relaisgourmet.com\\\/es\\\/#\\\/schema\\\/logo\\\/image\\\/\",\"url\":\"https:\\\/\\\/relaisgourmet.com\\\/wp-content\\\/uploads\\\/2026\\\/03\\\/yoast-logo-2-relais-gourmet-.png\",\"contentUrl\":\"https:\\\/\\\/relaisgourmet.com\\\/wp-content\\\/uploads\\\/2026\\\/03\\\/yoast-logo-2-relais-gourmet-.png\",\"width\":1200,\"height\":675,\"caption\":\"Relais Gourmet\"},\"image\":{\"@id\":\"https:\\\/\\\/relaisgourmet.com\\\/es\\\/#\\\/schema\\\/logo\\\/image\\\/\"},\"sameAs\":[\"https:\\\/\\\/www.facebook.com\\\/relaisgourmet\\\/\",\"https:\\\/\\\/x.com\\\/relaisgourmet64\",\"https:\\\/\\\/www.instagram.com\\\/relaisgourmetofficiel\",\"https:\\\/\\\/www.pinterest.fr\\\/relaisgourmet\\\/\"],\"email\":\"yaqueche@relaisgourmet.com\",\"telephone\":\"+33 0 5 40 07 07 65\",\"legalName\":\"Relais Gourmet\",\"vatID\":\"FR13482415015\",\"taxID\":\"482415015\"}]}<\/script>\n<!-- \/ Yoast SEO Premium plugin. -->","yoast_head_json":{"title":"Abrelatas : Pr\u00e1ctico Utensilio de Cocina | Relais Gourmet","description":"Abridor de tarros de foie gras: la herramienta pr\u00e1ctica y segura para abrir sin esfuerzo tus conservas.","robots":{"index":"index","follow":"follow","max-snippet":"max-snippet:-1","max-image-preview":"max-image-preview:large","max-video-preview":"max-video-preview:-1"},"canonical":"https:\/\/relaisgourmet.com\/es\/producto\/abridor-de-tarros-verrine\/","og_locale":"es_ES","og_type":"article","og_title":"Abridor de tarros - Verrine","og_description":"Este abridor de tarros acompa\u00f1ado de su abrebotellas cromado \u00a1son imprescindibles para tu Foie Gras! &nbsp;","og_url":"https:\/\/relaisgourmet.com\/es\/producto\/abridor-de-tarros-verrine\/","og_site_name":"Relais Gourmet","article_publisher":"https:\/\/www.facebook.com\/relaisgourmet\/","article_modified_time":"2026-04-01T22:37:59+00:00","og_image":[{"width":1000,"height":1000,"url":"https:\/\/relaisgourmet.com\/wp-content\/uploads\/2026\/03\/Ouvre-bocal.png","type":"image\/png"}],"twitter_card":"summary_large_image","twitter_site":"@relaisgourmet64","twitter_misc":{"Tiempo de lectura":"2 minuto"},"schema":{"@context":"https:\/\/schema.org","@graph":[{"@type":"WebPage","@id":"https:\/\/relaisgourmet.com\/es\/producto\/abridor-de-tarros-verrine\/","url":"https:\/\/relaisgourmet.com\/es\/producto\/abridor-de-tarros-verrine\/","name":"Abrelatas : Pr\u00e1ctico Utensilio de Cocina | Relais Gourmet","isPartOf":{"@id":"https:\/\/relaisgourmet.com\/es\/#website"},"primaryImageOfPage":{"@id":"https:\/\/relaisgourmet.com\/es\/producto\/abridor-de-tarros-verrine\/#primaryimage"},"image":{"@id":"https:\/\/relaisgourmet.com\/es\/producto\/abridor-de-tarros-verrine\/#primaryimage"},"thumbnailUrl":"https:\/\/relaisgourmet.com\/wp-content\/uploads\/2026\/03\/Ouvre-bocal.png","datePublished":"2026-03-10T12:24:14+00:00","dateModified":"2026-04-01T22:37:59+00:00","description":"Abridor de tarros de foie gras: la herramienta pr\u00e1ctica y segura para abrir sin esfuerzo tus conservas.","breadcrumb":{"@id":"https:\/\/relaisgourmet.com\/es\/producto\/abridor-de-tarros-verrine\/#breadcrumb"},"inLanguage":"es","potentialAction":[{"@type":"ReadAction","target":["https:\/\/relaisgourmet.com\/es\/producto\/abridor-de-tarros-verrine\/"]}]},{"@type":"ImageObject","inLanguage":"es","@id":"https:\/\/relaisgourmet.com\/es\/producto\/abridor-de-tarros-verrine\/#primaryimage","url":"https:\/\/relaisgourmet.com\/wp-content\/uploads\/2026\/03\/Ouvre-bocal.png","contentUrl":"https:\/\/relaisgourmet.com\/wp-content\/uploads\/2026\/03\/Ouvre-bocal.png","width":1000,"height":1000},{"@type":"BreadcrumbList","@id":"https:\/\/relaisgourmet.com\/es\/producto\/abridor-de-tarros-verrine\/#breadcrumb","itemListElement":[{"@type":"ListItem","position":1,"name":"Inicio","item":"https:\/\/relaisgourmet.com\/es\/inicio\/"},{"@type":"ListItem","position":2,"name":"Todos nuestros productos","item":"https:\/\/relaisgourmet.com\/es\/tienda\/"},{"@type":"ListItem","position":3,"name":"Abridor de tarros - Verrine"}]},{"@type":"WebSite","@id":"https:\/\/relaisgourmet.com\/es\/#website","url":"https:\/\/relaisgourmet.com\/es\/","name":"Relais Gourmet","description":"Foie Gras 100% Fran\u00e7ais","publisher":{"@id":"https:\/\/relaisgourmet.com\/es\/#organization"},"potentialAction":[{"@type":"SearchAction","target":{"@type":"EntryPoint","urlTemplate":"https:\/\/relaisgourmet.com\/es\/?s={search_term_string}"},"query-input":{"@type":"PropertyValueSpecification","valueRequired":true,"valueName":"search_term_string"}}],"inLanguage":"es"},{"@type":"Organization","@id":"https:\/\/relaisgourmet.com\/es\/#organization","name":"Relais Gourmet","url":"https:\/\/relaisgourmet.com\/es\/","logo":{"@type":"ImageObject","inLanguage":"es","@id":"https:\/\/relaisgourmet.com\/es\/#\/schema\/logo\/image\/","url":"https:\/\/relaisgourmet.com\/wp-content\/uploads\/2026\/03\/yoast-logo-2-relais-gourmet-.png","contentUrl":"https:\/\/relaisgourmet.com\/wp-content\/uploads\/2026\/03\/yoast-logo-2-relais-gourmet-.png","width":1200,"height":675,"caption":"Relais Gourmet"},"image":{"@id":"https:\/\/relaisgourmet.com\/es\/#\/schema\/logo\/image\/"},"sameAs":["https:\/\/www.facebook.com\/relaisgourmet\/","https:\/\/x.com\/relaisgourmet64","https:\/\/www.instagram.com\/relaisgourmetofficiel","https:\/\/www.pinterest.fr\/relaisgourmet\/"],"email":"yaqueche@relaisgourmet.com","telephone":"+33 0 5 40 07 07 65","legalName":"Relais Gourmet","vatID":"FR13482415015","taxID":"482415015"}]}},"_links":{"self":[{"href":"https:\/\/relaisgourmet.com\/es\/wp-json\/wp\/v2\/product\/67044","targetHints":{"allow":["GET"]}}],"collection":[{"href":"https:\/\/relaisgourmet.com\/es\/wp-json\/wp\/v2\/product"}],"about":[{"href":"https:\/\/relaisgourmet.com\/es\/wp-json\/wp\/v2\/types\/product"}],"replies":[{"embeddable":true,"href":"https:\/\/relaisgourmet.com\/es\/wp-json\/wp\/v2\/comments?post=67044"}],"wp:featuredmedia":[{"embeddable":true,"href":"https:\/\/relaisgourmet.com\/es\/wp-json\/wp\/v2\/media\/67048"}],"wp:attachment":[{"href":"https:\/\/relaisgourmet.com\/es\/wp-json\/wp\/v2\/media?parent=67044"}],"wp:term":[{"taxonomy":"product_brand","embeddable":true,"href":"https:\/\/relaisgourmet.com\/es\/wp-json\/wp\/v2\/product_brand?post=67044"},{"taxonomy":"product_cat","embeddable":true,"href":"https:\/\/relaisgourmet.com\/es\/wp-json\/wp\/v2\/product_cat?post=67044"},{"taxonomy":"product_tag","embeddable":true,"href":"https:\/\/relaisgourmet.com\/es\/wp-json\/wp\/v2\/product_tag?post=67044"},{"taxonomy":"giftcard-category","embeddable":true,"href":"https:\/\/relaisgourmet.com\/es\/wp-json\/wp\/v2\/giftcard-category?post=67044"}],"curies":[{"name":"wp","href":"https:\/\/api.w.org\/{rel}","templated":true}]}}