{"id":66902,"date":"2026-03-10T12:24:04","date_gmt":"2026-03-10T12:24:04","guid":{"rendered":"https:\/\/relaisgourmet.com\/product\/lazos-de-foie-gras\/"},"modified":"2026-04-01T22:35:17","modified_gmt":"2026-04-01T22:35:17","slug":"lazos-de-foie-gras","status":"publish","type":"product","link":"https:\/\/relaisgourmet.com\/es\/producto\/lazos-de-foie-gras\/","title":{"rendered":"Lazos de foie gras"},"content":{"rendered":"<h3 data-start=\"68\" data-end=\"142\">Prueba un utensilio de cocina esencial: \u00a1el Aglutinador de Foie Gras!<\/h3>\n<h4 data-start=\"144\" data-end=\"186\">\u00bfQu\u00e9 es la Lira de Foie Gras?<\/h4>\n<p data-start=\"187\" data-end=\"502\">La Encuadernadora de Foie Gras es un utensilio de cocina dise\u00f1ado para cortar Foie Gras en lonchas finas y uniformes. Consiste en un marco con alambres tensados de acero inoxidable, similar a un alambre para queso. Su dise\u00f1o garantiza un corte limpio y preciso, ideal para preservar la delicada textura del Foie Gras.  <\/p>\n<h4 data-start=\"504\" data-end=\"539\">\u00bfPor qu\u00e9 utilizar una lira?<\/h4>\n<p data-start=\"540\" data-end=\"829\">Esta herramienta es muy apreciada por los chefs para mejorar la presentaci\u00f3n de sus platos, pero tambi\u00e9n es ideal para los aficionados que quieran crear platos dignos de las mesas m\u00e1s selectas. El corte uniforme mejora la est\u00e9tica y el sabor del Foie Gras, evitando cualquier aplastamiento o deformaci\u00f3n. <\/p>\n<p data-start=\"831\" data-end=\"1010\">Adem\u00e1s, \u00a1la lira no se limita al foie gras! Tambi\u00e9n es ideal para cortar quesos blandos, postres como terrinas y ciertos pasteles delicados. <\/p>\n<h4 data-start=\"1012\" data-end=\"1039\">\u00bfC\u00f3mo lo utilizas?<\/h4>\n<ol data-start=\"1040\" data-end=\"1278\">\n<li data-start=\"1040\" data-end=\"1102\">Coloca el Foie Gras fresco en una tabla de cortar.<\/li>\n<li data-start=\"1103\" data-end=\"1202\">Sujeta la lira firmemente por las asas y desl\u00edzala ejerciendo una ligera presi\u00f3n.<\/li>\n<li data-start=\"1203\" data-end=\"1278\">Repite la operaci\u00f3n para obtener lonchas uniformes y perfectas.<\/li>\n<\/ol>\n<p data-start=\"1280\" data-end=\"1380\">Con este utensilio, \u00a1es f\u00e1cil preparar platos refinados y aprovechar al m\u00e1ximo tus comidas!<\/p>\n<p data-start=\"1382\" data-end=\"1576\">\ud83d\udecd <strong data-start=\"1385\" data-end=\"1478\">Encuentra nuestra selecci\u00f3n en la tienda <a href=\"https:\/\/epic-varahamihira.207-180-195-93.plesk.page\" target=\"_new\" rel=\"noopener\" data-start=\"1429\" data-end=\"1476\">Relais Gourmet<\/a><\/strong><br data-start=\"1478\" data-end=\"1481\">\ud83d\udcd6 <strong data-start=\"1484\" data-end=\"1574\">Descubre recetas y consejos en nuestro <a target=\"_new\" rel=\"noopener\" data-start=\"1530\" data-end=\"1572\">blog<\/a><\/strong><\/p>\n","protected":false},"excerpt":{"rendered":"<p><span style=\"color: #000000;\">Este<\/span><strong><span style=\"color: #d0121a;\"> cortador de Foie Gras de acero inoxidable<\/span> <\/strong>es ideal para cortar lonchas finas y limpias para una presentaci\u00f3n perfecta.<\/p>\n","protected":false},"featured_media":66903,"comment_status":"closed","ping_status":"closed","template":"","meta":{"_iconic_wsb_product_page_order_bump_ids":[],"_sku":["3400000333462"],"_iconic_wsb_product_page_bump_modal_ids":[]},"product_brand":[],"product_cat":[2118],"product_tag":[2424,2119,2425,2426,1717,2427],"giftcard-category":[],"class_list":{"0":"post-66902","1":"product","2":"type-product","3":"status-publish","4":"has-post-thumbnail","6":"product_cat-utensilios","7":"product_tag-comprar-lira","8":"product_tag-cortes-de-foie-gras","9":"product_tag-lira","10":"product_tag-lira-de-foie-gras","11":"product_tag-tipoclasico","12":"product_tag-utensilios-para-cortar-foie-gras","13":"product_shipping_class-tva-5-5","15":"first","16":"instock","17":"taxable","18":"shipping-taxable","19":"purchasable","20":"product-type-simple"},"yoast_head":"<!-- This site is optimized with the Yoast SEO Premium plugin v27.3 (Yoast SEO v27.3) - https:\/\/yoast.com\/product\/yoast-seo-premium-wordpress\/ -->\n<title>Bowser de foie gras de acero inoxidable - corte de 10 cm<\/title>\n<meta name=\"description\" content=\"Bowser para foie gras: la herramienta esencial para cortar tu foie gras con precisi\u00f3n.\" \/>\n<meta name=\"robots\" content=\"index, follow, max-snippet:-1, max-image-preview:large, max-video-preview:-1\" \/>\n<link rel=\"canonical\" href=\"https:\/\/relaisgourmet.com\/es\/producto\/lazos-de-foie-gras\/\" \/>\n<meta property=\"og:locale\" content=\"es_ES\" \/>\n<meta property=\"og:type\" content=\"article\" \/>\n<meta property=\"og:title\" content=\"Lazos de foie gras\" \/>\n<meta property=\"og:description\" content=\"Este cortador de Foie Gras de acero inoxidable es ideal para cortar lonchas finas y limpias para una presentaci\u00f3n perfecta.\" \/>\n<meta property=\"og:url\" content=\"https:\/\/relaisgourmet.com\/es\/producto\/lazos-de-foie-gras\/\" \/>\n<meta property=\"og:site_name\" content=\"Relais Gourmet\" \/>\n<meta property=\"article:publisher\" content=\"https:\/\/www.facebook.com\/relaisgourmet\/\" \/>\n<meta property=\"article:modified_time\" content=\"2026-04-01T22:35:17+00:00\" \/>\n<meta property=\"og:image\" content=\"https:\/\/relaisgourmet.com\/wp-content\/uploads\/2026\/03\/Lyre.png\" \/>\n\t<meta property=\"og:image:width\" content=\"1000\" \/>\n\t<meta property=\"og:image:height\" content=\"1000\" \/>\n\t<meta property=\"og:image:type\" content=\"image\/png\" \/>\n<meta name=\"twitter:card\" content=\"summary_large_image\" \/>\n<meta name=\"twitter:site\" content=\"@relaisgourmet64\" \/>\n<meta name=\"twitter:label1\" content=\"Tiempo de lectura\" \/>\n\t<meta name=\"twitter:data1\" content=\"1 minuto\" \/>\n<script type=\"application\/ld+json\" class=\"yoast-schema-graph\">{\"@context\":\"https:\\\/\\\/schema.org\",\"@graph\":[{\"@type\":\"WebPage\",\"@id\":\"https:\\\/\\\/relaisgourmet.com\\\/es\\\/producto\\\/lazos-de-foie-gras\\\/\",\"url\":\"https:\\\/\\\/relaisgourmet.com\\\/es\\\/producto\\\/lazos-de-foie-gras\\\/\",\"name\":\"Bowser de foie gras de acero inoxidable - corte de 10 cm\",\"isPartOf\":{\"@id\":\"https:\\\/\\\/relaisgourmet.com\\\/es\\\/#website\"},\"primaryImageOfPage\":{\"@id\":\"https:\\\/\\\/relaisgourmet.com\\\/es\\\/producto\\\/lazos-de-foie-gras\\\/#primaryimage\"},\"image\":{\"@id\":\"https:\\\/\\\/relaisgourmet.com\\\/es\\\/producto\\\/lazos-de-foie-gras\\\/#primaryimage\"},\"thumbnailUrl\":\"https:\\\/\\\/relaisgourmet.com\\\/wp-content\\\/uploads\\\/2026\\\/03\\\/Lyre.png\",\"datePublished\":\"2026-03-10T12:24:04+00:00\",\"dateModified\":\"2026-04-01T22:35:17+00:00\",\"description\":\"Bowser para foie gras: la herramienta esencial para cortar tu foie gras con precisi\u00f3n.\",\"breadcrumb\":{\"@id\":\"https:\\\/\\\/relaisgourmet.com\\\/es\\\/producto\\\/lazos-de-foie-gras\\\/#breadcrumb\"},\"inLanguage\":\"es\",\"potentialAction\":[{\"@type\":\"ReadAction\",\"target\":[\"https:\\\/\\\/relaisgourmet.com\\\/es\\\/producto\\\/lazos-de-foie-gras\\\/\"]}]},{\"@type\":\"ImageObject\",\"inLanguage\":\"es\",\"@id\":\"https:\\\/\\\/relaisgourmet.com\\\/es\\\/producto\\\/lazos-de-foie-gras\\\/#primaryimage\",\"url\":\"https:\\\/\\\/relaisgourmet.com\\\/wp-content\\\/uploads\\\/2026\\\/03\\\/Lyre.png\",\"contentUrl\":\"https:\\\/\\\/relaisgourmet.com\\\/wp-content\\\/uploads\\\/2026\\\/03\\\/Lyre.png\",\"width\":1000,\"height\":1000},{\"@type\":\"BreadcrumbList\",\"@id\":\"https:\\\/\\\/relaisgourmet.com\\\/es\\\/producto\\\/lazos-de-foie-gras\\\/#breadcrumb\",\"itemListElement\":[{\"@type\":\"ListItem\",\"position\":1,\"name\":\"Inicio\",\"item\":\"https:\\\/\\\/relaisgourmet.com\\\/es\\\/inicio\\\/\"},{\"@type\":\"ListItem\",\"position\":2,\"name\":\"Todos nuestros productos\",\"item\":\"https:\\\/\\\/relaisgourmet.com\\\/es\\\/tienda\\\/\"},{\"@type\":\"ListItem\",\"position\":3,\"name\":\"Lazos de foie gras\"}]},{\"@type\":\"WebSite\",\"@id\":\"https:\\\/\\\/relaisgourmet.com\\\/es\\\/#website\",\"url\":\"https:\\\/\\\/relaisgourmet.com\\\/es\\\/\",\"name\":\"Relais Gourmet\",\"description\":\"Foie Gras 100% Fran\u00e7ais\",\"publisher\":{\"@id\":\"https:\\\/\\\/relaisgourmet.com\\\/es\\\/#organization\"},\"potentialAction\":[{\"@type\":\"SearchAction\",\"target\":{\"@type\":\"EntryPoint\",\"urlTemplate\":\"https:\\\/\\\/relaisgourmet.com\\\/es\\\/?s={search_term_string}\"},\"query-input\":{\"@type\":\"PropertyValueSpecification\",\"valueRequired\":true,\"valueName\":\"search_term_string\"}}],\"inLanguage\":\"es\"},{\"@type\":\"Organization\",\"@id\":\"https:\\\/\\\/relaisgourmet.com\\\/es\\\/#organization\",\"name\":\"Relais Gourmet\",\"url\":\"https:\\\/\\\/relaisgourmet.com\\\/es\\\/\",\"logo\":{\"@type\":\"ImageObject\",\"inLanguage\":\"es\",\"@id\":\"https:\\\/\\\/relaisgourmet.com\\\/es\\\/#\\\/schema\\\/logo\\\/image\\\/\",\"url\":\"https:\\\/\\\/relaisgourmet.com\\\/wp-content\\\/uploads\\\/2026\\\/03\\\/yoast-logo-2-relais-gourmet-.png\",\"contentUrl\":\"https:\\\/\\\/relaisgourmet.com\\\/wp-content\\\/uploads\\\/2026\\\/03\\\/yoast-logo-2-relais-gourmet-.png\",\"width\":1200,\"height\":675,\"caption\":\"Relais Gourmet\"},\"image\":{\"@id\":\"https:\\\/\\\/relaisgourmet.com\\\/es\\\/#\\\/schema\\\/logo\\\/image\\\/\"},\"sameAs\":[\"https:\\\/\\\/www.facebook.com\\\/relaisgourmet\\\/\",\"https:\\\/\\\/x.com\\\/relaisgourmet64\",\"https:\\\/\\\/www.instagram.com\\\/relaisgourmetofficiel\",\"https:\\\/\\\/www.pinterest.fr\\\/relaisgourmet\\\/\"],\"email\":\"yaqueche@relaisgourmet.com\",\"telephone\":\"+33 0 5 40 07 07 65\",\"legalName\":\"Relais Gourmet\",\"vatID\":\"FR13482415015\",\"taxID\":\"482415015\"}]}<\/script>\n<!-- \/ Yoast SEO Premium plugin. -->","yoast_head_json":{"title":"Bowser de foie gras de acero inoxidable - corte de 10 cm","description":"Bowser para foie gras: la herramienta esencial para cortar tu foie gras con precisi\u00f3n.","robots":{"index":"index","follow":"follow","max-snippet":"max-snippet:-1","max-image-preview":"max-image-preview:large","max-video-preview":"max-video-preview:-1"},"canonical":"https:\/\/relaisgourmet.com\/es\/producto\/lazos-de-foie-gras\/","og_locale":"es_ES","og_type":"article","og_title":"Lazos de foie gras","og_description":"Este cortador de Foie Gras de acero inoxidable es ideal para cortar lonchas finas y limpias para una presentaci\u00f3n perfecta.","og_url":"https:\/\/relaisgourmet.com\/es\/producto\/lazos-de-foie-gras\/","og_site_name":"Relais Gourmet","article_publisher":"https:\/\/www.facebook.com\/relaisgourmet\/","article_modified_time":"2026-04-01T22:35:17+00:00","og_image":[{"width":1000,"height":1000,"url":"https:\/\/relaisgourmet.com\/wp-content\/uploads\/2026\/03\/Lyre.png","type":"image\/png"}],"twitter_card":"summary_large_image","twitter_site":"@relaisgourmet64","twitter_misc":{"Tiempo de lectura":"1 minuto"},"schema":{"@context":"https:\/\/schema.org","@graph":[{"@type":"WebPage","@id":"https:\/\/relaisgourmet.com\/es\/producto\/lazos-de-foie-gras\/","url":"https:\/\/relaisgourmet.com\/es\/producto\/lazos-de-foie-gras\/","name":"Bowser de foie gras de acero inoxidable - corte de 10 cm","isPartOf":{"@id":"https:\/\/relaisgourmet.com\/es\/#website"},"primaryImageOfPage":{"@id":"https:\/\/relaisgourmet.com\/es\/producto\/lazos-de-foie-gras\/#primaryimage"},"image":{"@id":"https:\/\/relaisgourmet.com\/es\/producto\/lazos-de-foie-gras\/#primaryimage"},"thumbnailUrl":"https:\/\/relaisgourmet.com\/wp-content\/uploads\/2026\/03\/Lyre.png","datePublished":"2026-03-10T12:24:04+00:00","dateModified":"2026-04-01T22:35:17+00:00","description":"Bowser para foie gras: la herramienta esencial para cortar tu foie gras con precisi\u00f3n.","breadcrumb":{"@id":"https:\/\/relaisgourmet.com\/es\/producto\/lazos-de-foie-gras\/#breadcrumb"},"inLanguage":"es","potentialAction":[{"@type":"ReadAction","target":["https:\/\/relaisgourmet.com\/es\/producto\/lazos-de-foie-gras\/"]}]},{"@type":"ImageObject","inLanguage":"es","@id":"https:\/\/relaisgourmet.com\/es\/producto\/lazos-de-foie-gras\/#primaryimage","url":"https:\/\/relaisgourmet.com\/wp-content\/uploads\/2026\/03\/Lyre.png","contentUrl":"https:\/\/relaisgourmet.com\/wp-content\/uploads\/2026\/03\/Lyre.png","width":1000,"height":1000},{"@type":"BreadcrumbList","@id":"https:\/\/relaisgourmet.com\/es\/producto\/lazos-de-foie-gras\/#breadcrumb","itemListElement":[{"@type":"ListItem","position":1,"name":"Inicio","item":"https:\/\/relaisgourmet.com\/es\/inicio\/"},{"@type":"ListItem","position":2,"name":"Todos nuestros productos","item":"https:\/\/relaisgourmet.com\/es\/tienda\/"},{"@type":"ListItem","position":3,"name":"Lazos de foie gras"}]},{"@type":"WebSite","@id":"https:\/\/relaisgourmet.com\/es\/#website","url":"https:\/\/relaisgourmet.com\/es\/","name":"Relais Gourmet","description":"Foie Gras 100% Fran\u00e7ais","publisher":{"@id":"https:\/\/relaisgourmet.com\/es\/#organization"},"potentialAction":[{"@type":"SearchAction","target":{"@type":"EntryPoint","urlTemplate":"https:\/\/relaisgourmet.com\/es\/?s={search_term_string}"},"query-input":{"@type":"PropertyValueSpecification","valueRequired":true,"valueName":"search_term_string"}}],"inLanguage":"es"},{"@type":"Organization","@id":"https:\/\/relaisgourmet.com\/es\/#organization","name":"Relais Gourmet","url":"https:\/\/relaisgourmet.com\/es\/","logo":{"@type":"ImageObject","inLanguage":"es","@id":"https:\/\/relaisgourmet.com\/es\/#\/schema\/logo\/image\/","url":"https:\/\/relaisgourmet.com\/wp-content\/uploads\/2026\/03\/yoast-logo-2-relais-gourmet-.png","contentUrl":"https:\/\/relaisgourmet.com\/wp-content\/uploads\/2026\/03\/yoast-logo-2-relais-gourmet-.png","width":1200,"height":675,"caption":"Relais Gourmet"},"image":{"@id":"https:\/\/relaisgourmet.com\/es\/#\/schema\/logo\/image\/"},"sameAs":["https:\/\/www.facebook.com\/relaisgourmet\/","https:\/\/x.com\/relaisgourmet64","https:\/\/www.instagram.com\/relaisgourmetofficiel","https:\/\/www.pinterest.fr\/relaisgourmet\/"],"email":"yaqueche@relaisgourmet.com","telephone":"+33 0 5 40 07 07 65","legalName":"Relais Gourmet","vatID":"FR13482415015","taxID":"482415015"}]}},"_links":{"self":[{"href":"https:\/\/relaisgourmet.com\/es\/wp-json\/wp\/v2\/product\/66902","targetHints":{"allow":["GET"]}}],"collection":[{"href":"https:\/\/relaisgourmet.com\/es\/wp-json\/wp\/v2\/product"}],"about":[{"href":"https:\/\/relaisgourmet.com\/es\/wp-json\/wp\/v2\/types\/product"}],"replies":[{"embeddable":true,"href":"https:\/\/relaisgourmet.com\/es\/wp-json\/wp\/v2\/comments?post=66902"}],"wp:featuredmedia":[{"embeddable":true,"href":"https:\/\/relaisgourmet.com\/es\/wp-json\/wp\/v2\/media\/66903"}],"wp:attachment":[{"href":"https:\/\/relaisgourmet.com\/es\/wp-json\/wp\/v2\/media?parent=66902"}],"wp:term":[{"taxonomy":"product_brand","embeddable":true,"href":"https:\/\/relaisgourmet.com\/es\/wp-json\/wp\/v2\/product_brand?post=66902"},{"taxonomy":"product_cat","embeddable":true,"href":"https:\/\/relaisgourmet.com\/es\/wp-json\/wp\/v2\/product_cat?post=66902"},{"taxonomy":"product_tag","embeddable":true,"href":"https:\/\/relaisgourmet.com\/es\/wp-json\/wp\/v2\/product_tag?post=66902"},{"taxonomy":"giftcard-category","embeddable":true,"href":"https:\/\/relaisgourmet.com\/es\/wp-json\/wp\/v2\/giftcard-category?post=66902"}],"curies":[{"name":"wp","href":"https:\/\/api.w.org\/{rel}","templated":true}]}}