{"id":66754,"date":"2026-03-30T15:07:55","date_gmt":"2026-03-30T15:07:55","guid":{"rendered":"https:\/\/relaisgourmet.com\/?post_type=product&#038;p=66754"},"modified":"2026-04-01T22:18:35","modified_gmt":"2026-04-01T22:18:35","slug":"prepara-tu-propia-caja-gourmet-de-foies-gras-aromatizados","status":"publish","type":"product","link":"https:\/\/relaisgourmet.com\/es\/producto\/prepara-tu-propia-caja-gourmet-de-foies-gras-aromatizados\/","title":{"rendered":"Prepara tu propia caja gourmet de Foies Gras aromatizados"},"content":{"rendered":"","protected":false},"excerpt":{"rendered":"<p>Personaliza tu caja con nuestros <strong>Foies Gras aromatizados<\/strong>, que combinan aromas sutiles e ingredientes cuidadosamente seleccionados.<\/p>\n<p><u>Es f\u00e1cil:<br \/>\n<\/u>Elige tarros de <strong>200 g o 400 g<\/strong> a tu gusto.<\/p>\n<p>Por cada <strong>4 Foies Gras que compres<\/strong>, te regalamos un <strong>Aperitivo<\/strong> por valor de 12 euros.<br \/>\nM\u00e1s <strong>gastos de env\u00edo gratis<\/strong> en pedidos superiores a <strong>99 euros (s\u00f3lo en Francia continental).<\/strong><\/p>\n<p>\u00a1Descubre las opciones disponibles y crea tu caja de fragancias perfecta!<\/p>\n<p><img decoding=\"async\" class=\"emoji\" role=\"img\" draggable=\"false\" src=\"https:\/\/s.w.org\/images\/core\/emoji\/15.0.3\/svg\/1f1eb-1f1f7.svg\" alt=\"\ud83c\uddeb\ud83c\uddf7\">  Garantizado 100% producci\u00f3n francesa<br \/>\n\u2714 Garantizado sin conservantes, aditivos ni colorantes.<br \/>\n\ud83c\udf43 Patos alimentados con ma\u00edz amarillo<br \/>\n\ud83d\ude9a Entrega r\u00e1pida en todo el mundo<br \/>\n\ud83d\udd53 Se conserva 3 a\u00f1os<br \/>\n\ud83d\udd10 Pago seguro<\/p>\n","protected":false},"featured_media":66746,"comment_status":"open","ping_status":"closed","template":"","meta":{"_iconic_wsb_product_page_order_bump_ids":[[]],"_sku":["3780000351759"],"_iconic_wsb_product_page_bump_modal_ids":[[]]},"product_brand":[],"product_cat":[1536],"product_tag":[2410,2238,2412,1665],"giftcard-category":[],"class_list":{"0":"post-66754","1":"product","2":"type-product","3":"status-publish","4":"has-post-thumbnail","6":"product_cat-uncategorized","7":"product_tag-14-acciones","8":"product_tag-400g-2","9":"product_tag-elige","10":"product_tag-fabricado-en-francia","12":"first","13":"instock","14":"taxable","15":"shipping-taxable","16":"purchasable","17":"product-type-yith_bundle"},"yoast_head":"<!-- This site is optimized with the Yoast SEO Premium plugin v27.3 (Yoast SEO v27.3) - https:\/\/yoast.com\/product\/yoast-seo-premium-wordpress\/ -->\n<title>Coffret Gourmet Foies Gras Parfum\u00e9s \u00e0 Composer | Relais Gourmet<\/title>\n<meta name=\"description\" content=\"Selecciona sabores arom\u00e1ticos y crea tu propia caja de Foies Gras Parfum\u00e9s.\" \/>\n<meta name=\"robots\" content=\"index, follow, max-snippet:-1, max-image-preview:large, max-video-preview:-1\" \/>\n<link rel=\"canonical\" href=\"https:\/\/relaisgourmet.com\/es\/producto\/prepara-tu-propia-caja-gourmet-de-foies-gras-aromatizados\/\" \/>\n<meta property=\"og:locale\" content=\"es_ES\" \/>\n<meta property=\"og:type\" content=\"article\" \/>\n<meta property=\"og:title\" content=\"Prepara tu propia caja gourmet de Foies Gras aromatizados\" \/>\n<meta property=\"og:description\" content=\"Personaliza tu caja con nuestros Foies Gras aromatizados, que combinan aromas sutiles e ingredientes cuidadosamente seleccionados. Es f\u00e1cil: Elige tarros de 200 g o 400 g a tu gusto. Por cada 4 Foies Gras que compres, te regalamos un Aperitivo por valor de 12 euros. M\u00e1s gastos de env\u00edo gratis en pedidos superiores a 99 euros (s\u00f3lo en Francia continental). \u00a1Descubre las opciones disponibles y crea tu caja de fragancias perfecta!  Garantizado 100% producci\u00f3n francesa \u2714 Garantizado sin conservantes, aditivos ni colorantes. \ud83c\udf43 Patos alimentados con ma\u00edz amarillo \ud83d\ude9a Entrega r\u00e1pida en todo el mundo \ud83d\udd53 Se conserva 3 a\u00f1os \ud83d\udd10 Pago seguro\" \/>\n<meta property=\"og:url\" content=\"https:\/\/relaisgourmet.com\/es\/producto\/prepara-tu-propia-caja-gourmet-de-foies-gras-aromatizados\/\" \/>\n<meta property=\"og:site_name\" content=\"Relais Gourmet\" \/>\n<meta property=\"article:publisher\" content=\"https:\/\/www.facebook.com\/relaisgourmet\/\" \/>\n<meta property=\"article:modified_time\" content=\"2026-04-01T22:18:35+00:00\" \/>\n<meta property=\"og:image\" content=\"https:\/\/relaisgourmet.com\/wp-content\/uploads\/2026\/03\/Coffret-3-Foies-Gras-1-300x300-1.jpg\" \/>\n\t<meta property=\"og:image:width\" content=\"300\" \/>\n\t<meta property=\"og:image:height\" content=\"300\" \/>\n\t<meta property=\"og:image:type\" content=\"image\/jpeg\" \/>\n<meta name=\"twitter:card\" content=\"summary_large_image\" \/>\n<meta name=\"twitter:site\" content=\"@relaisgourmet64\" \/>\n<script type=\"application\/ld+json\" class=\"yoast-schema-graph\">{\"@context\":\"https:\\\/\\\/schema.org\",\"@graph\":[{\"@type\":\"WebPage\",\"@id\":\"https:\\\/\\\/relaisgourmet.com\\\/es\\\/producto\\\/prepara-tu-propia-caja-gourmet-de-foies-gras-aromatizados\\\/\",\"url\":\"https:\\\/\\\/relaisgourmet.com\\\/es\\\/producto\\\/prepara-tu-propia-caja-gourmet-de-foies-gras-aromatizados\\\/\",\"name\":\"Coffret Gourmet Foies Gras Parfum\u00e9s \u00e0 Composer | Relais Gourmet\",\"isPartOf\":{\"@id\":\"https:\\\/\\\/relaisgourmet.com\\\/es\\\/#website\"},\"primaryImageOfPage\":{\"@id\":\"https:\\\/\\\/relaisgourmet.com\\\/es\\\/producto\\\/prepara-tu-propia-caja-gourmet-de-foies-gras-aromatizados\\\/#primaryimage\"},\"image\":{\"@id\":\"https:\\\/\\\/relaisgourmet.com\\\/es\\\/producto\\\/prepara-tu-propia-caja-gourmet-de-foies-gras-aromatizados\\\/#primaryimage\"},\"thumbnailUrl\":\"https:\\\/\\\/relaisgourmet.com\\\/wp-content\\\/uploads\\\/2026\\\/03\\\/Coffret-3-Foies-Gras-1-300x300-1.jpg\",\"datePublished\":\"2026-03-30T15:07:55+00:00\",\"dateModified\":\"2026-04-01T22:18:35+00:00\",\"description\":\"Selecciona sabores arom\u00e1ticos y crea tu propia caja de Foies Gras Parfum\u00e9s.\",\"breadcrumb\":{\"@id\":\"https:\\\/\\\/relaisgourmet.com\\\/es\\\/producto\\\/prepara-tu-propia-caja-gourmet-de-foies-gras-aromatizados\\\/#breadcrumb\"},\"inLanguage\":\"es\",\"potentialAction\":[{\"@type\":\"ReadAction\",\"target\":[\"https:\\\/\\\/relaisgourmet.com\\\/es\\\/producto\\\/prepara-tu-propia-caja-gourmet-de-foies-gras-aromatizados\\\/\"]}]},{\"@type\":\"ImageObject\",\"inLanguage\":\"es\",\"@id\":\"https:\\\/\\\/relaisgourmet.com\\\/es\\\/producto\\\/prepara-tu-propia-caja-gourmet-de-foies-gras-aromatizados\\\/#primaryimage\",\"url\":\"https:\\\/\\\/relaisgourmet.com\\\/wp-content\\\/uploads\\\/2026\\\/03\\\/Coffret-3-Foies-Gras-1-300x300-1.jpg\",\"contentUrl\":\"https:\\\/\\\/relaisgourmet.com\\\/wp-content\\\/uploads\\\/2026\\\/03\\\/Coffret-3-Foies-Gras-1-300x300-1.jpg\",\"width\":300,\"height\":300},{\"@type\":\"BreadcrumbList\",\"@id\":\"https:\\\/\\\/relaisgourmet.com\\\/es\\\/producto\\\/prepara-tu-propia-caja-gourmet-de-foies-gras-aromatizados\\\/#breadcrumb\",\"itemListElement\":[{\"@type\":\"ListItem\",\"position\":1,\"name\":\"Inicio\",\"item\":\"https:\\\/\\\/relaisgourmet.com\\\/es\\\/inicio\\\/\"},{\"@type\":\"ListItem\",\"position\":2,\"name\":\"Todos nuestros productos\",\"item\":\"https:\\\/\\\/relaisgourmet.com\\\/es\\\/tienda\\\/\"},{\"@type\":\"ListItem\",\"position\":3,\"name\":\"Prepara tu propia caja gourmet de Foies Gras aromatizados\"}]},{\"@type\":\"WebSite\",\"@id\":\"https:\\\/\\\/relaisgourmet.com\\\/es\\\/#website\",\"url\":\"https:\\\/\\\/relaisgourmet.com\\\/es\\\/\",\"name\":\"Relais Gourmet\",\"description\":\"Foie Gras 100% Fran\u00e7ais\",\"publisher\":{\"@id\":\"https:\\\/\\\/relaisgourmet.com\\\/es\\\/#organization\"},\"potentialAction\":[{\"@type\":\"SearchAction\",\"target\":{\"@type\":\"EntryPoint\",\"urlTemplate\":\"https:\\\/\\\/relaisgourmet.com\\\/es\\\/?s={search_term_string}\"},\"query-input\":{\"@type\":\"PropertyValueSpecification\",\"valueRequired\":true,\"valueName\":\"search_term_string\"}}],\"inLanguage\":\"es\"},{\"@type\":\"Organization\",\"@id\":\"https:\\\/\\\/relaisgourmet.com\\\/es\\\/#organization\",\"name\":\"Relais Gourmet\",\"url\":\"https:\\\/\\\/relaisgourmet.com\\\/es\\\/\",\"logo\":{\"@type\":\"ImageObject\",\"inLanguage\":\"es\",\"@id\":\"https:\\\/\\\/relaisgourmet.com\\\/es\\\/#\\\/schema\\\/logo\\\/image\\\/\",\"url\":\"https:\\\/\\\/relaisgourmet.com\\\/wp-content\\\/uploads\\\/2026\\\/03\\\/yoast-logo-2-relais-gourmet-.png\",\"contentUrl\":\"https:\\\/\\\/relaisgourmet.com\\\/wp-content\\\/uploads\\\/2026\\\/03\\\/yoast-logo-2-relais-gourmet-.png\",\"width\":1200,\"height\":675,\"caption\":\"Relais Gourmet\"},\"image\":{\"@id\":\"https:\\\/\\\/relaisgourmet.com\\\/es\\\/#\\\/schema\\\/logo\\\/image\\\/\"},\"sameAs\":[\"https:\\\/\\\/www.facebook.com\\\/relaisgourmet\\\/\",\"https:\\\/\\\/x.com\\\/relaisgourmet64\",\"https:\\\/\\\/www.instagram.com\\\/relaisgourmetofficiel\",\"https:\\\/\\\/www.pinterest.fr\\\/relaisgourmet\\\/\"],\"email\":\"yaqueche@relaisgourmet.com\",\"telephone\":\"+33 0 5 40 07 07 65\",\"legalName\":\"Relais Gourmet\",\"vatID\":\"FR13482415015\",\"taxID\":\"482415015\"}]}<\/script>\n<!-- \/ Yoast SEO Premium plugin. -->","yoast_head_json":{"title":"Coffret Gourmet Foies Gras Parfum\u00e9s \u00e0 Composer | Relais Gourmet","description":"Selecciona sabores arom\u00e1ticos y crea tu propia caja de Foies Gras Parfum\u00e9s.","robots":{"index":"index","follow":"follow","max-snippet":"max-snippet:-1","max-image-preview":"max-image-preview:large","max-video-preview":"max-video-preview:-1"},"canonical":"https:\/\/relaisgourmet.com\/es\/producto\/prepara-tu-propia-caja-gourmet-de-foies-gras-aromatizados\/","og_locale":"es_ES","og_type":"article","og_title":"Prepara tu propia caja gourmet de Foies Gras aromatizados","og_description":"Personaliza tu caja con nuestros Foies Gras aromatizados, que combinan aromas sutiles e ingredientes cuidadosamente seleccionados. Es f\u00e1cil: Elige tarros de 200 g o 400 g a tu gusto. Por cada 4 Foies Gras que compres, te regalamos un Aperitivo por valor de 12 euros. M\u00e1s gastos de env\u00edo gratis en pedidos superiores a 99 euros (s\u00f3lo en Francia continental). \u00a1Descubre las opciones disponibles y crea tu caja de fragancias perfecta!  Garantizado 100% producci\u00f3n francesa \u2714 Garantizado sin conservantes, aditivos ni colorantes. \ud83c\udf43 Patos alimentados con ma\u00edz amarillo \ud83d\ude9a Entrega r\u00e1pida en todo el mundo \ud83d\udd53 Se conserva 3 a\u00f1os \ud83d\udd10 Pago seguro","og_url":"https:\/\/relaisgourmet.com\/es\/producto\/prepara-tu-propia-caja-gourmet-de-foies-gras-aromatizados\/","og_site_name":"Relais Gourmet","article_publisher":"https:\/\/www.facebook.com\/relaisgourmet\/","article_modified_time":"2026-04-01T22:18:35+00:00","og_image":[{"width":300,"height":300,"url":"https:\/\/relaisgourmet.com\/wp-content\/uploads\/2026\/03\/Coffret-3-Foies-Gras-1-300x300-1.jpg","type":"image\/jpeg"}],"twitter_card":"summary_large_image","twitter_site":"@relaisgourmet64","schema":{"@context":"https:\/\/schema.org","@graph":[{"@type":"WebPage","@id":"https:\/\/relaisgourmet.com\/es\/producto\/prepara-tu-propia-caja-gourmet-de-foies-gras-aromatizados\/","url":"https:\/\/relaisgourmet.com\/es\/producto\/prepara-tu-propia-caja-gourmet-de-foies-gras-aromatizados\/","name":"Coffret Gourmet Foies Gras Parfum\u00e9s \u00e0 Composer | Relais Gourmet","isPartOf":{"@id":"https:\/\/relaisgourmet.com\/es\/#website"},"primaryImageOfPage":{"@id":"https:\/\/relaisgourmet.com\/es\/producto\/prepara-tu-propia-caja-gourmet-de-foies-gras-aromatizados\/#primaryimage"},"image":{"@id":"https:\/\/relaisgourmet.com\/es\/producto\/prepara-tu-propia-caja-gourmet-de-foies-gras-aromatizados\/#primaryimage"},"thumbnailUrl":"https:\/\/relaisgourmet.com\/wp-content\/uploads\/2026\/03\/Coffret-3-Foies-Gras-1-300x300-1.jpg","datePublished":"2026-03-30T15:07:55+00:00","dateModified":"2026-04-01T22:18:35+00:00","description":"Selecciona sabores arom\u00e1ticos y crea tu propia caja de Foies Gras Parfum\u00e9s.","breadcrumb":{"@id":"https:\/\/relaisgourmet.com\/es\/producto\/prepara-tu-propia-caja-gourmet-de-foies-gras-aromatizados\/#breadcrumb"},"inLanguage":"es","potentialAction":[{"@type":"ReadAction","target":["https:\/\/relaisgourmet.com\/es\/producto\/prepara-tu-propia-caja-gourmet-de-foies-gras-aromatizados\/"]}]},{"@type":"ImageObject","inLanguage":"es","@id":"https:\/\/relaisgourmet.com\/es\/producto\/prepara-tu-propia-caja-gourmet-de-foies-gras-aromatizados\/#primaryimage","url":"https:\/\/relaisgourmet.com\/wp-content\/uploads\/2026\/03\/Coffret-3-Foies-Gras-1-300x300-1.jpg","contentUrl":"https:\/\/relaisgourmet.com\/wp-content\/uploads\/2026\/03\/Coffret-3-Foies-Gras-1-300x300-1.jpg","width":300,"height":300},{"@type":"BreadcrumbList","@id":"https:\/\/relaisgourmet.com\/es\/producto\/prepara-tu-propia-caja-gourmet-de-foies-gras-aromatizados\/#breadcrumb","itemListElement":[{"@type":"ListItem","position":1,"name":"Inicio","item":"https:\/\/relaisgourmet.com\/es\/inicio\/"},{"@type":"ListItem","position":2,"name":"Todos nuestros productos","item":"https:\/\/relaisgourmet.com\/es\/tienda\/"},{"@type":"ListItem","position":3,"name":"Prepara tu propia caja gourmet de Foies Gras aromatizados"}]},{"@type":"WebSite","@id":"https:\/\/relaisgourmet.com\/es\/#website","url":"https:\/\/relaisgourmet.com\/es\/","name":"Relais Gourmet","description":"Foie Gras 100% Fran\u00e7ais","publisher":{"@id":"https:\/\/relaisgourmet.com\/es\/#organization"},"potentialAction":[{"@type":"SearchAction","target":{"@type":"EntryPoint","urlTemplate":"https:\/\/relaisgourmet.com\/es\/?s={search_term_string}"},"query-input":{"@type":"PropertyValueSpecification","valueRequired":true,"valueName":"search_term_string"}}],"inLanguage":"es"},{"@type":"Organization","@id":"https:\/\/relaisgourmet.com\/es\/#organization","name":"Relais Gourmet","url":"https:\/\/relaisgourmet.com\/es\/","logo":{"@type":"ImageObject","inLanguage":"es","@id":"https:\/\/relaisgourmet.com\/es\/#\/schema\/logo\/image\/","url":"https:\/\/relaisgourmet.com\/wp-content\/uploads\/2026\/03\/yoast-logo-2-relais-gourmet-.png","contentUrl":"https:\/\/relaisgourmet.com\/wp-content\/uploads\/2026\/03\/yoast-logo-2-relais-gourmet-.png","width":1200,"height":675,"caption":"Relais Gourmet"},"image":{"@id":"https:\/\/relaisgourmet.com\/es\/#\/schema\/logo\/image\/"},"sameAs":["https:\/\/www.facebook.com\/relaisgourmet\/","https:\/\/x.com\/relaisgourmet64","https:\/\/www.instagram.com\/relaisgourmetofficiel","https:\/\/www.pinterest.fr\/relaisgourmet\/"],"email":"yaqueche@relaisgourmet.com","telephone":"+33 0 5 40 07 07 65","legalName":"Relais Gourmet","vatID":"FR13482415015","taxID":"482415015"}]}},"_links":{"self":[{"href":"https:\/\/relaisgourmet.com\/es\/wp-json\/wp\/v2\/product\/66754","targetHints":{"allow":["GET"]}}],"collection":[{"href":"https:\/\/relaisgourmet.com\/es\/wp-json\/wp\/v2\/product"}],"about":[{"href":"https:\/\/relaisgourmet.com\/es\/wp-json\/wp\/v2\/types\/product"}],"replies":[{"embeddable":true,"href":"https:\/\/relaisgourmet.com\/es\/wp-json\/wp\/v2\/comments?post=66754"}],"wp:featuredmedia":[{"embeddable":true,"href":"https:\/\/relaisgourmet.com\/es\/wp-json\/wp\/v2\/media\/66746"}],"wp:attachment":[{"href":"https:\/\/relaisgourmet.com\/es\/wp-json\/wp\/v2\/media?parent=66754"}],"wp:term":[{"taxonomy":"product_brand","embeddable":true,"href":"https:\/\/relaisgourmet.com\/es\/wp-json\/wp\/v2\/product_brand?post=66754"},{"taxonomy":"product_cat","embeddable":true,"href":"https:\/\/relaisgourmet.com\/es\/wp-json\/wp\/v2\/product_cat?post=66754"},{"taxonomy":"product_tag","embeddable":true,"href":"https:\/\/relaisgourmet.com\/es\/wp-json\/wp\/v2\/product_tag?post=66754"},{"taxonomy":"giftcard-category","embeddable":true,"href":"https:\/\/relaisgourmet.com\/es\/wp-json\/wp\/v2\/giftcard-category?post=66754"}],"curies":[{"name":"wp","href":"https:\/\/api.w.org\/{rel}","templated":true}]}}