{"id":66509,"date":"2026-03-10T12:24:16","date_gmt":"2026-03-10T12:24:16","guid":{"rendered":"https:\/\/relaisgourmet.com\/product\/foie-gras-tradicional-natural-entero\/"},"modified":"2026-04-01T22:39:39","modified_gmt":"2026-04-01T22:39:39","slug":"foie-gras-tradicional-natural-entero","status":"publish","type":"product","link":"https:\/\/relaisgourmet.com\/es\/producto\/foie-gras-tradicional-natural-entero\/","title":{"rendered":"Foie Gras Tradicional Natural Entero"},"content":{"rendered":"<p><span style=\"font-weight: 400;\">Nuestro <strong>Foie Gras Natural de Pato Entero<\/strong> es una delicia culinaria obtenida a partir de la cuidadosa selecci\u00f3n y preparaci\u00f3n del h\u00edgado de pato.<\/span><b>. <\/b><span style=\"font-weight: 400;\">Este producto se distingue por su <\/span><b>textura suave y cremosa<\/b><span style=\"font-weight: 400;\">y un sabor delicadamente rico. Ideal para compartir o regalar durante una comida de convivencia con la familia o los amigos, para crear bellos recuerdos.<\/span><\/p>\n<p><b><br \/>\nGarantizado sin conservantes, aditivos ni colorantes.<\/b><\/p>\n<p><b><br \/>\nIngredientes: <\/b><span style=\"font-weight: 400;\">Foie gras de pato entero, sal y pimienta.<\/span><\/p>\n<p><b><br \/>\nTiempo de conservaci\u00f3n:<\/b><span style=\"font-weight: 400;\"> 3 a\u00f1os a temperatura ambiente. <\/span><span style=\"font-weight: 400;\">Una vez abierto, cons\u00famelo antes de 15 d\u00edas y cons\u00e9rvalo refrigerado.<\/span><\/p>\n<p><span style=\"font-weight: 400;\">Encuentra todos nuestros consejos y trucos para prepararte en la secci\u00f3n <a href=\"\/?page_id=33969\">de Blog<\/a> , as\u00ed como en nuestra p\u00e1gina <a href=\"https:\/\/www.instagram.com\/relaisgourmetofficiel\/\">de Instagram<\/a>.<\/span><\/p>\n","protected":false},"excerpt":{"rendered":"<p>Descubre la autenticidad del Foie Gras natural, un producto refinado y puro, elaborado sin aditivos artificiales para revelar toda la riqueza de su sabor y la delicadeza de su textura. \u00a1Perfecto como<strong> regalo<\/strong> o para <strong>saborear<\/strong>! <\/p>\n<p><img decoding=\"async\" class=\"emoji\" role=\"img\" src=\"https:\/\/s.w.org\/images\/core\/emoji\/15.0.3\/svg\/1f1eb-1f1f7.svg\" alt=\"\ud83c\uddeb\ud83c\uddf7\">  Garantizado 100% producci\u00f3n francesa<br \/>\n\u2714 Garantizado sin conservantes, aditivos ni colorantes.<br \/>\n\ud83c\udf43 Patos alimentados con ma\u00edz amarillo<br \/>\n\ud83d\ude9a Entrega r\u00e1pida en todo el mundo<br \/>\n\ud83d\udd53 Se conserva 3 a\u00f1os<br \/>\n\ud83d\udd10 Pago seguro<\/p>\n","protected":false},"featured_media":66510,"comment_status":"closed","ping_status":"closed","template":"","meta":{"_iconic_wsb_product_page_order_bump_ids":[[59370,64103]],"_sku":["3060000335929"],"_iconic_wsb_product_page_bump_modal_ids":[[]]},"product_brand":[],"product_cat":[1664],"product_tag":[1718,1721,1719,1782,1720,1940,1952,1931,2379,2703,1847,1665,2380,2384,2382,2383,2385,2381,1786,2378,2386,2387,2388,1969,1717],"giftcard-category":[],"class_list":{"0":"post-66509","1":"product","2":"type-product","3":"status-publish","4":"has-post-thumbnail","6":"product_cat-foie-gras","7":"product_tag-2-partes","8":"product_tag-200g","9":"product_tag-4-5-raciones","10":"product_tag-400g","11":"product_tag-80g","12":"product_tag-buen-foie-gras","13":"product_tag-clasico","14":"product_tag-compra-foie-gras","15":"product_tag-comprar-foie-gras","16":"product_tag-comprar-foie-gras-2","17":"product_tag-el-mejor-foie-gras","18":"product_tag-fabricado-en-francia","19":"product_tag-foie-gras-artesano","20":"product_tag-foie-gras-barato","21":"product_tag-foie-gras-de-corral","22":"product_tag-foie-gras-etiqueta-roja","23":"product_tag-foie-gras-suroeste","24":"product_tag-foie-gras-tradicional","25":"product_tag-foie-gras-vasco","26":"product_tag-foiegras","27":"product_tag-foigras","28":"product_tag-foix-gras","29":"product_tag-fuagras","30":"product_tag-naturaleza","31":"product_tag-tipoclasico","32":"product_shipping_class-estandar","33":"pa_poids-net-200g-3-4-de-porciones","34":"pa_poids-net-400g-6-8-porciones","35":"pa_poids-net-80g-2-raciones","37":"first","38":"instock","39":"featured","40":"taxable","41":"shipping-taxable","42":"purchasable","43":"product-type-variable"},"yoast_head":"<!-- This site is optimized with the Yoast SEO Premium plugin v27.3 (Yoast SEO v27.3) - https:\/\/yoast.com\/product\/yoast-seo-premium-wordpress\/ -->\n<title>Foie Gras Entero 100% Suroeste de Francia | Relais Gourmet<\/title>\n<meta name=\"description\" content=\"Foie gras natural entero: puro y sin aditivos, el sabor original del aut\u00e9ntico foie gras.\" \/>\n<meta name=\"robots\" content=\"index, follow, max-snippet:-1, max-image-preview:large, max-video-preview:-1\" \/>\n<link rel=\"canonical\" href=\"https:\/\/relaisgourmet.com\/es\/producto\/foie-gras-tradicional-natural-entero\/\" \/>\n<meta property=\"og:locale\" content=\"es_ES\" \/>\n<meta property=\"og:type\" content=\"article\" \/>\n<meta property=\"og:title\" content=\"Foie Gras Tradicional Natural Entero\" \/>\n<meta property=\"og:description\" content=\"Descubre la autenticidad del Foie Gras natural, un producto refinado y puro, elaborado sin aditivos artificiales para revelar toda la riqueza de su sabor y la delicadeza de su textura. \u00a1Perfecto como regalo o para saborear!   Garantizado 100% producci\u00f3n francesa \u2714 Garantizado sin conservantes, aditivos ni colorantes. \ud83c\udf43 Patos alimentados con ma\u00edz amarillo \ud83d\ude9a Entrega r\u00e1pida en todo el mundo \ud83d\udd53 Se conserva 3 a\u00f1os \ud83d\udd10 Pago seguro\" \/>\n<meta property=\"og:url\" content=\"https:\/\/relaisgourmet.com\/es\/producto\/foie-gras-tradicional-natural-entero\/\" \/>\n<meta property=\"og:site_name\" content=\"Relais Gourmet\" \/>\n<meta property=\"article:publisher\" content=\"https:\/\/www.facebook.com\/relaisgourmet\/\" \/>\n<meta property=\"article:modified_time\" content=\"2026-04-01T22:39:39+00:00\" \/>\n<meta property=\"og:image\" content=\"https:\/\/relaisgourmet.com\/wp-content\/uploads\/2026\/03\/Nature-min-scaled-1.jpg\" \/>\n\t<meta property=\"og:image:width\" content=\"2560\" \/>\n\t<meta property=\"og:image:height\" content=\"2560\" \/>\n\t<meta property=\"og:image:type\" content=\"image\/jpeg\" \/>\n<meta name=\"twitter:card\" content=\"summary_large_image\" \/>\n<meta name=\"twitter:site\" content=\"@relaisgourmet64\" \/>\n<meta name=\"twitter:label1\" content=\"Tiempo de lectura\" \/>\n\t<meta name=\"twitter:data1\" content=\"1 minuto\" \/>\n<script type=\"application\/ld+json\" class=\"yoast-schema-graph\">{\"@context\":\"https:\\\/\\\/schema.org\",\"@graph\":[{\"@type\":\"WebPage\",\"@id\":\"https:\\\/\\\/relaisgourmet.com\\\/es\\\/producto\\\/foie-gras-tradicional-natural-entero\\\/\",\"url\":\"https:\\\/\\\/relaisgourmet.com\\\/es\\\/producto\\\/foie-gras-tradicional-natural-entero\\\/\",\"name\":\"Foie Gras Entero 100% Suroeste de Francia | Relais Gourmet\",\"isPartOf\":{\"@id\":\"https:\\\/\\\/relaisgourmet.com\\\/es\\\/#website\"},\"primaryImageOfPage\":{\"@id\":\"https:\\\/\\\/relaisgourmet.com\\\/es\\\/producto\\\/foie-gras-tradicional-natural-entero\\\/#primaryimage\"},\"image\":{\"@id\":\"https:\\\/\\\/relaisgourmet.com\\\/es\\\/producto\\\/foie-gras-tradicional-natural-entero\\\/#primaryimage\"},\"thumbnailUrl\":\"https:\\\/\\\/relaisgourmet.com\\\/wp-content\\\/uploads\\\/2026\\\/03\\\/Nature-min-scaled-1.jpg\",\"datePublished\":\"2026-03-10T12:24:16+00:00\",\"dateModified\":\"2026-04-01T22:39:39+00:00\",\"description\":\"Foie gras natural entero: puro y sin aditivos, el sabor original del aut\u00e9ntico foie gras.\",\"breadcrumb\":{\"@id\":\"https:\\\/\\\/relaisgourmet.com\\\/es\\\/producto\\\/foie-gras-tradicional-natural-entero\\\/#breadcrumb\"},\"inLanguage\":\"es\",\"potentialAction\":[{\"@type\":\"ReadAction\",\"target\":[\"https:\\\/\\\/relaisgourmet.com\\\/es\\\/producto\\\/foie-gras-tradicional-natural-entero\\\/\"]}]},{\"@type\":\"ImageObject\",\"inLanguage\":\"es\",\"@id\":\"https:\\\/\\\/relaisgourmet.com\\\/es\\\/producto\\\/foie-gras-tradicional-natural-entero\\\/#primaryimage\",\"url\":\"https:\\\/\\\/relaisgourmet.com\\\/wp-content\\\/uploads\\\/2026\\\/03\\\/Nature-min-scaled-1.jpg\",\"contentUrl\":\"https:\\\/\\\/relaisgourmet.com\\\/wp-content\\\/uploads\\\/2026\\\/03\\\/Nature-min-scaled-1.jpg\",\"width\":2560,\"height\":2560},{\"@type\":\"BreadcrumbList\",\"@id\":\"https:\\\/\\\/relaisgourmet.com\\\/es\\\/producto\\\/foie-gras-tradicional-natural-entero\\\/#breadcrumb\",\"itemListElement\":[{\"@type\":\"ListItem\",\"position\":1,\"name\":\"Inicio\",\"item\":\"https:\\\/\\\/relaisgourmet.com\\\/es\\\/inicio\\\/\"},{\"@type\":\"ListItem\",\"position\":2,\"name\":\"Todos nuestros productos\",\"item\":\"https:\\\/\\\/relaisgourmet.com\\\/es\\\/tienda\\\/\"},{\"@type\":\"ListItem\",\"position\":3,\"name\":\"Foie Gras Tradicional Natural Entero\"}]},{\"@type\":\"WebSite\",\"@id\":\"https:\\\/\\\/relaisgourmet.com\\\/es\\\/#website\",\"url\":\"https:\\\/\\\/relaisgourmet.com\\\/es\\\/\",\"name\":\"Relais Gourmet\",\"description\":\"Foie Gras 100% Fran\u00e7ais\",\"publisher\":{\"@id\":\"https:\\\/\\\/relaisgourmet.com\\\/es\\\/#organization\"},\"potentialAction\":[{\"@type\":\"SearchAction\",\"target\":{\"@type\":\"EntryPoint\",\"urlTemplate\":\"https:\\\/\\\/relaisgourmet.com\\\/es\\\/?s={search_term_string}\"},\"query-input\":{\"@type\":\"PropertyValueSpecification\",\"valueRequired\":true,\"valueName\":\"search_term_string\"}}],\"inLanguage\":\"es\"},{\"@type\":\"Organization\",\"@id\":\"https:\\\/\\\/relaisgourmet.com\\\/es\\\/#organization\",\"name\":\"Relais Gourmet\",\"url\":\"https:\\\/\\\/relaisgourmet.com\\\/es\\\/\",\"logo\":{\"@type\":\"ImageObject\",\"inLanguage\":\"es\",\"@id\":\"https:\\\/\\\/relaisgourmet.com\\\/es\\\/#\\\/schema\\\/logo\\\/image\\\/\",\"url\":\"https:\\\/\\\/relaisgourmet.com\\\/wp-content\\\/uploads\\\/2026\\\/03\\\/yoast-logo-2-relais-gourmet-.png\",\"contentUrl\":\"https:\\\/\\\/relaisgourmet.com\\\/wp-content\\\/uploads\\\/2026\\\/03\\\/yoast-logo-2-relais-gourmet-.png\",\"width\":1200,\"height\":675,\"caption\":\"Relais Gourmet\"},\"image\":{\"@id\":\"https:\\\/\\\/relaisgourmet.com\\\/es\\\/#\\\/schema\\\/logo\\\/image\\\/\"},\"sameAs\":[\"https:\\\/\\\/www.facebook.com\\\/relaisgourmet\\\/\",\"https:\\\/\\\/x.com\\\/relaisgourmet64\",\"https:\\\/\\\/www.instagram.com\\\/relaisgourmetofficiel\",\"https:\\\/\\\/www.pinterest.fr\\\/relaisgourmet\\\/\"],\"email\":\"yaqueche@relaisgourmet.com\",\"telephone\":\"+33 0 5 40 07 07 65\",\"legalName\":\"Relais Gourmet\",\"vatID\":\"FR13482415015\",\"taxID\":\"482415015\"}]}<\/script>\n<!-- \/ Yoast SEO Premium plugin. -->","yoast_head_json":{"title":"Foie Gras Entero 100% Suroeste de Francia | Relais Gourmet","description":"Foie gras natural entero: puro y sin aditivos, el sabor original del aut\u00e9ntico foie gras.","robots":{"index":"index","follow":"follow","max-snippet":"max-snippet:-1","max-image-preview":"max-image-preview:large","max-video-preview":"max-video-preview:-1"},"canonical":"https:\/\/relaisgourmet.com\/es\/producto\/foie-gras-tradicional-natural-entero\/","og_locale":"es_ES","og_type":"article","og_title":"Foie Gras Tradicional Natural Entero","og_description":"Descubre la autenticidad del Foie Gras natural, un producto refinado y puro, elaborado sin aditivos artificiales para revelar toda la riqueza de su sabor y la delicadeza de su textura. \u00a1Perfecto como regalo o para saborear!   Garantizado 100% producci\u00f3n francesa \u2714 Garantizado sin conservantes, aditivos ni colorantes. \ud83c\udf43 Patos alimentados con ma\u00edz amarillo \ud83d\ude9a Entrega r\u00e1pida en todo el mundo \ud83d\udd53 Se conserva 3 a\u00f1os \ud83d\udd10 Pago seguro","og_url":"https:\/\/relaisgourmet.com\/es\/producto\/foie-gras-tradicional-natural-entero\/","og_site_name":"Relais Gourmet","article_publisher":"https:\/\/www.facebook.com\/relaisgourmet\/","article_modified_time":"2026-04-01T22:39:39+00:00","og_image":[{"width":2560,"height":2560,"url":"https:\/\/relaisgourmet.com\/wp-content\/uploads\/2026\/03\/Nature-min-scaled-1.jpg","type":"image\/jpeg"}],"twitter_card":"summary_large_image","twitter_site":"@relaisgourmet64","twitter_misc":{"Tiempo de lectura":"1 minuto"},"schema":{"@context":"https:\/\/schema.org","@graph":[{"@type":"WebPage","@id":"https:\/\/relaisgourmet.com\/es\/producto\/foie-gras-tradicional-natural-entero\/","url":"https:\/\/relaisgourmet.com\/es\/producto\/foie-gras-tradicional-natural-entero\/","name":"Foie Gras Entero 100% Suroeste de Francia | Relais Gourmet","isPartOf":{"@id":"https:\/\/relaisgourmet.com\/es\/#website"},"primaryImageOfPage":{"@id":"https:\/\/relaisgourmet.com\/es\/producto\/foie-gras-tradicional-natural-entero\/#primaryimage"},"image":{"@id":"https:\/\/relaisgourmet.com\/es\/producto\/foie-gras-tradicional-natural-entero\/#primaryimage"},"thumbnailUrl":"https:\/\/relaisgourmet.com\/wp-content\/uploads\/2026\/03\/Nature-min-scaled-1.jpg","datePublished":"2026-03-10T12:24:16+00:00","dateModified":"2026-04-01T22:39:39+00:00","description":"Foie gras natural entero: puro y sin aditivos, el sabor original del aut\u00e9ntico foie gras.","breadcrumb":{"@id":"https:\/\/relaisgourmet.com\/es\/producto\/foie-gras-tradicional-natural-entero\/#breadcrumb"},"inLanguage":"es","potentialAction":[{"@type":"ReadAction","target":["https:\/\/relaisgourmet.com\/es\/producto\/foie-gras-tradicional-natural-entero\/"]}]},{"@type":"ImageObject","inLanguage":"es","@id":"https:\/\/relaisgourmet.com\/es\/producto\/foie-gras-tradicional-natural-entero\/#primaryimage","url":"https:\/\/relaisgourmet.com\/wp-content\/uploads\/2026\/03\/Nature-min-scaled-1.jpg","contentUrl":"https:\/\/relaisgourmet.com\/wp-content\/uploads\/2026\/03\/Nature-min-scaled-1.jpg","width":2560,"height":2560},{"@type":"BreadcrumbList","@id":"https:\/\/relaisgourmet.com\/es\/producto\/foie-gras-tradicional-natural-entero\/#breadcrumb","itemListElement":[{"@type":"ListItem","position":1,"name":"Inicio","item":"https:\/\/relaisgourmet.com\/es\/inicio\/"},{"@type":"ListItem","position":2,"name":"Todos nuestros productos","item":"https:\/\/relaisgourmet.com\/es\/tienda\/"},{"@type":"ListItem","position":3,"name":"Foie Gras Tradicional Natural Entero"}]},{"@type":"WebSite","@id":"https:\/\/relaisgourmet.com\/es\/#website","url":"https:\/\/relaisgourmet.com\/es\/","name":"Relais Gourmet","description":"Foie Gras 100% Fran\u00e7ais","publisher":{"@id":"https:\/\/relaisgourmet.com\/es\/#organization"},"potentialAction":[{"@type":"SearchAction","target":{"@type":"EntryPoint","urlTemplate":"https:\/\/relaisgourmet.com\/es\/?s={search_term_string}"},"query-input":{"@type":"PropertyValueSpecification","valueRequired":true,"valueName":"search_term_string"}}],"inLanguage":"es"},{"@type":"Organization","@id":"https:\/\/relaisgourmet.com\/es\/#organization","name":"Relais Gourmet","url":"https:\/\/relaisgourmet.com\/es\/","logo":{"@type":"ImageObject","inLanguage":"es","@id":"https:\/\/relaisgourmet.com\/es\/#\/schema\/logo\/image\/","url":"https:\/\/relaisgourmet.com\/wp-content\/uploads\/2026\/03\/yoast-logo-2-relais-gourmet-.png","contentUrl":"https:\/\/relaisgourmet.com\/wp-content\/uploads\/2026\/03\/yoast-logo-2-relais-gourmet-.png","width":1200,"height":675,"caption":"Relais Gourmet"},"image":{"@id":"https:\/\/relaisgourmet.com\/es\/#\/schema\/logo\/image\/"},"sameAs":["https:\/\/www.facebook.com\/relaisgourmet\/","https:\/\/x.com\/relaisgourmet64","https:\/\/www.instagram.com\/relaisgourmetofficiel","https:\/\/www.pinterest.fr\/relaisgourmet\/"],"email":"yaqueche@relaisgourmet.com","telephone":"+33 0 5 40 07 07 65","legalName":"Relais Gourmet","vatID":"FR13482415015","taxID":"482415015"}]}},"_links":{"self":[{"href":"https:\/\/relaisgourmet.com\/es\/wp-json\/wp\/v2\/product\/66509","targetHints":{"allow":["GET"]}}],"collection":[{"href":"https:\/\/relaisgourmet.com\/es\/wp-json\/wp\/v2\/product"}],"about":[{"href":"https:\/\/relaisgourmet.com\/es\/wp-json\/wp\/v2\/types\/product"}],"replies":[{"embeddable":true,"href":"https:\/\/relaisgourmet.com\/es\/wp-json\/wp\/v2\/comments?post=66509"}],"wp:featuredmedia":[{"embeddable":true,"href":"https:\/\/relaisgourmet.com\/es\/wp-json\/wp\/v2\/media\/66510"}],"wp:attachment":[{"href":"https:\/\/relaisgourmet.com\/es\/wp-json\/wp\/v2\/media?parent=66509"}],"wp:term":[{"taxonomy":"product_brand","embeddable":true,"href":"https:\/\/relaisgourmet.com\/es\/wp-json\/wp\/v2\/product_brand?post=66509"},{"taxonomy":"product_cat","embeddable":true,"href":"https:\/\/relaisgourmet.com\/es\/wp-json\/wp\/v2\/product_cat?post=66509"},{"taxonomy":"product_tag","embeddable":true,"href":"https:\/\/relaisgourmet.com\/es\/wp-json\/wp\/v2\/product_tag?post=66509"},{"taxonomy":"giftcard-category","embeddable":true,"href":"https:\/\/relaisgourmet.com\/es\/wp-json\/wp\/v2\/giftcard-category?post=66509"}],"curies":[{"name":"wp","href":"https:\/\/api.w.org\/{rel}","templated":true}]}}