{"id":65162,"date":"2026-03-10T12:24:47","date_gmt":"2026-03-10T12:24:47","guid":{"rendered":"https:\/\/relaisgourmet.com\/product\/turron-con-crema-catalana-suave\/"},"modified":"2026-04-01T22:43:14","modified_gmt":"2026-04-01T22:43:14","slug":"turron-con-crema-catalana-suave","status":"publish","type":"product","link":"https:\/\/relaisgourmet.com\/es\/producto\/turron-con-crema-catalana-suave\/","title":{"rendered":"Turr\u00f3n con crema catalana (suave)"},"content":{"rendered":"<p><strong>El Turr\u00f3n con crema catalana de Maria Simona se elabora seg\u00fan <a href=\"https:\/\/mariasimona.com\/secrets-fabrication-turron-jijona\/\">la receta tradicional<\/a>.<\/strong><\/p>\n<ul>\n<li><strong>Peso neto:<\/strong> 200 g<\/li>\n<li><strong>Caducidad: <\/strong>9 meses como m\u00ednimo. Una vez abierto, gu\u00e1rdalo en un lugar fresco, seco y oscuro, alejado de la luz y la humedad, en su envase original o envuelto en papel de aluminio o film, y luego en una caja herm\u00e9tica. A menudo cometemos el error de guardar el turr\u00f3n en el frigor\u00edfico, lo que no hace sino alterar sus propiedades organol\u00e9pticas, as\u00ed como su sabor y textura.  <\/li>\n<li><strong>Ingredientes : <\/strong>Az\u00facar, almendras, yema de huevo (7%), jarabe de glucosa y conservante (E-200). Puede contener trazas de frutos secos y leche. <\/li>\n<\/ul>\n<p><strong>Este producto es sin gluten y, por tanto, adecuado para cel\u00edacas.<\/strong><\/p>\n<h3>La historia del turr\u00f3n con crema catalana<\/h3>\n<p>La Crema Catalana <a href=\"https:\/\/fr.wikipedia.org\/wiki\/Cr%C3%A8me_catalane\">es un postre t\u00edpico catal\u00e1n<\/a>. Se elabora en esta regi\u00f3n desde al menos el siglo XVI, pero probablemente es mucho m\u00e1s antigua. De hecho, esta crema es una evoluci\u00f3n de las natillas, que ya se elaboraban en la Rep\u00fablica de Roma unos siglos antes de Cristo.  <\/p>\n<p>Este postre consiste en un flan a base de yema de huevo cubierto con una capa de az\u00facar caramelizado. El turr\u00f3n de crema catalana utiliza yema de huevo tostada y az\u00facar de forma similar, por lo que tambi\u00e9n se llama turr\u00f3n de crema catalana, aunque no contiene harina ni leche. <\/p>\n<h3>Para m\u00e1s informaci\u00f3n:<\/h3>\n<p>Encuentra todos nuestros consejos de preparaci\u00f3n en <a href=\"https:\/\/mariasimona.com\/\">la web de Maria Simona<\/a>.<\/p>\n<p>No dudes en visitar nuestro blog para descubrir <a href=\"https:\/\/mariasimona.com\/recettes-turron\/\">nuestras deliciosas recetas<\/a>.<\/p>\n<p>Y para acompa\u00f1arlo, \u00bfpor qu\u00e9 no pruebas <a href=\"https:\/\/epic-varahamihira.207-180-195-93.plesk.page\/\">el delicioso Relais Gourmet Foies Gras <\/a>?<\/p>\n","protected":false},"excerpt":{"rendered":"<p>Tambi\u00e9n conocido como \u00abturr\u00f3n con yema tostada\u00bb, el turr\u00f3n con crema catalana se elabora con yema de huevo tostada y almendras molidas. Su color, aroma y sabor son los de la yema de huevo utilizada en su elaboraci\u00f3n, cuidadosamente combinada con las almendras. <\/p>\n<p>El turr\u00f3n con crema catalana de Maria Simona se elabora seg\u00fan <a href=\"https:\/\/mariasimona.com\/secrets-fabrication-turron-jijona\/\">la receta tradicional<\/a>.<\/p>\n<p><span style=\"font-size: 16px;\">Usamos solo ingredientes espa\u00f1oles premium.<\/span><\/p>\n","protected":false},"featured_media":65165,"comment_status":"closed","ping_status":"closed","template":"","meta":{"_iconic_wsb_product_page_order_bump_ids":[],"_sku":["864d429bd7da"],"_iconic_wsb_product_page_bump_modal_ids":[]},"product_brand":[],"product_cat":[1666],"product_tag":[],"giftcard-category":[],"class_list":{"0":"post-65162","1":"product","2":"type-product","3":"status-publish","4":"has-post-thumbnail","6":"product_cat-turrones-espanoles","7":"product_shipping_class-estandar","9":"first","10":"instock","11":"taxable","12":"shipping-taxable","13":"purchasable","14":"product-type-simple"},"yoast_head":"<!-- This site is optimized with the Yoast SEO Premium plugin v27.3 (Yoast SEO v27.3) - https:\/\/yoast.com\/product\/yoast-seo-premium-wordpress\/ -->\n<title>Crema Catalana de Turr\u00f3n | Relais Gourmet<\/title>\n<meta name=\"description\" content=\"Turr\u00f3n con crema catalana: una especialidad dulce y cremosa inspirada en el postre catal\u00e1n.\" \/>\n<meta name=\"robots\" content=\"index, follow, max-snippet:-1, max-image-preview:large, max-video-preview:-1\" \/>\n<link rel=\"canonical\" href=\"https:\/\/relaisgourmet.com\/es\/producto\/turron-con-crema-catalana-suave\/\" \/>\n<meta property=\"og:locale\" content=\"es_ES\" \/>\n<meta property=\"og:type\" content=\"article\" \/>\n<meta property=\"og:title\" content=\"Turr\u00f3n con crema catalana (suave)\" \/>\n<meta property=\"og:description\" content=\"Tambi\u00e9n conocido como &quot;turr\u00f3n con yema tostada&quot;, el turr\u00f3n con crema catalana se elabora con yema de huevo tostada y almendras molidas. Su color, aroma y sabor son los de la yema de huevo utilizada en su elaboraci\u00f3n, cuidadosamente combinada con las almendras.  El turr\u00f3n con crema catalana de Maria Simona se elabora seg\u00fan la receta tradicional. Usamos solo ingredientes espa\u00f1oles premium.\" \/>\n<meta property=\"og:url\" content=\"https:\/\/relaisgourmet.com\/es\/producto\/turron-con-crema-catalana-suave\/\" \/>\n<meta property=\"og:site_name\" content=\"Relais Gourmet\" \/>\n<meta property=\"article:publisher\" content=\"https:\/\/www.facebook.com\/relaisgourmet\/\" \/>\n<meta property=\"article:modified_time\" content=\"2026-04-01T22:43:14+00:00\" \/>\n<meta property=\"og:image\" content=\"https:\/\/relaisgourmet.com\/wp-content\/uploads\/2026\/03\/Yema-Tostada-1.jpg\" \/>\n\t<meta property=\"og:image:width\" content=\"600\" \/>\n\t<meta property=\"og:image:height\" content=\"600\" \/>\n\t<meta property=\"og:image:type\" content=\"image\/jpeg\" \/>\n<meta name=\"twitter:card\" content=\"summary_large_image\" \/>\n<meta name=\"twitter:site\" content=\"@relaisgourmet64\" \/>\n<meta name=\"twitter:label1\" content=\"Tiempo de lectura\" \/>\n\t<meta name=\"twitter:data1\" content=\"1 minuto\" \/>\n<script type=\"application\/ld+json\" class=\"yoast-schema-graph\">{\"@context\":\"https:\\\/\\\/schema.org\",\"@graph\":[{\"@type\":\"WebPage\",\"@id\":\"https:\\\/\\\/relaisgourmet.com\\\/es\\\/producto\\\/turron-con-crema-catalana-suave\\\/\",\"url\":\"https:\\\/\\\/relaisgourmet.com\\\/es\\\/producto\\\/turron-con-crema-catalana-suave\\\/\",\"name\":\"Crema Catalana de Turr\u00f3n | Relais Gourmet\",\"isPartOf\":{\"@id\":\"https:\\\/\\\/relaisgourmet.com\\\/es\\\/#website\"},\"primaryImageOfPage\":{\"@id\":\"https:\\\/\\\/relaisgourmet.com\\\/es\\\/producto\\\/turron-con-crema-catalana-suave\\\/#primaryimage\"},\"image\":{\"@id\":\"https:\\\/\\\/relaisgourmet.com\\\/es\\\/producto\\\/turron-con-crema-catalana-suave\\\/#primaryimage\"},\"thumbnailUrl\":\"https:\\\/\\\/relaisgourmet.com\\\/wp-content\\\/uploads\\\/2026\\\/03\\\/Yema-Tostada-1.jpg\",\"datePublished\":\"2026-03-10T12:24:47+00:00\",\"dateModified\":\"2026-04-01T22:43:14+00:00\",\"description\":\"Turr\u00f3n con crema catalana: una especialidad dulce y cremosa inspirada en el postre catal\u00e1n.\",\"breadcrumb\":{\"@id\":\"https:\\\/\\\/relaisgourmet.com\\\/es\\\/producto\\\/turron-con-crema-catalana-suave\\\/#breadcrumb\"},\"inLanguage\":\"es\",\"potentialAction\":[{\"@type\":\"ReadAction\",\"target\":[\"https:\\\/\\\/relaisgourmet.com\\\/es\\\/producto\\\/turron-con-crema-catalana-suave\\\/\"]}]},{\"@type\":\"ImageObject\",\"inLanguage\":\"es\",\"@id\":\"https:\\\/\\\/relaisgourmet.com\\\/es\\\/producto\\\/turron-con-crema-catalana-suave\\\/#primaryimage\",\"url\":\"https:\\\/\\\/relaisgourmet.com\\\/wp-content\\\/uploads\\\/2026\\\/03\\\/Yema-Tostada-1.jpg\",\"contentUrl\":\"https:\\\/\\\/relaisgourmet.com\\\/wp-content\\\/uploads\\\/2026\\\/03\\\/Yema-Tostada-1.jpg\",\"width\":600,\"height\":600},{\"@type\":\"BreadcrumbList\",\"@id\":\"https:\\\/\\\/relaisgourmet.com\\\/es\\\/producto\\\/turron-con-crema-catalana-suave\\\/#breadcrumb\",\"itemListElement\":[{\"@type\":\"ListItem\",\"position\":1,\"name\":\"Inicio\",\"item\":\"https:\\\/\\\/relaisgourmet.com\\\/es\\\/inicio\\\/\"},{\"@type\":\"ListItem\",\"position\":2,\"name\":\"Todos nuestros productos\",\"item\":\"https:\\\/\\\/relaisgourmet.com\\\/es\\\/tienda\\\/\"},{\"@type\":\"ListItem\",\"position\":3,\"name\":\"Turr\u00f3n con crema catalana (suave)\"}]},{\"@type\":\"WebSite\",\"@id\":\"https:\\\/\\\/relaisgourmet.com\\\/es\\\/#website\",\"url\":\"https:\\\/\\\/relaisgourmet.com\\\/es\\\/\",\"name\":\"Relais Gourmet\",\"description\":\"Foie Gras 100% Fran\u00e7ais\",\"publisher\":{\"@id\":\"https:\\\/\\\/relaisgourmet.com\\\/es\\\/#organization\"},\"potentialAction\":[{\"@type\":\"SearchAction\",\"target\":{\"@type\":\"EntryPoint\",\"urlTemplate\":\"https:\\\/\\\/relaisgourmet.com\\\/es\\\/?s={search_term_string}\"},\"query-input\":{\"@type\":\"PropertyValueSpecification\",\"valueRequired\":true,\"valueName\":\"search_term_string\"}}],\"inLanguage\":\"es\"},{\"@type\":\"Organization\",\"@id\":\"https:\\\/\\\/relaisgourmet.com\\\/es\\\/#organization\",\"name\":\"Relais Gourmet\",\"url\":\"https:\\\/\\\/relaisgourmet.com\\\/es\\\/\",\"logo\":{\"@type\":\"ImageObject\",\"inLanguage\":\"es\",\"@id\":\"https:\\\/\\\/relaisgourmet.com\\\/es\\\/#\\\/schema\\\/logo\\\/image\\\/\",\"url\":\"https:\\\/\\\/relaisgourmet.com\\\/wp-content\\\/uploads\\\/2026\\\/03\\\/yoast-logo-2-relais-gourmet-.png\",\"contentUrl\":\"https:\\\/\\\/relaisgourmet.com\\\/wp-content\\\/uploads\\\/2026\\\/03\\\/yoast-logo-2-relais-gourmet-.png\",\"width\":1200,\"height\":675,\"caption\":\"Relais Gourmet\"},\"image\":{\"@id\":\"https:\\\/\\\/relaisgourmet.com\\\/es\\\/#\\\/schema\\\/logo\\\/image\\\/\"},\"sameAs\":[\"https:\\\/\\\/www.facebook.com\\\/relaisgourmet\\\/\",\"https:\\\/\\\/x.com\\\/relaisgourmet64\",\"https:\\\/\\\/www.instagram.com\\\/relaisgourmetofficiel\",\"https:\\\/\\\/www.pinterest.fr\\\/relaisgourmet\\\/\"],\"email\":\"yaqueche@relaisgourmet.com\",\"telephone\":\"+33 0 5 40 07 07 65\",\"legalName\":\"Relais Gourmet\",\"vatID\":\"FR13482415015\",\"taxID\":\"482415015\"}]}<\/script>\n<!-- \/ Yoast SEO Premium plugin. -->","yoast_head_json":{"title":"Crema Catalana de Turr\u00f3n | Relais Gourmet","description":"Turr\u00f3n con crema catalana: una especialidad dulce y cremosa inspirada en el postre catal\u00e1n.","robots":{"index":"index","follow":"follow","max-snippet":"max-snippet:-1","max-image-preview":"max-image-preview:large","max-video-preview":"max-video-preview:-1"},"canonical":"https:\/\/relaisgourmet.com\/es\/producto\/turron-con-crema-catalana-suave\/","og_locale":"es_ES","og_type":"article","og_title":"Turr\u00f3n con crema catalana (suave)","og_description":"Tambi\u00e9n conocido como \"turr\u00f3n con yema tostada\", el turr\u00f3n con crema catalana se elabora con yema de huevo tostada y almendras molidas. Su color, aroma y sabor son los de la yema de huevo utilizada en su elaboraci\u00f3n, cuidadosamente combinada con las almendras.  El turr\u00f3n con crema catalana de Maria Simona se elabora seg\u00fan la receta tradicional. Usamos solo ingredientes espa\u00f1oles premium.","og_url":"https:\/\/relaisgourmet.com\/es\/producto\/turron-con-crema-catalana-suave\/","og_site_name":"Relais Gourmet","article_publisher":"https:\/\/www.facebook.com\/relaisgourmet\/","article_modified_time":"2026-04-01T22:43:14+00:00","og_image":[{"width":600,"height":600,"url":"https:\/\/relaisgourmet.com\/wp-content\/uploads\/2026\/03\/Yema-Tostada-1.jpg","type":"image\/jpeg"}],"twitter_card":"summary_large_image","twitter_site":"@relaisgourmet64","twitter_misc":{"Tiempo de lectura":"1 minuto"},"schema":{"@context":"https:\/\/schema.org","@graph":[{"@type":"WebPage","@id":"https:\/\/relaisgourmet.com\/es\/producto\/turron-con-crema-catalana-suave\/","url":"https:\/\/relaisgourmet.com\/es\/producto\/turron-con-crema-catalana-suave\/","name":"Crema Catalana de Turr\u00f3n | Relais Gourmet","isPartOf":{"@id":"https:\/\/relaisgourmet.com\/es\/#website"},"primaryImageOfPage":{"@id":"https:\/\/relaisgourmet.com\/es\/producto\/turron-con-crema-catalana-suave\/#primaryimage"},"image":{"@id":"https:\/\/relaisgourmet.com\/es\/producto\/turron-con-crema-catalana-suave\/#primaryimage"},"thumbnailUrl":"https:\/\/relaisgourmet.com\/wp-content\/uploads\/2026\/03\/Yema-Tostada-1.jpg","datePublished":"2026-03-10T12:24:47+00:00","dateModified":"2026-04-01T22:43:14+00:00","description":"Turr\u00f3n con crema catalana: una especialidad dulce y cremosa inspirada en el postre catal\u00e1n.","breadcrumb":{"@id":"https:\/\/relaisgourmet.com\/es\/producto\/turron-con-crema-catalana-suave\/#breadcrumb"},"inLanguage":"es","potentialAction":[{"@type":"ReadAction","target":["https:\/\/relaisgourmet.com\/es\/producto\/turron-con-crema-catalana-suave\/"]}]},{"@type":"ImageObject","inLanguage":"es","@id":"https:\/\/relaisgourmet.com\/es\/producto\/turron-con-crema-catalana-suave\/#primaryimage","url":"https:\/\/relaisgourmet.com\/wp-content\/uploads\/2026\/03\/Yema-Tostada-1.jpg","contentUrl":"https:\/\/relaisgourmet.com\/wp-content\/uploads\/2026\/03\/Yema-Tostada-1.jpg","width":600,"height":600},{"@type":"BreadcrumbList","@id":"https:\/\/relaisgourmet.com\/es\/producto\/turron-con-crema-catalana-suave\/#breadcrumb","itemListElement":[{"@type":"ListItem","position":1,"name":"Inicio","item":"https:\/\/relaisgourmet.com\/es\/inicio\/"},{"@type":"ListItem","position":2,"name":"Todos nuestros productos","item":"https:\/\/relaisgourmet.com\/es\/tienda\/"},{"@type":"ListItem","position":3,"name":"Turr\u00f3n con crema catalana (suave)"}]},{"@type":"WebSite","@id":"https:\/\/relaisgourmet.com\/es\/#website","url":"https:\/\/relaisgourmet.com\/es\/","name":"Relais Gourmet","description":"Foie Gras 100% Fran\u00e7ais","publisher":{"@id":"https:\/\/relaisgourmet.com\/es\/#organization"},"potentialAction":[{"@type":"SearchAction","target":{"@type":"EntryPoint","urlTemplate":"https:\/\/relaisgourmet.com\/es\/?s={search_term_string}"},"query-input":{"@type":"PropertyValueSpecification","valueRequired":true,"valueName":"search_term_string"}}],"inLanguage":"es"},{"@type":"Organization","@id":"https:\/\/relaisgourmet.com\/es\/#organization","name":"Relais Gourmet","url":"https:\/\/relaisgourmet.com\/es\/","logo":{"@type":"ImageObject","inLanguage":"es","@id":"https:\/\/relaisgourmet.com\/es\/#\/schema\/logo\/image\/","url":"https:\/\/relaisgourmet.com\/wp-content\/uploads\/2026\/03\/yoast-logo-2-relais-gourmet-.png","contentUrl":"https:\/\/relaisgourmet.com\/wp-content\/uploads\/2026\/03\/yoast-logo-2-relais-gourmet-.png","width":1200,"height":675,"caption":"Relais Gourmet"},"image":{"@id":"https:\/\/relaisgourmet.com\/es\/#\/schema\/logo\/image\/"},"sameAs":["https:\/\/www.facebook.com\/relaisgourmet\/","https:\/\/x.com\/relaisgourmet64","https:\/\/www.instagram.com\/relaisgourmetofficiel","https:\/\/www.pinterest.fr\/relaisgourmet\/"],"email":"yaqueche@relaisgourmet.com","telephone":"+33 0 5 40 07 07 65","legalName":"Relais Gourmet","vatID":"FR13482415015","taxID":"482415015"}]}},"_links":{"self":[{"href":"https:\/\/relaisgourmet.com\/es\/wp-json\/wp\/v2\/product\/65162","targetHints":{"allow":["GET"]}}],"collection":[{"href":"https:\/\/relaisgourmet.com\/es\/wp-json\/wp\/v2\/product"}],"about":[{"href":"https:\/\/relaisgourmet.com\/es\/wp-json\/wp\/v2\/types\/product"}],"replies":[{"embeddable":true,"href":"https:\/\/relaisgourmet.com\/es\/wp-json\/wp\/v2\/comments?post=65162"}],"wp:featuredmedia":[{"embeddable":true,"href":"https:\/\/relaisgourmet.com\/es\/wp-json\/wp\/v2\/media\/65165"}],"wp:attachment":[{"href":"https:\/\/relaisgourmet.com\/es\/wp-json\/wp\/v2\/media?parent=65162"}],"wp:term":[{"taxonomy":"product_brand","embeddable":true,"href":"https:\/\/relaisgourmet.com\/es\/wp-json\/wp\/v2\/product_brand?post=65162"},{"taxonomy":"product_cat","embeddable":true,"href":"https:\/\/relaisgourmet.com\/es\/wp-json\/wp\/v2\/product_cat?post=65162"},{"taxonomy":"product_tag","embeddable":true,"href":"https:\/\/relaisgourmet.com\/es\/wp-json\/wp\/v2\/product_tag?post=65162"},{"taxonomy":"giftcard-category","embeddable":true,"href":"https:\/\/relaisgourmet.com\/es\/wp-json\/wp\/v2\/giftcard-category?post=65162"}],"curies":[{"name":"wp","href":"https:\/\/api.w.org\/{rel}","templated":true}]}}