{"id":64992,"date":"2026-03-10T12:27:01","date_gmt":"2026-03-10T12:27:01","guid":{"rendered":"https:\/\/strange-jennings.213-136-85-46.plesk.page\/product\/jamon-extra-alimentado-con-bellota-iberica-pata-negra\/"},"modified":"2026-04-01T22:32:21","modified_gmt":"2026-04-01T22:32:21","slug":"jamon-extra-alimentado-con-bellota-iberica-pata-negra","status":"publish","type":"product","link":"https:\/\/relaisgourmet.com\/es\/producto\/jamon-extra-alimentado-con-bellota-iberica-pata-negra\/","title":{"rendered":"Jam\u00f3n Extra Alimentado con Bellota Ib\u00e9rica (Pata Negra)"},"content":{"rendered":"<p>Date el capricho de un aut\u00e9ntico fest\u00edn con nuestro <strong data-start=\"117\" data-end=\"158\">jam\u00f3n ib\u00e9rico alimentado con bellota Pata Negra<\/strong>, una joya de la gastronom\u00eda espa\u00f1ola. Madurada durante 24 meses en las monta\u00f1as andaluzas, cada rodaja revela una textura de deshielo y aromas excepcionales, enriquecidos por la dieta natural de bellotas de los cerdos de corral libre. <\/p>\n<h3 class=\"\" data-start=\"420\" data-end=\"486\">\u00bfPor qu\u00e9 elegir nuestro jam\u00f3n Pata Negra alimentado con bellota ib\u00e9rica?<\/h3>\n<ul data-start=\"487\" data-end=\"1079\">\n<li class=\"\" data-start=\"487\" data-end=\"581\">\n<p class=\"\" data-start=\"489\" data-end=\"581\"><strong data-start=\"489\" data-end=\"510\">100% ib\u00e9rico<\/strong> : de la raza ib\u00e9rica pura, famosa por su calidad incomparable.<\/p>\n<\/li>\n<li class=\"\" data-start=\"582\" data-end=\"720\">\n<p class=\"\" data-start=\"584\" data-end=\"720\"><strong data-start=\"584\" data-end=\"610\">Pienso natural<\/strong> : nuestros cerdos se cr\u00edan en libertad y se alimentan exclusivamente con bellotas de roble, garantizando un sabor \u00fanico.<\/p>\n<\/li>\n<li class=\"\" data-start=\"721\" data-end=\"816\">\n<p class=\"\" data-start=\"723\" data-end=\"816\"><strong data-start=\"723\" data-end=\"745\">Curado artesanal<\/strong> : 24 meses de curado para un jam\u00f3n con sabores sutiles y profundos.<\/p>\n<\/li>\n<li class=\"\" data-start=\"817\" data-end=\"959\">\n<p class=\"\" data-start=\"819\" data-end=\"959\"><strong data-start=\"819\" data-end=\"846\">Sabor intenso y refinado<\/strong> : notas de avellana, textura que se derrite y una paleta de sabores que lo convierten en una aut\u00e9ntica experiencia de sabor.<\/p>\n<\/li>\n<li class=\"\" data-start=\"960\" data-end=\"1079\">\n<p class=\"\" data-start=\"962\" data-end=\"1079\"><strong data-start=\"962\" data-end=\"987\">Una pieza excepcional<\/strong> : ideal para ocasiones especiales o para ofrecer un regalo prestigioso a gourmets.<\/p>\n<\/li>\n<\/ul>\n<h3 class=\"\" data-start=\"1335\" data-end=\"1366\">Conservaci\u00f3n<\/h3>\n<p class=\"\" data-start=\"1367\" data-end=\"1526\">Guarda el jam\u00f3n en un lugar fresco y seco, con una temperatura ideal entre 15\u00b0C y 20\u00b0C.  - Evitar temperaturas demasiado bajas o demasiado altas, que pueden alterar su textura y sabor - Proteger el jam\u00f3n de la luz solar directa, que podr\u00eda afectar a su sabor y color Protecci\u00f3n tras el corte: - Cubrir la zona cortada: Utilizar un trozo de grasa extra\u00eddo del jam\u00f3n para cubrir la parte expuesta. Esto previene la oxidaci\u00f3n y el secado. Luego, c\u00fabrela con un pa\u00f1o de algod\u00f3n limpio para que el producto respire y lo proteja de las impurezas. - Evitar las pel\u00edculas pl\u00e1sticas en verano: En clima caluroso, prefiera una tela transpirable para evitar el exceso de sudor del jam\u00f3n.    <\/p>\n<h3 class=\"\" data-start=\"1081\" data-end=\"1110\">Consejos para la cata:<\/h3>\n<p class=\"\" data-start=\"1111\" data-end=\"1333\">Para apreciar plenamente este jam\u00f3n ib\u00e9rico, disfr\u00fatalo en finas rodajas a temperatura ambiente. Combina perfectamente con un buen vino tinto. \u00a1Un placer imprescindible para tu paladar!  <\/p>\n<p class=\"\" data-start=\"1367\" data-end=\"1526\">\u00a1Date un capricho de un trozo de Espa\u00f1a en casa!<\/p>\n<p class=\"\" data-start=\"1604\" data-end=\"1677\"><em data-start=\"1604\" data-end=\"1677\" data-is-last-node=\"\">Por favor, ten en cuenta: el portajam\u00f3n no est\u00e1 incluido en esta caja.<\/em><\/p>\n<p>Por \u00faltimo, para acompa\u00f1ar a este jam\u00f3n, \u00bfpor qu\u00e9 no dejarte tentar por  <a href=\"https:\/\/epic-varahamihira.207-180-195-93.plesk.page\/\">el delicioso Relais Gourmet Foies Gras  <\/a>?<\/p>\n<article class=\"text-token-text-primary w-full\" dir=\"auto\" data-testid=\"conversation-turn-14\" data-scroll-anchor=\"true\">\n<div class=\"text-base my-auto mx-auto py-5 [--thread-content-margin:--spacing(4)] @[37rem]:[--thread-content-margin:--spacing(6)] @[70rem]:[--thread-content-margin:--spacing(12)] px-(--thread-content-margin)\">\n<div class=\"[--thread-content-max-width:32rem] @[34rem]:[--thread-content-max-width:40rem] @[64rem]:[--thread-content-max-width:48rem] mx-auto flex max-w-(--thread-content-max-width) flex-1 text-base gap-4 md:gap-5 lg:gap-6 group\/turn-messages focus-visible:outline-hidden\" tabindex=\"-1\">\n<div class=\"group\/conversation-turn relative flex w-full min-w-0 flex-col agent-turn\">\n<div class=\"relative flex-col gap-1 md:gap-3\">\n<div class=\"flex max-w-full flex-col grow\">\n<div class=\"min-h-8 text-message relative flex w-full flex-col items-end gap-2 text-start break-words whitespace-normal [.text-message+&amp;]:mt-5\" dir=\"auto\" data-message-author-role=\"assistant\" data-message-id=\"42d71592-9458-4f44-9fd8-ff33539cedb8\" data-message-model-slug=\"gpt-4o-mini\">\n<div class=\"flex w-full flex-col gap-1 empty:hidden first:pt-[3px]\">\n<div class=\"markdown prose dark:prose-invert w-full break-words light\">\n<article class=\"text-token-text-primary w-full\" dir=\"auto\" data-testid=\"conversation-turn-16\" data-scroll-anchor=\"true\">\n<div class=\"text-base my-auto mx-auto py-5 [--thread-content-margin:--spacing(4)] @[37rem]:[--thread-content-margin:--spacing(6)] @[70rem]:[--thread-content-margin:--spacing(12)] px-(--thread-content-margin)\">\n<div class=\"[--thread-content-max-width:32rem] @[34rem]:[--thread-content-max-width:40rem] @[64rem]:[--thread-content-max-width:48rem] mx-auto flex max-w-(--thread-content-max-width) flex-1 text-base gap-4 md:gap-5 lg:gap-6 group\/turn-messages focus-visible:outline-hidden\" tabindex=\"-1\">\n<div class=\"group\/conversation-turn relative flex w-full min-w-0 flex-col agent-turn\">\n<div class=\"relative flex-col gap-1 md:gap-3\">\n<div class=\"flex max-w-full flex-col grow\">\n<div class=\"min-h-8 text-message relative flex w-full flex-col items-end gap-2 text-start break-words whitespace-normal [.text-message+&amp;]:mt-5\" dir=\"auto\" data-message-author-role=\"assistant\" data-message-id=\"22dc5875-b044-4d41-b5f3-8328c90b6691\" data-message-model-slug=\"gpt-4o-mini\">\n<div class=\"flex w-full flex-col gap-1 empty:hidden first:pt-[3px]\">\n<div class=\"markdown prose dark:prose-invert w-full break-words light\">\n<p class=\"\" data-start=\"0\" data-end=\"110\">Para el postre, sucumbe <a href=\"https:\/\/mariasimona.com\/categorie-produit\/turrons-classiques\/\"><strong data-start=\"26\" data-end=\"54\">a las Turrones de Maria Simona<\/strong><\/a>, un manjar perfecto para terminar esta comida con estilo.<\/p>\n<\/div>\n<\/div>\n<\/div>\n<\/div>\n<\/div>\n<\/div>\n<\/div>\n<\/div>\n<\/article>\n<\/div>\n<\/div>\n<\/div>\n<\/div>\n<\/div>\n<\/div>\n<\/div>\n<\/div>\n<\/article>\n","protected":false},"excerpt":{"rendered":"<article class=\"text-token-text-primary w-full\" dir=\"auto\" data-testid=\"conversation-turn-6\" data-scroll-anchor=\"false\">\n<div class=\"yoast-text-mark\">\n<div class=\"[--thread-content-max-width:32rem] @[34rem]:[--thread-content-max-width:40rem] @[64rem]:[--thread-content-max-width:48rem] mx-auto flex max-w-(--thread-content-max-width) flex-1 text-base gap-4 md:gap-5 lg:gap-6 group\/turn-messages focus-visible:outline-hidden\" tabindex=\"-1\">\n<div class=\"group\/conversation-turn relative flex w-full min-w-0 flex-col agent-turn\">\n<div class=\"relative flex-col gap-1 md:gap-3\">\n<div class=\"flex max-w-full flex-col grow\">\n<div class=\"min-h-8 text-message relative flex w-full flex-col items-end gap-2 text-start break-words whitespace-normal [.text-message+&amp;]:mt-5\" dir=\"auto\" data-message-author-role=\"assistant\" data-message-id=\"68c9b9d1-1bcf-4ae5-8d85-a3948faa3963\" data-message-model-slug=\"gpt-4o\">\n<div class=\"flex w-full flex-col gap-1 empty:hidden first:pt-[3px]\">\n<div class=\"markdown prose dark:prose-invert w-full break-words light\">\n<p class=\"\" data-start=\"0\" data-end=\"72\"><strong data-start=\"0\" data-end=\"72\">Descubre PATA NEGRA: la excelencia del jam\u00f3n ib\u00e9rico alimentado con bellotas<\/strong><\/p>\n<p>Producci\u00f3n 100% garantizada por Espa\u00f1a<br \/>\n\u2714 Curado natural prolongado<br \/>\n\ud83c\udf43 Artesan\u00eda preservada<br \/>\n\ud83d\ude9a Entrega r\u00e1pida a nivel mundial<br \/>\n\ud83d\udd10 Pago seguro<\/p>\n<div class=\"woocommerce-product-details__short-description\">\n<p>Peso neto: 8 kg<\/p>\n<\/div>\n<\/div>\n<\/div>\n<\/div>\n<\/div>\n<\/div>\n<\/div>\n<\/div>\n<\/div>\n<\/article>\n","protected":false},"featured_media":64999,"comment_status":"closed","ping_status":"closed","template":"","meta":{"_iconic_wsb_product_page_order_bump_ids":[[]],"_sku":["3110000346804-7-1-1-1-1-1"],"_iconic_wsb_product_page_bump_modal_ids":[[]]},"product_brand":[],"product_cat":[2243],"product_tag":[],"giftcard-category":[],"class_list":{"0":"post-64992","1":"product","2":"type-product","3":"status-publish","4":"has-post-thumbnail","6":"product_cat-embutidos-espanoles","8":"first","9":"instock","10":"taxable","11":"shipping-taxable","12":"purchasable","13":"product-type-simple"},"yoast_head":"<!-- This site is optimized with the Yoast SEO Premium plugin v27.3 (Yoast SEO v27.3) - https:\/\/yoast.com\/product\/yoast-seo-premium-wordpress\/ -->\n<title>Jam\u00f3n Extra-Pata Negra Ib\u00e9rico Alimentado con Bellota Espa\u00f1ola<\/title>\n<meta name=\"description\" content=\"Disfruta de la excelencia: jam\u00f3n ib\u00e9rico 100% natural alimentado con bellota, curado lentamente, sabor intenso y derretido. Lujo espa\u00f1ol en tu plato\" \/>\n<meta name=\"robots\" content=\"index, follow, max-snippet:-1, max-image-preview:large, max-video-preview:-1\" \/>\n<link rel=\"canonical\" href=\"https:\/\/relaisgourmet.com\/es\/producto\/jamon-extra-alimentado-con-bellota-iberica-pata-negra\/\" \/>\n<meta property=\"og:locale\" content=\"es_ES\" \/>\n<meta property=\"og:type\" content=\"article\" \/>\n<meta property=\"og:title\" content=\"Jam\u00f3n Extra Alimentado con Bellota Ib\u00e9rica (Pata Negra)\" \/>\n<meta property=\"og:description\" content=\"Descubre PATA NEGRA: la excelencia del jam\u00f3n ib\u00e9rico alimentado con bellotas Producci\u00f3n 100% garantizada por Espa\u00f1a \u2714 Curado natural prolongado \ud83c\udf43 Artesan\u00eda preservada \ud83d\ude9a Entrega r\u00e1pida a nivel mundial \ud83d\udd10 Pago seguro  Peso neto: 8 kg\" \/>\n<meta property=\"og:url\" content=\"https:\/\/relaisgourmet.com\/es\/producto\/jamon-extra-alimentado-con-bellota-iberica-pata-negra\/\" \/>\n<meta property=\"og:site_name\" content=\"Relais Gourmet\" \/>\n<meta property=\"article:publisher\" content=\"https:\/\/www.facebook.com\/relaisgourmet\/\" \/>\n<meta property=\"article:modified_time\" content=\"2026-04-01T22:32:21+00:00\" \/>\n<meta property=\"og:image\" content=\"https:\/\/relaisgourmet.com\/wp-content\/uploads\/2026\/03\/charcuterie-2-relais-gourmet.webp\" \/>\n\t<meta property=\"og:image:width\" content=\"1920\" \/>\n\t<meta property=\"og:image:height\" content=\"1920\" \/>\n\t<meta property=\"og:image:type\" content=\"image\/webp\" \/>\n<meta name=\"twitter:card\" content=\"summary_large_image\" \/>\n<meta name=\"twitter:site\" content=\"@relaisgourmet64\" \/>\n<meta name=\"twitter:label1\" content=\"Tiempo de lectura\" \/>\n\t<meta name=\"twitter:data1\" content=\"2 minuto\" \/>\n<script type=\"application\/ld+json\" class=\"yoast-schema-graph\">{\"@context\":\"https:\\\/\\\/schema.org\",\"@graph\":[{\"@type\":\"WebPage\",\"@id\":\"https:\\\/\\\/relaisgourmet.com\\\/es\\\/producto\\\/jamon-extra-alimentado-con-bellota-iberica-pata-negra\\\/\",\"url\":\"https:\\\/\\\/relaisgourmet.com\\\/es\\\/producto\\\/jamon-extra-alimentado-con-bellota-iberica-pata-negra\\\/\",\"name\":\"Jam\u00f3n Extra-Pata Negra Ib\u00e9rico Alimentado con Bellota Espa\u00f1ola\",\"isPartOf\":{\"@id\":\"https:\\\/\\\/relaisgourmet.com\\\/es\\\/#website\"},\"primaryImageOfPage\":{\"@id\":\"https:\\\/\\\/relaisgourmet.com\\\/es\\\/producto\\\/jamon-extra-alimentado-con-bellota-iberica-pata-negra\\\/#primaryimage\"},\"image\":{\"@id\":\"https:\\\/\\\/relaisgourmet.com\\\/es\\\/producto\\\/jamon-extra-alimentado-con-bellota-iberica-pata-negra\\\/#primaryimage\"},\"thumbnailUrl\":\"https:\\\/\\\/relaisgourmet.com\\\/wp-content\\\/uploads\\\/2026\\\/03\\\/charcuterie-2-relais-gourmet.webp\",\"datePublished\":\"2026-03-10T12:27:01+00:00\",\"dateModified\":\"2026-04-01T22:32:21+00:00\",\"description\":\"Disfruta de la excelencia: jam\u00f3n ib\u00e9rico 100% natural alimentado con bellota, curado lentamente, sabor intenso y derretido. Lujo espa\u00f1ol en tu plato\",\"breadcrumb\":{\"@id\":\"https:\\\/\\\/relaisgourmet.com\\\/es\\\/producto\\\/jamon-extra-alimentado-con-bellota-iberica-pata-negra\\\/#breadcrumb\"},\"inLanguage\":\"es\",\"potentialAction\":[{\"@type\":\"ReadAction\",\"target\":[\"https:\\\/\\\/relaisgourmet.com\\\/es\\\/producto\\\/jamon-extra-alimentado-con-bellota-iberica-pata-negra\\\/\"]}]},{\"@type\":\"ImageObject\",\"inLanguage\":\"es\",\"@id\":\"https:\\\/\\\/relaisgourmet.com\\\/es\\\/producto\\\/jamon-extra-alimentado-con-bellota-iberica-pata-negra\\\/#primaryimage\",\"url\":\"https:\\\/\\\/relaisgourmet.com\\\/wp-content\\\/uploads\\\/2026\\\/03\\\/charcuterie-2-relais-gourmet.webp\",\"contentUrl\":\"https:\\\/\\\/relaisgourmet.com\\\/wp-content\\\/uploads\\\/2026\\\/03\\\/charcuterie-2-relais-gourmet.webp\",\"width\":1920,\"height\":1920},{\"@type\":\"BreadcrumbList\",\"@id\":\"https:\\\/\\\/relaisgourmet.com\\\/es\\\/producto\\\/jamon-extra-alimentado-con-bellota-iberica-pata-negra\\\/#breadcrumb\",\"itemListElement\":[{\"@type\":\"ListItem\",\"position\":1,\"name\":\"Inicio\",\"item\":\"https:\\\/\\\/relaisgourmet.com\\\/es\\\/inicio\\\/\"},{\"@type\":\"ListItem\",\"position\":2,\"name\":\"Todos nuestros productos\",\"item\":\"https:\\\/\\\/relaisgourmet.com\\\/es\\\/tienda\\\/\"},{\"@type\":\"ListItem\",\"position\":3,\"name\":\"Jam\u00f3n Extra Alimentado con Bellota Ib\u00e9rica (Pata Negra)\"}]},{\"@type\":\"WebSite\",\"@id\":\"https:\\\/\\\/relaisgourmet.com\\\/es\\\/#website\",\"url\":\"https:\\\/\\\/relaisgourmet.com\\\/es\\\/\",\"name\":\"Relais Gourmet\",\"description\":\"Foie Gras 100% Fran\u00e7ais\",\"publisher\":{\"@id\":\"https:\\\/\\\/relaisgourmet.com\\\/es\\\/#organization\"},\"potentialAction\":[{\"@type\":\"SearchAction\",\"target\":{\"@type\":\"EntryPoint\",\"urlTemplate\":\"https:\\\/\\\/relaisgourmet.com\\\/es\\\/?s={search_term_string}\"},\"query-input\":{\"@type\":\"PropertyValueSpecification\",\"valueRequired\":true,\"valueName\":\"search_term_string\"}}],\"inLanguage\":\"es\"},{\"@type\":\"Organization\",\"@id\":\"https:\\\/\\\/relaisgourmet.com\\\/es\\\/#organization\",\"name\":\"Relais Gourmet\",\"url\":\"https:\\\/\\\/relaisgourmet.com\\\/es\\\/\",\"logo\":{\"@type\":\"ImageObject\",\"inLanguage\":\"es\",\"@id\":\"https:\\\/\\\/relaisgourmet.com\\\/es\\\/#\\\/schema\\\/logo\\\/image\\\/\",\"url\":\"https:\\\/\\\/relaisgourmet.com\\\/wp-content\\\/uploads\\\/2026\\\/03\\\/yoast-logo-2-relais-gourmet-.png\",\"contentUrl\":\"https:\\\/\\\/relaisgourmet.com\\\/wp-content\\\/uploads\\\/2026\\\/03\\\/yoast-logo-2-relais-gourmet-.png\",\"width\":1200,\"height\":675,\"caption\":\"Relais Gourmet\"},\"image\":{\"@id\":\"https:\\\/\\\/relaisgourmet.com\\\/es\\\/#\\\/schema\\\/logo\\\/image\\\/\"},\"sameAs\":[\"https:\\\/\\\/www.facebook.com\\\/relaisgourmet\\\/\",\"https:\\\/\\\/x.com\\\/relaisgourmet64\",\"https:\\\/\\\/www.instagram.com\\\/relaisgourmetofficiel\",\"https:\\\/\\\/www.pinterest.fr\\\/relaisgourmet\\\/\"],\"email\":\"yaqueche@relaisgourmet.com\",\"telephone\":\"+33 0 5 40 07 07 65\",\"legalName\":\"Relais Gourmet\",\"vatID\":\"FR13482415015\",\"taxID\":\"482415015\"}]}<\/script>\n<!-- \/ Yoast SEO Premium plugin. -->","yoast_head_json":{"title":"Jam\u00f3n Extra-Pata Negra Ib\u00e9rico Alimentado con Bellota Espa\u00f1ola","description":"Disfruta de la excelencia: jam\u00f3n ib\u00e9rico 100% natural alimentado con bellota, curado lentamente, sabor intenso y derretido. Lujo espa\u00f1ol en tu plato","robots":{"index":"index","follow":"follow","max-snippet":"max-snippet:-1","max-image-preview":"max-image-preview:large","max-video-preview":"max-video-preview:-1"},"canonical":"https:\/\/relaisgourmet.com\/es\/producto\/jamon-extra-alimentado-con-bellota-iberica-pata-negra\/","og_locale":"es_ES","og_type":"article","og_title":"Jam\u00f3n Extra Alimentado con Bellota Ib\u00e9rica (Pata Negra)","og_description":"Descubre PATA NEGRA: la excelencia del jam\u00f3n ib\u00e9rico alimentado con bellotas Producci\u00f3n 100% garantizada por Espa\u00f1a \u2714 Curado natural prolongado \ud83c\udf43 Artesan\u00eda preservada \ud83d\ude9a Entrega r\u00e1pida a nivel mundial \ud83d\udd10 Pago seguro  Peso neto: 8 kg","og_url":"https:\/\/relaisgourmet.com\/es\/producto\/jamon-extra-alimentado-con-bellota-iberica-pata-negra\/","og_site_name":"Relais Gourmet","article_publisher":"https:\/\/www.facebook.com\/relaisgourmet\/","article_modified_time":"2026-04-01T22:32:21+00:00","og_image":[{"width":1920,"height":1920,"url":"https:\/\/relaisgourmet.com\/wp-content\/uploads\/2026\/03\/charcuterie-2-relais-gourmet.webp","type":"image\/webp"}],"twitter_card":"summary_large_image","twitter_site":"@relaisgourmet64","twitter_misc":{"Tiempo de lectura":"2 minuto"},"schema":{"@context":"https:\/\/schema.org","@graph":[{"@type":"WebPage","@id":"https:\/\/relaisgourmet.com\/es\/producto\/jamon-extra-alimentado-con-bellota-iberica-pata-negra\/","url":"https:\/\/relaisgourmet.com\/es\/producto\/jamon-extra-alimentado-con-bellota-iberica-pata-negra\/","name":"Jam\u00f3n Extra-Pata Negra Ib\u00e9rico Alimentado con Bellota Espa\u00f1ola","isPartOf":{"@id":"https:\/\/relaisgourmet.com\/es\/#website"},"primaryImageOfPage":{"@id":"https:\/\/relaisgourmet.com\/es\/producto\/jamon-extra-alimentado-con-bellota-iberica-pata-negra\/#primaryimage"},"image":{"@id":"https:\/\/relaisgourmet.com\/es\/producto\/jamon-extra-alimentado-con-bellota-iberica-pata-negra\/#primaryimage"},"thumbnailUrl":"https:\/\/relaisgourmet.com\/wp-content\/uploads\/2026\/03\/charcuterie-2-relais-gourmet.webp","datePublished":"2026-03-10T12:27:01+00:00","dateModified":"2026-04-01T22:32:21+00:00","description":"Disfruta de la excelencia: jam\u00f3n ib\u00e9rico 100% natural alimentado con bellota, curado lentamente, sabor intenso y derretido. Lujo espa\u00f1ol en tu plato","breadcrumb":{"@id":"https:\/\/relaisgourmet.com\/es\/producto\/jamon-extra-alimentado-con-bellota-iberica-pata-negra\/#breadcrumb"},"inLanguage":"es","potentialAction":[{"@type":"ReadAction","target":["https:\/\/relaisgourmet.com\/es\/producto\/jamon-extra-alimentado-con-bellota-iberica-pata-negra\/"]}]},{"@type":"ImageObject","inLanguage":"es","@id":"https:\/\/relaisgourmet.com\/es\/producto\/jamon-extra-alimentado-con-bellota-iberica-pata-negra\/#primaryimage","url":"https:\/\/relaisgourmet.com\/wp-content\/uploads\/2026\/03\/charcuterie-2-relais-gourmet.webp","contentUrl":"https:\/\/relaisgourmet.com\/wp-content\/uploads\/2026\/03\/charcuterie-2-relais-gourmet.webp","width":1920,"height":1920},{"@type":"BreadcrumbList","@id":"https:\/\/relaisgourmet.com\/es\/producto\/jamon-extra-alimentado-con-bellota-iberica-pata-negra\/#breadcrumb","itemListElement":[{"@type":"ListItem","position":1,"name":"Inicio","item":"https:\/\/relaisgourmet.com\/es\/inicio\/"},{"@type":"ListItem","position":2,"name":"Todos nuestros productos","item":"https:\/\/relaisgourmet.com\/es\/tienda\/"},{"@type":"ListItem","position":3,"name":"Jam\u00f3n Extra Alimentado con Bellota Ib\u00e9rica (Pata Negra)"}]},{"@type":"WebSite","@id":"https:\/\/relaisgourmet.com\/es\/#website","url":"https:\/\/relaisgourmet.com\/es\/","name":"Relais Gourmet","description":"Foie Gras 100% Fran\u00e7ais","publisher":{"@id":"https:\/\/relaisgourmet.com\/es\/#organization"},"potentialAction":[{"@type":"SearchAction","target":{"@type":"EntryPoint","urlTemplate":"https:\/\/relaisgourmet.com\/es\/?s={search_term_string}"},"query-input":{"@type":"PropertyValueSpecification","valueRequired":true,"valueName":"search_term_string"}}],"inLanguage":"es"},{"@type":"Organization","@id":"https:\/\/relaisgourmet.com\/es\/#organization","name":"Relais Gourmet","url":"https:\/\/relaisgourmet.com\/es\/","logo":{"@type":"ImageObject","inLanguage":"es","@id":"https:\/\/relaisgourmet.com\/es\/#\/schema\/logo\/image\/","url":"https:\/\/relaisgourmet.com\/wp-content\/uploads\/2026\/03\/yoast-logo-2-relais-gourmet-.png","contentUrl":"https:\/\/relaisgourmet.com\/wp-content\/uploads\/2026\/03\/yoast-logo-2-relais-gourmet-.png","width":1200,"height":675,"caption":"Relais Gourmet"},"image":{"@id":"https:\/\/relaisgourmet.com\/es\/#\/schema\/logo\/image\/"},"sameAs":["https:\/\/www.facebook.com\/relaisgourmet\/","https:\/\/x.com\/relaisgourmet64","https:\/\/www.instagram.com\/relaisgourmetofficiel","https:\/\/www.pinterest.fr\/relaisgourmet\/"],"email":"yaqueche@relaisgourmet.com","telephone":"+33 0 5 40 07 07 65","legalName":"Relais Gourmet","vatID":"FR13482415015","taxID":"482415015"}]}},"_links":{"self":[{"href":"https:\/\/relaisgourmet.com\/es\/wp-json\/wp\/v2\/product\/64992","targetHints":{"allow":["GET"]}}],"collection":[{"href":"https:\/\/relaisgourmet.com\/es\/wp-json\/wp\/v2\/product"}],"about":[{"href":"https:\/\/relaisgourmet.com\/es\/wp-json\/wp\/v2\/types\/product"}],"replies":[{"embeddable":true,"href":"https:\/\/relaisgourmet.com\/es\/wp-json\/wp\/v2\/comments?post=64992"}],"wp:featuredmedia":[{"embeddable":true,"href":"https:\/\/relaisgourmet.com\/es\/wp-json\/wp\/v2\/media\/64999"}],"wp:attachment":[{"href":"https:\/\/relaisgourmet.com\/es\/wp-json\/wp\/v2\/media?parent=64992"}],"wp:term":[{"taxonomy":"product_brand","embeddable":true,"href":"https:\/\/relaisgourmet.com\/es\/wp-json\/wp\/v2\/product_brand?post=64992"},{"taxonomy":"product_cat","embeddable":true,"href":"https:\/\/relaisgourmet.com\/es\/wp-json\/wp\/v2\/product_cat?post=64992"},{"taxonomy":"product_tag","embeddable":true,"href":"https:\/\/relaisgourmet.com\/es\/wp-json\/wp\/v2\/product_tag?post=64992"},{"taxonomy":"giftcard-category","embeddable":true,"href":"https:\/\/relaisgourmet.com\/es\/wp-json\/wp\/v2\/giftcard-category?post=64992"}],"curies":[{"name":"wp","href":"https:\/\/api.w.org\/{rel}","templated":true}]}}