{"id":64940,"date":"2026-03-10T12:26:59","date_gmt":"2026-03-10T12:26:59","guid":{"rendered":"https:\/\/strange-jennings.213-136-85-46.plesk.page\/product\/conjunto-quintaesencia\/"},"modified":"2026-04-01T22:29:20","modified_gmt":"2026-04-01T22:29:20","slug":"conjunto-quintaesencia","status":"publish","type":"product","link":"https:\/\/relaisgourmet.com\/es\/producto\/conjunto-quintaesencia\/","title":{"rendered":"Conjunto Quintaesencia"},"content":{"rendered":"<h3 data-start=\"135\" data-end=\"209\"><strong data-start=\"139\" data-end=\"207\">Coffret Quintessence \u2013 L\u2019\u00c9l\u00e9gance du Foie Gras et du Magret Fum\u00e9<\/strong><\/h3>\n<p data-start=\"211\" data-end=\"543\">Descubre la <strong data-start=\"224\" data-end=\"248\">Quintessence Box<\/strong>, una exquisita combinaci\u00f3n de <strong data-start=\"274\" data-end=\"305\">5 Quintessences + 1 ofrecida<\/strong>, que combina el refinamiento <strong data-start=\"335\" data-end=\"358\">del foie gras de pato<\/strong> y la intensidad de <strong data-start=\"377\" data-end=\"392\">la pechuga de pato ahumada<\/strong>. Una experiencia gastron\u00f3mica ideal para realzar tus aperitivos, animar tus comidas con familia o amigos y enriquecer tus picnics gourmet. <\/p>\n<h4 data-start=\"545\" data-end=\"589\"><strong data-start=\"550\" data-end=\"587\">Un placer para ofrecer o para darte un capricho<\/strong><\/h4>\n<p data-start=\"591\" data-end=\"860\">Ya sea para una ocasi\u00f3n especial o simplemente por el placer de probar productos excepcionales, esta caja es la idea perfecta para un regalo. Su formato elegante y selecci\u00f3n artesanal seducir\u00e1n a los amantes de los sabores aut\u00e9nticos y los productos locales. <\/p>\n<h3 data-start=\"862\" data-end=\"893\"><strong data-start=\"866\" data-end=\"891\">Un compromiso con la calidad<\/strong><\/h3>\n<p data-start=\"895\" data-end=\"1043\">Nuestra <strong data-start=\"901\" data-end=\"925\">Quintessence Box<\/strong> est\u00e1 elaborada respetando las tradiciones culinarias francesas, con ingredientes cuidadosamente seleccionados.<\/p>\n<ul data-start=\"1044\" data-end=\"1115\">\n<li data-start=\"1044\" data-end=\"1070\"><strong data-start=\"1046\" data-end=\"1068\">Sin conservantes<\/strong><\/li>\n<li data-start=\"1071\" data-end=\"1093\"><strong data-start=\"1073\" data-end=\"1091\">Libre de tintes<\/strong><\/li>\n<li data-start=\"1094\" data-end=\"1115\"><strong data-start=\"1096\" data-end=\"1113\">Sin aditivos<\/strong><\/li>\n<\/ul>\n<h3 data-start=\"1117\" data-end=\"1153\"><strong data-start=\"1121\" data-end=\"1151\">Composici\u00f3n e ingredientes<\/strong><\/h3>\n<p data-start=\"1155\" data-end=\"1222\"><strong data-start=\"1155\" data-end=\"1220\">6 quintaesencias de foie gra y pechuga de pato ahumada (180 g)<\/strong><\/p>\n<p data-start=\"1224\" data-end=\"1343\"><strong data-start=\"1224\" data-end=\"1241\">Ingredientes:<\/strong><br data-start=\"1241\" data-end=\"1244\">Foie gras de pato (20%), grasa de pato y magra, grasa de cerdo, huevo, leche, sal, especias.<\/p>\n<h3 data-start=\"1345\" data-end=\"1394\"><strong data-start=\"1349\" data-end=\"1392\">Consejos para catar y almacenar<\/strong><\/h3>\n<p data-start=\"1396\" data-end=\"1552\"><strong data-start=\"1396\" data-end=\"1415\">Antes de abrir<\/strong> : Se conserva durante <strong data-start=\"1430\" data-end=\"1439\">3 a\u00f1os<\/strong> a temperatura ambiente.<br data-start=\"1463\" data-end=\"1466\"><strong data-start=\"1466\" data-end=\"1485\">Despu\u00e9s de abrir<\/strong> : Consume en <strong data-start=\"1505\" data-end=\"1517\">un plazo de 15 d\u00edas<\/strong> y gu\u00e1rdalo en la nevera.<\/p>\n<p data-start=\"1554\" data-end=\"1771\">Para un sabor m\u00e1s promedio, acompa\u00f1a estas Quintessencias con un vino dulce o pan ligeramente tostado. Puedes encontrar m\u00e1s consejos en nuestro <strong data-start=\"1712\" data-end=\"1735\"><a href=\"https:\/\/epic-varahamihira.207-180-195-93.plesk.page\/blog-foies-gras-actualite\/\" rel=\"noopener\" data-start=\"1714\" data-end=\"1733\">blog de comida<\/a><\/strong> y <strong data-start=\"1745\" data-end=\"1768\"><a href=\"https:\/\/www.instagram.com\/relaisgourmetofficiel\/\" rel=\"noopener\" data-start=\"1747\" data-end=\"1766\">en nuestra p\u00e1gina de Instagram<\/a><\/strong>. <\/p>\n<h3 data-start=\"1773\" data-end=\"1815\"><strong data-start=\"1777\" data-end=\"1813\">Descubre nuestras otras especialidades<\/strong><\/h3>\n<p data-start=\"1817\" data-end=\"1950\">Contin\u00faa tu exploraci\u00f3n gourmet con nuestra <strong data-start=\"1867\" data-end=\"1899\"><a href=\"https:\/\/epic-varahamihira.207-180-195-93.plesk.page\/categorie-produit\/nos-foies-gras\/\" rel=\"noopener\" data-start=\"1869\" data-end=\"1897\">selecci\u00f3n de foie gras<\/a><\/strong> y nuestras <strong data-start=\"1907\" data-end=\"1947\"><a href=\"https:\/\/epic-varahamihira.207-180-195-93.plesk.page\/categorie-produit\/coffrets-cadeaux\/\" rel=\"noopener\" data-start=\"1909\" data-end=\"1945\">cajas de regalo gourmet<\/a><\/strong>.<\/p>\n","protected":false},"excerpt":{"rendered":"<p>Una caja refinada para todas las ocasiones: <strong>perfecta para aperitivos improvisados<\/strong> con amigos o familia y <strong>sublime para tu pa\u00eds o picnics gourmet<\/strong> .<\/p>\n<p><img decoding=\"async\" class=\"emoji\" role=\"img\" src=\"https:\/\/s.w.org\/images\/core\/emoji\/15.0.3\/svg\/1f1eb-1f1f7.svg\" alt=\"\ud83c\uddeb\ud83c\uddf7\"> Producci\u00f3n 100% francesa<br \/>\n\u2714 garantizada. Garantizada sin conservantes, aditivos ni colorantes.<br \/>\n\ud83c\udf43 Patos alimentados con ma\u00edz amarillo<br \/>\n\ud83d\ude9a Env\u00edo r\u00e1pido en todo el mundo\ud83d\udd53<br \/>\n mantiene un pago seguro durante 3 a\u00f1os<br \/>\n\ud83d\udd10 Peso<\/p>\n<p>neto: 540g (6&#215;180)<\/p>\n","protected":false},"featured_media":64942,"comment_status":"closed","ping_status":"closed","template":"","meta":{"_iconic_wsb_product_page_order_bump_ids":[],"_sku":["3060000338739-1"],"_iconic_wsb_product_page_bump_modal_ids":[]},"product_brand":[],"product_cat":[1678],"product_tag":[1940,1952,1931,1665,1939,1933,1957,1958,1944,1942,1948],"giftcard-category":[],"class_list":{"0":"post-64940","1":"product","2":"type-product","3":"status-publish","4":"has-post-thumbnail","6":"product_cat-sets-de-regalo","7":"product_tag-buen-foie-gras","8":"product_tag-clasico","9":"product_tag-compra-foie-gras","10":"product_tag-fabricado-en-francia","11":"product_tag-foie-gras-con-armagnac","12":"product_tag-foie-gras-con-pimiento-espelette","13":"product_tag-foie-gras-simple","14":"product_tag-grqs-hepatica","15":"product_tag-manada","16":"product_tag-oferta","17":"product_tag-surtido","18":"product_shipping_class-estandar","20":"first","21":"instock","22":"sale","23":"taxable","24":"shipping-taxable","25":"purchasable","26":"product-type-simple"},"yoast_head":"<!-- This site is optimized with the Yoast SEO Premium plugin v27.3 (Yoast SEO v27.3) - https:\/\/yoast.com\/product\/yoast-seo-premium-wordpress\/ -->\n<title>Quintessence Box: Foie Gras y pechuga de pato ahumada | Relais Gourmet<\/title>\n<meta name=\"description\" content=\"La Quintessence Box re\u00fane Foie Gras y Pechuga de Pato Ahumada para una experiencia gourmet de alta gama.\" \/>\n<meta name=\"robots\" content=\"index, follow, max-snippet:-1, max-image-preview:large, max-video-preview:-1\" \/>\n<link rel=\"canonical\" href=\"https:\/\/relaisgourmet.com\/es\/producto\/conjunto-quintaesencia\/\" \/>\n<meta property=\"og:locale\" content=\"es_ES\" \/>\n<meta property=\"og:type\" content=\"article\" \/>\n<meta property=\"og:title\" content=\"Conjunto Quintaesencia\" \/>\n<meta property=\"og:description\" content=\"Una caja refinada para todas las ocasiones: perfecta para aperitivos improvisados con amigos o familia y sublime para tu pa\u00eds o picnics gourmet .  Producci\u00f3n 100% francesa \u2714 garantizada. Garantizada sin conservantes, aditivos ni colorantes. \ud83c\udf43 Patos alimentados con ma\u00edz amarillo \ud83d\ude9a Env\u00edo r\u00e1pido en todo el mundo\ud83d\udd53 mantiene un pago seguro durante 3 a\u00f1os \ud83d\udd10 Peso neto: 540g (6x180)\" \/>\n<meta property=\"og:url\" content=\"https:\/\/relaisgourmet.com\/es\/producto\/conjunto-quintaesencia\/\" \/>\n<meta property=\"og:site_name\" content=\"Relais Gourmet\" \/>\n<meta property=\"article:publisher\" content=\"https:\/\/www.facebook.com\/relaisgourmet\/\" \/>\n<meta property=\"article:modified_time\" content=\"2026-04-01T22:29:20+00:00\" \/>\n<meta property=\"og:image\" content=\"https:\/\/relaisgourmet.com\/wp-content\/uploads\/2026\/03\/Quintessence-x6.webp\" \/>\n\t<meta property=\"og:image:width\" content=\"1427\" \/>\n\t<meta property=\"og:image:height\" content=\"1427\" \/>\n\t<meta property=\"og:image:type\" content=\"image\/webp\" \/>\n<meta name=\"twitter:card\" content=\"summary_large_image\" \/>\n<meta name=\"twitter:site\" content=\"@relaisgourmet64\" \/>\n<meta name=\"twitter:label1\" content=\"Tiempo de lectura\" \/>\n\t<meta name=\"twitter:data1\" content=\"1 minuto\" \/>\n<script type=\"application\/ld+json\" class=\"yoast-schema-graph\">{\"@context\":\"https:\\\/\\\/schema.org\",\"@graph\":[{\"@type\":\"WebPage\",\"@id\":\"https:\\\/\\\/relaisgourmet.com\\\/es\\\/producto\\\/conjunto-quintaesencia\\\/\",\"url\":\"https:\\\/\\\/relaisgourmet.com\\\/es\\\/producto\\\/conjunto-quintaesencia\\\/\",\"name\":\"Quintessence Box: Foie Gras y pechuga de pato ahumada | Relais Gourmet\",\"isPartOf\":{\"@id\":\"https:\\\/\\\/relaisgourmet.com\\\/es\\\/#website\"},\"primaryImageOfPage\":{\"@id\":\"https:\\\/\\\/relaisgourmet.com\\\/es\\\/producto\\\/conjunto-quintaesencia\\\/#primaryimage\"},\"image\":{\"@id\":\"https:\\\/\\\/relaisgourmet.com\\\/es\\\/producto\\\/conjunto-quintaesencia\\\/#primaryimage\"},\"thumbnailUrl\":\"https:\\\/\\\/relaisgourmet.com\\\/wp-content\\\/uploads\\\/2026\\\/03\\\/Quintessence-x6.webp\",\"datePublished\":\"2026-03-10T12:26:59+00:00\",\"dateModified\":\"2026-04-01T22:29:20+00:00\",\"description\":\"La Quintessence Box re\u00fane Foie Gras y Pechuga de Pato Ahumada para una experiencia gourmet de alta gama.\",\"breadcrumb\":{\"@id\":\"https:\\\/\\\/relaisgourmet.com\\\/es\\\/producto\\\/conjunto-quintaesencia\\\/#breadcrumb\"},\"inLanguage\":\"es\",\"potentialAction\":[{\"@type\":\"ReadAction\",\"target\":[\"https:\\\/\\\/relaisgourmet.com\\\/es\\\/producto\\\/conjunto-quintaesencia\\\/\"]}]},{\"@type\":\"ImageObject\",\"inLanguage\":\"es\",\"@id\":\"https:\\\/\\\/relaisgourmet.com\\\/es\\\/producto\\\/conjunto-quintaesencia\\\/#primaryimage\",\"url\":\"https:\\\/\\\/relaisgourmet.com\\\/wp-content\\\/uploads\\\/2026\\\/03\\\/Quintessence-x6.webp\",\"contentUrl\":\"https:\\\/\\\/relaisgourmet.com\\\/wp-content\\\/uploads\\\/2026\\\/03\\\/Quintessence-x6.webp\",\"width\":1427,\"height\":1427},{\"@type\":\"BreadcrumbList\",\"@id\":\"https:\\\/\\\/relaisgourmet.com\\\/es\\\/producto\\\/conjunto-quintaesencia\\\/#breadcrumb\",\"itemListElement\":[{\"@type\":\"ListItem\",\"position\":1,\"name\":\"Inicio\",\"item\":\"https:\\\/\\\/relaisgourmet.com\\\/es\\\/inicio\\\/\"},{\"@type\":\"ListItem\",\"position\":2,\"name\":\"Todos nuestros productos\",\"item\":\"https:\\\/\\\/relaisgourmet.com\\\/es\\\/tienda\\\/\"},{\"@type\":\"ListItem\",\"position\":3,\"name\":\"Conjunto Quintaesencia\"}]},{\"@type\":\"WebSite\",\"@id\":\"https:\\\/\\\/relaisgourmet.com\\\/es\\\/#website\",\"url\":\"https:\\\/\\\/relaisgourmet.com\\\/es\\\/\",\"name\":\"Relais Gourmet\",\"description\":\"Foie Gras 100% Fran\u00e7ais\",\"publisher\":{\"@id\":\"https:\\\/\\\/relaisgourmet.com\\\/es\\\/#organization\"},\"potentialAction\":[{\"@type\":\"SearchAction\",\"target\":{\"@type\":\"EntryPoint\",\"urlTemplate\":\"https:\\\/\\\/relaisgourmet.com\\\/es\\\/?s={search_term_string}\"},\"query-input\":{\"@type\":\"PropertyValueSpecification\",\"valueRequired\":true,\"valueName\":\"search_term_string\"}}],\"inLanguage\":\"es\"},{\"@type\":\"Organization\",\"@id\":\"https:\\\/\\\/relaisgourmet.com\\\/es\\\/#organization\",\"name\":\"Relais Gourmet\",\"url\":\"https:\\\/\\\/relaisgourmet.com\\\/es\\\/\",\"logo\":{\"@type\":\"ImageObject\",\"inLanguage\":\"es\",\"@id\":\"https:\\\/\\\/relaisgourmet.com\\\/es\\\/#\\\/schema\\\/logo\\\/image\\\/\",\"url\":\"https:\\\/\\\/relaisgourmet.com\\\/wp-content\\\/uploads\\\/2026\\\/03\\\/yoast-logo-2-relais-gourmet-.png\",\"contentUrl\":\"https:\\\/\\\/relaisgourmet.com\\\/wp-content\\\/uploads\\\/2026\\\/03\\\/yoast-logo-2-relais-gourmet-.png\",\"width\":1200,\"height\":675,\"caption\":\"Relais Gourmet\"},\"image\":{\"@id\":\"https:\\\/\\\/relaisgourmet.com\\\/es\\\/#\\\/schema\\\/logo\\\/image\\\/\"},\"sameAs\":[\"https:\\\/\\\/www.facebook.com\\\/relaisgourmet\\\/\",\"https:\\\/\\\/x.com\\\/relaisgourmet64\",\"https:\\\/\\\/www.instagram.com\\\/relaisgourmetofficiel\",\"https:\\\/\\\/www.pinterest.fr\\\/relaisgourmet\\\/\"],\"email\":\"yaqueche@relaisgourmet.com\",\"telephone\":\"+33 0 5 40 07 07 65\",\"legalName\":\"Relais Gourmet\",\"vatID\":\"FR13482415015\",\"taxID\":\"482415015\"}]}<\/script>\n<!-- \/ Yoast SEO Premium plugin. -->","yoast_head_json":{"title":"Quintessence Box: Foie Gras y pechuga de pato ahumada | Relais Gourmet","description":"La Quintessence Box re\u00fane Foie Gras y Pechuga de Pato Ahumada para una experiencia gourmet de alta gama.","robots":{"index":"index","follow":"follow","max-snippet":"max-snippet:-1","max-image-preview":"max-image-preview:large","max-video-preview":"max-video-preview:-1"},"canonical":"https:\/\/relaisgourmet.com\/es\/producto\/conjunto-quintaesencia\/","og_locale":"es_ES","og_type":"article","og_title":"Conjunto Quintaesencia","og_description":"Una caja refinada para todas las ocasiones: perfecta para aperitivos improvisados con amigos o familia y sublime para tu pa\u00eds o picnics gourmet .  Producci\u00f3n 100% francesa \u2714 garantizada. Garantizada sin conservantes, aditivos ni colorantes. \ud83c\udf43 Patos alimentados con ma\u00edz amarillo \ud83d\ude9a Env\u00edo r\u00e1pido en todo el mundo\ud83d\udd53 mantiene un pago seguro durante 3 a\u00f1os \ud83d\udd10 Peso neto: 540g (6x180)","og_url":"https:\/\/relaisgourmet.com\/es\/producto\/conjunto-quintaesencia\/","og_site_name":"Relais Gourmet","article_publisher":"https:\/\/www.facebook.com\/relaisgourmet\/","article_modified_time":"2026-04-01T22:29:20+00:00","og_image":[{"width":1427,"height":1427,"url":"https:\/\/relaisgourmet.com\/wp-content\/uploads\/2026\/03\/Quintessence-x6.webp","type":"image\/webp"}],"twitter_card":"summary_large_image","twitter_site":"@relaisgourmet64","twitter_misc":{"Tiempo de lectura":"1 minuto"},"schema":{"@context":"https:\/\/schema.org","@graph":[{"@type":"WebPage","@id":"https:\/\/relaisgourmet.com\/es\/producto\/conjunto-quintaesencia\/","url":"https:\/\/relaisgourmet.com\/es\/producto\/conjunto-quintaesencia\/","name":"Quintessence Box: Foie Gras y pechuga de pato ahumada | Relais Gourmet","isPartOf":{"@id":"https:\/\/relaisgourmet.com\/es\/#website"},"primaryImageOfPage":{"@id":"https:\/\/relaisgourmet.com\/es\/producto\/conjunto-quintaesencia\/#primaryimage"},"image":{"@id":"https:\/\/relaisgourmet.com\/es\/producto\/conjunto-quintaesencia\/#primaryimage"},"thumbnailUrl":"https:\/\/relaisgourmet.com\/wp-content\/uploads\/2026\/03\/Quintessence-x6.webp","datePublished":"2026-03-10T12:26:59+00:00","dateModified":"2026-04-01T22:29:20+00:00","description":"La Quintessence Box re\u00fane Foie Gras y Pechuga de Pato Ahumada para una experiencia gourmet de alta gama.","breadcrumb":{"@id":"https:\/\/relaisgourmet.com\/es\/producto\/conjunto-quintaesencia\/#breadcrumb"},"inLanguage":"es","potentialAction":[{"@type":"ReadAction","target":["https:\/\/relaisgourmet.com\/es\/producto\/conjunto-quintaesencia\/"]}]},{"@type":"ImageObject","inLanguage":"es","@id":"https:\/\/relaisgourmet.com\/es\/producto\/conjunto-quintaesencia\/#primaryimage","url":"https:\/\/relaisgourmet.com\/wp-content\/uploads\/2026\/03\/Quintessence-x6.webp","contentUrl":"https:\/\/relaisgourmet.com\/wp-content\/uploads\/2026\/03\/Quintessence-x6.webp","width":1427,"height":1427},{"@type":"BreadcrumbList","@id":"https:\/\/relaisgourmet.com\/es\/producto\/conjunto-quintaesencia\/#breadcrumb","itemListElement":[{"@type":"ListItem","position":1,"name":"Inicio","item":"https:\/\/relaisgourmet.com\/es\/inicio\/"},{"@type":"ListItem","position":2,"name":"Todos nuestros productos","item":"https:\/\/relaisgourmet.com\/es\/tienda\/"},{"@type":"ListItem","position":3,"name":"Conjunto Quintaesencia"}]},{"@type":"WebSite","@id":"https:\/\/relaisgourmet.com\/es\/#website","url":"https:\/\/relaisgourmet.com\/es\/","name":"Relais Gourmet","description":"Foie Gras 100% Fran\u00e7ais","publisher":{"@id":"https:\/\/relaisgourmet.com\/es\/#organization"},"potentialAction":[{"@type":"SearchAction","target":{"@type":"EntryPoint","urlTemplate":"https:\/\/relaisgourmet.com\/es\/?s={search_term_string}"},"query-input":{"@type":"PropertyValueSpecification","valueRequired":true,"valueName":"search_term_string"}}],"inLanguage":"es"},{"@type":"Organization","@id":"https:\/\/relaisgourmet.com\/es\/#organization","name":"Relais Gourmet","url":"https:\/\/relaisgourmet.com\/es\/","logo":{"@type":"ImageObject","inLanguage":"es","@id":"https:\/\/relaisgourmet.com\/es\/#\/schema\/logo\/image\/","url":"https:\/\/relaisgourmet.com\/wp-content\/uploads\/2026\/03\/yoast-logo-2-relais-gourmet-.png","contentUrl":"https:\/\/relaisgourmet.com\/wp-content\/uploads\/2026\/03\/yoast-logo-2-relais-gourmet-.png","width":1200,"height":675,"caption":"Relais Gourmet"},"image":{"@id":"https:\/\/relaisgourmet.com\/es\/#\/schema\/logo\/image\/"},"sameAs":["https:\/\/www.facebook.com\/relaisgourmet\/","https:\/\/x.com\/relaisgourmet64","https:\/\/www.instagram.com\/relaisgourmetofficiel","https:\/\/www.pinterest.fr\/relaisgourmet\/"],"email":"yaqueche@relaisgourmet.com","telephone":"+33 0 5 40 07 07 65","legalName":"Relais Gourmet","vatID":"FR13482415015","taxID":"482415015"}]}},"_links":{"self":[{"href":"https:\/\/relaisgourmet.com\/es\/wp-json\/wp\/v2\/product\/64940","targetHints":{"allow":["GET"]}}],"collection":[{"href":"https:\/\/relaisgourmet.com\/es\/wp-json\/wp\/v2\/product"}],"about":[{"href":"https:\/\/relaisgourmet.com\/es\/wp-json\/wp\/v2\/types\/product"}],"replies":[{"embeddable":true,"href":"https:\/\/relaisgourmet.com\/es\/wp-json\/wp\/v2\/comments?post=64940"}],"wp:featuredmedia":[{"embeddable":true,"href":"https:\/\/relaisgourmet.com\/es\/wp-json\/wp\/v2\/media\/64942"}],"wp:attachment":[{"href":"https:\/\/relaisgourmet.com\/es\/wp-json\/wp\/v2\/media?parent=64940"}],"wp:term":[{"taxonomy":"product_brand","embeddable":true,"href":"https:\/\/relaisgourmet.com\/es\/wp-json\/wp\/v2\/product_brand?post=64940"},{"taxonomy":"product_cat","embeddable":true,"href":"https:\/\/relaisgourmet.com\/es\/wp-json\/wp\/v2\/product_cat?post=64940"},{"taxonomy":"product_tag","embeddable":true,"href":"https:\/\/relaisgourmet.com\/es\/wp-json\/wp\/v2\/product_tag?post=64940"},{"taxonomy":"giftcard-category","embeddable":true,"href":"https:\/\/relaisgourmet.com\/es\/wp-json\/wp\/v2\/giftcard-category?post=64940"}],"curies":[{"name":"wp","href":"https:\/\/api.w.org\/{rel}","templated":true}]}}