{"id":64938,"date":"2026-03-10T12:26:59","date_gmt":"2026-03-10T12:26:59","guid":{"rendered":"https:\/\/strange-jennings.213-136-85-46.plesk.page\/product\/iparla-box\/"},"modified":"2026-04-01T22:29:44","modified_gmt":"2026-04-01T22:29:44","slug":"iparla-box","status":"publish","type":"product","link":"https:\/\/relaisgourmet.com\/es\/producto\/iparla-box\/","title":{"rendered":"Iparla Box"},"content":{"rendered":"<h4><b>Descubre la Caja Iparla: la esencia del terroir en una Caja Gourmet<\/b><\/h4>\n<p><span style=\"font-weight: 400;\">La <\/span><b>Iparla Box<\/b><span style=\"font-weight: 400;\"> es una aut\u00e9ntica invitaci\u00f3n a descubrir los sabores aut\u00e9nticos de <strong>Relais Gourmet.<\/strong> <\/span> <\/p>\n<p>Esta caja es el acompa\u00f1amiento perfecto para el momento, tanto si preparas un aperitivo refinado como si disfrutas de una escapada gourmet.<\/p>\n<p><span style=\"font-weight: 400;\">Perfecto para ofrecer o disfrutar sin demora, \u00a1promete deleitar a todos los paladares!  <\/span><\/p>\n<p><span style=\"font-weight: 400;\">Esta caja refleja toda la artesan\u00eda y calidad de los productos vascos.<\/span><\/p>\n<p>La Caja de Iparla est\u00e1 <strong> garantizada sin conservantes, colorantes ni aditivos.<\/strong><\/p>\n<h4><b>Composici\u00f3n:<\/b><\/h4>\n<ul>\n<li style=\"font-weight: 400;\" aria-level=\"1\"><b>Foie Gras entero simple (400 g):<\/b> <span style=\"font-weight: 400;\">este foie gras es un aut\u00e9ntico imprescindible para las mesas gastron\u00f3micas, respetando las recetas tradicionales que revelan toda la finura del foie gras entero.<\/span><\/li>\n<li style=\"font-weight: 400;\" aria-level=\"1\"><b>Foie Gras entero con armagnac (400 g):<\/b> <span style=\"font-weight: 400;\">la combinaci\u00f3n perfecta entre la riqueza del foie gras y las sutiles notas del armagnac, ofreciendo un sabor refinado e inolvidable.<\/span><\/li>\n<li style=\"font-weight: 400;\" aria-level=\"1\"><b>Foie Gras entero con trufa negra (200 g):<\/b> <span style=\"font-weight: 400;\">la trufa negra aporta una dimensi\u00f3n lujosa y arom\u00e1tica al foie gras, para un placer gustativo inigualable.<\/span><\/li>\n<li aria-level=\"1\"><span style=\"font-weight: 400;\"><b>Botella de champ\u00e1n (750 ml):<\/b> no hay nada como una copa de champ\u00e1n para acompa\u00f1ar estos platos excepcionales. Ser\u00e1 un acompa\u00f1amiento maravilloso para vuestras comidas festivas. <\/span><\/li>\n<li aria-level=\"1\"><strong>Una lira de foie gras (10 g):<\/strong> permite cortar delicadamente el foie gras en rodajas perfectas, combinando precisi\u00f3n y elegancia.<\/li>\n<li aria-level=\"1\"><strong>Un cuchillo para foie gras (10 g):<\/strong> Est\u00e1 dise\u00f1ado para cortar foie gras con finura y precisi\u00f3n, gracias a su hoja fina que evita aplastar la textura delicada.<\/li>\n<\/ul>\n<p>&nbsp;<\/p>\n<h4><b>Consejos de conservaci\u00f3n y degustaci\u00f3n :<\/b><\/h4>\n<p><span style=\"font-weight: 400;\">La <\/span><b>Caja Iparla<\/b><span style=\"font-weight: 400;\"> puede conservarse durante 3 a\u00f1os a temperatura ambiente. <\/span> <\/p>\n<p>Tras abrirlos, se recomienda consumir los productos en un plazo de 15 d\u00edas y almacenarlos en la nevera.<\/p>\n<p><b>Consejos para disfrutar de tu Juego de Regalo Iparla<\/b><\/p>\n<p><span style=\"font-weight: 400;\">Encuentra todos nuestros consejos de preparaci\u00f3n en nuestro <a href=\"https:\/\/epic-varahamihira.207-180-195-93.plesk.page\/blog-foies-gras-actualite\/\">blog<\/a> y <a href=\"https:\/\/www.instagram.com\/relaisgourmetofficiel\/\">en nuestra p\u00e1gina de Instagram<\/a>.  <\/span><\/p>\n<p><span style=\"font-weight: 400;\">El <\/span><b>Iparla Gift<\/b><span style=\"font-weight: 400;\"> Set es el regalo perfecto para cualquier ocasi\u00f3n. <\/span> <\/p>\n<p><span style=\"font-weight: 400;\">Ya sea<\/span>con familia o amigos, esta caja combina tradici\u00f3n y refinamiento para un momento gourmet.<\/p>\n","protected":false},"excerpt":{"rendered":"<p>Descubre la <strong>Iparla Box<\/strong> de Relais Gourmet, una composici\u00f3n sabrosa dise\u00f1ada para realzar cada momento.<\/p>\n<p><img decoding=\"async\" class=\"emoji\" role=\"img\" src=\"https:\/\/s.w.org\/images\/core\/emoji\/15.0.3\/svg\/1f1eb-1f1f7.svg\" alt=\"\ud83c\uddeb\ud83c\uddf7\">  Garantizado 100% producci\u00f3n francesa<br \/>\n\u2714 Garantizado sin conservantes, aditivos ni colorantes.<br \/>\n\ud83c\udf43 Patos alimentados con ma\u00edz amarillo<br \/>\n\ud83d\ude9a Entrega r\u00e1pida en todo el mundo<br \/>\n\ud83d\udd53 Se conserva 3 a\u00f1os<br \/>\n\ud83d\udd10 Pago seguro<\/p>\n<div class=\"woocommerce-product-details__short-description\">\n<p>Peso neto: 1,77 kg<\/p>\n<\/div>\n","protected":false},"featured_media":64939,"comment_status":"closed","ping_status":"closed","template":"","meta":{"_iconic_wsb_product_page_order_bump_ids":[],"_sku":["3110000346804-6"],"_iconic_wsb_product_page_bump_modal_ids":[]},"product_brand":[],"product_cat":[1678],"product_tag":[1665],"giftcard-category":[],"class_list":{"0":"post-64938","1":"product","2":"type-product","3":"status-publish","4":"has-post-thumbnail","6":"product_cat-sets-de-regalo","7":"product_tag-fabricado-en-francia","9":"first","10":"instock","11":"taxable","12":"shipping-taxable","13":"purchasable","14":"product-type-simple"},"yoast_head":"<!-- This site is optimized with the Yoast SEO Premium plugin v27.3 (Yoast SEO v27.3) - https:\/\/yoast.com\/product\/yoast-seo-premium-wordpress\/ -->\n<title>Iparla Box: Foie Gras y especialidades vascas | Relais Gourmet<\/title>\n<meta name=\"description\" content=\"The Iparla Box te invita a explorar lo mejor de nuestro terru\u00f1o con productos excepcionales para ofrecer o para darte un capricho\" \/>\n<meta name=\"robots\" content=\"index, follow, max-snippet:-1, max-image-preview:large, max-video-preview:-1\" \/>\n<link rel=\"canonical\" href=\"https:\/\/relaisgourmet.com\/es\/producto\/iparla-box\/\" \/>\n<meta property=\"og:locale\" content=\"es_ES\" \/>\n<meta property=\"og:type\" content=\"article\" \/>\n<meta property=\"og:title\" content=\"Iparla Box\" \/>\n<meta property=\"og:description\" content=\"Descubre la Iparla Box de Relais Gourmet, una composici\u00f3n sabrosa dise\u00f1ada para realzar cada momento.  Garantizado 100% producci\u00f3n francesa \u2714 Garantizado sin conservantes, aditivos ni colorantes. \ud83c\udf43 Patos alimentados con ma\u00edz amarillo \ud83d\ude9a Entrega r\u00e1pida en todo el mundo \ud83d\udd53 Se conserva 3 a\u00f1os \ud83d\udd10 Pago seguro  Peso neto: 1,77 kg\" \/>\n<meta property=\"og:url\" content=\"https:\/\/relaisgourmet.com\/es\/producto\/iparla-box\/\" \/>\n<meta property=\"og:site_name\" content=\"Relais Gourmet\" \/>\n<meta property=\"article:publisher\" content=\"https:\/\/www.facebook.com\/relaisgourmet\/\" \/>\n<meta property=\"article:modified_time\" content=\"2026-04-01T22:29:44+00:00\" \/>\n<meta property=\"og:image\" content=\"https:\/\/relaisgourmet.com\/wp-content\/uploads\/2026\/03\/Iparla.webp\" \/>\n\t<meta property=\"og:image:width\" content=\"1583\" \/>\n\t<meta property=\"og:image:height\" content=\"1583\" \/>\n\t<meta property=\"og:image:type\" content=\"image\/webp\" \/>\n<meta name=\"twitter:card\" content=\"summary_large_image\" \/>\n<meta name=\"twitter:site\" content=\"@relaisgourmet64\" \/>\n<meta name=\"twitter:label1\" content=\"Tiempo de lectura\" \/>\n\t<meta name=\"twitter:data1\" content=\"2 minuto\" \/>\n<script type=\"application\/ld+json\" class=\"yoast-schema-graph\">{\"@context\":\"https:\\\/\\\/schema.org\",\"@graph\":[{\"@type\":\"WebPage\",\"@id\":\"https:\\\/\\\/relaisgourmet.com\\\/es\\\/producto\\\/iparla-box\\\/\",\"url\":\"https:\\\/\\\/relaisgourmet.com\\\/es\\\/producto\\\/iparla-box\\\/\",\"name\":\"Iparla Box: Foie Gras y especialidades vascas | Relais Gourmet\",\"isPartOf\":{\"@id\":\"https:\\\/\\\/relaisgourmet.com\\\/es\\\/#website\"},\"primaryImageOfPage\":{\"@id\":\"https:\\\/\\\/relaisgourmet.com\\\/es\\\/producto\\\/iparla-box\\\/#primaryimage\"},\"image\":{\"@id\":\"https:\\\/\\\/relaisgourmet.com\\\/es\\\/producto\\\/iparla-box\\\/#primaryimage\"},\"thumbnailUrl\":\"https:\\\/\\\/relaisgourmet.com\\\/wp-content\\\/uploads\\\/2026\\\/03\\\/Iparla.webp\",\"datePublished\":\"2026-03-10T12:26:59+00:00\",\"dateModified\":\"2026-04-01T22:29:44+00:00\",\"description\":\"The Iparla Box te invita a explorar lo mejor de nuestro terru\u00f1o con productos excepcionales para ofrecer o para darte un capricho\",\"breadcrumb\":{\"@id\":\"https:\\\/\\\/relaisgourmet.com\\\/es\\\/producto\\\/iparla-box\\\/#breadcrumb\"},\"inLanguage\":\"es\",\"potentialAction\":[{\"@type\":\"ReadAction\",\"target\":[\"https:\\\/\\\/relaisgourmet.com\\\/es\\\/producto\\\/iparla-box\\\/\"]}]},{\"@type\":\"ImageObject\",\"inLanguage\":\"es\",\"@id\":\"https:\\\/\\\/relaisgourmet.com\\\/es\\\/producto\\\/iparla-box\\\/#primaryimage\",\"url\":\"https:\\\/\\\/relaisgourmet.com\\\/wp-content\\\/uploads\\\/2026\\\/03\\\/Iparla.webp\",\"contentUrl\":\"https:\\\/\\\/relaisgourmet.com\\\/wp-content\\\/uploads\\\/2026\\\/03\\\/Iparla.webp\",\"width\":1583,\"height\":1583},{\"@type\":\"BreadcrumbList\",\"@id\":\"https:\\\/\\\/relaisgourmet.com\\\/es\\\/producto\\\/iparla-box\\\/#breadcrumb\",\"itemListElement\":[{\"@type\":\"ListItem\",\"position\":1,\"name\":\"Inicio\",\"item\":\"https:\\\/\\\/relaisgourmet.com\\\/es\\\/inicio\\\/\"},{\"@type\":\"ListItem\",\"position\":2,\"name\":\"Todos nuestros productos\",\"item\":\"https:\\\/\\\/relaisgourmet.com\\\/es\\\/tienda\\\/\"},{\"@type\":\"ListItem\",\"position\":3,\"name\":\"Iparla Box\"}]},{\"@type\":\"WebSite\",\"@id\":\"https:\\\/\\\/relaisgourmet.com\\\/es\\\/#website\",\"url\":\"https:\\\/\\\/relaisgourmet.com\\\/es\\\/\",\"name\":\"Relais Gourmet\",\"description\":\"Foie Gras 100% Fran\u00e7ais\",\"publisher\":{\"@id\":\"https:\\\/\\\/relaisgourmet.com\\\/es\\\/#organization\"},\"potentialAction\":[{\"@type\":\"SearchAction\",\"target\":{\"@type\":\"EntryPoint\",\"urlTemplate\":\"https:\\\/\\\/relaisgourmet.com\\\/es\\\/?s={search_term_string}\"},\"query-input\":{\"@type\":\"PropertyValueSpecification\",\"valueRequired\":true,\"valueName\":\"search_term_string\"}}],\"inLanguage\":\"es\"},{\"@type\":\"Organization\",\"@id\":\"https:\\\/\\\/relaisgourmet.com\\\/es\\\/#organization\",\"name\":\"Relais Gourmet\",\"url\":\"https:\\\/\\\/relaisgourmet.com\\\/es\\\/\",\"logo\":{\"@type\":\"ImageObject\",\"inLanguage\":\"es\",\"@id\":\"https:\\\/\\\/relaisgourmet.com\\\/es\\\/#\\\/schema\\\/logo\\\/image\\\/\",\"url\":\"https:\\\/\\\/relaisgourmet.com\\\/wp-content\\\/uploads\\\/2026\\\/03\\\/yoast-logo-2-relais-gourmet-.png\",\"contentUrl\":\"https:\\\/\\\/relaisgourmet.com\\\/wp-content\\\/uploads\\\/2026\\\/03\\\/yoast-logo-2-relais-gourmet-.png\",\"width\":1200,\"height\":675,\"caption\":\"Relais Gourmet\"},\"image\":{\"@id\":\"https:\\\/\\\/relaisgourmet.com\\\/es\\\/#\\\/schema\\\/logo\\\/image\\\/\"},\"sameAs\":[\"https:\\\/\\\/www.facebook.com\\\/relaisgourmet\\\/\",\"https:\\\/\\\/x.com\\\/relaisgourmet64\",\"https:\\\/\\\/www.instagram.com\\\/relaisgourmetofficiel\",\"https:\\\/\\\/www.pinterest.fr\\\/relaisgourmet\\\/\"],\"email\":\"yaqueche@relaisgourmet.com\",\"telephone\":\"+33 0 5 40 07 07 65\",\"legalName\":\"Relais Gourmet\",\"vatID\":\"FR13482415015\",\"taxID\":\"482415015\"}]}<\/script>\n<!-- \/ Yoast SEO Premium plugin. -->","yoast_head_json":{"title":"Iparla Box: Foie Gras y especialidades vascas | Relais Gourmet","description":"The Iparla Box te invita a explorar lo mejor de nuestro terru\u00f1o con productos excepcionales para ofrecer o para darte un capricho","robots":{"index":"index","follow":"follow","max-snippet":"max-snippet:-1","max-image-preview":"max-image-preview:large","max-video-preview":"max-video-preview:-1"},"canonical":"https:\/\/relaisgourmet.com\/es\/producto\/iparla-box\/","og_locale":"es_ES","og_type":"article","og_title":"Iparla Box","og_description":"Descubre la Iparla Box de Relais Gourmet, una composici\u00f3n sabrosa dise\u00f1ada para realzar cada momento.  Garantizado 100% producci\u00f3n francesa \u2714 Garantizado sin conservantes, aditivos ni colorantes. \ud83c\udf43 Patos alimentados con ma\u00edz amarillo \ud83d\ude9a Entrega r\u00e1pida en todo el mundo \ud83d\udd53 Se conserva 3 a\u00f1os \ud83d\udd10 Pago seguro  Peso neto: 1,77 kg","og_url":"https:\/\/relaisgourmet.com\/es\/producto\/iparla-box\/","og_site_name":"Relais Gourmet","article_publisher":"https:\/\/www.facebook.com\/relaisgourmet\/","article_modified_time":"2026-04-01T22:29:44+00:00","og_image":[{"width":1583,"height":1583,"url":"https:\/\/relaisgourmet.com\/wp-content\/uploads\/2026\/03\/Iparla.webp","type":"image\/webp"}],"twitter_card":"summary_large_image","twitter_site":"@relaisgourmet64","twitter_misc":{"Tiempo de lectura":"2 minuto"},"schema":{"@context":"https:\/\/schema.org","@graph":[{"@type":"WebPage","@id":"https:\/\/relaisgourmet.com\/es\/producto\/iparla-box\/","url":"https:\/\/relaisgourmet.com\/es\/producto\/iparla-box\/","name":"Iparla Box: Foie Gras y especialidades vascas | Relais Gourmet","isPartOf":{"@id":"https:\/\/relaisgourmet.com\/es\/#website"},"primaryImageOfPage":{"@id":"https:\/\/relaisgourmet.com\/es\/producto\/iparla-box\/#primaryimage"},"image":{"@id":"https:\/\/relaisgourmet.com\/es\/producto\/iparla-box\/#primaryimage"},"thumbnailUrl":"https:\/\/relaisgourmet.com\/wp-content\/uploads\/2026\/03\/Iparla.webp","datePublished":"2026-03-10T12:26:59+00:00","dateModified":"2026-04-01T22:29:44+00:00","description":"The Iparla Box te invita a explorar lo mejor de nuestro terru\u00f1o con productos excepcionales para ofrecer o para darte un capricho","breadcrumb":{"@id":"https:\/\/relaisgourmet.com\/es\/producto\/iparla-box\/#breadcrumb"},"inLanguage":"es","potentialAction":[{"@type":"ReadAction","target":["https:\/\/relaisgourmet.com\/es\/producto\/iparla-box\/"]}]},{"@type":"ImageObject","inLanguage":"es","@id":"https:\/\/relaisgourmet.com\/es\/producto\/iparla-box\/#primaryimage","url":"https:\/\/relaisgourmet.com\/wp-content\/uploads\/2026\/03\/Iparla.webp","contentUrl":"https:\/\/relaisgourmet.com\/wp-content\/uploads\/2026\/03\/Iparla.webp","width":1583,"height":1583},{"@type":"BreadcrumbList","@id":"https:\/\/relaisgourmet.com\/es\/producto\/iparla-box\/#breadcrumb","itemListElement":[{"@type":"ListItem","position":1,"name":"Inicio","item":"https:\/\/relaisgourmet.com\/es\/inicio\/"},{"@type":"ListItem","position":2,"name":"Todos nuestros productos","item":"https:\/\/relaisgourmet.com\/es\/tienda\/"},{"@type":"ListItem","position":3,"name":"Iparla Box"}]},{"@type":"WebSite","@id":"https:\/\/relaisgourmet.com\/es\/#website","url":"https:\/\/relaisgourmet.com\/es\/","name":"Relais Gourmet","description":"Foie Gras 100% Fran\u00e7ais","publisher":{"@id":"https:\/\/relaisgourmet.com\/es\/#organization"},"potentialAction":[{"@type":"SearchAction","target":{"@type":"EntryPoint","urlTemplate":"https:\/\/relaisgourmet.com\/es\/?s={search_term_string}"},"query-input":{"@type":"PropertyValueSpecification","valueRequired":true,"valueName":"search_term_string"}}],"inLanguage":"es"},{"@type":"Organization","@id":"https:\/\/relaisgourmet.com\/es\/#organization","name":"Relais Gourmet","url":"https:\/\/relaisgourmet.com\/es\/","logo":{"@type":"ImageObject","inLanguage":"es","@id":"https:\/\/relaisgourmet.com\/es\/#\/schema\/logo\/image\/","url":"https:\/\/relaisgourmet.com\/wp-content\/uploads\/2026\/03\/yoast-logo-2-relais-gourmet-.png","contentUrl":"https:\/\/relaisgourmet.com\/wp-content\/uploads\/2026\/03\/yoast-logo-2-relais-gourmet-.png","width":1200,"height":675,"caption":"Relais Gourmet"},"image":{"@id":"https:\/\/relaisgourmet.com\/es\/#\/schema\/logo\/image\/"},"sameAs":["https:\/\/www.facebook.com\/relaisgourmet\/","https:\/\/x.com\/relaisgourmet64","https:\/\/www.instagram.com\/relaisgourmetofficiel","https:\/\/www.pinterest.fr\/relaisgourmet\/"],"email":"yaqueche@relaisgourmet.com","telephone":"+33 0 5 40 07 07 65","legalName":"Relais Gourmet","vatID":"FR13482415015","taxID":"482415015"}]}},"_links":{"self":[{"href":"https:\/\/relaisgourmet.com\/es\/wp-json\/wp\/v2\/product\/64938","targetHints":{"allow":["GET"]}}],"collection":[{"href":"https:\/\/relaisgourmet.com\/es\/wp-json\/wp\/v2\/product"}],"about":[{"href":"https:\/\/relaisgourmet.com\/es\/wp-json\/wp\/v2\/types\/product"}],"replies":[{"embeddable":true,"href":"https:\/\/relaisgourmet.com\/es\/wp-json\/wp\/v2\/comments?post=64938"}],"wp:featuredmedia":[{"embeddable":true,"href":"https:\/\/relaisgourmet.com\/es\/wp-json\/wp\/v2\/media\/64939"}],"wp:attachment":[{"href":"https:\/\/relaisgourmet.com\/es\/wp-json\/wp\/v2\/media?parent=64938"}],"wp:term":[{"taxonomy":"product_brand","embeddable":true,"href":"https:\/\/relaisgourmet.com\/es\/wp-json\/wp\/v2\/product_brand?post=64938"},{"taxonomy":"product_cat","embeddable":true,"href":"https:\/\/relaisgourmet.com\/es\/wp-json\/wp\/v2\/product_cat?post=64938"},{"taxonomy":"product_tag","embeddable":true,"href":"https:\/\/relaisgourmet.com\/es\/wp-json\/wp\/v2\/product_tag?post=64938"},{"taxonomy":"giftcard-category","embeddable":true,"href":"https:\/\/relaisgourmet.com\/es\/wp-json\/wp\/v2\/giftcard-category?post=64938"}],"curies":[{"name":"wp","href":"https:\/\/api.w.org\/{rel}","templated":true}]}}