{"id":64889,"date":"2026-03-10T12:25:15","date_gmt":"2026-03-10T12:25:15","guid":{"rendered":"https:\/\/strange-jennings.213-136-85-46.plesk.page\/product\/caja-gaztelu\/"},"modified":"2026-04-01T22:27:57","modified_gmt":"2026-04-01T22:27:57","slug":"caja-gaztelu","status":"publish","type":"product","link":"https:\/\/relaisgourmet.com\/es\/producto\/caja-gaztelu\/","title":{"rendered":"Caja Gaztelu"},"content":{"rendered":"<h4><strong>Descubre la caja Gaztelu: la combinaci\u00f3n perfecta de refinamiento y autenticidad<\/strong><\/h4>\n<p><span style=\"font-weight: 400;\">La <\/span><b>Caja Gaztelu<\/b><span style=\"font-weight: 400;\"> es una aut\u00e9ntica invitaci\u00f3n a descubrir la excelencia de Relais Gourmet a trav\u00e9s de una selecci\u00f3n de productos excepcionales. <\/span> <\/p>\n<p><span style=\"font-weight: 400;\">Esta caja gourmet es la elecci\u00f3n perfecta para todos tus deseos gourmet.<\/span><\/p>\n<p><span style=\"font-weight: 400;\">Ofrecer o recibir la <\/span><b>Caja Gaztelu<\/b><span style=\"font-weight: 400;\"> siempre es sin\u00f3nimo de placer, pero tambi\u00e9n de momentos gourmet inolvidables. <\/span> <\/p>\n<p><span style=\"font-weight: 400;\"><b>La Caja Gaztelu<\/b> destaca no solo por su calidad, sino tambi\u00e9n por su compromiso con la oferta de productos naturales y aut\u00e9nticos. <\/span><\/p>\n<p>La caja Gaztelu est\u00e1<b> garantizada libre de conservantes, colorantes ni aditivos<\/b><\/p>\n<p>&nbsp;<\/p>\n<h4><b>Composici\u00f3n:  <\/b><\/h4>\n<ul>\n<li style=\"font-weight: 400;\" aria-level=\"1\"><b>Foie Gras integral simple (200 g):<\/b><span style=\"font-weight: 400;\"> un producto tradicional y refinado, ideal para todos los amantes del foie gras.<\/span><\/li>\n<li style=\"font-weight: 400;\" aria-level=\"1\"><b>Foie Gras entero con pimiento espelette (180 g):<\/b><span style=\"font-weight: 400;\"> para los amantes de las sensaciones picantes.<\/span><\/li>\n<li style=\"font-weight: 400;\" aria-level=\"1\"><b>Foie Gras entero con Sauternes (200 g):<\/b><span style=\"font-weight: 400;\"> un toque delicado y sutil.<\/span><\/li>\n<li style=\"font-weight: 400;\" aria-level=\"1\"><b>Foie Gras entero con Armagnac (200 g):<\/b><span style=\"font-weight: 400;\"> uni\u00f3n perfecta entre la riqueza del Foie Gras y las sutiles notas del \u00c1rmagnac.<\/span><\/li>\n<li style=\"font-weight: 400;\" aria-level=\"1\"><b>Botella de champ\u00e1n (750 ml):<\/b><span style=\"font-weight: 400;\"> esta caja no est\u00e1 completa sin una botella de champ\u00e1n. Elegimos esta cuv\u00e9e especial para acompa\u00f1ar los sabores del foie gras.<\/span><\/li>\n<\/ul>\n<p>&nbsp;<\/p>\n<h4><b>Consejos de conservaci\u00f3n y degustaci\u00f3n:<\/b><\/h4>\n<p><span style=\"font-weight: 400;\">La <\/span><b>caja Gaztelu<\/b><span style=\"font-weight: 400;\"> puede almacenarse durante 3 a\u00f1os a temperatura ambiente, lo que la convierte en un regalo duradero para cualquier ocasi\u00f3n. <\/span> <\/p>\n<p><span style=\"font-weight: 400;\">Una vez abiertos, aseg\u00farate de consumir los productos en un plazo de 15 d\u00edas y gu\u00e1rdalos en la nevera para garantizar su frescura.<\/span><\/p>\n<p><b>Consejos para sacar el m\u00e1ximo partido a tu Caja Gaztelu:<\/b><\/p>\n<p><span style=\"font-weight: 400;\">Relais Gourmet te ofrece consejos y trucos valiosos en la secci\u00f3n <a href=\"https:\/\/epic-varahamihira.207-180-195-93.plesk.page\/blog-foies-gras-actualite\/\">de Blogs<\/a>.  <\/span><\/p>\n<p><span style=\"font-weight: 400;\">Encontrar\u00e1s ideas inspiradoras para mejorar cada producto.<\/span><\/p>\n<p><span style=\"font-weight: 400;\">La <\/span><b>Caja Gaztelu<\/b><span style=\"font-weight: 400;\"> es un regalo perfecto para los amantes de la comida, ya sea para una celebraci\u00f3n especial, una comida familiar o un evento de negocios. <\/span> <\/p>\n<p><span style=\"font-weight: 400;\">Por \u00faltimo, no olvides seguir <strong>a Relais Gourmet<\/strong> en <a href=\"https:\/\/www.instagram.com\/relaisgourmetofficiel\/\">Instagram para<\/a> descubrir otras ideas y exclusivas de nuestras novedades gastron\u00f3micas.<\/span><\/p>\n","protected":false},"excerpt":{"rendered":"<p>Descubre la <b>Caja Gaztelu<\/b> de Relais Gourmet, una selecci\u00f3n refinada para enriquecer todos tus momentos gourmet. Perfecta para un aperitivo con amigos, una escapada gastron\u00f3mica o un placer compartir, esta caja es una idea de regalo ideal o una invitaci\u00f3n deliciosa para darte un capricho en cualquier momento. <\/p>\n<p><img decoding=\"async\" class=\"emoji\" role=\"img\" src=\"https:\/\/s.w.org\/images\/core\/emoji\/15.0.3\/svg\/1f1eb-1f1f7.svg\" alt=\"\ud83c\uddeb\ud83c\uddf7\">  Garantizado 100% producci\u00f3n francesa<br \/>\n\u2714 Garantizado sin conservantes, aditivos ni colorantes.<br \/>\n\ud83c\udf43 Patos alimentados con ma\u00edz amarillo<br \/>\n\ud83d\ude9a Entrega r\u00e1pida en todo el mundo<br \/>\n\ud83d\udd53 Se conserva 3 a\u00f1os<br \/>\n\ud83d\udd10 Pago seguro<\/p>\n<div>\n<p>Peso neto: 1,53 kg<\/p>\n<p>&nbsp;<\/p>\n<\/div>\n","protected":false},"featured_media":64890,"comment_status":"closed","ping_status":"closed","template":"","meta":{"_iconic_wsb_product_page_order_bump_ids":[],"_sku":["3460000339451"],"_iconic_wsb_product_page_bump_modal_ids":[]},"product_brand":[],"product_cat":[1678],"product_tag":[1665],"giftcard-category":[],"class_list":{"0":"post-64889","1":"product","2":"type-product","3":"status-publish","4":"has-post-thumbnail","6":"product_cat-sets-de-regalo","7":"product_tag-fabricado-en-francia","8":"product_shipping_class-estandar","10":"first","11":"instock","12":"taxable","13":"shipping-taxable","14":"purchasable","15":"product-type-simple"},"yoast_head":"<!-- This site is optimized with the Yoast SEO Premium plugin v27.3 (Yoast SEO v27.3) - https:\/\/yoast.com\/product\/yoast-seo-premium-wordpress\/ -->\n<title>Caja Gaztelu: Foie Gras gourmet y champ\u00e1n | Relais Gourmet<\/title>\n<meta name=\"description\" content=\"Descubre la Caja Gaztelu, un compendio de delicias artesanales del suroeste.\" \/>\n<meta name=\"robots\" content=\"index, follow, max-snippet:-1, max-image-preview:large, max-video-preview:-1\" \/>\n<link rel=\"canonical\" href=\"https:\/\/relaisgourmet.com\/es\/producto\/caja-gaztelu\/\" \/>\n<meta property=\"og:locale\" content=\"es_ES\" \/>\n<meta property=\"og:type\" content=\"article\" \/>\n<meta property=\"og:title\" content=\"Caja Gaztelu\" \/>\n<meta property=\"og:description\" content=\"Descubre la Caja Gaztelu de Relais Gourmet, una selecci\u00f3n refinada para enriquecer todos tus momentos gourmet. Perfecta para un aperitivo con amigos, una escapada gastron\u00f3mica o un placer compartir, esta caja es una idea de regalo ideal o una invitaci\u00f3n deliciosa para darte un capricho en cualquier momento.   Garantizado 100% producci\u00f3n francesa \u2714 Garantizado sin conservantes, aditivos ni colorantes. \ud83c\udf43 Patos alimentados con ma\u00edz amarillo \ud83d\ude9a Entrega r\u00e1pida en todo el mundo \ud83d\udd53 Se conserva 3 a\u00f1os \ud83d\udd10 Pago seguro  Peso neto: 1,53 kg &nbsp;\" \/>\n<meta property=\"og:url\" content=\"https:\/\/relaisgourmet.com\/es\/producto\/caja-gaztelu\/\" \/>\n<meta property=\"og:site_name\" content=\"Relais Gourmet\" \/>\n<meta property=\"article:publisher\" content=\"https:\/\/www.facebook.com\/relaisgourmet\/\" \/>\n<meta property=\"article:modified_time\" content=\"2026-04-01T22:27:57+00:00\" \/>\n<meta property=\"og:image\" content=\"https:\/\/relaisgourmet.com\/wp-content\/uploads\/2026\/03\/Gaztelu.jpg\" \/>\n\t<meta property=\"og:image:width\" content=\"1427\" \/>\n\t<meta property=\"og:image:height\" content=\"1427\" \/>\n\t<meta property=\"og:image:type\" content=\"image\/jpeg\" \/>\n<meta name=\"twitter:card\" content=\"summary_large_image\" \/>\n<meta name=\"twitter:site\" content=\"@relaisgourmet64\" \/>\n<meta name=\"twitter:label1\" content=\"Tiempo de lectura\" \/>\n\t<meta name=\"twitter:data1\" content=\"2 minuto\" \/>\n<script type=\"application\/ld+json\" class=\"yoast-schema-graph\">{\"@context\":\"https:\\\/\\\/schema.org\",\"@graph\":[{\"@type\":\"WebPage\",\"@id\":\"https:\\\/\\\/relaisgourmet.com\\\/es\\\/producto\\\/caja-gaztelu\\\/\",\"url\":\"https:\\\/\\\/relaisgourmet.com\\\/es\\\/producto\\\/caja-gaztelu\\\/\",\"name\":\"Caja Gaztelu: Foie Gras gourmet y champ\u00e1n | Relais Gourmet\",\"isPartOf\":{\"@id\":\"https:\\\/\\\/relaisgourmet.com\\\/es\\\/#website\"},\"primaryImageOfPage\":{\"@id\":\"https:\\\/\\\/relaisgourmet.com\\\/es\\\/producto\\\/caja-gaztelu\\\/#primaryimage\"},\"image\":{\"@id\":\"https:\\\/\\\/relaisgourmet.com\\\/es\\\/producto\\\/caja-gaztelu\\\/#primaryimage\"},\"thumbnailUrl\":\"https:\\\/\\\/relaisgourmet.com\\\/wp-content\\\/uploads\\\/2026\\\/03\\\/Gaztelu.jpg\",\"datePublished\":\"2026-03-10T12:25:15+00:00\",\"dateModified\":\"2026-04-01T22:27:57+00:00\",\"description\":\"Descubre la Caja Gaztelu, un compendio de delicias artesanales del suroeste.\",\"breadcrumb\":{\"@id\":\"https:\\\/\\\/relaisgourmet.com\\\/es\\\/producto\\\/caja-gaztelu\\\/#breadcrumb\"},\"inLanguage\":\"es\",\"potentialAction\":[{\"@type\":\"ReadAction\",\"target\":[\"https:\\\/\\\/relaisgourmet.com\\\/es\\\/producto\\\/caja-gaztelu\\\/\"]}]},{\"@type\":\"ImageObject\",\"inLanguage\":\"es\",\"@id\":\"https:\\\/\\\/relaisgourmet.com\\\/es\\\/producto\\\/caja-gaztelu\\\/#primaryimage\",\"url\":\"https:\\\/\\\/relaisgourmet.com\\\/wp-content\\\/uploads\\\/2026\\\/03\\\/Gaztelu.jpg\",\"contentUrl\":\"https:\\\/\\\/relaisgourmet.com\\\/wp-content\\\/uploads\\\/2026\\\/03\\\/Gaztelu.jpg\",\"width\":1427,\"height\":1427},{\"@type\":\"BreadcrumbList\",\"@id\":\"https:\\\/\\\/relaisgourmet.com\\\/es\\\/producto\\\/caja-gaztelu\\\/#breadcrumb\",\"itemListElement\":[{\"@type\":\"ListItem\",\"position\":1,\"name\":\"Inicio\",\"item\":\"https:\\\/\\\/relaisgourmet.com\\\/es\\\/inicio\\\/\"},{\"@type\":\"ListItem\",\"position\":2,\"name\":\"Todos nuestros productos\",\"item\":\"https:\\\/\\\/relaisgourmet.com\\\/es\\\/tienda\\\/\"},{\"@type\":\"ListItem\",\"position\":3,\"name\":\"Caja Gaztelu\"}]},{\"@type\":\"WebSite\",\"@id\":\"https:\\\/\\\/relaisgourmet.com\\\/es\\\/#website\",\"url\":\"https:\\\/\\\/relaisgourmet.com\\\/es\\\/\",\"name\":\"Relais Gourmet\",\"description\":\"Foie Gras 100% Fran\u00e7ais\",\"publisher\":{\"@id\":\"https:\\\/\\\/relaisgourmet.com\\\/es\\\/#organization\"},\"potentialAction\":[{\"@type\":\"SearchAction\",\"target\":{\"@type\":\"EntryPoint\",\"urlTemplate\":\"https:\\\/\\\/relaisgourmet.com\\\/es\\\/?s={search_term_string}\"},\"query-input\":{\"@type\":\"PropertyValueSpecification\",\"valueRequired\":true,\"valueName\":\"search_term_string\"}}],\"inLanguage\":\"es\"},{\"@type\":\"Organization\",\"@id\":\"https:\\\/\\\/relaisgourmet.com\\\/es\\\/#organization\",\"name\":\"Relais Gourmet\",\"url\":\"https:\\\/\\\/relaisgourmet.com\\\/es\\\/\",\"logo\":{\"@type\":\"ImageObject\",\"inLanguage\":\"es\",\"@id\":\"https:\\\/\\\/relaisgourmet.com\\\/es\\\/#\\\/schema\\\/logo\\\/image\\\/\",\"url\":\"https:\\\/\\\/relaisgourmet.com\\\/wp-content\\\/uploads\\\/2026\\\/03\\\/yoast-logo-2-relais-gourmet-.png\",\"contentUrl\":\"https:\\\/\\\/relaisgourmet.com\\\/wp-content\\\/uploads\\\/2026\\\/03\\\/yoast-logo-2-relais-gourmet-.png\",\"width\":1200,\"height\":675,\"caption\":\"Relais Gourmet\"},\"image\":{\"@id\":\"https:\\\/\\\/relaisgourmet.com\\\/es\\\/#\\\/schema\\\/logo\\\/image\\\/\"},\"sameAs\":[\"https:\\\/\\\/www.facebook.com\\\/relaisgourmet\\\/\",\"https:\\\/\\\/x.com\\\/relaisgourmet64\",\"https:\\\/\\\/www.instagram.com\\\/relaisgourmetofficiel\",\"https:\\\/\\\/www.pinterest.fr\\\/relaisgourmet\\\/\"],\"email\":\"yaqueche@relaisgourmet.com\",\"telephone\":\"+33 0 5 40 07 07 65\",\"legalName\":\"Relais Gourmet\",\"vatID\":\"FR13482415015\",\"taxID\":\"482415015\"}]}<\/script>\n<!-- \/ Yoast SEO Premium plugin. -->","yoast_head_json":{"title":"Caja Gaztelu: Foie Gras gourmet y champ\u00e1n | Relais Gourmet","description":"Descubre la Caja Gaztelu, un compendio de delicias artesanales del suroeste.","robots":{"index":"index","follow":"follow","max-snippet":"max-snippet:-1","max-image-preview":"max-image-preview:large","max-video-preview":"max-video-preview:-1"},"canonical":"https:\/\/relaisgourmet.com\/es\/producto\/caja-gaztelu\/","og_locale":"es_ES","og_type":"article","og_title":"Caja Gaztelu","og_description":"Descubre la Caja Gaztelu de Relais Gourmet, una selecci\u00f3n refinada para enriquecer todos tus momentos gourmet. Perfecta para un aperitivo con amigos, una escapada gastron\u00f3mica o un placer compartir, esta caja es una idea de regalo ideal o una invitaci\u00f3n deliciosa para darte un capricho en cualquier momento.   Garantizado 100% producci\u00f3n francesa \u2714 Garantizado sin conservantes, aditivos ni colorantes. \ud83c\udf43 Patos alimentados con ma\u00edz amarillo \ud83d\ude9a Entrega r\u00e1pida en todo el mundo \ud83d\udd53 Se conserva 3 a\u00f1os \ud83d\udd10 Pago seguro  Peso neto: 1,53 kg &nbsp;","og_url":"https:\/\/relaisgourmet.com\/es\/producto\/caja-gaztelu\/","og_site_name":"Relais Gourmet","article_publisher":"https:\/\/www.facebook.com\/relaisgourmet\/","article_modified_time":"2026-04-01T22:27:57+00:00","og_image":[{"width":1427,"height":1427,"url":"https:\/\/relaisgourmet.com\/wp-content\/uploads\/2026\/03\/Gaztelu.jpg","type":"image\/jpeg"}],"twitter_card":"summary_large_image","twitter_site":"@relaisgourmet64","twitter_misc":{"Tiempo de lectura":"2 minuto"},"schema":{"@context":"https:\/\/schema.org","@graph":[{"@type":"WebPage","@id":"https:\/\/relaisgourmet.com\/es\/producto\/caja-gaztelu\/","url":"https:\/\/relaisgourmet.com\/es\/producto\/caja-gaztelu\/","name":"Caja Gaztelu: Foie Gras gourmet y champ\u00e1n | Relais Gourmet","isPartOf":{"@id":"https:\/\/relaisgourmet.com\/es\/#website"},"primaryImageOfPage":{"@id":"https:\/\/relaisgourmet.com\/es\/producto\/caja-gaztelu\/#primaryimage"},"image":{"@id":"https:\/\/relaisgourmet.com\/es\/producto\/caja-gaztelu\/#primaryimage"},"thumbnailUrl":"https:\/\/relaisgourmet.com\/wp-content\/uploads\/2026\/03\/Gaztelu.jpg","datePublished":"2026-03-10T12:25:15+00:00","dateModified":"2026-04-01T22:27:57+00:00","description":"Descubre la Caja Gaztelu, un compendio de delicias artesanales del suroeste.","breadcrumb":{"@id":"https:\/\/relaisgourmet.com\/es\/producto\/caja-gaztelu\/#breadcrumb"},"inLanguage":"es","potentialAction":[{"@type":"ReadAction","target":["https:\/\/relaisgourmet.com\/es\/producto\/caja-gaztelu\/"]}]},{"@type":"ImageObject","inLanguage":"es","@id":"https:\/\/relaisgourmet.com\/es\/producto\/caja-gaztelu\/#primaryimage","url":"https:\/\/relaisgourmet.com\/wp-content\/uploads\/2026\/03\/Gaztelu.jpg","contentUrl":"https:\/\/relaisgourmet.com\/wp-content\/uploads\/2026\/03\/Gaztelu.jpg","width":1427,"height":1427},{"@type":"BreadcrumbList","@id":"https:\/\/relaisgourmet.com\/es\/producto\/caja-gaztelu\/#breadcrumb","itemListElement":[{"@type":"ListItem","position":1,"name":"Inicio","item":"https:\/\/relaisgourmet.com\/es\/inicio\/"},{"@type":"ListItem","position":2,"name":"Todos nuestros productos","item":"https:\/\/relaisgourmet.com\/es\/tienda\/"},{"@type":"ListItem","position":3,"name":"Caja Gaztelu"}]},{"@type":"WebSite","@id":"https:\/\/relaisgourmet.com\/es\/#website","url":"https:\/\/relaisgourmet.com\/es\/","name":"Relais Gourmet","description":"Foie Gras 100% Fran\u00e7ais","publisher":{"@id":"https:\/\/relaisgourmet.com\/es\/#organization"},"potentialAction":[{"@type":"SearchAction","target":{"@type":"EntryPoint","urlTemplate":"https:\/\/relaisgourmet.com\/es\/?s={search_term_string}"},"query-input":{"@type":"PropertyValueSpecification","valueRequired":true,"valueName":"search_term_string"}}],"inLanguage":"es"},{"@type":"Organization","@id":"https:\/\/relaisgourmet.com\/es\/#organization","name":"Relais Gourmet","url":"https:\/\/relaisgourmet.com\/es\/","logo":{"@type":"ImageObject","inLanguage":"es","@id":"https:\/\/relaisgourmet.com\/es\/#\/schema\/logo\/image\/","url":"https:\/\/relaisgourmet.com\/wp-content\/uploads\/2026\/03\/yoast-logo-2-relais-gourmet-.png","contentUrl":"https:\/\/relaisgourmet.com\/wp-content\/uploads\/2026\/03\/yoast-logo-2-relais-gourmet-.png","width":1200,"height":675,"caption":"Relais Gourmet"},"image":{"@id":"https:\/\/relaisgourmet.com\/es\/#\/schema\/logo\/image\/"},"sameAs":["https:\/\/www.facebook.com\/relaisgourmet\/","https:\/\/x.com\/relaisgourmet64","https:\/\/www.instagram.com\/relaisgourmetofficiel","https:\/\/www.pinterest.fr\/relaisgourmet\/"],"email":"yaqueche@relaisgourmet.com","telephone":"+33 0 5 40 07 07 65","legalName":"Relais Gourmet","vatID":"FR13482415015","taxID":"482415015"}]}},"_links":{"self":[{"href":"https:\/\/relaisgourmet.com\/es\/wp-json\/wp\/v2\/product\/64889","targetHints":{"allow":["GET"]}}],"collection":[{"href":"https:\/\/relaisgourmet.com\/es\/wp-json\/wp\/v2\/product"}],"about":[{"href":"https:\/\/relaisgourmet.com\/es\/wp-json\/wp\/v2\/types\/product"}],"replies":[{"embeddable":true,"href":"https:\/\/relaisgourmet.com\/es\/wp-json\/wp\/v2\/comments?post=64889"}],"wp:featuredmedia":[{"embeddable":true,"href":"https:\/\/relaisgourmet.com\/es\/wp-json\/wp\/v2\/media\/64890"}],"wp:attachment":[{"href":"https:\/\/relaisgourmet.com\/es\/wp-json\/wp\/v2\/media?parent=64889"}],"wp:term":[{"taxonomy":"product_brand","embeddable":true,"href":"https:\/\/relaisgourmet.com\/es\/wp-json\/wp\/v2\/product_brand?post=64889"},{"taxonomy":"product_cat","embeddable":true,"href":"https:\/\/relaisgourmet.com\/es\/wp-json\/wp\/v2\/product_cat?post=64889"},{"taxonomy":"product_tag","embeddable":true,"href":"https:\/\/relaisgourmet.com\/es\/wp-json\/wp\/v2\/product_tag?post=64889"},{"taxonomy":"giftcard-category","embeddable":true,"href":"https:\/\/relaisgourmet.com\/es\/wp-json\/wp\/v2\/giftcard-category?post=64889"}],"curies":[{"name":"wp","href":"https:\/\/api.w.org\/{rel}","templated":true}]}}