{"id":64796,"date":"2026-03-10T12:25:14","date_gmt":"2026-03-10T12:25:14","guid":{"rendered":"https:\/\/strange-jennings.213-136-85-46.plesk.page\/product\/enara-box\/"},"modified":"2026-04-01T23:20:59","modified_gmt":"2026-04-01T23:20:59","slug":"enara-box","status":"publish","type":"product","link":"https:\/\/relaisgourmet.com\/es\/producto\/enara-box\/","title":{"rendered":"Enara Box"},"content":{"rendered":"<p><b>Descubre la Enara Box: un entorno gourmet para momentos convivientes<\/b><\/p>\n<p><span style=\"font-weight: 400;\">La <\/span><b>Enara Gift Box<\/b><span style=\"font-weight: 400;\"> de <strong>Relais Gourmet<\/strong> es la selecci\u00f3n perfecta de productos gastron\u00f3micos para realzar tus aperitivos. <\/span> <\/p>\n<p><span style=\"font-weight: 400;\">Ya sea como regalo o tambi\u00e9n para compartir durante una comida con amigos o familiares, esta caja aporta un toque de refinamiento y codicia a tus momentos de convivencia.<\/span><\/p>\n<p><strong>Garantizado sin conservantes, colorantes ni aditivos.<\/strong><\/p>\n<p><strong>Composici\u00f3n:<\/strong><\/p>\n<ul>\n<li style=\"font-weight: 400;\" aria-level=\"1\"><b>Foie Gras entero simple (80 g):<\/b><span style=\"font-weight: 400;\"> este foie gras entero es perfecto para realzar tu tostada durante los aperitivos o las comidas festivas.<\/span><\/li>\n<li aria-level=\"1\"><b>Aperitivo gourmet con Juran\u00e7on (180 g):<\/b><span style=\"font-weight: 400;\"> la combinaci\u00f3n perfecta de vinos del suroeste y placeres gourmet para un momento c\u00e1lido y aut\u00e9ntico.<\/span><\/li>\n<li aria-level=\"1\"><b>Aperitivo gourmet con Armagnac (180 g):<\/b><span style=\"font-weight: 400;\"> la elegancia de un terroir excepcional para un momento rico en sabores y convivialidad.<\/span><\/li>\n<\/ul>\n<h3><\/h3>\n<p><strong>Conservaci\u00f3n :<\/strong><\/p>\n<p><span style=\"font-weight: 400;\">3 a\u00f1os a temperatura ambiente, ofreciendo la posibilidad de disfrutarlo cuando te convenga.  <\/span><\/p>\n<p><span style=\"font-weight: 400;\">Sin embargo, una vez abierto, recuerda consumirlo en un plazo de 15 d\u00edas y guardarlo en la nevera.<\/span><\/p>\n<p>&nbsp;<\/p>\n<p><b>Prep\u00e1rate para un momento de indulgencia:<\/b><\/p>\n<p style=\"text-align: left;\"><span style=\"font-weight: 400;\">Encuentra nuestros consejos y recomendaciones para una preparaci\u00f3n perfecta en la <\/span> secci\u00f3n <a href=\"https:\/\/epic-varahamihira.207-180-195-93.plesk.page\/blog-foies-gras-actualite\/\"><b>de Blog<\/b><\/a> <span style=\"font-weight: 400;\"> de nuestro sitio web, pero tambi\u00e9n en nuestra p\u00e1gina <a href=\"https:\/\/www.instagram.com\/relaisgourmetofficiel\/\"><strong>de Instagram<\/strong><\/a>. <\/span> <\/p>\n<p style=\"text-align: left;\"><span style=\"font-weight: 400;\">Aprende a realzar tus aperitivos con el <\/span><b>Enara Gift<\/b><span style=\"font-weight: 400;\"> Set creando presentaciones elegantes y sabrosas para impresionar a tus invitados.<\/span><\/p>\n<p>&nbsp;<\/p>\n<p><span style=\"font-weight: 400;\">El <\/span><b>Enara Gift Set<\/b><span style=\"font-weight: 400;\"> es la opci\u00f3n ideal para momentos de compartir con la familia o amigos. <\/span> <\/p>\n<p><span style=\"font-weight: 400;\">Su tama\u00f1o compacto y productos de alta calidad lo convierten en el regalo perfecto para cualquier ocasi\u00f3n.<\/span><\/p>\n<p><span style=\"font-weight: 400;\">As\u00ed, ofrece la elegancia y el conocimiento de Relais Gourmet con la <\/span><b>Enara Box<\/b><span style=\"font-weight: 400;\">, un verdadero placer para los sentidos y un recuerdo gourmet inolvidable.<\/span><\/p>\n","protected":false},"excerpt":{"rendered":"<p>Disfruta de la Enara Box de Relais Gourmet, imprescindible para tus aperitivos. \u00a1Perfecto para un regalo o un momento de degustaci\u00f3n! <\/p>\n<p><img decoding=\"async\" class=\"emoji\" role=\"img\" src=\"https:\/\/s.w.org\/images\/core\/emoji\/15.0.3\/svg\/1f1eb-1f1f7.svg\" alt=\"\ud83c\uddeb\ud83c\uddf7\">  Garantizado 100% producci\u00f3n francesa<br \/>\n\u2714 Garantizado sin conservantes, aditivos ni colorantes.<br \/>\n\ud83c\udf43 Patos alimentados con ma\u00edz amarillo<br \/>\n\ud83d\ude9a Entrega r\u00e1pida en todo el mundo<br \/>\n\ud83d\udd53 Se conserva 3 a\u00f1os<br \/>\n\ud83d\udd10 Pago seguro<\/p>\n<p>Peso neto: 440g<\/p>\n","protected":false},"featured_media":64799,"comment_status":"closed","ping_status":"closed","template":"","meta":{"_iconic_wsb_product_page_order_bump_ids":[],"_sku":["3090000339214"],"_iconic_wsb_product_page_bump_modal_ids":[]},"product_brand":[],"product_cat":[1678],"product_tag":[1665],"giftcard-category":[],"class_list":{"0":"post-64796","1":"product","2":"type-product","3":"status-publish","4":"has-post-thumbnail","6":"product_cat-sets-de-regalo","7":"product_tag-fabricado-en-francia","8":"product_shipping_class-estandar","10":"first","11":"instock","12":"taxable","13":"shipping-taxable","14":"purchasable","15":"product-type-simple"},"yoast_head":"<!-- This site is optimized with the Yoast SEO Premium plugin v27.3 (Yoast SEO v27.3) - https:\/\/yoast.com\/product\/yoast-seo-premium-wordpress\/ -->\n<title>Enara Box: Foie Gras y aperitivos del suroeste | Relais Gourmet<\/title>\n<meta name=\"description\" content=\"La Enara Box te ofrece una generosa degustaci\u00f3n de especialidades gourmet de Relais Gourmet.\" \/>\n<meta name=\"robots\" content=\"index, follow, max-snippet:-1, max-image-preview:large, max-video-preview:-1\" \/>\n<link rel=\"canonical\" href=\"https:\/\/relaisgourmet.com\/es\/producto\/enara-box\/\" \/>\n<meta property=\"og:locale\" content=\"es_ES\" \/>\n<meta property=\"og:type\" content=\"article\" \/>\n<meta property=\"og:title\" content=\"Enara Box\" \/>\n<meta property=\"og:description\" content=\"Disfruta de la Enara Box de Relais Gourmet, imprescindible para tus aperitivos. \u00a1Perfecto para un regalo o un momento de degustaci\u00f3n!   Garantizado 100% producci\u00f3n francesa \u2714 Garantizado sin conservantes, aditivos ni colorantes. \ud83c\udf43 Patos alimentados con ma\u00edz amarillo \ud83d\ude9a Entrega r\u00e1pida en todo el mundo \ud83d\udd53 Se conserva 3 a\u00f1os \ud83d\udd10 Pago seguro Peso neto: 440g\" \/>\n<meta property=\"og:url\" content=\"https:\/\/relaisgourmet.com\/es\/producto\/enara-box\/\" \/>\n<meta property=\"og:site_name\" content=\"Relais Gourmet\" \/>\n<meta property=\"article:publisher\" content=\"https:\/\/www.facebook.com\/relaisgourmet\/\" \/>\n<meta property=\"article:modified_time\" content=\"2026-04-01T23:20:59+00:00\" \/>\n<meta property=\"og:image\" content=\"https:\/\/relaisgourmet.com\/wp-content\/uploads\/2026\/03\/Enara.jpg\" \/>\n\t<meta property=\"og:image:width\" content=\"1503\" \/>\n\t<meta property=\"og:image:height\" content=\"1503\" \/>\n\t<meta property=\"og:image:type\" content=\"image\/jpeg\" \/>\n<meta name=\"twitter:card\" content=\"summary_large_image\" \/>\n<meta name=\"twitter:site\" content=\"@relaisgourmet64\" \/>\n<meta name=\"twitter:label1\" content=\"Tiempo de lectura\" \/>\n\t<meta name=\"twitter:data1\" content=\"1 minuto\" \/>\n<script type=\"application\/ld+json\" class=\"yoast-schema-graph\">{\"@context\":\"https:\\\/\\\/schema.org\",\"@graph\":[{\"@type\":\"WebPage\",\"@id\":\"https:\\\/\\\/relaisgourmet.com\\\/es\\\/producto\\\/enara-box\\\/\",\"url\":\"https:\\\/\\\/relaisgourmet.com\\\/es\\\/producto\\\/enara-box\\\/\",\"name\":\"Enara Box: Foie Gras y aperitivos del suroeste | Relais Gourmet\",\"isPartOf\":{\"@id\":\"https:\\\/\\\/relaisgourmet.com\\\/es\\\/#website\"},\"primaryImageOfPage\":{\"@id\":\"https:\\\/\\\/relaisgourmet.com\\\/es\\\/producto\\\/enara-box\\\/#primaryimage\"},\"image\":{\"@id\":\"https:\\\/\\\/relaisgourmet.com\\\/es\\\/producto\\\/enara-box\\\/#primaryimage\"},\"thumbnailUrl\":\"https:\\\/\\\/relaisgourmet.com\\\/wp-content\\\/uploads\\\/2026\\\/03\\\/Enara.jpg\",\"datePublished\":\"2026-03-10T12:25:14+00:00\",\"dateModified\":\"2026-04-01T23:20:59+00:00\",\"description\":\"La Enara Box te ofrece una generosa degustaci\u00f3n de especialidades gourmet de Relais Gourmet.\",\"breadcrumb\":{\"@id\":\"https:\\\/\\\/relaisgourmet.com\\\/es\\\/producto\\\/enara-box\\\/#breadcrumb\"},\"inLanguage\":\"es\",\"potentialAction\":[{\"@type\":\"ReadAction\",\"target\":[\"https:\\\/\\\/relaisgourmet.com\\\/es\\\/producto\\\/enara-box\\\/\"]}]},{\"@type\":\"ImageObject\",\"inLanguage\":\"es\",\"@id\":\"https:\\\/\\\/relaisgourmet.com\\\/es\\\/producto\\\/enara-box\\\/#primaryimage\",\"url\":\"https:\\\/\\\/relaisgourmet.com\\\/wp-content\\\/uploads\\\/2026\\\/03\\\/Enara.jpg\",\"contentUrl\":\"https:\\\/\\\/relaisgourmet.com\\\/wp-content\\\/uploads\\\/2026\\\/03\\\/Enara.jpg\",\"width\":1503,\"height\":1503},{\"@type\":\"BreadcrumbList\",\"@id\":\"https:\\\/\\\/relaisgourmet.com\\\/es\\\/producto\\\/enara-box\\\/#breadcrumb\",\"itemListElement\":[{\"@type\":\"ListItem\",\"position\":1,\"name\":\"Inicio\",\"item\":\"https:\\\/\\\/relaisgourmet.com\\\/es\\\/inicio\\\/\"},{\"@type\":\"ListItem\",\"position\":2,\"name\":\"Todos nuestros productos\",\"item\":\"https:\\\/\\\/relaisgourmet.com\\\/es\\\/tienda\\\/\"},{\"@type\":\"ListItem\",\"position\":3,\"name\":\"Enara Box\"}]},{\"@type\":\"WebSite\",\"@id\":\"https:\\\/\\\/relaisgourmet.com\\\/es\\\/#website\",\"url\":\"https:\\\/\\\/relaisgourmet.com\\\/es\\\/\",\"name\":\"Relais Gourmet\",\"description\":\"Foie Gras 100% Fran\u00e7ais\",\"publisher\":{\"@id\":\"https:\\\/\\\/relaisgourmet.com\\\/es\\\/#organization\"},\"potentialAction\":[{\"@type\":\"SearchAction\",\"target\":{\"@type\":\"EntryPoint\",\"urlTemplate\":\"https:\\\/\\\/relaisgourmet.com\\\/es\\\/?s={search_term_string}\"},\"query-input\":{\"@type\":\"PropertyValueSpecification\",\"valueRequired\":true,\"valueName\":\"search_term_string\"}}],\"inLanguage\":\"es\"},{\"@type\":\"Organization\",\"@id\":\"https:\\\/\\\/relaisgourmet.com\\\/es\\\/#organization\",\"name\":\"Relais Gourmet\",\"url\":\"https:\\\/\\\/relaisgourmet.com\\\/es\\\/\",\"logo\":{\"@type\":\"ImageObject\",\"inLanguage\":\"es\",\"@id\":\"https:\\\/\\\/relaisgourmet.com\\\/es\\\/#\\\/schema\\\/logo\\\/image\\\/\",\"url\":\"https:\\\/\\\/relaisgourmet.com\\\/wp-content\\\/uploads\\\/2026\\\/03\\\/yoast-logo-2-relais-gourmet-.png\",\"contentUrl\":\"https:\\\/\\\/relaisgourmet.com\\\/wp-content\\\/uploads\\\/2026\\\/03\\\/yoast-logo-2-relais-gourmet-.png\",\"width\":1200,\"height\":675,\"caption\":\"Relais Gourmet\"},\"image\":{\"@id\":\"https:\\\/\\\/relaisgourmet.com\\\/es\\\/#\\\/schema\\\/logo\\\/image\\\/\"},\"sameAs\":[\"https:\\\/\\\/www.facebook.com\\\/relaisgourmet\\\/\",\"https:\\\/\\\/x.com\\\/relaisgourmet64\",\"https:\\\/\\\/www.instagram.com\\\/relaisgourmetofficiel\",\"https:\\\/\\\/www.pinterest.fr\\\/relaisgourmet\\\/\"],\"email\":\"yaqueche@relaisgourmet.com\",\"telephone\":\"+33 0 5 40 07 07 65\",\"legalName\":\"Relais Gourmet\",\"vatID\":\"FR13482415015\",\"taxID\":\"482415015\"}]}<\/script>\n<!-- \/ Yoast SEO Premium plugin. -->","yoast_head_json":{"title":"Enara Box: Foie Gras y aperitivos del suroeste | Relais Gourmet","description":"La Enara Box te ofrece una generosa degustaci\u00f3n de especialidades gourmet de Relais Gourmet.","robots":{"index":"index","follow":"follow","max-snippet":"max-snippet:-1","max-image-preview":"max-image-preview:large","max-video-preview":"max-video-preview:-1"},"canonical":"https:\/\/relaisgourmet.com\/es\/producto\/enara-box\/","og_locale":"es_ES","og_type":"article","og_title":"Enara Box","og_description":"Disfruta de la Enara Box de Relais Gourmet, imprescindible para tus aperitivos. \u00a1Perfecto para un regalo o un momento de degustaci\u00f3n!   Garantizado 100% producci\u00f3n francesa \u2714 Garantizado sin conservantes, aditivos ni colorantes. \ud83c\udf43 Patos alimentados con ma\u00edz amarillo \ud83d\ude9a Entrega r\u00e1pida en todo el mundo \ud83d\udd53 Se conserva 3 a\u00f1os \ud83d\udd10 Pago seguro Peso neto: 440g","og_url":"https:\/\/relaisgourmet.com\/es\/producto\/enara-box\/","og_site_name":"Relais Gourmet","article_publisher":"https:\/\/www.facebook.com\/relaisgourmet\/","article_modified_time":"2026-04-01T23:20:59+00:00","og_image":[{"width":1503,"height":1503,"url":"https:\/\/relaisgourmet.com\/wp-content\/uploads\/2026\/03\/Enara.jpg","type":"image\/jpeg"}],"twitter_card":"summary_large_image","twitter_site":"@relaisgourmet64","twitter_misc":{"Tiempo de lectura":"1 minuto"},"schema":{"@context":"https:\/\/schema.org","@graph":[{"@type":"WebPage","@id":"https:\/\/relaisgourmet.com\/es\/producto\/enara-box\/","url":"https:\/\/relaisgourmet.com\/es\/producto\/enara-box\/","name":"Enara Box: Foie Gras y aperitivos del suroeste | Relais Gourmet","isPartOf":{"@id":"https:\/\/relaisgourmet.com\/es\/#website"},"primaryImageOfPage":{"@id":"https:\/\/relaisgourmet.com\/es\/producto\/enara-box\/#primaryimage"},"image":{"@id":"https:\/\/relaisgourmet.com\/es\/producto\/enara-box\/#primaryimage"},"thumbnailUrl":"https:\/\/relaisgourmet.com\/wp-content\/uploads\/2026\/03\/Enara.jpg","datePublished":"2026-03-10T12:25:14+00:00","dateModified":"2026-04-01T23:20:59+00:00","description":"La Enara Box te ofrece una generosa degustaci\u00f3n de especialidades gourmet de Relais Gourmet.","breadcrumb":{"@id":"https:\/\/relaisgourmet.com\/es\/producto\/enara-box\/#breadcrumb"},"inLanguage":"es","potentialAction":[{"@type":"ReadAction","target":["https:\/\/relaisgourmet.com\/es\/producto\/enara-box\/"]}]},{"@type":"ImageObject","inLanguage":"es","@id":"https:\/\/relaisgourmet.com\/es\/producto\/enara-box\/#primaryimage","url":"https:\/\/relaisgourmet.com\/wp-content\/uploads\/2026\/03\/Enara.jpg","contentUrl":"https:\/\/relaisgourmet.com\/wp-content\/uploads\/2026\/03\/Enara.jpg","width":1503,"height":1503},{"@type":"BreadcrumbList","@id":"https:\/\/relaisgourmet.com\/es\/producto\/enara-box\/#breadcrumb","itemListElement":[{"@type":"ListItem","position":1,"name":"Inicio","item":"https:\/\/relaisgourmet.com\/es\/inicio\/"},{"@type":"ListItem","position":2,"name":"Todos nuestros productos","item":"https:\/\/relaisgourmet.com\/es\/tienda\/"},{"@type":"ListItem","position":3,"name":"Enara Box"}]},{"@type":"WebSite","@id":"https:\/\/relaisgourmet.com\/es\/#website","url":"https:\/\/relaisgourmet.com\/es\/","name":"Relais Gourmet","description":"Foie Gras 100% Fran\u00e7ais","publisher":{"@id":"https:\/\/relaisgourmet.com\/es\/#organization"},"potentialAction":[{"@type":"SearchAction","target":{"@type":"EntryPoint","urlTemplate":"https:\/\/relaisgourmet.com\/es\/?s={search_term_string}"},"query-input":{"@type":"PropertyValueSpecification","valueRequired":true,"valueName":"search_term_string"}}],"inLanguage":"es"},{"@type":"Organization","@id":"https:\/\/relaisgourmet.com\/es\/#organization","name":"Relais Gourmet","url":"https:\/\/relaisgourmet.com\/es\/","logo":{"@type":"ImageObject","inLanguage":"es","@id":"https:\/\/relaisgourmet.com\/es\/#\/schema\/logo\/image\/","url":"https:\/\/relaisgourmet.com\/wp-content\/uploads\/2026\/03\/yoast-logo-2-relais-gourmet-.png","contentUrl":"https:\/\/relaisgourmet.com\/wp-content\/uploads\/2026\/03\/yoast-logo-2-relais-gourmet-.png","width":1200,"height":675,"caption":"Relais Gourmet"},"image":{"@id":"https:\/\/relaisgourmet.com\/es\/#\/schema\/logo\/image\/"},"sameAs":["https:\/\/www.facebook.com\/relaisgourmet\/","https:\/\/x.com\/relaisgourmet64","https:\/\/www.instagram.com\/relaisgourmetofficiel","https:\/\/www.pinterest.fr\/relaisgourmet\/"],"email":"yaqueche@relaisgourmet.com","telephone":"+33 0 5 40 07 07 65","legalName":"Relais Gourmet","vatID":"FR13482415015","taxID":"482415015"}]}},"_links":{"self":[{"href":"https:\/\/relaisgourmet.com\/es\/wp-json\/wp\/v2\/product\/64796","targetHints":{"allow":["GET"]}}],"collection":[{"href":"https:\/\/relaisgourmet.com\/es\/wp-json\/wp\/v2\/product"}],"about":[{"href":"https:\/\/relaisgourmet.com\/es\/wp-json\/wp\/v2\/types\/product"}],"replies":[{"embeddable":true,"href":"https:\/\/relaisgourmet.com\/es\/wp-json\/wp\/v2\/comments?post=64796"}],"wp:featuredmedia":[{"embeddable":true,"href":"https:\/\/relaisgourmet.com\/es\/wp-json\/wp\/v2\/media\/64799"}],"wp:attachment":[{"href":"https:\/\/relaisgourmet.com\/es\/wp-json\/wp\/v2\/media?parent=64796"}],"wp:term":[{"taxonomy":"product_brand","embeddable":true,"href":"https:\/\/relaisgourmet.com\/es\/wp-json\/wp\/v2\/product_brand?post=64796"},{"taxonomy":"product_cat","embeddable":true,"href":"https:\/\/relaisgourmet.com\/es\/wp-json\/wp\/v2\/product_cat?post=64796"},{"taxonomy":"product_tag","embeddable":true,"href":"https:\/\/relaisgourmet.com\/es\/wp-json\/wp\/v2\/product_tag?post=64796"},{"taxonomy":"giftcard-category","embeddable":true,"href":"https:\/\/relaisgourmet.com\/es\/wp-json\/wp\/v2\/giftcard-category?post=64796"}],"curies":[{"name":"wp","href":"https:\/\/api.w.org\/{rel}","templated":true}]}}