{"id":64775,"date":"2026-03-10T12:25:13","date_gmt":"2026-03-10T12:25:13","guid":{"rendered":"https:\/\/strange-jennings.213-136-85-46.plesk.page\/product\/alicante-turron-pack-dificil-51\/"},"modified":"2026-04-01T23:20:48","modified_gmt":"2026-04-01T23:20:48","slug":"alicante-turron-pack-dificil-51","status":"publish","type":"product","link":"https:\/\/relaisgourmet.com\/es\/producto\/alicante-turron-pack-dificil-51\/","title":{"rendered":"Alicante Turron Pack (Dif\u00edcil) (5+1)"},"content":{"rendered":"<h2><strong>La producci\u00f3n del turr\u00f3n duro de Alicante de Mar\u00eda Simona sigue la receta tradicional:<\/strong><\/h2>\n<p><strong>El Alicante Dur Pack contiene un total de 6 barras de Alicante Maria Simona Hard Turr\u00f3n, con un precio de solo 5.<\/strong><\/p>\n<p><strong>Peso neto: <\/strong>150gr<\/p>\n<h3><strong>Vida \u00fatil del Alicante Hard Pack  <\/strong><\/h3>\n<p>M\u00ednimo 9 meses. Tras abrir, el almacenamiento se realiza en un lugar seco. <\/p>\n<h3><strong>Ingredientes  <\/strong><\/h3>\n<p>60% almendras tostadas, az\u00facar, jarabe de glucosa, 12% miel, recubrimiento de oblea (almid\u00f3n de patata y aceite de girasol) y clara de huevo. Puede contener trazas de cacahuetes, s\u00e9samo y avellanas. <\/p>\n<p>Este producto es sin gluten, por lo que es adecuado para celiaqu\u00edas.<\/p>\n<p>El turr\u00f3n duro de Alicante de Maria Simona tiene <a href=\"https:\/\/www.mapa.gob.es\/es\/alimentacion\/temas\/calidad-diferenciada\/dop-igp\/pana_paste\/IGP_TurronJiJona.aspx\">una Designaci\u00f3n de Origen y est\u00e1 protegido por el Consejo Regulador de Jijona<\/a>.<\/p>\n<h3>La historia del turr\u00f3n de Alicante<\/h3>\n<p>Aunque nadie puede negar la estrecha conexi\u00f3n entre la ciudad de Alicante y este caramelo, no se sabe exactamente cu\u00e1ndo ni c\u00f3mo apareci\u00f3 el turr\u00f3n \u00aboriginal\u00bb. Las almendras y la miel ya eran un alimento com\u00fan en Grecia y Roma, para dar energ\u00eda a los atletas ol\u00edmpicos. El turr\u00f3n espa\u00f1ol tambi\u00e9n tiene algunas similitudes con el baklava \u00e1rabe. Se acepta mayormente que la receta se origin\u00f3 en pa\u00edses \u00e1rabes, pero no hay pruebas de ello.   <\/p>\n<p>En cualquier caso, este caramelo es importante para el municipio:<\/p>\n<p>- En primer lugar, sabemos que ya en 1582, el turr\u00f3n era una parte importante de la cultura navide\u00f1a en Alicante, ya que un documento municipal de la \u00e9poca menciona que en Navidad los trabajadores recib\u00edan el turr\u00f3n espa\u00f1ol como salario.<\/p>\n<p>- Luego, en la obra \u00abLa Generosa Paliza\u00bb de Lope de Rueda, en 1570, el turr\u00f3n alrededor del cual gira la trama se llama el \u00abturr\u00f3n de Alicante\u00bb.<\/p>\n<p>- Finalmente, en 1595, el turr\u00f3n debi\u00f3 ser una verdadera pasi\u00f3n en la ciudad, ya que el rey Felipe II se vio obligado a escribir una carta pidiendo limitar el gasto de la ciudad en turr\u00f3n y pan de higo.<\/p>\n<p>Aunque la ciudad finalmente dej\u00f3 de producir turr\u00f3n espa\u00f1ol debido a una disputa comercial, su nombre sigue siendo un punto de referencia, asociado a la variante dura de este capricho.<\/p>\n<p>Encuentra todos nuestros consejos de preparaci\u00f3n en <a href=\"https:\/\/mariasimona.com\/\">la web de Maria Simona<\/a>.<\/p>\n<p>No dudes en visitar nuestro blog para descubrir <a href=\"https:\/\/mariasimona.com\/recetas\/\">nuestras deliciosas recetas<\/a> .<\/p>\n<p>Y para el entrante, \u00bfpor qu\u00e9 no dejarte tentar <a href=\"https:\/\/epic-varahamihira.207-180-195-93.plesk.page\/\">por el delicioso Relais Gourmet Foies Gras <\/a>?<\/p>\n","protected":false},"excerpt":{"rendered":"<p><strong>Este pack contiene un total de 6 barras de Hard Turron de Alicante Maria Simona, con un precio de solo 5.<\/strong><\/p>\n<p>El turr\u00f3n de Alicante se conoce como turr\u00f3n duro por su textura crujiente, el tostado \u00fanico de las almendras y la mezcla de miel y clara de huevo. \u00a1Es un cl\u00e1sico! <\/p>\n<p>El turr\u00f3n duro de Alicante de Mar\u00eda Simona se elabora seg\u00fan <a href=\"https:\/\/mariasimona.com\/comment-faire-les-turrons\/\">la receta tradicional<\/a>.<\/p>\n<p>Usamos solo ingredientes espa\u00f1oles premium.<\/p>\n<p>Nuestro turr\u00f3n tiene <a href=\"https:\/\/www.mapa.gob.es\/es\/alimentacion\/temas\/calidad-diferenciada\/dop-igp\/pana_paste\/IGP_TurronJiJona.aspx\">una designaci\u00f3n de origen y est\u00e1 protegido por el Consejo Regulador de Jijona<\/a>.<\/p>\n","protected":false},"featured_media":64776,"comment_status":"closed","ping_status":"closed","template":"","meta":{"_iconic_wsb_product_page_order_bump_ids":[],"_sku":["3200000338302"],"_iconic_wsb_product_page_bump_modal_ids":[]},"product_brand":[],"product_cat":[1666],"product_tag":[],"giftcard-category":[],"class_list":{"0":"post-64775","1":"product","2":"type-product","3":"status-publish","4":"has-post-thumbnail","6":"product_cat-turrones-espanoles","7":"product_shipping_class-estandar","9":"first","10":"instock","11":"taxable","12":"shipping-taxable","13":"purchasable","14":"product-type-simple"},"yoast_head":"<!-- This site is optimized with the Yoast SEO Premium plugin v27.3 (Yoast SEO v27.3) - https:\/\/yoast.com\/product\/yoast-seo-premium-wordpress\/ -->\n<title>Alicante Turron Pack (Dif\u00edcil) (5+1 libre) | Relais Gourmet<\/title>\n<meta name=\"description\" content=\"Turron Alicante 5+1 Pack: disfruta de una variedad crocante para compartir u ofrecer.\" \/>\n<meta name=\"robots\" content=\"index, follow, max-snippet:-1, max-image-preview:large, max-video-preview:-1\" \/>\n<link rel=\"canonical\" href=\"https:\/\/relaisgourmet.com\/es\/producto\/alicante-turron-pack-dificil-51\/\" \/>\n<meta property=\"og:locale\" content=\"es_ES\" \/>\n<meta property=\"og:type\" content=\"article\" \/>\n<meta property=\"og:title\" content=\"Alicante Turron Pack (Dif\u00edcil) (5+1)\" \/>\n<meta property=\"og:description\" content=\"Este pack contiene un total de 6 barras de Hard Turron de Alicante Maria Simona, con un precio de solo 5. El turr\u00f3n de Alicante se conoce como turr\u00f3n duro por su textura crujiente, el tostado \u00fanico de las almendras y la mezcla de miel y clara de huevo. \u00a1Es un cl\u00e1sico!  El turr\u00f3n duro de Alicante de Mar\u00eda Simona se elabora seg\u00fan la receta tradicional. Usamos solo ingredientes espa\u00f1oles premium. Nuestro turr\u00f3n tiene una designaci\u00f3n de origen y est\u00e1 protegido por el Consejo Regulador de Jijona.\" \/>\n<meta property=\"og:url\" content=\"https:\/\/relaisgourmet.com\/es\/producto\/alicante-turron-pack-dificil-51\/\" \/>\n<meta property=\"og:site_name\" content=\"Relais Gourmet\" \/>\n<meta property=\"article:publisher\" content=\"https:\/\/www.facebook.com\/relaisgourmet\/\" \/>\n<meta property=\"article:modified_time\" content=\"2026-04-01T23:20:48+00:00\" \/>\n<meta property=\"og:image\" content=\"https:\/\/relaisgourmet.com\/wp-content\/uploads\/2026\/03\/Pack-de-6-Alicante-pyramide-min.png\" \/>\n\t<meta property=\"og:image:width\" content=\"1000\" \/>\n\t<meta property=\"og:image:height\" content=\"1000\" \/>\n\t<meta property=\"og:image:type\" content=\"image\/png\" \/>\n<meta name=\"twitter:card\" content=\"summary_large_image\" \/>\n<meta name=\"twitter:site\" content=\"@relaisgourmet64\" \/>\n<meta name=\"twitter:label1\" content=\"Tiempo de lectura\" \/>\n\t<meta name=\"twitter:data1\" content=\"2 minuto\" \/>\n<script type=\"application\/ld+json\" class=\"yoast-schema-graph\">{\"@context\":\"https:\\\/\\\/schema.org\",\"@graph\":[{\"@type\":\"WebPage\",\"@id\":\"https:\\\/\\\/relaisgourmet.com\\\/es\\\/producto\\\/alicante-turron-pack-dificil-51\\\/\",\"url\":\"https:\\\/\\\/relaisgourmet.com\\\/es\\\/producto\\\/alicante-turron-pack-dificil-51\\\/\",\"name\":\"Alicante Turron Pack (Dif\u00edcil) (5+1 libre) | Relais Gourmet\",\"isPartOf\":{\"@id\":\"https:\\\/\\\/relaisgourmet.com\\\/es\\\/#website\"},\"primaryImageOfPage\":{\"@id\":\"https:\\\/\\\/relaisgourmet.com\\\/es\\\/producto\\\/alicante-turron-pack-dificil-51\\\/#primaryimage\"},\"image\":{\"@id\":\"https:\\\/\\\/relaisgourmet.com\\\/es\\\/producto\\\/alicante-turron-pack-dificil-51\\\/#primaryimage\"},\"thumbnailUrl\":\"https:\\\/\\\/relaisgourmet.com\\\/wp-content\\\/uploads\\\/2026\\\/03\\\/Pack-de-6-Alicante-pyramide-min.png\",\"datePublished\":\"2026-03-10T12:25:13+00:00\",\"dateModified\":\"2026-04-01T23:20:48+00:00\",\"description\":\"Turron Alicante 5+1 Pack: disfruta de una variedad crocante para compartir u ofrecer.\",\"breadcrumb\":{\"@id\":\"https:\\\/\\\/relaisgourmet.com\\\/es\\\/producto\\\/alicante-turron-pack-dificil-51\\\/#breadcrumb\"},\"inLanguage\":\"es\",\"potentialAction\":[{\"@type\":\"ReadAction\",\"target\":[\"https:\\\/\\\/relaisgourmet.com\\\/es\\\/producto\\\/alicante-turron-pack-dificil-51\\\/\"]}]},{\"@type\":\"ImageObject\",\"inLanguage\":\"es\",\"@id\":\"https:\\\/\\\/relaisgourmet.com\\\/es\\\/producto\\\/alicante-turron-pack-dificil-51\\\/#primaryimage\",\"url\":\"https:\\\/\\\/relaisgourmet.com\\\/wp-content\\\/uploads\\\/2026\\\/03\\\/Pack-de-6-Alicante-pyramide-min.png\",\"contentUrl\":\"https:\\\/\\\/relaisgourmet.com\\\/wp-content\\\/uploads\\\/2026\\\/03\\\/Pack-de-6-Alicante-pyramide-min.png\",\"width\":1000,\"height\":1000},{\"@type\":\"BreadcrumbList\",\"@id\":\"https:\\\/\\\/relaisgourmet.com\\\/es\\\/producto\\\/alicante-turron-pack-dificil-51\\\/#breadcrumb\",\"itemListElement\":[{\"@type\":\"ListItem\",\"position\":1,\"name\":\"Inicio\",\"item\":\"https:\\\/\\\/relaisgourmet.com\\\/es\\\/inicio\\\/\"},{\"@type\":\"ListItem\",\"position\":2,\"name\":\"Todos nuestros productos\",\"item\":\"https:\\\/\\\/relaisgourmet.com\\\/es\\\/tienda\\\/\"},{\"@type\":\"ListItem\",\"position\":3,\"name\":\"Alicante Turron Pack (Dif\u00edcil) (5+1)\"}]},{\"@type\":\"WebSite\",\"@id\":\"https:\\\/\\\/relaisgourmet.com\\\/es\\\/#website\",\"url\":\"https:\\\/\\\/relaisgourmet.com\\\/es\\\/\",\"name\":\"Relais Gourmet\",\"description\":\"Foie Gras 100% Fran\u00e7ais\",\"publisher\":{\"@id\":\"https:\\\/\\\/relaisgourmet.com\\\/es\\\/#organization\"},\"potentialAction\":[{\"@type\":\"SearchAction\",\"target\":{\"@type\":\"EntryPoint\",\"urlTemplate\":\"https:\\\/\\\/relaisgourmet.com\\\/es\\\/?s={search_term_string}\"},\"query-input\":{\"@type\":\"PropertyValueSpecification\",\"valueRequired\":true,\"valueName\":\"search_term_string\"}}],\"inLanguage\":\"es\"},{\"@type\":\"Organization\",\"@id\":\"https:\\\/\\\/relaisgourmet.com\\\/es\\\/#organization\",\"name\":\"Relais Gourmet\",\"url\":\"https:\\\/\\\/relaisgourmet.com\\\/es\\\/\",\"logo\":{\"@type\":\"ImageObject\",\"inLanguage\":\"es\",\"@id\":\"https:\\\/\\\/relaisgourmet.com\\\/es\\\/#\\\/schema\\\/logo\\\/image\\\/\",\"url\":\"https:\\\/\\\/relaisgourmet.com\\\/wp-content\\\/uploads\\\/2026\\\/03\\\/yoast-logo-2-relais-gourmet-.png\",\"contentUrl\":\"https:\\\/\\\/relaisgourmet.com\\\/wp-content\\\/uploads\\\/2026\\\/03\\\/yoast-logo-2-relais-gourmet-.png\",\"width\":1200,\"height\":675,\"caption\":\"Relais Gourmet\"},\"image\":{\"@id\":\"https:\\\/\\\/relaisgourmet.com\\\/es\\\/#\\\/schema\\\/logo\\\/image\\\/\"},\"sameAs\":[\"https:\\\/\\\/www.facebook.com\\\/relaisgourmet\\\/\",\"https:\\\/\\\/x.com\\\/relaisgourmet64\",\"https:\\\/\\\/www.instagram.com\\\/relaisgourmetofficiel\",\"https:\\\/\\\/www.pinterest.fr\\\/relaisgourmet\\\/\"],\"email\":\"yaqueche@relaisgourmet.com\",\"telephone\":\"+33 0 5 40 07 07 65\",\"legalName\":\"Relais Gourmet\",\"vatID\":\"FR13482415015\",\"taxID\":\"482415015\"}]}<\/script>\n<!-- \/ Yoast SEO Premium plugin. -->","yoast_head_json":{"title":"Alicante Turron Pack (Dif\u00edcil) (5+1 libre) | Relais Gourmet","description":"Turron Alicante 5+1 Pack: disfruta de una variedad crocante para compartir u ofrecer.","robots":{"index":"index","follow":"follow","max-snippet":"max-snippet:-1","max-image-preview":"max-image-preview:large","max-video-preview":"max-video-preview:-1"},"canonical":"https:\/\/relaisgourmet.com\/es\/producto\/alicante-turron-pack-dificil-51\/","og_locale":"es_ES","og_type":"article","og_title":"Alicante Turron Pack (Dif\u00edcil) (5+1)","og_description":"Este pack contiene un total de 6 barras de Hard Turron de Alicante Maria Simona, con un precio de solo 5. El turr\u00f3n de Alicante se conoce como turr\u00f3n duro por su textura crujiente, el tostado \u00fanico de las almendras y la mezcla de miel y clara de huevo. \u00a1Es un cl\u00e1sico!  El turr\u00f3n duro de Alicante de Mar\u00eda Simona se elabora seg\u00fan la receta tradicional. Usamos solo ingredientes espa\u00f1oles premium. Nuestro turr\u00f3n tiene una designaci\u00f3n de origen y est\u00e1 protegido por el Consejo Regulador de Jijona.","og_url":"https:\/\/relaisgourmet.com\/es\/producto\/alicante-turron-pack-dificil-51\/","og_site_name":"Relais Gourmet","article_publisher":"https:\/\/www.facebook.com\/relaisgourmet\/","article_modified_time":"2026-04-01T23:20:48+00:00","og_image":[{"width":1000,"height":1000,"url":"https:\/\/relaisgourmet.com\/wp-content\/uploads\/2026\/03\/Pack-de-6-Alicante-pyramide-min.png","type":"image\/png"}],"twitter_card":"summary_large_image","twitter_site":"@relaisgourmet64","twitter_misc":{"Tiempo de lectura":"2 minuto"},"schema":{"@context":"https:\/\/schema.org","@graph":[{"@type":"WebPage","@id":"https:\/\/relaisgourmet.com\/es\/producto\/alicante-turron-pack-dificil-51\/","url":"https:\/\/relaisgourmet.com\/es\/producto\/alicante-turron-pack-dificil-51\/","name":"Alicante Turron Pack (Dif\u00edcil) (5+1 libre) | Relais Gourmet","isPartOf":{"@id":"https:\/\/relaisgourmet.com\/es\/#website"},"primaryImageOfPage":{"@id":"https:\/\/relaisgourmet.com\/es\/producto\/alicante-turron-pack-dificil-51\/#primaryimage"},"image":{"@id":"https:\/\/relaisgourmet.com\/es\/producto\/alicante-turron-pack-dificil-51\/#primaryimage"},"thumbnailUrl":"https:\/\/relaisgourmet.com\/wp-content\/uploads\/2026\/03\/Pack-de-6-Alicante-pyramide-min.png","datePublished":"2026-03-10T12:25:13+00:00","dateModified":"2026-04-01T23:20:48+00:00","description":"Turron Alicante 5+1 Pack: disfruta de una variedad crocante para compartir u ofrecer.","breadcrumb":{"@id":"https:\/\/relaisgourmet.com\/es\/producto\/alicante-turron-pack-dificil-51\/#breadcrumb"},"inLanguage":"es","potentialAction":[{"@type":"ReadAction","target":["https:\/\/relaisgourmet.com\/es\/producto\/alicante-turron-pack-dificil-51\/"]}]},{"@type":"ImageObject","inLanguage":"es","@id":"https:\/\/relaisgourmet.com\/es\/producto\/alicante-turron-pack-dificil-51\/#primaryimage","url":"https:\/\/relaisgourmet.com\/wp-content\/uploads\/2026\/03\/Pack-de-6-Alicante-pyramide-min.png","contentUrl":"https:\/\/relaisgourmet.com\/wp-content\/uploads\/2026\/03\/Pack-de-6-Alicante-pyramide-min.png","width":1000,"height":1000},{"@type":"BreadcrumbList","@id":"https:\/\/relaisgourmet.com\/es\/producto\/alicante-turron-pack-dificil-51\/#breadcrumb","itemListElement":[{"@type":"ListItem","position":1,"name":"Inicio","item":"https:\/\/relaisgourmet.com\/es\/inicio\/"},{"@type":"ListItem","position":2,"name":"Todos nuestros productos","item":"https:\/\/relaisgourmet.com\/es\/tienda\/"},{"@type":"ListItem","position":3,"name":"Alicante Turron Pack (Dif\u00edcil) (5+1)"}]},{"@type":"WebSite","@id":"https:\/\/relaisgourmet.com\/es\/#website","url":"https:\/\/relaisgourmet.com\/es\/","name":"Relais Gourmet","description":"Foie Gras 100% Fran\u00e7ais","publisher":{"@id":"https:\/\/relaisgourmet.com\/es\/#organization"},"potentialAction":[{"@type":"SearchAction","target":{"@type":"EntryPoint","urlTemplate":"https:\/\/relaisgourmet.com\/es\/?s={search_term_string}"},"query-input":{"@type":"PropertyValueSpecification","valueRequired":true,"valueName":"search_term_string"}}],"inLanguage":"es"},{"@type":"Organization","@id":"https:\/\/relaisgourmet.com\/es\/#organization","name":"Relais Gourmet","url":"https:\/\/relaisgourmet.com\/es\/","logo":{"@type":"ImageObject","inLanguage":"es","@id":"https:\/\/relaisgourmet.com\/es\/#\/schema\/logo\/image\/","url":"https:\/\/relaisgourmet.com\/wp-content\/uploads\/2026\/03\/yoast-logo-2-relais-gourmet-.png","contentUrl":"https:\/\/relaisgourmet.com\/wp-content\/uploads\/2026\/03\/yoast-logo-2-relais-gourmet-.png","width":1200,"height":675,"caption":"Relais Gourmet"},"image":{"@id":"https:\/\/relaisgourmet.com\/es\/#\/schema\/logo\/image\/"},"sameAs":["https:\/\/www.facebook.com\/relaisgourmet\/","https:\/\/x.com\/relaisgourmet64","https:\/\/www.instagram.com\/relaisgourmetofficiel","https:\/\/www.pinterest.fr\/relaisgourmet\/"],"email":"yaqueche@relaisgourmet.com","telephone":"+33 0 5 40 07 07 65","legalName":"Relais Gourmet","vatID":"FR13482415015","taxID":"482415015"}]}},"_links":{"self":[{"href":"https:\/\/relaisgourmet.com\/es\/wp-json\/wp\/v2\/product\/64775","targetHints":{"allow":["GET"]}}],"collection":[{"href":"https:\/\/relaisgourmet.com\/es\/wp-json\/wp\/v2\/product"}],"about":[{"href":"https:\/\/relaisgourmet.com\/es\/wp-json\/wp\/v2\/types\/product"}],"replies":[{"embeddable":true,"href":"https:\/\/relaisgourmet.com\/es\/wp-json\/wp\/v2\/comments?post=64775"}],"wp:featuredmedia":[{"embeddable":true,"href":"https:\/\/relaisgourmet.com\/es\/wp-json\/wp\/v2\/media\/64776"}],"wp:attachment":[{"href":"https:\/\/relaisgourmet.com\/es\/wp-json\/wp\/v2\/media?parent=64775"}],"wp:term":[{"taxonomy":"product_brand","embeddable":true,"href":"https:\/\/relaisgourmet.com\/es\/wp-json\/wp\/v2\/product_brand?post=64775"},{"taxonomy":"product_cat","embeddable":true,"href":"https:\/\/relaisgourmet.com\/es\/wp-json\/wp\/v2\/product_cat?post=64775"},{"taxonomy":"product_tag","embeddable":true,"href":"https:\/\/relaisgourmet.com\/es\/wp-json\/wp\/v2\/product_tag?post=64775"},{"taxonomy":"giftcard-category","embeddable":true,"href":"https:\/\/relaisgourmet.com\/es\/wp-json\/wp\/v2\/giftcard-category?post=64775"}],"curies":[{"name":"wp","href":"https:\/\/api.w.org\/{rel}","templated":true}]}}